{"id":34374,"date":"2025-12-12T18:51:57","date_gmt":"2025-12-12T17:51:57","guid":{"rendered":"https:\/\/test.ecbeaute.com\/?post_type=product&#038;p=34374"},"modified":"2025-12-12T18:52:02","modified_gmt":"2025-12-12T17:52:02","slug":"vichy-deodorant-detranspirant-72h-invisible-homme-50-ml-2","status":"publish","type":"product","link":"https:\/\/paracherkaoui.ma\/index.php\/produit\/vichy-deodorant-detranspirant-72h-invisible-homme-50-ml-2\/","title":{"rendered":"VICHY DEODORANT DETRANSPIRANT 72H INVISIBLE HOMME 50 ML"},"content":{"rendered":"<p>Sa formule enrichie en Perlite, un actif d\u2019origine naturelle issu de roche volcanique, absorbe efficacement l\u2019humidit\u00e9 pour garder vos aisselles s\u00e8ches, fra\u00eeches et sans odeurs. Ce min\u00e9ral booste \u00e9galement les performances des agents d\u00e9odorants pour une efficacit\u00e9 prouv\u00e9e, valid\u00e9e par 90 % des utilisateurs.<br \/>\nGr\u00e2ce \u00e0 la technologie Invisi-Lock test\u00e9e par l\u2019Institut Fran\u00e7ais du Textile et de l\u2019Habillement (IFTH), ce d\u00e9odorant ne laisse aucune trace blanche sur les v\u00eatements fonc\u00e9s, ni de traces jaunes sur les textiles clairs. Il pr\u00e9vient \u00e9galement les d\u00e9p\u00f4ts pouvant rigidifier les tissus.<br \/>\nFormul\u00e9 sans alcool, sans parab\u00e8ne et hypoallerg\u00e9nique, ce d\u00e9odorant respecte la peau et minimise les risques d\u2019irritation. Il est test\u00e9 sous contr\u00f4le dermatologique, garantissant une tol\u00e9rance optimale, m\u00eame pour les peaux les plus sensibles.<br \/>\nSon format compact 50 ml en stick est pratique pour le transport et l\u2019application, id\u00e9al pour un usage quotidien ou en d\u00e9placement.<br \/>\nConseils d\u2019utilisation<br \/>\nAppliquez quotidiennement sur des aisselles propres et s\u00e8ches. Ne pas appliquer sur une peau irrit\u00e9e ou apr\u00e8s le rasage. Laisser s\u00e9cher avant de s\u2019habiller.<br \/>\nComposition<br \/>\nAqua\/Water, Aluminum Chlorohydrate, PPG-26-Buteth-26, Steareth-100\/PEG-136\/HDI Copolymer, Parfum\/Fragrance, PEG-40 Hydrogenated Castor Oil, Caprylyl Glycol<\/p>\n","protected":false},"excerpt":{"rendered":"<p>Sa formule enrichie en Perlite, un actif d\u2019origine naturelle issu de roche volcanique, absorbe efficacement l\u2019humidit\u00e9 pour garder vos aisselles<\/p>\n","protected":false},"featured_media":14212,"comment_status":"open","ping_status":"closed","template":"","meta":[],"product_brand":[139],"product_cat":[623],"product_tag":[],"class_list":{"0":"post-34374","1":"product","2":"type-product","3":"status-publish","4":"has-post-thumbnail","6":"product_brand-vichy","7":"product_cat-anti-transpirants-et-traitements-anti-transpirants","9":"first","10":"instock","11":"sale","12":"shipping-taxable","13":"purchasable","14":"product-type-simple"},"yoast_head":"<!-- This site is optimized with the Yoast SEO plugin v26.6 - https:\/\/yoast.com\/wordpress\/plugins\/seo\/ -->\r\n<title>VICHY DEODORANT DETRANSPIRANT 72H INVISIBLE HOMME 50 ML - Paracherkaoui.ma<\/title>\r\n<meta name=\"robots\" content=\"index, follow, max-snippet:-1, max-image-preview:large, max-video-preview:-1\" \/>\r\n<link rel=\"canonical\" href=\"https:\/\/paracherkaoui.ma\/index.php\/produit\/vichy-deodorant-detranspirant-72h-invisible-homme-50-ml-2\/\" \/>\r\n<meta property=\"og:locale\" content=\"fr_FR\" \/>\r\n<meta property=\"og:type\" content=\"article\" \/>\r\n<meta property=\"og:title\" content=\"VICHY DEODORANT DETRANSPIRANT 72H INVISIBLE HOMME 50 ML - Paracherkaoui.ma\" \/>\r\n<meta property=\"og:description\" content=\"Sa formule enrichie en Perlite, un actif d\u2019origine naturelle issu de roche volcanique, absorbe efficacement l\u2019humidit\u00e9 pour garder vos aisselles\" \/>\r\n<meta property=\"og:url\" content=\"https:\/\/paracherkaoui.ma\/index.php\/produit\/vichy-deodorant-detranspirant-72h-invisible-homme-50-ml-2\/\" \/>\r\n<meta property=\"og:site_name\" content=\"Paracherkaoui.ma\" \/>\r\n<meta property=\"article:modified_time\" content=\"2025-12-12T17:52:02+00:00\" \/>\r\n<meta property=\"og:image\" content=\"https:\/\/paracherkaoui.ma\/wp-content\/uploads\/2025\/12\/vichy-vichy-deodorant-detranspirant-72h-invisible-homme-50-ml-deodorants.jpg\" \/>\r\n\t<meta property=\"og:image:width\" content=\"700\" \/>\r\n\t<meta property=\"og:image:height\" content=\"700\" \/>\r\n\t<meta property=\"og:image:type\" content=\"image\/jpeg\" \/>\r\n<meta name=\"twitter:card\" content=\"summary_large_image\" \/>\r\n<meta name=\"twitter:label1\" content=\"Dur\u00e9e de lecture estim\u00e9e\" \/>\n\t<meta name=\"twitter:data1\" content=\"1 minute\" \/>\r\n<script type=\"application\/ld+json\" class=\"yoast-schema-graph\">{\"@context\":\"https:\/\/schema.org\",\"@graph\":[{\"@type\":\"WebPage\",\"@id\":\"https:\/\/paracherkaoui.ma\/index.php\/produit\/vichy-deodorant-detranspirant-72h-invisible-homme-50-ml-2\/\",\"url\":\"https:\/\/paracherkaoui.ma\/index.php\/produit\/vichy-deodorant-detranspirant-72h-invisible-homme-50-ml-2\/\",\"name\":\"VICHY DEODORANT DETRANSPIRANT 72H INVISIBLE HOMME 50 ML - Paracherkaoui.ma\",\"isPartOf\":{\"@id\":\"https:\/\/paracherkaoui.ma\/#website\"},\"primaryImageOfPage\":{\"@id\":\"https:\/\/paracherkaoui.ma\/index.php\/produit\/vichy-deodorant-detranspirant-72h-invisible-homme-50-ml-2\/#primaryimage\"},\"image\":{\"@id\":\"https:\/\/paracherkaoui.ma\/index.php\/produit\/vichy-deodorant-detranspirant-72h-invisible-homme-50-ml-2\/#primaryimage\"},\"thumbnailUrl\":\"https:\/\/paracherkaoui.ma\/wp-content\/uploads\/2025\/12\/vichy-vichy-deodorant-detranspirant-72h-invisible-homme-50-ml-deodorants.jpg\",\"datePublished\":\"2025-12-12T17:51:57+00:00\",\"dateModified\":\"2025-12-12T17:52:02+00:00\",\"breadcrumb\":{\"@id\":\"https:\/\/paracherkaoui.ma\/index.php\/produit\/vichy-deodorant-detranspirant-72h-invisible-homme-50-ml-2\/#breadcrumb\"},\"inLanguage\":\"fr-FR\",\"potentialAction\":[{\"@type\":\"ReadAction\",\"target\":[\"https:\/\/paracherkaoui.ma\/index.php\/produit\/vichy-deodorant-detranspirant-72h-invisible-homme-50-ml-2\/\"]}]},{\"@type\":\"ImageObject\",\"inLanguage\":\"fr-FR\",\"@id\":\"https:\/\/paracherkaoui.ma\/index.php\/produit\/vichy-deodorant-detranspirant-72h-invisible-homme-50-ml-2\/#primaryimage\",\"url\":\"https:\/\/paracherkaoui.ma\/wp-content\/uploads\/2025\/12\/vichy-vichy-deodorant-detranspirant-72h-invisible-homme-50-ml-deodorants.jpg\",\"contentUrl\":\"https:\/\/paracherkaoui.ma\/wp-content\/uploads\/2025\/12\/vichy-vichy-deodorant-detranspirant-72h-invisible-homme-50-ml-deodorants.jpg\",\"width\":700,\"height\":700},{\"@type\":\"BreadcrumbList\",\"@id\":\"https:\/\/paracherkaoui.ma\/index.php\/produit\/vichy-deodorant-detranspirant-72h-invisible-homme-50-ml-2\/#breadcrumb\",\"itemListElement\":[{\"@type\":\"ListItem\",\"position\":1,\"name\":\"Accueil\",\"item\":\"https:\/\/paracherkaoui.ma\/\"},{\"@type\":\"ListItem\",\"position\":2,\"name\":\"Boutique\",\"item\":\"https:\/\/paracherkaoui.ma\/index.php\/boutique\/\"},{\"@type\":\"ListItem\",\"position\":3,\"name\":\"VICHY DEODORANT DETRANSPIRANT 72H INVISIBLE HOMME 50 ML\"}]},{\"@type\":\"WebSite\",\"@id\":\"https:\/\/paracherkaoui.ma\/#website\",\"url\":\"https:\/\/paracherkaoui.ma\/\",\"name\":\"Paracherkaoui.ma\",\"description\":\"Achetez en ligne sur Paracherkaoui.ma\",\"potentialAction\":[{\"@type\":\"SearchAction\",\"target\":{\"@type\":\"EntryPoint\",\"urlTemplate\":\"https:\/\/paracherkaoui.ma\/?s={search_term_string}\"},\"query-input\":{\"@type\":\"PropertyValueSpecification\",\"valueRequired\":true,\"valueName\":\"search_term_string\"}}],\"inLanguage\":\"fr-FR\"}]}<\/script>\r\n<!-- \/ Yoast SEO plugin. -->","yoast_head_json":{"title":"VICHY DEODORANT DETRANSPIRANT 72H INVISIBLE HOMME 50 ML - Paracherkaoui.ma","robots":{"index":"index","follow":"follow","max-snippet":"max-snippet:-1","max-image-preview":"max-image-preview:large","max-video-preview":"max-video-preview:-1"},"canonical":"https:\/\/paracherkaoui.ma\/index.php\/produit\/vichy-deodorant-detranspirant-72h-invisible-homme-50-ml-2\/","og_locale":"fr_FR","og_type":"article","og_title":"VICHY DEODORANT DETRANSPIRANT 72H INVISIBLE HOMME 50 ML - Paracherkaoui.ma","og_description":"Sa formule enrichie en Perlite, un actif d\u2019origine naturelle issu de roche volcanique, absorbe efficacement l\u2019humidit\u00e9 pour garder vos aisselles","og_url":"https:\/\/paracherkaoui.ma\/index.php\/produit\/vichy-deodorant-detranspirant-72h-invisible-homme-50-ml-2\/","og_site_name":"Paracherkaoui.ma","article_modified_time":"2025-12-12T17:52:02+00:00","og_image":[{"width":700,"height":700,"url":"https:\/\/paracherkaoui.ma\/wp-content\/uploads\/2025\/12\/vichy-vichy-deodorant-detranspirant-72h-invisible-homme-50-ml-deodorants.jpg","type":"image\/jpeg"}],"twitter_card":"summary_large_image","twitter_misc":{"Dur\u00e9e de lecture estim\u00e9e":"1 minute"},"schema":{"@context":"https:\/\/schema.org","@graph":[{"@type":"WebPage","@id":"https:\/\/paracherkaoui.ma\/index.php\/produit\/vichy-deodorant-detranspirant-72h-invisible-homme-50-ml-2\/","url":"https:\/\/paracherkaoui.ma\/index.php\/produit\/vichy-deodorant-detranspirant-72h-invisible-homme-50-ml-2\/","name":"VICHY DEODORANT DETRANSPIRANT 72H INVISIBLE HOMME 50 ML - Paracherkaoui.ma","isPartOf":{"@id":"https:\/\/paracherkaoui.ma\/#website"},"primaryImageOfPage":{"@id":"https:\/\/paracherkaoui.ma\/index.php\/produit\/vichy-deodorant-detranspirant-72h-invisible-homme-50-ml-2\/#primaryimage"},"image":{"@id":"https:\/\/paracherkaoui.ma\/index.php\/produit\/vichy-deodorant-detranspirant-72h-invisible-homme-50-ml-2\/#primaryimage"},"thumbnailUrl":"https:\/\/paracherkaoui.ma\/wp-content\/uploads\/2025\/12\/vichy-vichy-deodorant-detranspirant-72h-invisible-homme-50-ml-deodorants.jpg","datePublished":"2025-12-12T17:51:57+00:00","dateModified":"2025-12-12T17:52:02+00:00","breadcrumb":{"@id":"https:\/\/paracherkaoui.ma\/index.php\/produit\/vichy-deodorant-detranspirant-72h-invisible-homme-50-ml-2\/#breadcrumb"},"inLanguage":"fr-FR","potentialAction":[{"@type":"ReadAction","target":["https:\/\/paracherkaoui.ma\/index.php\/produit\/vichy-deodorant-detranspirant-72h-invisible-homme-50-ml-2\/"]}]},{"@type":"ImageObject","inLanguage":"fr-FR","@id":"https:\/\/paracherkaoui.ma\/index.php\/produit\/vichy-deodorant-detranspirant-72h-invisible-homme-50-ml-2\/#primaryimage","url":"https:\/\/paracherkaoui.ma\/wp-content\/uploads\/2025\/12\/vichy-vichy-deodorant-detranspirant-72h-invisible-homme-50-ml-deodorants.jpg","contentUrl":"https:\/\/paracherkaoui.ma\/wp-content\/uploads\/2025\/12\/vichy-vichy-deodorant-detranspirant-72h-invisible-homme-50-ml-deodorants.jpg","width":700,"height":700},{"@type":"BreadcrumbList","@id":"https:\/\/paracherkaoui.ma\/index.php\/produit\/vichy-deodorant-detranspirant-72h-invisible-homme-50-ml-2\/#breadcrumb","itemListElement":[{"@type":"ListItem","position":1,"name":"Accueil","item":"https:\/\/paracherkaoui.ma\/"},{"@type":"ListItem","position":2,"name":"Boutique","item":"https:\/\/paracherkaoui.ma\/index.php\/boutique\/"},{"@type":"ListItem","position":3,"name":"VICHY DEODORANT DETRANSPIRANT 72H INVISIBLE HOMME 50 ML"}]},{"@type":"WebSite","@id":"https:\/\/paracherkaoui.ma\/#website","url":"https:\/\/paracherkaoui.ma\/","name":"Paracherkaoui.ma","description":"Achetez en ligne sur Paracherkaoui.ma","potentialAction":[{"@type":"SearchAction","target":{"@type":"EntryPoint","urlTemplate":"https:\/\/paracherkaoui.ma\/?s={search_term_string}"},"query-input":{"@type":"PropertyValueSpecification","valueRequired":true,"valueName":"search_term_string"}}],"inLanguage":"fr-FR"}]}},"_links":{"self":[{"href":"https:\/\/paracherkaoui.ma\/index.php\/wp-json\/wp\/v2\/product\/34374","targetHints":{"allow":["GET"]}}],"collection":[{"href":"https:\/\/paracherkaoui.ma\/index.php\/wp-json\/wp\/v2\/product"}],"about":[{"href":"https:\/\/paracherkaoui.ma\/index.php\/wp-json\/wp\/v2\/types\/product"}],"replies":[{"embeddable":true,"href":"https:\/\/paracherkaoui.ma\/index.php\/wp-json\/wp\/v2\/comments?post=34374"}],"version-history":[{"count":1,"href":"https:\/\/paracherkaoui.ma\/index.php\/wp-json\/wp\/v2\/product\/34374\/revisions"}],"predecessor-version":[{"id":34417,"href":"https:\/\/paracherkaoui.ma\/index.php\/wp-json\/wp\/v2\/product\/34374\/revisions\/34417"}],"wp:featuredmedia":[{"embeddable":true,"href":"https:\/\/paracherkaoui.ma\/index.php\/wp-json\/wp\/v2\/media\/14212"}],"wp:attachment":[{"href":"https:\/\/paracherkaoui.ma\/index.php\/wp-json\/wp\/v2\/media?parent=34374"}],"wp:term":[{"taxonomy":"product_brand","embeddable":true,"href":"https:\/\/paracherkaoui.ma\/index.php\/wp-json\/wp\/v2\/product_brand?post=34374"},{"taxonomy":"product_cat","embeddable":true,"href":"https:\/\/paracherkaoui.ma\/index.php\/wp-json\/wp\/v2\/product_cat?post=34374"},{"taxonomy":"product_tag","embeddable":true,"href":"https:\/\/paracherkaoui.ma\/index.php\/wp-json\/wp\/v2\/product_tag?post=34374"}],"curies":[{"name":"wp","href":"https:\/\/api.w.org\/{rel}","templated":true}]}}