{"id":34371,"date":"2025-12-12T18:51:57","date_gmt":"2025-12-12T17:51:57","guid":{"rendered":"https:\/\/test.ecbeaute.com\/?post_type=product&#038;p=34371"},"modified":"2025-12-12T18:52:01","modified_gmt":"2025-12-12T17:52:01","slug":"vichy-deodorant-anti-transpirant-48-h-anti-traces-blanches-et-jaunes-spray-125-ml-2","status":"publish","type":"product","link":"https:\/\/paracherkaoui.ma\/index.php\/produit\/vichy-deodorant-anti-transpirant-48-h-anti-traces-blanches-et-jaunes-spray-125-ml-2\/","title":{"rendered":"VICHY DEODORANT ANTI TRANSPIRANT 48 H ANTI TRACES BLANCHES ET JAUNES SPRAY 125 ML"},"content":{"rendered":"<p>Formul\u00e9 avec des sels d\u2019aluminium, il r\u00e9gule efficacement la transpiration et lutte contre le d\u00e9veloppement des mauvaises odeurs caus\u00e9es par les bact\u00e9ries. L\u2019eau thermale de Vichy, riche en min\u00e9raux, apporte une action apaisante et hydratante, id\u00e9ale pour les peaux sujettes aux irritations. Enfin, la dim\u00e9thicone, un agent \u00e9mollient, forme un film protecteur sur la peau, la rendant plus douce et r\u00e9sistante aux agressions ext\u00e9rieures.<br \/>\nSa texture fra\u00eeche et l\u00e9g\u00e8re s\u00e8che rapidement sans laisser de film gras ni de r\u00e9sidus. Gr\u00e2ce \u00e0 sa formule innovante, il ne laisse ni traces blanches sur les v\u00eatements fonc\u00e9s, ni traces jaunes sur les v\u00eatements clairs, et convient parfaitement \u00e0 un usage quotidien.<br \/>\nHypoallerg\u00e9nique, sans alcool et sans parab\u00e8ne, ce soin a \u00e9t\u00e9 test\u00e9 sous contr\u00f4le dermatologique pour garantir une tol\u00e9rance optimale.<br \/>\nConseils d\u2019utilisation<br \/>\nPour une efficacit\u00e9 maximale<br \/>\nAppliquez sur une peau propre et s\u00e8che.<br \/>\nSecouez l\u00e9g\u00e8rement le flacon avant usage.<br \/>\nTenez l\u2019a\u00e9rosol \u00e0 environ 15 cm des aisselles.<br \/>\nPulv\u00e9risez uniform\u00e9ment sans exc\u00e8s.<br \/>\n\u00c9vitez l\u2019utilisation sur peau irrit\u00e9e ou fra\u00eechement ras\u00e9e.<br \/>\nComposition<br \/>\nIsobutane, Aqua \/ Water, Dimethicone, Aluminum Chlorohydrate, Phenoxyethanol, Lauryl PEG-9 Polydimethylsiloxyethyl Dimethicone, Tetrasodium Glutamate Diacetate, Dimethiconol, Parfum \/ Fragrance<\/p>\n","protected":false},"excerpt":{"rendered":"<p>Formul\u00e9 avec des sels d\u2019aluminium, il r\u00e9gule efficacement la transpiration et lutte contre le d\u00e9veloppement des mauvaises odeurs caus\u00e9es par<\/p>\n","protected":false},"featured_media":14176,"comment_status":"open","ping_status":"closed","template":"","meta":[],"product_brand":[139],"product_cat":[623],"product_tag":[],"class_list":{"0":"post-34371","1":"product","2":"type-product","3":"status-publish","4":"has-post-thumbnail","6":"product_brand-vichy","7":"product_cat-anti-transpirants-et-traitements-anti-transpirants","9":"first","10":"instock","11":"sale","12":"shipping-taxable","13":"purchasable","14":"product-type-simple"},"yoast_head":"<!-- This site is optimized with the Yoast SEO plugin v26.6 - https:\/\/yoast.com\/wordpress\/plugins\/seo\/ -->\r\n<title>VICHY DEODORANT ANTI TRANSPIRANT 48 H ANTI TRACES BLANCHES ET JAUNES SPRAY 125 ML - Paracherkaoui.ma<\/title>\r\n<meta name=\"robots\" content=\"index, follow, max-snippet:-1, max-image-preview:large, max-video-preview:-1\" \/>\r\n<link rel=\"canonical\" href=\"https:\/\/paracherkaoui.ma\/index.php\/produit\/vichy-deodorant-anti-transpirant-48-h-anti-traces-blanches-et-jaunes-spray-125-ml-2\/\" \/>\r\n<meta property=\"og:locale\" content=\"fr_FR\" \/>\r\n<meta property=\"og:type\" content=\"article\" \/>\r\n<meta property=\"og:title\" content=\"VICHY DEODORANT ANTI TRANSPIRANT 48 H ANTI TRACES BLANCHES ET JAUNES SPRAY 125 ML - Paracherkaoui.ma\" \/>\r\n<meta property=\"og:description\" content=\"Formul\u00e9 avec des sels d\u2019aluminium, il r\u00e9gule efficacement la transpiration et lutte contre le d\u00e9veloppement des mauvaises odeurs caus\u00e9es par\" \/>\r\n<meta property=\"og:url\" content=\"https:\/\/paracherkaoui.ma\/index.php\/produit\/vichy-deodorant-anti-transpirant-48-h-anti-traces-blanches-et-jaunes-spray-125-ml-2\/\" \/>\r\n<meta property=\"og:site_name\" content=\"Paracherkaoui.ma\" \/>\r\n<meta property=\"article:modified_time\" content=\"2025-12-12T17:52:01+00:00\" \/>\r\n<meta property=\"og:image\" content=\"https:\/\/paracherkaoui.ma\/wp-content\/uploads\/2025\/12\/vichy-vichy-deodorant-anti-transpirant-48-h-anti-traces-blanches-et-jaunes-spray-125-ml-deodorants.jpg\" \/>\r\n\t<meta property=\"og:image:width\" content=\"700\" \/>\r\n\t<meta property=\"og:image:height\" content=\"700\" \/>\r\n\t<meta property=\"og:image:type\" content=\"image\/jpeg\" \/>\r\n<meta name=\"twitter:card\" content=\"summary_large_image\" \/>\r\n<meta name=\"twitter:label1\" content=\"Dur\u00e9e de lecture estim\u00e9e\" \/>\n\t<meta name=\"twitter:data1\" content=\"1 minute\" \/>\r\n<script type=\"application\/ld+json\" class=\"yoast-schema-graph\">{\"@context\":\"https:\/\/schema.org\",\"@graph\":[{\"@type\":\"WebPage\",\"@id\":\"https:\/\/paracherkaoui.ma\/index.php\/produit\/vichy-deodorant-anti-transpirant-48-h-anti-traces-blanches-et-jaunes-spray-125-ml-2\/\",\"url\":\"https:\/\/paracherkaoui.ma\/index.php\/produit\/vichy-deodorant-anti-transpirant-48-h-anti-traces-blanches-et-jaunes-spray-125-ml-2\/\",\"name\":\"VICHY DEODORANT ANTI TRANSPIRANT 48 H ANTI TRACES BLANCHES ET JAUNES SPRAY 125 ML - Paracherkaoui.ma\",\"isPartOf\":{\"@id\":\"https:\/\/paracherkaoui.ma\/#website\"},\"primaryImageOfPage\":{\"@id\":\"https:\/\/paracherkaoui.ma\/index.php\/produit\/vichy-deodorant-anti-transpirant-48-h-anti-traces-blanches-et-jaunes-spray-125-ml-2\/#primaryimage\"},\"image\":{\"@id\":\"https:\/\/paracherkaoui.ma\/index.php\/produit\/vichy-deodorant-anti-transpirant-48-h-anti-traces-blanches-et-jaunes-spray-125-ml-2\/#primaryimage\"},\"thumbnailUrl\":\"https:\/\/paracherkaoui.ma\/wp-content\/uploads\/2025\/12\/vichy-vichy-deodorant-anti-transpirant-48-h-anti-traces-blanches-et-jaunes-spray-125-ml-deodorants.jpg\",\"datePublished\":\"2025-12-12T17:51:57+00:00\",\"dateModified\":\"2025-12-12T17:52:01+00:00\",\"breadcrumb\":{\"@id\":\"https:\/\/paracherkaoui.ma\/index.php\/produit\/vichy-deodorant-anti-transpirant-48-h-anti-traces-blanches-et-jaunes-spray-125-ml-2\/#breadcrumb\"},\"inLanguage\":\"fr-FR\",\"potentialAction\":[{\"@type\":\"ReadAction\",\"target\":[\"https:\/\/paracherkaoui.ma\/index.php\/produit\/vichy-deodorant-anti-transpirant-48-h-anti-traces-blanches-et-jaunes-spray-125-ml-2\/\"]}]},{\"@type\":\"ImageObject\",\"inLanguage\":\"fr-FR\",\"@id\":\"https:\/\/paracherkaoui.ma\/index.php\/produit\/vichy-deodorant-anti-transpirant-48-h-anti-traces-blanches-et-jaunes-spray-125-ml-2\/#primaryimage\",\"url\":\"https:\/\/paracherkaoui.ma\/wp-content\/uploads\/2025\/12\/vichy-vichy-deodorant-anti-transpirant-48-h-anti-traces-blanches-et-jaunes-spray-125-ml-deodorants.jpg\",\"contentUrl\":\"https:\/\/paracherkaoui.ma\/wp-content\/uploads\/2025\/12\/vichy-vichy-deodorant-anti-transpirant-48-h-anti-traces-blanches-et-jaunes-spray-125-ml-deodorants.jpg\",\"width\":700,\"height\":700},{\"@type\":\"BreadcrumbList\",\"@id\":\"https:\/\/paracherkaoui.ma\/index.php\/produit\/vichy-deodorant-anti-transpirant-48-h-anti-traces-blanches-et-jaunes-spray-125-ml-2\/#breadcrumb\",\"itemListElement\":[{\"@type\":\"ListItem\",\"position\":1,\"name\":\"Accueil\",\"item\":\"https:\/\/paracherkaoui.ma\/\"},{\"@type\":\"ListItem\",\"position\":2,\"name\":\"Boutique\",\"item\":\"https:\/\/paracherkaoui.ma\/index.php\/boutique\/\"},{\"@type\":\"ListItem\",\"position\":3,\"name\":\"VICHY DEODORANT ANTI TRANSPIRANT 48 H ANTI TRACES BLANCHES ET JAUNES SPRAY 125 ML\"}]},{\"@type\":\"WebSite\",\"@id\":\"https:\/\/paracherkaoui.ma\/#website\",\"url\":\"https:\/\/paracherkaoui.ma\/\",\"name\":\"Paracherkaoui.ma\",\"description\":\"Achetez en ligne sur Paracherkaoui.ma\",\"potentialAction\":[{\"@type\":\"SearchAction\",\"target\":{\"@type\":\"EntryPoint\",\"urlTemplate\":\"https:\/\/paracherkaoui.ma\/?s={search_term_string}\"},\"query-input\":{\"@type\":\"PropertyValueSpecification\",\"valueRequired\":true,\"valueName\":\"search_term_string\"}}],\"inLanguage\":\"fr-FR\"}]}<\/script>\r\n<!-- \/ Yoast SEO plugin. -->","yoast_head_json":{"title":"VICHY DEODORANT ANTI TRANSPIRANT 48 H ANTI TRACES BLANCHES ET JAUNES SPRAY 125 ML - Paracherkaoui.ma","robots":{"index":"index","follow":"follow","max-snippet":"max-snippet:-1","max-image-preview":"max-image-preview:large","max-video-preview":"max-video-preview:-1"},"canonical":"https:\/\/paracherkaoui.ma\/index.php\/produit\/vichy-deodorant-anti-transpirant-48-h-anti-traces-blanches-et-jaunes-spray-125-ml-2\/","og_locale":"fr_FR","og_type":"article","og_title":"VICHY DEODORANT ANTI TRANSPIRANT 48 H ANTI TRACES BLANCHES ET JAUNES SPRAY 125 ML - Paracherkaoui.ma","og_description":"Formul\u00e9 avec des sels d\u2019aluminium, il r\u00e9gule efficacement la transpiration et lutte contre le d\u00e9veloppement des mauvaises odeurs caus\u00e9es par","og_url":"https:\/\/paracherkaoui.ma\/index.php\/produit\/vichy-deodorant-anti-transpirant-48-h-anti-traces-blanches-et-jaunes-spray-125-ml-2\/","og_site_name":"Paracherkaoui.ma","article_modified_time":"2025-12-12T17:52:01+00:00","og_image":[{"width":700,"height":700,"url":"https:\/\/paracherkaoui.ma\/wp-content\/uploads\/2025\/12\/vichy-vichy-deodorant-anti-transpirant-48-h-anti-traces-blanches-et-jaunes-spray-125-ml-deodorants.jpg","type":"image\/jpeg"}],"twitter_card":"summary_large_image","twitter_misc":{"Dur\u00e9e de lecture estim\u00e9e":"1 minute"},"schema":{"@context":"https:\/\/schema.org","@graph":[{"@type":"WebPage","@id":"https:\/\/paracherkaoui.ma\/index.php\/produit\/vichy-deodorant-anti-transpirant-48-h-anti-traces-blanches-et-jaunes-spray-125-ml-2\/","url":"https:\/\/paracherkaoui.ma\/index.php\/produit\/vichy-deodorant-anti-transpirant-48-h-anti-traces-blanches-et-jaunes-spray-125-ml-2\/","name":"VICHY DEODORANT ANTI TRANSPIRANT 48 H ANTI TRACES BLANCHES ET JAUNES SPRAY 125 ML - Paracherkaoui.ma","isPartOf":{"@id":"https:\/\/paracherkaoui.ma\/#website"},"primaryImageOfPage":{"@id":"https:\/\/paracherkaoui.ma\/index.php\/produit\/vichy-deodorant-anti-transpirant-48-h-anti-traces-blanches-et-jaunes-spray-125-ml-2\/#primaryimage"},"image":{"@id":"https:\/\/paracherkaoui.ma\/index.php\/produit\/vichy-deodorant-anti-transpirant-48-h-anti-traces-blanches-et-jaunes-spray-125-ml-2\/#primaryimage"},"thumbnailUrl":"https:\/\/paracherkaoui.ma\/wp-content\/uploads\/2025\/12\/vichy-vichy-deodorant-anti-transpirant-48-h-anti-traces-blanches-et-jaunes-spray-125-ml-deodorants.jpg","datePublished":"2025-12-12T17:51:57+00:00","dateModified":"2025-12-12T17:52:01+00:00","breadcrumb":{"@id":"https:\/\/paracherkaoui.ma\/index.php\/produit\/vichy-deodorant-anti-transpirant-48-h-anti-traces-blanches-et-jaunes-spray-125-ml-2\/#breadcrumb"},"inLanguage":"fr-FR","potentialAction":[{"@type":"ReadAction","target":["https:\/\/paracherkaoui.ma\/index.php\/produit\/vichy-deodorant-anti-transpirant-48-h-anti-traces-blanches-et-jaunes-spray-125-ml-2\/"]}]},{"@type":"ImageObject","inLanguage":"fr-FR","@id":"https:\/\/paracherkaoui.ma\/index.php\/produit\/vichy-deodorant-anti-transpirant-48-h-anti-traces-blanches-et-jaunes-spray-125-ml-2\/#primaryimage","url":"https:\/\/paracherkaoui.ma\/wp-content\/uploads\/2025\/12\/vichy-vichy-deodorant-anti-transpirant-48-h-anti-traces-blanches-et-jaunes-spray-125-ml-deodorants.jpg","contentUrl":"https:\/\/paracherkaoui.ma\/wp-content\/uploads\/2025\/12\/vichy-vichy-deodorant-anti-transpirant-48-h-anti-traces-blanches-et-jaunes-spray-125-ml-deodorants.jpg","width":700,"height":700},{"@type":"BreadcrumbList","@id":"https:\/\/paracherkaoui.ma\/index.php\/produit\/vichy-deodorant-anti-transpirant-48-h-anti-traces-blanches-et-jaunes-spray-125-ml-2\/#breadcrumb","itemListElement":[{"@type":"ListItem","position":1,"name":"Accueil","item":"https:\/\/paracherkaoui.ma\/"},{"@type":"ListItem","position":2,"name":"Boutique","item":"https:\/\/paracherkaoui.ma\/index.php\/boutique\/"},{"@type":"ListItem","position":3,"name":"VICHY DEODORANT ANTI TRANSPIRANT 48 H ANTI TRACES BLANCHES ET JAUNES SPRAY 125 ML"}]},{"@type":"WebSite","@id":"https:\/\/paracherkaoui.ma\/#website","url":"https:\/\/paracherkaoui.ma\/","name":"Paracherkaoui.ma","description":"Achetez en ligne sur Paracherkaoui.ma","potentialAction":[{"@type":"SearchAction","target":{"@type":"EntryPoint","urlTemplate":"https:\/\/paracherkaoui.ma\/?s={search_term_string}"},"query-input":{"@type":"PropertyValueSpecification","valueRequired":true,"valueName":"search_term_string"}}],"inLanguage":"fr-FR"}]}},"_links":{"self":[{"href":"https:\/\/paracherkaoui.ma\/index.php\/wp-json\/wp\/v2\/product\/34371","targetHints":{"allow":["GET"]}}],"collection":[{"href":"https:\/\/paracherkaoui.ma\/index.php\/wp-json\/wp\/v2\/product"}],"about":[{"href":"https:\/\/paracherkaoui.ma\/index.php\/wp-json\/wp\/v2\/types\/product"}],"replies":[{"embeddable":true,"href":"https:\/\/paracherkaoui.ma\/index.php\/wp-json\/wp\/v2\/comments?post=34371"}],"version-history":[{"count":1,"href":"https:\/\/paracherkaoui.ma\/index.php\/wp-json\/wp\/v2\/product\/34371\/revisions"}],"predecessor-version":[{"id":34414,"href":"https:\/\/paracherkaoui.ma\/index.php\/wp-json\/wp\/v2\/product\/34371\/revisions\/34414"}],"wp:featuredmedia":[{"embeddable":true,"href":"https:\/\/paracherkaoui.ma\/index.php\/wp-json\/wp\/v2\/media\/14176"}],"wp:attachment":[{"href":"https:\/\/paracherkaoui.ma\/index.php\/wp-json\/wp\/v2\/media?parent=34371"}],"wp:term":[{"taxonomy":"product_brand","embeddable":true,"href":"https:\/\/paracherkaoui.ma\/index.php\/wp-json\/wp\/v2\/product_brand?post=34371"},{"taxonomy":"product_cat","embeddable":true,"href":"https:\/\/paracherkaoui.ma\/index.php\/wp-json\/wp\/v2\/product_cat?post=34371"},{"taxonomy":"product_tag","embeddable":true,"href":"https:\/\/paracherkaoui.ma\/index.php\/wp-json\/wp\/v2\/product_tag?post=34371"}],"curies":[{"name":"wp","href":"https:\/\/api.w.org\/{rel}","templated":true}]}}