{"id":34352,"date":"2025-12-12T18:51:56","date_gmt":"2025-12-12T17:51:56","guid":{"rendered":"https:\/\/test.ecbeaute.com\/?post_type=product&#038;p=34352"},"modified":"2025-12-12T18:51:58","modified_gmt":"2025-12-12T17:51:58","slug":"isispharma-secalia-lait-emollient-intense-ultra-peaux-tres-seches-400ml","status":"publish","type":"product","link":"https:\/\/paracherkaoui.ma\/index.php\/produit\/isispharma-secalia-lait-emollient-intense-ultra-peaux-tres-seches-400ml\/","title":{"rendered":"ISISPHARMA Secalia Lait Emollient Intense Ultra Peaux Tres Seches 400ml"},"content":{"rendered":"<p>Combinant 7% de vaseline pour un effet barri\u00e8re protecteur imm\u00e9diat, 15% de glyc\u00e9rine v\u00e9g\u00e9tale pour l\u2019hydratation et de l\u2019huile d\u2019Inca Inchi combin\u00e9e au beurre de karit\u00e9, riches en om\u00e9gas 3, 6 et 9 pour une action r\u00e9paratrice et apaisante, le lait \u00e9mollient intense SECALIA\u00ae Ultra soulage imm\u00e9diatement les sensations d\u00e9sagr\u00e9ables de la peau en crise. Non parfum\u00e9e et con\u00e7ue pour minimiser les risques de r\u00e9actions, sa formule haute tol\u00e9rance convient \u00e0 tous les membres de la famille et notamment \u00e0 l\u2019\u00e9piderme fragile des b\u00e9b\u00e9s. Quant \u00e0 votre peau, elle retrouve enfin tout son confort !<br \/>\nLes atouts du lait \u00e9mollient intense SECALIA\u00ae Ultra :<br \/>\n\u2022 Une texture fra\u00eeche et fluide facile \u00e0 appliquer sur le visage et le corps ;<br \/>\n\u2022 Une efficacit\u00e9 test\u00e9e sous contr\u00f4le dermatologique ;<br \/>\n\u2022 Soulagement instantan\u00e9 dans 100% des cas* ;<br \/>\n\u2022 Jusqu\u2019\u00e0 93 %** d\u2019hydratation en plus apr\u00e8s 2 heures, +36 %** apr\u00e8s 24 heures ;<br \/>\n\u2022 Une diminution de 100 % du score de gravit\u00e9 de la dermatite atopique l\u00e9g\u00e8re, -56,2 % pour les formes s\u00e9v\u00e8res1.<br \/>\nAppliquer sur une peau propre et s\u00e8che, aussi bien sur le visage que sur le corps ! Adapt\u00e9 \u00e0 tous les \u00e2ges.<\/p>\n","protected":false},"excerpt":{"rendered":"<p>Combinant 7% de vaseline pour un effet barri\u00e8re protecteur imm\u00e9diat, 15% de glyc\u00e9rine v\u00e9g\u00e9tale pour l\u2019hydratation et de l\u2019huile d\u2019Inca<\/p>\n","protected":false},"featured_media":34387,"comment_status":"open","ping_status":"closed","template":"","meta":[],"product_brand":[321],"product_cat":[618],"product_tag":[],"class_list":{"0":"post-34352","1":"product","2":"type-product","3":"status-publish","4":"has-post-thumbnail","6":"product_brand-isispharma","7":"product_cat-hydratation-corps-corps","9":"first","10":"instock","11":"sale","12":"shipping-taxable","13":"purchasable","14":"product-type-simple"},"yoast_head":"<!-- This site is optimized with the Yoast SEO plugin v26.6 - https:\/\/yoast.com\/wordpress\/plugins\/seo\/ -->\r\n<title>ISISPHARMA Secalia Lait Emollient Intense Ultra Peaux Tres Seches 400ml - Paracherkaoui.ma<\/title>\r\n<meta name=\"robots\" content=\"index, follow, max-snippet:-1, max-image-preview:large, max-video-preview:-1\" \/>\r\n<link rel=\"canonical\" href=\"https:\/\/paracherkaoui.ma\/index.php\/produit\/isispharma-secalia-lait-emollient-intense-ultra-peaux-tres-seches-400ml\/\" \/>\r\n<meta property=\"og:locale\" content=\"fr_FR\" \/>\r\n<meta property=\"og:type\" content=\"article\" \/>\r\n<meta property=\"og:title\" content=\"ISISPHARMA Secalia Lait Emollient Intense Ultra Peaux Tres Seches 400ml - Paracherkaoui.ma\" \/>\r\n<meta property=\"og:description\" content=\"Combinant 7% de vaseline pour un effet barri\u00e8re protecteur imm\u00e9diat, 15% de glyc\u00e9rine v\u00e9g\u00e9tale pour l\u2019hydratation et de l\u2019huile d\u2019Inca\" \/>\r\n<meta property=\"og:url\" content=\"https:\/\/paracherkaoui.ma\/index.php\/produit\/isispharma-secalia-lait-emollient-intense-ultra-peaux-tres-seches-400ml\/\" \/>\r\n<meta property=\"og:site_name\" content=\"Paracherkaoui.ma\" \/>\r\n<meta property=\"article:modified_time\" content=\"2025-12-12T17:51:58+00:00\" \/>\r\n<meta property=\"og:image\" content=\"https:\/\/paracherkaoui.ma\/wp-content\/uploads\/2025\/12\/isispharma-isispharma-secalia-lait-emollient-intense-ultra-peaux-tres-seches-400ml-corps.jpg\" \/>\r\n\t<meta property=\"og:image:width\" content=\"700\" \/>\r\n\t<meta property=\"og:image:height\" content=\"700\" \/>\r\n\t<meta property=\"og:image:type\" content=\"image\/jpeg\" \/>\r\n<meta name=\"twitter:card\" content=\"summary_large_image\" \/>\r\n<meta name=\"twitter:label1\" content=\"Dur\u00e9e de lecture estim\u00e9e\" \/>\n\t<meta name=\"twitter:data1\" content=\"1 minute\" \/>\r\n<script type=\"application\/ld+json\" class=\"yoast-schema-graph\">{\"@context\":\"https:\/\/schema.org\",\"@graph\":[{\"@type\":\"WebPage\",\"@id\":\"https:\/\/paracherkaoui.ma\/index.php\/produit\/isispharma-secalia-lait-emollient-intense-ultra-peaux-tres-seches-400ml\/\",\"url\":\"https:\/\/paracherkaoui.ma\/index.php\/produit\/isispharma-secalia-lait-emollient-intense-ultra-peaux-tres-seches-400ml\/\",\"name\":\"ISISPHARMA Secalia Lait Emollient Intense Ultra Peaux Tres Seches 400ml - Paracherkaoui.ma\",\"isPartOf\":{\"@id\":\"https:\/\/paracherkaoui.ma\/#website\"},\"primaryImageOfPage\":{\"@id\":\"https:\/\/paracherkaoui.ma\/index.php\/produit\/isispharma-secalia-lait-emollient-intense-ultra-peaux-tres-seches-400ml\/#primaryimage\"},\"image\":{\"@id\":\"https:\/\/paracherkaoui.ma\/index.php\/produit\/isispharma-secalia-lait-emollient-intense-ultra-peaux-tres-seches-400ml\/#primaryimage\"},\"thumbnailUrl\":\"https:\/\/paracherkaoui.ma\/wp-content\/uploads\/2025\/12\/isispharma-isispharma-secalia-lait-emollient-intense-ultra-peaux-tres-seches-400ml-corps.jpg\",\"datePublished\":\"2025-12-12T17:51:56+00:00\",\"dateModified\":\"2025-12-12T17:51:58+00:00\",\"breadcrumb\":{\"@id\":\"https:\/\/paracherkaoui.ma\/index.php\/produit\/isispharma-secalia-lait-emollient-intense-ultra-peaux-tres-seches-400ml\/#breadcrumb\"},\"inLanguage\":\"fr-FR\",\"potentialAction\":[{\"@type\":\"ReadAction\",\"target\":[\"https:\/\/paracherkaoui.ma\/index.php\/produit\/isispharma-secalia-lait-emollient-intense-ultra-peaux-tres-seches-400ml\/\"]}]},{\"@type\":\"ImageObject\",\"inLanguage\":\"fr-FR\",\"@id\":\"https:\/\/paracherkaoui.ma\/index.php\/produit\/isispharma-secalia-lait-emollient-intense-ultra-peaux-tres-seches-400ml\/#primaryimage\",\"url\":\"https:\/\/paracherkaoui.ma\/wp-content\/uploads\/2025\/12\/isispharma-isispharma-secalia-lait-emollient-intense-ultra-peaux-tres-seches-400ml-corps.jpg\",\"contentUrl\":\"https:\/\/paracherkaoui.ma\/wp-content\/uploads\/2025\/12\/isispharma-isispharma-secalia-lait-emollient-intense-ultra-peaux-tres-seches-400ml-corps.jpg\",\"width\":700,\"height\":700},{\"@type\":\"BreadcrumbList\",\"@id\":\"https:\/\/paracherkaoui.ma\/index.php\/produit\/isispharma-secalia-lait-emollient-intense-ultra-peaux-tres-seches-400ml\/#breadcrumb\",\"itemListElement\":[{\"@type\":\"ListItem\",\"position\":1,\"name\":\"Accueil\",\"item\":\"https:\/\/paracherkaoui.ma\/\"},{\"@type\":\"ListItem\",\"position\":2,\"name\":\"Boutique\",\"item\":\"https:\/\/paracherkaoui.ma\/index.php\/boutique\/\"},{\"@type\":\"ListItem\",\"position\":3,\"name\":\"ISISPHARMA Secalia Lait Emollient Intense Ultra Peaux Tres Seches 400ml\"}]},{\"@type\":\"WebSite\",\"@id\":\"https:\/\/paracherkaoui.ma\/#website\",\"url\":\"https:\/\/paracherkaoui.ma\/\",\"name\":\"Paracherkaoui.ma\",\"description\":\"Achetez en ligne sur Paracherkaoui.ma\",\"potentialAction\":[{\"@type\":\"SearchAction\",\"target\":{\"@type\":\"EntryPoint\",\"urlTemplate\":\"https:\/\/paracherkaoui.ma\/?s={search_term_string}\"},\"query-input\":{\"@type\":\"PropertyValueSpecification\",\"valueRequired\":true,\"valueName\":\"search_term_string\"}}],\"inLanguage\":\"fr-FR\"}]}<\/script>\r\n<!-- \/ Yoast SEO plugin. -->","yoast_head_json":{"title":"ISISPHARMA Secalia Lait Emollient Intense Ultra Peaux Tres Seches 400ml - Paracherkaoui.ma","robots":{"index":"index","follow":"follow","max-snippet":"max-snippet:-1","max-image-preview":"max-image-preview:large","max-video-preview":"max-video-preview:-1"},"canonical":"https:\/\/paracherkaoui.ma\/index.php\/produit\/isispharma-secalia-lait-emollient-intense-ultra-peaux-tres-seches-400ml\/","og_locale":"fr_FR","og_type":"article","og_title":"ISISPHARMA Secalia Lait Emollient Intense Ultra Peaux Tres Seches 400ml - Paracherkaoui.ma","og_description":"Combinant 7% de vaseline pour un effet barri\u00e8re protecteur imm\u00e9diat, 15% de glyc\u00e9rine v\u00e9g\u00e9tale pour l\u2019hydratation et de l\u2019huile d\u2019Inca","og_url":"https:\/\/paracherkaoui.ma\/index.php\/produit\/isispharma-secalia-lait-emollient-intense-ultra-peaux-tres-seches-400ml\/","og_site_name":"Paracherkaoui.ma","article_modified_time":"2025-12-12T17:51:58+00:00","og_image":[{"width":700,"height":700,"url":"https:\/\/paracherkaoui.ma\/wp-content\/uploads\/2025\/12\/isispharma-isispharma-secalia-lait-emollient-intense-ultra-peaux-tres-seches-400ml-corps.jpg","type":"image\/jpeg"}],"twitter_card":"summary_large_image","twitter_misc":{"Dur\u00e9e de lecture estim\u00e9e":"1 minute"},"schema":{"@context":"https:\/\/schema.org","@graph":[{"@type":"WebPage","@id":"https:\/\/paracherkaoui.ma\/index.php\/produit\/isispharma-secalia-lait-emollient-intense-ultra-peaux-tres-seches-400ml\/","url":"https:\/\/paracherkaoui.ma\/index.php\/produit\/isispharma-secalia-lait-emollient-intense-ultra-peaux-tres-seches-400ml\/","name":"ISISPHARMA Secalia Lait Emollient Intense Ultra Peaux Tres Seches 400ml - Paracherkaoui.ma","isPartOf":{"@id":"https:\/\/paracherkaoui.ma\/#website"},"primaryImageOfPage":{"@id":"https:\/\/paracherkaoui.ma\/index.php\/produit\/isispharma-secalia-lait-emollient-intense-ultra-peaux-tres-seches-400ml\/#primaryimage"},"image":{"@id":"https:\/\/paracherkaoui.ma\/index.php\/produit\/isispharma-secalia-lait-emollient-intense-ultra-peaux-tres-seches-400ml\/#primaryimage"},"thumbnailUrl":"https:\/\/paracherkaoui.ma\/wp-content\/uploads\/2025\/12\/isispharma-isispharma-secalia-lait-emollient-intense-ultra-peaux-tres-seches-400ml-corps.jpg","datePublished":"2025-12-12T17:51:56+00:00","dateModified":"2025-12-12T17:51:58+00:00","breadcrumb":{"@id":"https:\/\/paracherkaoui.ma\/index.php\/produit\/isispharma-secalia-lait-emollient-intense-ultra-peaux-tres-seches-400ml\/#breadcrumb"},"inLanguage":"fr-FR","potentialAction":[{"@type":"ReadAction","target":["https:\/\/paracherkaoui.ma\/index.php\/produit\/isispharma-secalia-lait-emollient-intense-ultra-peaux-tres-seches-400ml\/"]}]},{"@type":"ImageObject","inLanguage":"fr-FR","@id":"https:\/\/paracherkaoui.ma\/index.php\/produit\/isispharma-secalia-lait-emollient-intense-ultra-peaux-tres-seches-400ml\/#primaryimage","url":"https:\/\/paracherkaoui.ma\/wp-content\/uploads\/2025\/12\/isispharma-isispharma-secalia-lait-emollient-intense-ultra-peaux-tres-seches-400ml-corps.jpg","contentUrl":"https:\/\/paracherkaoui.ma\/wp-content\/uploads\/2025\/12\/isispharma-isispharma-secalia-lait-emollient-intense-ultra-peaux-tres-seches-400ml-corps.jpg","width":700,"height":700},{"@type":"BreadcrumbList","@id":"https:\/\/paracherkaoui.ma\/index.php\/produit\/isispharma-secalia-lait-emollient-intense-ultra-peaux-tres-seches-400ml\/#breadcrumb","itemListElement":[{"@type":"ListItem","position":1,"name":"Accueil","item":"https:\/\/paracherkaoui.ma\/"},{"@type":"ListItem","position":2,"name":"Boutique","item":"https:\/\/paracherkaoui.ma\/index.php\/boutique\/"},{"@type":"ListItem","position":3,"name":"ISISPHARMA Secalia Lait Emollient Intense Ultra Peaux Tres Seches 400ml"}]},{"@type":"WebSite","@id":"https:\/\/paracherkaoui.ma\/#website","url":"https:\/\/paracherkaoui.ma\/","name":"Paracherkaoui.ma","description":"Achetez en ligne sur Paracherkaoui.ma","potentialAction":[{"@type":"SearchAction","target":{"@type":"EntryPoint","urlTemplate":"https:\/\/paracherkaoui.ma\/?s={search_term_string}"},"query-input":{"@type":"PropertyValueSpecification","valueRequired":true,"valueName":"search_term_string"}}],"inLanguage":"fr-FR"}]}},"_links":{"self":[{"href":"https:\/\/paracherkaoui.ma\/index.php\/wp-json\/wp\/v2\/product\/34352","targetHints":{"allow":["GET"]}}],"collection":[{"href":"https:\/\/paracherkaoui.ma\/index.php\/wp-json\/wp\/v2\/product"}],"about":[{"href":"https:\/\/paracherkaoui.ma\/index.php\/wp-json\/wp\/v2\/types\/product"}],"replies":[{"embeddable":true,"href":"https:\/\/paracherkaoui.ma\/index.php\/wp-json\/wp\/v2\/comments?post=34352"}],"version-history":[{"count":1,"href":"https:\/\/paracherkaoui.ma\/index.php\/wp-json\/wp\/v2\/product\/34352\/revisions"}],"predecessor-version":[{"id":34388,"href":"https:\/\/paracherkaoui.ma\/index.php\/wp-json\/wp\/v2\/product\/34352\/revisions\/34388"}],"wp:featuredmedia":[{"embeddable":true,"href":"https:\/\/paracherkaoui.ma\/index.php\/wp-json\/wp\/v2\/media\/34387"}],"wp:attachment":[{"href":"https:\/\/paracherkaoui.ma\/index.php\/wp-json\/wp\/v2\/media?parent=34352"}],"wp:term":[{"taxonomy":"product_brand","embeddable":true,"href":"https:\/\/paracherkaoui.ma\/index.php\/wp-json\/wp\/v2\/product_brand?post=34352"},{"taxonomy":"product_cat","embeddable":true,"href":"https:\/\/paracherkaoui.ma\/index.php\/wp-json\/wp\/v2\/product_cat?post=34352"},{"taxonomy":"product_tag","embeddable":true,"href":"https:\/\/paracherkaoui.ma\/index.php\/wp-json\/wp\/v2\/product_tag?post=34352"}],"curies":[{"name":"wp","href":"https:\/\/api.w.org\/{rel}","templated":true}]}}