{"id":34346,"date":"2025-12-12T18:51:56","date_gmt":"2025-12-12T17:51:56","guid":{"rendered":"https:\/\/test.ecbeaute.com\/?post_type=product&#038;p=34346"},"modified":"2025-12-12T18:51:57","modified_gmt":"2025-12-12T17:51:57","slug":"cetaphil-lotion-hydratante-a-lacide-hyaluronique-peau-seche-et-tres-seche-88-ml-5","status":"publish","type":"product","link":"https:\/\/paracherkaoui.ma\/index.php\/produit\/cetaphil-lotion-hydratante-a-lacide-hyaluronique-peau-seche-et-tres-seche-88-ml-5\/","title":{"rendered":"CETAPHIL LOTION HYDRATANTE A L&rsquo;ACIDE HYALURONIQUE PEAU SECHE ET TRES SECHE 88 ML"},"content":{"rendered":"<p>Peaux normales et tr\u00e8s s\u00e8ches<br \/>\nUn hydratant l\u00e9ger et sans huile qui p\u00e9n\u00e8tre rapidement dans la peau pour lui procurer une hydratation imm\u00e9diate et intense.<br \/>\n\u2022 Lotion \u00e0 l\u2019acide hyaluronique sans huile qui prot\u00e8ge la peau de la s\u00e9cheresse durant 24 heures<br \/>\n\u2022 Convient aux peaux sensibles, normales et s\u00e8ches<br \/>\n\u2022 Produit test\u00e9 par des dermatologues; il est prouv\u00e9 en clinique qu\u2019il est suffisamment doux pour les peaux sensibles<br \/>\nConseils d&rsquo;utilisation :<br \/>\nApr\u00e8s avoir lav\u00e9 la peau, appliquez rapidement la lotion hydratante quotidienne pour procurer imm\u00e9diatement une hydratation intense. La formule \u00e0 l\u2019acide hyaluronique, \u00e0 la glyc\u00e9rine et \u00e0 l\u2019ur\u00e9e prot\u00e8ge la peau de la s\u00e9cheresse durant 24 heures.<\/p>\n","protected":false},"excerpt":{"rendered":"<p>Peaux normales et tr\u00e8s s\u00e8ches Un hydratant l\u00e9ger et sans huile qui p\u00e9n\u00e8tre rapidement dans la peau pour lui procurer<\/p>\n","protected":false},"featured_media":11556,"comment_status":"open","ping_status":"closed","template":"","meta":[],"product_brand":[150],"product_cat":[618],"product_tag":[],"class_list":{"0":"post-34346","1":"product","2":"type-product","3":"status-publish","4":"has-post-thumbnail","6":"product_brand-cetaphil","7":"product_cat-hydratation-corps-corps","9":"first","10":"instock","11":"sale","12":"shipping-taxable","13":"purchasable","14":"product-type-simple"},"yoast_head":"<!-- This site is optimized with the Yoast SEO plugin v26.6 - https:\/\/yoast.com\/wordpress\/plugins\/seo\/ -->\r\n<title>CETAPHIL LOTION HYDRATANTE A L&#039;ACIDE HYALURONIQUE PEAU SECHE ET TRES SECHE 88 ML - Paracherkaoui.ma<\/title>\r\n<meta name=\"robots\" content=\"index, follow, max-snippet:-1, max-image-preview:large, max-video-preview:-1\" \/>\r\n<link rel=\"canonical\" href=\"https:\/\/paracherkaoui.ma\/index.php\/produit\/cetaphil-lotion-hydratante-a-lacide-hyaluronique-peau-seche-et-tres-seche-88-ml-5\/\" \/>\r\n<meta property=\"og:locale\" content=\"fr_FR\" \/>\r\n<meta property=\"og:type\" content=\"article\" \/>\r\n<meta property=\"og:title\" content=\"CETAPHIL LOTION HYDRATANTE A L&#039;ACIDE HYALURONIQUE PEAU SECHE ET TRES SECHE 88 ML - Paracherkaoui.ma\" \/>\r\n<meta property=\"og:description\" content=\"Peaux normales et tr\u00e8s s\u00e8ches Un hydratant l\u00e9ger et sans huile qui p\u00e9n\u00e8tre rapidement dans la peau pour lui procurer\" \/>\r\n<meta property=\"og:url\" content=\"https:\/\/paracherkaoui.ma\/index.php\/produit\/cetaphil-lotion-hydratante-a-lacide-hyaluronique-peau-seche-et-tres-seche-88-ml-5\/\" \/>\r\n<meta property=\"og:site_name\" content=\"Paracherkaoui.ma\" \/>\r\n<meta property=\"article:modified_time\" content=\"2025-12-12T17:51:57+00:00\" \/>\r\n<meta property=\"og:image\" content=\"https:\/\/paracherkaoui.ma\/wp-content\/uploads\/2025\/12\/cetaphil-cetaphil-lotion-hydratante-a-lacide-hyaluronique-peau-seche-et-tres-seche-88-ml-cremes-jour.jpg\" \/>\r\n\t<meta property=\"og:image:width\" content=\"700\" \/>\r\n\t<meta property=\"og:image:height\" content=\"700\" \/>\r\n\t<meta property=\"og:image:type\" content=\"image\/jpeg\" \/>\r\n<meta name=\"twitter:card\" content=\"summary_large_image\" \/>\r\n<meta name=\"twitter:label1\" content=\"Dur\u00e9e de lecture estim\u00e9e\" \/>\n\t<meta name=\"twitter:data1\" content=\"1 minute\" \/>\r\n<script type=\"application\/ld+json\" class=\"yoast-schema-graph\">{\"@context\":\"https:\/\/schema.org\",\"@graph\":[{\"@type\":\"WebPage\",\"@id\":\"https:\/\/paracherkaoui.ma\/index.php\/produit\/cetaphil-lotion-hydratante-a-lacide-hyaluronique-peau-seche-et-tres-seche-88-ml-5\/\",\"url\":\"https:\/\/paracherkaoui.ma\/index.php\/produit\/cetaphil-lotion-hydratante-a-lacide-hyaluronique-peau-seche-et-tres-seche-88-ml-5\/\",\"name\":\"CETAPHIL LOTION HYDRATANTE A L'ACIDE HYALURONIQUE PEAU SECHE ET TRES SECHE 88 ML - Paracherkaoui.ma\",\"isPartOf\":{\"@id\":\"https:\/\/paracherkaoui.ma\/#website\"},\"primaryImageOfPage\":{\"@id\":\"https:\/\/paracherkaoui.ma\/index.php\/produit\/cetaphil-lotion-hydratante-a-lacide-hyaluronique-peau-seche-et-tres-seche-88-ml-5\/#primaryimage\"},\"image\":{\"@id\":\"https:\/\/paracherkaoui.ma\/index.php\/produit\/cetaphil-lotion-hydratante-a-lacide-hyaluronique-peau-seche-et-tres-seche-88-ml-5\/#primaryimage\"},\"thumbnailUrl\":\"https:\/\/paracherkaoui.ma\/wp-content\/uploads\/2025\/12\/cetaphil-cetaphil-lotion-hydratante-a-lacide-hyaluronique-peau-seche-et-tres-seche-88-ml-cremes-jour.jpg\",\"datePublished\":\"2025-12-12T17:51:56+00:00\",\"dateModified\":\"2025-12-12T17:51:57+00:00\",\"breadcrumb\":{\"@id\":\"https:\/\/paracherkaoui.ma\/index.php\/produit\/cetaphil-lotion-hydratante-a-lacide-hyaluronique-peau-seche-et-tres-seche-88-ml-5\/#breadcrumb\"},\"inLanguage\":\"fr-FR\",\"potentialAction\":[{\"@type\":\"ReadAction\",\"target\":[\"https:\/\/paracherkaoui.ma\/index.php\/produit\/cetaphil-lotion-hydratante-a-lacide-hyaluronique-peau-seche-et-tres-seche-88-ml-5\/\"]}]},{\"@type\":\"ImageObject\",\"inLanguage\":\"fr-FR\",\"@id\":\"https:\/\/paracherkaoui.ma\/index.php\/produit\/cetaphil-lotion-hydratante-a-lacide-hyaluronique-peau-seche-et-tres-seche-88-ml-5\/#primaryimage\",\"url\":\"https:\/\/paracherkaoui.ma\/wp-content\/uploads\/2025\/12\/cetaphil-cetaphil-lotion-hydratante-a-lacide-hyaluronique-peau-seche-et-tres-seche-88-ml-cremes-jour.jpg\",\"contentUrl\":\"https:\/\/paracherkaoui.ma\/wp-content\/uploads\/2025\/12\/cetaphil-cetaphil-lotion-hydratante-a-lacide-hyaluronique-peau-seche-et-tres-seche-88-ml-cremes-jour.jpg\",\"width\":700,\"height\":700},{\"@type\":\"BreadcrumbList\",\"@id\":\"https:\/\/paracherkaoui.ma\/index.php\/produit\/cetaphil-lotion-hydratante-a-lacide-hyaluronique-peau-seche-et-tres-seche-88-ml-5\/#breadcrumb\",\"itemListElement\":[{\"@type\":\"ListItem\",\"position\":1,\"name\":\"Accueil\",\"item\":\"https:\/\/paracherkaoui.ma\/\"},{\"@type\":\"ListItem\",\"position\":2,\"name\":\"Boutique\",\"item\":\"https:\/\/paracherkaoui.ma\/index.php\/boutique\/\"},{\"@type\":\"ListItem\",\"position\":3,\"name\":\"CETAPHIL LOTION HYDRATANTE A L&rsquo;ACIDE HYALURONIQUE PEAU SECHE ET TRES SECHE 88 ML\"}]},{\"@type\":\"WebSite\",\"@id\":\"https:\/\/paracherkaoui.ma\/#website\",\"url\":\"https:\/\/paracherkaoui.ma\/\",\"name\":\"Paracherkaoui.ma\",\"description\":\"Achetez en ligne sur Paracherkaoui.ma\",\"potentialAction\":[{\"@type\":\"SearchAction\",\"target\":{\"@type\":\"EntryPoint\",\"urlTemplate\":\"https:\/\/paracherkaoui.ma\/?s={search_term_string}\"},\"query-input\":{\"@type\":\"PropertyValueSpecification\",\"valueRequired\":true,\"valueName\":\"search_term_string\"}}],\"inLanguage\":\"fr-FR\"}]}<\/script>\r\n<!-- \/ Yoast SEO plugin. -->","yoast_head_json":{"title":"CETAPHIL LOTION HYDRATANTE A L'ACIDE HYALURONIQUE PEAU SECHE ET TRES SECHE 88 ML - Paracherkaoui.ma","robots":{"index":"index","follow":"follow","max-snippet":"max-snippet:-1","max-image-preview":"max-image-preview:large","max-video-preview":"max-video-preview:-1"},"canonical":"https:\/\/paracherkaoui.ma\/index.php\/produit\/cetaphil-lotion-hydratante-a-lacide-hyaluronique-peau-seche-et-tres-seche-88-ml-5\/","og_locale":"fr_FR","og_type":"article","og_title":"CETAPHIL LOTION HYDRATANTE A L'ACIDE HYALURONIQUE PEAU SECHE ET TRES SECHE 88 ML - Paracherkaoui.ma","og_description":"Peaux normales et tr\u00e8s s\u00e8ches Un hydratant l\u00e9ger et sans huile qui p\u00e9n\u00e8tre rapidement dans la peau pour lui procurer","og_url":"https:\/\/paracherkaoui.ma\/index.php\/produit\/cetaphil-lotion-hydratante-a-lacide-hyaluronique-peau-seche-et-tres-seche-88-ml-5\/","og_site_name":"Paracherkaoui.ma","article_modified_time":"2025-12-12T17:51:57+00:00","og_image":[{"width":700,"height":700,"url":"https:\/\/paracherkaoui.ma\/wp-content\/uploads\/2025\/12\/cetaphil-cetaphil-lotion-hydratante-a-lacide-hyaluronique-peau-seche-et-tres-seche-88-ml-cremes-jour.jpg","type":"image\/jpeg"}],"twitter_card":"summary_large_image","twitter_misc":{"Dur\u00e9e de lecture estim\u00e9e":"1 minute"},"schema":{"@context":"https:\/\/schema.org","@graph":[{"@type":"WebPage","@id":"https:\/\/paracherkaoui.ma\/index.php\/produit\/cetaphil-lotion-hydratante-a-lacide-hyaluronique-peau-seche-et-tres-seche-88-ml-5\/","url":"https:\/\/paracherkaoui.ma\/index.php\/produit\/cetaphil-lotion-hydratante-a-lacide-hyaluronique-peau-seche-et-tres-seche-88-ml-5\/","name":"CETAPHIL LOTION HYDRATANTE A L'ACIDE HYALURONIQUE PEAU SECHE ET TRES SECHE 88 ML - Paracherkaoui.ma","isPartOf":{"@id":"https:\/\/paracherkaoui.ma\/#website"},"primaryImageOfPage":{"@id":"https:\/\/paracherkaoui.ma\/index.php\/produit\/cetaphil-lotion-hydratante-a-lacide-hyaluronique-peau-seche-et-tres-seche-88-ml-5\/#primaryimage"},"image":{"@id":"https:\/\/paracherkaoui.ma\/index.php\/produit\/cetaphil-lotion-hydratante-a-lacide-hyaluronique-peau-seche-et-tres-seche-88-ml-5\/#primaryimage"},"thumbnailUrl":"https:\/\/paracherkaoui.ma\/wp-content\/uploads\/2025\/12\/cetaphil-cetaphil-lotion-hydratante-a-lacide-hyaluronique-peau-seche-et-tres-seche-88-ml-cremes-jour.jpg","datePublished":"2025-12-12T17:51:56+00:00","dateModified":"2025-12-12T17:51:57+00:00","breadcrumb":{"@id":"https:\/\/paracherkaoui.ma\/index.php\/produit\/cetaphil-lotion-hydratante-a-lacide-hyaluronique-peau-seche-et-tres-seche-88-ml-5\/#breadcrumb"},"inLanguage":"fr-FR","potentialAction":[{"@type":"ReadAction","target":["https:\/\/paracherkaoui.ma\/index.php\/produit\/cetaphil-lotion-hydratante-a-lacide-hyaluronique-peau-seche-et-tres-seche-88-ml-5\/"]}]},{"@type":"ImageObject","inLanguage":"fr-FR","@id":"https:\/\/paracherkaoui.ma\/index.php\/produit\/cetaphil-lotion-hydratante-a-lacide-hyaluronique-peau-seche-et-tres-seche-88-ml-5\/#primaryimage","url":"https:\/\/paracherkaoui.ma\/wp-content\/uploads\/2025\/12\/cetaphil-cetaphil-lotion-hydratante-a-lacide-hyaluronique-peau-seche-et-tres-seche-88-ml-cremes-jour.jpg","contentUrl":"https:\/\/paracherkaoui.ma\/wp-content\/uploads\/2025\/12\/cetaphil-cetaphil-lotion-hydratante-a-lacide-hyaluronique-peau-seche-et-tres-seche-88-ml-cremes-jour.jpg","width":700,"height":700},{"@type":"BreadcrumbList","@id":"https:\/\/paracherkaoui.ma\/index.php\/produit\/cetaphil-lotion-hydratante-a-lacide-hyaluronique-peau-seche-et-tres-seche-88-ml-5\/#breadcrumb","itemListElement":[{"@type":"ListItem","position":1,"name":"Accueil","item":"https:\/\/paracherkaoui.ma\/"},{"@type":"ListItem","position":2,"name":"Boutique","item":"https:\/\/paracherkaoui.ma\/index.php\/boutique\/"},{"@type":"ListItem","position":3,"name":"CETAPHIL LOTION HYDRATANTE A L&rsquo;ACIDE HYALURONIQUE PEAU SECHE ET TRES SECHE 88 ML"}]},{"@type":"WebSite","@id":"https:\/\/paracherkaoui.ma\/#website","url":"https:\/\/paracherkaoui.ma\/","name":"Paracherkaoui.ma","description":"Achetez en ligne sur Paracherkaoui.ma","potentialAction":[{"@type":"SearchAction","target":{"@type":"EntryPoint","urlTemplate":"https:\/\/paracherkaoui.ma\/?s={search_term_string}"},"query-input":{"@type":"PropertyValueSpecification","valueRequired":true,"valueName":"search_term_string"}}],"inLanguage":"fr-FR"}]}},"_links":{"self":[{"href":"https:\/\/paracherkaoui.ma\/index.php\/wp-json\/wp\/v2\/product\/34346","targetHints":{"allow":["GET"]}}],"collection":[{"href":"https:\/\/paracherkaoui.ma\/index.php\/wp-json\/wp\/v2\/product"}],"about":[{"href":"https:\/\/paracherkaoui.ma\/index.php\/wp-json\/wp\/v2\/types\/product"}],"replies":[{"embeddable":true,"href":"https:\/\/paracherkaoui.ma\/index.php\/wp-json\/wp\/v2\/comments?post=34346"}],"version-history":[{"count":1,"href":"https:\/\/paracherkaoui.ma\/index.php\/wp-json\/wp\/v2\/product\/34346\/revisions"}],"predecessor-version":[{"id":34377,"href":"https:\/\/paracherkaoui.ma\/index.php\/wp-json\/wp\/v2\/product\/34346\/revisions\/34377"}],"wp:featuredmedia":[{"embeddable":true,"href":"https:\/\/paracherkaoui.ma\/index.php\/wp-json\/wp\/v2\/media\/11556"}],"wp:attachment":[{"href":"https:\/\/paracherkaoui.ma\/index.php\/wp-json\/wp\/v2\/media?parent=34346"}],"wp:term":[{"taxonomy":"product_brand","embeddable":true,"href":"https:\/\/paracherkaoui.ma\/index.php\/wp-json\/wp\/v2\/product_brand?post=34346"},{"taxonomy":"product_cat","embeddable":true,"href":"https:\/\/paracherkaoui.ma\/index.php\/wp-json\/wp\/v2\/product_cat?post=34346"},{"taxonomy":"product_tag","embeddable":true,"href":"https:\/\/paracherkaoui.ma\/index.php\/wp-json\/wp\/v2\/product_tag?post=34346"}],"curies":[{"name":"wp","href":"https:\/\/api.w.org\/{rel}","templated":true}]}}