{"id":34213,"date":"2025-12-12T18:51:40","date_gmt":"2025-12-12T17:51:40","guid":{"rendered":"https:\/\/test.ecbeaute.com\/?post_type=product&#038;p=34213"},"modified":"2025-12-12T18:51:46","modified_gmt":"2025-12-12T17:51:46","slug":"floxia-creme-cou-raffermissante-50-ml-2","status":"publish","type":"product","link":"https:\/\/paracherkaoui.ma\/index.php\/produit\/floxia-creme-cou-raffermissante-50-ml-2\/","title":{"rendered":"FLOXIA CREME COU RAFFERMISSANTE 50 ML"},"content":{"rendered":"<p>La\u00a0meilleure cr\u00e8me\u00a0pour raffermir la peau du cou et du visage est arriv\u00e9e ! La Cr\u00e8me Cou Raffermissante combat le rel\u00e2chement cutan\u00e9 li\u00e9 aux premiers signes de l\u2019\u00e2ge. Sa formule enrichie en acide L\u00e9ontopodique lisse et hydrate la peau en profondeur. Id\u00e9ale pour les\u00a0peaux matures, la Cr\u00e8me Cou Raffermissante red\u00e9finit les lignes du cou et du d\u00e9collet\u00e9. Ce\u00a0soin anti-rides\u00a0estompe les ridules et raffermit la peau, pour un effet lifting rapide. Le visage, le cou et le d\u00e9collet\u00e9 gagnent en tonicit\u00e9 et en \u00e9lasticit\u00e9 ! Parfaite pour lutter contre le vieillissement de l\u2019\u00e9piderme, sa texture l\u00e9g\u00e8re et non grasse ne colle pas et r\u00e9g\u00e9n\u00e8re la peau. Optez pour une cr\u00e8me de jouvence et retrouvez votre\u00a0peau lisse\u00a0et jeune.<br \/>\nConseils d&rsquo;utilisation:<br \/>\nAppliquez la Cr\u00e8me Cou Raffermissante matin et soir sur une peau propre et s\u00e8che. Versez une noisette du soin sur vos doigts et effectuez des mouvements doux et circulaires sur le visage, dans le cou et dans le d\u00e9collet\u00e9. En cas de contact avec les yeux, rincez abondamment \u00e0 l\u2019eau claire.<\/p>\n","protected":false},"excerpt":{"rendered":"<p>La\u00a0meilleure cr\u00e8me\u00a0pour raffermir la peau du cou et du visage est arriv\u00e9e ! La Cr\u00e8me Cou Raffermissante combat le rel\u00e2chement<\/p>\n","protected":false},"featured_media":32044,"comment_status":"open","ping_status":"closed","template":"","meta":[],"product_brand":[300],"product_cat":[618],"product_tag":[],"class_list":{"0":"post-34213","1":"product","2":"type-product","3":"status-publish","4":"has-post-thumbnail","6":"product_brand-floxia","7":"product_cat-hydratation-corps-corps","9":"first","10":"instock","11":"sale","12":"shipping-taxable","13":"purchasable","14":"product-type-simple"},"yoast_head":"<!-- This site is optimized with the Yoast SEO plugin v26.6 - https:\/\/yoast.com\/wordpress\/plugins\/seo\/ -->\r\n<title>FLOXIA CREME COU RAFFERMISSANTE 50 ML - Paracherkaoui.ma<\/title>\r\n<meta name=\"robots\" content=\"index, follow, max-snippet:-1, max-image-preview:large, max-video-preview:-1\" \/>\r\n<link rel=\"canonical\" href=\"https:\/\/paracherkaoui.ma\/index.php\/produit\/floxia-creme-cou-raffermissante-50-ml-2\/\" \/>\r\n<meta property=\"og:locale\" content=\"fr_FR\" \/>\r\n<meta property=\"og:type\" content=\"article\" \/>\r\n<meta property=\"og:title\" content=\"FLOXIA CREME COU RAFFERMISSANTE 50 ML - Paracherkaoui.ma\" \/>\r\n<meta property=\"og:description\" content=\"La\u00a0meilleure cr\u00e8me\u00a0pour raffermir la peau du cou et du visage est arriv\u00e9e ! La Cr\u00e8me Cou Raffermissante combat le rel\u00e2chement\" \/>\r\n<meta property=\"og:url\" content=\"https:\/\/paracherkaoui.ma\/index.php\/produit\/floxia-creme-cou-raffermissante-50-ml-2\/\" \/>\r\n<meta property=\"og:site_name\" content=\"Paracherkaoui.ma\" \/>\r\n<meta property=\"article:modified_time\" content=\"2025-12-12T17:51:46+00:00\" \/>\r\n<meta property=\"og:image\" content=\"https:\/\/paracherkaoui.ma\/wp-content\/uploads\/2025\/12\/floxia-creme-cou-raffermissante-50-ml.jpg\" \/>\r\n\t<meta property=\"og:image:width\" content=\"700\" \/>\r\n\t<meta property=\"og:image:height\" content=\"700\" \/>\r\n\t<meta property=\"og:image:type\" content=\"image\/jpeg\" \/>\r\n<meta name=\"twitter:card\" content=\"summary_large_image\" \/>\r\n<meta name=\"twitter:label1\" content=\"Dur\u00e9e de lecture estim\u00e9e\" \/>\n\t<meta name=\"twitter:data1\" content=\"1 minute\" \/>\r\n<script type=\"application\/ld+json\" class=\"yoast-schema-graph\">{\"@context\":\"https:\/\/schema.org\",\"@graph\":[{\"@type\":\"WebPage\",\"@id\":\"https:\/\/paracherkaoui.ma\/index.php\/produit\/floxia-creme-cou-raffermissante-50-ml-2\/\",\"url\":\"https:\/\/paracherkaoui.ma\/index.php\/produit\/floxia-creme-cou-raffermissante-50-ml-2\/\",\"name\":\"FLOXIA CREME COU RAFFERMISSANTE 50 ML - Paracherkaoui.ma\",\"isPartOf\":{\"@id\":\"https:\/\/paracherkaoui.ma\/#website\"},\"primaryImageOfPage\":{\"@id\":\"https:\/\/paracherkaoui.ma\/index.php\/produit\/floxia-creme-cou-raffermissante-50-ml-2\/#primaryimage\"},\"image\":{\"@id\":\"https:\/\/paracherkaoui.ma\/index.php\/produit\/floxia-creme-cou-raffermissante-50-ml-2\/#primaryimage\"},\"thumbnailUrl\":\"https:\/\/paracherkaoui.ma\/wp-content\/uploads\/2025\/12\/floxia-creme-cou-raffermissante-50-ml.jpg\",\"datePublished\":\"2025-12-12T17:51:40+00:00\",\"dateModified\":\"2025-12-12T17:51:46+00:00\",\"breadcrumb\":{\"@id\":\"https:\/\/paracherkaoui.ma\/index.php\/produit\/floxia-creme-cou-raffermissante-50-ml-2\/#breadcrumb\"},\"inLanguage\":\"fr-FR\",\"potentialAction\":[{\"@type\":\"ReadAction\",\"target\":[\"https:\/\/paracherkaoui.ma\/index.php\/produit\/floxia-creme-cou-raffermissante-50-ml-2\/\"]}]},{\"@type\":\"ImageObject\",\"inLanguage\":\"fr-FR\",\"@id\":\"https:\/\/paracherkaoui.ma\/index.php\/produit\/floxia-creme-cou-raffermissante-50-ml-2\/#primaryimage\",\"url\":\"https:\/\/paracherkaoui.ma\/wp-content\/uploads\/2025\/12\/floxia-creme-cou-raffermissante-50-ml.jpg\",\"contentUrl\":\"https:\/\/paracherkaoui.ma\/wp-content\/uploads\/2025\/12\/floxia-creme-cou-raffermissante-50-ml.jpg\",\"width\":700,\"height\":700},{\"@type\":\"BreadcrumbList\",\"@id\":\"https:\/\/paracherkaoui.ma\/index.php\/produit\/floxia-creme-cou-raffermissante-50-ml-2\/#breadcrumb\",\"itemListElement\":[{\"@type\":\"ListItem\",\"position\":1,\"name\":\"Accueil\",\"item\":\"https:\/\/paracherkaoui.ma\/\"},{\"@type\":\"ListItem\",\"position\":2,\"name\":\"Boutique\",\"item\":\"https:\/\/paracherkaoui.ma\/index.php\/boutique\/\"},{\"@type\":\"ListItem\",\"position\":3,\"name\":\"FLOXIA CREME COU RAFFERMISSANTE 50 ML\"}]},{\"@type\":\"WebSite\",\"@id\":\"https:\/\/paracherkaoui.ma\/#website\",\"url\":\"https:\/\/paracherkaoui.ma\/\",\"name\":\"Paracherkaoui.ma\",\"description\":\"Achetez en ligne sur Paracherkaoui.ma\",\"potentialAction\":[{\"@type\":\"SearchAction\",\"target\":{\"@type\":\"EntryPoint\",\"urlTemplate\":\"https:\/\/paracherkaoui.ma\/?s={search_term_string}\"},\"query-input\":{\"@type\":\"PropertyValueSpecification\",\"valueRequired\":true,\"valueName\":\"search_term_string\"}}],\"inLanguage\":\"fr-FR\"}]}<\/script>\r\n<!-- \/ Yoast SEO plugin. -->","yoast_head_json":{"title":"FLOXIA CREME COU RAFFERMISSANTE 50 ML - Paracherkaoui.ma","robots":{"index":"index","follow":"follow","max-snippet":"max-snippet:-1","max-image-preview":"max-image-preview:large","max-video-preview":"max-video-preview:-1"},"canonical":"https:\/\/paracherkaoui.ma\/index.php\/produit\/floxia-creme-cou-raffermissante-50-ml-2\/","og_locale":"fr_FR","og_type":"article","og_title":"FLOXIA CREME COU RAFFERMISSANTE 50 ML - Paracherkaoui.ma","og_description":"La\u00a0meilleure cr\u00e8me\u00a0pour raffermir la peau du cou et du visage est arriv\u00e9e ! La Cr\u00e8me Cou Raffermissante combat le rel\u00e2chement","og_url":"https:\/\/paracherkaoui.ma\/index.php\/produit\/floxia-creme-cou-raffermissante-50-ml-2\/","og_site_name":"Paracherkaoui.ma","article_modified_time":"2025-12-12T17:51:46+00:00","og_image":[{"width":700,"height":700,"url":"https:\/\/paracherkaoui.ma\/wp-content\/uploads\/2025\/12\/floxia-creme-cou-raffermissante-50-ml.jpg","type":"image\/jpeg"}],"twitter_card":"summary_large_image","twitter_misc":{"Dur\u00e9e de lecture estim\u00e9e":"1 minute"},"schema":{"@context":"https:\/\/schema.org","@graph":[{"@type":"WebPage","@id":"https:\/\/paracherkaoui.ma\/index.php\/produit\/floxia-creme-cou-raffermissante-50-ml-2\/","url":"https:\/\/paracherkaoui.ma\/index.php\/produit\/floxia-creme-cou-raffermissante-50-ml-2\/","name":"FLOXIA CREME COU RAFFERMISSANTE 50 ML - Paracherkaoui.ma","isPartOf":{"@id":"https:\/\/paracherkaoui.ma\/#website"},"primaryImageOfPage":{"@id":"https:\/\/paracherkaoui.ma\/index.php\/produit\/floxia-creme-cou-raffermissante-50-ml-2\/#primaryimage"},"image":{"@id":"https:\/\/paracherkaoui.ma\/index.php\/produit\/floxia-creme-cou-raffermissante-50-ml-2\/#primaryimage"},"thumbnailUrl":"https:\/\/paracherkaoui.ma\/wp-content\/uploads\/2025\/12\/floxia-creme-cou-raffermissante-50-ml.jpg","datePublished":"2025-12-12T17:51:40+00:00","dateModified":"2025-12-12T17:51:46+00:00","breadcrumb":{"@id":"https:\/\/paracherkaoui.ma\/index.php\/produit\/floxia-creme-cou-raffermissante-50-ml-2\/#breadcrumb"},"inLanguage":"fr-FR","potentialAction":[{"@type":"ReadAction","target":["https:\/\/paracherkaoui.ma\/index.php\/produit\/floxia-creme-cou-raffermissante-50-ml-2\/"]}]},{"@type":"ImageObject","inLanguage":"fr-FR","@id":"https:\/\/paracherkaoui.ma\/index.php\/produit\/floxia-creme-cou-raffermissante-50-ml-2\/#primaryimage","url":"https:\/\/paracherkaoui.ma\/wp-content\/uploads\/2025\/12\/floxia-creme-cou-raffermissante-50-ml.jpg","contentUrl":"https:\/\/paracherkaoui.ma\/wp-content\/uploads\/2025\/12\/floxia-creme-cou-raffermissante-50-ml.jpg","width":700,"height":700},{"@type":"BreadcrumbList","@id":"https:\/\/paracherkaoui.ma\/index.php\/produit\/floxia-creme-cou-raffermissante-50-ml-2\/#breadcrumb","itemListElement":[{"@type":"ListItem","position":1,"name":"Accueil","item":"https:\/\/paracherkaoui.ma\/"},{"@type":"ListItem","position":2,"name":"Boutique","item":"https:\/\/paracherkaoui.ma\/index.php\/boutique\/"},{"@type":"ListItem","position":3,"name":"FLOXIA CREME COU RAFFERMISSANTE 50 ML"}]},{"@type":"WebSite","@id":"https:\/\/paracherkaoui.ma\/#website","url":"https:\/\/paracherkaoui.ma\/","name":"Paracherkaoui.ma","description":"Achetez en ligne sur Paracherkaoui.ma","potentialAction":[{"@type":"SearchAction","target":{"@type":"EntryPoint","urlTemplate":"https:\/\/paracherkaoui.ma\/?s={search_term_string}"},"query-input":{"@type":"PropertyValueSpecification","valueRequired":true,"valueName":"search_term_string"}}],"inLanguage":"fr-FR"}]}},"_links":{"self":[{"href":"https:\/\/paracherkaoui.ma\/index.php\/wp-json\/wp\/v2\/product\/34213","targetHints":{"allow":["GET"]}}],"collection":[{"href":"https:\/\/paracherkaoui.ma\/index.php\/wp-json\/wp\/v2\/product"}],"about":[{"href":"https:\/\/paracherkaoui.ma\/index.php\/wp-json\/wp\/v2\/types\/product"}],"replies":[{"embeddable":true,"href":"https:\/\/paracherkaoui.ma\/index.php\/wp-json\/wp\/v2\/comments?post=34213"}],"version-history":[{"count":1,"href":"https:\/\/paracherkaoui.ma\/index.php\/wp-json\/wp\/v2\/product\/34213\/revisions"}],"predecessor-version":[{"id":34258,"href":"https:\/\/paracherkaoui.ma\/index.php\/wp-json\/wp\/v2\/product\/34213\/revisions\/34258"}],"wp:featuredmedia":[{"embeddable":true,"href":"https:\/\/paracherkaoui.ma\/index.php\/wp-json\/wp\/v2\/media\/32044"}],"wp:attachment":[{"href":"https:\/\/paracherkaoui.ma\/index.php\/wp-json\/wp\/v2\/media?parent=34213"}],"wp:term":[{"taxonomy":"product_brand","embeddable":true,"href":"https:\/\/paracherkaoui.ma\/index.php\/wp-json\/wp\/v2\/product_brand?post=34213"},{"taxonomy":"product_cat","embeddable":true,"href":"https:\/\/paracherkaoui.ma\/index.php\/wp-json\/wp\/v2\/product_cat?post=34213"},{"taxonomy":"product_tag","embeddable":true,"href":"https:\/\/paracherkaoui.ma\/index.php\/wp-json\/wp\/v2\/product_tag?post=34213"}],"curies":[{"name":"wp","href":"https:\/\/api.w.org\/{rel}","templated":true}]}}