{"id":34209,"date":"2025-12-12T18:51:40","date_gmt":"2025-12-12T17:51:40","guid":{"rendered":"https:\/\/test.ecbeaute.com\/?post_type=product&#038;p=34209"},"modified":"2025-12-12T18:51:46","modified_gmt":"2025-12-12T17:51:46","slug":"nuxe-prodigieux-lait-parfume-200-ml","status":"publish","type":"product","link":"https:\/\/paracherkaoui.ma\/index.php\/produit\/nuxe-prodigieux-lait-parfume-200-ml\/","title":{"rendered":"NUXE PRODIGIEUX LAIT PARFUME 200 ML"},"content":{"rendered":"<p>D\u00e9couvrez le Nuxe Prodigieux Lait Parfum\u00e9 200 ml, un v\u00e9ritable \u00e9lixir de beaut\u00e9 qui hydrate, satine et illumine votre peau. Enrichi en huiles v\u00e9g\u00e9tales pr\u00e9cieuses, ce lait corps sublimateur transforme votre rituel de soin en un moment de pur plaisir sensoriel. Sa texture fondante p\u00e9n\u00e8tre rapidement, offrant une hydratation optimale tout en lissant la peau pour un fini soyeux et \u00e9clatant.<br \/>\nCe lait parfum\u00e9 est formul\u00e9 \u00e0 partir d\u2019ingr\u00e9dients naturels, incluant l&rsquo;huile de cam\u00e9lia, d\u2019argan, d\u2019amande douce, de macadamia, de noisette et de bourrache. Chacune de ces huiles apporte des bienfaits sp\u00e9cifiques : protection, nutrition, apaisement, restructuration et propri\u00e9t\u00e9s anti-\u00e2ge pour une peau souple et tonique. En appliquant ce lait, vous ressentirez imm\u00e9diatement une sensation de confort, ainsi qu&rsquo;un parfum envo\u00fbtant de fleur d\u2019oranger, magnolia et vanille, cr\u00e9ant un accord olfactif rappelant des journ\u00e9es ensoleill\u00e9es.<br \/>\nSans paraben et compos\u00e9 de 91,2 % d&rsquo;ingr\u00e9dients d&rsquo;origine naturelle, ce lait est un choix s\u00fbr pour votre peau. Il laisse un d\u00e9licat voile satin\u00e9, vous garantissant un aspect lumineux et soign\u00e9. Faites de ce lait la touche finale de votre routine beaut\u00e9, pour une peau sublime et irr\u00e9sistiblement parfum\u00e9e.<br \/>\nConseils d&rsquo;utilisation :<br \/>\nApplication quotidienne : Appliquez le lait sur l&rsquo;ensemble du corps apr\u00e8s la douche ou le bain.<br \/>\nMassage doux : Massez d\u00e9licatement jusqu&rsquo;\u00e0 absorption compl\u00e8te pour maximiser les bienfaits.<br \/>\nUtilisation \u00e0 tout moment : R\u00e9appliquez tout au long de la journ\u00e9e pour une hydratation suppl\u00e9mentaire et un parfum agr\u00e9able.<br \/>\nComposition :<br \/>\nAQUA\/WATER, GLYCERIN, COCO-CAPRYLATE\/CAPRATE, DIMETHICONE, HYDROGENATED COCONUT OIL, MACADAMIA INTEGRIFOLIA SEED OIL, BEHENYL ALCOHOL, PARFUM\/FRAGRANCE, HYDROXYETHYL UREA, ARACHIDYL ALCOHOL, COCOS NUCIFERA (COCONUT) OIL, COPERNICIA CERIFERA CERA\/COPERNICIA CERIFERA (CARNAUBA) WAX, HYDROXYSTEARIC\/LINOLENIC\/OLEIC POLYGLYCERIDES, SILICA, HYDROXYETHYL ACRYLATE\/SODIUM ACRYLOYLDIMETHYL TAURATE COPOLYMER, TOCOPHEROL, CAPRYLOYL GLYCINE, PRUNUS AMYGDALUS DULCIS (SWEET ALMOND) OIL, CORYLUS AVELLANA (HAZEL) SEED OIL, ARACHIDYL GLUCOSIDE, CITRIC ACID, ETHYLHEXYLGLYCERIN, SODIUM HYDROXIDE, CARBOMER, DIMETHICONOL, CAMELLIA OLEIFERA SEED OIL, DEHYDROACETIC ACID, SODIUM GLUCONATE, SODIUM STEAROYL GLUTAMATE, MICA, CI 77891\/TITANIUM DIOXIDE, AMMONIUM LACTATE, POLYSORBATE 60, SORBITAN ISOSTEARATE, ARGANIA SPINOSA KERNEL OIL, BORAGO OFFICINALIS SEED OIL, BIOSACCHARIDE GUM-1, SODIUM LEVULINATE, GLYCERYL CAPRYLATE, SODIUM ANISATE, BENZYL SALICYLATE, LINALOOL, LIMONENE, CITRONELLOL, GERANIOL, BENZYL ALCOHOL<\/p>\n","protected":false},"excerpt":{"rendered":"<p>D\u00e9couvrez le Nuxe Prodigieux Lait Parfum\u00e9 200 ml, un v\u00e9ritable \u00e9lixir de beaut\u00e9 qui hydrate, satine et illumine votre peau.<\/p>\n","protected":false},"featured_media":34251,"comment_status":"open","ping_status":"closed","template":"","meta":[],"product_brand":[230],"product_cat":[618],"product_tag":[],"class_list":{"0":"post-34209","1":"product","2":"type-product","3":"status-publish","4":"has-post-thumbnail","6":"product_brand-nuxe","7":"product_cat-hydratation-corps-corps","9":"first","10":"instock","11":"sale","12":"shipping-taxable","13":"purchasable","14":"product-type-simple"},"yoast_head":"<!-- This site is optimized with the Yoast SEO plugin v26.6 - https:\/\/yoast.com\/wordpress\/plugins\/seo\/ -->\r\n<title>NUXE PRODIGIEUX LAIT PARFUME 200 ML - Paracherkaoui.ma<\/title>\r\n<meta name=\"robots\" content=\"index, follow, max-snippet:-1, max-image-preview:large, max-video-preview:-1\" \/>\r\n<link rel=\"canonical\" href=\"https:\/\/paracherkaoui.ma\/index.php\/produit\/nuxe-prodigieux-lait-parfume-200-ml\/\" \/>\r\n<meta property=\"og:locale\" content=\"fr_FR\" \/>\r\n<meta property=\"og:type\" content=\"article\" \/>\r\n<meta property=\"og:title\" content=\"NUXE PRODIGIEUX LAIT PARFUME 200 ML - Paracherkaoui.ma\" \/>\r\n<meta property=\"og:description\" content=\"D\u00e9couvrez le Nuxe Prodigieux Lait Parfum\u00e9 200 ml, un v\u00e9ritable \u00e9lixir de beaut\u00e9 qui hydrate, satine et illumine votre peau.\" \/>\r\n<meta property=\"og:url\" content=\"https:\/\/paracherkaoui.ma\/index.php\/produit\/nuxe-prodigieux-lait-parfume-200-ml\/\" \/>\r\n<meta property=\"og:site_name\" content=\"Paracherkaoui.ma\" \/>\r\n<meta property=\"article:modified_time\" content=\"2025-12-12T17:51:46+00:00\" \/>\r\n<meta property=\"og:image\" content=\"https:\/\/paracherkaoui.ma\/wp-content\/uploads\/2025\/12\/nuxe-prodigieux-lait-parfume-200-ml.jpg\" \/>\r\n\t<meta property=\"og:image:width\" content=\"700\" \/>\r\n\t<meta property=\"og:image:height\" content=\"700\" \/>\r\n\t<meta property=\"og:image:type\" content=\"image\/jpeg\" \/>\r\n<meta name=\"twitter:card\" content=\"summary_large_image\" \/>\r\n<meta name=\"twitter:label1\" content=\"Dur\u00e9e de lecture estim\u00e9e\" \/>\n\t<meta name=\"twitter:data1\" content=\"2 minutes\" \/>\r\n<script type=\"application\/ld+json\" class=\"yoast-schema-graph\">{\"@context\":\"https:\/\/schema.org\",\"@graph\":[{\"@type\":\"WebPage\",\"@id\":\"https:\/\/paracherkaoui.ma\/index.php\/produit\/nuxe-prodigieux-lait-parfume-200-ml\/\",\"url\":\"https:\/\/paracherkaoui.ma\/index.php\/produit\/nuxe-prodigieux-lait-parfume-200-ml\/\",\"name\":\"NUXE PRODIGIEUX LAIT PARFUME 200 ML - Paracherkaoui.ma\",\"isPartOf\":{\"@id\":\"https:\/\/paracherkaoui.ma\/#website\"},\"primaryImageOfPage\":{\"@id\":\"https:\/\/paracherkaoui.ma\/index.php\/produit\/nuxe-prodigieux-lait-parfume-200-ml\/#primaryimage\"},\"image\":{\"@id\":\"https:\/\/paracherkaoui.ma\/index.php\/produit\/nuxe-prodigieux-lait-parfume-200-ml\/#primaryimage\"},\"thumbnailUrl\":\"https:\/\/paracherkaoui.ma\/wp-content\/uploads\/2025\/12\/nuxe-prodigieux-lait-parfume-200-ml.jpg\",\"datePublished\":\"2025-12-12T17:51:40+00:00\",\"dateModified\":\"2025-12-12T17:51:46+00:00\",\"breadcrumb\":{\"@id\":\"https:\/\/paracherkaoui.ma\/index.php\/produit\/nuxe-prodigieux-lait-parfume-200-ml\/#breadcrumb\"},\"inLanguage\":\"fr-FR\",\"potentialAction\":[{\"@type\":\"ReadAction\",\"target\":[\"https:\/\/paracherkaoui.ma\/index.php\/produit\/nuxe-prodigieux-lait-parfume-200-ml\/\"]}]},{\"@type\":\"ImageObject\",\"inLanguage\":\"fr-FR\",\"@id\":\"https:\/\/paracherkaoui.ma\/index.php\/produit\/nuxe-prodigieux-lait-parfume-200-ml\/#primaryimage\",\"url\":\"https:\/\/paracherkaoui.ma\/wp-content\/uploads\/2025\/12\/nuxe-prodigieux-lait-parfume-200-ml.jpg\",\"contentUrl\":\"https:\/\/paracherkaoui.ma\/wp-content\/uploads\/2025\/12\/nuxe-prodigieux-lait-parfume-200-ml.jpg\",\"width\":700,\"height\":700},{\"@type\":\"BreadcrumbList\",\"@id\":\"https:\/\/paracherkaoui.ma\/index.php\/produit\/nuxe-prodigieux-lait-parfume-200-ml\/#breadcrumb\",\"itemListElement\":[{\"@type\":\"ListItem\",\"position\":1,\"name\":\"Accueil\",\"item\":\"https:\/\/paracherkaoui.ma\/\"},{\"@type\":\"ListItem\",\"position\":2,\"name\":\"Boutique\",\"item\":\"https:\/\/paracherkaoui.ma\/index.php\/boutique\/\"},{\"@type\":\"ListItem\",\"position\":3,\"name\":\"NUXE PRODIGIEUX LAIT PARFUME 200 ML\"}]},{\"@type\":\"WebSite\",\"@id\":\"https:\/\/paracherkaoui.ma\/#website\",\"url\":\"https:\/\/paracherkaoui.ma\/\",\"name\":\"Paracherkaoui.ma\",\"description\":\"Achetez en ligne sur Paracherkaoui.ma\",\"potentialAction\":[{\"@type\":\"SearchAction\",\"target\":{\"@type\":\"EntryPoint\",\"urlTemplate\":\"https:\/\/paracherkaoui.ma\/?s={search_term_string}\"},\"query-input\":{\"@type\":\"PropertyValueSpecification\",\"valueRequired\":true,\"valueName\":\"search_term_string\"}}],\"inLanguage\":\"fr-FR\"}]}<\/script>\r\n<!-- \/ Yoast SEO plugin. -->","yoast_head_json":{"title":"NUXE PRODIGIEUX LAIT PARFUME 200 ML - Paracherkaoui.ma","robots":{"index":"index","follow":"follow","max-snippet":"max-snippet:-1","max-image-preview":"max-image-preview:large","max-video-preview":"max-video-preview:-1"},"canonical":"https:\/\/paracherkaoui.ma\/index.php\/produit\/nuxe-prodigieux-lait-parfume-200-ml\/","og_locale":"fr_FR","og_type":"article","og_title":"NUXE PRODIGIEUX LAIT PARFUME 200 ML - Paracherkaoui.ma","og_description":"D\u00e9couvrez le Nuxe Prodigieux Lait Parfum\u00e9 200 ml, un v\u00e9ritable \u00e9lixir de beaut\u00e9 qui hydrate, satine et illumine votre peau.","og_url":"https:\/\/paracherkaoui.ma\/index.php\/produit\/nuxe-prodigieux-lait-parfume-200-ml\/","og_site_name":"Paracherkaoui.ma","article_modified_time":"2025-12-12T17:51:46+00:00","og_image":[{"width":700,"height":700,"url":"https:\/\/paracherkaoui.ma\/wp-content\/uploads\/2025\/12\/nuxe-prodigieux-lait-parfume-200-ml.jpg","type":"image\/jpeg"}],"twitter_card":"summary_large_image","twitter_misc":{"Dur\u00e9e de lecture estim\u00e9e":"2 minutes"},"schema":{"@context":"https:\/\/schema.org","@graph":[{"@type":"WebPage","@id":"https:\/\/paracherkaoui.ma\/index.php\/produit\/nuxe-prodigieux-lait-parfume-200-ml\/","url":"https:\/\/paracherkaoui.ma\/index.php\/produit\/nuxe-prodigieux-lait-parfume-200-ml\/","name":"NUXE PRODIGIEUX LAIT PARFUME 200 ML - Paracherkaoui.ma","isPartOf":{"@id":"https:\/\/paracherkaoui.ma\/#website"},"primaryImageOfPage":{"@id":"https:\/\/paracherkaoui.ma\/index.php\/produit\/nuxe-prodigieux-lait-parfume-200-ml\/#primaryimage"},"image":{"@id":"https:\/\/paracherkaoui.ma\/index.php\/produit\/nuxe-prodigieux-lait-parfume-200-ml\/#primaryimage"},"thumbnailUrl":"https:\/\/paracherkaoui.ma\/wp-content\/uploads\/2025\/12\/nuxe-prodigieux-lait-parfume-200-ml.jpg","datePublished":"2025-12-12T17:51:40+00:00","dateModified":"2025-12-12T17:51:46+00:00","breadcrumb":{"@id":"https:\/\/paracherkaoui.ma\/index.php\/produit\/nuxe-prodigieux-lait-parfume-200-ml\/#breadcrumb"},"inLanguage":"fr-FR","potentialAction":[{"@type":"ReadAction","target":["https:\/\/paracherkaoui.ma\/index.php\/produit\/nuxe-prodigieux-lait-parfume-200-ml\/"]}]},{"@type":"ImageObject","inLanguage":"fr-FR","@id":"https:\/\/paracherkaoui.ma\/index.php\/produit\/nuxe-prodigieux-lait-parfume-200-ml\/#primaryimage","url":"https:\/\/paracherkaoui.ma\/wp-content\/uploads\/2025\/12\/nuxe-prodigieux-lait-parfume-200-ml.jpg","contentUrl":"https:\/\/paracherkaoui.ma\/wp-content\/uploads\/2025\/12\/nuxe-prodigieux-lait-parfume-200-ml.jpg","width":700,"height":700},{"@type":"BreadcrumbList","@id":"https:\/\/paracherkaoui.ma\/index.php\/produit\/nuxe-prodigieux-lait-parfume-200-ml\/#breadcrumb","itemListElement":[{"@type":"ListItem","position":1,"name":"Accueil","item":"https:\/\/paracherkaoui.ma\/"},{"@type":"ListItem","position":2,"name":"Boutique","item":"https:\/\/paracherkaoui.ma\/index.php\/boutique\/"},{"@type":"ListItem","position":3,"name":"NUXE PRODIGIEUX LAIT PARFUME 200 ML"}]},{"@type":"WebSite","@id":"https:\/\/paracherkaoui.ma\/#website","url":"https:\/\/paracherkaoui.ma\/","name":"Paracherkaoui.ma","description":"Achetez en ligne sur Paracherkaoui.ma","potentialAction":[{"@type":"SearchAction","target":{"@type":"EntryPoint","urlTemplate":"https:\/\/paracherkaoui.ma\/?s={search_term_string}"},"query-input":{"@type":"PropertyValueSpecification","valueRequired":true,"valueName":"search_term_string"}}],"inLanguage":"fr-FR"}]}},"_links":{"self":[{"href":"https:\/\/paracherkaoui.ma\/index.php\/wp-json\/wp\/v2\/product\/34209","targetHints":{"allow":["GET"]}}],"collection":[{"href":"https:\/\/paracherkaoui.ma\/index.php\/wp-json\/wp\/v2\/product"}],"about":[{"href":"https:\/\/paracherkaoui.ma\/index.php\/wp-json\/wp\/v2\/types\/product"}],"replies":[{"embeddable":true,"href":"https:\/\/paracherkaoui.ma\/index.php\/wp-json\/wp\/v2\/comments?post=34209"}],"version-history":[{"count":1,"href":"https:\/\/paracherkaoui.ma\/index.php\/wp-json\/wp\/v2\/product\/34209\/revisions"}],"predecessor-version":[{"id":34252,"href":"https:\/\/paracherkaoui.ma\/index.php\/wp-json\/wp\/v2\/product\/34209\/revisions\/34252"}],"wp:featuredmedia":[{"embeddable":true,"href":"https:\/\/paracherkaoui.ma\/index.php\/wp-json\/wp\/v2\/media\/34251"}],"wp:attachment":[{"href":"https:\/\/paracherkaoui.ma\/index.php\/wp-json\/wp\/v2\/media?parent=34209"}],"wp:term":[{"taxonomy":"product_brand","embeddable":true,"href":"https:\/\/paracherkaoui.ma\/index.php\/wp-json\/wp\/v2\/product_brand?post=34209"},{"taxonomy":"product_cat","embeddable":true,"href":"https:\/\/paracherkaoui.ma\/index.php\/wp-json\/wp\/v2\/product_cat?post=34209"},{"taxonomy":"product_tag","embeddable":true,"href":"https:\/\/paracherkaoui.ma\/index.php\/wp-json\/wp\/v2\/product_tag?post=34209"}],"curies":[{"name":"wp","href":"https:\/\/api.w.org\/{rel}","templated":true}]}}