{"id":34208,"date":"2025-12-12T18:51:40","date_gmt":"2025-12-12T17:51:40","guid":{"rendered":"https:\/\/test.ecbeaute.com\/?post_type=product&#038;p=34208"},"modified":"2025-12-12T18:51:46","modified_gmt":"2025-12-12T17:51:46","slug":"neutraderm-relipid-baume-relipidant-200-ml","status":"publish","type":"product","link":"https:\/\/paracherkaoui.ma\/index.php\/produit\/neutraderm-relipid-baume-relipidant-200-ml\/","title":{"rendered":"NEUTRADERM RELIPID+ BAUME RELIPIDANT 200 ML"},"content":{"rendered":"<p>Le baume relipidant Relipid+ de Neutraderm est sp\u00e9cialement con\u00e7u pour r\u00e9pondre aux besoins des peaux sensibles et s\u00e8ches \u00e0 tendance atopique. Il va les nourrir et les hydrater. Il convient aussi bien pour le visage que pour le corps.<br \/>\nLe baume relipidant Relipid+ de Neutraderm va hydrater la peau s\u00e8che gr\u00e2ce \u00e0 la glyc\u00e9rine de sa formule. En effet, cet actif a des propri\u00e9t\u00e9s hydratantes et va \u00e9galement renforcer les d\u00e9fenses cutan\u00e9es. Le baume contient aussi un autre actif hydratant : l\u2019huile de ricin. Il apporte du beurre de karit\u00e9 nourrissant et cicatrisant, ainsi que de l\u2019allanto\u00efne, une mol\u00e9cule qui va participer \u00e0 la r\u00e9g\u00e9n\u00e9ration de la peau. Enfin, il est formul\u00e9 au tocoph\u00e9rol, ou vitamine E, antioxydante.<br \/>\nSon complexe Active Oligo Skin va restructurer la peau. Il provient de l\u2019eau Iroise et il est d\u2019une grande richesse en oligo-\u00e9l\u00e9ments ainsi qu\u2019en min\u00e9raux. Il va restaurer la barri\u00e8re de la peau et participer au maintien de son microbiome.<\/p>\n","protected":false},"excerpt":{"rendered":"<p>Le baume relipidant Relipid+ de Neutraderm est sp\u00e9cialement con\u00e7u pour r\u00e9pondre aux besoins des peaux sensibles et s\u00e8ches \u00e0 tendance<\/p>\n","protected":false},"featured_media":34249,"comment_status":"open","ping_status":"closed","template":"","meta":[],"product_brand":[325],"product_cat":[618],"product_tag":[],"class_list":{"0":"post-34208","1":"product","2":"type-product","3":"status-publish","4":"has-post-thumbnail","6":"product_brand-neutraderm","7":"product_cat-hydratation-corps-corps","9":"first","10":"instock","11":"sale","12":"shipping-taxable","13":"purchasable","14":"product-type-simple"},"yoast_head":"<!-- This site is optimized with the Yoast SEO plugin v26.6 - https:\/\/yoast.com\/wordpress\/plugins\/seo\/ -->\r\n<title>NEUTRADERM RELIPID+ BAUME RELIPIDANT 200 ML - Paracherkaoui.ma<\/title>\r\n<meta name=\"robots\" content=\"index, follow, max-snippet:-1, max-image-preview:large, max-video-preview:-1\" \/>\r\n<link rel=\"canonical\" href=\"https:\/\/paracherkaoui.ma\/index.php\/produit\/neutraderm-relipid-baume-relipidant-200-ml\/\" \/>\r\n<meta property=\"og:locale\" content=\"fr_FR\" \/>\r\n<meta property=\"og:type\" content=\"article\" \/>\r\n<meta property=\"og:title\" content=\"NEUTRADERM RELIPID+ BAUME RELIPIDANT 200 ML - Paracherkaoui.ma\" \/>\r\n<meta property=\"og:description\" content=\"Le baume relipidant Relipid+ de Neutraderm est sp\u00e9cialement con\u00e7u pour r\u00e9pondre aux besoins des peaux sensibles et s\u00e8ches \u00e0 tendance\" \/>\r\n<meta property=\"og:url\" content=\"https:\/\/paracherkaoui.ma\/index.php\/produit\/neutraderm-relipid-baume-relipidant-200-ml\/\" \/>\r\n<meta property=\"og:site_name\" content=\"Paracherkaoui.ma\" \/>\r\n<meta property=\"article:modified_time\" content=\"2025-12-12T17:51:46+00:00\" \/>\r\n<meta property=\"og:image\" content=\"https:\/\/paracherkaoui.ma\/wp-content\/uploads\/2025\/12\/neutraderm-relipid-baume-relipidant-200-ml.jpg\" \/>\r\n\t<meta property=\"og:image:width\" content=\"700\" \/>\r\n\t<meta property=\"og:image:height\" content=\"700\" \/>\r\n\t<meta property=\"og:image:type\" content=\"image\/jpeg\" \/>\r\n<meta name=\"twitter:card\" content=\"summary_large_image\" \/>\r\n<meta name=\"twitter:label1\" content=\"Dur\u00e9e de lecture estim\u00e9e\" \/>\n\t<meta name=\"twitter:data1\" content=\"1 minute\" \/>\r\n<script type=\"application\/ld+json\" class=\"yoast-schema-graph\">{\"@context\":\"https:\/\/schema.org\",\"@graph\":[{\"@type\":\"WebPage\",\"@id\":\"https:\/\/paracherkaoui.ma\/index.php\/produit\/neutraderm-relipid-baume-relipidant-200-ml\/\",\"url\":\"https:\/\/paracherkaoui.ma\/index.php\/produit\/neutraderm-relipid-baume-relipidant-200-ml\/\",\"name\":\"NEUTRADERM RELIPID+ BAUME RELIPIDANT 200 ML - Paracherkaoui.ma\",\"isPartOf\":{\"@id\":\"https:\/\/paracherkaoui.ma\/#website\"},\"primaryImageOfPage\":{\"@id\":\"https:\/\/paracherkaoui.ma\/index.php\/produit\/neutraderm-relipid-baume-relipidant-200-ml\/#primaryimage\"},\"image\":{\"@id\":\"https:\/\/paracherkaoui.ma\/index.php\/produit\/neutraderm-relipid-baume-relipidant-200-ml\/#primaryimage\"},\"thumbnailUrl\":\"https:\/\/paracherkaoui.ma\/wp-content\/uploads\/2025\/12\/neutraderm-relipid-baume-relipidant-200-ml.jpg\",\"datePublished\":\"2025-12-12T17:51:40+00:00\",\"dateModified\":\"2025-12-12T17:51:46+00:00\",\"breadcrumb\":{\"@id\":\"https:\/\/paracherkaoui.ma\/index.php\/produit\/neutraderm-relipid-baume-relipidant-200-ml\/#breadcrumb\"},\"inLanguage\":\"fr-FR\",\"potentialAction\":[{\"@type\":\"ReadAction\",\"target\":[\"https:\/\/paracherkaoui.ma\/index.php\/produit\/neutraderm-relipid-baume-relipidant-200-ml\/\"]}]},{\"@type\":\"ImageObject\",\"inLanguage\":\"fr-FR\",\"@id\":\"https:\/\/paracherkaoui.ma\/index.php\/produit\/neutraderm-relipid-baume-relipidant-200-ml\/#primaryimage\",\"url\":\"https:\/\/paracherkaoui.ma\/wp-content\/uploads\/2025\/12\/neutraderm-relipid-baume-relipidant-200-ml.jpg\",\"contentUrl\":\"https:\/\/paracherkaoui.ma\/wp-content\/uploads\/2025\/12\/neutraderm-relipid-baume-relipidant-200-ml.jpg\",\"width\":700,\"height\":700},{\"@type\":\"BreadcrumbList\",\"@id\":\"https:\/\/paracherkaoui.ma\/index.php\/produit\/neutraderm-relipid-baume-relipidant-200-ml\/#breadcrumb\",\"itemListElement\":[{\"@type\":\"ListItem\",\"position\":1,\"name\":\"Accueil\",\"item\":\"https:\/\/paracherkaoui.ma\/\"},{\"@type\":\"ListItem\",\"position\":2,\"name\":\"Boutique\",\"item\":\"https:\/\/paracherkaoui.ma\/index.php\/boutique\/\"},{\"@type\":\"ListItem\",\"position\":3,\"name\":\"NEUTRADERM RELIPID+ BAUME RELIPIDANT 200 ML\"}]},{\"@type\":\"WebSite\",\"@id\":\"https:\/\/paracherkaoui.ma\/#website\",\"url\":\"https:\/\/paracherkaoui.ma\/\",\"name\":\"Paracherkaoui.ma\",\"description\":\"Achetez en ligne sur Paracherkaoui.ma\",\"potentialAction\":[{\"@type\":\"SearchAction\",\"target\":{\"@type\":\"EntryPoint\",\"urlTemplate\":\"https:\/\/paracherkaoui.ma\/?s={search_term_string}\"},\"query-input\":{\"@type\":\"PropertyValueSpecification\",\"valueRequired\":true,\"valueName\":\"search_term_string\"}}],\"inLanguage\":\"fr-FR\"}]}<\/script>\r\n<!-- \/ Yoast SEO plugin. -->","yoast_head_json":{"title":"NEUTRADERM RELIPID+ BAUME RELIPIDANT 200 ML - Paracherkaoui.ma","robots":{"index":"index","follow":"follow","max-snippet":"max-snippet:-1","max-image-preview":"max-image-preview:large","max-video-preview":"max-video-preview:-1"},"canonical":"https:\/\/paracherkaoui.ma\/index.php\/produit\/neutraderm-relipid-baume-relipidant-200-ml\/","og_locale":"fr_FR","og_type":"article","og_title":"NEUTRADERM RELIPID+ BAUME RELIPIDANT 200 ML - Paracherkaoui.ma","og_description":"Le baume relipidant Relipid+ de Neutraderm est sp\u00e9cialement con\u00e7u pour r\u00e9pondre aux besoins des peaux sensibles et s\u00e8ches \u00e0 tendance","og_url":"https:\/\/paracherkaoui.ma\/index.php\/produit\/neutraderm-relipid-baume-relipidant-200-ml\/","og_site_name":"Paracherkaoui.ma","article_modified_time":"2025-12-12T17:51:46+00:00","og_image":[{"width":700,"height":700,"url":"https:\/\/paracherkaoui.ma\/wp-content\/uploads\/2025\/12\/neutraderm-relipid-baume-relipidant-200-ml.jpg","type":"image\/jpeg"}],"twitter_card":"summary_large_image","twitter_misc":{"Dur\u00e9e de lecture estim\u00e9e":"1 minute"},"schema":{"@context":"https:\/\/schema.org","@graph":[{"@type":"WebPage","@id":"https:\/\/paracherkaoui.ma\/index.php\/produit\/neutraderm-relipid-baume-relipidant-200-ml\/","url":"https:\/\/paracherkaoui.ma\/index.php\/produit\/neutraderm-relipid-baume-relipidant-200-ml\/","name":"NEUTRADERM RELIPID+ BAUME RELIPIDANT 200 ML - Paracherkaoui.ma","isPartOf":{"@id":"https:\/\/paracherkaoui.ma\/#website"},"primaryImageOfPage":{"@id":"https:\/\/paracherkaoui.ma\/index.php\/produit\/neutraderm-relipid-baume-relipidant-200-ml\/#primaryimage"},"image":{"@id":"https:\/\/paracherkaoui.ma\/index.php\/produit\/neutraderm-relipid-baume-relipidant-200-ml\/#primaryimage"},"thumbnailUrl":"https:\/\/paracherkaoui.ma\/wp-content\/uploads\/2025\/12\/neutraderm-relipid-baume-relipidant-200-ml.jpg","datePublished":"2025-12-12T17:51:40+00:00","dateModified":"2025-12-12T17:51:46+00:00","breadcrumb":{"@id":"https:\/\/paracherkaoui.ma\/index.php\/produit\/neutraderm-relipid-baume-relipidant-200-ml\/#breadcrumb"},"inLanguage":"fr-FR","potentialAction":[{"@type":"ReadAction","target":["https:\/\/paracherkaoui.ma\/index.php\/produit\/neutraderm-relipid-baume-relipidant-200-ml\/"]}]},{"@type":"ImageObject","inLanguage":"fr-FR","@id":"https:\/\/paracherkaoui.ma\/index.php\/produit\/neutraderm-relipid-baume-relipidant-200-ml\/#primaryimage","url":"https:\/\/paracherkaoui.ma\/wp-content\/uploads\/2025\/12\/neutraderm-relipid-baume-relipidant-200-ml.jpg","contentUrl":"https:\/\/paracherkaoui.ma\/wp-content\/uploads\/2025\/12\/neutraderm-relipid-baume-relipidant-200-ml.jpg","width":700,"height":700},{"@type":"BreadcrumbList","@id":"https:\/\/paracherkaoui.ma\/index.php\/produit\/neutraderm-relipid-baume-relipidant-200-ml\/#breadcrumb","itemListElement":[{"@type":"ListItem","position":1,"name":"Accueil","item":"https:\/\/paracherkaoui.ma\/"},{"@type":"ListItem","position":2,"name":"Boutique","item":"https:\/\/paracherkaoui.ma\/index.php\/boutique\/"},{"@type":"ListItem","position":3,"name":"NEUTRADERM RELIPID+ BAUME RELIPIDANT 200 ML"}]},{"@type":"WebSite","@id":"https:\/\/paracherkaoui.ma\/#website","url":"https:\/\/paracherkaoui.ma\/","name":"Paracherkaoui.ma","description":"Achetez en ligne sur Paracherkaoui.ma","potentialAction":[{"@type":"SearchAction","target":{"@type":"EntryPoint","urlTemplate":"https:\/\/paracherkaoui.ma\/?s={search_term_string}"},"query-input":{"@type":"PropertyValueSpecification","valueRequired":true,"valueName":"search_term_string"}}],"inLanguage":"fr-FR"}]}},"_links":{"self":[{"href":"https:\/\/paracherkaoui.ma\/index.php\/wp-json\/wp\/v2\/product\/34208","targetHints":{"allow":["GET"]}}],"collection":[{"href":"https:\/\/paracherkaoui.ma\/index.php\/wp-json\/wp\/v2\/product"}],"about":[{"href":"https:\/\/paracherkaoui.ma\/index.php\/wp-json\/wp\/v2\/types\/product"}],"replies":[{"embeddable":true,"href":"https:\/\/paracherkaoui.ma\/index.php\/wp-json\/wp\/v2\/comments?post=34208"}],"version-history":[{"count":1,"href":"https:\/\/paracherkaoui.ma\/index.php\/wp-json\/wp\/v2\/product\/34208\/revisions"}],"predecessor-version":[{"id":34250,"href":"https:\/\/paracherkaoui.ma\/index.php\/wp-json\/wp\/v2\/product\/34208\/revisions\/34250"}],"wp:featuredmedia":[{"embeddable":true,"href":"https:\/\/paracherkaoui.ma\/index.php\/wp-json\/wp\/v2\/media\/34249"}],"wp:attachment":[{"href":"https:\/\/paracherkaoui.ma\/index.php\/wp-json\/wp\/v2\/media?parent=34208"}],"wp:term":[{"taxonomy":"product_brand","embeddable":true,"href":"https:\/\/paracherkaoui.ma\/index.php\/wp-json\/wp\/v2\/product_brand?post=34208"},{"taxonomy":"product_cat","embeddable":true,"href":"https:\/\/paracherkaoui.ma\/index.php\/wp-json\/wp\/v2\/product_cat?post=34208"},{"taxonomy":"product_tag","embeddable":true,"href":"https:\/\/paracherkaoui.ma\/index.php\/wp-json\/wp\/v2\/product_tag?post=34208"}],"curies":[{"name":"wp","href":"https:\/\/api.w.org\/{rel}","templated":true}]}}