{"id":34207,"date":"2025-12-12T18:51:39","date_gmt":"2025-12-12T17:51:39","guid":{"rendered":"https:\/\/test.ecbeaute.com\/?post_type=product&#038;p=34207"},"modified":"2025-12-12T18:51:46","modified_gmt":"2025-12-12T17:51:46","slug":"skinor-huile-damande-douce-250-ml-2","status":"publish","type":"product","link":"https:\/\/paracherkaoui.ma\/index.php\/produit\/skinor-huile-damande-douce-250-ml-2\/","title":{"rendered":"SKINOR HUILE D&rsquo;AMANDE DOUCE 250 ML"},"content":{"rendered":"<p>Mus\u00e9e de vitamines qui ne demande qu\u2019\u00e0 \u00eatre visit\u00e9, cette huile riche en vitamines A, B, Y et E doit tout \u00e0 l\u2019amande dont elle est issue, fruit \u00e0 \u00e9cale contenant une quantit\u00e9 de prot\u00e9ines et de min\u00e9raux importante.<br \/>\nL\u2019huile d\u2019amande douce SkinOr apporte une \u00e9lasticit\u00e9 magique \u00e0 la peau, puis acc\u00e9l\u00e8re la r\u00e9paration cellulaire en apportant les acides amin\u00e9s n\u00e9cessaires \u00e0 la formation du collag\u00e8ne. Elle fortifie la peau totalement et active toute sa r\u00e9paration. Parfaitement nourrissante et adoucissante, elle a, en outre, une texture l\u00e9g\u00e8re et suave, et est indiqu\u00e9e aussi pour les peaux sensibles.<\/p>\n","protected":false},"excerpt":{"rendered":"<p>Mus\u00e9e de vitamines qui ne demande qu\u2019\u00e0 \u00eatre visit\u00e9, cette huile riche en vitamines A, B, Y et E doit<\/p>\n","protected":false},"featured_media":17272,"comment_status":"open","ping_status":"closed","template":"","meta":[],"product_brand":[213],"product_cat":[618],"product_tag":[],"class_list":{"0":"post-34207","1":"product","2":"type-product","3":"status-publish","4":"has-post-thumbnail","6":"product_brand-skinor","7":"product_cat-hydratation-corps-corps","9":"first","10":"instock","11":"sale","12":"shipping-taxable","13":"purchasable","14":"product-type-simple"},"yoast_head":"<!-- This site is optimized with the Yoast SEO plugin v26.6 - https:\/\/yoast.com\/wordpress\/plugins\/seo\/ -->\r\n<title>SKINOR HUILE D&#039;AMANDE DOUCE 250 ML - Paracherkaoui.ma<\/title>\r\n<meta name=\"robots\" content=\"index, follow, max-snippet:-1, max-image-preview:large, max-video-preview:-1\" \/>\r\n<link rel=\"canonical\" href=\"https:\/\/paracherkaoui.ma\/index.php\/produit\/skinor-huile-damande-douce-250-ml-2\/\" \/>\r\n<meta property=\"og:locale\" content=\"fr_FR\" \/>\r\n<meta property=\"og:type\" content=\"article\" \/>\r\n<meta property=\"og:title\" content=\"SKINOR HUILE D&#039;AMANDE DOUCE 250 ML - Paracherkaoui.ma\" \/>\r\n<meta property=\"og:description\" content=\"Mus\u00e9e de vitamines qui ne demande qu\u2019\u00e0 \u00eatre visit\u00e9, cette huile riche en vitamines A, B, Y et E doit\" \/>\r\n<meta property=\"og:url\" content=\"https:\/\/paracherkaoui.ma\/index.php\/produit\/skinor-huile-damande-douce-250-ml-2\/\" \/>\r\n<meta property=\"og:site_name\" content=\"Paracherkaoui.ma\" \/>\r\n<meta property=\"article:modified_time\" content=\"2025-12-12T17:51:46+00:00\" \/>\r\n<meta property=\"og:image\" content=\"https:\/\/paracherkaoui.ma\/wp-content\/uploads\/2025\/12\/skinor-skinor-huile-damande-douce-250-ml-hydratation-corps.jpg\" \/>\r\n\t<meta property=\"og:image:width\" content=\"700\" \/>\r\n\t<meta property=\"og:image:height\" content=\"700\" \/>\r\n\t<meta property=\"og:image:type\" content=\"image\/jpeg\" \/>\r\n<meta name=\"twitter:card\" content=\"summary_large_image\" \/>\r\n<meta name=\"twitter:label1\" content=\"Dur\u00e9e de lecture estim\u00e9e\" \/>\n\t<meta name=\"twitter:data1\" content=\"1 minute\" \/>\r\n<script type=\"application\/ld+json\" class=\"yoast-schema-graph\">{\"@context\":\"https:\/\/schema.org\",\"@graph\":[{\"@type\":\"WebPage\",\"@id\":\"https:\/\/paracherkaoui.ma\/index.php\/produit\/skinor-huile-damande-douce-250-ml-2\/\",\"url\":\"https:\/\/paracherkaoui.ma\/index.php\/produit\/skinor-huile-damande-douce-250-ml-2\/\",\"name\":\"SKINOR HUILE D'AMANDE DOUCE 250 ML - Paracherkaoui.ma\",\"isPartOf\":{\"@id\":\"https:\/\/paracherkaoui.ma\/#website\"},\"primaryImageOfPage\":{\"@id\":\"https:\/\/paracherkaoui.ma\/index.php\/produit\/skinor-huile-damande-douce-250-ml-2\/#primaryimage\"},\"image\":{\"@id\":\"https:\/\/paracherkaoui.ma\/index.php\/produit\/skinor-huile-damande-douce-250-ml-2\/#primaryimage\"},\"thumbnailUrl\":\"https:\/\/paracherkaoui.ma\/wp-content\/uploads\/2025\/12\/skinor-skinor-huile-damande-douce-250-ml-hydratation-corps.jpg\",\"datePublished\":\"2025-12-12T17:51:39+00:00\",\"dateModified\":\"2025-12-12T17:51:46+00:00\",\"breadcrumb\":{\"@id\":\"https:\/\/paracherkaoui.ma\/index.php\/produit\/skinor-huile-damande-douce-250-ml-2\/#breadcrumb\"},\"inLanguage\":\"fr-FR\",\"potentialAction\":[{\"@type\":\"ReadAction\",\"target\":[\"https:\/\/paracherkaoui.ma\/index.php\/produit\/skinor-huile-damande-douce-250-ml-2\/\"]}]},{\"@type\":\"ImageObject\",\"inLanguage\":\"fr-FR\",\"@id\":\"https:\/\/paracherkaoui.ma\/index.php\/produit\/skinor-huile-damande-douce-250-ml-2\/#primaryimage\",\"url\":\"https:\/\/paracherkaoui.ma\/wp-content\/uploads\/2025\/12\/skinor-skinor-huile-damande-douce-250-ml-hydratation-corps.jpg\",\"contentUrl\":\"https:\/\/paracherkaoui.ma\/wp-content\/uploads\/2025\/12\/skinor-skinor-huile-damande-douce-250-ml-hydratation-corps.jpg\",\"width\":700,\"height\":700},{\"@type\":\"BreadcrumbList\",\"@id\":\"https:\/\/paracherkaoui.ma\/index.php\/produit\/skinor-huile-damande-douce-250-ml-2\/#breadcrumb\",\"itemListElement\":[{\"@type\":\"ListItem\",\"position\":1,\"name\":\"Accueil\",\"item\":\"https:\/\/paracherkaoui.ma\/\"},{\"@type\":\"ListItem\",\"position\":2,\"name\":\"Boutique\",\"item\":\"https:\/\/paracherkaoui.ma\/index.php\/boutique\/\"},{\"@type\":\"ListItem\",\"position\":3,\"name\":\"SKINOR HUILE D&rsquo;AMANDE DOUCE 250 ML\"}]},{\"@type\":\"WebSite\",\"@id\":\"https:\/\/paracherkaoui.ma\/#website\",\"url\":\"https:\/\/paracherkaoui.ma\/\",\"name\":\"Paracherkaoui.ma\",\"description\":\"Achetez en ligne sur Paracherkaoui.ma\",\"potentialAction\":[{\"@type\":\"SearchAction\",\"target\":{\"@type\":\"EntryPoint\",\"urlTemplate\":\"https:\/\/paracherkaoui.ma\/?s={search_term_string}\"},\"query-input\":{\"@type\":\"PropertyValueSpecification\",\"valueRequired\":true,\"valueName\":\"search_term_string\"}}],\"inLanguage\":\"fr-FR\"}]}<\/script>\r\n<!-- \/ Yoast SEO plugin. -->","yoast_head_json":{"title":"SKINOR HUILE D'AMANDE DOUCE 250 ML - Paracherkaoui.ma","robots":{"index":"index","follow":"follow","max-snippet":"max-snippet:-1","max-image-preview":"max-image-preview:large","max-video-preview":"max-video-preview:-1"},"canonical":"https:\/\/paracherkaoui.ma\/index.php\/produit\/skinor-huile-damande-douce-250-ml-2\/","og_locale":"fr_FR","og_type":"article","og_title":"SKINOR HUILE D'AMANDE DOUCE 250 ML - Paracherkaoui.ma","og_description":"Mus\u00e9e de vitamines qui ne demande qu\u2019\u00e0 \u00eatre visit\u00e9, cette huile riche en vitamines A, B, Y et E doit","og_url":"https:\/\/paracherkaoui.ma\/index.php\/produit\/skinor-huile-damande-douce-250-ml-2\/","og_site_name":"Paracherkaoui.ma","article_modified_time":"2025-12-12T17:51:46+00:00","og_image":[{"width":700,"height":700,"url":"https:\/\/paracherkaoui.ma\/wp-content\/uploads\/2025\/12\/skinor-skinor-huile-damande-douce-250-ml-hydratation-corps.jpg","type":"image\/jpeg"}],"twitter_card":"summary_large_image","twitter_misc":{"Dur\u00e9e de lecture estim\u00e9e":"1 minute"},"schema":{"@context":"https:\/\/schema.org","@graph":[{"@type":"WebPage","@id":"https:\/\/paracherkaoui.ma\/index.php\/produit\/skinor-huile-damande-douce-250-ml-2\/","url":"https:\/\/paracherkaoui.ma\/index.php\/produit\/skinor-huile-damande-douce-250-ml-2\/","name":"SKINOR HUILE D'AMANDE DOUCE 250 ML - Paracherkaoui.ma","isPartOf":{"@id":"https:\/\/paracherkaoui.ma\/#website"},"primaryImageOfPage":{"@id":"https:\/\/paracherkaoui.ma\/index.php\/produit\/skinor-huile-damande-douce-250-ml-2\/#primaryimage"},"image":{"@id":"https:\/\/paracherkaoui.ma\/index.php\/produit\/skinor-huile-damande-douce-250-ml-2\/#primaryimage"},"thumbnailUrl":"https:\/\/paracherkaoui.ma\/wp-content\/uploads\/2025\/12\/skinor-skinor-huile-damande-douce-250-ml-hydratation-corps.jpg","datePublished":"2025-12-12T17:51:39+00:00","dateModified":"2025-12-12T17:51:46+00:00","breadcrumb":{"@id":"https:\/\/paracherkaoui.ma\/index.php\/produit\/skinor-huile-damande-douce-250-ml-2\/#breadcrumb"},"inLanguage":"fr-FR","potentialAction":[{"@type":"ReadAction","target":["https:\/\/paracherkaoui.ma\/index.php\/produit\/skinor-huile-damande-douce-250-ml-2\/"]}]},{"@type":"ImageObject","inLanguage":"fr-FR","@id":"https:\/\/paracherkaoui.ma\/index.php\/produit\/skinor-huile-damande-douce-250-ml-2\/#primaryimage","url":"https:\/\/paracherkaoui.ma\/wp-content\/uploads\/2025\/12\/skinor-skinor-huile-damande-douce-250-ml-hydratation-corps.jpg","contentUrl":"https:\/\/paracherkaoui.ma\/wp-content\/uploads\/2025\/12\/skinor-skinor-huile-damande-douce-250-ml-hydratation-corps.jpg","width":700,"height":700},{"@type":"BreadcrumbList","@id":"https:\/\/paracherkaoui.ma\/index.php\/produit\/skinor-huile-damande-douce-250-ml-2\/#breadcrumb","itemListElement":[{"@type":"ListItem","position":1,"name":"Accueil","item":"https:\/\/paracherkaoui.ma\/"},{"@type":"ListItem","position":2,"name":"Boutique","item":"https:\/\/paracherkaoui.ma\/index.php\/boutique\/"},{"@type":"ListItem","position":3,"name":"SKINOR HUILE D&rsquo;AMANDE DOUCE 250 ML"}]},{"@type":"WebSite","@id":"https:\/\/paracherkaoui.ma\/#website","url":"https:\/\/paracherkaoui.ma\/","name":"Paracherkaoui.ma","description":"Achetez en ligne sur Paracherkaoui.ma","potentialAction":[{"@type":"SearchAction","target":{"@type":"EntryPoint","urlTemplate":"https:\/\/paracherkaoui.ma\/?s={search_term_string}"},"query-input":{"@type":"PropertyValueSpecification","valueRequired":true,"valueName":"search_term_string"}}],"inLanguage":"fr-FR"}]}},"_links":{"self":[{"href":"https:\/\/paracherkaoui.ma\/index.php\/wp-json\/wp\/v2\/product\/34207","targetHints":{"allow":["GET"]}}],"collection":[{"href":"https:\/\/paracherkaoui.ma\/index.php\/wp-json\/wp\/v2\/product"}],"about":[{"href":"https:\/\/paracherkaoui.ma\/index.php\/wp-json\/wp\/v2\/types\/product"}],"replies":[{"embeddable":true,"href":"https:\/\/paracherkaoui.ma\/index.php\/wp-json\/wp\/v2\/comments?post=34207"}],"version-history":[{"count":1,"href":"https:\/\/paracherkaoui.ma\/index.php\/wp-json\/wp\/v2\/product\/34207\/revisions"}],"predecessor-version":[{"id":34248,"href":"https:\/\/paracherkaoui.ma\/index.php\/wp-json\/wp\/v2\/product\/34207\/revisions\/34248"}],"wp:featuredmedia":[{"embeddable":true,"href":"https:\/\/paracherkaoui.ma\/index.php\/wp-json\/wp\/v2\/media\/17272"}],"wp:attachment":[{"href":"https:\/\/paracherkaoui.ma\/index.php\/wp-json\/wp\/v2\/media?parent=34207"}],"wp:term":[{"taxonomy":"product_brand","embeddable":true,"href":"https:\/\/paracherkaoui.ma\/index.php\/wp-json\/wp\/v2\/product_brand?post=34207"},{"taxonomy":"product_cat","embeddable":true,"href":"https:\/\/paracherkaoui.ma\/index.php\/wp-json\/wp\/v2\/product_cat?post=34207"},{"taxonomy":"product_tag","embeddable":true,"href":"https:\/\/paracherkaoui.ma\/index.php\/wp-json\/wp\/v2\/product_tag?post=34207"}],"curies":[{"name":"wp","href":"https:\/\/api.w.org\/{rel}","templated":true}]}}