{"id":34132,"date":"2025-12-12T18:51:23","date_gmt":"2025-12-12T17:51:23","guid":{"rendered":"https:\/\/test.ecbeaute.com\/?post_type=product&#038;p=34132"},"modified":"2025-12-12T18:51:24","modified_gmt":"2025-12-12T17:51:24","slug":"vaseline-intensive-care-huile-corps-coco-200-ml","status":"publish","type":"product","link":"https:\/\/paracherkaoui.ma\/index.php\/produit\/vaseline-intensive-care-huile-corps-coco-200-ml\/","title":{"rendered":"VASELINE INTENSIVE CARE HUILE CORPS COCO 200 ML"},"content":{"rendered":"<p>Avec des beurres de cacao et de karit\u00e9 100 % purs, gu\u00e9rit la peau s\u00e8che pour un \u00e9clat naturel. Avec du beurre de cacao pur et des huiles r\u00e9g\u00e9n\u00e9rantes pour une peau d&rsquo;apparence saine et \u00e9clatante Retient l&rsquo;humidit\u00e9 pour aider \u00e0 revitaliser la peau s\u00e8che et d&rsquo;apparence terne Soigne la peau s\u00e8che pour un \u00e9clat \u00e9clatant avec une hydratation riche et non grasse Contient du beurre de cacao pur pour hydrater la peau s\u00e8che et favoriser une \u00e9clat naturel Contient des microgouttelettes de gel\u00e9e Vaseline\u00ae pour retenir l&rsquo;humidit\u00e9. Lotion corporelle quotidienne id\u00e9ale pour : peau s\u00e8che, peau terne.<br \/>\nConseils d&rsquo;utilisation:<br \/>\nAppliquez quelques gouttes et frottez sur la peau de la t\u00eate aux pieds. Mieux utilis\u00e9 lorsqu&rsquo;il est appliqu\u00e9 lorsque la peau est encore humide apr\u00e8s une douche ou un bain.<\/p>\n","protected":false},"excerpt":{"rendered":"<p>Avec des beurres de cacao et de karit\u00e9 100 % purs, gu\u00e9rit la peau s\u00e8che pour un \u00e9clat naturel. Avec<\/p>\n","protected":false},"featured_media":34155,"comment_status":"open","ping_status":"closed","template":"","meta":[],"product_brand":[538],"product_cat":[618],"product_tag":[],"class_list":{"0":"post-34132","1":"product","2":"type-product","3":"status-publish","4":"has-post-thumbnail","6":"product_brand-vaseline","7":"product_cat-hydratation-corps-corps","9":"first","10":"instock","11":"shipping-taxable","12":"purchasable","13":"product-type-simple"},"yoast_head":"<!-- This site is optimized with the Yoast SEO plugin v26.6 - https:\/\/yoast.com\/wordpress\/plugins\/seo\/ -->\r\n<title>VASELINE INTENSIVE CARE HUILE CORPS COCO 200 ML - Paracherkaoui.ma<\/title>\r\n<meta name=\"robots\" content=\"index, follow, max-snippet:-1, max-image-preview:large, max-video-preview:-1\" \/>\r\n<link rel=\"canonical\" href=\"https:\/\/paracherkaoui.ma\/index.php\/produit\/vaseline-intensive-care-huile-corps-coco-200-ml\/\" \/>\r\n<meta property=\"og:locale\" content=\"fr_FR\" \/>\r\n<meta property=\"og:type\" content=\"article\" \/>\r\n<meta property=\"og:title\" content=\"VASELINE INTENSIVE CARE HUILE CORPS COCO 200 ML - Paracherkaoui.ma\" \/>\r\n<meta property=\"og:description\" content=\"Avec des beurres de cacao et de karit\u00e9 100 % purs, gu\u00e9rit la peau s\u00e8che pour un \u00e9clat naturel. Avec\" \/>\r\n<meta property=\"og:url\" content=\"https:\/\/paracherkaoui.ma\/index.php\/produit\/vaseline-intensive-care-huile-corps-coco-200-ml\/\" \/>\r\n<meta property=\"og:site_name\" content=\"Paracherkaoui.ma\" \/>\r\n<meta property=\"article:modified_time\" content=\"2025-12-12T17:51:24+00:00\" \/>\r\n<meta property=\"og:image\" content=\"https:\/\/paracherkaoui.ma\/wp-content\/uploads\/2025\/12\/vaseline-vaseline-intensive-care-huile-corps-coco-200-ml-hydratation-corps.jpg\" \/>\r\n\t<meta property=\"og:image:width\" content=\"700\" \/>\r\n\t<meta property=\"og:image:height\" content=\"700\" \/>\r\n\t<meta property=\"og:image:type\" content=\"image\/jpeg\" \/>\r\n<meta name=\"twitter:card\" content=\"summary_large_image\" \/>\r\n<meta name=\"twitter:label1\" content=\"Dur\u00e9e de lecture estim\u00e9e\" \/>\n\t<meta name=\"twitter:data1\" content=\"1 minute\" \/>\r\n<script type=\"application\/ld+json\" class=\"yoast-schema-graph\">{\"@context\":\"https:\/\/schema.org\",\"@graph\":[{\"@type\":\"WebPage\",\"@id\":\"https:\/\/paracherkaoui.ma\/index.php\/produit\/vaseline-intensive-care-huile-corps-coco-200-ml\/\",\"url\":\"https:\/\/paracherkaoui.ma\/index.php\/produit\/vaseline-intensive-care-huile-corps-coco-200-ml\/\",\"name\":\"VASELINE INTENSIVE CARE HUILE CORPS COCO 200 ML - Paracherkaoui.ma\",\"isPartOf\":{\"@id\":\"https:\/\/paracherkaoui.ma\/#website\"},\"primaryImageOfPage\":{\"@id\":\"https:\/\/paracherkaoui.ma\/index.php\/produit\/vaseline-intensive-care-huile-corps-coco-200-ml\/#primaryimage\"},\"image\":{\"@id\":\"https:\/\/paracherkaoui.ma\/index.php\/produit\/vaseline-intensive-care-huile-corps-coco-200-ml\/#primaryimage\"},\"thumbnailUrl\":\"https:\/\/paracherkaoui.ma\/wp-content\/uploads\/2025\/12\/vaseline-vaseline-intensive-care-huile-corps-coco-200-ml-hydratation-corps.jpg\",\"datePublished\":\"2025-12-12T17:51:23+00:00\",\"dateModified\":\"2025-12-12T17:51:24+00:00\",\"breadcrumb\":{\"@id\":\"https:\/\/paracherkaoui.ma\/index.php\/produit\/vaseline-intensive-care-huile-corps-coco-200-ml\/#breadcrumb\"},\"inLanguage\":\"fr-FR\",\"potentialAction\":[{\"@type\":\"ReadAction\",\"target\":[\"https:\/\/paracherkaoui.ma\/index.php\/produit\/vaseline-intensive-care-huile-corps-coco-200-ml\/\"]}]},{\"@type\":\"ImageObject\",\"inLanguage\":\"fr-FR\",\"@id\":\"https:\/\/paracherkaoui.ma\/index.php\/produit\/vaseline-intensive-care-huile-corps-coco-200-ml\/#primaryimage\",\"url\":\"https:\/\/paracherkaoui.ma\/wp-content\/uploads\/2025\/12\/vaseline-vaseline-intensive-care-huile-corps-coco-200-ml-hydratation-corps.jpg\",\"contentUrl\":\"https:\/\/paracherkaoui.ma\/wp-content\/uploads\/2025\/12\/vaseline-vaseline-intensive-care-huile-corps-coco-200-ml-hydratation-corps.jpg\",\"width\":700,\"height\":700},{\"@type\":\"BreadcrumbList\",\"@id\":\"https:\/\/paracherkaoui.ma\/index.php\/produit\/vaseline-intensive-care-huile-corps-coco-200-ml\/#breadcrumb\",\"itemListElement\":[{\"@type\":\"ListItem\",\"position\":1,\"name\":\"Accueil\",\"item\":\"https:\/\/paracherkaoui.ma\/\"},{\"@type\":\"ListItem\",\"position\":2,\"name\":\"Boutique\",\"item\":\"https:\/\/paracherkaoui.ma\/index.php\/boutique\/\"},{\"@type\":\"ListItem\",\"position\":3,\"name\":\"VASELINE INTENSIVE CARE HUILE CORPS COCO 200 ML\"}]},{\"@type\":\"WebSite\",\"@id\":\"https:\/\/paracherkaoui.ma\/#website\",\"url\":\"https:\/\/paracherkaoui.ma\/\",\"name\":\"Paracherkaoui.ma\",\"description\":\"Achetez en ligne sur Paracherkaoui.ma\",\"potentialAction\":[{\"@type\":\"SearchAction\",\"target\":{\"@type\":\"EntryPoint\",\"urlTemplate\":\"https:\/\/paracherkaoui.ma\/?s={search_term_string}\"},\"query-input\":{\"@type\":\"PropertyValueSpecification\",\"valueRequired\":true,\"valueName\":\"search_term_string\"}}],\"inLanguage\":\"fr-FR\"}]}<\/script>\r\n<!-- \/ Yoast SEO plugin. -->","yoast_head_json":{"title":"VASELINE INTENSIVE CARE HUILE CORPS COCO 200 ML - Paracherkaoui.ma","robots":{"index":"index","follow":"follow","max-snippet":"max-snippet:-1","max-image-preview":"max-image-preview:large","max-video-preview":"max-video-preview:-1"},"canonical":"https:\/\/paracherkaoui.ma\/index.php\/produit\/vaseline-intensive-care-huile-corps-coco-200-ml\/","og_locale":"fr_FR","og_type":"article","og_title":"VASELINE INTENSIVE CARE HUILE CORPS COCO 200 ML - Paracherkaoui.ma","og_description":"Avec des beurres de cacao et de karit\u00e9 100 % purs, gu\u00e9rit la peau s\u00e8che pour un \u00e9clat naturel. Avec","og_url":"https:\/\/paracherkaoui.ma\/index.php\/produit\/vaseline-intensive-care-huile-corps-coco-200-ml\/","og_site_name":"Paracherkaoui.ma","article_modified_time":"2025-12-12T17:51:24+00:00","og_image":[{"width":700,"height":700,"url":"https:\/\/paracherkaoui.ma\/wp-content\/uploads\/2025\/12\/vaseline-vaseline-intensive-care-huile-corps-coco-200-ml-hydratation-corps.jpg","type":"image\/jpeg"}],"twitter_card":"summary_large_image","twitter_misc":{"Dur\u00e9e de lecture estim\u00e9e":"1 minute"},"schema":{"@context":"https:\/\/schema.org","@graph":[{"@type":"WebPage","@id":"https:\/\/paracherkaoui.ma\/index.php\/produit\/vaseline-intensive-care-huile-corps-coco-200-ml\/","url":"https:\/\/paracherkaoui.ma\/index.php\/produit\/vaseline-intensive-care-huile-corps-coco-200-ml\/","name":"VASELINE INTENSIVE CARE HUILE CORPS COCO 200 ML - Paracherkaoui.ma","isPartOf":{"@id":"https:\/\/paracherkaoui.ma\/#website"},"primaryImageOfPage":{"@id":"https:\/\/paracherkaoui.ma\/index.php\/produit\/vaseline-intensive-care-huile-corps-coco-200-ml\/#primaryimage"},"image":{"@id":"https:\/\/paracherkaoui.ma\/index.php\/produit\/vaseline-intensive-care-huile-corps-coco-200-ml\/#primaryimage"},"thumbnailUrl":"https:\/\/paracherkaoui.ma\/wp-content\/uploads\/2025\/12\/vaseline-vaseline-intensive-care-huile-corps-coco-200-ml-hydratation-corps.jpg","datePublished":"2025-12-12T17:51:23+00:00","dateModified":"2025-12-12T17:51:24+00:00","breadcrumb":{"@id":"https:\/\/paracherkaoui.ma\/index.php\/produit\/vaseline-intensive-care-huile-corps-coco-200-ml\/#breadcrumb"},"inLanguage":"fr-FR","potentialAction":[{"@type":"ReadAction","target":["https:\/\/paracherkaoui.ma\/index.php\/produit\/vaseline-intensive-care-huile-corps-coco-200-ml\/"]}]},{"@type":"ImageObject","inLanguage":"fr-FR","@id":"https:\/\/paracherkaoui.ma\/index.php\/produit\/vaseline-intensive-care-huile-corps-coco-200-ml\/#primaryimage","url":"https:\/\/paracherkaoui.ma\/wp-content\/uploads\/2025\/12\/vaseline-vaseline-intensive-care-huile-corps-coco-200-ml-hydratation-corps.jpg","contentUrl":"https:\/\/paracherkaoui.ma\/wp-content\/uploads\/2025\/12\/vaseline-vaseline-intensive-care-huile-corps-coco-200-ml-hydratation-corps.jpg","width":700,"height":700},{"@type":"BreadcrumbList","@id":"https:\/\/paracherkaoui.ma\/index.php\/produit\/vaseline-intensive-care-huile-corps-coco-200-ml\/#breadcrumb","itemListElement":[{"@type":"ListItem","position":1,"name":"Accueil","item":"https:\/\/paracherkaoui.ma\/"},{"@type":"ListItem","position":2,"name":"Boutique","item":"https:\/\/paracherkaoui.ma\/index.php\/boutique\/"},{"@type":"ListItem","position":3,"name":"VASELINE INTENSIVE CARE HUILE CORPS COCO 200 ML"}]},{"@type":"WebSite","@id":"https:\/\/paracherkaoui.ma\/#website","url":"https:\/\/paracherkaoui.ma\/","name":"Paracherkaoui.ma","description":"Achetez en ligne sur Paracherkaoui.ma","potentialAction":[{"@type":"SearchAction","target":{"@type":"EntryPoint","urlTemplate":"https:\/\/paracherkaoui.ma\/?s={search_term_string}"},"query-input":{"@type":"PropertyValueSpecification","valueRequired":true,"valueName":"search_term_string"}}],"inLanguage":"fr-FR"}]}},"_links":{"self":[{"href":"https:\/\/paracherkaoui.ma\/index.php\/wp-json\/wp\/v2\/product\/34132","targetHints":{"allow":["GET"]}}],"collection":[{"href":"https:\/\/paracherkaoui.ma\/index.php\/wp-json\/wp\/v2\/product"}],"about":[{"href":"https:\/\/paracherkaoui.ma\/index.php\/wp-json\/wp\/v2\/types\/product"}],"replies":[{"embeddable":true,"href":"https:\/\/paracherkaoui.ma\/index.php\/wp-json\/wp\/v2\/comments?post=34132"}],"version-history":[{"count":1,"href":"https:\/\/paracherkaoui.ma\/index.php\/wp-json\/wp\/v2\/product\/34132\/revisions"}],"predecessor-version":[{"id":34156,"href":"https:\/\/paracherkaoui.ma\/index.php\/wp-json\/wp\/v2\/product\/34132\/revisions\/34156"}],"wp:featuredmedia":[{"embeddable":true,"href":"https:\/\/paracherkaoui.ma\/index.php\/wp-json\/wp\/v2\/media\/34155"}],"wp:attachment":[{"href":"https:\/\/paracherkaoui.ma\/index.php\/wp-json\/wp\/v2\/media?parent=34132"}],"wp:term":[{"taxonomy":"product_brand","embeddable":true,"href":"https:\/\/paracherkaoui.ma\/index.php\/wp-json\/wp\/v2\/product_brand?post=34132"},{"taxonomy":"product_cat","embeddable":true,"href":"https:\/\/paracherkaoui.ma\/index.php\/wp-json\/wp\/v2\/product_cat?post=34132"},{"taxonomy":"product_tag","embeddable":true,"href":"https:\/\/paracherkaoui.ma\/index.php\/wp-json\/wp\/v2\/product_tag?post=34132"}],"curies":[{"name":"wp","href":"https:\/\/api.w.org\/{rel}","templated":true}]}}