{"id":34130,"date":"2025-12-12T18:51:22","date_gmt":"2025-12-12T17:51:22","guid":{"rendered":"https:\/\/test.ecbeaute.com\/?post_type=product&#038;p=34130"},"modified":"2025-12-12T18:51:24","modified_gmt":"2025-12-12T17:51:24","slug":"eclin-lait-eclaircissant-200-ml","status":"publish","type":"product","link":"https:\/\/paracherkaoui.ma\/index.php\/produit\/eclin-lait-eclaircissant-200-ml\/","title":{"rendered":"ECLIN LAIT ECLAIRCISSANT 200 ML"},"content":{"rendered":"<p>D\u00e9couvrez le Lait \u00c9claircissant ECLIN 200ml, la solution id\u00e9ale pour une peau \u00e9clatante, unifi\u00e9e et hydrat\u00e9e en profondeur. Formul\u00e9 avec des ingr\u00e9dients puissants comme l&rsquo;acide hyaluronique, la niacinamide (vitamine B3) et la vitamine C, ce lait \u00e9claircissant cible efficacement les taches brunes et les zones de pigmentation in\u00e9gale tout en apportant une hydratation intense. Gr\u00e2ce \u00e0 l\u2019acide hyaluronique, un hydratant naturel, votre peau reste souple et parfaitement nourrie, tandis que la niacinamide agit pour r\u00e9duire l&rsquo;apparence des taches sombres et am\u00e9liorer la texture de la peau. La vitamine C, quant \u00e0 elle, offre une protection antioxydante contre les radicaux libres, responsables du vieillissement cutan\u00e9 pr\u00e9matur\u00e9.<br \/>\nLe Lait \u00c9claircissant ECLIN est parfait pour une utilisation sur tout le corps, et est particuli\u00e8rement recommand\u00e9 pour les zones sp\u00e9cifiques sujettes aux irr\u00e9gularit\u00e9s pigmentaires, comme les coudes, les genoux ou les taches localis\u00e9es. En plus d\u2019unifier le teint, ce soin am\u00e9liore visiblement la luminosit\u00e9 de la peau, vous laissant une sensation de douceur et de souplesse tout au long de la journ\u00e9e.<br \/>\nConseils d&rsquo;utilisation :<br \/>\nApplication quotidienne : Appliquez g\u00e9n\u00e9reusement sur une peau propre et s\u00e8che, de pr\u00e9f\u00e9rence apr\u00e8s la douche, pour permettre une meilleure absorption.<\/p>\n","protected":false},"excerpt":{"rendered":"<p>D\u00e9couvrez le Lait \u00c9claircissant ECLIN 200ml, la solution id\u00e9ale pour une peau \u00e9clatante, unifi\u00e9e et hydrat\u00e9e en profondeur. Formul\u00e9 avec<\/p>\n","protected":false},"featured_media":34151,"comment_status":"open","ping_status":"closed","template":"","meta":[],"product_brand":[293],"product_cat":[618],"product_tag":[],"class_list":{"0":"post-34130","1":"product","2":"type-product","3":"status-publish","4":"has-post-thumbnail","6":"product_brand-eclin","7":"product_cat-hydratation-corps-corps","9":"first","10":"instock","11":"sale","12":"shipping-taxable","13":"purchasable","14":"product-type-simple"},"yoast_head":"<!-- This site is optimized with the Yoast SEO plugin v26.6 - https:\/\/yoast.com\/wordpress\/plugins\/seo\/ -->\r\n<title>ECLIN LAIT ECLAIRCISSANT 200 ML - Paracherkaoui.ma<\/title>\r\n<meta name=\"robots\" content=\"index, follow, max-snippet:-1, max-image-preview:large, max-video-preview:-1\" \/>\r\n<link rel=\"canonical\" href=\"https:\/\/paracherkaoui.ma\/index.php\/produit\/eclin-lait-eclaircissant-200-ml\/\" \/>\r\n<meta property=\"og:locale\" content=\"fr_FR\" \/>\r\n<meta property=\"og:type\" content=\"article\" \/>\r\n<meta property=\"og:title\" content=\"ECLIN LAIT ECLAIRCISSANT 200 ML - Paracherkaoui.ma\" \/>\r\n<meta property=\"og:description\" content=\"D\u00e9couvrez le Lait \u00c9claircissant ECLIN 200ml, la solution id\u00e9ale pour une peau \u00e9clatante, unifi\u00e9e et hydrat\u00e9e en profondeur. Formul\u00e9 avec\" \/>\r\n<meta property=\"og:url\" content=\"https:\/\/paracherkaoui.ma\/index.php\/produit\/eclin-lait-eclaircissant-200-ml\/\" \/>\r\n<meta property=\"og:site_name\" content=\"Paracherkaoui.ma\" \/>\r\n<meta property=\"article:modified_time\" content=\"2025-12-12T17:51:24+00:00\" \/>\r\n<meta property=\"og:image\" content=\"https:\/\/paracherkaoui.ma\/wp-content\/uploads\/2025\/12\/eclin-eclin-lait-eclaircissant-200-ml-hydratation-corps.jpg\" \/>\r\n\t<meta property=\"og:image:width\" content=\"700\" \/>\r\n\t<meta property=\"og:image:height\" content=\"700\" \/>\r\n\t<meta property=\"og:image:type\" content=\"image\/jpeg\" \/>\r\n<meta name=\"twitter:card\" content=\"summary_large_image\" \/>\r\n<meta name=\"twitter:label1\" content=\"Dur\u00e9e de lecture estim\u00e9e\" \/>\n\t<meta name=\"twitter:data1\" content=\"1 minute\" \/>\r\n<script type=\"application\/ld+json\" class=\"yoast-schema-graph\">{\"@context\":\"https:\/\/schema.org\",\"@graph\":[{\"@type\":\"WebPage\",\"@id\":\"https:\/\/paracherkaoui.ma\/index.php\/produit\/eclin-lait-eclaircissant-200-ml\/\",\"url\":\"https:\/\/paracherkaoui.ma\/index.php\/produit\/eclin-lait-eclaircissant-200-ml\/\",\"name\":\"ECLIN LAIT ECLAIRCISSANT 200 ML - Paracherkaoui.ma\",\"isPartOf\":{\"@id\":\"https:\/\/paracherkaoui.ma\/#website\"},\"primaryImageOfPage\":{\"@id\":\"https:\/\/paracherkaoui.ma\/index.php\/produit\/eclin-lait-eclaircissant-200-ml\/#primaryimage\"},\"image\":{\"@id\":\"https:\/\/paracherkaoui.ma\/index.php\/produit\/eclin-lait-eclaircissant-200-ml\/#primaryimage\"},\"thumbnailUrl\":\"https:\/\/paracherkaoui.ma\/wp-content\/uploads\/2025\/12\/eclin-eclin-lait-eclaircissant-200-ml-hydratation-corps.jpg\",\"datePublished\":\"2025-12-12T17:51:22+00:00\",\"dateModified\":\"2025-12-12T17:51:24+00:00\",\"breadcrumb\":{\"@id\":\"https:\/\/paracherkaoui.ma\/index.php\/produit\/eclin-lait-eclaircissant-200-ml\/#breadcrumb\"},\"inLanguage\":\"fr-FR\",\"potentialAction\":[{\"@type\":\"ReadAction\",\"target\":[\"https:\/\/paracherkaoui.ma\/index.php\/produit\/eclin-lait-eclaircissant-200-ml\/\"]}]},{\"@type\":\"ImageObject\",\"inLanguage\":\"fr-FR\",\"@id\":\"https:\/\/paracherkaoui.ma\/index.php\/produit\/eclin-lait-eclaircissant-200-ml\/#primaryimage\",\"url\":\"https:\/\/paracherkaoui.ma\/wp-content\/uploads\/2025\/12\/eclin-eclin-lait-eclaircissant-200-ml-hydratation-corps.jpg\",\"contentUrl\":\"https:\/\/paracherkaoui.ma\/wp-content\/uploads\/2025\/12\/eclin-eclin-lait-eclaircissant-200-ml-hydratation-corps.jpg\",\"width\":700,\"height\":700},{\"@type\":\"BreadcrumbList\",\"@id\":\"https:\/\/paracherkaoui.ma\/index.php\/produit\/eclin-lait-eclaircissant-200-ml\/#breadcrumb\",\"itemListElement\":[{\"@type\":\"ListItem\",\"position\":1,\"name\":\"Accueil\",\"item\":\"https:\/\/paracherkaoui.ma\/\"},{\"@type\":\"ListItem\",\"position\":2,\"name\":\"Boutique\",\"item\":\"https:\/\/paracherkaoui.ma\/index.php\/boutique\/\"},{\"@type\":\"ListItem\",\"position\":3,\"name\":\"ECLIN LAIT ECLAIRCISSANT 200 ML\"}]},{\"@type\":\"WebSite\",\"@id\":\"https:\/\/paracherkaoui.ma\/#website\",\"url\":\"https:\/\/paracherkaoui.ma\/\",\"name\":\"Paracherkaoui.ma\",\"description\":\"Achetez en ligne sur Paracherkaoui.ma\",\"potentialAction\":[{\"@type\":\"SearchAction\",\"target\":{\"@type\":\"EntryPoint\",\"urlTemplate\":\"https:\/\/paracherkaoui.ma\/?s={search_term_string}\"},\"query-input\":{\"@type\":\"PropertyValueSpecification\",\"valueRequired\":true,\"valueName\":\"search_term_string\"}}],\"inLanguage\":\"fr-FR\"}]}<\/script>\r\n<!-- \/ Yoast SEO plugin. -->","yoast_head_json":{"title":"ECLIN LAIT ECLAIRCISSANT 200 ML - Paracherkaoui.ma","robots":{"index":"index","follow":"follow","max-snippet":"max-snippet:-1","max-image-preview":"max-image-preview:large","max-video-preview":"max-video-preview:-1"},"canonical":"https:\/\/paracherkaoui.ma\/index.php\/produit\/eclin-lait-eclaircissant-200-ml\/","og_locale":"fr_FR","og_type":"article","og_title":"ECLIN LAIT ECLAIRCISSANT 200 ML - Paracherkaoui.ma","og_description":"D\u00e9couvrez le Lait \u00c9claircissant ECLIN 200ml, la solution id\u00e9ale pour une peau \u00e9clatante, unifi\u00e9e et hydrat\u00e9e en profondeur. Formul\u00e9 avec","og_url":"https:\/\/paracherkaoui.ma\/index.php\/produit\/eclin-lait-eclaircissant-200-ml\/","og_site_name":"Paracherkaoui.ma","article_modified_time":"2025-12-12T17:51:24+00:00","og_image":[{"width":700,"height":700,"url":"https:\/\/paracherkaoui.ma\/wp-content\/uploads\/2025\/12\/eclin-eclin-lait-eclaircissant-200-ml-hydratation-corps.jpg","type":"image\/jpeg"}],"twitter_card":"summary_large_image","twitter_misc":{"Dur\u00e9e de lecture estim\u00e9e":"1 minute"},"schema":{"@context":"https:\/\/schema.org","@graph":[{"@type":"WebPage","@id":"https:\/\/paracherkaoui.ma\/index.php\/produit\/eclin-lait-eclaircissant-200-ml\/","url":"https:\/\/paracherkaoui.ma\/index.php\/produit\/eclin-lait-eclaircissant-200-ml\/","name":"ECLIN LAIT ECLAIRCISSANT 200 ML - Paracherkaoui.ma","isPartOf":{"@id":"https:\/\/paracherkaoui.ma\/#website"},"primaryImageOfPage":{"@id":"https:\/\/paracherkaoui.ma\/index.php\/produit\/eclin-lait-eclaircissant-200-ml\/#primaryimage"},"image":{"@id":"https:\/\/paracherkaoui.ma\/index.php\/produit\/eclin-lait-eclaircissant-200-ml\/#primaryimage"},"thumbnailUrl":"https:\/\/paracherkaoui.ma\/wp-content\/uploads\/2025\/12\/eclin-eclin-lait-eclaircissant-200-ml-hydratation-corps.jpg","datePublished":"2025-12-12T17:51:22+00:00","dateModified":"2025-12-12T17:51:24+00:00","breadcrumb":{"@id":"https:\/\/paracherkaoui.ma\/index.php\/produit\/eclin-lait-eclaircissant-200-ml\/#breadcrumb"},"inLanguage":"fr-FR","potentialAction":[{"@type":"ReadAction","target":["https:\/\/paracherkaoui.ma\/index.php\/produit\/eclin-lait-eclaircissant-200-ml\/"]}]},{"@type":"ImageObject","inLanguage":"fr-FR","@id":"https:\/\/paracherkaoui.ma\/index.php\/produit\/eclin-lait-eclaircissant-200-ml\/#primaryimage","url":"https:\/\/paracherkaoui.ma\/wp-content\/uploads\/2025\/12\/eclin-eclin-lait-eclaircissant-200-ml-hydratation-corps.jpg","contentUrl":"https:\/\/paracherkaoui.ma\/wp-content\/uploads\/2025\/12\/eclin-eclin-lait-eclaircissant-200-ml-hydratation-corps.jpg","width":700,"height":700},{"@type":"BreadcrumbList","@id":"https:\/\/paracherkaoui.ma\/index.php\/produit\/eclin-lait-eclaircissant-200-ml\/#breadcrumb","itemListElement":[{"@type":"ListItem","position":1,"name":"Accueil","item":"https:\/\/paracherkaoui.ma\/"},{"@type":"ListItem","position":2,"name":"Boutique","item":"https:\/\/paracherkaoui.ma\/index.php\/boutique\/"},{"@type":"ListItem","position":3,"name":"ECLIN LAIT ECLAIRCISSANT 200 ML"}]},{"@type":"WebSite","@id":"https:\/\/paracherkaoui.ma\/#website","url":"https:\/\/paracherkaoui.ma\/","name":"Paracherkaoui.ma","description":"Achetez en ligne sur Paracherkaoui.ma","potentialAction":[{"@type":"SearchAction","target":{"@type":"EntryPoint","urlTemplate":"https:\/\/paracherkaoui.ma\/?s={search_term_string}"},"query-input":{"@type":"PropertyValueSpecification","valueRequired":true,"valueName":"search_term_string"}}],"inLanguage":"fr-FR"}]}},"_links":{"self":[{"href":"https:\/\/paracherkaoui.ma\/index.php\/wp-json\/wp\/v2\/product\/34130","targetHints":{"allow":["GET"]}}],"collection":[{"href":"https:\/\/paracherkaoui.ma\/index.php\/wp-json\/wp\/v2\/product"}],"about":[{"href":"https:\/\/paracherkaoui.ma\/index.php\/wp-json\/wp\/v2\/types\/product"}],"replies":[{"embeddable":true,"href":"https:\/\/paracherkaoui.ma\/index.php\/wp-json\/wp\/v2\/comments?post=34130"}],"version-history":[{"count":1,"href":"https:\/\/paracherkaoui.ma\/index.php\/wp-json\/wp\/v2\/product\/34130\/revisions"}],"predecessor-version":[{"id":34152,"href":"https:\/\/paracherkaoui.ma\/index.php\/wp-json\/wp\/v2\/product\/34130\/revisions\/34152"}],"wp:featuredmedia":[{"embeddable":true,"href":"https:\/\/paracherkaoui.ma\/index.php\/wp-json\/wp\/v2\/media\/34151"}],"wp:attachment":[{"href":"https:\/\/paracherkaoui.ma\/index.php\/wp-json\/wp\/v2\/media?parent=34130"}],"wp:term":[{"taxonomy":"product_brand","embeddable":true,"href":"https:\/\/paracherkaoui.ma\/index.php\/wp-json\/wp\/v2\/product_brand?post=34130"},{"taxonomy":"product_cat","embeddable":true,"href":"https:\/\/paracherkaoui.ma\/index.php\/wp-json\/wp\/v2\/product_cat?post=34130"},{"taxonomy":"product_tag","embeddable":true,"href":"https:\/\/paracherkaoui.ma\/index.php\/wp-json\/wp\/v2\/product_tag?post=34130"}],"curies":[{"name":"wp","href":"https:\/\/api.w.org\/{rel}","templated":true}]}}