{"id":33984,"date":"2025-12-12T18:51:04","date_gmt":"2025-12-12T17:51:04","guid":{"rendered":"https:\/\/test.ecbeaute.com\/?post_type=product&#038;p=33984"},"modified":"2025-12-12T18:51:11","modified_gmt":"2025-12-12T17:51:11","slug":"svr-sebiaclear-spray-corps-150-ml","status":"publish","type":"product","link":"https:\/\/paracherkaoui.ma\/index.php\/produit\/svr-sebiaclear-spray-corps-150-ml\/","title":{"rendered":"SVR SEBIACLEAR SPRAY CORPS 150 ML"},"content":{"rendered":"<p>D\u00e9couvrez le SVR Sebiaclear Spray Corps 150 ml, le soin anti-imperfections indispensable pour une peau nette et lisse sur le dos, les \u00e9paules et le d\u00e9collet\u00e9. Formul\u00e9 pour cibler efficacement les boutons et les imperfections du corps, ce spray dermatologique offre une r\u00e9duction visible de 40 % des imperfections d\u00e8s 2 semaines d\u2019utilisation r\u00e9guli\u00e8re, d\u2019apr\u00e8s des \u00e9tudes cliniques. Sa formule unique agit en profondeur pour d\u00e9sincruster les pores, pr\u00e9venir l\u2019apparition de nouvelles imperfections et lisser le grain de peau. En plus de traiter les boutons, ce spray att\u00e9nue les marques post-acn\u00e9, offrant ainsi une peau douce et sans d\u00e9fauts.<br \/>\nGr\u00e2ce \u00e0 son format pratique en spray, Sebiaclear Spray Corps facilite une application rapide et homog\u00e8ne, m\u00eame dans les zones difficiles d&rsquo;acc\u00e8s. Sa texture l\u00e9g\u00e8re et fra\u00eeche laisse un fini sec, non collant, id\u00e9al pour un usage quotidien sans sensation d&rsquo;inconfort. Que ce soit pour traiter les imperfections d\u00e9j\u00e0 pr\u00e9sentes ou pr\u00e9venir leur r\u00e9apparition, ce spray est parfait pour obtenir une peau plus nette et unifi\u00e9e au fil des jours.<br \/>\nConseils d&rsquo;utilisation :<br \/>\nApplication biquotidienne : Pour des r\u00e9sultats optimaux, appliquez le Sebiaclear Spray Corps matin et soir sur une peau propre et s\u00e8che. Vaporisez directement sur les zones concern\u00e9es (dos, \u00e9paules, d\u00e9collet\u00e9).<br \/>\nUsage cibl\u00e9 : Insistez sur les zones o\u00f9 les imperfections sont les plus tenaces pour une action renforc\u00e9e.<br \/>\nRoutine continue : Utilisez le spray sur le long terme pour pr\u00e9venir la r\u00e9apparition des boutons et maintenir une peau lisse et nette.<br \/>\nComposition :<br \/>\n8% GLUCONOLACTONE<br \/>\nPurifie et lisse la peau, diminue l\u2019apparence des pores pour une peau plus nette.<br \/>\n5% NIACINAMIDE<br \/>\nMulti-correcteur de r\u00e9f\u00e9rence, diminue la production de s\u00e9bum, pr\u00e9vient l\u2019apparition des marques et apaise la peau.<br \/>\n2% ACIDE LACTOBIONIQUE<br \/>\nAffine et lisse le grain de peau, r\u00e9duit et limite l\u2019apparition de nouvelles imperfections.<br \/>\n1% ZINC<br \/>\nR\u00e9gule l\u2019exc\u00e8s de s\u00e9bum.<\/p>\n","protected":false},"excerpt":{"rendered":"<p>D\u00e9couvrez le SVR Sebiaclear Spray Corps 150 ml, le soin anti-imperfections indispensable pour une peau nette et lisse sur le<\/p>\n","protected":false},"featured_media":34029,"comment_status":"open","ping_status":"closed","template":"","meta":[],"product_brand":[133],"product_cat":[618],"product_tag":[],"class_list":{"0":"post-33984","1":"product","2":"type-product","3":"status-publish","4":"has-post-thumbnail","6":"product_brand-svr","7":"product_cat-hydratation-corps-corps","9":"first","10":"instock","11":"sale","12":"shipping-taxable","13":"purchasable","14":"product-type-simple"},"yoast_head":"<!-- This site is optimized with the Yoast SEO plugin v26.6 - https:\/\/yoast.com\/wordpress\/plugins\/seo\/ -->\r\n<title>SVR SEBIACLEAR SPRAY CORPS 150 ML - Paracherkaoui.ma<\/title>\r\n<meta name=\"robots\" content=\"index, follow, max-snippet:-1, max-image-preview:large, max-video-preview:-1\" \/>\r\n<link rel=\"canonical\" href=\"https:\/\/paracherkaoui.ma\/index.php\/produit\/svr-sebiaclear-spray-corps-150-ml\/\" \/>\r\n<meta property=\"og:locale\" content=\"fr_FR\" \/>\r\n<meta property=\"og:type\" content=\"article\" \/>\r\n<meta property=\"og:title\" content=\"SVR SEBIACLEAR SPRAY CORPS 150 ML - Paracherkaoui.ma\" \/>\r\n<meta property=\"og:description\" content=\"D\u00e9couvrez le SVR Sebiaclear Spray Corps 150 ml, le soin anti-imperfections indispensable pour une peau nette et lisse sur le\" \/>\r\n<meta property=\"og:url\" content=\"https:\/\/paracherkaoui.ma\/index.php\/produit\/svr-sebiaclear-spray-corps-150-ml\/\" \/>\r\n<meta property=\"og:site_name\" content=\"Paracherkaoui.ma\" \/>\r\n<meta property=\"article:modified_time\" content=\"2025-12-12T17:51:11+00:00\" \/>\r\n<meta property=\"og:image\" content=\"https:\/\/paracherkaoui.ma\/wp-content\/uploads\/2025\/12\/svr-sebiaclear-spray-corps-150-ml.jpg\" \/>\r\n\t<meta property=\"og:image:width\" content=\"700\" \/>\r\n\t<meta property=\"og:image:height\" content=\"700\" \/>\r\n\t<meta property=\"og:image:type\" content=\"image\/jpeg\" \/>\r\n<meta name=\"twitter:card\" content=\"summary_large_image\" \/>\r\n<meta name=\"twitter:label1\" content=\"Dur\u00e9e de lecture estim\u00e9e\" \/>\n\t<meta name=\"twitter:data1\" content=\"2 minutes\" \/>\r\n<script type=\"application\/ld+json\" class=\"yoast-schema-graph\">{\"@context\":\"https:\/\/schema.org\",\"@graph\":[{\"@type\":\"WebPage\",\"@id\":\"https:\/\/paracherkaoui.ma\/index.php\/produit\/svr-sebiaclear-spray-corps-150-ml\/\",\"url\":\"https:\/\/paracherkaoui.ma\/index.php\/produit\/svr-sebiaclear-spray-corps-150-ml\/\",\"name\":\"SVR SEBIACLEAR SPRAY CORPS 150 ML - Paracherkaoui.ma\",\"isPartOf\":{\"@id\":\"https:\/\/paracherkaoui.ma\/#website\"},\"primaryImageOfPage\":{\"@id\":\"https:\/\/paracherkaoui.ma\/index.php\/produit\/svr-sebiaclear-spray-corps-150-ml\/#primaryimage\"},\"image\":{\"@id\":\"https:\/\/paracherkaoui.ma\/index.php\/produit\/svr-sebiaclear-spray-corps-150-ml\/#primaryimage\"},\"thumbnailUrl\":\"https:\/\/paracherkaoui.ma\/wp-content\/uploads\/2025\/12\/svr-sebiaclear-spray-corps-150-ml.jpg\",\"datePublished\":\"2025-12-12T17:51:04+00:00\",\"dateModified\":\"2025-12-12T17:51:11+00:00\",\"breadcrumb\":{\"@id\":\"https:\/\/paracherkaoui.ma\/index.php\/produit\/svr-sebiaclear-spray-corps-150-ml\/#breadcrumb\"},\"inLanguage\":\"fr-FR\",\"potentialAction\":[{\"@type\":\"ReadAction\",\"target\":[\"https:\/\/paracherkaoui.ma\/index.php\/produit\/svr-sebiaclear-spray-corps-150-ml\/\"]}]},{\"@type\":\"ImageObject\",\"inLanguage\":\"fr-FR\",\"@id\":\"https:\/\/paracherkaoui.ma\/index.php\/produit\/svr-sebiaclear-spray-corps-150-ml\/#primaryimage\",\"url\":\"https:\/\/paracherkaoui.ma\/wp-content\/uploads\/2025\/12\/svr-sebiaclear-spray-corps-150-ml.jpg\",\"contentUrl\":\"https:\/\/paracherkaoui.ma\/wp-content\/uploads\/2025\/12\/svr-sebiaclear-spray-corps-150-ml.jpg\",\"width\":700,\"height\":700},{\"@type\":\"BreadcrumbList\",\"@id\":\"https:\/\/paracherkaoui.ma\/index.php\/produit\/svr-sebiaclear-spray-corps-150-ml\/#breadcrumb\",\"itemListElement\":[{\"@type\":\"ListItem\",\"position\":1,\"name\":\"Accueil\",\"item\":\"https:\/\/paracherkaoui.ma\/\"},{\"@type\":\"ListItem\",\"position\":2,\"name\":\"Boutique\",\"item\":\"https:\/\/paracherkaoui.ma\/index.php\/boutique\/\"},{\"@type\":\"ListItem\",\"position\":3,\"name\":\"SVR SEBIACLEAR SPRAY CORPS 150 ML\"}]},{\"@type\":\"WebSite\",\"@id\":\"https:\/\/paracherkaoui.ma\/#website\",\"url\":\"https:\/\/paracherkaoui.ma\/\",\"name\":\"Paracherkaoui.ma\",\"description\":\"Achetez en ligne sur Paracherkaoui.ma\",\"potentialAction\":[{\"@type\":\"SearchAction\",\"target\":{\"@type\":\"EntryPoint\",\"urlTemplate\":\"https:\/\/paracherkaoui.ma\/?s={search_term_string}\"},\"query-input\":{\"@type\":\"PropertyValueSpecification\",\"valueRequired\":true,\"valueName\":\"search_term_string\"}}],\"inLanguage\":\"fr-FR\"}]}<\/script>\r\n<!-- \/ Yoast SEO plugin. -->","yoast_head_json":{"title":"SVR SEBIACLEAR SPRAY CORPS 150 ML - Paracherkaoui.ma","robots":{"index":"index","follow":"follow","max-snippet":"max-snippet:-1","max-image-preview":"max-image-preview:large","max-video-preview":"max-video-preview:-1"},"canonical":"https:\/\/paracherkaoui.ma\/index.php\/produit\/svr-sebiaclear-spray-corps-150-ml\/","og_locale":"fr_FR","og_type":"article","og_title":"SVR SEBIACLEAR SPRAY CORPS 150 ML - Paracherkaoui.ma","og_description":"D\u00e9couvrez le SVR Sebiaclear Spray Corps 150 ml, le soin anti-imperfections indispensable pour une peau nette et lisse sur le","og_url":"https:\/\/paracherkaoui.ma\/index.php\/produit\/svr-sebiaclear-spray-corps-150-ml\/","og_site_name":"Paracherkaoui.ma","article_modified_time":"2025-12-12T17:51:11+00:00","og_image":[{"width":700,"height":700,"url":"https:\/\/paracherkaoui.ma\/wp-content\/uploads\/2025\/12\/svr-sebiaclear-spray-corps-150-ml.jpg","type":"image\/jpeg"}],"twitter_card":"summary_large_image","twitter_misc":{"Dur\u00e9e de lecture estim\u00e9e":"2 minutes"},"schema":{"@context":"https:\/\/schema.org","@graph":[{"@type":"WebPage","@id":"https:\/\/paracherkaoui.ma\/index.php\/produit\/svr-sebiaclear-spray-corps-150-ml\/","url":"https:\/\/paracherkaoui.ma\/index.php\/produit\/svr-sebiaclear-spray-corps-150-ml\/","name":"SVR SEBIACLEAR SPRAY CORPS 150 ML - Paracherkaoui.ma","isPartOf":{"@id":"https:\/\/paracherkaoui.ma\/#website"},"primaryImageOfPage":{"@id":"https:\/\/paracherkaoui.ma\/index.php\/produit\/svr-sebiaclear-spray-corps-150-ml\/#primaryimage"},"image":{"@id":"https:\/\/paracherkaoui.ma\/index.php\/produit\/svr-sebiaclear-spray-corps-150-ml\/#primaryimage"},"thumbnailUrl":"https:\/\/paracherkaoui.ma\/wp-content\/uploads\/2025\/12\/svr-sebiaclear-spray-corps-150-ml.jpg","datePublished":"2025-12-12T17:51:04+00:00","dateModified":"2025-12-12T17:51:11+00:00","breadcrumb":{"@id":"https:\/\/paracherkaoui.ma\/index.php\/produit\/svr-sebiaclear-spray-corps-150-ml\/#breadcrumb"},"inLanguage":"fr-FR","potentialAction":[{"@type":"ReadAction","target":["https:\/\/paracherkaoui.ma\/index.php\/produit\/svr-sebiaclear-spray-corps-150-ml\/"]}]},{"@type":"ImageObject","inLanguage":"fr-FR","@id":"https:\/\/paracherkaoui.ma\/index.php\/produit\/svr-sebiaclear-spray-corps-150-ml\/#primaryimage","url":"https:\/\/paracherkaoui.ma\/wp-content\/uploads\/2025\/12\/svr-sebiaclear-spray-corps-150-ml.jpg","contentUrl":"https:\/\/paracherkaoui.ma\/wp-content\/uploads\/2025\/12\/svr-sebiaclear-spray-corps-150-ml.jpg","width":700,"height":700},{"@type":"BreadcrumbList","@id":"https:\/\/paracherkaoui.ma\/index.php\/produit\/svr-sebiaclear-spray-corps-150-ml\/#breadcrumb","itemListElement":[{"@type":"ListItem","position":1,"name":"Accueil","item":"https:\/\/paracherkaoui.ma\/"},{"@type":"ListItem","position":2,"name":"Boutique","item":"https:\/\/paracherkaoui.ma\/index.php\/boutique\/"},{"@type":"ListItem","position":3,"name":"SVR SEBIACLEAR SPRAY CORPS 150 ML"}]},{"@type":"WebSite","@id":"https:\/\/paracherkaoui.ma\/#website","url":"https:\/\/paracherkaoui.ma\/","name":"Paracherkaoui.ma","description":"Achetez en ligne sur Paracherkaoui.ma","potentialAction":[{"@type":"SearchAction","target":{"@type":"EntryPoint","urlTemplate":"https:\/\/paracherkaoui.ma\/?s={search_term_string}"},"query-input":{"@type":"PropertyValueSpecification","valueRequired":true,"valueName":"search_term_string"}}],"inLanguage":"fr-FR"}]}},"_links":{"self":[{"href":"https:\/\/paracherkaoui.ma\/index.php\/wp-json\/wp\/v2\/product\/33984","targetHints":{"allow":["GET"]}}],"collection":[{"href":"https:\/\/paracherkaoui.ma\/index.php\/wp-json\/wp\/v2\/product"}],"about":[{"href":"https:\/\/paracherkaoui.ma\/index.php\/wp-json\/wp\/v2\/types\/product"}],"replies":[{"embeddable":true,"href":"https:\/\/paracherkaoui.ma\/index.php\/wp-json\/wp\/v2\/comments?post=33984"}],"version-history":[{"count":1,"href":"https:\/\/paracherkaoui.ma\/index.php\/wp-json\/wp\/v2\/product\/33984\/revisions"}],"predecessor-version":[{"id":34030,"href":"https:\/\/paracherkaoui.ma\/index.php\/wp-json\/wp\/v2\/product\/33984\/revisions\/34030"}],"wp:featuredmedia":[{"embeddable":true,"href":"https:\/\/paracherkaoui.ma\/index.php\/wp-json\/wp\/v2\/media\/34029"}],"wp:attachment":[{"href":"https:\/\/paracherkaoui.ma\/index.php\/wp-json\/wp\/v2\/media?parent=33984"}],"wp:term":[{"taxonomy":"product_brand","embeddable":true,"href":"https:\/\/paracherkaoui.ma\/index.php\/wp-json\/wp\/v2\/product_brand?post=33984"},{"taxonomy":"product_cat","embeddable":true,"href":"https:\/\/paracherkaoui.ma\/index.php\/wp-json\/wp\/v2\/product_cat?post=33984"},{"taxonomy":"product_tag","embeddable":true,"href":"https:\/\/paracherkaoui.ma\/index.php\/wp-json\/wp\/v2\/product_tag?post=33984"}],"curies":[{"name":"wp","href":"https:\/\/api.w.org\/{rel}","templated":true}]}}