{"id":33964,"date":"2025-12-12T18:51:02","date_gmt":"2025-12-12T17:51:02","guid":{"rendered":"https:\/\/test.ecbeaute.com\/?post_type=product&#038;p=33964"},"modified":"2025-12-12T18:51:05","modified_gmt":"2025-12-12T17:51:05","slug":"nuhanciam-soin-corps-extreme-concentre-unifiant-reparateur-200-ml","status":"publish","type":"product","link":"https:\/\/paracherkaoui.ma\/index.php\/produit\/nuhanciam-soin-corps-extreme-concentre-unifiant-reparateur-200-ml\/","title":{"rendered":"NUHANCIAM SOIN CORPS EXTREME CONCENTRE UNIFIANT REPARATEUR 200 ML"},"content":{"rendered":"<p>Enrichi en actifs pr\u00e9cieux comme l\u2019Hydr\u00e9is et l\u2019Acide Hyaluronique sous forme de sel de sodium, ce soin procure une hydratation continue pendant 24 heures tout en restaurant la structure cutan\u00e9e. Les Huiles de Macadamia et de Chardon-Marie, associ\u00e9es au Beurre de Karit\u00e9, renforcent le film hydrolipidique et restaurent la barri\u00e8re cutan\u00e9e. De plus, l\u2019Extrait de Pois de C\u0153ur apaise les irritations et soulage les sensations d\u2019inconfort, tandis que l\u2019Alpha-Melight\u2122 agit sur les irr\u00e9gularit\u00e9s pigmentaires pour unifier le teint.<br \/>\nSa texture l\u00e9g\u00e8re, non grasse et non collante, p\u00e9n\u00e8tre instantan\u00e9ment pour une absorption rapide et un confort durable. Ce soin corporel se distingue \u00e9galement par sa capacit\u00e9 \u00e0 transformer la qualit\u00e9 de la peau, la rendant visiblement plus lisse, \u00e9clatante et homog\u00e8ne au fil des applications.<br \/>\nComposition<br \/>\nAqua (Water), Caprylic\/Capric Triglyceride, Glycerin, Silybum Marianum Seed Oil, Cetearyl Alcohol, Macadamia Integrifolia Seed Oil, Propanediol, Butyrospermum Parkii (Shea) Butter, C10-18 Triglycerides, PEG-20 Stearate, Dimethicone, Caprylyl Glycol, Phenethyl Alcohol, Xanthan Gum, Carbomer, Ethylhexylglycerin, Undecyl Alcohol, Tocopherol, Cardiospermum Halicacabum Seed Extract, Sodium Hyaluronate, Glycine Soja (Soybean) Oil, Hydrolyzed Beta-Glucan, Sodium Benzoate, potasium sobrate, citric acid, alcohol.<br \/>\nConseils d\u2019utilisation<br \/>\nApplication quotidienne : Appliquez g\u00e9n\u00e9reusement sur une peau propre et s\u00e8che apr\u00e8s la douche ou le bain.<br \/>\nInsister sur les zones s\u00e8ches : Concentrez-vous sur les zones les plus sujettes au dess\u00e8chement, comme les jambes, genoux et coudes.<br \/>\nTexture pratique : Gr\u00e2ce \u00e0 sa formule rapidement absorb\u00e9e, vous pouvez vous habiller imm\u00e9diatement apr\u00e8s l&rsquo;application.<\/p>\n","protected":false},"excerpt":{"rendered":"<p>Enrichi en actifs pr\u00e9cieux comme l\u2019Hydr\u00e9is et l\u2019Acide Hyaluronique sous forme de sel de sodium, ce soin procure une hydratation<\/p>\n","protected":false},"featured_media":33996,"comment_status":"open","ping_status":"closed","template":"","meta":[],"product_brand":[311],"product_cat":[618],"product_tag":[],"class_list":{"0":"post-33964","1":"product","2":"type-product","3":"status-publish","4":"has-post-thumbnail","6":"product_brand-nuhanciam","7":"product_cat-hydratation-corps-corps","9":"first","10":"instock","11":"sale","12":"shipping-taxable","13":"purchasable","14":"product-type-simple"},"yoast_head":"<!-- This site is optimized with the Yoast SEO plugin v26.6 - https:\/\/yoast.com\/wordpress\/plugins\/seo\/ -->\r\n<title>NUHANCIAM SOIN CORPS EXTREME CONCENTRE UNIFIANT REPARATEUR 200 ML - Paracherkaoui.ma<\/title>\r\n<meta name=\"robots\" content=\"index, follow, max-snippet:-1, max-image-preview:large, max-video-preview:-1\" \/>\r\n<link rel=\"canonical\" href=\"https:\/\/paracherkaoui.ma\/index.php\/produit\/nuhanciam-soin-corps-extreme-concentre-unifiant-reparateur-200-ml\/\" \/>\r\n<meta property=\"og:locale\" content=\"fr_FR\" \/>\r\n<meta property=\"og:type\" content=\"article\" \/>\r\n<meta property=\"og:title\" content=\"NUHANCIAM SOIN CORPS EXTREME CONCENTRE UNIFIANT REPARATEUR 200 ML - Paracherkaoui.ma\" \/>\r\n<meta property=\"og:description\" content=\"Enrichi en actifs pr\u00e9cieux comme l\u2019Hydr\u00e9is et l\u2019Acide Hyaluronique sous forme de sel de sodium, ce soin procure une hydratation\" \/>\r\n<meta property=\"og:url\" content=\"https:\/\/paracherkaoui.ma\/index.php\/produit\/nuhanciam-soin-corps-extreme-concentre-unifiant-reparateur-200-ml\/\" \/>\r\n<meta property=\"og:site_name\" content=\"Paracherkaoui.ma\" \/>\r\n<meta property=\"article:modified_time\" content=\"2025-12-12T17:51:05+00:00\" \/>\r\n<meta property=\"og:image\" content=\"https:\/\/paracherkaoui.ma\/wp-content\/uploads\/2025\/12\/nuhanciam-nuhanciam-soin-corps-extreme-concentre-unifiant-reparateur-200-ml-hydratation-corps.jpg\" \/>\r\n\t<meta property=\"og:image:width\" content=\"700\" \/>\r\n\t<meta property=\"og:image:height\" content=\"700\" \/>\r\n\t<meta property=\"og:image:type\" content=\"image\/jpeg\" \/>\r\n<meta name=\"twitter:card\" content=\"summary_large_image\" \/>\r\n<meta name=\"twitter:label1\" content=\"Dur\u00e9e de lecture estim\u00e9e\" \/>\n\t<meta name=\"twitter:data1\" content=\"1 minute\" \/>\r\n<script type=\"application\/ld+json\" class=\"yoast-schema-graph\">{\"@context\":\"https:\/\/schema.org\",\"@graph\":[{\"@type\":\"WebPage\",\"@id\":\"https:\/\/paracherkaoui.ma\/index.php\/produit\/nuhanciam-soin-corps-extreme-concentre-unifiant-reparateur-200-ml\/\",\"url\":\"https:\/\/paracherkaoui.ma\/index.php\/produit\/nuhanciam-soin-corps-extreme-concentre-unifiant-reparateur-200-ml\/\",\"name\":\"NUHANCIAM SOIN CORPS EXTREME CONCENTRE UNIFIANT REPARATEUR 200 ML - Paracherkaoui.ma\",\"isPartOf\":{\"@id\":\"https:\/\/paracherkaoui.ma\/#website\"},\"primaryImageOfPage\":{\"@id\":\"https:\/\/paracherkaoui.ma\/index.php\/produit\/nuhanciam-soin-corps-extreme-concentre-unifiant-reparateur-200-ml\/#primaryimage\"},\"image\":{\"@id\":\"https:\/\/paracherkaoui.ma\/index.php\/produit\/nuhanciam-soin-corps-extreme-concentre-unifiant-reparateur-200-ml\/#primaryimage\"},\"thumbnailUrl\":\"https:\/\/paracherkaoui.ma\/wp-content\/uploads\/2025\/12\/nuhanciam-nuhanciam-soin-corps-extreme-concentre-unifiant-reparateur-200-ml-hydratation-corps.jpg\",\"datePublished\":\"2025-12-12T17:51:02+00:00\",\"dateModified\":\"2025-12-12T17:51:05+00:00\",\"breadcrumb\":{\"@id\":\"https:\/\/paracherkaoui.ma\/index.php\/produit\/nuhanciam-soin-corps-extreme-concentre-unifiant-reparateur-200-ml\/#breadcrumb\"},\"inLanguage\":\"fr-FR\",\"potentialAction\":[{\"@type\":\"ReadAction\",\"target\":[\"https:\/\/paracherkaoui.ma\/index.php\/produit\/nuhanciam-soin-corps-extreme-concentre-unifiant-reparateur-200-ml\/\"]}]},{\"@type\":\"ImageObject\",\"inLanguage\":\"fr-FR\",\"@id\":\"https:\/\/paracherkaoui.ma\/index.php\/produit\/nuhanciam-soin-corps-extreme-concentre-unifiant-reparateur-200-ml\/#primaryimage\",\"url\":\"https:\/\/paracherkaoui.ma\/wp-content\/uploads\/2025\/12\/nuhanciam-nuhanciam-soin-corps-extreme-concentre-unifiant-reparateur-200-ml-hydratation-corps.jpg\",\"contentUrl\":\"https:\/\/paracherkaoui.ma\/wp-content\/uploads\/2025\/12\/nuhanciam-nuhanciam-soin-corps-extreme-concentre-unifiant-reparateur-200-ml-hydratation-corps.jpg\",\"width\":700,\"height\":700},{\"@type\":\"BreadcrumbList\",\"@id\":\"https:\/\/paracherkaoui.ma\/index.php\/produit\/nuhanciam-soin-corps-extreme-concentre-unifiant-reparateur-200-ml\/#breadcrumb\",\"itemListElement\":[{\"@type\":\"ListItem\",\"position\":1,\"name\":\"Accueil\",\"item\":\"https:\/\/paracherkaoui.ma\/\"},{\"@type\":\"ListItem\",\"position\":2,\"name\":\"Boutique\",\"item\":\"https:\/\/paracherkaoui.ma\/index.php\/boutique\/\"},{\"@type\":\"ListItem\",\"position\":3,\"name\":\"NUHANCIAM SOIN CORPS EXTREME CONCENTRE UNIFIANT REPARATEUR 200 ML\"}]},{\"@type\":\"WebSite\",\"@id\":\"https:\/\/paracherkaoui.ma\/#website\",\"url\":\"https:\/\/paracherkaoui.ma\/\",\"name\":\"Paracherkaoui.ma\",\"description\":\"Achetez en ligne sur Paracherkaoui.ma\",\"potentialAction\":[{\"@type\":\"SearchAction\",\"target\":{\"@type\":\"EntryPoint\",\"urlTemplate\":\"https:\/\/paracherkaoui.ma\/?s={search_term_string}\"},\"query-input\":{\"@type\":\"PropertyValueSpecification\",\"valueRequired\":true,\"valueName\":\"search_term_string\"}}],\"inLanguage\":\"fr-FR\"}]}<\/script>\r\n<!-- \/ Yoast SEO plugin. -->","yoast_head_json":{"title":"NUHANCIAM SOIN CORPS EXTREME CONCENTRE UNIFIANT REPARATEUR 200 ML - Paracherkaoui.ma","robots":{"index":"index","follow":"follow","max-snippet":"max-snippet:-1","max-image-preview":"max-image-preview:large","max-video-preview":"max-video-preview:-1"},"canonical":"https:\/\/paracherkaoui.ma\/index.php\/produit\/nuhanciam-soin-corps-extreme-concentre-unifiant-reparateur-200-ml\/","og_locale":"fr_FR","og_type":"article","og_title":"NUHANCIAM SOIN CORPS EXTREME CONCENTRE UNIFIANT REPARATEUR 200 ML - Paracherkaoui.ma","og_description":"Enrichi en actifs pr\u00e9cieux comme l\u2019Hydr\u00e9is et l\u2019Acide Hyaluronique sous forme de sel de sodium, ce soin procure une hydratation","og_url":"https:\/\/paracherkaoui.ma\/index.php\/produit\/nuhanciam-soin-corps-extreme-concentre-unifiant-reparateur-200-ml\/","og_site_name":"Paracherkaoui.ma","article_modified_time":"2025-12-12T17:51:05+00:00","og_image":[{"width":700,"height":700,"url":"https:\/\/paracherkaoui.ma\/wp-content\/uploads\/2025\/12\/nuhanciam-nuhanciam-soin-corps-extreme-concentre-unifiant-reparateur-200-ml-hydratation-corps.jpg","type":"image\/jpeg"}],"twitter_card":"summary_large_image","twitter_misc":{"Dur\u00e9e de lecture estim\u00e9e":"1 minute"},"schema":{"@context":"https:\/\/schema.org","@graph":[{"@type":"WebPage","@id":"https:\/\/paracherkaoui.ma\/index.php\/produit\/nuhanciam-soin-corps-extreme-concentre-unifiant-reparateur-200-ml\/","url":"https:\/\/paracherkaoui.ma\/index.php\/produit\/nuhanciam-soin-corps-extreme-concentre-unifiant-reparateur-200-ml\/","name":"NUHANCIAM SOIN CORPS EXTREME CONCENTRE UNIFIANT REPARATEUR 200 ML - Paracherkaoui.ma","isPartOf":{"@id":"https:\/\/paracherkaoui.ma\/#website"},"primaryImageOfPage":{"@id":"https:\/\/paracherkaoui.ma\/index.php\/produit\/nuhanciam-soin-corps-extreme-concentre-unifiant-reparateur-200-ml\/#primaryimage"},"image":{"@id":"https:\/\/paracherkaoui.ma\/index.php\/produit\/nuhanciam-soin-corps-extreme-concentre-unifiant-reparateur-200-ml\/#primaryimage"},"thumbnailUrl":"https:\/\/paracherkaoui.ma\/wp-content\/uploads\/2025\/12\/nuhanciam-nuhanciam-soin-corps-extreme-concentre-unifiant-reparateur-200-ml-hydratation-corps.jpg","datePublished":"2025-12-12T17:51:02+00:00","dateModified":"2025-12-12T17:51:05+00:00","breadcrumb":{"@id":"https:\/\/paracherkaoui.ma\/index.php\/produit\/nuhanciam-soin-corps-extreme-concentre-unifiant-reparateur-200-ml\/#breadcrumb"},"inLanguage":"fr-FR","potentialAction":[{"@type":"ReadAction","target":["https:\/\/paracherkaoui.ma\/index.php\/produit\/nuhanciam-soin-corps-extreme-concentre-unifiant-reparateur-200-ml\/"]}]},{"@type":"ImageObject","inLanguage":"fr-FR","@id":"https:\/\/paracherkaoui.ma\/index.php\/produit\/nuhanciam-soin-corps-extreme-concentre-unifiant-reparateur-200-ml\/#primaryimage","url":"https:\/\/paracherkaoui.ma\/wp-content\/uploads\/2025\/12\/nuhanciam-nuhanciam-soin-corps-extreme-concentre-unifiant-reparateur-200-ml-hydratation-corps.jpg","contentUrl":"https:\/\/paracherkaoui.ma\/wp-content\/uploads\/2025\/12\/nuhanciam-nuhanciam-soin-corps-extreme-concentre-unifiant-reparateur-200-ml-hydratation-corps.jpg","width":700,"height":700},{"@type":"BreadcrumbList","@id":"https:\/\/paracherkaoui.ma\/index.php\/produit\/nuhanciam-soin-corps-extreme-concentre-unifiant-reparateur-200-ml\/#breadcrumb","itemListElement":[{"@type":"ListItem","position":1,"name":"Accueil","item":"https:\/\/paracherkaoui.ma\/"},{"@type":"ListItem","position":2,"name":"Boutique","item":"https:\/\/paracherkaoui.ma\/index.php\/boutique\/"},{"@type":"ListItem","position":3,"name":"NUHANCIAM SOIN CORPS EXTREME CONCENTRE UNIFIANT REPARATEUR 200 ML"}]},{"@type":"WebSite","@id":"https:\/\/paracherkaoui.ma\/#website","url":"https:\/\/paracherkaoui.ma\/","name":"Paracherkaoui.ma","description":"Achetez en ligne sur Paracherkaoui.ma","potentialAction":[{"@type":"SearchAction","target":{"@type":"EntryPoint","urlTemplate":"https:\/\/paracherkaoui.ma\/?s={search_term_string}"},"query-input":{"@type":"PropertyValueSpecification","valueRequired":true,"valueName":"search_term_string"}}],"inLanguage":"fr-FR"}]}},"_links":{"self":[{"href":"https:\/\/paracherkaoui.ma\/index.php\/wp-json\/wp\/v2\/product\/33964","targetHints":{"allow":["GET"]}}],"collection":[{"href":"https:\/\/paracherkaoui.ma\/index.php\/wp-json\/wp\/v2\/product"}],"about":[{"href":"https:\/\/paracherkaoui.ma\/index.php\/wp-json\/wp\/v2\/types\/product"}],"replies":[{"embeddable":true,"href":"https:\/\/paracherkaoui.ma\/index.php\/wp-json\/wp\/v2\/comments?post=33964"}],"version-history":[{"count":1,"href":"https:\/\/paracherkaoui.ma\/index.php\/wp-json\/wp\/v2\/product\/33964\/revisions"}],"predecessor-version":[{"id":33997,"href":"https:\/\/paracherkaoui.ma\/index.php\/wp-json\/wp\/v2\/product\/33964\/revisions\/33997"}],"wp:featuredmedia":[{"embeddable":true,"href":"https:\/\/paracherkaoui.ma\/index.php\/wp-json\/wp\/v2\/media\/33996"}],"wp:attachment":[{"href":"https:\/\/paracherkaoui.ma\/index.php\/wp-json\/wp\/v2\/media?parent=33964"}],"wp:term":[{"taxonomy":"product_brand","embeddable":true,"href":"https:\/\/paracherkaoui.ma\/index.php\/wp-json\/wp\/v2\/product_brand?post=33964"},{"taxonomy":"product_cat","embeddable":true,"href":"https:\/\/paracherkaoui.ma\/index.php\/wp-json\/wp\/v2\/product_cat?post=33964"},{"taxonomy":"product_tag","embeddable":true,"href":"https:\/\/paracherkaoui.ma\/index.php\/wp-json\/wp\/v2\/product_tag?post=33964"}],"curies":[{"name":"wp","href":"https:\/\/api.w.org\/{rel}","templated":true}]}}