{"id":33897,"date":"2025-12-12T18:50:52","date_gmt":"2025-12-12T17:50:52","guid":{"rendered":"https:\/\/test.ecbeaute.com\/?post_type=product&#038;p=33897"},"modified":"2025-12-12T18:50:59","modified_gmt":"2025-12-12T17:50:59","slug":"isispharma-secalia-ato-baume-relipidant-apaisant-400-ml","status":"publish","type":"product","link":"https:\/\/paracherkaoui.ma\/index.php\/produit\/isispharma-secalia-ato-baume-relipidant-apaisant-400-ml\/","title":{"rendered":"ISISPHARMA SECALIA ATO BAUME RELIPIDANT APAISANT 400 ML"},"content":{"rendered":"<p>INDICATIONS &#038; PROPRI\u00c9T\u00c9S<br \/>\nSECALIA\u00ae BALM\u00a0soulage imm\u00e9diatement les\u00a0peaux s\u00e8ches et \u00e0 tendance atopique. Hautement concentr\u00e9 en agents \u00e9mollients, il relipide et r\u00e9pare la barri\u00e8re cutan\u00e9e tout en hydratant l\u2019\u00e9piderme jusqu\u2019\u00e0 8 heures. Prot\u00e9g\u00e9e des agressions ext\u00e9rieures, la peau retrouve confort et souplesse. Sa texture ultra-onctueuse ne colle pas et p\u00e9n\u00e8tre rapidement. Formule tr\u00e8s haute tol\u00e9rance.<\/p>\n","protected":false},"excerpt":{"rendered":"<p>INDICATIONS &#038; PROPRI\u00c9T\u00c9S SECALIA\u00ae BALM\u00a0soulage imm\u00e9diatement les\u00a0peaux s\u00e8ches et \u00e0 tendance atopique. Hautement concentr\u00e9 en agents \u00e9mollients, il relipide et<\/p>\n","protected":false},"featured_media":33941,"comment_status":"open","ping_status":"closed","template":"","meta":[],"product_brand":[321],"product_cat":[618],"product_tag":[],"class_list":{"0":"post-33897","1":"product","2":"type-product","3":"status-publish","4":"has-post-thumbnail","6":"product_brand-isispharma","7":"product_cat-hydratation-corps-corps","9":"first","10":"instock","11":"sale","12":"shipping-taxable","13":"purchasable","14":"product-type-simple"},"yoast_head":"<!-- This site is optimized with the Yoast SEO plugin v26.6 - https:\/\/yoast.com\/wordpress\/plugins\/seo\/ -->\r\n<title>ISISPHARMA SECALIA ATO BAUME RELIPIDANT APAISANT 400 ML - Paracherkaoui.ma<\/title>\r\n<meta name=\"robots\" content=\"index, follow, max-snippet:-1, max-image-preview:large, max-video-preview:-1\" \/>\r\n<link rel=\"canonical\" href=\"https:\/\/paracherkaoui.ma\/index.php\/produit\/isispharma-secalia-ato-baume-relipidant-apaisant-400-ml\/\" \/>\r\n<meta property=\"og:locale\" content=\"fr_FR\" \/>\r\n<meta property=\"og:type\" content=\"article\" \/>\r\n<meta property=\"og:title\" content=\"ISISPHARMA SECALIA ATO BAUME RELIPIDANT APAISANT 400 ML - Paracherkaoui.ma\" \/>\r\n<meta property=\"og:description\" content=\"INDICATIONS &#038; PROPRI\u00c9T\u00c9S SECALIA\u00ae BALM\u00a0soulage imm\u00e9diatement les\u00a0peaux s\u00e8ches et \u00e0 tendance atopique. Hautement concentr\u00e9 en agents \u00e9mollients, il relipide et\" \/>\r\n<meta property=\"og:url\" content=\"https:\/\/paracherkaoui.ma\/index.php\/produit\/isispharma-secalia-ato-baume-relipidant-apaisant-400-ml\/\" \/>\r\n<meta property=\"og:site_name\" content=\"Paracherkaoui.ma\" \/>\r\n<meta property=\"article:modified_time\" content=\"2025-12-12T17:50:59+00:00\" \/>\r\n<meta property=\"og:image\" content=\"https:\/\/paracherkaoui.ma\/wp-content\/uploads\/2025\/12\/isispharma-secalia-ato-baume-relipidant-apaisant-400-ml.jpg\" \/>\r\n\t<meta property=\"og:image:width\" content=\"700\" \/>\r\n\t<meta property=\"og:image:height\" content=\"700\" \/>\r\n\t<meta property=\"og:image:type\" content=\"image\/jpeg\" \/>\r\n<meta name=\"twitter:card\" content=\"summary_large_image\" \/>\r\n<script type=\"application\/ld+json\" class=\"yoast-schema-graph\">{\"@context\":\"https:\/\/schema.org\",\"@graph\":[{\"@type\":\"WebPage\",\"@id\":\"https:\/\/paracherkaoui.ma\/index.php\/produit\/isispharma-secalia-ato-baume-relipidant-apaisant-400-ml\/\",\"url\":\"https:\/\/paracherkaoui.ma\/index.php\/produit\/isispharma-secalia-ato-baume-relipidant-apaisant-400-ml\/\",\"name\":\"ISISPHARMA SECALIA ATO BAUME RELIPIDANT APAISANT 400 ML - Paracherkaoui.ma\",\"isPartOf\":{\"@id\":\"https:\/\/paracherkaoui.ma\/#website\"},\"primaryImageOfPage\":{\"@id\":\"https:\/\/paracherkaoui.ma\/index.php\/produit\/isispharma-secalia-ato-baume-relipidant-apaisant-400-ml\/#primaryimage\"},\"image\":{\"@id\":\"https:\/\/paracherkaoui.ma\/index.php\/produit\/isispharma-secalia-ato-baume-relipidant-apaisant-400-ml\/#primaryimage\"},\"thumbnailUrl\":\"https:\/\/paracherkaoui.ma\/wp-content\/uploads\/2025\/12\/isispharma-secalia-ato-baume-relipidant-apaisant-400-ml.jpg\",\"datePublished\":\"2025-12-12T17:50:52+00:00\",\"dateModified\":\"2025-12-12T17:50:59+00:00\",\"breadcrumb\":{\"@id\":\"https:\/\/paracherkaoui.ma\/index.php\/produit\/isispharma-secalia-ato-baume-relipidant-apaisant-400-ml\/#breadcrumb\"},\"inLanguage\":\"fr-FR\",\"potentialAction\":[{\"@type\":\"ReadAction\",\"target\":[\"https:\/\/paracherkaoui.ma\/index.php\/produit\/isispharma-secalia-ato-baume-relipidant-apaisant-400-ml\/\"]}]},{\"@type\":\"ImageObject\",\"inLanguage\":\"fr-FR\",\"@id\":\"https:\/\/paracherkaoui.ma\/index.php\/produit\/isispharma-secalia-ato-baume-relipidant-apaisant-400-ml\/#primaryimage\",\"url\":\"https:\/\/paracherkaoui.ma\/wp-content\/uploads\/2025\/12\/isispharma-secalia-ato-baume-relipidant-apaisant-400-ml.jpg\",\"contentUrl\":\"https:\/\/paracherkaoui.ma\/wp-content\/uploads\/2025\/12\/isispharma-secalia-ato-baume-relipidant-apaisant-400-ml.jpg\",\"width\":700,\"height\":700},{\"@type\":\"BreadcrumbList\",\"@id\":\"https:\/\/paracherkaoui.ma\/index.php\/produit\/isispharma-secalia-ato-baume-relipidant-apaisant-400-ml\/#breadcrumb\",\"itemListElement\":[{\"@type\":\"ListItem\",\"position\":1,\"name\":\"Accueil\",\"item\":\"https:\/\/paracherkaoui.ma\/\"},{\"@type\":\"ListItem\",\"position\":2,\"name\":\"Boutique\",\"item\":\"https:\/\/paracherkaoui.ma\/index.php\/boutique\/\"},{\"@type\":\"ListItem\",\"position\":3,\"name\":\"ISISPHARMA SECALIA ATO BAUME RELIPIDANT APAISANT 400 ML\"}]},{\"@type\":\"WebSite\",\"@id\":\"https:\/\/paracherkaoui.ma\/#website\",\"url\":\"https:\/\/paracherkaoui.ma\/\",\"name\":\"Paracherkaoui.ma\",\"description\":\"Achetez en ligne sur Paracherkaoui.ma\",\"potentialAction\":[{\"@type\":\"SearchAction\",\"target\":{\"@type\":\"EntryPoint\",\"urlTemplate\":\"https:\/\/paracherkaoui.ma\/?s={search_term_string}\"},\"query-input\":{\"@type\":\"PropertyValueSpecification\",\"valueRequired\":true,\"valueName\":\"search_term_string\"}}],\"inLanguage\":\"fr-FR\"}]}<\/script>\r\n<!-- \/ Yoast SEO plugin. -->","yoast_head_json":{"title":"ISISPHARMA SECALIA ATO BAUME RELIPIDANT APAISANT 400 ML - Paracherkaoui.ma","robots":{"index":"index","follow":"follow","max-snippet":"max-snippet:-1","max-image-preview":"max-image-preview:large","max-video-preview":"max-video-preview:-1"},"canonical":"https:\/\/paracherkaoui.ma\/index.php\/produit\/isispharma-secalia-ato-baume-relipidant-apaisant-400-ml\/","og_locale":"fr_FR","og_type":"article","og_title":"ISISPHARMA SECALIA ATO BAUME RELIPIDANT APAISANT 400 ML - Paracherkaoui.ma","og_description":"INDICATIONS &#038; PROPRI\u00c9T\u00c9S SECALIA\u00ae BALM\u00a0soulage imm\u00e9diatement les\u00a0peaux s\u00e8ches et \u00e0 tendance atopique. Hautement concentr\u00e9 en agents \u00e9mollients, il relipide et","og_url":"https:\/\/paracherkaoui.ma\/index.php\/produit\/isispharma-secalia-ato-baume-relipidant-apaisant-400-ml\/","og_site_name":"Paracherkaoui.ma","article_modified_time":"2025-12-12T17:50:59+00:00","og_image":[{"width":700,"height":700,"url":"https:\/\/paracherkaoui.ma\/wp-content\/uploads\/2025\/12\/isispharma-secalia-ato-baume-relipidant-apaisant-400-ml.jpg","type":"image\/jpeg"}],"twitter_card":"summary_large_image","schema":{"@context":"https:\/\/schema.org","@graph":[{"@type":"WebPage","@id":"https:\/\/paracherkaoui.ma\/index.php\/produit\/isispharma-secalia-ato-baume-relipidant-apaisant-400-ml\/","url":"https:\/\/paracherkaoui.ma\/index.php\/produit\/isispharma-secalia-ato-baume-relipidant-apaisant-400-ml\/","name":"ISISPHARMA SECALIA ATO BAUME RELIPIDANT APAISANT 400 ML - Paracherkaoui.ma","isPartOf":{"@id":"https:\/\/paracherkaoui.ma\/#website"},"primaryImageOfPage":{"@id":"https:\/\/paracherkaoui.ma\/index.php\/produit\/isispharma-secalia-ato-baume-relipidant-apaisant-400-ml\/#primaryimage"},"image":{"@id":"https:\/\/paracherkaoui.ma\/index.php\/produit\/isispharma-secalia-ato-baume-relipidant-apaisant-400-ml\/#primaryimage"},"thumbnailUrl":"https:\/\/paracherkaoui.ma\/wp-content\/uploads\/2025\/12\/isispharma-secalia-ato-baume-relipidant-apaisant-400-ml.jpg","datePublished":"2025-12-12T17:50:52+00:00","dateModified":"2025-12-12T17:50:59+00:00","breadcrumb":{"@id":"https:\/\/paracherkaoui.ma\/index.php\/produit\/isispharma-secalia-ato-baume-relipidant-apaisant-400-ml\/#breadcrumb"},"inLanguage":"fr-FR","potentialAction":[{"@type":"ReadAction","target":["https:\/\/paracherkaoui.ma\/index.php\/produit\/isispharma-secalia-ato-baume-relipidant-apaisant-400-ml\/"]}]},{"@type":"ImageObject","inLanguage":"fr-FR","@id":"https:\/\/paracherkaoui.ma\/index.php\/produit\/isispharma-secalia-ato-baume-relipidant-apaisant-400-ml\/#primaryimage","url":"https:\/\/paracherkaoui.ma\/wp-content\/uploads\/2025\/12\/isispharma-secalia-ato-baume-relipidant-apaisant-400-ml.jpg","contentUrl":"https:\/\/paracherkaoui.ma\/wp-content\/uploads\/2025\/12\/isispharma-secalia-ato-baume-relipidant-apaisant-400-ml.jpg","width":700,"height":700},{"@type":"BreadcrumbList","@id":"https:\/\/paracherkaoui.ma\/index.php\/produit\/isispharma-secalia-ato-baume-relipidant-apaisant-400-ml\/#breadcrumb","itemListElement":[{"@type":"ListItem","position":1,"name":"Accueil","item":"https:\/\/paracherkaoui.ma\/"},{"@type":"ListItem","position":2,"name":"Boutique","item":"https:\/\/paracherkaoui.ma\/index.php\/boutique\/"},{"@type":"ListItem","position":3,"name":"ISISPHARMA SECALIA ATO BAUME RELIPIDANT APAISANT 400 ML"}]},{"@type":"WebSite","@id":"https:\/\/paracherkaoui.ma\/#website","url":"https:\/\/paracherkaoui.ma\/","name":"Paracherkaoui.ma","description":"Achetez en ligne sur Paracherkaoui.ma","potentialAction":[{"@type":"SearchAction","target":{"@type":"EntryPoint","urlTemplate":"https:\/\/paracherkaoui.ma\/?s={search_term_string}"},"query-input":{"@type":"PropertyValueSpecification","valueRequired":true,"valueName":"search_term_string"}}],"inLanguage":"fr-FR"}]}},"_links":{"self":[{"href":"https:\/\/paracherkaoui.ma\/index.php\/wp-json\/wp\/v2\/product\/33897","targetHints":{"allow":["GET"]}}],"collection":[{"href":"https:\/\/paracherkaoui.ma\/index.php\/wp-json\/wp\/v2\/product"}],"about":[{"href":"https:\/\/paracherkaoui.ma\/index.php\/wp-json\/wp\/v2\/types\/product"}],"replies":[{"embeddable":true,"href":"https:\/\/paracherkaoui.ma\/index.php\/wp-json\/wp\/v2\/comments?post=33897"}],"version-history":[{"count":1,"href":"https:\/\/paracherkaoui.ma\/index.php\/wp-json\/wp\/v2\/product\/33897\/revisions"}],"predecessor-version":[{"id":33942,"href":"https:\/\/paracherkaoui.ma\/index.php\/wp-json\/wp\/v2\/product\/33897\/revisions\/33942"}],"wp:featuredmedia":[{"embeddable":true,"href":"https:\/\/paracherkaoui.ma\/index.php\/wp-json\/wp\/v2\/media\/33941"}],"wp:attachment":[{"href":"https:\/\/paracherkaoui.ma\/index.php\/wp-json\/wp\/v2\/media?parent=33897"}],"wp:term":[{"taxonomy":"product_brand","embeddable":true,"href":"https:\/\/paracherkaoui.ma\/index.php\/wp-json\/wp\/v2\/product_brand?post=33897"},{"taxonomy":"product_cat","embeddable":true,"href":"https:\/\/paracherkaoui.ma\/index.php\/wp-json\/wp\/v2\/product_cat?post=33897"},{"taxonomy":"product_tag","embeddable":true,"href":"https:\/\/paracherkaoui.ma\/index.php\/wp-json\/wp\/v2\/product_tag?post=33897"}],"curies":[{"name":"wp","href":"https:\/\/api.w.org\/{rel}","templated":true}]}}