{"id":33895,"date":"2025-12-12T18:50:52","date_gmt":"2025-12-12T17:50:52","guid":{"rendered":"https:\/\/test.ecbeaute.com\/?post_type=product&#038;p=33895"},"modified":"2025-12-12T18:50:58","modified_gmt":"2025-12-12T17:50:58","slug":"rilastil-xerolact-18-baume-100ml","status":"publish","type":"product","link":"https:\/\/paracherkaoui.ma\/index.php\/produit\/rilastil-xerolact-18-baume-100ml\/","title":{"rendered":"RILASTIL XEROLACT [18%] BAUME 100ML"},"content":{"rendered":"<p>Traitement \u00e9mollient et lissant, sp\u00e9cifique de l\u2019hyperk\u00e9ratose. Formul\u00e9 pour les peaux sujettes \u00e0 la x\u00e9rose, il r\u00e9duit l\u2019\u00e9paississement anormal de la peau et lui redonne son \u00e9lasticit\u00e9 physiologique. Id\u00e9al comme traitement adjuvant quotidien en cas d\u2019hyperk\u00e9ratose localis\u00e9e des coudes, genoux et talons, hyperk\u00e9ratose folliculaire et plantaire.<br \/>\nConseils d\u2019utilisation<br \/>\nAppliquer sur peau s\u00e8che et propre deux fois par jour ou plus sur les zones affect\u00e9es (s\u00e9cheresse, \u00e9paississement, desquamation), de pr\u00e9f\u00e9rence apr\u00e8s la douche ou le bain en utilisant Rilastil Xerolact Gel nettoyant.<br \/>\nComposition<br \/>\nAqua (Eau) \u2022 Lactate de sodium \u2022 Glyc\u00e9rine \u2022 Isohexad\u00e9cane \u2022 Isononyl isononanoate \u2022 Cyclopentasiloxane \u2022 PEG-30 Dipolyhydroxyst\u00e9arate \u2022 Polyglyc\u00e9ryl-2 Dipolyhydroxyst\u00e9arate \u2022 Butyrospermum parkii (Karit\u00e9) Beurre \u2022 Huile de ricin hydrog\u00e9n\u00e9e \u2022 Acide de Zopher de magn\u00e9sium \u2022 Sulfate de magn\u00e9sium \u2022 ADN de sodium \u2022 C\u00e9tyl Dim\u00e9thicone \u2022 PEG-8 \u2022 Tocoph\u00e9rol \u2022 Palmitate d\u2019ascorbyle \u2022 Acide ascorbique \u2022 Acide citrique \u2022 Ph\u00e9noxy\u00e9thanol \u2022 \u00c9thylhexylglyc\u00e9rine \u2022 Parfum (Parfum).<\/p>\n","protected":false},"excerpt":{"rendered":"<p>Traitement \u00e9mollient et lissant, sp\u00e9cifique de l\u2019hyperk\u00e9ratose. Formul\u00e9 pour les peaux sujettes \u00e0 la x\u00e9rose, il r\u00e9duit l\u2019\u00e9paississement anormal de<\/p>\n","protected":false},"featured_media":33938,"comment_status":"open","ping_status":"closed","template":"","meta":[],"product_brand":[393],"product_cat":[618],"product_tag":[],"class_list":{"0":"post-33895","1":"product","2":"type-product","3":"status-publish","4":"has-post-thumbnail","6":"product_brand-rilastil","7":"product_cat-hydratation-corps-corps","9":"first","10":"instock","11":"sale","12":"shipping-taxable","13":"purchasable","14":"product-type-simple"},"yoast_head":"<!-- This site is optimized with the Yoast SEO plugin v26.6 - https:\/\/yoast.com\/wordpress\/plugins\/seo\/ -->\r\n<title>RILASTIL XEROLACT [18%] BAUME 100ML - Paracherkaoui.ma<\/title>\r\n<meta name=\"robots\" content=\"index, follow, max-snippet:-1, max-image-preview:large, max-video-preview:-1\" \/>\r\n<link rel=\"canonical\" href=\"https:\/\/paracherkaoui.ma\/index.php\/produit\/rilastil-xerolact-18-baume-100ml\/\" \/>\r\n<meta property=\"og:locale\" content=\"fr_FR\" \/>\r\n<meta property=\"og:type\" content=\"article\" \/>\r\n<meta property=\"og:title\" content=\"RILASTIL XEROLACT [18%] BAUME 100ML - Paracherkaoui.ma\" \/>\r\n<meta property=\"og:description\" content=\"Traitement \u00e9mollient et lissant, sp\u00e9cifique de l\u2019hyperk\u00e9ratose. Formul\u00e9 pour les peaux sujettes \u00e0 la x\u00e9rose, il r\u00e9duit l\u2019\u00e9paississement anormal de\" \/>\r\n<meta property=\"og:url\" content=\"https:\/\/paracherkaoui.ma\/index.php\/produit\/rilastil-xerolact-18-baume-100ml\/\" \/>\r\n<meta property=\"og:site_name\" content=\"Paracherkaoui.ma\" \/>\r\n<meta property=\"article:modified_time\" content=\"2025-12-12T17:50:58+00:00\" \/>\r\n<meta property=\"og:image\" content=\"https:\/\/paracherkaoui.ma\/wp-content\/uploads\/2025\/12\/rilastil-rilastil-xerolact-18-baume-100ml-soins-hydratation-peaux-seches-et-atopiques.jpg\" \/>\r\n\t<meta property=\"og:image:width\" content=\"700\" \/>\r\n\t<meta property=\"og:image:height\" content=\"700\" \/>\r\n\t<meta property=\"og:image:type\" content=\"image\/jpeg\" \/>\r\n<meta name=\"twitter:card\" content=\"summary_large_image\" \/>\r\n<meta name=\"twitter:label1\" content=\"Dur\u00e9e de lecture estim\u00e9e\" \/>\n\t<meta name=\"twitter:data1\" content=\"1 minute\" \/>\r\n<script type=\"application\/ld+json\" class=\"yoast-schema-graph\">{\"@context\":\"https:\/\/schema.org\",\"@graph\":[{\"@type\":\"WebPage\",\"@id\":\"https:\/\/paracherkaoui.ma\/index.php\/produit\/rilastil-xerolact-18-baume-100ml\/\",\"url\":\"https:\/\/paracherkaoui.ma\/index.php\/produit\/rilastil-xerolact-18-baume-100ml\/\",\"name\":\"RILASTIL XEROLACT [18%] BAUME 100ML - Paracherkaoui.ma\",\"isPartOf\":{\"@id\":\"https:\/\/paracherkaoui.ma\/#website\"},\"primaryImageOfPage\":{\"@id\":\"https:\/\/paracherkaoui.ma\/index.php\/produit\/rilastil-xerolact-18-baume-100ml\/#primaryimage\"},\"image\":{\"@id\":\"https:\/\/paracherkaoui.ma\/index.php\/produit\/rilastil-xerolact-18-baume-100ml\/#primaryimage\"},\"thumbnailUrl\":\"https:\/\/paracherkaoui.ma\/wp-content\/uploads\/2025\/12\/rilastil-rilastil-xerolact-18-baume-100ml-soins-hydratation-peaux-seches-et-atopiques.jpg\",\"datePublished\":\"2025-12-12T17:50:52+00:00\",\"dateModified\":\"2025-12-12T17:50:58+00:00\",\"breadcrumb\":{\"@id\":\"https:\/\/paracherkaoui.ma\/index.php\/produit\/rilastil-xerolact-18-baume-100ml\/#breadcrumb\"},\"inLanguage\":\"fr-FR\",\"potentialAction\":[{\"@type\":\"ReadAction\",\"target\":[\"https:\/\/paracherkaoui.ma\/index.php\/produit\/rilastil-xerolact-18-baume-100ml\/\"]}]},{\"@type\":\"ImageObject\",\"inLanguage\":\"fr-FR\",\"@id\":\"https:\/\/paracherkaoui.ma\/index.php\/produit\/rilastil-xerolact-18-baume-100ml\/#primaryimage\",\"url\":\"https:\/\/paracherkaoui.ma\/wp-content\/uploads\/2025\/12\/rilastil-rilastil-xerolact-18-baume-100ml-soins-hydratation-peaux-seches-et-atopiques.jpg\",\"contentUrl\":\"https:\/\/paracherkaoui.ma\/wp-content\/uploads\/2025\/12\/rilastil-rilastil-xerolact-18-baume-100ml-soins-hydratation-peaux-seches-et-atopiques.jpg\",\"width\":700,\"height\":700},{\"@type\":\"BreadcrumbList\",\"@id\":\"https:\/\/paracherkaoui.ma\/index.php\/produit\/rilastil-xerolact-18-baume-100ml\/#breadcrumb\",\"itemListElement\":[{\"@type\":\"ListItem\",\"position\":1,\"name\":\"Accueil\",\"item\":\"https:\/\/paracherkaoui.ma\/\"},{\"@type\":\"ListItem\",\"position\":2,\"name\":\"Boutique\",\"item\":\"https:\/\/paracherkaoui.ma\/index.php\/boutique\/\"},{\"@type\":\"ListItem\",\"position\":3,\"name\":\"RILASTIL XEROLACT [18%] BAUME 100ML\"}]},{\"@type\":\"WebSite\",\"@id\":\"https:\/\/paracherkaoui.ma\/#website\",\"url\":\"https:\/\/paracherkaoui.ma\/\",\"name\":\"Paracherkaoui.ma\",\"description\":\"Achetez en ligne sur Paracherkaoui.ma\",\"potentialAction\":[{\"@type\":\"SearchAction\",\"target\":{\"@type\":\"EntryPoint\",\"urlTemplate\":\"https:\/\/paracherkaoui.ma\/?s={search_term_string}\"},\"query-input\":{\"@type\":\"PropertyValueSpecification\",\"valueRequired\":true,\"valueName\":\"search_term_string\"}}],\"inLanguage\":\"fr-FR\"}]}<\/script>\r\n<!-- \/ Yoast SEO plugin. -->","yoast_head_json":{"title":"RILASTIL XEROLACT [18%] BAUME 100ML - Paracherkaoui.ma","robots":{"index":"index","follow":"follow","max-snippet":"max-snippet:-1","max-image-preview":"max-image-preview:large","max-video-preview":"max-video-preview:-1"},"canonical":"https:\/\/paracherkaoui.ma\/index.php\/produit\/rilastil-xerolact-18-baume-100ml\/","og_locale":"fr_FR","og_type":"article","og_title":"RILASTIL XEROLACT [18%] BAUME 100ML - Paracherkaoui.ma","og_description":"Traitement \u00e9mollient et lissant, sp\u00e9cifique de l\u2019hyperk\u00e9ratose. Formul\u00e9 pour les peaux sujettes \u00e0 la x\u00e9rose, il r\u00e9duit l\u2019\u00e9paississement anormal de","og_url":"https:\/\/paracherkaoui.ma\/index.php\/produit\/rilastil-xerolact-18-baume-100ml\/","og_site_name":"Paracherkaoui.ma","article_modified_time":"2025-12-12T17:50:58+00:00","og_image":[{"width":700,"height":700,"url":"https:\/\/paracherkaoui.ma\/wp-content\/uploads\/2025\/12\/rilastil-rilastil-xerolact-18-baume-100ml-soins-hydratation-peaux-seches-et-atopiques.jpg","type":"image\/jpeg"}],"twitter_card":"summary_large_image","twitter_misc":{"Dur\u00e9e de lecture estim\u00e9e":"1 minute"},"schema":{"@context":"https:\/\/schema.org","@graph":[{"@type":"WebPage","@id":"https:\/\/paracherkaoui.ma\/index.php\/produit\/rilastil-xerolact-18-baume-100ml\/","url":"https:\/\/paracherkaoui.ma\/index.php\/produit\/rilastil-xerolact-18-baume-100ml\/","name":"RILASTIL XEROLACT [18%] BAUME 100ML - Paracherkaoui.ma","isPartOf":{"@id":"https:\/\/paracherkaoui.ma\/#website"},"primaryImageOfPage":{"@id":"https:\/\/paracherkaoui.ma\/index.php\/produit\/rilastil-xerolact-18-baume-100ml\/#primaryimage"},"image":{"@id":"https:\/\/paracherkaoui.ma\/index.php\/produit\/rilastil-xerolact-18-baume-100ml\/#primaryimage"},"thumbnailUrl":"https:\/\/paracherkaoui.ma\/wp-content\/uploads\/2025\/12\/rilastil-rilastil-xerolact-18-baume-100ml-soins-hydratation-peaux-seches-et-atopiques.jpg","datePublished":"2025-12-12T17:50:52+00:00","dateModified":"2025-12-12T17:50:58+00:00","breadcrumb":{"@id":"https:\/\/paracherkaoui.ma\/index.php\/produit\/rilastil-xerolact-18-baume-100ml\/#breadcrumb"},"inLanguage":"fr-FR","potentialAction":[{"@type":"ReadAction","target":["https:\/\/paracherkaoui.ma\/index.php\/produit\/rilastil-xerolact-18-baume-100ml\/"]}]},{"@type":"ImageObject","inLanguage":"fr-FR","@id":"https:\/\/paracherkaoui.ma\/index.php\/produit\/rilastil-xerolact-18-baume-100ml\/#primaryimage","url":"https:\/\/paracherkaoui.ma\/wp-content\/uploads\/2025\/12\/rilastil-rilastil-xerolact-18-baume-100ml-soins-hydratation-peaux-seches-et-atopiques.jpg","contentUrl":"https:\/\/paracherkaoui.ma\/wp-content\/uploads\/2025\/12\/rilastil-rilastil-xerolact-18-baume-100ml-soins-hydratation-peaux-seches-et-atopiques.jpg","width":700,"height":700},{"@type":"BreadcrumbList","@id":"https:\/\/paracherkaoui.ma\/index.php\/produit\/rilastil-xerolact-18-baume-100ml\/#breadcrumb","itemListElement":[{"@type":"ListItem","position":1,"name":"Accueil","item":"https:\/\/paracherkaoui.ma\/"},{"@type":"ListItem","position":2,"name":"Boutique","item":"https:\/\/paracherkaoui.ma\/index.php\/boutique\/"},{"@type":"ListItem","position":3,"name":"RILASTIL XEROLACT [18%] BAUME 100ML"}]},{"@type":"WebSite","@id":"https:\/\/paracherkaoui.ma\/#website","url":"https:\/\/paracherkaoui.ma\/","name":"Paracherkaoui.ma","description":"Achetez en ligne sur Paracherkaoui.ma","potentialAction":[{"@type":"SearchAction","target":{"@type":"EntryPoint","urlTemplate":"https:\/\/paracherkaoui.ma\/?s={search_term_string}"},"query-input":{"@type":"PropertyValueSpecification","valueRequired":true,"valueName":"search_term_string"}}],"inLanguage":"fr-FR"}]}},"_links":{"self":[{"href":"https:\/\/paracherkaoui.ma\/index.php\/wp-json\/wp\/v2\/product\/33895","targetHints":{"allow":["GET"]}}],"collection":[{"href":"https:\/\/paracherkaoui.ma\/index.php\/wp-json\/wp\/v2\/product"}],"about":[{"href":"https:\/\/paracherkaoui.ma\/index.php\/wp-json\/wp\/v2\/types\/product"}],"replies":[{"embeddable":true,"href":"https:\/\/paracherkaoui.ma\/index.php\/wp-json\/wp\/v2\/comments?post=33895"}],"version-history":[{"count":1,"href":"https:\/\/paracherkaoui.ma\/index.php\/wp-json\/wp\/v2\/product\/33895\/revisions"}],"predecessor-version":[{"id":33939,"href":"https:\/\/paracherkaoui.ma\/index.php\/wp-json\/wp\/v2\/product\/33895\/revisions\/33939"}],"wp:featuredmedia":[{"embeddable":true,"href":"https:\/\/paracherkaoui.ma\/index.php\/wp-json\/wp\/v2\/media\/33938"}],"wp:attachment":[{"href":"https:\/\/paracherkaoui.ma\/index.php\/wp-json\/wp\/v2\/media?parent=33895"}],"wp:term":[{"taxonomy":"product_brand","embeddable":true,"href":"https:\/\/paracherkaoui.ma\/index.php\/wp-json\/wp\/v2\/product_brand?post=33895"},{"taxonomy":"product_cat","embeddable":true,"href":"https:\/\/paracherkaoui.ma\/index.php\/wp-json\/wp\/v2\/product_cat?post=33895"},{"taxonomy":"product_tag","embeddable":true,"href":"https:\/\/paracherkaoui.ma\/index.php\/wp-json\/wp\/v2\/product_tag?post=33895"}],"curies":[{"name":"wp","href":"https:\/\/api.w.org\/{rel}","templated":true}]}}