{"id":33891,"date":"2025-12-12T18:50:52","date_gmt":"2025-12-12T17:50:52","guid":{"rendered":"https:\/\/test.ecbeaute.com\/?post_type=product&#038;p=33891"},"modified":"2025-12-12T18:50:57","modified_gmt":"2025-12-12T17:50:57","slug":"hei-poa-pur-tahiti-monoi-huile-parfum-tiare-100-ml","status":"publish","type":"product","link":"https:\/\/paracherkaoui.ma\/index.php\/produit\/hei-poa-pur-tahiti-monoi-huile-parfum-tiare-100-ml\/","title":{"rendered":"HEI POA PUR TAHITI MONOI HUILE PARFUM TIARE 100 ML"},"content":{"rendered":"<p>Le Pur Mono\u00ef de Tahiti AO parfum Tiar\u00e9 est un produit naturel et authentique\u00a0obtenu par la mac\u00e9ration de fleurs fra\u00eeches de Tiar\u00e9 dans l\u2019huile de Coco nomm\u00e9e \u00e9galement huile de Coprah. Soin embl\u00e9matique de Tahiti et secret de beaut\u00e9 ancestral des Polyn\u00e9siens, il peut \u00eatre utilis\u00e9\u00a0aussi bien pour le corps, les cheveux.\u00a0Par sa composition, le mono\u00ef est naturellement riche en acides gras\u00a0comme les om\u00e9ga 9 et 6, l\u2019acide laurique et en vitamine E (tocoph\u00e9rol).<br \/>\nAinsi, il hydrate*, r\u00e9pare et nourrit tous les types de peaux et tous les types de cheveux. Le mono\u00ef Tiar\u00e9 Hei Poa s\u2019utilise toute l\u2019ann\u00e9e, m\u00eame en hiver pour s\u2019\u00e9vader gr\u00e2ce \u00e0 l\u2019odeur fleurie du Tiar\u00e9\u2026 Une v\u00e9ritable parenth\u00e8se enchant\u00e9e dans son quotidien.<br \/>\nConseils d&rsquo;utilisation:<br \/>\nPrenez le flacon ferm\u00e9 et mettez sous un filet d\u2019eau chaude, par exemple sous la douche, avec la chaleur, le mono\u00ef redevient liquide et vous pourrez l\u2019utiliser \u00e0 la sortie de la douche. Le Best seller des mono\u00ef Hei Poa peut \u00eatre utilis\u00e9 de multiples mani\u00e8res :<br \/>\nen soin corps\u00a0apr\u00e8s la douche sur la peau humide, il p\u00e9n\u00e8tre rapidement sans fini gras.<br \/>\nen bain d\u2019huile cheveux, en pr\u00e9-shampoing ou simplement sur les pointes de cheveux humides, il hydrate la chevelure.<br \/>\nen massage, l\u2019huile fine et fluide est id\u00e9ale pour d\u00e9tendre le corps.<\/p>\n","protected":false},"excerpt":{"rendered":"<p>Le Pur Mono\u00ef de Tahiti AO parfum Tiar\u00e9 est un produit naturel et authentique\u00a0obtenu par la mac\u00e9ration de fleurs fra\u00eeches<\/p>\n","protected":false},"featured_media":33932,"comment_status":"open","ping_status":"closed","template":"","meta":[],"product_brand":[274],"product_cat":[618],"product_tag":[],"class_list":{"0":"post-33891","1":"product","2":"type-product","3":"status-publish","4":"has-post-thumbnail","6":"product_brand-hei-poa","7":"product_cat-hydratation-corps-corps","9":"first","10":"instock","11":"sale","12":"shipping-taxable","13":"purchasable","14":"product-type-simple"},"yoast_head":"<!-- This site is optimized with the Yoast SEO plugin v26.6 - https:\/\/yoast.com\/wordpress\/plugins\/seo\/ -->\r\n<title>HEI POA PUR TAHITI MONOI HUILE PARFUM TIARE 100 ML - Paracherkaoui.ma<\/title>\r\n<meta name=\"robots\" content=\"index, follow, max-snippet:-1, max-image-preview:large, max-video-preview:-1\" \/>\r\n<link rel=\"canonical\" href=\"https:\/\/paracherkaoui.ma\/index.php\/produit\/hei-poa-pur-tahiti-monoi-huile-parfum-tiare-100-ml\/\" \/>\r\n<meta property=\"og:locale\" content=\"fr_FR\" \/>\r\n<meta property=\"og:type\" content=\"article\" \/>\r\n<meta property=\"og:title\" content=\"HEI POA PUR TAHITI MONOI HUILE PARFUM TIARE 100 ML - Paracherkaoui.ma\" \/>\r\n<meta property=\"og:description\" content=\"Le Pur Mono\u00ef de Tahiti AO parfum Tiar\u00e9 est un produit naturel et authentique\u00a0obtenu par la mac\u00e9ration de fleurs fra\u00eeches\" \/>\r\n<meta property=\"og:url\" content=\"https:\/\/paracherkaoui.ma\/index.php\/produit\/hei-poa-pur-tahiti-monoi-huile-parfum-tiare-100-ml\/\" \/>\r\n<meta property=\"og:site_name\" content=\"Paracherkaoui.ma\" \/>\r\n<meta property=\"article:modified_time\" content=\"2025-12-12T17:50:57+00:00\" \/>\r\n<meta property=\"og:image\" content=\"https:\/\/paracherkaoui.ma\/wp-content\/uploads\/2025\/12\/hei-poa-hei-poa-pur-tahiti-monoi-huile-parfum-tiare-100-ml-hydratation-corps.jpg\" \/>\r\n\t<meta property=\"og:image:width\" content=\"700\" \/>\r\n\t<meta property=\"og:image:height\" content=\"700\" \/>\r\n\t<meta property=\"og:image:type\" content=\"image\/jpeg\" \/>\r\n<meta name=\"twitter:card\" content=\"summary_large_image\" \/>\r\n<meta name=\"twitter:label1\" content=\"Dur\u00e9e de lecture estim\u00e9e\" \/>\n\t<meta name=\"twitter:data1\" content=\"1 minute\" \/>\r\n<script type=\"application\/ld+json\" class=\"yoast-schema-graph\">{\"@context\":\"https:\/\/schema.org\",\"@graph\":[{\"@type\":\"WebPage\",\"@id\":\"https:\/\/paracherkaoui.ma\/index.php\/produit\/hei-poa-pur-tahiti-monoi-huile-parfum-tiare-100-ml\/\",\"url\":\"https:\/\/paracherkaoui.ma\/index.php\/produit\/hei-poa-pur-tahiti-monoi-huile-parfum-tiare-100-ml\/\",\"name\":\"HEI POA PUR TAHITI MONOI HUILE PARFUM TIARE 100 ML - Paracherkaoui.ma\",\"isPartOf\":{\"@id\":\"https:\/\/paracherkaoui.ma\/#website\"},\"primaryImageOfPage\":{\"@id\":\"https:\/\/paracherkaoui.ma\/index.php\/produit\/hei-poa-pur-tahiti-monoi-huile-parfum-tiare-100-ml\/#primaryimage\"},\"image\":{\"@id\":\"https:\/\/paracherkaoui.ma\/index.php\/produit\/hei-poa-pur-tahiti-monoi-huile-parfum-tiare-100-ml\/#primaryimage\"},\"thumbnailUrl\":\"https:\/\/paracherkaoui.ma\/wp-content\/uploads\/2025\/12\/hei-poa-hei-poa-pur-tahiti-monoi-huile-parfum-tiare-100-ml-hydratation-corps.jpg\",\"datePublished\":\"2025-12-12T17:50:52+00:00\",\"dateModified\":\"2025-12-12T17:50:57+00:00\",\"breadcrumb\":{\"@id\":\"https:\/\/paracherkaoui.ma\/index.php\/produit\/hei-poa-pur-tahiti-monoi-huile-parfum-tiare-100-ml\/#breadcrumb\"},\"inLanguage\":\"fr-FR\",\"potentialAction\":[{\"@type\":\"ReadAction\",\"target\":[\"https:\/\/paracherkaoui.ma\/index.php\/produit\/hei-poa-pur-tahiti-monoi-huile-parfum-tiare-100-ml\/\"]}]},{\"@type\":\"ImageObject\",\"inLanguage\":\"fr-FR\",\"@id\":\"https:\/\/paracherkaoui.ma\/index.php\/produit\/hei-poa-pur-tahiti-monoi-huile-parfum-tiare-100-ml\/#primaryimage\",\"url\":\"https:\/\/paracherkaoui.ma\/wp-content\/uploads\/2025\/12\/hei-poa-hei-poa-pur-tahiti-monoi-huile-parfum-tiare-100-ml-hydratation-corps.jpg\",\"contentUrl\":\"https:\/\/paracherkaoui.ma\/wp-content\/uploads\/2025\/12\/hei-poa-hei-poa-pur-tahiti-monoi-huile-parfum-tiare-100-ml-hydratation-corps.jpg\",\"width\":700,\"height\":700},{\"@type\":\"BreadcrumbList\",\"@id\":\"https:\/\/paracherkaoui.ma\/index.php\/produit\/hei-poa-pur-tahiti-monoi-huile-parfum-tiare-100-ml\/#breadcrumb\",\"itemListElement\":[{\"@type\":\"ListItem\",\"position\":1,\"name\":\"Accueil\",\"item\":\"https:\/\/paracherkaoui.ma\/\"},{\"@type\":\"ListItem\",\"position\":2,\"name\":\"Boutique\",\"item\":\"https:\/\/paracherkaoui.ma\/index.php\/boutique\/\"},{\"@type\":\"ListItem\",\"position\":3,\"name\":\"HEI POA PUR TAHITI MONOI HUILE PARFUM TIARE 100 ML\"}]},{\"@type\":\"WebSite\",\"@id\":\"https:\/\/paracherkaoui.ma\/#website\",\"url\":\"https:\/\/paracherkaoui.ma\/\",\"name\":\"Paracherkaoui.ma\",\"description\":\"Achetez en ligne sur Paracherkaoui.ma\",\"potentialAction\":[{\"@type\":\"SearchAction\",\"target\":{\"@type\":\"EntryPoint\",\"urlTemplate\":\"https:\/\/paracherkaoui.ma\/?s={search_term_string}\"},\"query-input\":{\"@type\":\"PropertyValueSpecification\",\"valueRequired\":true,\"valueName\":\"search_term_string\"}}],\"inLanguage\":\"fr-FR\"}]}<\/script>\r\n<!-- \/ Yoast SEO plugin. -->","yoast_head_json":{"title":"HEI POA PUR TAHITI MONOI HUILE PARFUM TIARE 100 ML - Paracherkaoui.ma","robots":{"index":"index","follow":"follow","max-snippet":"max-snippet:-1","max-image-preview":"max-image-preview:large","max-video-preview":"max-video-preview:-1"},"canonical":"https:\/\/paracherkaoui.ma\/index.php\/produit\/hei-poa-pur-tahiti-monoi-huile-parfum-tiare-100-ml\/","og_locale":"fr_FR","og_type":"article","og_title":"HEI POA PUR TAHITI MONOI HUILE PARFUM TIARE 100 ML - Paracherkaoui.ma","og_description":"Le Pur Mono\u00ef de Tahiti AO parfum Tiar\u00e9 est un produit naturel et authentique\u00a0obtenu par la mac\u00e9ration de fleurs fra\u00eeches","og_url":"https:\/\/paracherkaoui.ma\/index.php\/produit\/hei-poa-pur-tahiti-monoi-huile-parfum-tiare-100-ml\/","og_site_name":"Paracherkaoui.ma","article_modified_time":"2025-12-12T17:50:57+00:00","og_image":[{"width":700,"height":700,"url":"https:\/\/paracherkaoui.ma\/wp-content\/uploads\/2025\/12\/hei-poa-hei-poa-pur-tahiti-monoi-huile-parfum-tiare-100-ml-hydratation-corps.jpg","type":"image\/jpeg"}],"twitter_card":"summary_large_image","twitter_misc":{"Dur\u00e9e de lecture estim\u00e9e":"1 minute"},"schema":{"@context":"https:\/\/schema.org","@graph":[{"@type":"WebPage","@id":"https:\/\/paracherkaoui.ma\/index.php\/produit\/hei-poa-pur-tahiti-monoi-huile-parfum-tiare-100-ml\/","url":"https:\/\/paracherkaoui.ma\/index.php\/produit\/hei-poa-pur-tahiti-monoi-huile-parfum-tiare-100-ml\/","name":"HEI POA PUR TAHITI MONOI HUILE PARFUM TIARE 100 ML - Paracherkaoui.ma","isPartOf":{"@id":"https:\/\/paracherkaoui.ma\/#website"},"primaryImageOfPage":{"@id":"https:\/\/paracherkaoui.ma\/index.php\/produit\/hei-poa-pur-tahiti-monoi-huile-parfum-tiare-100-ml\/#primaryimage"},"image":{"@id":"https:\/\/paracherkaoui.ma\/index.php\/produit\/hei-poa-pur-tahiti-monoi-huile-parfum-tiare-100-ml\/#primaryimage"},"thumbnailUrl":"https:\/\/paracherkaoui.ma\/wp-content\/uploads\/2025\/12\/hei-poa-hei-poa-pur-tahiti-monoi-huile-parfum-tiare-100-ml-hydratation-corps.jpg","datePublished":"2025-12-12T17:50:52+00:00","dateModified":"2025-12-12T17:50:57+00:00","breadcrumb":{"@id":"https:\/\/paracherkaoui.ma\/index.php\/produit\/hei-poa-pur-tahiti-monoi-huile-parfum-tiare-100-ml\/#breadcrumb"},"inLanguage":"fr-FR","potentialAction":[{"@type":"ReadAction","target":["https:\/\/paracherkaoui.ma\/index.php\/produit\/hei-poa-pur-tahiti-monoi-huile-parfum-tiare-100-ml\/"]}]},{"@type":"ImageObject","inLanguage":"fr-FR","@id":"https:\/\/paracherkaoui.ma\/index.php\/produit\/hei-poa-pur-tahiti-monoi-huile-parfum-tiare-100-ml\/#primaryimage","url":"https:\/\/paracherkaoui.ma\/wp-content\/uploads\/2025\/12\/hei-poa-hei-poa-pur-tahiti-monoi-huile-parfum-tiare-100-ml-hydratation-corps.jpg","contentUrl":"https:\/\/paracherkaoui.ma\/wp-content\/uploads\/2025\/12\/hei-poa-hei-poa-pur-tahiti-monoi-huile-parfum-tiare-100-ml-hydratation-corps.jpg","width":700,"height":700},{"@type":"BreadcrumbList","@id":"https:\/\/paracherkaoui.ma\/index.php\/produit\/hei-poa-pur-tahiti-monoi-huile-parfum-tiare-100-ml\/#breadcrumb","itemListElement":[{"@type":"ListItem","position":1,"name":"Accueil","item":"https:\/\/paracherkaoui.ma\/"},{"@type":"ListItem","position":2,"name":"Boutique","item":"https:\/\/paracherkaoui.ma\/index.php\/boutique\/"},{"@type":"ListItem","position":3,"name":"HEI POA PUR TAHITI MONOI HUILE PARFUM TIARE 100 ML"}]},{"@type":"WebSite","@id":"https:\/\/paracherkaoui.ma\/#website","url":"https:\/\/paracherkaoui.ma\/","name":"Paracherkaoui.ma","description":"Achetez en ligne sur Paracherkaoui.ma","potentialAction":[{"@type":"SearchAction","target":{"@type":"EntryPoint","urlTemplate":"https:\/\/paracherkaoui.ma\/?s={search_term_string}"},"query-input":{"@type":"PropertyValueSpecification","valueRequired":true,"valueName":"search_term_string"}}],"inLanguage":"fr-FR"}]}},"_links":{"self":[{"href":"https:\/\/paracherkaoui.ma\/index.php\/wp-json\/wp\/v2\/product\/33891","targetHints":{"allow":["GET"]}}],"collection":[{"href":"https:\/\/paracherkaoui.ma\/index.php\/wp-json\/wp\/v2\/product"}],"about":[{"href":"https:\/\/paracherkaoui.ma\/index.php\/wp-json\/wp\/v2\/types\/product"}],"replies":[{"embeddable":true,"href":"https:\/\/paracherkaoui.ma\/index.php\/wp-json\/wp\/v2\/comments?post=33891"}],"version-history":[{"count":1,"href":"https:\/\/paracherkaoui.ma\/index.php\/wp-json\/wp\/v2\/product\/33891\/revisions"}],"predecessor-version":[{"id":33933,"href":"https:\/\/paracherkaoui.ma\/index.php\/wp-json\/wp\/v2\/product\/33891\/revisions\/33933"}],"wp:featuredmedia":[{"embeddable":true,"href":"https:\/\/paracherkaoui.ma\/index.php\/wp-json\/wp\/v2\/media\/33932"}],"wp:attachment":[{"href":"https:\/\/paracherkaoui.ma\/index.php\/wp-json\/wp\/v2\/media?parent=33891"}],"wp:term":[{"taxonomy":"product_brand","embeddable":true,"href":"https:\/\/paracherkaoui.ma\/index.php\/wp-json\/wp\/v2\/product_brand?post=33891"},{"taxonomy":"product_cat","embeddable":true,"href":"https:\/\/paracherkaoui.ma\/index.php\/wp-json\/wp\/v2\/product_cat?post=33891"},{"taxonomy":"product_tag","embeddable":true,"href":"https:\/\/paracherkaoui.ma\/index.php\/wp-json\/wp\/v2\/product_tag?post=33891"}],"curies":[{"name":"wp","href":"https:\/\/api.w.org\/{rel}","templated":true}]}}