{"id":33888,"date":"2025-12-12T18:50:52","date_gmt":"2025-12-12T17:50:52","guid":{"rendered":"https:\/\/test.ecbeaute.com\/?post_type=product&#038;p=33888"},"modified":"2025-12-12T18:50:56","modified_gmt":"2025-12-12T17:50:56","slug":"cattier-lait-corps-the-agrumes-500-ml","status":"publish","type":"product","link":"https:\/\/paracherkaoui.ma\/index.php\/produit\/cattier-lait-corps-the-agrumes-500-ml\/","title":{"rendered":"CATTIER LAIT CORPS THE AGRUMES 500 ML"},"content":{"rendered":"<p>Cattier Lait Corps R\u00e9g\u00e9n\u00e9rant 500 ml est un soin doux hydratant et r\u00e9g\u00e9n\u00e9rant pour le corps.Enrichi en extrait de papaye et en th\u00e9 blanc antioxydant, ce lait favorise le reouvellement cellulaire, assouplit et revitalise la peau, laissant une l\u00e9g\u00e8re odeur agrumes sur la peau.Certifi\u00e9 bio<\/p>\n<p>Conseils d&rsquo;utilisation:<br \/>\nAppliquer g\u00e9n\u00e9reusement sur tout le corps en insistant sur les zones s\u00e8ches. Masser jusqu\u2019\u00e0 compl\u00e8te absorption.Indication : Hydrater et r\u00e9g\u00e9n\u00e9rer l\u2019\u00e9piderme. Corps.<\/p>\n","protected":false},"excerpt":{"rendered":"<p>Cattier Lait Corps R\u00e9g\u00e9n\u00e9rant 500 ml est un soin doux hydratant et r\u00e9g\u00e9n\u00e9rant pour le corps.Enrichi en extrait de papaye<\/p>\n","protected":false},"featured_media":33926,"comment_status":"open","ping_status":"closed","template":"","meta":[],"product_brand":[187],"product_cat":[618],"product_tag":[],"class_list":{"0":"post-33888","1":"product","2":"type-product","3":"status-publish","4":"has-post-thumbnail","6":"product_brand-cattier","7":"product_cat-hydratation-corps-corps","9":"first","10":"instock","11":"shipping-taxable","12":"purchasable","13":"product-type-simple"},"yoast_head":"<!-- This site is optimized with the Yoast SEO plugin v26.6 - https:\/\/yoast.com\/wordpress\/plugins\/seo\/ -->\r\n<title>CATTIER LAIT CORPS THE AGRUMES 500 ML - Paracherkaoui.ma<\/title>\r\n<meta name=\"robots\" content=\"index, follow, max-snippet:-1, max-image-preview:large, max-video-preview:-1\" \/>\r\n<link rel=\"canonical\" href=\"https:\/\/paracherkaoui.ma\/index.php\/produit\/cattier-lait-corps-the-agrumes-500-ml\/\" \/>\r\n<meta property=\"og:locale\" content=\"fr_FR\" \/>\r\n<meta property=\"og:type\" content=\"article\" \/>\r\n<meta property=\"og:title\" content=\"CATTIER LAIT CORPS THE AGRUMES 500 ML - Paracherkaoui.ma\" \/>\r\n<meta property=\"og:description\" content=\"Cattier Lait Corps R\u00e9g\u00e9n\u00e9rant 500 ml est un soin doux hydratant et r\u00e9g\u00e9n\u00e9rant pour le corps.Enrichi en extrait de papaye\" \/>\r\n<meta property=\"og:url\" content=\"https:\/\/paracherkaoui.ma\/index.php\/produit\/cattier-lait-corps-the-agrumes-500-ml\/\" \/>\r\n<meta property=\"og:site_name\" content=\"Paracherkaoui.ma\" \/>\r\n<meta property=\"article:modified_time\" content=\"2025-12-12T17:50:56+00:00\" \/>\r\n<meta property=\"og:image\" content=\"https:\/\/paracherkaoui.ma\/wp-content\/uploads\/2025\/12\/cattier-cattier-lait-corps-the-agrumes-500-ml-hydratation-corps.jpg\" \/>\r\n\t<meta property=\"og:image:width\" content=\"700\" \/>\r\n\t<meta property=\"og:image:height\" content=\"700\" \/>\r\n\t<meta property=\"og:image:type\" content=\"image\/jpeg\" \/>\r\n<meta name=\"twitter:card\" content=\"summary_large_image\" \/>\r\n<script type=\"application\/ld+json\" class=\"yoast-schema-graph\">{\"@context\":\"https:\/\/schema.org\",\"@graph\":[{\"@type\":\"WebPage\",\"@id\":\"https:\/\/paracherkaoui.ma\/index.php\/produit\/cattier-lait-corps-the-agrumes-500-ml\/\",\"url\":\"https:\/\/paracherkaoui.ma\/index.php\/produit\/cattier-lait-corps-the-agrumes-500-ml\/\",\"name\":\"CATTIER LAIT CORPS THE AGRUMES 500 ML - Paracherkaoui.ma\",\"isPartOf\":{\"@id\":\"https:\/\/paracherkaoui.ma\/#website\"},\"primaryImageOfPage\":{\"@id\":\"https:\/\/paracherkaoui.ma\/index.php\/produit\/cattier-lait-corps-the-agrumes-500-ml\/#primaryimage\"},\"image\":{\"@id\":\"https:\/\/paracherkaoui.ma\/index.php\/produit\/cattier-lait-corps-the-agrumes-500-ml\/#primaryimage\"},\"thumbnailUrl\":\"https:\/\/paracherkaoui.ma\/wp-content\/uploads\/2025\/12\/cattier-cattier-lait-corps-the-agrumes-500-ml-hydratation-corps.jpg\",\"datePublished\":\"2025-12-12T17:50:52+00:00\",\"dateModified\":\"2025-12-12T17:50:56+00:00\",\"breadcrumb\":{\"@id\":\"https:\/\/paracherkaoui.ma\/index.php\/produit\/cattier-lait-corps-the-agrumes-500-ml\/#breadcrumb\"},\"inLanguage\":\"fr-FR\",\"potentialAction\":[{\"@type\":\"ReadAction\",\"target\":[\"https:\/\/paracherkaoui.ma\/index.php\/produit\/cattier-lait-corps-the-agrumes-500-ml\/\"]}]},{\"@type\":\"ImageObject\",\"inLanguage\":\"fr-FR\",\"@id\":\"https:\/\/paracherkaoui.ma\/index.php\/produit\/cattier-lait-corps-the-agrumes-500-ml\/#primaryimage\",\"url\":\"https:\/\/paracherkaoui.ma\/wp-content\/uploads\/2025\/12\/cattier-cattier-lait-corps-the-agrumes-500-ml-hydratation-corps.jpg\",\"contentUrl\":\"https:\/\/paracherkaoui.ma\/wp-content\/uploads\/2025\/12\/cattier-cattier-lait-corps-the-agrumes-500-ml-hydratation-corps.jpg\",\"width\":700,\"height\":700},{\"@type\":\"BreadcrumbList\",\"@id\":\"https:\/\/paracherkaoui.ma\/index.php\/produit\/cattier-lait-corps-the-agrumes-500-ml\/#breadcrumb\",\"itemListElement\":[{\"@type\":\"ListItem\",\"position\":1,\"name\":\"Accueil\",\"item\":\"https:\/\/paracherkaoui.ma\/\"},{\"@type\":\"ListItem\",\"position\":2,\"name\":\"Boutique\",\"item\":\"https:\/\/paracherkaoui.ma\/index.php\/boutique\/\"},{\"@type\":\"ListItem\",\"position\":3,\"name\":\"CATTIER LAIT CORPS THE AGRUMES 500 ML\"}]},{\"@type\":\"WebSite\",\"@id\":\"https:\/\/paracherkaoui.ma\/#website\",\"url\":\"https:\/\/paracherkaoui.ma\/\",\"name\":\"Paracherkaoui.ma\",\"description\":\"Achetez en ligne sur Paracherkaoui.ma\",\"potentialAction\":[{\"@type\":\"SearchAction\",\"target\":{\"@type\":\"EntryPoint\",\"urlTemplate\":\"https:\/\/paracherkaoui.ma\/?s={search_term_string}\"},\"query-input\":{\"@type\":\"PropertyValueSpecification\",\"valueRequired\":true,\"valueName\":\"search_term_string\"}}],\"inLanguage\":\"fr-FR\"}]}<\/script>\r\n<!-- \/ Yoast SEO plugin. -->","yoast_head_json":{"title":"CATTIER LAIT CORPS THE AGRUMES 500 ML - Paracherkaoui.ma","robots":{"index":"index","follow":"follow","max-snippet":"max-snippet:-1","max-image-preview":"max-image-preview:large","max-video-preview":"max-video-preview:-1"},"canonical":"https:\/\/paracherkaoui.ma\/index.php\/produit\/cattier-lait-corps-the-agrumes-500-ml\/","og_locale":"fr_FR","og_type":"article","og_title":"CATTIER LAIT CORPS THE AGRUMES 500 ML - Paracherkaoui.ma","og_description":"Cattier Lait Corps R\u00e9g\u00e9n\u00e9rant 500 ml est un soin doux hydratant et r\u00e9g\u00e9n\u00e9rant pour le corps.Enrichi en extrait de papaye","og_url":"https:\/\/paracherkaoui.ma\/index.php\/produit\/cattier-lait-corps-the-agrumes-500-ml\/","og_site_name":"Paracherkaoui.ma","article_modified_time":"2025-12-12T17:50:56+00:00","og_image":[{"width":700,"height":700,"url":"https:\/\/paracherkaoui.ma\/wp-content\/uploads\/2025\/12\/cattier-cattier-lait-corps-the-agrumes-500-ml-hydratation-corps.jpg","type":"image\/jpeg"}],"twitter_card":"summary_large_image","schema":{"@context":"https:\/\/schema.org","@graph":[{"@type":"WebPage","@id":"https:\/\/paracherkaoui.ma\/index.php\/produit\/cattier-lait-corps-the-agrumes-500-ml\/","url":"https:\/\/paracherkaoui.ma\/index.php\/produit\/cattier-lait-corps-the-agrumes-500-ml\/","name":"CATTIER LAIT CORPS THE AGRUMES 500 ML - Paracherkaoui.ma","isPartOf":{"@id":"https:\/\/paracherkaoui.ma\/#website"},"primaryImageOfPage":{"@id":"https:\/\/paracherkaoui.ma\/index.php\/produit\/cattier-lait-corps-the-agrumes-500-ml\/#primaryimage"},"image":{"@id":"https:\/\/paracherkaoui.ma\/index.php\/produit\/cattier-lait-corps-the-agrumes-500-ml\/#primaryimage"},"thumbnailUrl":"https:\/\/paracherkaoui.ma\/wp-content\/uploads\/2025\/12\/cattier-cattier-lait-corps-the-agrumes-500-ml-hydratation-corps.jpg","datePublished":"2025-12-12T17:50:52+00:00","dateModified":"2025-12-12T17:50:56+00:00","breadcrumb":{"@id":"https:\/\/paracherkaoui.ma\/index.php\/produit\/cattier-lait-corps-the-agrumes-500-ml\/#breadcrumb"},"inLanguage":"fr-FR","potentialAction":[{"@type":"ReadAction","target":["https:\/\/paracherkaoui.ma\/index.php\/produit\/cattier-lait-corps-the-agrumes-500-ml\/"]}]},{"@type":"ImageObject","inLanguage":"fr-FR","@id":"https:\/\/paracherkaoui.ma\/index.php\/produit\/cattier-lait-corps-the-agrumes-500-ml\/#primaryimage","url":"https:\/\/paracherkaoui.ma\/wp-content\/uploads\/2025\/12\/cattier-cattier-lait-corps-the-agrumes-500-ml-hydratation-corps.jpg","contentUrl":"https:\/\/paracherkaoui.ma\/wp-content\/uploads\/2025\/12\/cattier-cattier-lait-corps-the-agrumes-500-ml-hydratation-corps.jpg","width":700,"height":700},{"@type":"BreadcrumbList","@id":"https:\/\/paracherkaoui.ma\/index.php\/produit\/cattier-lait-corps-the-agrumes-500-ml\/#breadcrumb","itemListElement":[{"@type":"ListItem","position":1,"name":"Accueil","item":"https:\/\/paracherkaoui.ma\/"},{"@type":"ListItem","position":2,"name":"Boutique","item":"https:\/\/paracherkaoui.ma\/index.php\/boutique\/"},{"@type":"ListItem","position":3,"name":"CATTIER LAIT CORPS THE AGRUMES 500 ML"}]},{"@type":"WebSite","@id":"https:\/\/paracherkaoui.ma\/#website","url":"https:\/\/paracherkaoui.ma\/","name":"Paracherkaoui.ma","description":"Achetez en ligne sur Paracherkaoui.ma","potentialAction":[{"@type":"SearchAction","target":{"@type":"EntryPoint","urlTemplate":"https:\/\/paracherkaoui.ma\/?s={search_term_string}"},"query-input":{"@type":"PropertyValueSpecification","valueRequired":true,"valueName":"search_term_string"}}],"inLanguage":"fr-FR"}]}},"_links":{"self":[{"href":"https:\/\/paracherkaoui.ma\/index.php\/wp-json\/wp\/v2\/product\/33888","targetHints":{"allow":["GET"]}}],"collection":[{"href":"https:\/\/paracherkaoui.ma\/index.php\/wp-json\/wp\/v2\/product"}],"about":[{"href":"https:\/\/paracherkaoui.ma\/index.php\/wp-json\/wp\/v2\/types\/product"}],"replies":[{"embeddable":true,"href":"https:\/\/paracherkaoui.ma\/index.php\/wp-json\/wp\/v2\/comments?post=33888"}],"version-history":[{"count":1,"href":"https:\/\/paracherkaoui.ma\/index.php\/wp-json\/wp\/v2\/product\/33888\/revisions"}],"predecessor-version":[{"id":33927,"href":"https:\/\/paracherkaoui.ma\/index.php\/wp-json\/wp\/v2\/product\/33888\/revisions\/33927"}],"wp:featuredmedia":[{"embeddable":true,"href":"https:\/\/paracherkaoui.ma\/index.php\/wp-json\/wp\/v2\/media\/33926"}],"wp:attachment":[{"href":"https:\/\/paracherkaoui.ma\/index.php\/wp-json\/wp\/v2\/media?parent=33888"}],"wp:term":[{"taxonomy":"product_brand","embeddable":true,"href":"https:\/\/paracherkaoui.ma\/index.php\/wp-json\/wp\/v2\/product_brand?post=33888"},{"taxonomy":"product_cat","embeddable":true,"href":"https:\/\/paracherkaoui.ma\/index.php\/wp-json\/wp\/v2\/product_cat?post=33888"},{"taxonomy":"product_tag","embeddable":true,"href":"https:\/\/paracherkaoui.ma\/index.php\/wp-json\/wp\/v2\/product_tag?post=33888"}],"curies":[{"name":"wp","href":"https:\/\/api.w.org\/{rel}","templated":true}]}}