{"id":33886,"date":"2025-12-12T18:50:52","date_gmt":"2025-12-12T17:50:52","guid":{"rendered":"https:\/\/test.ecbeaute.com\/?post_type=product&#038;p=33886"},"modified":"2025-12-12T18:50:55","modified_gmt":"2025-12-12T17:50:55","slug":"onagrine-huile-de-soin-huile-native-150-ml","status":"publish","type":"product","link":"https:\/\/paracherkaoui.ma\/index.php\/produit\/onagrine-huile-de-soin-huile-native-150-ml\/","title":{"rendered":"ONAGRINE HUILE DE SOIN HUILE NATIVE 150 ML"},"content":{"rendered":"<p>Tout au long de l\u2019ann\u00e9e, la peau et les cheveux sont parfois fragilis\u00e9s, notamment \u00e0 cause d\u2019agressions ext\u00e9rieures. Onagrine a combin\u00e9 en un soin cocooning et sublimateur 6 huiles v\u00e9g\u00e9tales, qui nourrissent et r\u00e9g\u00e9n\u00e8rent la peau et les cheveux. Un v\u00e9ritable tr\u00e9sor de beaut\u00e9\u00a0!<br \/>\nS\u00e9lectionn\u00e9es aux 4 coins du monde pour leurs exceptionnelles vertus nourrissantes, les huiles de Macadamia et de Tournesol prot\u00e8gent\u00a0et hydratent. L\u2019huile d\u2019Amande douce adoucit\u00a0et assouplit\u00a0la peau et les cheveux. Combin\u00e9es \u00e0 ce subtil mariage, les huiles d\u2019Argan, de p\u00e9pins de Raisin et d\u2019Onagre r\u00e9g\u00e9n\u00e8rent et permettent de lutter contre le vieillissement cutan\u00e9.<br \/>\nLa peau et les cheveux sont ainsi magnifi\u00e9s.<br \/>\nSon enivrant parfum de Bergamote, d\u2019Abricot et de Jasmin r\u00e9sonne comme une douce invitation au voyage.<br \/>\nConseils d&rsquo;utilisation:<br \/>\nEt\u00e9 comme hiver, l\u2019Huile Native s\u2019utilise sur le visage, le corps et les cheveux. Elle est aussi id\u00e9ale apr\u00e8s une exposition au soleil pour r\u00e9g\u00e9n\u00e9rer et sublimer la peau bronz\u00e9e de l\u2019\u00e9t\u00e9.<br \/>\nQuelques gouttes d\u2019huile dans le bain vous procureront un profond moment de d\u00e9tente.<\/p>\n","protected":false},"excerpt":{"rendered":"<p>Tout au long de l\u2019ann\u00e9e, la peau et les cheveux sont parfois fragilis\u00e9s, notamment \u00e0 cause d\u2019agressions ext\u00e9rieures. Onagrine a<\/p>\n","protected":false},"featured_media":33922,"comment_status":"open","ping_status":"closed","template":"","meta":[],"product_brand":[396],"product_cat":[618],"product_tag":[],"class_list":{"0":"post-33886","1":"product","2":"type-product","3":"status-publish","4":"has-post-thumbnail","6":"product_brand-onagrine","7":"product_cat-hydratation-corps-corps","9":"first","10":"instock","11":"sale","12":"shipping-taxable","13":"purchasable","14":"product-type-simple"},"yoast_head":"<!-- This site is optimized with the Yoast SEO plugin v26.6 - https:\/\/yoast.com\/wordpress\/plugins\/seo\/ -->\r\n<title>ONAGRINE HUILE DE SOIN HUILE NATIVE 150 ML - Paracherkaoui.ma<\/title>\r\n<meta name=\"robots\" content=\"index, follow, max-snippet:-1, max-image-preview:large, max-video-preview:-1\" \/>\r\n<link rel=\"canonical\" href=\"https:\/\/paracherkaoui.ma\/index.php\/produit\/onagrine-huile-de-soin-huile-native-150-ml\/\" \/>\r\n<meta property=\"og:locale\" content=\"fr_FR\" \/>\r\n<meta property=\"og:type\" content=\"article\" \/>\r\n<meta property=\"og:title\" content=\"ONAGRINE HUILE DE SOIN HUILE NATIVE 150 ML - Paracherkaoui.ma\" \/>\r\n<meta property=\"og:description\" content=\"Tout au long de l\u2019ann\u00e9e, la peau et les cheveux sont parfois fragilis\u00e9s, notamment \u00e0 cause d\u2019agressions ext\u00e9rieures. Onagrine a\" \/>\r\n<meta property=\"og:url\" content=\"https:\/\/paracherkaoui.ma\/index.php\/produit\/onagrine-huile-de-soin-huile-native-150-ml\/\" \/>\r\n<meta property=\"og:site_name\" content=\"Paracherkaoui.ma\" \/>\r\n<meta property=\"article:modified_time\" content=\"2025-12-12T17:50:55+00:00\" \/>\r\n<meta property=\"og:image\" content=\"https:\/\/paracherkaoui.ma\/wp-content\/uploads\/2025\/12\/onagrine-onagrine-huile-de-soin-huile-native-150-ml-hydratation-corps.jpg\" \/>\r\n\t<meta property=\"og:image:width\" content=\"700\" \/>\r\n\t<meta property=\"og:image:height\" content=\"700\" \/>\r\n\t<meta property=\"og:image:type\" content=\"image\/jpeg\" \/>\r\n<meta name=\"twitter:card\" content=\"summary_large_image\" \/>\r\n<meta name=\"twitter:label1\" content=\"Dur\u00e9e de lecture estim\u00e9e\" \/>\n\t<meta name=\"twitter:data1\" content=\"1 minute\" \/>\r\n<script type=\"application\/ld+json\" class=\"yoast-schema-graph\">{\"@context\":\"https:\/\/schema.org\",\"@graph\":[{\"@type\":\"WebPage\",\"@id\":\"https:\/\/paracherkaoui.ma\/index.php\/produit\/onagrine-huile-de-soin-huile-native-150-ml\/\",\"url\":\"https:\/\/paracherkaoui.ma\/index.php\/produit\/onagrine-huile-de-soin-huile-native-150-ml\/\",\"name\":\"ONAGRINE HUILE DE SOIN HUILE NATIVE 150 ML - Paracherkaoui.ma\",\"isPartOf\":{\"@id\":\"https:\/\/paracherkaoui.ma\/#website\"},\"primaryImageOfPage\":{\"@id\":\"https:\/\/paracherkaoui.ma\/index.php\/produit\/onagrine-huile-de-soin-huile-native-150-ml\/#primaryimage\"},\"image\":{\"@id\":\"https:\/\/paracherkaoui.ma\/index.php\/produit\/onagrine-huile-de-soin-huile-native-150-ml\/#primaryimage\"},\"thumbnailUrl\":\"https:\/\/paracherkaoui.ma\/wp-content\/uploads\/2025\/12\/onagrine-onagrine-huile-de-soin-huile-native-150-ml-hydratation-corps.jpg\",\"datePublished\":\"2025-12-12T17:50:52+00:00\",\"dateModified\":\"2025-12-12T17:50:55+00:00\",\"breadcrumb\":{\"@id\":\"https:\/\/paracherkaoui.ma\/index.php\/produit\/onagrine-huile-de-soin-huile-native-150-ml\/#breadcrumb\"},\"inLanguage\":\"fr-FR\",\"potentialAction\":[{\"@type\":\"ReadAction\",\"target\":[\"https:\/\/paracherkaoui.ma\/index.php\/produit\/onagrine-huile-de-soin-huile-native-150-ml\/\"]}]},{\"@type\":\"ImageObject\",\"inLanguage\":\"fr-FR\",\"@id\":\"https:\/\/paracherkaoui.ma\/index.php\/produit\/onagrine-huile-de-soin-huile-native-150-ml\/#primaryimage\",\"url\":\"https:\/\/paracherkaoui.ma\/wp-content\/uploads\/2025\/12\/onagrine-onagrine-huile-de-soin-huile-native-150-ml-hydratation-corps.jpg\",\"contentUrl\":\"https:\/\/paracherkaoui.ma\/wp-content\/uploads\/2025\/12\/onagrine-onagrine-huile-de-soin-huile-native-150-ml-hydratation-corps.jpg\",\"width\":700,\"height\":700},{\"@type\":\"BreadcrumbList\",\"@id\":\"https:\/\/paracherkaoui.ma\/index.php\/produit\/onagrine-huile-de-soin-huile-native-150-ml\/#breadcrumb\",\"itemListElement\":[{\"@type\":\"ListItem\",\"position\":1,\"name\":\"Accueil\",\"item\":\"https:\/\/paracherkaoui.ma\/\"},{\"@type\":\"ListItem\",\"position\":2,\"name\":\"Boutique\",\"item\":\"https:\/\/paracherkaoui.ma\/index.php\/boutique\/\"},{\"@type\":\"ListItem\",\"position\":3,\"name\":\"ONAGRINE HUILE DE SOIN HUILE NATIVE 150 ML\"}]},{\"@type\":\"WebSite\",\"@id\":\"https:\/\/paracherkaoui.ma\/#website\",\"url\":\"https:\/\/paracherkaoui.ma\/\",\"name\":\"Paracherkaoui.ma\",\"description\":\"Achetez en ligne sur Paracherkaoui.ma\",\"potentialAction\":[{\"@type\":\"SearchAction\",\"target\":{\"@type\":\"EntryPoint\",\"urlTemplate\":\"https:\/\/paracherkaoui.ma\/?s={search_term_string}\"},\"query-input\":{\"@type\":\"PropertyValueSpecification\",\"valueRequired\":true,\"valueName\":\"search_term_string\"}}],\"inLanguage\":\"fr-FR\"}]}<\/script>\r\n<!-- \/ Yoast SEO plugin. -->","yoast_head_json":{"title":"ONAGRINE HUILE DE SOIN HUILE NATIVE 150 ML - Paracherkaoui.ma","robots":{"index":"index","follow":"follow","max-snippet":"max-snippet:-1","max-image-preview":"max-image-preview:large","max-video-preview":"max-video-preview:-1"},"canonical":"https:\/\/paracherkaoui.ma\/index.php\/produit\/onagrine-huile-de-soin-huile-native-150-ml\/","og_locale":"fr_FR","og_type":"article","og_title":"ONAGRINE HUILE DE SOIN HUILE NATIVE 150 ML - Paracherkaoui.ma","og_description":"Tout au long de l\u2019ann\u00e9e, la peau et les cheveux sont parfois fragilis\u00e9s, notamment \u00e0 cause d\u2019agressions ext\u00e9rieures. Onagrine a","og_url":"https:\/\/paracherkaoui.ma\/index.php\/produit\/onagrine-huile-de-soin-huile-native-150-ml\/","og_site_name":"Paracherkaoui.ma","article_modified_time":"2025-12-12T17:50:55+00:00","og_image":[{"width":700,"height":700,"url":"https:\/\/paracherkaoui.ma\/wp-content\/uploads\/2025\/12\/onagrine-onagrine-huile-de-soin-huile-native-150-ml-hydratation-corps.jpg","type":"image\/jpeg"}],"twitter_card":"summary_large_image","twitter_misc":{"Dur\u00e9e de lecture estim\u00e9e":"1 minute"},"schema":{"@context":"https:\/\/schema.org","@graph":[{"@type":"WebPage","@id":"https:\/\/paracherkaoui.ma\/index.php\/produit\/onagrine-huile-de-soin-huile-native-150-ml\/","url":"https:\/\/paracherkaoui.ma\/index.php\/produit\/onagrine-huile-de-soin-huile-native-150-ml\/","name":"ONAGRINE HUILE DE SOIN HUILE NATIVE 150 ML - Paracherkaoui.ma","isPartOf":{"@id":"https:\/\/paracherkaoui.ma\/#website"},"primaryImageOfPage":{"@id":"https:\/\/paracherkaoui.ma\/index.php\/produit\/onagrine-huile-de-soin-huile-native-150-ml\/#primaryimage"},"image":{"@id":"https:\/\/paracherkaoui.ma\/index.php\/produit\/onagrine-huile-de-soin-huile-native-150-ml\/#primaryimage"},"thumbnailUrl":"https:\/\/paracherkaoui.ma\/wp-content\/uploads\/2025\/12\/onagrine-onagrine-huile-de-soin-huile-native-150-ml-hydratation-corps.jpg","datePublished":"2025-12-12T17:50:52+00:00","dateModified":"2025-12-12T17:50:55+00:00","breadcrumb":{"@id":"https:\/\/paracherkaoui.ma\/index.php\/produit\/onagrine-huile-de-soin-huile-native-150-ml\/#breadcrumb"},"inLanguage":"fr-FR","potentialAction":[{"@type":"ReadAction","target":["https:\/\/paracherkaoui.ma\/index.php\/produit\/onagrine-huile-de-soin-huile-native-150-ml\/"]}]},{"@type":"ImageObject","inLanguage":"fr-FR","@id":"https:\/\/paracherkaoui.ma\/index.php\/produit\/onagrine-huile-de-soin-huile-native-150-ml\/#primaryimage","url":"https:\/\/paracherkaoui.ma\/wp-content\/uploads\/2025\/12\/onagrine-onagrine-huile-de-soin-huile-native-150-ml-hydratation-corps.jpg","contentUrl":"https:\/\/paracherkaoui.ma\/wp-content\/uploads\/2025\/12\/onagrine-onagrine-huile-de-soin-huile-native-150-ml-hydratation-corps.jpg","width":700,"height":700},{"@type":"BreadcrumbList","@id":"https:\/\/paracherkaoui.ma\/index.php\/produit\/onagrine-huile-de-soin-huile-native-150-ml\/#breadcrumb","itemListElement":[{"@type":"ListItem","position":1,"name":"Accueil","item":"https:\/\/paracherkaoui.ma\/"},{"@type":"ListItem","position":2,"name":"Boutique","item":"https:\/\/paracherkaoui.ma\/index.php\/boutique\/"},{"@type":"ListItem","position":3,"name":"ONAGRINE HUILE DE SOIN HUILE NATIVE 150 ML"}]},{"@type":"WebSite","@id":"https:\/\/paracherkaoui.ma\/#website","url":"https:\/\/paracherkaoui.ma\/","name":"Paracherkaoui.ma","description":"Achetez en ligne sur Paracherkaoui.ma","potentialAction":[{"@type":"SearchAction","target":{"@type":"EntryPoint","urlTemplate":"https:\/\/paracherkaoui.ma\/?s={search_term_string}"},"query-input":{"@type":"PropertyValueSpecification","valueRequired":true,"valueName":"search_term_string"}}],"inLanguage":"fr-FR"}]}},"_links":{"self":[{"href":"https:\/\/paracherkaoui.ma\/index.php\/wp-json\/wp\/v2\/product\/33886","targetHints":{"allow":["GET"]}}],"collection":[{"href":"https:\/\/paracherkaoui.ma\/index.php\/wp-json\/wp\/v2\/product"}],"about":[{"href":"https:\/\/paracherkaoui.ma\/index.php\/wp-json\/wp\/v2\/types\/product"}],"replies":[{"embeddable":true,"href":"https:\/\/paracherkaoui.ma\/index.php\/wp-json\/wp\/v2\/comments?post=33886"}],"version-history":[{"count":1,"href":"https:\/\/paracherkaoui.ma\/index.php\/wp-json\/wp\/v2\/product\/33886\/revisions"}],"predecessor-version":[{"id":33923,"href":"https:\/\/paracherkaoui.ma\/index.php\/wp-json\/wp\/v2\/product\/33886\/revisions\/33923"}],"wp:featuredmedia":[{"embeddable":true,"href":"https:\/\/paracherkaoui.ma\/index.php\/wp-json\/wp\/v2\/media\/33922"}],"wp:attachment":[{"href":"https:\/\/paracherkaoui.ma\/index.php\/wp-json\/wp\/v2\/media?parent=33886"}],"wp:term":[{"taxonomy":"product_brand","embeddable":true,"href":"https:\/\/paracherkaoui.ma\/index.php\/wp-json\/wp\/v2\/product_brand?post=33886"},{"taxonomy":"product_cat","embeddable":true,"href":"https:\/\/paracherkaoui.ma\/index.php\/wp-json\/wp\/v2\/product_cat?post=33886"},{"taxonomy":"product_tag","embeddable":true,"href":"https:\/\/paracherkaoui.ma\/index.php\/wp-json\/wp\/v2\/product_tag?post=33886"}],"curies":[{"name":"wp","href":"https:\/\/api.w.org\/{rel}","templated":true}]}}