{"id":33825,"date":"2025-12-12T18:50:45","date_gmt":"2025-12-12T17:50:45","guid":{"rendered":"https:\/\/test.ecbeaute.com\/?post_type=product&#038;p=33825"},"modified":"2025-12-12T18:50:51","modified_gmt":"2025-12-12T17:50:51","slug":"lysaskin-xerolys-10-soin-emollient-longue-duree-200-ml","status":"publish","type":"product","link":"https:\/\/paracherkaoui.ma\/index.php\/produit\/lysaskin-xerolys-10-soin-emollient-longue-duree-200-ml\/","title":{"rendered":"LYSASKIN XEROLYS 10 SOIN EMOLLIENT LONGUE DUREE 200 ML"},"content":{"rendered":"<p>Xerolys 10 200 ml soin \u00e9mollient longue dur\u00e9e pour (s\u00e9cheresse cutan\u00e9 intense, ichtyose, dermatite d&rsquo;irritation &#8230;) hydrate durablement les peaux tr\u00e8s s\u00e8ches et leur apporte imm\u00e9diatement confort, souplesse et apaisement.<\/p>\n<p>XEROlys 10 contient L&rsquo;URODIUM un principe actif brevet\u00e9, mis au point par la recherche LYSASKIN, qui am\u00e9liore le pouvoir hydratant de l&rsquo;Ur\u00e9e (Facteur d&rsquo;hydratation naturellement pr\u00e9sent dans la peau) dos\u00e9e \u00e0 10% et surtout sa r\u00e9manence (action de tr\u00e8s longue dur\u00e9e).<\/p>\n<p>XEROlys 10 contient aussi des actifs :<\/p>\n<p>&#8211; hydratants (Chlorure de Sodium, Glyc\u00e9rine, Acide Lactique, &#8230;),<br \/>\n&#8211; re-lipidants (Beurre de Karit\u00e9, Huile de Jojoba, Cire d&rsquo;Abeille, Huile de Noyau d&rsquo;Abricot, &#8230;) qui permettent de restaurer le film hydro-lipidique et la fonction barri\u00e8re de la peau,<br \/>\n&#8211; apaisants (Allantoine,&#8230;),<br \/>\n&#8211; enrichissants et r\u00e9parateurs (St\u00e9rol v\u00e9g\u00e9tal, Squalane, Acetate de Tocoph\u00e9ryl, D-Panthenol, Huile de Bourrache&#8230;).<\/p>\n<p>Le type d&rsquo;\u00e9mulsion Huile dans Eau apporte un grand confort d&rsquo;utilisation.<\/p>\n<p>Facile d&rsquo;application et l\u00e9g\u00e8rement parfum\u00e9e (le parfum exempt des 26 allerg\u00e8nes incrimin\u00e9s par la Communaut\u00e9 Europ\u00e9ene minimise les risques d&rsquo;allergie) XEROlys 10 convient aux adultes et aux enfants (pour les nourrissons et les enfants en bas \u00e2ge, consultez votre m\u00e9decin).<\/p>\n<p>INDICATION:<\/p>\n<p>S\u00e9cheresses intenses, Ichtyose, Dermatite d&rsquo;Irritation, Prurit S\u00e9nile, Prurit des H\u00e9mo-dyalis\u00e9s,&#8230;<\/p>\n<p>UTILISATION:<\/p>\n<p>Appliquer 1 \u00e0 2 fois par jour apr\u00e8s le bain ou la douche<\/p>\n","protected":false},"excerpt":{"rendered":"<p>Xerolys 10 200 ml soin \u00e9mollient longue dur\u00e9e pour (s\u00e9cheresse cutan\u00e9 intense, ichtyose, dermatite d&rsquo;irritation &#8230;) hydrate durablement les peaux<\/p>\n","protected":false},"featured_media":33877,"comment_status":"open","ping_status":"closed","template":"","meta":[],"product_brand":[318],"product_cat":[618],"product_tag":[],"class_list":{"0":"post-33825","1":"product","2":"type-product","3":"status-publish","4":"has-post-thumbnail","6":"product_brand-lysaskin-laboratoires","7":"product_cat-hydratation-corps-corps","9":"first","10":"instock","11":"sale","12":"shipping-taxable","13":"purchasable","14":"product-type-simple"},"yoast_head":"<!-- This site is optimized with the Yoast SEO plugin v26.6 - https:\/\/yoast.com\/wordpress\/plugins\/seo\/ -->\r\n<title>LYSASKIN XEROLYS 10 SOIN EMOLLIENT LONGUE DUREE 200 ML - Paracherkaoui.ma<\/title>\r\n<meta name=\"robots\" content=\"index, follow, max-snippet:-1, max-image-preview:large, max-video-preview:-1\" \/>\r\n<link rel=\"canonical\" href=\"https:\/\/paracherkaoui.ma\/index.php\/produit\/lysaskin-xerolys-10-soin-emollient-longue-duree-200-ml\/\" \/>\r\n<meta property=\"og:locale\" content=\"fr_FR\" \/>\r\n<meta property=\"og:type\" content=\"article\" \/>\r\n<meta property=\"og:title\" content=\"LYSASKIN XEROLYS 10 SOIN EMOLLIENT LONGUE DUREE 200 ML - Paracherkaoui.ma\" \/>\r\n<meta property=\"og:description\" content=\"Xerolys 10 200 ml soin \u00e9mollient longue dur\u00e9e pour (s\u00e9cheresse cutan\u00e9 intense, ichtyose, dermatite d&rsquo;irritation &#8230;) hydrate durablement les peaux\" \/>\r\n<meta property=\"og:url\" content=\"https:\/\/paracherkaoui.ma\/index.php\/produit\/lysaskin-xerolys-10-soin-emollient-longue-duree-200-ml\/\" \/>\r\n<meta property=\"og:site_name\" content=\"Paracherkaoui.ma\" \/>\r\n<meta property=\"article:modified_time\" content=\"2025-12-12T17:50:51+00:00\" \/>\r\n<meta property=\"og:image\" content=\"https:\/\/paracherkaoui.ma\/wp-content\/uploads\/2025\/12\/lysaskin-xerolys-10-soin-emollient-longue-duree-200-ml.jpg\" \/>\r\n\t<meta property=\"og:image:width\" content=\"700\" \/>\r\n\t<meta property=\"og:image:height\" content=\"700\" \/>\r\n\t<meta property=\"og:image:type\" content=\"image\/jpeg\" \/>\r\n<meta name=\"twitter:card\" content=\"summary_large_image\" \/>\r\n<meta name=\"twitter:label1\" content=\"Dur\u00e9e de lecture estim\u00e9e\" \/>\n\t<meta name=\"twitter:data1\" content=\"1 minute\" \/>\r\n<script type=\"application\/ld+json\" class=\"yoast-schema-graph\">{\"@context\":\"https:\/\/schema.org\",\"@graph\":[{\"@type\":\"WebPage\",\"@id\":\"https:\/\/paracherkaoui.ma\/index.php\/produit\/lysaskin-xerolys-10-soin-emollient-longue-duree-200-ml\/\",\"url\":\"https:\/\/paracherkaoui.ma\/index.php\/produit\/lysaskin-xerolys-10-soin-emollient-longue-duree-200-ml\/\",\"name\":\"LYSASKIN XEROLYS 10 SOIN EMOLLIENT LONGUE DUREE 200 ML - Paracherkaoui.ma\",\"isPartOf\":{\"@id\":\"https:\/\/paracherkaoui.ma\/#website\"},\"primaryImageOfPage\":{\"@id\":\"https:\/\/paracherkaoui.ma\/index.php\/produit\/lysaskin-xerolys-10-soin-emollient-longue-duree-200-ml\/#primaryimage\"},\"image\":{\"@id\":\"https:\/\/paracherkaoui.ma\/index.php\/produit\/lysaskin-xerolys-10-soin-emollient-longue-duree-200-ml\/#primaryimage\"},\"thumbnailUrl\":\"https:\/\/paracherkaoui.ma\/wp-content\/uploads\/2025\/12\/lysaskin-xerolys-10-soin-emollient-longue-duree-200-ml.jpg\",\"datePublished\":\"2025-12-12T17:50:45+00:00\",\"dateModified\":\"2025-12-12T17:50:51+00:00\",\"breadcrumb\":{\"@id\":\"https:\/\/paracherkaoui.ma\/index.php\/produit\/lysaskin-xerolys-10-soin-emollient-longue-duree-200-ml\/#breadcrumb\"},\"inLanguage\":\"fr-FR\",\"potentialAction\":[{\"@type\":\"ReadAction\",\"target\":[\"https:\/\/paracherkaoui.ma\/index.php\/produit\/lysaskin-xerolys-10-soin-emollient-longue-duree-200-ml\/\"]}]},{\"@type\":\"ImageObject\",\"inLanguage\":\"fr-FR\",\"@id\":\"https:\/\/paracherkaoui.ma\/index.php\/produit\/lysaskin-xerolys-10-soin-emollient-longue-duree-200-ml\/#primaryimage\",\"url\":\"https:\/\/paracherkaoui.ma\/wp-content\/uploads\/2025\/12\/lysaskin-xerolys-10-soin-emollient-longue-duree-200-ml.jpg\",\"contentUrl\":\"https:\/\/paracherkaoui.ma\/wp-content\/uploads\/2025\/12\/lysaskin-xerolys-10-soin-emollient-longue-duree-200-ml.jpg\",\"width\":700,\"height\":700},{\"@type\":\"BreadcrumbList\",\"@id\":\"https:\/\/paracherkaoui.ma\/index.php\/produit\/lysaskin-xerolys-10-soin-emollient-longue-duree-200-ml\/#breadcrumb\",\"itemListElement\":[{\"@type\":\"ListItem\",\"position\":1,\"name\":\"Accueil\",\"item\":\"https:\/\/paracherkaoui.ma\/\"},{\"@type\":\"ListItem\",\"position\":2,\"name\":\"Boutique\",\"item\":\"https:\/\/paracherkaoui.ma\/index.php\/boutique\/\"},{\"@type\":\"ListItem\",\"position\":3,\"name\":\"LYSASKIN XEROLYS 10 SOIN EMOLLIENT LONGUE DUREE 200 ML\"}]},{\"@type\":\"WebSite\",\"@id\":\"https:\/\/paracherkaoui.ma\/#website\",\"url\":\"https:\/\/paracherkaoui.ma\/\",\"name\":\"Paracherkaoui.ma\",\"description\":\"Achetez en ligne sur Paracherkaoui.ma\",\"potentialAction\":[{\"@type\":\"SearchAction\",\"target\":{\"@type\":\"EntryPoint\",\"urlTemplate\":\"https:\/\/paracherkaoui.ma\/?s={search_term_string}\"},\"query-input\":{\"@type\":\"PropertyValueSpecification\",\"valueRequired\":true,\"valueName\":\"search_term_string\"}}],\"inLanguage\":\"fr-FR\"}]}<\/script>\r\n<!-- \/ Yoast SEO plugin. -->","yoast_head_json":{"title":"LYSASKIN XEROLYS 10 SOIN EMOLLIENT LONGUE DUREE 200 ML - Paracherkaoui.ma","robots":{"index":"index","follow":"follow","max-snippet":"max-snippet:-1","max-image-preview":"max-image-preview:large","max-video-preview":"max-video-preview:-1"},"canonical":"https:\/\/paracherkaoui.ma\/index.php\/produit\/lysaskin-xerolys-10-soin-emollient-longue-duree-200-ml\/","og_locale":"fr_FR","og_type":"article","og_title":"LYSASKIN XEROLYS 10 SOIN EMOLLIENT LONGUE DUREE 200 ML - Paracherkaoui.ma","og_description":"Xerolys 10 200 ml soin \u00e9mollient longue dur\u00e9e pour (s\u00e9cheresse cutan\u00e9 intense, ichtyose, dermatite d&rsquo;irritation &#8230;) hydrate durablement les peaux","og_url":"https:\/\/paracherkaoui.ma\/index.php\/produit\/lysaskin-xerolys-10-soin-emollient-longue-duree-200-ml\/","og_site_name":"Paracherkaoui.ma","article_modified_time":"2025-12-12T17:50:51+00:00","og_image":[{"width":700,"height":700,"url":"https:\/\/paracherkaoui.ma\/wp-content\/uploads\/2025\/12\/lysaskin-xerolys-10-soin-emollient-longue-duree-200-ml.jpg","type":"image\/jpeg"}],"twitter_card":"summary_large_image","twitter_misc":{"Dur\u00e9e de lecture estim\u00e9e":"1 minute"},"schema":{"@context":"https:\/\/schema.org","@graph":[{"@type":"WebPage","@id":"https:\/\/paracherkaoui.ma\/index.php\/produit\/lysaskin-xerolys-10-soin-emollient-longue-duree-200-ml\/","url":"https:\/\/paracherkaoui.ma\/index.php\/produit\/lysaskin-xerolys-10-soin-emollient-longue-duree-200-ml\/","name":"LYSASKIN XEROLYS 10 SOIN EMOLLIENT LONGUE DUREE 200 ML - Paracherkaoui.ma","isPartOf":{"@id":"https:\/\/paracherkaoui.ma\/#website"},"primaryImageOfPage":{"@id":"https:\/\/paracherkaoui.ma\/index.php\/produit\/lysaskin-xerolys-10-soin-emollient-longue-duree-200-ml\/#primaryimage"},"image":{"@id":"https:\/\/paracherkaoui.ma\/index.php\/produit\/lysaskin-xerolys-10-soin-emollient-longue-duree-200-ml\/#primaryimage"},"thumbnailUrl":"https:\/\/paracherkaoui.ma\/wp-content\/uploads\/2025\/12\/lysaskin-xerolys-10-soin-emollient-longue-duree-200-ml.jpg","datePublished":"2025-12-12T17:50:45+00:00","dateModified":"2025-12-12T17:50:51+00:00","breadcrumb":{"@id":"https:\/\/paracherkaoui.ma\/index.php\/produit\/lysaskin-xerolys-10-soin-emollient-longue-duree-200-ml\/#breadcrumb"},"inLanguage":"fr-FR","potentialAction":[{"@type":"ReadAction","target":["https:\/\/paracherkaoui.ma\/index.php\/produit\/lysaskin-xerolys-10-soin-emollient-longue-duree-200-ml\/"]}]},{"@type":"ImageObject","inLanguage":"fr-FR","@id":"https:\/\/paracherkaoui.ma\/index.php\/produit\/lysaskin-xerolys-10-soin-emollient-longue-duree-200-ml\/#primaryimage","url":"https:\/\/paracherkaoui.ma\/wp-content\/uploads\/2025\/12\/lysaskin-xerolys-10-soin-emollient-longue-duree-200-ml.jpg","contentUrl":"https:\/\/paracherkaoui.ma\/wp-content\/uploads\/2025\/12\/lysaskin-xerolys-10-soin-emollient-longue-duree-200-ml.jpg","width":700,"height":700},{"@type":"BreadcrumbList","@id":"https:\/\/paracherkaoui.ma\/index.php\/produit\/lysaskin-xerolys-10-soin-emollient-longue-duree-200-ml\/#breadcrumb","itemListElement":[{"@type":"ListItem","position":1,"name":"Accueil","item":"https:\/\/paracherkaoui.ma\/"},{"@type":"ListItem","position":2,"name":"Boutique","item":"https:\/\/paracherkaoui.ma\/index.php\/boutique\/"},{"@type":"ListItem","position":3,"name":"LYSASKIN XEROLYS 10 SOIN EMOLLIENT LONGUE DUREE 200 ML"}]},{"@type":"WebSite","@id":"https:\/\/paracherkaoui.ma\/#website","url":"https:\/\/paracherkaoui.ma\/","name":"Paracherkaoui.ma","description":"Achetez en ligne sur Paracherkaoui.ma","potentialAction":[{"@type":"SearchAction","target":{"@type":"EntryPoint","urlTemplate":"https:\/\/paracherkaoui.ma\/?s={search_term_string}"},"query-input":{"@type":"PropertyValueSpecification","valueRequired":true,"valueName":"search_term_string"}}],"inLanguage":"fr-FR"}]}},"_links":{"self":[{"href":"https:\/\/paracherkaoui.ma\/index.php\/wp-json\/wp\/v2\/product\/33825","targetHints":{"allow":["GET"]}}],"collection":[{"href":"https:\/\/paracherkaoui.ma\/index.php\/wp-json\/wp\/v2\/product"}],"about":[{"href":"https:\/\/paracherkaoui.ma\/index.php\/wp-json\/wp\/v2\/types\/product"}],"replies":[{"embeddable":true,"href":"https:\/\/paracherkaoui.ma\/index.php\/wp-json\/wp\/v2\/comments?post=33825"}],"version-history":[{"count":1,"href":"https:\/\/paracherkaoui.ma\/index.php\/wp-json\/wp\/v2\/product\/33825\/revisions"}],"predecessor-version":[{"id":33878,"href":"https:\/\/paracherkaoui.ma\/index.php\/wp-json\/wp\/v2\/product\/33825\/revisions\/33878"}],"wp:featuredmedia":[{"embeddable":true,"href":"https:\/\/paracherkaoui.ma\/index.php\/wp-json\/wp\/v2\/media\/33877"}],"wp:attachment":[{"href":"https:\/\/paracherkaoui.ma\/index.php\/wp-json\/wp\/v2\/media?parent=33825"}],"wp:term":[{"taxonomy":"product_brand","embeddable":true,"href":"https:\/\/paracherkaoui.ma\/index.php\/wp-json\/wp\/v2\/product_brand?post=33825"},{"taxonomy":"product_cat","embeddable":true,"href":"https:\/\/paracherkaoui.ma\/index.php\/wp-json\/wp\/v2\/product_cat?post=33825"},{"taxonomy":"product_tag","embeddable":true,"href":"https:\/\/paracherkaoui.ma\/index.php\/wp-json\/wp\/v2\/product_tag?post=33825"}],"curies":[{"name":"wp","href":"https:\/\/api.w.org\/{rel}","templated":true}]}}