{"id":33804,"date":"2025-12-12T18:50:44","date_gmt":"2025-12-12T17:50:44","guid":{"rendered":"https:\/\/test.ecbeaute.com\/?post_type=product&#038;p=33804"},"modified":"2025-12-12T18:50:47","modified_gmt":"2025-12-12T17:50:47","slug":"laino-nutri-olive-soin-nutritif-intense-400-ml-2","status":"publish","type":"product","link":"https:\/\/paracherkaoui.ma\/index.php\/produit\/laino-nutri-olive-soin-nutritif-intense-400-ml-2\/","title":{"rendered":"LAINO NUTRI OLIVE SOIN NUTRITIF INTENSE 400 ML"},"content":{"rendered":"<p>Laino a s\u00e9lectionn\u00e9 le meilleur du bassin m\u00e9diterran\u00e9en pour formuler le Soin Nutritif Intense\u00a0\u00e0 destination des peaux extra s\u00e8ches \u00e0 tendance atopique.<br \/>\nGr\u00e2ce \u00e0 l\u2019extrait d\u2019olive vierge\u00a0et \u00e0 l\u2019association glyc\u00e9rine, vitamine E\u00a0et enoxolone issu de la racine de r\u00e9glisse, ce soin hypoallerg\u00e9nique* et sans parfum\u00a0assure une hydratation** continue pendant 24H. Relipid\u00e9e\u00a0et apais\u00e9e, votre peau est prot\u00e9g\u00e9e.<br \/>\n*Formul\u00e9 pour minimiser les risques d\u2019allergies. **Hydratation des couches sup\u00e9rieures de l\u2019\u00e9piderme.<br \/>\nCONSEILS D&rsquo;UTILISATION<br \/>\nAppliquer matin et soir sur votre corps.<\/p>\n","protected":false},"excerpt":{"rendered":"<p>Laino a s\u00e9lectionn\u00e9 le meilleur du bassin m\u00e9diterran\u00e9en pour formuler le Soin Nutritif Intense\u00a0\u00e0 destination des peaux extra s\u00e8ches \u00e0<\/p>\n","protected":false},"featured_media":18420,"comment_status":"open","ping_status":"closed","template":"","meta":[],"product_brand":[324],"product_cat":[618],"product_tag":[],"class_list":{"0":"post-33804","1":"product","2":"type-product","3":"status-publish","4":"has-post-thumbnail","6":"product_brand-laino","7":"product_cat-hydratation-corps-corps","9":"first","10":"instock","11":"sale","12":"shipping-taxable","13":"purchasable","14":"product-type-simple"},"yoast_head":"<!-- This site is optimized with the Yoast SEO plugin v26.6 - https:\/\/yoast.com\/wordpress\/plugins\/seo\/ -->\r\n<title>LAINO NUTRI OLIVE SOIN NUTRITIF INTENSE 400 ML - Paracherkaoui.ma<\/title>\r\n<meta name=\"robots\" content=\"index, follow, max-snippet:-1, max-image-preview:large, max-video-preview:-1\" \/>\r\n<link rel=\"canonical\" href=\"https:\/\/paracherkaoui.ma\/index.php\/produit\/laino-nutri-olive-soin-nutritif-intense-400-ml-2\/\" \/>\r\n<meta property=\"og:locale\" content=\"fr_FR\" \/>\r\n<meta property=\"og:type\" content=\"article\" \/>\r\n<meta property=\"og:title\" content=\"LAINO NUTRI OLIVE SOIN NUTRITIF INTENSE 400 ML - Paracherkaoui.ma\" \/>\r\n<meta property=\"og:description\" content=\"Laino a s\u00e9lectionn\u00e9 le meilleur du bassin m\u00e9diterran\u00e9en pour formuler le Soin Nutritif Intense\u00a0\u00e0 destination des peaux extra s\u00e8ches \u00e0\" \/>\r\n<meta property=\"og:url\" content=\"https:\/\/paracherkaoui.ma\/index.php\/produit\/laino-nutri-olive-soin-nutritif-intense-400-ml-2\/\" \/>\r\n<meta property=\"og:site_name\" content=\"Paracherkaoui.ma\" \/>\r\n<meta property=\"article:modified_time\" content=\"2025-12-12T17:50:47+00:00\" \/>\r\n<meta property=\"og:image\" content=\"https:\/\/paracherkaoui.ma\/wp-content\/uploads\/2025\/12\/laino-laino-nutri-olive-soin-nutritif-intense-400-ml-hydratation-corps.jpg\" \/>\r\n\t<meta property=\"og:image:width\" content=\"700\" \/>\r\n\t<meta property=\"og:image:height\" content=\"700\" \/>\r\n\t<meta property=\"og:image:type\" content=\"image\/jpeg\" \/>\r\n<meta name=\"twitter:card\" content=\"summary_large_image\" \/>\r\n<script type=\"application\/ld+json\" class=\"yoast-schema-graph\">{\"@context\":\"https:\/\/schema.org\",\"@graph\":[{\"@type\":\"WebPage\",\"@id\":\"https:\/\/paracherkaoui.ma\/index.php\/produit\/laino-nutri-olive-soin-nutritif-intense-400-ml-2\/\",\"url\":\"https:\/\/paracherkaoui.ma\/index.php\/produit\/laino-nutri-olive-soin-nutritif-intense-400-ml-2\/\",\"name\":\"LAINO NUTRI OLIVE SOIN NUTRITIF INTENSE 400 ML - Paracherkaoui.ma\",\"isPartOf\":{\"@id\":\"https:\/\/paracherkaoui.ma\/#website\"},\"primaryImageOfPage\":{\"@id\":\"https:\/\/paracherkaoui.ma\/index.php\/produit\/laino-nutri-olive-soin-nutritif-intense-400-ml-2\/#primaryimage\"},\"image\":{\"@id\":\"https:\/\/paracherkaoui.ma\/index.php\/produit\/laino-nutri-olive-soin-nutritif-intense-400-ml-2\/#primaryimage\"},\"thumbnailUrl\":\"https:\/\/paracherkaoui.ma\/wp-content\/uploads\/2025\/12\/laino-laino-nutri-olive-soin-nutritif-intense-400-ml-hydratation-corps.jpg\",\"datePublished\":\"2025-12-12T17:50:44+00:00\",\"dateModified\":\"2025-12-12T17:50:47+00:00\",\"breadcrumb\":{\"@id\":\"https:\/\/paracherkaoui.ma\/index.php\/produit\/laino-nutri-olive-soin-nutritif-intense-400-ml-2\/#breadcrumb\"},\"inLanguage\":\"fr-FR\",\"potentialAction\":[{\"@type\":\"ReadAction\",\"target\":[\"https:\/\/paracherkaoui.ma\/index.php\/produit\/laino-nutri-olive-soin-nutritif-intense-400-ml-2\/\"]}]},{\"@type\":\"ImageObject\",\"inLanguage\":\"fr-FR\",\"@id\":\"https:\/\/paracherkaoui.ma\/index.php\/produit\/laino-nutri-olive-soin-nutritif-intense-400-ml-2\/#primaryimage\",\"url\":\"https:\/\/paracherkaoui.ma\/wp-content\/uploads\/2025\/12\/laino-laino-nutri-olive-soin-nutritif-intense-400-ml-hydratation-corps.jpg\",\"contentUrl\":\"https:\/\/paracherkaoui.ma\/wp-content\/uploads\/2025\/12\/laino-laino-nutri-olive-soin-nutritif-intense-400-ml-hydratation-corps.jpg\",\"width\":700,\"height\":700},{\"@type\":\"BreadcrumbList\",\"@id\":\"https:\/\/paracherkaoui.ma\/index.php\/produit\/laino-nutri-olive-soin-nutritif-intense-400-ml-2\/#breadcrumb\",\"itemListElement\":[{\"@type\":\"ListItem\",\"position\":1,\"name\":\"Accueil\",\"item\":\"https:\/\/paracherkaoui.ma\/\"},{\"@type\":\"ListItem\",\"position\":2,\"name\":\"Boutique\",\"item\":\"https:\/\/paracherkaoui.ma\/index.php\/boutique\/\"},{\"@type\":\"ListItem\",\"position\":3,\"name\":\"LAINO NUTRI OLIVE SOIN NUTRITIF INTENSE 400 ML\"}]},{\"@type\":\"WebSite\",\"@id\":\"https:\/\/paracherkaoui.ma\/#website\",\"url\":\"https:\/\/paracherkaoui.ma\/\",\"name\":\"Paracherkaoui.ma\",\"description\":\"Achetez en ligne sur Paracherkaoui.ma\",\"potentialAction\":[{\"@type\":\"SearchAction\",\"target\":{\"@type\":\"EntryPoint\",\"urlTemplate\":\"https:\/\/paracherkaoui.ma\/?s={search_term_string}\"},\"query-input\":{\"@type\":\"PropertyValueSpecification\",\"valueRequired\":true,\"valueName\":\"search_term_string\"}}],\"inLanguage\":\"fr-FR\"}]}<\/script>\r\n<!-- \/ Yoast SEO plugin. -->","yoast_head_json":{"title":"LAINO NUTRI OLIVE SOIN NUTRITIF INTENSE 400 ML - Paracherkaoui.ma","robots":{"index":"index","follow":"follow","max-snippet":"max-snippet:-1","max-image-preview":"max-image-preview:large","max-video-preview":"max-video-preview:-1"},"canonical":"https:\/\/paracherkaoui.ma\/index.php\/produit\/laino-nutri-olive-soin-nutritif-intense-400-ml-2\/","og_locale":"fr_FR","og_type":"article","og_title":"LAINO NUTRI OLIVE SOIN NUTRITIF INTENSE 400 ML - Paracherkaoui.ma","og_description":"Laino a s\u00e9lectionn\u00e9 le meilleur du bassin m\u00e9diterran\u00e9en pour formuler le Soin Nutritif Intense\u00a0\u00e0 destination des peaux extra s\u00e8ches \u00e0","og_url":"https:\/\/paracherkaoui.ma\/index.php\/produit\/laino-nutri-olive-soin-nutritif-intense-400-ml-2\/","og_site_name":"Paracherkaoui.ma","article_modified_time":"2025-12-12T17:50:47+00:00","og_image":[{"width":700,"height":700,"url":"https:\/\/paracherkaoui.ma\/wp-content\/uploads\/2025\/12\/laino-laino-nutri-olive-soin-nutritif-intense-400-ml-hydratation-corps.jpg","type":"image\/jpeg"}],"twitter_card":"summary_large_image","schema":{"@context":"https:\/\/schema.org","@graph":[{"@type":"WebPage","@id":"https:\/\/paracherkaoui.ma\/index.php\/produit\/laino-nutri-olive-soin-nutritif-intense-400-ml-2\/","url":"https:\/\/paracherkaoui.ma\/index.php\/produit\/laino-nutri-olive-soin-nutritif-intense-400-ml-2\/","name":"LAINO NUTRI OLIVE SOIN NUTRITIF INTENSE 400 ML - Paracherkaoui.ma","isPartOf":{"@id":"https:\/\/paracherkaoui.ma\/#website"},"primaryImageOfPage":{"@id":"https:\/\/paracherkaoui.ma\/index.php\/produit\/laino-nutri-olive-soin-nutritif-intense-400-ml-2\/#primaryimage"},"image":{"@id":"https:\/\/paracherkaoui.ma\/index.php\/produit\/laino-nutri-olive-soin-nutritif-intense-400-ml-2\/#primaryimage"},"thumbnailUrl":"https:\/\/paracherkaoui.ma\/wp-content\/uploads\/2025\/12\/laino-laino-nutri-olive-soin-nutritif-intense-400-ml-hydratation-corps.jpg","datePublished":"2025-12-12T17:50:44+00:00","dateModified":"2025-12-12T17:50:47+00:00","breadcrumb":{"@id":"https:\/\/paracherkaoui.ma\/index.php\/produit\/laino-nutri-olive-soin-nutritif-intense-400-ml-2\/#breadcrumb"},"inLanguage":"fr-FR","potentialAction":[{"@type":"ReadAction","target":["https:\/\/paracherkaoui.ma\/index.php\/produit\/laino-nutri-olive-soin-nutritif-intense-400-ml-2\/"]}]},{"@type":"ImageObject","inLanguage":"fr-FR","@id":"https:\/\/paracherkaoui.ma\/index.php\/produit\/laino-nutri-olive-soin-nutritif-intense-400-ml-2\/#primaryimage","url":"https:\/\/paracherkaoui.ma\/wp-content\/uploads\/2025\/12\/laino-laino-nutri-olive-soin-nutritif-intense-400-ml-hydratation-corps.jpg","contentUrl":"https:\/\/paracherkaoui.ma\/wp-content\/uploads\/2025\/12\/laino-laino-nutri-olive-soin-nutritif-intense-400-ml-hydratation-corps.jpg","width":700,"height":700},{"@type":"BreadcrumbList","@id":"https:\/\/paracherkaoui.ma\/index.php\/produit\/laino-nutri-olive-soin-nutritif-intense-400-ml-2\/#breadcrumb","itemListElement":[{"@type":"ListItem","position":1,"name":"Accueil","item":"https:\/\/paracherkaoui.ma\/"},{"@type":"ListItem","position":2,"name":"Boutique","item":"https:\/\/paracherkaoui.ma\/index.php\/boutique\/"},{"@type":"ListItem","position":3,"name":"LAINO NUTRI OLIVE SOIN NUTRITIF INTENSE 400 ML"}]},{"@type":"WebSite","@id":"https:\/\/paracherkaoui.ma\/#website","url":"https:\/\/paracherkaoui.ma\/","name":"Paracherkaoui.ma","description":"Achetez en ligne sur Paracherkaoui.ma","potentialAction":[{"@type":"SearchAction","target":{"@type":"EntryPoint","urlTemplate":"https:\/\/paracherkaoui.ma\/?s={search_term_string}"},"query-input":{"@type":"PropertyValueSpecification","valueRequired":true,"valueName":"search_term_string"}}],"inLanguage":"fr-FR"}]}},"_links":{"self":[{"href":"https:\/\/paracherkaoui.ma\/index.php\/wp-json\/wp\/v2\/product\/33804","targetHints":{"allow":["GET"]}}],"collection":[{"href":"https:\/\/paracherkaoui.ma\/index.php\/wp-json\/wp\/v2\/product"}],"about":[{"href":"https:\/\/paracherkaoui.ma\/index.php\/wp-json\/wp\/v2\/types\/product"}],"replies":[{"embeddable":true,"href":"https:\/\/paracherkaoui.ma\/index.php\/wp-json\/wp\/v2\/comments?post=33804"}],"version-history":[{"count":1,"href":"https:\/\/paracherkaoui.ma\/index.php\/wp-json\/wp\/v2\/product\/33804\/revisions"}],"predecessor-version":[{"id":33841,"href":"https:\/\/paracherkaoui.ma\/index.php\/wp-json\/wp\/v2\/product\/33804\/revisions\/33841"}],"wp:featuredmedia":[{"embeddable":true,"href":"https:\/\/paracherkaoui.ma\/index.php\/wp-json\/wp\/v2\/media\/18420"}],"wp:attachment":[{"href":"https:\/\/paracherkaoui.ma\/index.php\/wp-json\/wp\/v2\/media?parent=33804"}],"wp:term":[{"taxonomy":"product_brand","embeddable":true,"href":"https:\/\/paracherkaoui.ma\/index.php\/wp-json\/wp\/v2\/product_brand?post=33804"},{"taxonomy":"product_cat","embeddable":true,"href":"https:\/\/paracherkaoui.ma\/index.php\/wp-json\/wp\/v2\/product_cat?post=33804"},{"taxonomy":"product_tag","embeddable":true,"href":"https:\/\/paracherkaoui.ma\/index.php\/wp-json\/wp\/v2\/product_tag?post=33804"}],"curies":[{"name":"wp","href":"https:\/\/api.w.org\/{rel}","templated":true}]}}