{"id":33737,"date":"2025-12-12T18:50:37","date_gmt":"2025-12-12T17:50:37","guid":{"rendered":"https:\/\/test.ecbeaute.com\/?post_type=product&#038;p=33737"},"modified":"2025-12-12T18:50:42","modified_gmt":"2025-12-12T17:50:42","slug":"codexial-enocare-pro-emulsion-relipidante-400-ml","status":"publish","type":"product","link":"https:\/\/paracherkaoui.ma\/index.php\/produit\/codexial-enocare-pro-emulsion-relipidante-400-ml\/","title":{"rendered":"CODEXIAL ENOCARE PRO EMULSION RELIPIDANTE 400 ML"},"content":{"rendered":"<p>Codexial Emulsion Hydratante Relipidante est un soin \u00e9mollient, hydratant et r\u00e9parateur sp\u00e9cifiquement formul\u00e9 pour les peaux tr\u00e8s s\u00e8ches, sensibles et atopiques du nourrisson, de l\u2019enfant et de l\u2019adulte. Gr\u00e2ce \u00e0 sa texture fluide, il s\u2019applique facilement et p\u00e9n\u00e8tre rapidement.<\/p>\n<p>Propri\u00e9t\u00e9s :<\/p>\n<p>Codexial Emulsion Relipidante est enrichie en provitamine B5 (actif reconnu pour ses propri\u00e9t\u00e9s r\u00e9paratrices, hydratantes et apaisantes) et en glyc\u00e9rine.<\/p>\n<p>Sa formule apporte les lipides essentiels n\u00e9cessaires \u00e0 la reconstruction de la barri\u00e8re cutan\u00e9e et apaise les sensations d\u2019inconfort li\u00e9es \u00e0 la s\u00e9cheresse de l\u2019\u00e9piderme. Codexial Emulsion Relipidante est un soin haute tol\u00e9rance, sans parfum et sans conservateur.<\/p>\n<p>UTILISATION:<\/p>\n<p>Appliquer 1 \u00e0 2 fois par jour jusqu\u2019\u00e0 r\u00e9paration et r\u00e9g\u00e9n\u00e9ration compl\u00e8tes de l\u2019\u00e9piderme.<\/p>\n","protected":false},"excerpt":{"rendered":"<p>Codexial Emulsion Hydratante Relipidante est un soin \u00e9mollient, hydratant et r\u00e9parateur sp\u00e9cifiquement formul\u00e9 pour les peaux tr\u00e8s s\u00e8ches, sensibles et<\/p>\n","protected":false},"featured_media":33788,"comment_status":"open","ping_status":"closed","template":"","meta":[],"product_brand":[367],"product_cat":[618],"product_tag":[],"class_list":{"0":"post-33737","1":"product","2":"type-product","3":"status-publish","4":"has-post-thumbnail","6":"product_brand-codexial","7":"product_cat-hydratation-corps-corps","9":"first","10":"instock","11":"sale","12":"shipping-taxable","13":"purchasable","14":"product-type-simple"},"yoast_head":"<!-- This site is optimized with the Yoast SEO plugin v26.6 - https:\/\/yoast.com\/wordpress\/plugins\/seo\/ -->\r\n<title>CODEXIAL ENOCARE PRO EMULSION RELIPIDANTE 400 ML - Paracherkaoui.ma<\/title>\r\n<meta name=\"robots\" content=\"index, follow, max-snippet:-1, max-image-preview:large, max-video-preview:-1\" \/>\r\n<link rel=\"canonical\" href=\"https:\/\/paracherkaoui.ma\/index.php\/produit\/codexial-enocare-pro-emulsion-relipidante-400-ml\/\" \/>\r\n<meta property=\"og:locale\" content=\"fr_FR\" \/>\r\n<meta property=\"og:type\" content=\"article\" \/>\r\n<meta property=\"og:title\" content=\"CODEXIAL ENOCARE PRO EMULSION RELIPIDANTE 400 ML - Paracherkaoui.ma\" \/>\r\n<meta property=\"og:description\" content=\"Codexial Emulsion Hydratante Relipidante est un soin \u00e9mollient, hydratant et r\u00e9parateur sp\u00e9cifiquement formul\u00e9 pour les peaux tr\u00e8s s\u00e8ches, sensibles et\" \/>\r\n<meta property=\"og:url\" content=\"https:\/\/paracherkaoui.ma\/index.php\/produit\/codexial-enocare-pro-emulsion-relipidante-400-ml\/\" \/>\r\n<meta property=\"og:site_name\" content=\"Paracherkaoui.ma\" \/>\r\n<meta property=\"article:modified_time\" content=\"2025-12-12T17:50:42+00:00\" \/>\r\n<meta property=\"og:image\" content=\"https:\/\/paracherkaoui.ma\/wp-content\/uploads\/2025\/12\/codexial-enocare-pro-emulsion-relipidante-400-ml.jpg\" \/>\r\n\t<meta property=\"og:image:width\" content=\"700\" \/>\r\n\t<meta property=\"og:image:height\" content=\"700\" \/>\r\n\t<meta property=\"og:image:type\" content=\"image\/jpeg\" \/>\r\n<meta name=\"twitter:card\" content=\"summary_large_image\" \/>\r\n<meta name=\"twitter:label1\" content=\"Dur\u00e9e de lecture estim\u00e9e\" \/>\n\t<meta name=\"twitter:data1\" content=\"1 minute\" \/>\r\n<script type=\"application\/ld+json\" class=\"yoast-schema-graph\">{\"@context\":\"https:\/\/schema.org\",\"@graph\":[{\"@type\":\"WebPage\",\"@id\":\"https:\/\/paracherkaoui.ma\/index.php\/produit\/codexial-enocare-pro-emulsion-relipidante-400-ml\/\",\"url\":\"https:\/\/paracherkaoui.ma\/index.php\/produit\/codexial-enocare-pro-emulsion-relipidante-400-ml\/\",\"name\":\"CODEXIAL ENOCARE PRO EMULSION RELIPIDANTE 400 ML - Paracherkaoui.ma\",\"isPartOf\":{\"@id\":\"https:\/\/paracherkaoui.ma\/#website\"},\"primaryImageOfPage\":{\"@id\":\"https:\/\/paracherkaoui.ma\/index.php\/produit\/codexial-enocare-pro-emulsion-relipidante-400-ml\/#primaryimage\"},\"image\":{\"@id\":\"https:\/\/paracherkaoui.ma\/index.php\/produit\/codexial-enocare-pro-emulsion-relipidante-400-ml\/#primaryimage\"},\"thumbnailUrl\":\"https:\/\/paracherkaoui.ma\/wp-content\/uploads\/2025\/12\/codexial-enocare-pro-emulsion-relipidante-400-ml.jpg\",\"datePublished\":\"2025-12-12T17:50:37+00:00\",\"dateModified\":\"2025-12-12T17:50:42+00:00\",\"breadcrumb\":{\"@id\":\"https:\/\/paracherkaoui.ma\/index.php\/produit\/codexial-enocare-pro-emulsion-relipidante-400-ml\/#breadcrumb\"},\"inLanguage\":\"fr-FR\",\"potentialAction\":[{\"@type\":\"ReadAction\",\"target\":[\"https:\/\/paracherkaoui.ma\/index.php\/produit\/codexial-enocare-pro-emulsion-relipidante-400-ml\/\"]}]},{\"@type\":\"ImageObject\",\"inLanguage\":\"fr-FR\",\"@id\":\"https:\/\/paracherkaoui.ma\/index.php\/produit\/codexial-enocare-pro-emulsion-relipidante-400-ml\/#primaryimage\",\"url\":\"https:\/\/paracherkaoui.ma\/wp-content\/uploads\/2025\/12\/codexial-enocare-pro-emulsion-relipidante-400-ml.jpg\",\"contentUrl\":\"https:\/\/paracherkaoui.ma\/wp-content\/uploads\/2025\/12\/codexial-enocare-pro-emulsion-relipidante-400-ml.jpg\",\"width\":700,\"height\":700},{\"@type\":\"BreadcrumbList\",\"@id\":\"https:\/\/paracherkaoui.ma\/index.php\/produit\/codexial-enocare-pro-emulsion-relipidante-400-ml\/#breadcrumb\",\"itemListElement\":[{\"@type\":\"ListItem\",\"position\":1,\"name\":\"Accueil\",\"item\":\"https:\/\/paracherkaoui.ma\/\"},{\"@type\":\"ListItem\",\"position\":2,\"name\":\"Boutique\",\"item\":\"https:\/\/paracherkaoui.ma\/index.php\/boutique\/\"},{\"@type\":\"ListItem\",\"position\":3,\"name\":\"CODEXIAL ENOCARE PRO EMULSION RELIPIDANTE 400 ML\"}]},{\"@type\":\"WebSite\",\"@id\":\"https:\/\/paracherkaoui.ma\/#website\",\"url\":\"https:\/\/paracherkaoui.ma\/\",\"name\":\"Paracherkaoui.ma\",\"description\":\"Achetez en ligne sur Paracherkaoui.ma\",\"potentialAction\":[{\"@type\":\"SearchAction\",\"target\":{\"@type\":\"EntryPoint\",\"urlTemplate\":\"https:\/\/paracherkaoui.ma\/?s={search_term_string}\"},\"query-input\":{\"@type\":\"PropertyValueSpecification\",\"valueRequired\":true,\"valueName\":\"search_term_string\"}}],\"inLanguage\":\"fr-FR\"}]}<\/script>\r\n<!-- \/ Yoast SEO plugin. -->","yoast_head_json":{"title":"CODEXIAL ENOCARE PRO EMULSION RELIPIDANTE 400 ML - Paracherkaoui.ma","robots":{"index":"index","follow":"follow","max-snippet":"max-snippet:-1","max-image-preview":"max-image-preview:large","max-video-preview":"max-video-preview:-1"},"canonical":"https:\/\/paracherkaoui.ma\/index.php\/produit\/codexial-enocare-pro-emulsion-relipidante-400-ml\/","og_locale":"fr_FR","og_type":"article","og_title":"CODEXIAL ENOCARE PRO EMULSION RELIPIDANTE 400 ML - Paracherkaoui.ma","og_description":"Codexial Emulsion Hydratante Relipidante est un soin \u00e9mollient, hydratant et r\u00e9parateur sp\u00e9cifiquement formul\u00e9 pour les peaux tr\u00e8s s\u00e8ches, sensibles et","og_url":"https:\/\/paracherkaoui.ma\/index.php\/produit\/codexial-enocare-pro-emulsion-relipidante-400-ml\/","og_site_name":"Paracherkaoui.ma","article_modified_time":"2025-12-12T17:50:42+00:00","og_image":[{"width":700,"height":700,"url":"https:\/\/paracherkaoui.ma\/wp-content\/uploads\/2025\/12\/codexial-enocare-pro-emulsion-relipidante-400-ml.jpg","type":"image\/jpeg"}],"twitter_card":"summary_large_image","twitter_misc":{"Dur\u00e9e de lecture estim\u00e9e":"1 minute"},"schema":{"@context":"https:\/\/schema.org","@graph":[{"@type":"WebPage","@id":"https:\/\/paracherkaoui.ma\/index.php\/produit\/codexial-enocare-pro-emulsion-relipidante-400-ml\/","url":"https:\/\/paracherkaoui.ma\/index.php\/produit\/codexial-enocare-pro-emulsion-relipidante-400-ml\/","name":"CODEXIAL ENOCARE PRO EMULSION RELIPIDANTE 400 ML - Paracherkaoui.ma","isPartOf":{"@id":"https:\/\/paracherkaoui.ma\/#website"},"primaryImageOfPage":{"@id":"https:\/\/paracherkaoui.ma\/index.php\/produit\/codexial-enocare-pro-emulsion-relipidante-400-ml\/#primaryimage"},"image":{"@id":"https:\/\/paracherkaoui.ma\/index.php\/produit\/codexial-enocare-pro-emulsion-relipidante-400-ml\/#primaryimage"},"thumbnailUrl":"https:\/\/paracherkaoui.ma\/wp-content\/uploads\/2025\/12\/codexial-enocare-pro-emulsion-relipidante-400-ml.jpg","datePublished":"2025-12-12T17:50:37+00:00","dateModified":"2025-12-12T17:50:42+00:00","breadcrumb":{"@id":"https:\/\/paracherkaoui.ma\/index.php\/produit\/codexial-enocare-pro-emulsion-relipidante-400-ml\/#breadcrumb"},"inLanguage":"fr-FR","potentialAction":[{"@type":"ReadAction","target":["https:\/\/paracherkaoui.ma\/index.php\/produit\/codexial-enocare-pro-emulsion-relipidante-400-ml\/"]}]},{"@type":"ImageObject","inLanguage":"fr-FR","@id":"https:\/\/paracherkaoui.ma\/index.php\/produit\/codexial-enocare-pro-emulsion-relipidante-400-ml\/#primaryimage","url":"https:\/\/paracherkaoui.ma\/wp-content\/uploads\/2025\/12\/codexial-enocare-pro-emulsion-relipidante-400-ml.jpg","contentUrl":"https:\/\/paracherkaoui.ma\/wp-content\/uploads\/2025\/12\/codexial-enocare-pro-emulsion-relipidante-400-ml.jpg","width":700,"height":700},{"@type":"BreadcrumbList","@id":"https:\/\/paracherkaoui.ma\/index.php\/produit\/codexial-enocare-pro-emulsion-relipidante-400-ml\/#breadcrumb","itemListElement":[{"@type":"ListItem","position":1,"name":"Accueil","item":"https:\/\/paracherkaoui.ma\/"},{"@type":"ListItem","position":2,"name":"Boutique","item":"https:\/\/paracherkaoui.ma\/index.php\/boutique\/"},{"@type":"ListItem","position":3,"name":"CODEXIAL ENOCARE PRO EMULSION RELIPIDANTE 400 ML"}]},{"@type":"WebSite","@id":"https:\/\/paracherkaoui.ma\/#website","url":"https:\/\/paracherkaoui.ma\/","name":"Paracherkaoui.ma","description":"Achetez en ligne sur Paracherkaoui.ma","potentialAction":[{"@type":"SearchAction","target":{"@type":"EntryPoint","urlTemplate":"https:\/\/paracherkaoui.ma\/?s={search_term_string}"},"query-input":{"@type":"PropertyValueSpecification","valueRequired":true,"valueName":"search_term_string"}}],"inLanguage":"fr-FR"}]}},"_links":{"self":[{"href":"https:\/\/paracherkaoui.ma\/index.php\/wp-json\/wp\/v2\/product\/33737","targetHints":{"allow":["GET"]}}],"collection":[{"href":"https:\/\/paracherkaoui.ma\/index.php\/wp-json\/wp\/v2\/product"}],"about":[{"href":"https:\/\/paracherkaoui.ma\/index.php\/wp-json\/wp\/v2\/types\/product"}],"replies":[{"embeddable":true,"href":"https:\/\/paracherkaoui.ma\/index.php\/wp-json\/wp\/v2\/comments?post=33737"}],"version-history":[{"count":1,"href":"https:\/\/paracherkaoui.ma\/index.php\/wp-json\/wp\/v2\/product\/33737\/revisions"}],"predecessor-version":[{"id":33789,"href":"https:\/\/paracherkaoui.ma\/index.php\/wp-json\/wp\/v2\/product\/33737\/revisions\/33789"}],"wp:featuredmedia":[{"embeddable":true,"href":"https:\/\/paracherkaoui.ma\/index.php\/wp-json\/wp\/v2\/media\/33788"}],"wp:attachment":[{"href":"https:\/\/paracherkaoui.ma\/index.php\/wp-json\/wp\/v2\/media?parent=33737"}],"wp:term":[{"taxonomy":"product_brand","embeddable":true,"href":"https:\/\/paracherkaoui.ma\/index.php\/wp-json\/wp\/v2\/product_brand?post=33737"},{"taxonomy":"product_cat","embeddable":true,"href":"https:\/\/paracherkaoui.ma\/index.php\/wp-json\/wp\/v2\/product_cat?post=33737"},{"taxonomy":"product_tag","embeddable":true,"href":"https:\/\/paracherkaoui.ma\/index.php\/wp-json\/wp\/v2\/product_tag?post=33737"}],"curies":[{"name":"wp","href":"https:\/\/api.w.org\/{rel}","templated":true}]}}