{"id":33734,"date":"2025-12-12T18:50:36","date_gmt":"2025-12-12T17:50:36","guid":{"rendered":"https:\/\/test.ecbeaute.com\/?post_type=product&#038;p=33734"},"modified":"2025-12-12T18:50:41","modified_gmt":"2025-12-12T17:50:41","slug":"caudalie-vinotherapist-soin-beurre-corps-250-ml","status":"publish","type":"product","link":"https:\/\/paracherkaoui.ma\/index.php\/produit\/caudalie-vinotherapist-soin-beurre-corps-250-ml\/","title":{"rendered":"CAUDALIE VINOTHERAPIST SOIN BEURRE CORPS 250 ML"},"content":{"rendered":"<p>Inspir\u00e9 de l&rsquo;expertise des spas Vinoth\u00e9rapieTM\u00a0de Caudalie, ce beurre corporel est compos\u00e9 d&rsquo;actifs naturels issus de la vigne et du raisin, et enrichi en lipides d&rsquo;origine v\u00e9g\u00e9tale. On retrouve notamment l&rsquo;huile de p\u00e9pins de raisin, qui est associ\u00e9e \u00e0 d&rsquo;autres huiles v\u00e9g\u00e9tales : dattier du d\u00e9sert, amande douce et tournesol. Ces ingr\u00e9dients apportent leur richesse en acides gras essentiels et leurs propri\u00e9t\u00e9s nourrissantes, assouplissantes et adoucissantes. Le beurre corps Caudalie VinotherapistTM\u00a0contient \u00e9galement du beurre de karit\u00e9, r\u00e9put\u00e9 pour son action nourrissante, r\u00e9paratrice et protectrice. Enfin, la glyc\u00e9rine compl\u00e8te la formule et apporte ses vertus \u00e9mollientes. Elle participe au maintien de la barri\u00e8re cutan\u00e9 et pr\u00e9vient la d\u00e9shydratation.<\/p>\n","protected":false},"excerpt":{"rendered":"<p>Inspir\u00e9 de l&rsquo;expertise des spas Vinoth\u00e9rapieTM\u00a0de Caudalie, ce beurre corporel est compos\u00e9 d&rsquo;actifs naturels issus de la vigne et du<\/p>\n","protected":false},"featured_media":33783,"comment_status":"open","ping_status":"closed","template":"","meta":[],"product_brand":[358],"product_cat":[618],"product_tag":[],"class_list":{"0":"post-33734","1":"product","2":"type-product","3":"status-publish","4":"has-post-thumbnail","6":"product_brand-caudalie","7":"product_cat-hydratation-corps-corps","9":"first","10":"instock","11":"shipping-taxable","12":"purchasable","13":"product-type-simple"},"yoast_head":"<!-- This site is optimized with the Yoast SEO plugin v26.6 - https:\/\/yoast.com\/wordpress\/plugins\/seo\/ -->\r\n<title>CAUDALIE VINOTHERAPIST SOIN BEURRE CORPS 250 ML - Paracherkaoui.ma<\/title>\r\n<meta name=\"robots\" content=\"index, follow, max-snippet:-1, max-image-preview:large, max-video-preview:-1\" \/>\r\n<link rel=\"canonical\" href=\"https:\/\/paracherkaoui.ma\/index.php\/produit\/caudalie-vinotherapist-soin-beurre-corps-250-ml\/\" \/>\r\n<meta property=\"og:locale\" content=\"fr_FR\" \/>\r\n<meta property=\"og:type\" content=\"article\" \/>\r\n<meta property=\"og:title\" content=\"CAUDALIE VINOTHERAPIST SOIN BEURRE CORPS 250 ML - Paracherkaoui.ma\" \/>\r\n<meta property=\"og:description\" content=\"Inspir\u00e9 de l&rsquo;expertise des spas Vinoth\u00e9rapieTM\u00a0de Caudalie, ce beurre corporel est compos\u00e9 d&rsquo;actifs naturels issus de la vigne et du\" \/>\r\n<meta property=\"og:url\" content=\"https:\/\/paracherkaoui.ma\/index.php\/produit\/caudalie-vinotherapist-soin-beurre-corps-250-ml\/\" \/>\r\n<meta property=\"og:site_name\" content=\"Paracherkaoui.ma\" \/>\r\n<meta property=\"article:modified_time\" content=\"2025-12-12T17:50:41+00:00\" \/>\r\n<meta property=\"og:image\" content=\"https:\/\/paracherkaoui.ma\/wp-content\/uploads\/2025\/12\/caudalie-vinotherapist-soin-beurre-corps-250-ml.jpg\" \/>\r\n\t<meta property=\"og:image:width\" content=\"700\" \/>\r\n\t<meta property=\"og:image:height\" content=\"700\" \/>\r\n\t<meta property=\"og:image:type\" content=\"image\/jpeg\" \/>\r\n<meta name=\"twitter:card\" content=\"summary_large_image\" \/>\r\n<meta name=\"twitter:label1\" content=\"Dur\u00e9e de lecture estim\u00e9e\" \/>\n\t<meta name=\"twitter:data1\" content=\"1 minute\" \/>\r\n<script type=\"application\/ld+json\" class=\"yoast-schema-graph\">{\"@context\":\"https:\/\/schema.org\",\"@graph\":[{\"@type\":\"WebPage\",\"@id\":\"https:\/\/paracherkaoui.ma\/index.php\/produit\/caudalie-vinotherapist-soin-beurre-corps-250-ml\/\",\"url\":\"https:\/\/paracherkaoui.ma\/index.php\/produit\/caudalie-vinotherapist-soin-beurre-corps-250-ml\/\",\"name\":\"CAUDALIE VINOTHERAPIST SOIN BEURRE CORPS 250 ML - Paracherkaoui.ma\",\"isPartOf\":{\"@id\":\"https:\/\/paracherkaoui.ma\/#website\"},\"primaryImageOfPage\":{\"@id\":\"https:\/\/paracherkaoui.ma\/index.php\/produit\/caudalie-vinotherapist-soin-beurre-corps-250-ml\/#primaryimage\"},\"image\":{\"@id\":\"https:\/\/paracherkaoui.ma\/index.php\/produit\/caudalie-vinotherapist-soin-beurre-corps-250-ml\/#primaryimage\"},\"thumbnailUrl\":\"https:\/\/paracherkaoui.ma\/wp-content\/uploads\/2025\/12\/caudalie-vinotherapist-soin-beurre-corps-250-ml.jpg\",\"datePublished\":\"2025-12-12T17:50:36+00:00\",\"dateModified\":\"2025-12-12T17:50:41+00:00\",\"breadcrumb\":{\"@id\":\"https:\/\/paracherkaoui.ma\/index.php\/produit\/caudalie-vinotherapist-soin-beurre-corps-250-ml\/#breadcrumb\"},\"inLanguage\":\"fr-FR\",\"potentialAction\":[{\"@type\":\"ReadAction\",\"target\":[\"https:\/\/paracherkaoui.ma\/index.php\/produit\/caudalie-vinotherapist-soin-beurre-corps-250-ml\/\"]}]},{\"@type\":\"ImageObject\",\"inLanguage\":\"fr-FR\",\"@id\":\"https:\/\/paracherkaoui.ma\/index.php\/produit\/caudalie-vinotherapist-soin-beurre-corps-250-ml\/#primaryimage\",\"url\":\"https:\/\/paracherkaoui.ma\/wp-content\/uploads\/2025\/12\/caudalie-vinotherapist-soin-beurre-corps-250-ml.jpg\",\"contentUrl\":\"https:\/\/paracherkaoui.ma\/wp-content\/uploads\/2025\/12\/caudalie-vinotherapist-soin-beurre-corps-250-ml.jpg\",\"width\":700,\"height\":700},{\"@type\":\"BreadcrumbList\",\"@id\":\"https:\/\/paracherkaoui.ma\/index.php\/produit\/caudalie-vinotherapist-soin-beurre-corps-250-ml\/#breadcrumb\",\"itemListElement\":[{\"@type\":\"ListItem\",\"position\":1,\"name\":\"Accueil\",\"item\":\"https:\/\/paracherkaoui.ma\/\"},{\"@type\":\"ListItem\",\"position\":2,\"name\":\"Boutique\",\"item\":\"https:\/\/paracherkaoui.ma\/index.php\/boutique\/\"},{\"@type\":\"ListItem\",\"position\":3,\"name\":\"CAUDALIE VINOTHERAPIST SOIN BEURRE CORPS 250 ML\"}]},{\"@type\":\"WebSite\",\"@id\":\"https:\/\/paracherkaoui.ma\/#website\",\"url\":\"https:\/\/paracherkaoui.ma\/\",\"name\":\"Paracherkaoui.ma\",\"description\":\"Achetez en ligne sur Paracherkaoui.ma\",\"potentialAction\":[{\"@type\":\"SearchAction\",\"target\":{\"@type\":\"EntryPoint\",\"urlTemplate\":\"https:\/\/paracherkaoui.ma\/?s={search_term_string}\"},\"query-input\":{\"@type\":\"PropertyValueSpecification\",\"valueRequired\":true,\"valueName\":\"search_term_string\"}}],\"inLanguage\":\"fr-FR\"}]}<\/script>\r\n<!-- \/ Yoast SEO plugin. -->","yoast_head_json":{"title":"CAUDALIE VINOTHERAPIST SOIN BEURRE CORPS 250 ML - Paracherkaoui.ma","robots":{"index":"index","follow":"follow","max-snippet":"max-snippet:-1","max-image-preview":"max-image-preview:large","max-video-preview":"max-video-preview:-1"},"canonical":"https:\/\/paracherkaoui.ma\/index.php\/produit\/caudalie-vinotherapist-soin-beurre-corps-250-ml\/","og_locale":"fr_FR","og_type":"article","og_title":"CAUDALIE VINOTHERAPIST SOIN BEURRE CORPS 250 ML - Paracherkaoui.ma","og_description":"Inspir\u00e9 de l&rsquo;expertise des spas Vinoth\u00e9rapieTM\u00a0de Caudalie, ce beurre corporel est compos\u00e9 d&rsquo;actifs naturels issus de la vigne et du","og_url":"https:\/\/paracherkaoui.ma\/index.php\/produit\/caudalie-vinotherapist-soin-beurre-corps-250-ml\/","og_site_name":"Paracherkaoui.ma","article_modified_time":"2025-12-12T17:50:41+00:00","og_image":[{"width":700,"height":700,"url":"https:\/\/paracherkaoui.ma\/wp-content\/uploads\/2025\/12\/caudalie-vinotherapist-soin-beurre-corps-250-ml.jpg","type":"image\/jpeg"}],"twitter_card":"summary_large_image","twitter_misc":{"Dur\u00e9e de lecture estim\u00e9e":"1 minute"},"schema":{"@context":"https:\/\/schema.org","@graph":[{"@type":"WebPage","@id":"https:\/\/paracherkaoui.ma\/index.php\/produit\/caudalie-vinotherapist-soin-beurre-corps-250-ml\/","url":"https:\/\/paracherkaoui.ma\/index.php\/produit\/caudalie-vinotherapist-soin-beurre-corps-250-ml\/","name":"CAUDALIE VINOTHERAPIST SOIN BEURRE CORPS 250 ML - Paracherkaoui.ma","isPartOf":{"@id":"https:\/\/paracherkaoui.ma\/#website"},"primaryImageOfPage":{"@id":"https:\/\/paracherkaoui.ma\/index.php\/produit\/caudalie-vinotherapist-soin-beurre-corps-250-ml\/#primaryimage"},"image":{"@id":"https:\/\/paracherkaoui.ma\/index.php\/produit\/caudalie-vinotherapist-soin-beurre-corps-250-ml\/#primaryimage"},"thumbnailUrl":"https:\/\/paracherkaoui.ma\/wp-content\/uploads\/2025\/12\/caudalie-vinotherapist-soin-beurre-corps-250-ml.jpg","datePublished":"2025-12-12T17:50:36+00:00","dateModified":"2025-12-12T17:50:41+00:00","breadcrumb":{"@id":"https:\/\/paracherkaoui.ma\/index.php\/produit\/caudalie-vinotherapist-soin-beurre-corps-250-ml\/#breadcrumb"},"inLanguage":"fr-FR","potentialAction":[{"@type":"ReadAction","target":["https:\/\/paracherkaoui.ma\/index.php\/produit\/caudalie-vinotherapist-soin-beurre-corps-250-ml\/"]}]},{"@type":"ImageObject","inLanguage":"fr-FR","@id":"https:\/\/paracherkaoui.ma\/index.php\/produit\/caudalie-vinotherapist-soin-beurre-corps-250-ml\/#primaryimage","url":"https:\/\/paracherkaoui.ma\/wp-content\/uploads\/2025\/12\/caudalie-vinotherapist-soin-beurre-corps-250-ml.jpg","contentUrl":"https:\/\/paracherkaoui.ma\/wp-content\/uploads\/2025\/12\/caudalie-vinotherapist-soin-beurre-corps-250-ml.jpg","width":700,"height":700},{"@type":"BreadcrumbList","@id":"https:\/\/paracherkaoui.ma\/index.php\/produit\/caudalie-vinotherapist-soin-beurre-corps-250-ml\/#breadcrumb","itemListElement":[{"@type":"ListItem","position":1,"name":"Accueil","item":"https:\/\/paracherkaoui.ma\/"},{"@type":"ListItem","position":2,"name":"Boutique","item":"https:\/\/paracherkaoui.ma\/index.php\/boutique\/"},{"@type":"ListItem","position":3,"name":"CAUDALIE VINOTHERAPIST SOIN BEURRE CORPS 250 ML"}]},{"@type":"WebSite","@id":"https:\/\/paracherkaoui.ma\/#website","url":"https:\/\/paracherkaoui.ma\/","name":"Paracherkaoui.ma","description":"Achetez en ligne sur Paracherkaoui.ma","potentialAction":[{"@type":"SearchAction","target":{"@type":"EntryPoint","urlTemplate":"https:\/\/paracherkaoui.ma\/?s={search_term_string}"},"query-input":{"@type":"PropertyValueSpecification","valueRequired":true,"valueName":"search_term_string"}}],"inLanguage":"fr-FR"}]}},"_links":{"self":[{"href":"https:\/\/paracherkaoui.ma\/index.php\/wp-json\/wp\/v2\/product\/33734","targetHints":{"allow":["GET"]}}],"collection":[{"href":"https:\/\/paracherkaoui.ma\/index.php\/wp-json\/wp\/v2\/product"}],"about":[{"href":"https:\/\/paracherkaoui.ma\/index.php\/wp-json\/wp\/v2\/types\/product"}],"replies":[{"embeddable":true,"href":"https:\/\/paracherkaoui.ma\/index.php\/wp-json\/wp\/v2\/comments?post=33734"}],"version-history":[{"count":1,"href":"https:\/\/paracherkaoui.ma\/index.php\/wp-json\/wp\/v2\/product\/33734\/revisions"}],"predecessor-version":[{"id":33784,"href":"https:\/\/paracherkaoui.ma\/index.php\/wp-json\/wp\/v2\/product\/33734\/revisions\/33784"}],"wp:featuredmedia":[{"embeddable":true,"href":"https:\/\/paracherkaoui.ma\/index.php\/wp-json\/wp\/v2\/media\/33783"}],"wp:attachment":[{"href":"https:\/\/paracherkaoui.ma\/index.php\/wp-json\/wp\/v2\/media?parent=33734"}],"wp:term":[{"taxonomy":"product_brand","embeddable":true,"href":"https:\/\/paracherkaoui.ma\/index.php\/wp-json\/wp\/v2\/product_brand?post=33734"},{"taxonomy":"product_cat","embeddable":true,"href":"https:\/\/paracherkaoui.ma\/index.php\/wp-json\/wp\/v2\/product_cat?post=33734"},{"taxonomy":"product_tag","embeddable":true,"href":"https:\/\/paracherkaoui.ma\/index.php\/wp-json\/wp\/v2\/product_tag?post=33734"}],"curies":[{"name":"wp","href":"https:\/\/api.w.org\/{rel}","templated":true}]}}