{"id":33715,"date":"2025-12-12T18:50:35","date_gmt":"2025-12-12T17:50:35","guid":{"rendered":"https:\/\/test.ecbeaute.com\/?post_type=product&#038;p=33715"},"modified":"2025-12-12T18:50:38","modified_gmt":"2025-12-12T17:50:38","slug":"noreva-xerodiane-ap-baume-relipidant-200-ml","status":"publish","type":"product","link":"https:\/\/paracherkaoui.ma\/index.php\/produit\/noreva-xerodiane-ap-baume-relipidant-200-ml\/","title":{"rendered":"NOREVA XERODIANE AP+ BAUME RELIPIDANT 200 ML"},"content":{"rendered":"<p>DESCRIPTION :<br \/>\nXerodiane\u00a0AP+ baume nutritif relipidant est un soin derni\u00e8re g\u00e9n\u00e9ration, hypo-allerg\u00e9nique, sp\u00e9cifiquement formul\u00e9 pour les peaux sensibles, s\u00e8ches, tr\u00e8s s\u00e8ches et atopiques, sujettes aux d\u00e9mangeaisons. Gr\u00e2ce \u00e0 sa texture riche et fondante, une seule application par jour suffit pour que les peaux fragiles retrouvent un confort optimal et un apaisement durable pendant 24h. Sa formule exclusive, qui allie haute tol\u00e9rance et performance, contient deux complexes brevet\u00e9s, PS-PP et Acide Hyaluronique-ion argent, qui agissent sur la synth\u00e8se lipidique, favorisent l\u2019apaisement et r\u00e9\u00e9quilibrent le microbiome. D\u00e8s la premi\u00e8re application, Xerodiane\u00a0AP+ baume nutritif nourrit, hydrate, apaise et r\u00e9pare les irritations. Elle est enrichie en Physio Filag, actif aidant \u00e0 compenser le d\u00e9ficit en filaggrine caract\u00e9risant les peaux atopiques, et en om\u00e9ga 3 et 6, qui restaurent le film hydro-lipidique protecteur. Prot\u00e9g\u00e9e, r\u00e9\u00e9quilibr\u00e9e, assainie et apais\u00e9e, la peau retrouve son r\u00f4le de barri\u00e8re protectrice, limitant l\u2019incitation au grattage et le risque de p\u00e9n\u00e9tration d\u2019allerg\u00e8nes.<br \/>\nConseil d&rsquo;utilisation<br \/>\nAppliquer le Baume relipidant une fois par jour sur une peau pr\u00e9alablement nettoy\u00e9e avec un produit doux sans savon Xerodiane\u00a0AP+.Peut \u00eatre utilis\u00e9 en compl\u00e9ment du traitement lors de pouss\u00e9es de dermatite atopique.Permet de s\u2019habiller sans attendre gr\u00e2ce \u00e0 sa gal\u00e9nique in\u00e9galable.<br \/>\nComposition<br \/>\nAQUA (WATER), PARAFFINUM LIQUIDUM (MINERAL OIL), GLYCERIN, PENTAERYTHRITYL DISTEARATE, PROPANEDIOL, GLYCERYL STEARATE, PEG-100 STEARATE, NIACINAMIDE, DIMETHICONE, CERA MICROCRISTALLINA, PARAFFIN, BUTYLENE GLYCOL, 1,2-HEXANEDIOL, CAPRYLYL GLYCOL, PLUKENETIA VOLUBILIS SEED OIL, ETHYLHEXYLGLYCERIN, ACRYLATES\/C10-30 ALKYL ACRYLATE CROSSPOLYMER, HYDROXYETHYL ACRYLATE\/SODIUM ACRYLOYLDIMETHYL TAURATE COPOLYMER, PCA, SODIUM HYDROXIDE, CI 77820 (SILVER), PHYTOSPHINGOSINE HCL, SORBITAN ISOSTEARATE, POLYSORBATE 60, CITRIC ACID, HYDROLYZED HYALURONIC ACID, TOCOPHEROL, ACETYL HEXAPEPTIDE-49.<\/p>\n","protected":false},"excerpt":{"rendered":"<p>DESCRIPTION : Xerodiane\u00a0AP+ baume nutritif relipidant est un soin derni\u00e8re g\u00e9n\u00e9ration, hypo-allerg\u00e9nique, sp\u00e9cifiquement formul\u00e9 pour les peaux sensibles, s\u00e8ches, tr\u00e8s<\/p>\n","protected":false},"featured_media":33747,"comment_status":"open","ping_status":"closed","template":"","meta":[],"product_brand":[403],"product_cat":[618],"product_tag":[],"class_list":{"0":"post-33715","1":"product","2":"type-product","3":"status-publish","4":"has-post-thumbnail","6":"product_brand-noreva","7":"product_cat-hydratation-corps-corps","9":"first","10":"instock","11":"sale","12":"shipping-taxable","13":"purchasable","14":"product-type-simple"},"yoast_head":"<!-- This site is optimized with the Yoast SEO plugin v26.6 - https:\/\/yoast.com\/wordpress\/plugins\/seo\/ -->\r\n<title>NOREVA XERODIANE AP+ BAUME RELIPIDANT 200 ML - Paracherkaoui.ma<\/title>\r\n<meta name=\"robots\" content=\"index, follow, max-snippet:-1, max-image-preview:large, max-video-preview:-1\" \/>\r\n<link rel=\"canonical\" href=\"https:\/\/paracherkaoui.ma\/index.php\/produit\/noreva-xerodiane-ap-baume-relipidant-200-ml\/\" \/>\r\n<meta property=\"og:locale\" content=\"fr_FR\" \/>\r\n<meta property=\"og:type\" content=\"article\" \/>\r\n<meta property=\"og:title\" content=\"NOREVA XERODIANE AP+ BAUME RELIPIDANT 200 ML - Paracherkaoui.ma\" \/>\r\n<meta property=\"og:description\" content=\"DESCRIPTION : Xerodiane\u00a0AP+ baume nutritif relipidant est un soin derni\u00e8re g\u00e9n\u00e9ration, hypo-allerg\u00e9nique, sp\u00e9cifiquement formul\u00e9 pour les peaux sensibles, s\u00e8ches, tr\u00e8s\" \/>\r\n<meta property=\"og:url\" content=\"https:\/\/paracherkaoui.ma\/index.php\/produit\/noreva-xerodiane-ap-baume-relipidant-200-ml\/\" \/>\r\n<meta property=\"og:site_name\" content=\"Paracherkaoui.ma\" \/>\r\n<meta property=\"article:modified_time\" content=\"2025-12-12T17:50:38+00:00\" \/>\r\n<meta property=\"og:image\" content=\"https:\/\/paracherkaoui.ma\/wp-content\/uploads\/2025\/12\/noreva-noreva-xerodiane-ap-baume-relipidant-200-ml-cremes-et-soins-hydratants.jpg\" \/>\r\n\t<meta property=\"og:image:width\" content=\"700\" \/>\r\n\t<meta property=\"og:image:height\" content=\"700\" \/>\r\n\t<meta property=\"og:image:type\" content=\"image\/jpeg\" \/>\r\n<meta name=\"twitter:card\" content=\"summary_large_image\" \/>\r\n<meta name=\"twitter:label1\" content=\"Dur\u00e9e de lecture estim\u00e9e\" \/>\n\t<meta name=\"twitter:data1\" content=\"1 minute\" \/>\r\n<script type=\"application\/ld+json\" class=\"yoast-schema-graph\">{\"@context\":\"https:\/\/schema.org\",\"@graph\":[{\"@type\":\"WebPage\",\"@id\":\"https:\/\/paracherkaoui.ma\/index.php\/produit\/noreva-xerodiane-ap-baume-relipidant-200-ml\/\",\"url\":\"https:\/\/paracherkaoui.ma\/index.php\/produit\/noreva-xerodiane-ap-baume-relipidant-200-ml\/\",\"name\":\"NOREVA XERODIANE AP+ BAUME RELIPIDANT 200 ML - Paracherkaoui.ma\",\"isPartOf\":{\"@id\":\"https:\/\/paracherkaoui.ma\/#website\"},\"primaryImageOfPage\":{\"@id\":\"https:\/\/paracherkaoui.ma\/index.php\/produit\/noreva-xerodiane-ap-baume-relipidant-200-ml\/#primaryimage\"},\"image\":{\"@id\":\"https:\/\/paracherkaoui.ma\/index.php\/produit\/noreva-xerodiane-ap-baume-relipidant-200-ml\/#primaryimage\"},\"thumbnailUrl\":\"https:\/\/paracherkaoui.ma\/wp-content\/uploads\/2025\/12\/noreva-noreva-xerodiane-ap-baume-relipidant-200-ml-cremes-et-soins-hydratants.jpg\",\"datePublished\":\"2025-12-12T17:50:35+00:00\",\"dateModified\":\"2025-12-12T17:50:38+00:00\",\"breadcrumb\":{\"@id\":\"https:\/\/paracherkaoui.ma\/index.php\/produit\/noreva-xerodiane-ap-baume-relipidant-200-ml\/#breadcrumb\"},\"inLanguage\":\"fr-FR\",\"potentialAction\":[{\"@type\":\"ReadAction\",\"target\":[\"https:\/\/paracherkaoui.ma\/index.php\/produit\/noreva-xerodiane-ap-baume-relipidant-200-ml\/\"]}]},{\"@type\":\"ImageObject\",\"inLanguage\":\"fr-FR\",\"@id\":\"https:\/\/paracherkaoui.ma\/index.php\/produit\/noreva-xerodiane-ap-baume-relipidant-200-ml\/#primaryimage\",\"url\":\"https:\/\/paracherkaoui.ma\/wp-content\/uploads\/2025\/12\/noreva-noreva-xerodiane-ap-baume-relipidant-200-ml-cremes-et-soins-hydratants.jpg\",\"contentUrl\":\"https:\/\/paracherkaoui.ma\/wp-content\/uploads\/2025\/12\/noreva-noreva-xerodiane-ap-baume-relipidant-200-ml-cremes-et-soins-hydratants.jpg\",\"width\":700,\"height\":700},{\"@type\":\"BreadcrumbList\",\"@id\":\"https:\/\/paracherkaoui.ma\/index.php\/produit\/noreva-xerodiane-ap-baume-relipidant-200-ml\/#breadcrumb\",\"itemListElement\":[{\"@type\":\"ListItem\",\"position\":1,\"name\":\"Accueil\",\"item\":\"https:\/\/paracherkaoui.ma\/\"},{\"@type\":\"ListItem\",\"position\":2,\"name\":\"Boutique\",\"item\":\"https:\/\/paracherkaoui.ma\/index.php\/boutique\/\"},{\"@type\":\"ListItem\",\"position\":3,\"name\":\"NOREVA XERODIANE AP+ BAUME RELIPIDANT 200 ML\"}]},{\"@type\":\"WebSite\",\"@id\":\"https:\/\/paracherkaoui.ma\/#website\",\"url\":\"https:\/\/paracherkaoui.ma\/\",\"name\":\"Paracherkaoui.ma\",\"description\":\"Achetez en ligne sur Paracherkaoui.ma\",\"potentialAction\":[{\"@type\":\"SearchAction\",\"target\":{\"@type\":\"EntryPoint\",\"urlTemplate\":\"https:\/\/paracherkaoui.ma\/?s={search_term_string}\"},\"query-input\":{\"@type\":\"PropertyValueSpecification\",\"valueRequired\":true,\"valueName\":\"search_term_string\"}}],\"inLanguage\":\"fr-FR\"}]}<\/script>\r\n<!-- \/ Yoast SEO plugin. -->","yoast_head_json":{"title":"NOREVA XERODIANE AP+ BAUME RELIPIDANT 200 ML - Paracherkaoui.ma","robots":{"index":"index","follow":"follow","max-snippet":"max-snippet:-1","max-image-preview":"max-image-preview:large","max-video-preview":"max-video-preview:-1"},"canonical":"https:\/\/paracherkaoui.ma\/index.php\/produit\/noreva-xerodiane-ap-baume-relipidant-200-ml\/","og_locale":"fr_FR","og_type":"article","og_title":"NOREVA XERODIANE AP+ BAUME RELIPIDANT 200 ML - Paracherkaoui.ma","og_description":"DESCRIPTION : Xerodiane\u00a0AP+ baume nutritif relipidant est un soin derni\u00e8re g\u00e9n\u00e9ration, hypo-allerg\u00e9nique, sp\u00e9cifiquement formul\u00e9 pour les peaux sensibles, s\u00e8ches, tr\u00e8s","og_url":"https:\/\/paracherkaoui.ma\/index.php\/produit\/noreva-xerodiane-ap-baume-relipidant-200-ml\/","og_site_name":"Paracherkaoui.ma","article_modified_time":"2025-12-12T17:50:38+00:00","og_image":[{"width":700,"height":700,"url":"https:\/\/paracherkaoui.ma\/wp-content\/uploads\/2025\/12\/noreva-noreva-xerodiane-ap-baume-relipidant-200-ml-cremes-et-soins-hydratants.jpg","type":"image\/jpeg"}],"twitter_card":"summary_large_image","twitter_misc":{"Dur\u00e9e de lecture estim\u00e9e":"1 minute"},"schema":{"@context":"https:\/\/schema.org","@graph":[{"@type":"WebPage","@id":"https:\/\/paracherkaoui.ma\/index.php\/produit\/noreva-xerodiane-ap-baume-relipidant-200-ml\/","url":"https:\/\/paracherkaoui.ma\/index.php\/produit\/noreva-xerodiane-ap-baume-relipidant-200-ml\/","name":"NOREVA XERODIANE AP+ BAUME RELIPIDANT 200 ML - Paracherkaoui.ma","isPartOf":{"@id":"https:\/\/paracherkaoui.ma\/#website"},"primaryImageOfPage":{"@id":"https:\/\/paracherkaoui.ma\/index.php\/produit\/noreva-xerodiane-ap-baume-relipidant-200-ml\/#primaryimage"},"image":{"@id":"https:\/\/paracherkaoui.ma\/index.php\/produit\/noreva-xerodiane-ap-baume-relipidant-200-ml\/#primaryimage"},"thumbnailUrl":"https:\/\/paracherkaoui.ma\/wp-content\/uploads\/2025\/12\/noreva-noreva-xerodiane-ap-baume-relipidant-200-ml-cremes-et-soins-hydratants.jpg","datePublished":"2025-12-12T17:50:35+00:00","dateModified":"2025-12-12T17:50:38+00:00","breadcrumb":{"@id":"https:\/\/paracherkaoui.ma\/index.php\/produit\/noreva-xerodiane-ap-baume-relipidant-200-ml\/#breadcrumb"},"inLanguage":"fr-FR","potentialAction":[{"@type":"ReadAction","target":["https:\/\/paracherkaoui.ma\/index.php\/produit\/noreva-xerodiane-ap-baume-relipidant-200-ml\/"]}]},{"@type":"ImageObject","inLanguage":"fr-FR","@id":"https:\/\/paracherkaoui.ma\/index.php\/produit\/noreva-xerodiane-ap-baume-relipidant-200-ml\/#primaryimage","url":"https:\/\/paracherkaoui.ma\/wp-content\/uploads\/2025\/12\/noreva-noreva-xerodiane-ap-baume-relipidant-200-ml-cremes-et-soins-hydratants.jpg","contentUrl":"https:\/\/paracherkaoui.ma\/wp-content\/uploads\/2025\/12\/noreva-noreva-xerodiane-ap-baume-relipidant-200-ml-cremes-et-soins-hydratants.jpg","width":700,"height":700},{"@type":"BreadcrumbList","@id":"https:\/\/paracherkaoui.ma\/index.php\/produit\/noreva-xerodiane-ap-baume-relipidant-200-ml\/#breadcrumb","itemListElement":[{"@type":"ListItem","position":1,"name":"Accueil","item":"https:\/\/paracherkaoui.ma\/"},{"@type":"ListItem","position":2,"name":"Boutique","item":"https:\/\/paracherkaoui.ma\/index.php\/boutique\/"},{"@type":"ListItem","position":3,"name":"NOREVA XERODIANE AP+ BAUME RELIPIDANT 200 ML"}]},{"@type":"WebSite","@id":"https:\/\/paracherkaoui.ma\/#website","url":"https:\/\/paracherkaoui.ma\/","name":"Paracherkaoui.ma","description":"Achetez en ligne sur Paracherkaoui.ma","potentialAction":[{"@type":"SearchAction","target":{"@type":"EntryPoint","urlTemplate":"https:\/\/paracherkaoui.ma\/?s={search_term_string}"},"query-input":{"@type":"PropertyValueSpecification","valueRequired":true,"valueName":"search_term_string"}}],"inLanguage":"fr-FR"}]}},"_links":{"self":[{"href":"https:\/\/paracherkaoui.ma\/index.php\/wp-json\/wp\/v2\/product\/33715","targetHints":{"allow":["GET"]}}],"collection":[{"href":"https:\/\/paracherkaoui.ma\/index.php\/wp-json\/wp\/v2\/product"}],"about":[{"href":"https:\/\/paracherkaoui.ma\/index.php\/wp-json\/wp\/v2\/types\/product"}],"replies":[{"embeddable":true,"href":"https:\/\/paracherkaoui.ma\/index.php\/wp-json\/wp\/v2\/comments?post=33715"}],"version-history":[{"count":1,"href":"https:\/\/paracherkaoui.ma\/index.php\/wp-json\/wp\/v2\/product\/33715\/revisions"}],"predecessor-version":[{"id":33748,"href":"https:\/\/paracherkaoui.ma\/index.php\/wp-json\/wp\/v2\/product\/33715\/revisions\/33748"}],"wp:featuredmedia":[{"embeddable":true,"href":"https:\/\/paracherkaoui.ma\/index.php\/wp-json\/wp\/v2\/media\/33747"}],"wp:attachment":[{"href":"https:\/\/paracherkaoui.ma\/index.php\/wp-json\/wp\/v2\/media?parent=33715"}],"wp:term":[{"taxonomy":"product_brand","embeddable":true,"href":"https:\/\/paracherkaoui.ma\/index.php\/wp-json\/wp\/v2\/product_brand?post=33715"},{"taxonomy":"product_cat","embeddable":true,"href":"https:\/\/paracherkaoui.ma\/index.php\/wp-json\/wp\/v2\/product_cat?post=33715"},{"taxonomy":"product_tag","embeddable":true,"href":"https:\/\/paracherkaoui.ma\/index.php\/wp-json\/wp\/v2\/product_tag?post=33715"}],"curies":[{"name":"wp","href":"https:\/\/api.w.org\/{rel}","templated":true}]}}