{"id":33576,"date":"2025-12-12T18:41:22","date_gmt":"2025-12-12T17:41:22","guid":{"rendered":"https:\/\/test.ecbeaute.com\/?post_type=product&#038;p=33576"},"modified":"2025-12-12T18:41:26","modified_gmt":"2025-12-12T17:41:26","slug":"curaskin-hydracure-soin-emollient-corporel-200-ml","status":"publish","type":"product","link":"https:\/\/paracherkaoui.ma\/index.php\/produit\/curaskin-hydracure-soin-emollient-corporel-200-ml\/","title":{"rendered":"CURASKIN HYDRACURE SOIN EMOLLIENT CORPOREL 200 ML"},"content":{"rendered":"<p>HydraCure Soin corporel \u00e9mollient est sp\u00e9cialement con\u00e7u pour hydrater en profondeur et apaiser les zones les plus s\u00e8ches et rugueuses du corps. Sa texture riche et cr\u00e9meuse apporte du confort aux peaux \u00e0 tendance atopique, am\u00e9liore la fonction de barri\u00e8re cutan\u00e9e et offre une hydratation intense. Convient aussi bien aux nourrissons qu\u2019aux adultes pour un soulagement efficace des d\u00e9mangeaisons..<br \/>\nConseils d&rsquo;utilisation:<br \/>\nAppliquez HydraCure Body 1 \u00e0 2 fois par jour, sur une peau propre et s\u00e8che, sur l\u2019ensemble du corps en massant d\u00e9licatement. Pour une hydratation optimale, nettoyez avec HydraCure gel surgras<\/p>\n","protected":false},"excerpt":{"rendered":"<p>HydraCure Soin corporel \u00e9mollient est sp\u00e9cialement con\u00e7u pour hydrater en profondeur et apaiser les zones les plus s\u00e8ches et rugueuses<\/p>\n","protected":false},"featured_media":33607,"comment_status":"open","ping_status":"closed","template":"","meta":[],"product_brand":[363],"product_cat":[618],"product_tag":[],"class_list":{"0":"post-33576","1":"product","2":"type-product","3":"status-publish","4":"has-post-thumbnail","6":"product_brand-curaskin","7":"product_cat-hydratation-corps-corps","9":"first","10":"instock","11":"sale","12":"shipping-taxable","13":"purchasable","14":"product-type-simple"},"yoast_head":"<!-- This site is optimized with the Yoast SEO plugin v26.6 - https:\/\/yoast.com\/wordpress\/plugins\/seo\/ -->\r\n<title>CURASKIN HYDRACURE SOIN EMOLLIENT CORPOREL 200 ML - Paracherkaoui.ma<\/title>\r\n<meta name=\"robots\" content=\"index, follow, max-snippet:-1, max-image-preview:large, max-video-preview:-1\" \/>\r\n<link rel=\"canonical\" href=\"https:\/\/paracherkaoui.ma\/index.php\/produit\/curaskin-hydracure-soin-emollient-corporel-200-ml\/\" \/>\r\n<meta property=\"og:locale\" content=\"fr_FR\" \/>\r\n<meta property=\"og:type\" content=\"article\" \/>\r\n<meta property=\"og:title\" content=\"CURASKIN HYDRACURE SOIN EMOLLIENT CORPOREL 200 ML - Paracherkaoui.ma\" \/>\r\n<meta property=\"og:description\" content=\"HydraCure Soin corporel \u00e9mollient est sp\u00e9cialement con\u00e7u pour hydrater en profondeur et apaiser les zones les plus s\u00e8ches et rugueuses\" \/>\r\n<meta property=\"og:url\" content=\"https:\/\/paracherkaoui.ma\/index.php\/produit\/curaskin-hydracure-soin-emollient-corporel-200-ml\/\" \/>\r\n<meta property=\"og:site_name\" content=\"Paracherkaoui.ma\" \/>\r\n<meta property=\"article:modified_time\" content=\"2025-12-12T17:41:26+00:00\" \/>\r\n<meta property=\"og:image\" content=\"https:\/\/paracherkaoui.ma\/wp-content\/uploads\/2025\/12\/curaskin-curaskin-hydracure-soin-emollient-corporel-200-ml-hydratation-corps.jpg\" \/>\r\n\t<meta property=\"og:image:width\" content=\"700\" \/>\r\n\t<meta property=\"og:image:height\" content=\"700\" \/>\r\n\t<meta property=\"og:image:type\" content=\"image\/jpeg\" \/>\r\n<meta name=\"twitter:card\" content=\"summary_large_image\" \/>\r\n<meta name=\"twitter:label1\" content=\"Dur\u00e9e de lecture estim\u00e9e\" \/>\n\t<meta name=\"twitter:data1\" content=\"1 minute\" \/>\r\n<script type=\"application\/ld+json\" class=\"yoast-schema-graph\">{\"@context\":\"https:\/\/schema.org\",\"@graph\":[{\"@type\":\"WebPage\",\"@id\":\"https:\/\/paracherkaoui.ma\/index.php\/produit\/curaskin-hydracure-soin-emollient-corporel-200-ml\/\",\"url\":\"https:\/\/paracherkaoui.ma\/index.php\/produit\/curaskin-hydracure-soin-emollient-corporel-200-ml\/\",\"name\":\"CURASKIN HYDRACURE SOIN EMOLLIENT CORPOREL 200 ML - Paracherkaoui.ma\",\"isPartOf\":{\"@id\":\"https:\/\/paracherkaoui.ma\/#website\"},\"primaryImageOfPage\":{\"@id\":\"https:\/\/paracherkaoui.ma\/index.php\/produit\/curaskin-hydracure-soin-emollient-corporel-200-ml\/#primaryimage\"},\"image\":{\"@id\":\"https:\/\/paracherkaoui.ma\/index.php\/produit\/curaskin-hydracure-soin-emollient-corporel-200-ml\/#primaryimage\"},\"thumbnailUrl\":\"https:\/\/paracherkaoui.ma\/wp-content\/uploads\/2025\/12\/curaskin-curaskin-hydracure-soin-emollient-corporel-200-ml-hydratation-corps.jpg\",\"datePublished\":\"2025-12-12T17:41:22+00:00\",\"dateModified\":\"2025-12-12T17:41:26+00:00\",\"breadcrumb\":{\"@id\":\"https:\/\/paracherkaoui.ma\/index.php\/produit\/curaskin-hydracure-soin-emollient-corporel-200-ml\/#breadcrumb\"},\"inLanguage\":\"fr-FR\",\"potentialAction\":[{\"@type\":\"ReadAction\",\"target\":[\"https:\/\/paracherkaoui.ma\/index.php\/produit\/curaskin-hydracure-soin-emollient-corporel-200-ml\/\"]}]},{\"@type\":\"ImageObject\",\"inLanguage\":\"fr-FR\",\"@id\":\"https:\/\/paracherkaoui.ma\/index.php\/produit\/curaskin-hydracure-soin-emollient-corporel-200-ml\/#primaryimage\",\"url\":\"https:\/\/paracherkaoui.ma\/wp-content\/uploads\/2025\/12\/curaskin-curaskin-hydracure-soin-emollient-corporel-200-ml-hydratation-corps.jpg\",\"contentUrl\":\"https:\/\/paracherkaoui.ma\/wp-content\/uploads\/2025\/12\/curaskin-curaskin-hydracure-soin-emollient-corporel-200-ml-hydratation-corps.jpg\",\"width\":700,\"height\":700},{\"@type\":\"BreadcrumbList\",\"@id\":\"https:\/\/paracherkaoui.ma\/index.php\/produit\/curaskin-hydracure-soin-emollient-corporel-200-ml\/#breadcrumb\",\"itemListElement\":[{\"@type\":\"ListItem\",\"position\":1,\"name\":\"Accueil\",\"item\":\"https:\/\/paracherkaoui.ma\/\"},{\"@type\":\"ListItem\",\"position\":2,\"name\":\"Boutique\",\"item\":\"https:\/\/paracherkaoui.ma\/index.php\/boutique\/\"},{\"@type\":\"ListItem\",\"position\":3,\"name\":\"CURASKIN HYDRACURE SOIN EMOLLIENT CORPOREL 200 ML\"}]},{\"@type\":\"WebSite\",\"@id\":\"https:\/\/paracherkaoui.ma\/#website\",\"url\":\"https:\/\/paracherkaoui.ma\/\",\"name\":\"Paracherkaoui.ma\",\"description\":\"Achetez en ligne sur Paracherkaoui.ma\",\"potentialAction\":[{\"@type\":\"SearchAction\",\"target\":{\"@type\":\"EntryPoint\",\"urlTemplate\":\"https:\/\/paracherkaoui.ma\/?s={search_term_string}\"},\"query-input\":{\"@type\":\"PropertyValueSpecification\",\"valueRequired\":true,\"valueName\":\"search_term_string\"}}],\"inLanguage\":\"fr-FR\"}]}<\/script>\r\n<!-- \/ Yoast SEO plugin. -->","yoast_head_json":{"title":"CURASKIN HYDRACURE SOIN EMOLLIENT CORPOREL 200 ML - Paracherkaoui.ma","robots":{"index":"index","follow":"follow","max-snippet":"max-snippet:-1","max-image-preview":"max-image-preview:large","max-video-preview":"max-video-preview:-1"},"canonical":"https:\/\/paracherkaoui.ma\/index.php\/produit\/curaskin-hydracure-soin-emollient-corporel-200-ml\/","og_locale":"fr_FR","og_type":"article","og_title":"CURASKIN HYDRACURE SOIN EMOLLIENT CORPOREL 200 ML - Paracherkaoui.ma","og_description":"HydraCure Soin corporel \u00e9mollient est sp\u00e9cialement con\u00e7u pour hydrater en profondeur et apaiser les zones les plus s\u00e8ches et rugueuses","og_url":"https:\/\/paracherkaoui.ma\/index.php\/produit\/curaskin-hydracure-soin-emollient-corporel-200-ml\/","og_site_name":"Paracherkaoui.ma","article_modified_time":"2025-12-12T17:41:26+00:00","og_image":[{"width":700,"height":700,"url":"https:\/\/paracherkaoui.ma\/wp-content\/uploads\/2025\/12\/curaskin-curaskin-hydracure-soin-emollient-corporel-200-ml-hydratation-corps.jpg","type":"image\/jpeg"}],"twitter_card":"summary_large_image","twitter_misc":{"Dur\u00e9e de lecture estim\u00e9e":"1 minute"},"schema":{"@context":"https:\/\/schema.org","@graph":[{"@type":"WebPage","@id":"https:\/\/paracherkaoui.ma\/index.php\/produit\/curaskin-hydracure-soin-emollient-corporel-200-ml\/","url":"https:\/\/paracherkaoui.ma\/index.php\/produit\/curaskin-hydracure-soin-emollient-corporel-200-ml\/","name":"CURASKIN HYDRACURE SOIN EMOLLIENT CORPOREL 200 ML - Paracherkaoui.ma","isPartOf":{"@id":"https:\/\/paracherkaoui.ma\/#website"},"primaryImageOfPage":{"@id":"https:\/\/paracherkaoui.ma\/index.php\/produit\/curaskin-hydracure-soin-emollient-corporel-200-ml\/#primaryimage"},"image":{"@id":"https:\/\/paracherkaoui.ma\/index.php\/produit\/curaskin-hydracure-soin-emollient-corporel-200-ml\/#primaryimage"},"thumbnailUrl":"https:\/\/paracherkaoui.ma\/wp-content\/uploads\/2025\/12\/curaskin-curaskin-hydracure-soin-emollient-corporel-200-ml-hydratation-corps.jpg","datePublished":"2025-12-12T17:41:22+00:00","dateModified":"2025-12-12T17:41:26+00:00","breadcrumb":{"@id":"https:\/\/paracherkaoui.ma\/index.php\/produit\/curaskin-hydracure-soin-emollient-corporel-200-ml\/#breadcrumb"},"inLanguage":"fr-FR","potentialAction":[{"@type":"ReadAction","target":["https:\/\/paracherkaoui.ma\/index.php\/produit\/curaskin-hydracure-soin-emollient-corporel-200-ml\/"]}]},{"@type":"ImageObject","inLanguage":"fr-FR","@id":"https:\/\/paracherkaoui.ma\/index.php\/produit\/curaskin-hydracure-soin-emollient-corporel-200-ml\/#primaryimage","url":"https:\/\/paracherkaoui.ma\/wp-content\/uploads\/2025\/12\/curaskin-curaskin-hydracure-soin-emollient-corporel-200-ml-hydratation-corps.jpg","contentUrl":"https:\/\/paracherkaoui.ma\/wp-content\/uploads\/2025\/12\/curaskin-curaskin-hydracure-soin-emollient-corporel-200-ml-hydratation-corps.jpg","width":700,"height":700},{"@type":"BreadcrumbList","@id":"https:\/\/paracherkaoui.ma\/index.php\/produit\/curaskin-hydracure-soin-emollient-corporel-200-ml\/#breadcrumb","itemListElement":[{"@type":"ListItem","position":1,"name":"Accueil","item":"https:\/\/paracherkaoui.ma\/"},{"@type":"ListItem","position":2,"name":"Boutique","item":"https:\/\/paracherkaoui.ma\/index.php\/boutique\/"},{"@type":"ListItem","position":3,"name":"CURASKIN HYDRACURE SOIN EMOLLIENT CORPOREL 200 ML"}]},{"@type":"WebSite","@id":"https:\/\/paracherkaoui.ma\/#website","url":"https:\/\/paracherkaoui.ma\/","name":"Paracherkaoui.ma","description":"Achetez en ligne sur Paracherkaoui.ma","potentialAction":[{"@type":"SearchAction","target":{"@type":"EntryPoint","urlTemplate":"https:\/\/paracherkaoui.ma\/?s={search_term_string}"},"query-input":{"@type":"PropertyValueSpecification","valueRequired":true,"valueName":"search_term_string"}}],"inLanguage":"fr-FR"}]}},"_links":{"self":[{"href":"https:\/\/paracherkaoui.ma\/index.php\/wp-json\/wp\/v2\/product\/33576","targetHints":{"allow":["GET"]}}],"collection":[{"href":"https:\/\/paracherkaoui.ma\/index.php\/wp-json\/wp\/v2\/product"}],"about":[{"href":"https:\/\/paracherkaoui.ma\/index.php\/wp-json\/wp\/v2\/types\/product"}],"replies":[{"embeddable":true,"href":"https:\/\/paracherkaoui.ma\/index.php\/wp-json\/wp\/v2\/comments?post=33576"}],"version-history":[{"count":1,"href":"https:\/\/paracherkaoui.ma\/index.php\/wp-json\/wp\/v2\/product\/33576\/revisions"}],"predecessor-version":[{"id":33608,"href":"https:\/\/paracherkaoui.ma\/index.php\/wp-json\/wp\/v2\/product\/33576\/revisions\/33608"}],"wp:featuredmedia":[{"embeddable":true,"href":"https:\/\/paracherkaoui.ma\/index.php\/wp-json\/wp\/v2\/media\/33607"}],"wp:attachment":[{"href":"https:\/\/paracherkaoui.ma\/index.php\/wp-json\/wp\/v2\/media?parent=33576"}],"wp:term":[{"taxonomy":"product_brand","embeddable":true,"href":"https:\/\/paracherkaoui.ma\/index.php\/wp-json\/wp\/v2\/product_brand?post=33576"},{"taxonomy":"product_cat","embeddable":true,"href":"https:\/\/paracherkaoui.ma\/index.php\/wp-json\/wp\/v2\/product_cat?post=33576"},{"taxonomy":"product_tag","embeddable":true,"href":"https:\/\/paracherkaoui.ma\/index.php\/wp-json\/wp\/v2\/product_tag?post=33576"}],"curies":[{"name":"wp","href":"https:\/\/api.w.org\/{rel}","templated":true}]}}