{"id":33559,"date":"2025-12-12T18:41:21","date_gmt":"2025-12-12T17:41:21","guid":{"rendered":"https:\/\/test.ecbeaute.com\/?post_type=product&#038;p=33559"},"modified":"2025-12-12T18:41:23","modified_gmt":"2025-12-12T17:41:23","slug":"begobano-creme-hydratante-avec-pompe-750-ml","status":"publish","type":"product","link":"https:\/\/paracherkaoui.ma\/index.php\/produit\/begobano-creme-hydratante-avec-pompe-750-ml\/","title":{"rendered":"BEGOBANO CREME HYDRATANTE AVEC POMPE 750 ML"},"content":{"rendered":"<p>D\u00e9couvrez la cr\u00e8me hydratante BEGOBANO, votre alli\u00e9e pour une peau lisse et intens\u00e9ment hydrat\u00e9e. Notre cr\u00e8me unique, \u00e9quip\u00e9e d\u2019un dispositif de dosage pratique de 750 ml, offre une distribution pr\u00e9cise du produit. Con\u00e7ue pour procurer une hydratation optimale, cette cr\u00e8me est enrichie d\u2019ingr\u00e9dients naturels tels que l\u2019alo\u00e8s, l\u2019huile d\u2019argan et l\u2019extrait de camomille. Ces composants agissent de concert pour nourrir votre peau en profondeur, la laissant douce, lisse et radieuse.<br \/>\nSa texture l\u00e9g\u00e8re et non grasse permet une absorption rapide, assurant une hydratation en profondeur sans aucun r\u00e9sidu d\u00e9sagr\u00e9able. De plus, cette cr\u00e8me regorge d\u2019antioxydants puissants qui aident \u00e0 prot\u00e9ger votre peau des agressions environnementales. Que votre peau soit s\u00e8che, normale ou sensible, la cr\u00e8me hydratante BEGOBANO convient \u00e0 tous les types de peau. Offrez \u00e0 votre peau le soin qu\u2019elle m\u00e9rite avec cette cr\u00e8me de qualit\u00e9 sup\u00e9rieure.<br \/>\nConseils d\u2019Application:<br \/>\nAppliquez la cr\u00e8me sur une peau propre et s\u00e8che, en \u00e9vitant le contour des yeux.<\/p>\n","protected":false},"excerpt":{"rendered":"<p>D\u00e9couvrez la cr\u00e8me hydratante BEGOBANO, votre alli\u00e9e pour une peau lisse et intens\u00e9ment hydrat\u00e9e. Notre cr\u00e8me unique, \u00e9quip\u00e9e d\u2019un dispositif<\/p>\n","protected":false},"featured_media":33581,"comment_status":"open","ping_status":"closed","template":"","meta":[],"product_brand":[326],"product_cat":[618],"product_tag":[],"class_list":{"0":"post-33559","1":"product","2":"type-product","3":"status-publish","4":"has-post-thumbnail","6":"product_brand-begobano","7":"product_cat-hydratation-corps-corps","9":"first","10":"instock","11":"shipping-taxable","12":"purchasable","13":"product-type-simple"},"yoast_head":"<!-- This site is optimized with the Yoast SEO plugin v26.6 - https:\/\/yoast.com\/wordpress\/plugins\/seo\/ -->\r\n<title>BEGOBANO CREME HYDRATANTE AVEC POMPE 750 ML - Paracherkaoui.ma<\/title>\r\n<meta name=\"robots\" content=\"index, follow, max-snippet:-1, max-image-preview:large, max-video-preview:-1\" \/>\r\n<link rel=\"canonical\" href=\"https:\/\/paracherkaoui.ma\/index.php\/produit\/begobano-creme-hydratante-avec-pompe-750-ml\/\" \/>\r\n<meta property=\"og:locale\" content=\"fr_FR\" \/>\r\n<meta property=\"og:type\" content=\"article\" \/>\r\n<meta property=\"og:title\" content=\"BEGOBANO CREME HYDRATANTE AVEC POMPE 750 ML - Paracherkaoui.ma\" \/>\r\n<meta property=\"og:description\" content=\"D\u00e9couvrez la cr\u00e8me hydratante BEGOBANO, votre alli\u00e9e pour une peau lisse et intens\u00e9ment hydrat\u00e9e. Notre cr\u00e8me unique, \u00e9quip\u00e9e d\u2019un dispositif\" \/>\r\n<meta property=\"og:url\" content=\"https:\/\/paracherkaoui.ma\/index.php\/produit\/begobano-creme-hydratante-avec-pompe-750-ml\/\" \/>\r\n<meta property=\"og:site_name\" content=\"Paracherkaoui.ma\" \/>\r\n<meta property=\"article:modified_time\" content=\"2025-12-12T17:41:23+00:00\" \/>\r\n<meta property=\"og:image\" content=\"https:\/\/paracherkaoui.ma\/wp-content\/uploads\/2025\/12\/begobano-begobano-creme-hydratante-avec-pompe-750-ml-hydratation-corps.jpg\" \/>\r\n\t<meta property=\"og:image:width\" content=\"700\" \/>\r\n\t<meta property=\"og:image:height\" content=\"700\" \/>\r\n\t<meta property=\"og:image:type\" content=\"image\/jpeg\" \/>\r\n<meta name=\"twitter:card\" content=\"summary_large_image\" \/>\r\n<meta name=\"twitter:label1\" content=\"Dur\u00e9e de lecture estim\u00e9e\" \/>\n\t<meta name=\"twitter:data1\" content=\"1 minute\" \/>\r\n<script type=\"application\/ld+json\" class=\"yoast-schema-graph\">{\"@context\":\"https:\/\/schema.org\",\"@graph\":[{\"@type\":\"WebPage\",\"@id\":\"https:\/\/paracherkaoui.ma\/index.php\/produit\/begobano-creme-hydratante-avec-pompe-750-ml\/\",\"url\":\"https:\/\/paracherkaoui.ma\/index.php\/produit\/begobano-creme-hydratante-avec-pompe-750-ml\/\",\"name\":\"BEGOBANO CREME HYDRATANTE AVEC POMPE 750 ML - Paracherkaoui.ma\",\"isPartOf\":{\"@id\":\"https:\/\/paracherkaoui.ma\/#website\"},\"primaryImageOfPage\":{\"@id\":\"https:\/\/paracherkaoui.ma\/index.php\/produit\/begobano-creme-hydratante-avec-pompe-750-ml\/#primaryimage\"},\"image\":{\"@id\":\"https:\/\/paracherkaoui.ma\/index.php\/produit\/begobano-creme-hydratante-avec-pompe-750-ml\/#primaryimage\"},\"thumbnailUrl\":\"https:\/\/paracherkaoui.ma\/wp-content\/uploads\/2025\/12\/begobano-begobano-creme-hydratante-avec-pompe-750-ml-hydratation-corps.jpg\",\"datePublished\":\"2025-12-12T17:41:21+00:00\",\"dateModified\":\"2025-12-12T17:41:23+00:00\",\"breadcrumb\":{\"@id\":\"https:\/\/paracherkaoui.ma\/index.php\/produit\/begobano-creme-hydratante-avec-pompe-750-ml\/#breadcrumb\"},\"inLanguage\":\"fr-FR\",\"potentialAction\":[{\"@type\":\"ReadAction\",\"target\":[\"https:\/\/paracherkaoui.ma\/index.php\/produit\/begobano-creme-hydratante-avec-pompe-750-ml\/\"]}]},{\"@type\":\"ImageObject\",\"inLanguage\":\"fr-FR\",\"@id\":\"https:\/\/paracherkaoui.ma\/index.php\/produit\/begobano-creme-hydratante-avec-pompe-750-ml\/#primaryimage\",\"url\":\"https:\/\/paracherkaoui.ma\/wp-content\/uploads\/2025\/12\/begobano-begobano-creme-hydratante-avec-pompe-750-ml-hydratation-corps.jpg\",\"contentUrl\":\"https:\/\/paracherkaoui.ma\/wp-content\/uploads\/2025\/12\/begobano-begobano-creme-hydratante-avec-pompe-750-ml-hydratation-corps.jpg\",\"width\":700,\"height\":700},{\"@type\":\"BreadcrumbList\",\"@id\":\"https:\/\/paracherkaoui.ma\/index.php\/produit\/begobano-creme-hydratante-avec-pompe-750-ml\/#breadcrumb\",\"itemListElement\":[{\"@type\":\"ListItem\",\"position\":1,\"name\":\"Accueil\",\"item\":\"https:\/\/paracherkaoui.ma\/\"},{\"@type\":\"ListItem\",\"position\":2,\"name\":\"Boutique\",\"item\":\"https:\/\/paracherkaoui.ma\/index.php\/boutique\/\"},{\"@type\":\"ListItem\",\"position\":3,\"name\":\"BEGOBANO CREME HYDRATANTE AVEC POMPE 750 ML\"}]},{\"@type\":\"WebSite\",\"@id\":\"https:\/\/paracherkaoui.ma\/#website\",\"url\":\"https:\/\/paracherkaoui.ma\/\",\"name\":\"Paracherkaoui.ma\",\"description\":\"Achetez en ligne sur Paracherkaoui.ma\",\"potentialAction\":[{\"@type\":\"SearchAction\",\"target\":{\"@type\":\"EntryPoint\",\"urlTemplate\":\"https:\/\/paracherkaoui.ma\/?s={search_term_string}\"},\"query-input\":{\"@type\":\"PropertyValueSpecification\",\"valueRequired\":true,\"valueName\":\"search_term_string\"}}],\"inLanguage\":\"fr-FR\"}]}<\/script>\r\n<!-- \/ Yoast SEO plugin. -->","yoast_head_json":{"title":"BEGOBANO CREME HYDRATANTE AVEC POMPE 750 ML - Paracherkaoui.ma","robots":{"index":"index","follow":"follow","max-snippet":"max-snippet:-1","max-image-preview":"max-image-preview:large","max-video-preview":"max-video-preview:-1"},"canonical":"https:\/\/paracherkaoui.ma\/index.php\/produit\/begobano-creme-hydratante-avec-pompe-750-ml\/","og_locale":"fr_FR","og_type":"article","og_title":"BEGOBANO CREME HYDRATANTE AVEC POMPE 750 ML - Paracherkaoui.ma","og_description":"D\u00e9couvrez la cr\u00e8me hydratante BEGOBANO, votre alli\u00e9e pour une peau lisse et intens\u00e9ment hydrat\u00e9e. Notre cr\u00e8me unique, \u00e9quip\u00e9e d\u2019un dispositif","og_url":"https:\/\/paracherkaoui.ma\/index.php\/produit\/begobano-creme-hydratante-avec-pompe-750-ml\/","og_site_name":"Paracherkaoui.ma","article_modified_time":"2025-12-12T17:41:23+00:00","og_image":[{"width":700,"height":700,"url":"https:\/\/paracherkaoui.ma\/wp-content\/uploads\/2025\/12\/begobano-begobano-creme-hydratante-avec-pompe-750-ml-hydratation-corps.jpg","type":"image\/jpeg"}],"twitter_card":"summary_large_image","twitter_misc":{"Dur\u00e9e de lecture estim\u00e9e":"1 minute"},"schema":{"@context":"https:\/\/schema.org","@graph":[{"@type":"WebPage","@id":"https:\/\/paracherkaoui.ma\/index.php\/produit\/begobano-creme-hydratante-avec-pompe-750-ml\/","url":"https:\/\/paracherkaoui.ma\/index.php\/produit\/begobano-creme-hydratante-avec-pompe-750-ml\/","name":"BEGOBANO CREME HYDRATANTE AVEC POMPE 750 ML - Paracherkaoui.ma","isPartOf":{"@id":"https:\/\/paracherkaoui.ma\/#website"},"primaryImageOfPage":{"@id":"https:\/\/paracherkaoui.ma\/index.php\/produit\/begobano-creme-hydratante-avec-pompe-750-ml\/#primaryimage"},"image":{"@id":"https:\/\/paracherkaoui.ma\/index.php\/produit\/begobano-creme-hydratante-avec-pompe-750-ml\/#primaryimage"},"thumbnailUrl":"https:\/\/paracherkaoui.ma\/wp-content\/uploads\/2025\/12\/begobano-begobano-creme-hydratante-avec-pompe-750-ml-hydratation-corps.jpg","datePublished":"2025-12-12T17:41:21+00:00","dateModified":"2025-12-12T17:41:23+00:00","breadcrumb":{"@id":"https:\/\/paracherkaoui.ma\/index.php\/produit\/begobano-creme-hydratante-avec-pompe-750-ml\/#breadcrumb"},"inLanguage":"fr-FR","potentialAction":[{"@type":"ReadAction","target":["https:\/\/paracherkaoui.ma\/index.php\/produit\/begobano-creme-hydratante-avec-pompe-750-ml\/"]}]},{"@type":"ImageObject","inLanguage":"fr-FR","@id":"https:\/\/paracherkaoui.ma\/index.php\/produit\/begobano-creme-hydratante-avec-pompe-750-ml\/#primaryimage","url":"https:\/\/paracherkaoui.ma\/wp-content\/uploads\/2025\/12\/begobano-begobano-creme-hydratante-avec-pompe-750-ml-hydratation-corps.jpg","contentUrl":"https:\/\/paracherkaoui.ma\/wp-content\/uploads\/2025\/12\/begobano-begobano-creme-hydratante-avec-pompe-750-ml-hydratation-corps.jpg","width":700,"height":700},{"@type":"BreadcrumbList","@id":"https:\/\/paracherkaoui.ma\/index.php\/produit\/begobano-creme-hydratante-avec-pompe-750-ml\/#breadcrumb","itemListElement":[{"@type":"ListItem","position":1,"name":"Accueil","item":"https:\/\/paracherkaoui.ma\/"},{"@type":"ListItem","position":2,"name":"Boutique","item":"https:\/\/paracherkaoui.ma\/index.php\/boutique\/"},{"@type":"ListItem","position":3,"name":"BEGOBANO CREME HYDRATANTE AVEC POMPE 750 ML"}]},{"@type":"WebSite","@id":"https:\/\/paracherkaoui.ma\/#website","url":"https:\/\/paracherkaoui.ma\/","name":"Paracherkaoui.ma","description":"Achetez en ligne sur Paracherkaoui.ma","potentialAction":[{"@type":"SearchAction","target":{"@type":"EntryPoint","urlTemplate":"https:\/\/paracherkaoui.ma\/?s={search_term_string}"},"query-input":{"@type":"PropertyValueSpecification","valueRequired":true,"valueName":"search_term_string"}}],"inLanguage":"fr-FR"}]}},"_links":{"self":[{"href":"https:\/\/paracherkaoui.ma\/index.php\/wp-json\/wp\/v2\/product\/33559","targetHints":{"allow":["GET"]}}],"collection":[{"href":"https:\/\/paracherkaoui.ma\/index.php\/wp-json\/wp\/v2\/product"}],"about":[{"href":"https:\/\/paracherkaoui.ma\/index.php\/wp-json\/wp\/v2\/types\/product"}],"replies":[{"embeddable":true,"href":"https:\/\/paracherkaoui.ma\/index.php\/wp-json\/wp\/v2\/comments?post=33559"}],"version-history":[{"count":1,"href":"https:\/\/paracherkaoui.ma\/index.php\/wp-json\/wp\/v2\/product\/33559\/revisions"}],"predecessor-version":[{"id":33582,"href":"https:\/\/paracherkaoui.ma\/index.php\/wp-json\/wp\/v2\/product\/33559\/revisions\/33582"}],"wp:featuredmedia":[{"embeddable":true,"href":"https:\/\/paracherkaoui.ma\/index.php\/wp-json\/wp\/v2\/media\/33581"}],"wp:attachment":[{"href":"https:\/\/paracherkaoui.ma\/index.php\/wp-json\/wp\/v2\/media?parent=33559"}],"wp:term":[{"taxonomy":"product_brand","embeddable":true,"href":"https:\/\/paracherkaoui.ma\/index.php\/wp-json\/wp\/v2\/product_brand?post=33559"},{"taxonomy":"product_cat","embeddable":true,"href":"https:\/\/paracherkaoui.ma\/index.php\/wp-json\/wp\/v2\/product_cat?post=33559"},{"taxonomy":"product_tag","embeddable":true,"href":"https:\/\/paracherkaoui.ma\/index.php\/wp-json\/wp\/v2\/product_tag?post=33559"}],"curies":[{"name":"wp","href":"https:\/\/api.w.org\/{rel}","templated":true}]}}