{"id":33504,"date":"2025-12-12T18:41:13","date_gmt":"2025-12-12T17:41:13","guid":{"rendered":"https:\/\/test.ecbeaute.com\/?post_type=product&#038;p=33504"},"modified":"2025-12-12T18:41:20","modified_gmt":"2025-12-12T17:41:20","slug":"nuxe-huile-prodigieuse-or-florale-50-ml","status":"publish","type":"product","link":"https:\/\/paracherkaoui.ma\/index.php\/produit\/nuxe-huile-prodigieuse-or-florale-50-ml\/","title":{"rendered":"NUXE HUILE PRODIGIEUSE OR FLORALE 50 ML"},"content":{"rendered":"<p>D\u00e9couvrez l&rsquo;Huile Prodigieuse Or Florale Bio de Nuxe, une huile s\u00e8che paillet\u00e9e multi-fonctions enrichie en nacres dor\u00e9es et ros\u00e9es. Cette huile exceptionnelle hydrate, satine et illumine le visage, le corps et les cheveux, leur conf\u00e9rant un \u00e9clat subtil et raffin\u00e9. Formul\u00e9e \u00e0 base de 7 huiles pr\u00e9cieuses 100 % v\u00e9g\u00e9tales, elle offre une exp\u00e9rience sensorielle unique et une efficacit\u00e9 prouv\u00e9e.<br \/>\nUne Formule Enrichie en Huiles Pr\u00e9cieuses<br \/>\nL&rsquo;Huile Prodigieuse Or Florale Bio combine les bienfaits de 7 huiles pr\u00e9cieuses d&rsquo;origine naturelle :<br \/>\nL&rsquo;huile de tsubaki hydratante : Apporte une hydratation intense et durable.<br \/>\nL&rsquo;huile d&rsquo;argan r\u00e9paratrice : Aide \u00e0 restaurer et \u00e0 renforcer la barri\u00e8re cutan\u00e9e.<br \/>\nL&rsquo;huile de macadamia nourrissante : P\u00e9n\u00e8tre rapidement pour nourrir en profondeur sans laisser de film gras.<br \/>\nL&rsquo;huile de bourrache lissante : Aide \u00e0 lisser et \u00e0 adoucir la peau.<br \/>\nL&rsquo;huile de cam\u00e9lia hydratante : Contribue \u00e0 l&rsquo;hydratation et \u00e0 la souplesse de la peau.<br \/>\nL&rsquo;huile de noisette protectrice : Prot\u00e8ge la peau des agressions ext\u00e9rieures.<br \/>\nL&rsquo;huile d&rsquo;amande douce adoucissante : Apaise et adoucit la peau.<br \/>\nUn \u00c9clat Subtil et Un Parfum Envo\u00fbtant<br \/>\nCette huile s\u00e8che pare la peau et les cheveux d&rsquo;un subtil \u00e9clat or rose iris\u00e9, sublimant instantan\u00e9ment votre beaut\u00e9 naturelle. Sa texture l\u00e9g\u00e8re et non grasse p\u00e9n\u00e8tre rapidement, laissant une peau satin\u00e9e et des cheveux brillants sans effet collant. Profitez de son parfum floral et d\u00e9licat aux notes de zeste de pamplemousse, de magnolia et de musc, pour une v\u00e9ritable exp\u00e9rience sensorielle.<br \/>\nDes Ingr\u00e9dients Naturels et \u00c9thiques<br \/>\nAvec 96 % d&rsquo;ingr\u00e9dients d&rsquo;origine naturelle et une formule vegan, l&rsquo;Huile Prodigieuse Or Florale Bio de Nuxe respecte votre peau et l&rsquo;environnement. Ce soin luxueux allie efficacit\u00e9 et plaisir tout en r\u00e9pondant aux besoins des peaux les plus exigeantes.<br \/>\nComposition<br \/>\nCoco-Caprylate\/Caprate, Macadamia Integrifolia Seed Oil, Caprylic\/Capric Triglyceride, Dicaprylyl Ether, Prunus Amygdalus Dulcis (Sweet Almond) Oil, Corylus Avellana (Hazelnut) Seed Oil, Parfum\/Fragrance, Mica, Camellia Oleifera Seed Oil, Ci 77891\/Titanium Dioxide, Camellia Japonica Seed Oil, Argania Spinosa Kernel Oil, Borago Officinalis Seed Oil, Tocopherol, Castor Oil\/Ipdi Copolymer, Ci 77491\/Iron Oxides, Helianthus Annuus (Sunflower) Seed Oil, Limonene, Tocopheryl Acetate, Rosmarinus Officinalis (Rosemary) Leaf Extract, Linalool, Citral, Citronellol, Polyglyceryl-3 Diisostearate, Geraniol, Aqua\/Water, Ascorbic Acid, Limonene, Linalool, Citral, Citronellol, Geraniol.<br \/>\nConseils d&rsquo;utilisation :<br \/>\nVisage : appliquer sur le visage ou m\u00e9langer une goutte d&rsquo;huile \u00e0 votre cr\u00e8me de jour Nuxe.<br \/>\nCorps : Chaque jour, appliquer l&rsquo;huile prodigieuse sur tout le corps.<br \/>\nCheveux : en masque pour les cheveux secs, en lustrant les pointes ou en la pulv\u00e9risant sur la brosse.<\/p>\n","protected":false},"excerpt":{"rendered":"<p>D\u00e9couvrez l&rsquo;Huile Prodigieuse Or Florale Bio de Nuxe, une huile s\u00e8che paillet\u00e9e multi-fonctions enrichie en nacres dor\u00e9es et ros\u00e9es. Cette<\/p>\n","protected":false},"featured_media":33547,"comment_status":"open","ping_status":"closed","template":"","meta":[],"product_brand":[230],"product_cat":[618],"product_tag":[],"class_list":{"0":"post-33504","1":"product","2":"type-product","3":"status-publish","4":"has-post-thumbnail","6":"product_brand-nuxe","7":"product_cat-hydratation-corps-corps","9":"first","10":"instock","11":"sale","12":"shipping-taxable","13":"purchasable","14":"product-type-simple"},"yoast_head":"<!-- This site is optimized with the Yoast SEO plugin v26.6 - https:\/\/yoast.com\/wordpress\/plugins\/seo\/ -->\r\n<title>NUXE HUILE PRODIGIEUSE OR FLORALE 50 ML - Paracherkaoui.ma<\/title>\r\n<meta name=\"robots\" content=\"index, follow, max-snippet:-1, max-image-preview:large, max-video-preview:-1\" \/>\r\n<link rel=\"canonical\" href=\"https:\/\/paracherkaoui.ma\/index.php\/produit\/nuxe-huile-prodigieuse-or-florale-50-ml\/\" \/>\r\n<meta property=\"og:locale\" content=\"fr_FR\" \/>\r\n<meta property=\"og:type\" content=\"article\" \/>\r\n<meta property=\"og:title\" content=\"NUXE HUILE PRODIGIEUSE OR FLORALE 50 ML - Paracherkaoui.ma\" \/>\r\n<meta property=\"og:description\" content=\"D\u00e9couvrez l&rsquo;Huile Prodigieuse Or Florale Bio de Nuxe, une huile s\u00e8che paillet\u00e9e multi-fonctions enrichie en nacres dor\u00e9es et ros\u00e9es. Cette\" \/>\r\n<meta property=\"og:url\" content=\"https:\/\/paracherkaoui.ma\/index.php\/produit\/nuxe-huile-prodigieuse-or-florale-50-ml\/\" \/>\r\n<meta property=\"og:site_name\" content=\"Paracherkaoui.ma\" \/>\r\n<meta property=\"article:modified_time\" content=\"2025-12-12T17:41:20+00:00\" \/>\r\n<meta property=\"og:image\" content=\"https:\/\/paracherkaoui.ma\/wp-content\/uploads\/2025\/12\/nuxe-nuxe-huile-prodigieuse-or-florale-50-ml-hydratation-corps.jpg\" \/>\r\n\t<meta property=\"og:image:width\" content=\"700\" \/>\r\n\t<meta property=\"og:image:height\" content=\"700\" \/>\r\n\t<meta property=\"og:image:type\" content=\"image\/jpeg\" \/>\r\n<meta name=\"twitter:card\" content=\"summary_large_image\" \/>\r\n<meta name=\"twitter:label1\" content=\"Dur\u00e9e de lecture estim\u00e9e\" \/>\n\t<meta name=\"twitter:data1\" content=\"2 minutes\" \/>\r\n<script type=\"application\/ld+json\" class=\"yoast-schema-graph\">{\"@context\":\"https:\/\/schema.org\",\"@graph\":[{\"@type\":\"WebPage\",\"@id\":\"https:\/\/paracherkaoui.ma\/index.php\/produit\/nuxe-huile-prodigieuse-or-florale-50-ml\/\",\"url\":\"https:\/\/paracherkaoui.ma\/index.php\/produit\/nuxe-huile-prodigieuse-or-florale-50-ml\/\",\"name\":\"NUXE HUILE PRODIGIEUSE OR FLORALE 50 ML - Paracherkaoui.ma\",\"isPartOf\":{\"@id\":\"https:\/\/paracherkaoui.ma\/#website\"},\"primaryImageOfPage\":{\"@id\":\"https:\/\/paracherkaoui.ma\/index.php\/produit\/nuxe-huile-prodigieuse-or-florale-50-ml\/#primaryimage\"},\"image\":{\"@id\":\"https:\/\/paracherkaoui.ma\/index.php\/produit\/nuxe-huile-prodigieuse-or-florale-50-ml\/#primaryimage\"},\"thumbnailUrl\":\"https:\/\/paracherkaoui.ma\/wp-content\/uploads\/2025\/12\/nuxe-nuxe-huile-prodigieuse-or-florale-50-ml-hydratation-corps.jpg\",\"datePublished\":\"2025-12-12T17:41:13+00:00\",\"dateModified\":\"2025-12-12T17:41:20+00:00\",\"breadcrumb\":{\"@id\":\"https:\/\/paracherkaoui.ma\/index.php\/produit\/nuxe-huile-prodigieuse-or-florale-50-ml\/#breadcrumb\"},\"inLanguage\":\"fr-FR\",\"potentialAction\":[{\"@type\":\"ReadAction\",\"target\":[\"https:\/\/paracherkaoui.ma\/index.php\/produit\/nuxe-huile-prodigieuse-or-florale-50-ml\/\"]}]},{\"@type\":\"ImageObject\",\"inLanguage\":\"fr-FR\",\"@id\":\"https:\/\/paracherkaoui.ma\/index.php\/produit\/nuxe-huile-prodigieuse-or-florale-50-ml\/#primaryimage\",\"url\":\"https:\/\/paracherkaoui.ma\/wp-content\/uploads\/2025\/12\/nuxe-nuxe-huile-prodigieuse-or-florale-50-ml-hydratation-corps.jpg\",\"contentUrl\":\"https:\/\/paracherkaoui.ma\/wp-content\/uploads\/2025\/12\/nuxe-nuxe-huile-prodigieuse-or-florale-50-ml-hydratation-corps.jpg\",\"width\":700,\"height\":700},{\"@type\":\"BreadcrumbList\",\"@id\":\"https:\/\/paracherkaoui.ma\/index.php\/produit\/nuxe-huile-prodigieuse-or-florale-50-ml\/#breadcrumb\",\"itemListElement\":[{\"@type\":\"ListItem\",\"position\":1,\"name\":\"Accueil\",\"item\":\"https:\/\/paracherkaoui.ma\/\"},{\"@type\":\"ListItem\",\"position\":2,\"name\":\"Boutique\",\"item\":\"https:\/\/paracherkaoui.ma\/index.php\/boutique\/\"},{\"@type\":\"ListItem\",\"position\":3,\"name\":\"NUXE HUILE PRODIGIEUSE OR FLORALE 50 ML\"}]},{\"@type\":\"WebSite\",\"@id\":\"https:\/\/paracherkaoui.ma\/#website\",\"url\":\"https:\/\/paracherkaoui.ma\/\",\"name\":\"Paracherkaoui.ma\",\"description\":\"Achetez en ligne sur Paracherkaoui.ma\",\"potentialAction\":[{\"@type\":\"SearchAction\",\"target\":{\"@type\":\"EntryPoint\",\"urlTemplate\":\"https:\/\/paracherkaoui.ma\/?s={search_term_string}\"},\"query-input\":{\"@type\":\"PropertyValueSpecification\",\"valueRequired\":true,\"valueName\":\"search_term_string\"}}],\"inLanguage\":\"fr-FR\"}]}<\/script>\r\n<!-- \/ Yoast SEO plugin. -->","yoast_head_json":{"title":"NUXE HUILE PRODIGIEUSE OR FLORALE 50 ML - Paracherkaoui.ma","robots":{"index":"index","follow":"follow","max-snippet":"max-snippet:-1","max-image-preview":"max-image-preview:large","max-video-preview":"max-video-preview:-1"},"canonical":"https:\/\/paracherkaoui.ma\/index.php\/produit\/nuxe-huile-prodigieuse-or-florale-50-ml\/","og_locale":"fr_FR","og_type":"article","og_title":"NUXE HUILE PRODIGIEUSE OR FLORALE 50 ML - Paracherkaoui.ma","og_description":"D\u00e9couvrez l&rsquo;Huile Prodigieuse Or Florale Bio de Nuxe, une huile s\u00e8che paillet\u00e9e multi-fonctions enrichie en nacres dor\u00e9es et ros\u00e9es. Cette","og_url":"https:\/\/paracherkaoui.ma\/index.php\/produit\/nuxe-huile-prodigieuse-or-florale-50-ml\/","og_site_name":"Paracherkaoui.ma","article_modified_time":"2025-12-12T17:41:20+00:00","og_image":[{"width":700,"height":700,"url":"https:\/\/paracherkaoui.ma\/wp-content\/uploads\/2025\/12\/nuxe-nuxe-huile-prodigieuse-or-florale-50-ml-hydratation-corps.jpg","type":"image\/jpeg"}],"twitter_card":"summary_large_image","twitter_misc":{"Dur\u00e9e de lecture estim\u00e9e":"2 minutes"},"schema":{"@context":"https:\/\/schema.org","@graph":[{"@type":"WebPage","@id":"https:\/\/paracherkaoui.ma\/index.php\/produit\/nuxe-huile-prodigieuse-or-florale-50-ml\/","url":"https:\/\/paracherkaoui.ma\/index.php\/produit\/nuxe-huile-prodigieuse-or-florale-50-ml\/","name":"NUXE HUILE PRODIGIEUSE OR FLORALE 50 ML - Paracherkaoui.ma","isPartOf":{"@id":"https:\/\/paracherkaoui.ma\/#website"},"primaryImageOfPage":{"@id":"https:\/\/paracherkaoui.ma\/index.php\/produit\/nuxe-huile-prodigieuse-or-florale-50-ml\/#primaryimage"},"image":{"@id":"https:\/\/paracherkaoui.ma\/index.php\/produit\/nuxe-huile-prodigieuse-or-florale-50-ml\/#primaryimage"},"thumbnailUrl":"https:\/\/paracherkaoui.ma\/wp-content\/uploads\/2025\/12\/nuxe-nuxe-huile-prodigieuse-or-florale-50-ml-hydratation-corps.jpg","datePublished":"2025-12-12T17:41:13+00:00","dateModified":"2025-12-12T17:41:20+00:00","breadcrumb":{"@id":"https:\/\/paracherkaoui.ma\/index.php\/produit\/nuxe-huile-prodigieuse-or-florale-50-ml\/#breadcrumb"},"inLanguage":"fr-FR","potentialAction":[{"@type":"ReadAction","target":["https:\/\/paracherkaoui.ma\/index.php\/produit\/nuxe-huile-prodigieuse-or-florale-50-ml\/"]}]},{"@type":"ImageObject","inLanguage":"fr-FR","@id":"https:\/\/paracherkaoui.ma\/index.php\/produit\/nuxe-huile-prodigieuse-or-florale-50-ml\/#primaryimage","url":"https:\/\/paracherkaoui.ma\/wp-content\/uploads\/2025\/12\/nuxe-nuxe-huile-prodigieuse-or-florale-50-ml-hydratation-corps.jpg","contentUrl":"https:\/\/paracherkaoui.ma\/wp-content\/uploads\/2025\/12\/nuxe-nuxe-huile-prodigieuse-or-florale-50-ml-hydratation-corps.jpg","width":700,"height":700},{"@type":"BreadcrumbList","@id":"https:\/\/paracherkaoui.ma\/index.php\/produit\/nuxe-huile-prodigieuse-or-florale-50-ml\/#breadcrumb","itemListElement":[{"@type":"ListItem","position":1,"name":"Accueil","item":"https:\/\/paracherkaoui.ma\/"},{"@type":"ListItem","position":2,"name":"Boutique","item":"https:\/\/paracherkaoui.ma\/index.php\/boutique\/"},{"@type":"ListItem","position":3,"name":"NUXE HUILE PRODIGIEUSE OR FLORALE 50 ML"}]},{"@type":"WebSite","@id":"https:\/\/paracherkaoui.ma\/#website","url":"https:\/\/paracherkaoui.ma\/","name":"Paracherkaoui.ma","description":"Achetez en ligne sur Paracherkaoui.ma","potentialAction":[{"@type":"SearchAction","target":{"@type":"EntryPoint","urlTemplate":"https:\/\/paracherkaoui.ma\/?s={search_term_string}"},"query-input":{"@type":"PropertyValueSpecification","valueRequired":true,"valueName":"search_term_string"}}],"inLanguage":"fr-FR"}]}},"_links":{"self":[{"href":"https:\/\/paracherkaoui.ma\/index.php\/wp-json\/wp\/v2\/product\/33504","targetHints":{"allow":["GET"]}}],"collection":[{"href":"https:\/\/paracherkaoui.ma\/index.php\/wp-json\/wp\/v2\/product"}],"about":[{"href":"https:\/\/paracherkaoui.ma\/index.php\/wp-json\/wp\/v2\/types\/product"}],"replies":[{"embeddable":true,"href":"https:\/\/paracherkaoui.ma\/index.php\/wp-json\/wp\/v2\/comments?post=33504"}],"version-history":[{"count":1,"href":"https:\/\/paracherkaoui.ma\/index.php\/wp-json\/wp\/v2\/product\/33504\/revisions"}],"predecessor-version":[{"id":33548,"href":"https:\/\/paracherkaoui.ma\/index.php\/wp-json\/wp\/v2\/product\/33504\/revisions\/33548"}],"wp:featuredmedia":[{"embeddable":true,"href":"https:\/\/paracherkaoui.ma\/index.php\/wp-json\/wp\/v2\/media\/33547"}],"wp:attachment":[{"href":"https:\/\/paracherkaoui.ma\/index.php\/wp-json\/wp\/v2\/media?parent=33504"}],"wp:term":[{"taxonomy":"product_brand","embeddable":true,"href":"https:\/\/paracherkaoui.ma\/index.php\/wp-json\/wp\/v2\/product_brand?post=33504"},{"taxonomy":"product_cat","embeddable":true,"href":"https:\/\/paracherkaoui.ma\/index.php\/wp-json\/wp\/v2\/product_cat?post=33504"},{"taxonomy":"product_tag","embeddable":true,"href":"https:\/\/paracherkaoui.ma\/index.php\/wp-json\/wp\/v2\/product_tag?post=33504"}],"curies":[{"name":"wp","href":"https:\/\/api.w.org\/{rel}","templated":true}]}}