{"id":33497,"date":"2025-12-12T18:41:12","date_gmt":"2025-12-12T17:41:12","guid":{"rendered":"https:\/\/test.ecbeaute.com\/?post_type=product&#038;p=33497"},"modified":"2025-12-12T18:41:18","modified_gmt":"2025-12-12T17:41:18","slug":"uriage-eau-thermale-lait-veloute-corps-lait-hydratant-24h-200-ml-2","status":"publish","type":"product","link":"https:\/\/paracherkaoui.ma\/index.php\/produit\/uriage-eau-thermale-lait-veloute-corps-lait-hydratant-24h-200-ml-2\/","title":{"rendered":"URIAGE EAU THERMALE LAIT VELOUTE CORPS LAIT HYDRATANT 24H 200 ML"},"content":{"rendered":"<p>DESCRIPTION :<br \/>\nCe lait velout\u00e9, fluide et onctueux, fusionne imm\u00e9diatement avec la peau pour l\u2019hydrater intens\u00e9ment, la lisser et la r\u00e9conforter. Sa texture l\u00e9g\u00e8re, imm\u00e9diatement absorb\u00e9e, permet un habillage rapide. Votre peau est infiniment douce !<br \/>\nHydrate intens\u00e9ment 24h<br \/>\nBaign\u00e9e d\u2019Eau Thermale d\u2019Uriage, votre peau retrouve un niveau d\u2019hydratation optimal, un confort durable et son \u00e9clat naturel.<br \/>\nPrincipes actifs<br \/>\nComplexe Hydro-Thermal :<br \/>\nEau Thermale d&rsquo;Uriage<br \/>\nBeurre de karit\u00e9<br \/>\nAcide Hyaluronique<br \/>\nParfum<br \/>\nHypoallerg\u00e9nique<br \/>\nCONSEILS D&rsquo;UTILISATION :<br \/>\nAppliquer au quotidien le lait velout\u00e9 corps Uriage apr\u00e8s la toilette.<\/p>\n","protected":false},"excerpt":{"rendered":"<p>DESCRIPTION : Ce lait velout\u00e9, fluide et onctueux, fusionne imm\u00e9diatement avec la peau pour l\u2019hydrater intens\u00e9ment, la lisser et la<\/p>\n","protected":false},"featured_media":14307,"comment_status":"open","ping_status":"closed","template":"","meta":[],"product_brand":[130],"product_cat":[618],"product_tag":[],"class_list":{"0":"post-33497","1":"product","2":"type-product","3":"status-publish","4":"has-post-thumbnail","6":"product_brand-uriage","7":"product_cat-hydratation-corps-corps","9":"first","10":"instock","11":"sale","12":"shipping-taxable","13":"purchasable","14":"product-type-simple"},"yoast_head":"<!-- This site is optimized with the Yoast SEO plugin v26.6 - https:\/\/yoast.com\/wordpress\/plugins\/seo\/ -->\r\n<title>URIAGE EAU THERMALE LAIT VELOUTE CORPS LAIT HYDRATANT 24H 200 ML - Paracherkaoui.ma<\/title>\r\n<meta name=\"robots\" content=\"index, follow, max-snippet:-1, max-image-preview:large, max-video-preview:-1\" \/>\r\n<link rel=\"canonical\" href=\"https:\/\/paracherkaoui.ma\/index.php\/produit\/uriage-eau-thermale-lait-veloute-corps-lait-hydratant-24h-200-ml-2\/\" \/>\r\n<meta property=\"og:locale\" content=\"fr_FR\" \/>\r\n<meta property=\"og:type\" content=\"article\" \/>\r\n<meta property=\"og:title\" content=\"URIAGE EAU THERMALE LAIT VELOUTE CORPS LAIT HYDRATANT 24H 200 ML - Paracherkaoui.ma\" \/>\r\n<meta property=\"og:description\" content=\"DESCRIPTION : Ce lait velout\u00e9, fluide et onctueux, fusionne imm\u00e9diatement avec la peau pour l\u2019hydrater intens\u00e9ment, la lisser et la\" \/>\r\n<meta property=\"og:url\" content=\"https:\/\/paracherkaoui.ma\/index.php\/produit\/uriage-eau-thermale-lait-veloute-corps-lait-hydratant-24h-200-ml-2\/\" \/>\r\n<meta property=\"og:site_name\" content=\"Paracherkaoui.ma\" \/>\r\n<meta property=\"article:modified_time\" content=\"2025-12-12T17:41:18+00:00\" \/>\r\n<meta property=\"og:image\" content=\"https:\/\/paracherkaoui.ma\/wp-content\/uploads\/2025\/12\/uriage-eau-thermale-lait-veloute-corps-lait-hydratant-24h-200-ml.jpg\" \/>\r\n\t<meta property=\"og:image:width\" content=\"700\" \/>\r\n\t<meta property=\"og:image:height\" content=\"700\" \/>\r\n\t<meta property=\"og:image:type\" content=\"image\/jpeg\" \/>\r\n<meta name=\"twitter:card\" content=\"summary_large_image\" \/>\r\n<script type=\"application\/ld+json\" class=\"yoast-schema-graph\">{\"@context\":\"https:\/\/schema.org\",\"@graph\":[{\"@type\":\"WebPage\",\"@id\":\"https:\/\/paracherkaoui.ma\/index.php\/produit\/uriage-eau-thermale-lait-veloute-corps-lait-hydratant-24h-200-ml-2\/\",\"url\":\"https:\/\/paracherkaoui.ma\/index.php\/produit\/uriage-eau-thermale-lait-veloute-corps-lait-hydratant-24h-200-ml-2\/\",\"name\":\"URIAGE EAU THERMALE LAIT VELOUTE CORPS LAIT HYDRATANT 24H 200 ML - Paracherkaoui.ma\",\"isPartOf\":{\"@id\":\"https:\/\/paracherkaoui.ma\/#website\"},\"primaryImageOfPage\":{\"@id\":\"https:\/\/paracherkaoui.ma\/index.php\/produit\/uriage-eau-thermale-lait-veloute-corps-lait-hydratant-24h-200-ml-2\/#primaryimage\"},\"image\":{\"@id\":\"https:\/\/paracherkaoui.ma\/index.php\/produit\/uriage-eau-thermale-lait-veloute-corps-lait-hydratant-24h-200-ml-2\/#primaryimage\"},\"thumbnailUrl\":\"https:\/\/paracherkaoui.ma\/wp-content\/uploads\/2025\/12\/uriage-eau-thermale-lait-veloute-corps-lait-hydratant-24h-200-ml.jpg\",\"datePublished\":\"2025-12-12T17:41:12+00:00\",\"dateModified\":\"2025-12-12T17:41:18+00:00\",\"breadcrumb\":{\"@id\":\"https:\/\/paracherkaoui.ma\/index.php\/produit\/uriage-eau-thermale-lait-veloute-corps-lait-hydratant-24h-200-ml-2\/#breadcrumb\"},\"inLanguage\":\"fr-FR\",\"potentialAction\":[{\"@type\":\"ReadAction\",\"target\":[\"https:\/\/paracherkaoui.ma\/index.php\/produit\/uriage-eau-thermale-lait-veloute-corps-lait-hydratant-24h-200-ml-2\/\"]}]},{\"@type\":\"ImageObject\",\"inLanguage\":\"fr-FR\",\"@id\":\"https:\/\/paracherkaoui.ma\/index.php\/produit\/uriage-eau-thermale-lait-veloute-corps-lait-hydratant-24h-200-ml-2\/#primaryimage\",\"url\":\"https:\/\/paracherkaoui.ma\/wp-content\/uploads\/2025\/12\/uriage-eau-thermale-lait-veloute-corps-lait-hydratant-24h-200-ml.jpg\",\"contentUrl\":\"https:\/\/paracherkaoui.ma\/wp-content\/uploads\/2025\/12\/uriage-eau-thermale-lait-veloute-corps-lait-hydratant-24h-200-ml.jpg\",\"width\":700,\"height\":700},{\"@type\":\"BreadcrumbList\",\"@id\":\"https:\/\/paracherkaoui.ma\/index.php\/produit\/uriage-eau-thermale-lait-veloute-corps-lait-hydratant-24h-200-ml-2\/#breadcrumb\",\"itemListElement\":[{\"@type\":\"ListItem\",\"position\":1,\"name\":\"Accueil\",\"item\":\"https:\/\/paracherkaoui.ma\/\"},{\"@type\":\"ListItem\",\"position\":2,\"name\":\"Boutique\",\"item\":\"https:\/\/paracherkaoui.ma\/index.php\/boutique\/\"},{\"@type\":\"ListItem\",\"position\":3,\"name\":\"URIAGE EAU THERMALE LAIT VELOUTE CORPS LAIT HYDRATANT 24H 200 ML\"}]},{\"@type\":\"WebSite\",\"@id\":\"https:\/\/paracherkaoui.ma\/#website\",\"url\":\"https:\/\/paracherkaoui.ma\/\",\"name\":\"Paracherkaoui.ma\",\"description\":\"Achetez en ligne sur Paracherkaoui.ma\",\"potentialAction\":[{\"@type\":\"SearchAction\",\"target\":{\"@type\":\"EntryPoint\",\"urlTemplate\":\"https:\/\/paracherkaoui.ma\/?s={search_term_string}\"},\"query-input\":{\"@type\":\"PropertyValueSpecification\",\"valueRequired\":true,\"valueName\":\"search_term_string\"}}],\"inLanguage\":\"fr-FR\"}]}<\/script>\r\n<!-- \/ Yoast SEO plugin. -->","yoast_head_json":{"title":"URIAGE EAU THERMALE LAIT VELOUTE CORPS LAIT HYDRATANT 24H 200 ML - Paracherkaoui.ma","robots":{"index":"index","follow":"follow","max-snippet":"max-snippet:-1","max-image-preview":"max-image-preview:large","max-video-preview":"max-video-preview:-1"},"canonical":"https:\/\/paracherkaoui.ma\/index.php\/produit\/uriage-eau-thermale-lait-veloute-corps-lait-hydratant-24h-200-ml-2\/","og_locale":"fr_FR","og_type":"article","og_title":"URIAGE EAU THERMALE LAIT VELOUTE CORPS LAIT HYDRATANT 24H 200 ML - Paracherkaoui.ma","og_description":"DESCRIPTION : Ce lait velout\u00e9, fluide et onctueux, fusionne imm\u00e9diatement avec la peau pour l\u2019hydrater intens\u00e9ment, la lisser et la","og_url":"https:\/\/paracherkaoui.ma\/index.php\/produit\/uriage-eau-thermale-lait-veloute-corps-lait-hydratant-24h-200-ml-2\/","og_site_name":"Paracherkaoui.ma","article_modified_time":"2025-12-12T17:41:18+00:00","og_image":[{"width":700,"height":700,"url":"https:\/\/paracherkaoui.ma\/wp-content\/uploads\/2025\/12\/uriage-eau-thermale-lait-veloute-corps-lait-hydratant-24h-200-ml.jpg","type":"image\/jpeg"}],"twitter_card":"summary_large_image","schema":{"@context":"https:\/\/schema.org","@graph":[{"@type":"WebPage","@id":"https:\/\/paracherkaoui.ma\/index.php\/produit\/uriage-eau-thermale-lait-veloute-corps-lait-hydratant-24h-200-ml-2\/","url":"https:\/\/paracherkaoui.ma\/index.php\/produit\/uriage-eau-thermale-lait-veloute-corps-lait-hydratant-24h-200-ml-2\/","name":"URIAGE EAU THERMALE LAIT VELOUTE CORPS LAIT HYDRATANT 24H 200 ML - Paracherkaoui.ma","isPartOf":{"@id":"https:\/\/paracherkaoui.ma\/#website"},"primaryImageOfPage":{"@id":"https:\/\/paracherkaoui.ma\/index.php\/produit\/uriage-eau-thermale-lait-veloute-corps-lait-hydratant-24h-200-ml-2\/#primaryimage"},"image":{"@id":"https:\/\/paracherkaoui.ma\/index.php\/produit\/uriage-eau-thermale-lait-veloute-corps-lait-hydratant-24h-200-ml-2\/#primaryimage"},"thumbnailUrl":"https:\/\/paracherkaoui.ma\/wp-content\/uploads\/2025\/12\/uriage-eau-thermale-lait-veloute-corps-lait-hydratant-24h-200-ml.jpg","datePublished":"2025-12-12T17:41:12+00:00","dateModified":"2025-12-12T17:41:18+00:00","breadcrumb":{"@id":"https:\/\/paracherkaoui.ma\/index.php\/produit\/uriage-eau-thermale-lait-veloute-corps-lait-hydratant-24h-200-ml-2\/#breadcrumb"},"inLanguage":"fr-FR","potentialAction":[{"@type":"ReadAction","target":["https:\/\/paracherkaoui.ma\/index.php\/produit\/uriage-eau-thermale-lait-veloute-corps-lait-hydratant-24h-200-ml-2\/"]}]},{"@type":"ImageObject","inLanguage":"fr-FR","@id":"https:\/\/paracherkaoui.ma\/index.php\/produit\/uriage-eau-thermale-lait-veloute-corps-lait-hydratant-24h-200-ml-2\/#primaryimage","url":"https:\/\/paracherkaoui.ma\/wp-content\/uploads\/2025\/12\/uriage-eau-thermale-lait-veloute-corps-lait-hydratant-24h-200-ml.jpg","contentUrl":"https:\/\/paracherkaoui.ma\/wp-content\/uploads\/2025\/12\/uriage-eau-thermale-lait-veloute-corps-lait-hydratant-24h-200-ml.jpg","width":700,"height":700},{"@type":"BreadcrumbList","@id":"https:\/\/paracherkaoui.ma\/index.php\/produit\/uriage-eau-thermale-lait-veloute-corps-lait-hydratant-24h-200-ml-2\/#breadcrumb","itemListElement":[{"@type":"ListItem","position":1,"name":"Accueil","item":"https:\/\/paracherkaoui.ma\/"},{"@type":"ListItem","position":2,"name":"Boutique","item":"https:\/\/paracherkaoui.ma\/index.php\/boutique\/"},{"@type":"ListItem","position":3,"name":"URIAGE EAU THERMALE LAIT VELOUTE CORPS LAIT HYDRATANT 24H 200 ML"}]},{"@type":"WebSite","@id":"https:\/\/paracherkaoui.ma\/#website","url":"https:\/\/paracherkaoui.ma\/","name":"Paracherkaoui.ma","description":"Achetez en ligne sur Paracherkaoui.ma","potentialAction":[{"@type":"SearchAction","target":{"@type":"EntryPoint","urlTemplate":"https:\/\/paracherkaoui.ma\/?s={search_term_string}"},"query-input":{"@type":"PropertyValueSpecification","valueRequired":true,"valueName":"search_term_string"}}],"inLanguage":"fr-FR"}]}},"_links":{"self":[{"href":"https:\/\/paracherkaoui.ma\/index.php\/wp-json\/wp\/v2\/product\/33497","targetHints":{"allow":["GET"]}}],"collection":[{"href":"https:\/\/paracherkaoui.ma\/index.php\/wp-json\/wp\/v2\/product"}],"about":[{"href":"https:\/\/paracherkaoui.ma\/index.php\/wp-json\/wp\/v2\/types\/product"}],"replies":[{"embeddable":true,"href":"https:\/\/paracherkaoui.ma\/index.php\/wp-json\/wp\/v2\/comments?post=33497"}],"version-history":[{"count":1,"href":"https:\/\/paracherkaoui.ma\/index.php\/wp-json\/wp\/v2\/product\/33497\/revisions"}],"predecessor-version":[{"id":33538,"href":"https:\/\/paracherkaoui.ma\/index.php\/wp-json\/wp\/v2\/product\/33497\/revisions\/33538"}],"wp:featuredmedia":[{"embeddable":true,"href":"https:\/\/paracherkaoui.ma\/index.php\/wp-json\/wp\/v2\/media\/14307"}],"wp:attachment":[{"href":"https:\/\/paracherkaoui.ma\/index.php\/wp-json\/wp\/v2\/media?parent=33497"}],"wp:term":[{"taxonomy":"product_brand","embeddable":true,"href":"https:\/\/paracherkaoui.ma\/index.php\/wp-json\/wp\/v2\/product_brand?post=33497"},{"taxonomy":"product_cat","embeddable":true,"href":"https:\/\/paracherkaoui.ma\/index.php\/wp-json\/wp\/v2\/product_cat?post=33497"},{"taxonomy":"product_tag","embeddable":true,"href":"https:\/\/paracherkaoui.ma\/index.php\/wp-json\/wp\/v2\/product_tag?post=33497"}],"curies":[{"name":"wp","href":"https:\/\/api.w.org\/{rel}","templated":true}]}}