{"id":33496,"date":"2025-12-12T18:41:12","date_gmt":"2025-12-12T17:41:12","guid":{"rendered":"https:\/\/test.ecbeaute.com\/?post_type=product&#038;p=33496"},"modified":"2025-12-12T18:41:18","modified_gmt":"2025-12-12T17:41:18","slug":"aderma-exomega-controle-baume-emollient-anti-grattage-200ml","status":"publish","type":"product","link":"https:\/\/paracherkaoui.ma\/index.php\/produit\/aderma-exomega-controle-baume-emollient-anti-grattage-200ml\/","title":{"rendered":"ADERMA EXOMEGA CONTROLE BAUME EMOLLIENT ANTI GRATTAGE 200ML"},"content":{"rendered":"<p>Ce baume \u00e9mollient Cosm\u00e9tique St\u00e9rile am\u00e9liore le quotidien des peaux s\u00e8ches \u00e0 tendance atopique de toute la famille, d\u00e8s la naissance, en une seule application par jour. Ce baume ultra-riche contribue \u00e0 espacer les pics d&rsquo;irritation, apaiser les d\u00e9mangeaisons et aide \u00e0 restaurer la barri\u00e8re cutan\u00e9e. Formule st\u00e9rile avec l&rsquo; Extrait de Plantules d&rsquo;Avoine Rhealba, garantie sans conservateur, et sans parfum, ce baume \u00e9mollient Cosm\u00e9tique St\u00e9rile est une formule haute s\u00e9curit\u00e9 avec 95 % d&rsquo;ingr\u00e9dients d&rsquo;origine naturelle pens\u00e9e et d\u00e9velopp\u00e9e pour les peaux les plus fragiles.<br \/>\nLes bienfaits :<br \/>\n\u2022 ANTI-GRATTAGE : apaise la peau imm\u00e9diatement apr\u00e8s l&rsquo;application et espace les pics d&rsquo;irritation.<br \/>\n\u2022 R\u00c9DUIT la s\u00e9cheresse cutan\u00e9e des adultes et enfants, d\u00e8s la naissance, gr\u00e2ce \u00e0 sa texture baume nourrissante et enveloppante.<br \/>\n\u2022 RESPECTE la peau gr\u00e2ce \u00e0 sa formule compose\u0301e de 95 % d&rsquo;ingre\u0301dients d&rsquo;origine naturelle et \u00e0 la charte de formulation (Conscious, Clean and Green) tr\u00e8s stricte d&rsquo;A-DERMA, laboratoire dermatologique v\u00e9g\u00e9tal<br \/>\nConseils d&rsquo;utilisation:<br \/>\nAvant d&rsquo;appliquer le baume, nettoyer pr\u00e9alablement la peau avec un produit d&rsquo;hygi\u00e8ne EXOMEGA CONTROL.Verser le baume dans les mains. Le r\u00e9chauffer entre les mains.Appliquer le baume en larges mouvements<\/p>\n","protected":false},"excerpt":{"rendered":"<p>Ce baume \u00e9mollient Cosm\u00e9tique St\u00e9rile am\u00e9liore le quotidien des peaux s\u00e8ches \u00e0 tendance atopique de toute la famille, d\u00e8s la<\/p>\n","protected":false},"featured_media":33536,"comment_status":"open","ping_status":"closed","template":"","meta":[],"product_brand":[372],"product_cat":[618],"product_tag":[],"class_list":{"0":"post-33496","1":"product","2":"type-product","3":"status-publish","4":"has-post-thumbnail","6":"product_brand-a-derma","7":"product_cat-hydratation-corps-corps","9":"first","10":"instock","11":"sale","12":"shipping-taxable","13":"purchasable","14":"product-type-simple"},"yoast_head":"<!-- This site is optimized with the Yoast SEO plugin v26.6 - https:\/\/yoast.com\/wordpress\/plugins\/seo\/ -->\r\n<title>ADERMA EXOMEGA CONTROLE BAUME EMOLLIENT ANTI GRATTAGE 200ML - Paracherkaoui.ma<\/title>\r\n<meta name=\"robots\" content=\"index, follow, max-snippet:-1, max-image-preview:large, max-video-preview:-1\" \/>\r\n<link rel=\"canonical\" href=\"https:\/\/paracherkaoui.ma\/index.php\/produit\/aderma-exomega-controle-baume-emollient-anti-grattage-200ml\/\" \/>\r\n<meta property=\"og:locale\" content=\"fr_FR\" \/>\r\n<meta property=\"og:type\" content=\"article\" \/>\r\n<meta property=\"og:title\" content=\"ADERMA EXOMEGA CONTROLE BAUME EMOLLIENT ANTI GRATTAGE 200ML - Paracherkaoui.ma\" \/>\r\n<meta property=\"og:description\" content=\"Ce baume \u00e9mollient Cosm\u00e9tique St\u00e9rile am\u00e9liore le quotidien des peaux s\u00e8ches \u00e0 tendance atopique de toute la famille, d\u00e8s la\" \/>\r\n<meta property=\"og:url\" content=\"https:\/\/paracherkaoui.ma\/index.php\/produit\/aderma-exomega-controle-baume-emollient-anti-grattage-200ml\/\" \/>\r\n<meta property=\"og:site_name\" content=\"Paracherkaoui.ma\" \/>\r\n<meta property=\"article:modified_time\" content=\"2025-12-12T17:41:18+00:00\" \/>\r\n<meta property=\"og:image\" content=\"https:\/\/paracherkaoui.ma\/wp-content\/uploads\/2025\/12\/a-derma-aderma-exomega-controle-baume-emollient-anti-grattage-200ml-hydratation-corps.jpg\" \/>\r\n\t<meta property=\"og:image:width\" content=\"700\" \/>\r\n\t<meta property=\"og:image:height\" content=\"700\" \/>\r\n\t<meta property=\"og:image:type\" content=\"image\/jpeg\" \/>\r\n<meta name=\"twitter:card\" content=\"summary_large_image\" \/>\r\n<meta name=\"twitter:label1\" content=\"Dur\u00e9e de lecture estim\u00e9e\" \/>\n\t<meta name=\"twitter:data1\" content=\"1 minute\" \/>\r\n<script type=\"application\/ld+json\" class=\"yoast-schema-graph\">{\"@context\":\"https:\/\/schema.org\",\"@graph\":[{\"@type\":\"WebPage\",\"@id\":\"https:\/\/paracherkaoui.ma\/index.php\/produit\/aderma-exomega-controle-baume-emollient-anti-grattage-200ml\/\",\"url\":\"https:\/\/paracherkaoui.ma\/index.php\/produit\/aderma-exomega-controle-baume-emollient-anti-grattage-200ml\/\",\"name\":\"ADERMA EXOMEGA CONTROLE BAUME EMOLLIENT ANTI GRATTAGE 200ML - Paracherkaoui.ma\",\"isPartOf\":{\"@id\":\"https:\/\/paracherkaoui.ma\/#website\"},\"primaryImageOfPage\":{\"@id\":\"https:\/\/paracherkaoui.ma\/index.php\/produit\/aderma-exomega-controle-baume-emollient-anti-grattage-200ml\/#primaryimage\"},\"image\":{\"@id\":\"https:\/\/paracherkaoui.ma\/index.php\/produit\/aderma-exomega-controle-baume-emollient-anti-grattage-200ml\/#primaryimage\"},\"thumbnailUrl\":\"https:\/\/paracherkaoui.ma\/wp-content\/uploads\/2025\/12\/a-derma-aderma-exomega-controle-baume-emollient-anti-grattage-200ml-hydratation-corps.jpg\",\"datePublished\":\"2025-12-12T17:41:12+00:00\",\"dateModified\":\"2025-12-12T17:41:18+00:00\",\"breadcrumb\":{\"@id\":\"https:\/\/paracherkaoui.ma\/index.php\/produit\/aderma-exomega-controle-baume-emollient-anti-grattage-200ml\/#breadcrumb\"},\"inLanguage\":\"fr-FR\",\"potentialAction\":[{\"@type\":\"ReadAction\",\"target\":[\"https:\/\/paracherkaoui.ma\/index.php\/produit\/aderma-exomega-controle-baume-emollient-anti-grattage-200ml\/\"]}]},{\"@type\":\"ImageObject\",\"inLanguage\":\"fr-FR\",\"@id\":\"https:\/\/paracherkaoui.ma\/index.php\/produit\/aderma-exomega-controle-baume-emollient-anti-grattage-200ml\/#primaryimage\",\"url\":\"https:\/\/paracherkaoui.ma\/wp-content\/uploads\/2025\/12\/a-derma-aderma-exomega-controle-baume-emollient-anti-grattage-200ml-hydratation-corps.jpg\",\"contentUrl\":\"https:\/\/paracherkaoui.ma\/wp-content\/uploads\/2025\/12\/a-derma-aderma-exomega-controle-baume-emollient-anti-grattage-200ml-hydratation-corps.jpg\",\"width\":700,\"height\":700},{\"@type\":\"BreadcrumbList\",\"@id\":\"https:\/\/paracherkaoui.ma\/index.php\/produit\/aderma-exomega-controle-baume-emollient-anti-grattage-200ml\/#breadcrumb\",\"itemListElement\":[{\"@type\":\"ListItem\",\"position\":1,\"name\":\"Accueil\",\"item\":\"https:\/\/paracherkaoui.ma\/\"},{\"@type\":\"ListItem\",\"position\":2,\"name\":\"Boutique\",\"item\":\"https:\/\/paracherkaoui.ma\/index.php\/boutique\/\"},{\"@type\":\"ListItem\",\"position\":3,\"name\":\"ADERMA EXOMEGA CONTROLE BAUME EMOLLIENT ANTI GRATTAGE 200ML\"}]},{\"@type\":\"WebSite\",\"@id\":\"https:\/\/paracherkaoui.ma\/#website\",\"url\":\"https:\/\/paracherkaoui.ma\/\",\"name\":\"Paracherkaoui.ma\",\"description\":\"Achetez en ligne sur Paracherkaoui.ma\",\"potentialAction\":[{\"@type\":\"SearchAction\",\"target\":{\"@type\":\"EntryPoint\",\"urlTemplate\":\"https:\/\/paracherkaoui.ma\/?s={search_term_string}\"},\"query-input\":{\"@type\":\"PropertyValueSpecification\",\"valueRequired\":true,\"valueName\":\"search_term_string\"}}],\"inLanguage\":\"fr-FR\"}]}<\/script>\r\n<!-- \/ Yoast SEO plugin. -->","yoast_head_json":{"title":"ADERMA EXOMEGA CONTROLE BAUME EMOLLIENT ANTI GRATTAGE 200ML - Paracherkaoui.ma","robots":{"index":"index","follow":"follow","max-snippet":"max-snippet:-1","max-image-preview":"max-image-preview:large","max-video-preview":"max-video-preview:-1"},"canonical":"https:\/\/paracherkaoui.ma\/index.php\/produit\/aderma-exomega-controle-baume-emollient-anti-grattage-200ml\/","og_locale":"fr_FR","og_type":"article","og_title":"ADERMA EXOMEGA CONTROLE BAUME EMOLLIENT ANTI GRATTAGE 200ML - Paracherkaoui.ma","og_description":"Ce baume \u00e9mollient Cosm\u00e9tique St\u00e9rile am\u00e9liore le quotidien des peaux s\u00e8ches \u00e0 tendance atopique de toute la famille, d\u00e8s la","og_url":"https:\/\/paracherkaoui.ma\/index.php\/produit\/aderma-exomega-controle-baume-emollient-anti-grattage-200ml\/","og_site_name":"Paracherkaoui.ma","article_modified_time":"2025-12-12T17:41:18+00:00","og_image":[{"width":700,"height":700,"url":"https:\/\/paracherkaoui.ma\/wp-content\/uploads\/2025\/12\/a-derma-aderma-exomega-controle-baume-emollient-anti-grattage-200ml-hydratation-corps.jpg","type":"image\/jpeg"}],"twitter_card":"summary_large_image","twitter_misc":{"Dur\u00e9e de lecture estim\u00e9e":"1 minute"},"schema":{"@context":"https:\/\/schema.org","@graph":[{"@type":"WebPage","@id":"https:\/\/paracherkaoui.ma\/index.php\/produit\/aderma-exomega-controle-baume-emollient-anti-grattage-200ml\/","url":"https:\/\/paracherkaoui.ma\/index.php\/produit\/aderma-exomega-controle-baume-emollient-anti-grattage-200ml\/","name":"ADERMA EXOMEGA CONTROLE BAUME EMOLLIENT ANTI GRATTAGE 200ML - Paracherkaoui.ma","isPartOf":{"@id":"https:\/\/paracherkaoui.ma\/#website"},"primaryImageOfPage":{"@id":"https:\/\/paracherkaoui.ma\/index.php\/produit\/aderma-exomega-controle-baume-emollient-anti-grattage-200ml\/#primaryimage"},"image":{"@id":"https:\/\/paracherkaoui.ma\/index.php\/produit\/aderma-exomega-controle-baume-emollient-anti-grattage-200ml\/#primaryimage"},"thumbnailUrl":"https:\/\/paracherkaoui.ma\/wp-content\/uploads\/2025\/12\/a-derma-aderma-exomega-controle-baume-emollient-anti-grattage-200ml-hydratation-corps.jpg","datePublished":"2025-12-12T17:41:12+00:00","dateModified":"2025-12-12T17:41:18+00:00","breadcrumb":{"@id":"https:\/\/paracherkaoui.ma\/index.php\/produit\/aderma-exomega-controle-baume-emollient-anti-grattage-200ml\/#breadcrumb"},"inLanguage":"fr-FR","potentialAction":[{"@type":"ReadAction","target":["https:\/\/paracherkaoui.ma\/index.php\/produit\/aderma-exomega-controle-baume-emollient-anti-grattage-200ml\/"]}]},{"@type":"ImageObject","inLanguage":"fr-FR","@id":"https:\/\/paracherkaoui.ma\/index.php\/produit\/aderma-exomega-controle-baume-emollient-anti-grattage-200ml\/#primaryimage","url":"https:\/\/paracherkaoui.ma\/wp-content\/uploads\/2025\/12\/a-derma-aderma-exomega-controle-baume-emollient-anti-grattage-200ml-hydratation-corps.jpg","contentUrl":"https:\/\/paracherkaoui.ma\/wp-content\/uploads\/2025\/12\/a-derma-aderma-exomega-controle-baume-emollient-anti-grattage-200ml-hydratation-corps.jpg","width":700,"height":700},{"@type":"BreadcrumbList","@id":"https:\/\/paracherkaoui.ma\/index.php\/produit\/aderma-exomega-controle-baume-emollient-anti-grattage-200ml\/#breadcrumb","itemListElement":[{"@type":"ListItem","position":1,"name":"Accueil","item":"https:\/\/paracherkaoui.ma\/"},{"@type":"ListItem","position":2,"name":"Boutique","item":"https:\/\/paracherkaoui.ma\/index.php\/boutique\/"},{"@type":"ListItem","position":3,"name":"ADERMA EXOMEGA CONTROLE BAUME EMOLLIENT ANTI GRATTAGE 200ML"}]},{"@type":"WebSite","@id":"https:\/\/paracherkaoui.ma\/#website","url":"https:\/\/paracherkaoui.ma\/","name":"Paracherkaoui.ma","description":"Achetez en ligne sur Paracherkaoui.ma","potentialAction":[{"@type":"SearchAction","target":{"@type":"EntryPoint","urlTemplate":"https:\/\/paracherkaoui.ma\/?s={search_term_string}"},"query-input":{"@type":"PropertyValueSpecification","valueRequired":true,"valueName":"search_term_string"}}],"inLanguage":"fr-FR"}]}},"_links":{"self":[{"href":"https:\/\/paracherkaoui.ma\/index.php\/wp-json\/wp\/v2\/product\/33496","targetHints":{"allow":["GET"]}}],"collection":[{"href":"https:\/\/paracherkaoui.ma\/index.php\/wp-json\/wp\/v2\/product"}],"about":[{"href":"https:\/\/paracherkaoui.ma\/index.php\/wp-json\/wp\/v2\/types\/product"}],"replies":[{"embeddable":true,"href":"https:\/\/paracherkaoui.ma\/index.php\/wp-json\/wp\/v2\/comments?post=33496"}],"version-history":[{"count":1,"href":"https:\/\/paracherkaoui.ma\/index.php\/wp-json\/wp\/v2\/product\/33496\/revisions"}],"predecessor-version":[{"id":33537,"href":"https:\/\/paracherkaoui.ma\/index.php\/wp-json\/wp\/v2\/product\/33496\/revisions\/33537"}],"wp:featuredmedia":[{"embeddable":true,"href":"https:\/\/paracherkaoui.ma\/index.php\/wp-json\/wp\/v2\/media\/33536"}],"wp:attachment":[{"href":"https:\/\/paracherkaoui.ma\/index.php\/wp-json\/wp\/v2\/media?parent=33496"}],"wp:term":[{"taxonomy":"product_brand","embeddable":true,"href":"https:\/\/paracherkaoui.ma\/index.php\/wp-json\/wp\/v2\/product_brand?post=33496"},{"taxonomy":"product_cat","embeddable":true,"href":"https:\/\/paracherkaoui.ma\/index.php\/wp-json\/wp\/v2\/product_cat?post=33496"},{"taxonomy":"product_tag","embeddable":true,"href":"https:\/\/paracherkaoui.ma\/index.php\/wp-json\/wp\/v2\/product_tag?post=33496"}],"curies":[{"name":"wp","href":"https:\/\/api.w.org\/{rel}","templated":true}]}}