{"id":33495,"date":"2025-12-12T18:41:12","date_gmt":"2025-12-12T17:41:12","guid":{"rendered":"https:\/\/test.ecbeaute.com\/?post_type=product&#038;p=33495"},"modified":"2025-12-12T18:41:18","modified_gmt":"2025-12-12T17:41:18","slug":"isdin-ureadin-ultra-20-cream-100-ml-3","status":"publish","type":"product","link":"https:\/\/paracherkaoui.ma\/index.php\/produit\/isdin-ureadin-ultra-20-cream-100-ml-3\/","title":{"rendered":"ISDIN UREADIN ULTRA 20 CREAM 100 ML"},"content":{"rendered":"<p>Sp\u00e9cifiquement formul\u00e9e pour les peaux r\u00eaches\u00a0et squameuses, la cr\u00e8me Ureadin Ultra 20 d\u2019Isdin poss\u00e8de une texture fondante et non grasse qui p\u00e9n\u00e8tre facilement dans l\u2019\u00e9piderme pour l\u2019hydrater en profondeur. Elle contribue notamment \u00e0 :<br \/>\nrenforcer et pr\u00e9server l\u2019hydratation de la peau<br \/>\n\u00e9liminer les rugosit\u00e9s\u00a0et les asp\u00e9rit\u00e9s \u00e0 la surface de l\u2019\u00e9piderme<br \/>\nr\u00e9guler le processus de desquamation cutan\u00e9e<br \/>\nam\u00e9liorer la douceur et la souplesse de la peau<br \/>\nIsdin urieadin : Une synergie d\u2019ingr\u00e9dients \u00e0 l\u2019action exfoliante et r\u00e9g\u00e9n\u00e9rante<br \/>\nAvec la cr\u00e8me Ureadin, Isdin propose une solution globale pour le soin des peaux s\u00e8ches\u00a0et rugueuses. Riche en agents hydratants et r\u00e9g\u00e9n\u00e9rants cette cr\u00e8me prot\u00e8ge, r\u00e9pare et apaise durablement l\u2019\u00e9piderme :<br \/>\nL\u2019ur\u00e9e poss\u00e8de des propri\u00e9t\u00e9s humectantes capables d\u2019attirer et de retenir l\u2019eau au sein des tissus cutan\u00e9s. Son action exfoliante favorise le renouvellement des corn\u00e9ocytes, principaux constituants de la couche sup\u00e9rieure de l\u2019\u00e9piderme.<br \/>\nL\u2019allanto\u00efne stimule le renouvellement cellulaire, acc\u00e9l\u00e9rant ainsi la r\u00e9paration cutan\u00e9e. Son action anti-inflammatoire apaise les irritations cutan\u00e9es\u00a0tandis que ses vertus k\u00e9ratolytiques favorisent l\u2019\u00e9limination des cellules mortes.<br \/>\nLa glyc\u00e9rine maintient l\u2019hydratation cutan\u00e9e et r\u00e9gule le processus de desquamation. Elle stimule la synth\u00e8se des lipides pour r\u00e9parer et lisser l\u2019\u00e9piderme.<br \/>\nL\u2019huile d\u2019avocat a une activit\u00e9 relipidante efficace pour renforcer le film protecteur de l\u2019\u00e9piderme. Riche en vitamine E, elle r\u00e9gule la production de cellules mortes, limitant ainsi la desquamation.<br \/>\nLe dim\u00e9thicone forme un film \u00e0 la surface de la peau pour la prot\u00e9ger des agressions ext\u00e9rieures et maintenir son hydratation.<br \/>\nUreadin Ultra 20 d\u2019Isdin est une cr\u00e8me hydratante\u00a0et r\u00e9g\u00e9n\u00e9rante pour les peaux s\u00e8ches et r\u00eaches. Elle apaise, r\u00e9pare et lisse les irr\u00e9gularit\u00e9s de l\u2019\u00e9piderme.<br \/>\nConseil d&rsquo;utilisation<br \/>\nAppliquez cette cr\u00e8me 1 \u00e0 2 fois par jour sur votre peau propre et s\u00e8che, en insistant sur les zones rugueuses.<br \/>\nComposition<br \/>\nFormule INCI : Dimethicone, Aqua (Water), Urea, Isopropyl Myristate, Paraffinum Liquidum (Mineral Oil), Glyceryl Stearate, PEG-40 Stearate, Sorbitol, Cetearyl Ethylhexanoate, Cetyl Alcohol, Dimethicone, Glycine, Phenoxyethanol, Persea Gratissima (Avocado) Oil, Carbomer, Allantoin, Palmitic Acid, Stearic Acid, Acrylates\/C10-30 Alkyl Acrylate Crosspolymer, Disodium EDTA, Ethylhexylglycerin, Parfum (Fragrance), Sodium Hydroxide, Limonene, Hexyl Cinnamal, Lactic Acid, Alpha-Isomethyl Ionone, Linalool, Benzyl Salicylate, Eugenol, Citral, Hydroxycitronellal, Coumarin.<\/p>\n","protected":false},"excerpt":{"rendered":"<p>Sp\u00e9cifiquement formul\u00e9e pour les peaux r\u00eaches\u00a0et squameuses, la cr\u00e8me Ureadin Ultra 20 d\u2019Isdin poss\u00e8de une texture fondante et non grasse<\/p>\n","protected":false},"featured_media":11286,"comment_status":"open","ping_status":"closed","template":"","meta":[],"product_brand":[135],"product_cat":[618],"product_tag":[],"class_list":{"0":"post-33495","1":"product","2":"type-product","3":"status-publish","4":"has-post-thumbnail","6":"product_brand-isdin","7":"product_cat-hydratation-corps-corps","9":"first","10":"instock","11":"sale","12":"shipping-taxable","13":"purchasable","14":"product-type-simple"},"yoast_head":"<!-- This site is optimized with the Yoast SEO plugin v26.6 - https:\/\/yoast.com\/wordpress\/plugins\/seo\/ -->\r\n<title>ISDIN UREADIN ULTRA 20 CREAM 100 ML - Paracherkaoui.ma<\/title>\r\n<meta name=\"robots\" content=\"index, follow, max-snippet:-1, max-image-preview:large, max-video-preview:-1\" \/>\r\n<link rel=\"canonical\" href=\"https:\/\/paracherkaoui.ma\/index.php\/produit\/isdin-ureadin-ultra-20-cream-100-ml-3\/\" \/>\r\n<meta property=\"og:locale\" content=\"fr_FR\" \/>\r\n<meta property=\"og:type\" content=\"article\" \/>\r\n<meta property=\"og:title\" content=\"ISDIN UREADIN ULTRA 20 CREAM 100 ML - Paracherkaoui.ma\" \/>\r\n<meta property=\"og:description\" content=\"Sp\u00e9cifiquement formul\u00e9e pour les peaux r\u00eaches\u00a0et squameuses, la cr\u00e8me Ureadin Ultra 20 d\u2019Isdin poss\u00e8de une texture fondante et non grasse\" \/>\r\n<meta property=\"og:url\" content=\"https:\/\/paracherkaoui.ma\/index.php\/produit\/isdin-ureadin-ultra-20-cream-100-ml-3\/\" \/>\r\n<meta property=\"og:site_name\" content=\"Paracherkaoui.ma\" \/>\r\n<meta property=\"article:modified_time\" content=\"2025-12-12T17:41:18+00:00\" \/>\r\n<meta property=\"og:image\" content=\"https:\/\/paracherkaoui.ma\/wp-content\/uploads\/2025\/12\/isdin-isdin-ureadin-ultra-20-cream-100-ml-hydratation-corps.jpg\" \/>\r\n\t<meta property=\"og:image:width\" content=\"700\" \/>\r\n\t<meta property=\"og:image:height\" content=\"700\" \/>\r\n\t<meta property=\"og:image:type\" content=\"image\/jpeg\" \/>\r\n<meta name=\"twitter:card\" content=\"summary_large_image\" \/>\r\n<meta name=\"twitter:label1\" content=\"Dur\u00e9e de lecture estim\u00e9e\" \/>\n\t<meta name=\"twitter:data1\" content=\"2 minutes\" \/>\r\n<script type=\"application\/ld+json\" class=\"yoast-schema-graph\">{\"@context\":\"https:\/\/schema.org\",\"@graph\":[{\"@type\":\"WebPage\",\"@id\":\"https:\/\/paracherkaoui.ma\/index.php\/produit\/isdin-ureadin-ultra-20-cream-100-ml-3\/\",\"url\":\"https:\/\/paracherkaoui.ma\/index.php\/produit\/isdin-ureadin-ultra-20-cream-100-ml-3\/\",\"name\":\"ISDIN UREADIN ULTRA 20 CREAM 100 ML - Paracherkaoui.ma\",\"isPartOf\":{\"@id\":\"https:\/\/paracherkaoui.ma\/#website\"},\"primaryImageOfPage\":{\"@id\":\"https:\/\/paracherkaoui.ma\/index.php\/produit\/isdin-ureadin-ultra-20-cream-100-ml-3\/#primaryimage\"},\"image\":{\"@id\":\"https:\/\/paracherkaoui.ma\/index.php\/produit\/isdin-ureadin-ultra-20-cream-100-ml-3\/#primaryimage\"},\"thumbnailUrl\":\"https:\/\/paracherkaoui.ma\/wp-content\/uploads\/2025\/12\/isdin-isdin-ureadin-ultra-20-cream-100-ml-hydratation-corps.jpg\",\"datePublished\":\"2025-12-12T17:41:12+00:00\",\"dateModified\":\"2025-12-12T17:41:18+00:00\",\"breadcrumb\":{\"@id\":\"https:\/\/paracherkaoui.ma\/index.php\/produit\/isdin-ureadin-ultra-20-cream-100-ml-3\/#breadcrumb\"},\"inLanguage\":\"fr-FR\",\"potentialAction\":[{\"@type\":\"ReadAction\",\"target\":[\"https:\/\/paracherkaoui.ma\/index.php\/produit\/isdin-ureadin-ultra-20-cream-100-ml-3\/\"]}]},{\"@type\":\"ImageObject\",\"inLanguage\":\"fr-FR\",\"@id\":\"https:\/\/paracherkaoui.ma\/index.php\/produit\/isdin-ureadin-ultra-20-cream-100-ml-3\/#primaryimage\",\"url\":\"https:\/\/paracherkaoui.ma\/wp-content\/uploads\/2025\/12\/isdin-isdin-ureadin-ultra-20-cream-100-ml-hydratation-corps.jpg\",\"contentUrl\":\"https:\/\/paracherkaoui.ma\/wp-content\/uploads\/2025\/12\/isdin-isdin-ureadin-ultra-20-cream-100-ml-hydratation-corps.jpg\",\"width\":700,\"height\":700},{\"@type\":\"BreadcrumbList\",\"@id\":\"https:\/\/paracherkaoui.ma\/index.php\/produit\/isdin-ureadin-ultra-20-cream-100-ml-3\/#breadcrumb\",\"itemListElement\":[{\"@type\":\"ListItem\",\"position\":1,\"name\":\"Accueil\",\"item\":\"https:\/\/paracherkaoui.ma\/\"},{\"@type\":\"ListItem\",\"position\":2,\"name\":\"Boutique\",\"item\":\"https:\/\/paracherkaoui.ma\/index.php\/boutique\/\"},{\"@type\":\"ListItem\",\"position\":3,\"name\":\"ISDIN UREADIN ULTRA 20 CREAM 100 ML\"}]},{\"@type\":\"WebSite\",\"@id\":\"https:\/\/paracherkaoui.ma\/#website\",\"url\":\"https:\/\/paracherkaoui.ma\/\",\"name\":\"Paracherkaoui.ma\",\"description\":\"Achetez en ligne sur Paracherkaoui.ma\",\"potentialAction\":[{\"@type\":\"SearchAction\",\"target\":{\"@type\":\"EntryPoint\",\"urlTemplate\":\"https:\/\/paracherkaoui.ma\/?s={search_term_string}\"},\"query-input\":{\"@type\":\"PropertyValueSpecification\",\"valueRequired\":true,\"valueName\":\"search_term_string\"}}],\"inLanguage\":\"fr-FR\"}]}<\/script>\r\n<!-- \/ Yoast SEO plugin. -->","yoast_head_json":{"title":"ISDIN UREADIN ULTRA 20 CREAM 100 ML - Paracherkaoui.ma","robots":{"index":"index","follow":"follow","max-snippet":"max-snippet:-1","max-image-preview":"max-image-preview:large","max-video-preview":"max-video-preview:-1"},"canonical":"https:\/\/paracherkaoui.ma\/index.php\/produit\/isdin-ureadin-ultra-20-cream-100-ml-3\/","og_locale":"fr_FR","og_type":"article","og_title":"ISDIN UREADIN ULTRA 20 CREAM 100 ML - Paracherkaoui.ma","og_description":"Sp\u00e9cifiquement formul\u00e9e pour les peaux r\u00eaches\u00a0et squameuses, la cr\u00e8me Ureadin Ultra 20 d\u2019Isdin poss\u00e8de une texture fondante et non grasse","og_url":"https:\/\/paracherkaoui.ma\/index.php\/produit\/isdin-ureadin-ultra-20-cream-100-ml-3\/","og_site_name":"Paracherkaoui.ma","article_modified_time":"2025-12-12T17:41:18+00:00","og_image":[{"width":700,"height":700,"url":"https:\/\/paracherkaoui.ma\/wp-content\/uploads\/2025\/12\/isdin-isdin-ureadin-ultra-20-cream-100-ml-hydratation-corps.jpg","type":"image\/jpeg"}],"twitter_card":"summary_large_image","twitter_misc":{"Dur\u00e9e de lecture estim\u00e9e":"2 minutes"},"schema":{"@context":"https:\/\/schema.org","@graph":[{"@type":"WebPage","@id":"https:\/\/paracherkaoui.ma\/index.php\/produit\/isdin-ureadin-ultra-20-cream-100-ml-3\/","url":"https:\/\/paracherkaoui.ma\/index.php\/produit\/isdin-ureadin-ultra-20-cream-100-ml-3\/","name":"ISDIN UREADIN ULTRA 20 CREAM 100 ML - Paracherkaoui.ma","isPartOf":{"@id":"https:\/\/paracherkaoui.ma\/#website"},"primaryImageOfPage":{"@id":"https:\/\/paracherkaoui.ma\/index.php\/produit\/isdin-ureadin-ultra-20-cream-100-ml-3\/#primaryimage"},"image":{"@id":"https:\/\/paracherkaoui.ma\/index.php\/produit\/isdin-ureadin-ultra-20-cream-100-ml-3\/#primaryimage"},"thumbnailUrl":"https:\/\/paracherkaoui.ma\/wp-content\/uploads\/2025\/12\/isdin-isdin-ureadin-ultra-20-cream-100-ml-hydratation-corps.jpg","datePublished":"2025-12-12T17:41:12+00:00","dateModified":"2025-12-12T17:41:18+00:00","breadcrumb":{"@id":"https:\/\/paracherkaoui.ma\/index.php\/produit\/isdin-ureadin-ultra-20-cream-100-ml-3\/#breadcrumb"},"inLanguage":"fr-FR","potentialAction":[{"@type":"ReadAction","target":["https:\/\/paracherkaoui.ma\/index.php\/produit\/isdin-ureadin-ultra-20-cream-100-ml-3\/"]}]},{"@type":"ImageObject","inLanguage":"fr-FR","@id":"https:\/\/paracherkaoui.ma\/index.php\/produit\/isdin-ureadin-ultra-20-cream-100-ml-3\/#primaryimage","url":"https:\/\/paracherkaoui.ma\/wp-content\/uploads\/2025\/12\/isdin-isdin-ureadin-ultra-20-cream-100-ml-hydratation-corps.jpg","contentUrl":"https:\/\/paracherkaoui.ma\/wp-content\/uploads\/2025\/12\/isdin-isdin-ureadin-ultra-20-cream-100-ml-hydratation-corps.jpg","width":700,"height":700},{"@type":"BreadcrumbList","@id":"https:\/\/paracherkaoui.ma\/index.php\/produit\/isdin-ureadin-ultra-20-cream-100-ml-3\/#breadcrumb","itemListElement":[{"@type":"ListItem","position":1,"name":"Accueil","item":"https:\/\/paracherkaoui.ma\/"},{"@type":"ListItem","position":2,"name":"Boutique","item":"https:\/\/paracherkaoui.ma\/index.php\/boutique\/"},{"@type":"ListItem","position":3,"name":"ISDIN UREADIN ULTRA 20 CREAM 100 ML"}]},{"@type":"WebSite","@id":"https:\/\/paracherkaoui.ma\/#website","url":"https:\/\/paracherkaoui.ma\/","name":"Paracherkaoui.ma","description":"Achetez en ligne sur Paracherkaoui.ma","potentialAction":[{"@type":"SearchAction","target":{"@type":"EntryPoint","urlTemplate":"https:\/\/paracherkaoui.ma\/?s={search_term_string}"},"query-input":{"@type":"PropertyValueSpecification","valueRequired":true,"valueName":"search_term_string"}}],"inLanguage":"fr-FR"}]}},"_links":{"self":[{"href":"https:\/\/paracherkaoui.ma\/index.php\/wp-json\/wp\/v2\/product\/33495","targetHints":{"allow":["GET"]}}],"collection":[{"href":"https:\/\/paracherkaoui.ma\/index.php\/wp-json\/wp\/v2\/product"}],"about":[{"href":"https:\/\/paracherkaoui.ma\/index.php\/wp-json\/wp\/v2\/types\/product"}],"replies":[{"embeddable":true,"href":"https:\/\/paracherkaoui.ma\/index.php\/wp-json\/wp\/v2\/comments?post=33495"}],"version-history":[{"count":1,"href":"https:\/\/paracherkaoui.ma\/index.php\/wp-json\/wp\/v2\/product\/33495\/revisions"}],"predecessor-version":[{"id":33535,"href":"https:\/\/paracherkaoui.ma\/index.php\/wp-json\/wp\/v2\/product\/33495\/revisions\/33535"}],"wp:featuredmedia":[{"embeddable":true,"href":"https:\/\/paracherkaoui.ma\/index.php\/wp-json\/wp\/v2\/media\/11286"}],"wp:attachment":[{"href":"https:\/\/paracherkaoui.ma\/index.php\/wp-json\/wp\/v2\/media?parent=33495"}],"wp:term":[{"taxonomy":"product_brand","embeddable":true,"href":"https:\/\/paracherkaoui.ma\/index.php\/wp-json\/wp\/v2\/product_brand?post=33495"},{"taxonomy":"product_cat","embeddable":true,"href":"https:\/\/paracherkaoui.ma\/index.php\/wp-json\/wp\/v2\/product_cat?post=33495"},{"taxonomy":"product_tag","embeddable":true,"href":"https:\/\/paracherkaoui.ma\/index.php\/wp-json\/wp\/v2\/product_tag?post=33495"}],"curies":[{"name":"wp","href":"https:\/\/api.w.org\/{rel}","templated":true}]}}