{"id":33482,"date":"2025-12-12T18:41:11","date_gmt":"2025-12-12T17:41:11","guid":{"rendered":"https:\/\/test.ecbeaute.com\/?post_type=product&#038;p=33482"},"modified":"2025-12-12T18:41:14","modified_gmt":"2025-12-12T17:41:14","slug":"isdin-femme-raffermissant-creme-corporelle-200-ml","status":"publish","type":"product","link":"https:\/\/paracherkaoui.ma\/index.php\/produit\/isdin-femme-raffermissant-creme-corporelle-200-ml\/","title":{"rendered":"ISDIN FEMME RAFFERMISSANT CREME CORPORELLE 200 ML"},"content":{"rendered":"<p>La Cr\u00e8me Corporelle Raffermissante ISDIN Femme est le soin id\u00e9al pour retrouver une peau plus ferme, tonifi\u00e9e et lisse. Formul\u00e9e \u00e0 91% d&rsquo;ingr\u00e9dients d&rsquo;origine naturelle, cette cr\u00e8me allie efficacit\u00e9 et douceur pour vous offrir une peau hydrat\u00e9e et remodel\u00e9e. Sa formule l\u00e9g\u00e8re et \u00e0 absorption rapide p\u00e9n\u00e8tre facilement dans l&rsquo;\u00e9piderme, sans laisser de film gras, pour une sensation de confort tout au long de la journ\u00e9e.<br \/>\nGr\u00e2ce \u00e0 ses ingr\u00e9dients raffermissants, ISDIN Woman Raffermissante agit sur la tonicit\u00e9 de la peau, tout en am\u00e9liorant l\u2019apparence de la peau. Elle aide \u00e0 estomper les vergetures r\u00e9centes, particuli\u00e8rement apr\u00e8s une grossesse, une perte de poids ou d&rsquo;autres variations corporelles. Elle offre une hydratation profonde, laissant la peau plus douce, plus souple et visiblement plus ferme.<br \/>\nId\u00e9ale pour les peaux qui manquent de fermet\u00e9, cette cr\u00e8me corporelle peut \u00eatre appliqu\u00e9e quotidiennement sur les zones cibl\u00e9es telles que l\u2019abdomen, les cuisses, les bras et les fesses. Les r\u00e9sultats sont visibles au fur et \u00e0 mesure de l\u2019utilisation, avec une peau plus tonique et une texture peau de p\u00eache.<br \/>\nConseils d\u2019utilisation :<br \/>\nAppliquez la cr\u00e8me sur peau propre et s\u00e8che, de pr\u00e9f\u00e9rence apr\u00e8s la douche.<br \/>\nMassez doucement en effectuant des mouvements circulaires pour stimuler la circulation et maximiser l&rsquo;absorption.<br \/>\nUtilisez quotidiennement pour des r\u00e9sultats optimaux. Compl\u00e9tez avec une protection solaire pendant la journ\u00e9e pour pr\u00e9venir l\u2019apparition de nouvelles imperfections cutan\u00e9es.<\/p>\n","protected":false},"excerpt":{"rendered":"<p>La Cr\u00e8me Corporelle Raffermissante ISDIN Femme est le soin id\u00e9al pour retrouver une peau plus ferme, tonifi\u00e9e et lisse. Formul\u00e9e<\/p>\n","protected":false},"featured_media":33514,"comment_status":"open","ping_status":"closed","template":"","meta":[],"product_brand":[135],"product_cat":[618],"product_tag":[],"class_list":{"0":"post-33482","1":"product","2":"type-product","3":"status-publish","4":"has-post-thumbnail","6":"product_brand-isdin","7":"product_cat-hydratation-corps-corps","9":"first","10":"instock","11":"sale","12":"shipping-taxable","13":"purchasable","14":"product-type-simple"},"yoast_head":"<!-- This site is optimized with the Yoast SEO plugin v26.6 - https:\/\/yoast.com\/wordpress\/plugins\/seo\/ -->\r\n<title>ISDIN FEMME RAFFERMISSANT CREME CORPORELLE 200 ML - Paracherkaoui.ma<\/title>\r\n<meta name=\"robots\" content=\"index, follow, max-snippet:-1, max-image-preview:large, max-video-preview:-1\" \/>\r\n<link rel=\"canonical\" href=\"https:\/\/paracherkaoui.ma\/index.php\/produit\/isdin-femme-raffermissant-creme-corporelle-200-ml\/\" \/>\r\n<meta property=\"og:locale\" content=\"fr_FR\" \/>\r\n<meta property=\"og:type\" content=\"article\" \/>\r\n<meta property=\"og:title\" content=\"ISDIN FEMME RAFFERMISSANT CREME CORPORELLE 200 ML - Paracherkaoui.ma\" \/>\r\n<meta property=\"og:description\" content=\"La Cr\u00e8me Corporelle Raffermissante ISDIN Femme est le soin id\u00e9al pour retrouver une peau plus ferme, tonifi\u00e9e et lisse. Formul\u00e9e\" \/>\r\n<meta property=\"og:url\" content=\"https:\/\/paracherkaoui.ma\/index.php\/produit\/isdin-femme-raffermissant-creme-corporelle-200-ml\/\" \/>\r\n<meta property=\"og:site_name\" content=\"Paracherkaoui.ma\" \/>\r\n<meta property=\"article:modified_time\" content=\"2025-12-12T17:41:14+00:00\" \/>\r\n<meta property=\"og:image\" content=\"https:\/\/paracherkaoui.ma\/wp-content\/uploads\/2025\/12\/isdin-femme-raffermissant-creme-corporelle-200-ml.jpg\" \/>\r\n\t<meta property=\"og:image:width\" content=\"700\" \/>\r\n\t<meta property=\"og:image:height\" content=\"700\" \/>\r\n\t<meta property=\"og:image:type\" content=\"image\/jpeg\" \/>\r\n<meta name=\"twitter:card\" content=\"summary_large_image\" \/>\r\n<meta name=\"twitter:label1\" content=\"Dur\u00e9e de lecture estim\u00e9e\" \/>\n\t<meta name=\"twitter:data1\" content=\"1 minute\" \/>\r\n<script type=\"application\/ld+json\" class=\"yoast-schema-graph\">{\"@context\":\"https:\/\/schema.org\",\"@graph\":[{\"@type\":\"WebPage\",\"@id\":\"https:\/\/paracherkaoui.ma\/index.php\/produit\/isdin-femme-raffermissant-creme-corporelle-200-ml\/\",\"url\":\"https:\/\/paracherkaoui.ma\/index.php\/produit\/isdin-femme-raffermissant-creme-corporelle-200-ml\/\",\"name\":\"ISDIN FEMME RAFFERMISSANT CREME CORPORELLE 200 ML - Paracherkaoui.ma\",\"isPartOf\":{\"@id\":\"https:\/\/paracherkaoui.ma\/#website\"},\"primaryImageOfPage\":{\"@id\":\"https:\/\/paracherkaoui.ma\/index.php\/produit\/isdin-femme-raffermissant-creme-corporelle-200-ml\/#primaryimage\"},\"image\":{\"@id\":\"https:\/\/paracherkaoui.ma\/index.php\/produit\/isdin-femme-raffermissant-creme-corporelle-200-ml\/#primaryimage\"},\"thumbnailUrl\":\"https:\/\/paracherkaoui.ma\/wp-content\/uploads\/2025\/12\/isdin-femme-raffermissant-creme-corporelle-200-ml.jpg\",\"datePublished\":\"2025-12-12T17:41:11+00:00\",\"dateModified\":\"2025-12-12T17:41:14+00:00\",\"breadcrumb\":{\"@id\":\"https:\/\/paracherkaoui.ma\/index.php\/produit\/isdin-femme-raffermissant-creme-corporelle-200-ml\/#breadcrumb\"},\"inLanguage\":\"fr-FR\",\"potentialAction\":[{\"@type\":\"ReadAction\",\"target\":[\"https:\/\/paracherkaoui.ma\/index.php\/produit\/isdin-femme-raffermissant-creme-corporelle-200-ml\/\"]}]},{\"@type\":\"ImageObject\",\"inLanguage\":\"fr-FR\",\"@id\":\"https:\/\/paracherkaoui.ma\/index.php\/produit\/isdin-femme-raffermissant-creme-corporelle-200-ml\/#primaryimage\",\"url\":\"https:\/\/paracherkaoui.ma\/wp-content\/uploads\/2025\/12\/isdin-femme-raffermissant-creme-corporelle-200-ml.jpg\",\"contentUrl\":\"https:\/\/paracherkaoui.ma\/wp-content\/uploads\/2025\/12\/isdin-femme-raffermissant-creme-corporelle-200-ml.jpg\",\"width\":700,\"height\":700},{\"@type\":\"BreadcrumbList\",\"@id\":\"https:\/\/paracherkaoui.ma\/index.php\/produit\/isdin-femme-raffermissant-creme-corporelle-200-ml\/#breadcrumb\",\"itemListElement\":[{\"@type\":\"ListItem\",\"position\":1,\"name\":\"Accueil\",\"item\":\"https:\/\/paracherkaoui.ma\/\"},{\"@type\":\"ListItem\",\"position\":2,\"name\":\"Boutique\",\"item\":\"https:\/\/paracherkaoui.ma\/index.php\/boutique\/\"},{\"@type\":\"ListItem\",\"position\":3,\"name\":\"ISDIN FEMME RAFFERMISSANT CREME CORPORELLE 200 ML\"}]},{\"@type\":\"WebSite\",\"@id\":\"https:\/\/paracherkaoui.ma\/#website\",\"url\":\"https:\/\/paracherkaoui.ma\/\",\"name\":\"Paracherkaoui.ma\",\"description\":\"Achetez en ligne sur Paracherkaoui.ma\",\"potentialAction\":[{\"@type\":\"SearchAction\",\"target\":{\"@type\":\"EntryPoint\",\"urlTemplate\":\"https:\/\/paracherkaoui.ma\/?s={search_term_string}\"},\"query-input\":{\"@type\":\"PropertyValueSpecification\",\"valueRequired\":true,\"valueName\":\"search_term_string\"}}],\"inLanguage\":\"fr-FR\"}]}<\/script>\r\n<!-- \/ Yoast SEO plugin. -->","yoast_head_json":{"title":"ISDIN FEMME RAFFERMISSANT CREME CORPORELLE 200 ML - Paracherkaoui.ma","robots":{"index":"index","follow":"follow","max-snippet":"max-snippet:-1","max-image-preview":"max-image-preview:large","max-video-preview":"max-video-preview:-1"},"canonical":"https:\/\/paracherkaoui.ma\/index.php\/produit\/isdin-femme-raffermissant-creme-corporelle-200-ml\/","og_locale":"fr_FR","og_type":"article","og_title":"ISDIN FEMME RAFFERMISSANT CREME CORPORELLE 200 ML - Paracherkaoui.ma","og_description":"La Cr\u00e8me Corporelle Raffermissante ISDIN Femme est le soin id\u00e9al pour retrouver une peau plus ferme, tonifi\u00e9e et lisse. Formul\u00e9e","og_url":"https:\/\/paracherkaoui.ma\/index.php\/produit\/isdin-femme-raffermissant-creme-corporelle-200-ml\/","og_site_name":"Paracherkaoui.ma","article_modified_time":"2025-12-12T17:41:14+00:00","og_image":[{"width":700,"height":700,"url":"https:\/\/paracherkaoui.ma\/wp-content\/uploads\/2025\/12\/isdin-femme-raffermissant-creme-corporelle-200-ml.jpg","type":"image\/jpeg"}],"twitter_card":"summary_large_image","twitter_misc":{"Dur\u00e9e de lecture estim\u00e9e":"1 minute"},"schema":{"@context":"https:\/\/schema.org","@graph":[{"@type":"WebPage","@id":"https:\/\/paracherkaoui.ma\/index.php\/produit\/isdin-femme-raffermissant-creme-corporelle-200-ml\/","url":"https:\/\/paracherkaoui.ma\/index.php\/produit\/isdin-femme-raffermissant-creme-corporelle-200-ml\/","name":"ISDIN FEMME RAFFERMISSANT CREME CORPORELLE 200 ML - Paracherkaoui.ma","isPartOf":{"@id":"https:\/\/paracherkaoui.ma\/#website"},"primaryImageOfPage":{"@id":"https:\/\/paracherkaoui.ma\/index.php\/produit\/isdin-femme-raffermissant-creme-corporelle-200-ml\/#primaryimage"},"image":{"@id":"https:\/\/paracherkaoui.ma\/index.php\/produit\/isdin-femme-raffermissant-creme-corporelle-200-ml\/#primaryimage"},"thumbnailUrl":"https:\/\/paracherkaoui.ma\/wp-content\/uploads\/2025\/12\/isdin-femme-raffermissant-creme-corporelle-200-ml.jpg","datePublished":"2025-12-12T17:41:11+00:00","dateModified":"2025-12-12T17:41:14+00:00","breadcrumb":{"@id":"https:\/\/paracherkaoui.ma\/index.php\/produit\/isdin-femme-raffermissant-creme-corporelle-200-ml\/#breadcrumb"},"inLanguage":"fr-FR","potentialAction":[{"@type":"ReadAction","target":["https:\/\/paracherkaoui.ma\/index.php\/produit\/isdin-femme-raffermissant-creme-corporelle-200-ml\/"]}]},{"@type":"ImageObject","inLanguage":"fr-FR","@id":"https:\/\/paracherkaoui.ma\/index.php\/produit\/isdin-femme-raffermissant-creme-corporelle-200-ml\/#primaryimage","url":"https:\/\/paracherkaoui.ma\/wp-content\/uploads\/2025\/12\/isdin-femme-raffermissant-creme-corporelle-200-ml.jpg","contentUrl":"https:\/\/paracherkaoui.ma\/wp-content\/uploads\/2025\/12\/isdin-femme-raffermissant-creme-corporelle-200-ml.jpg","width":700,"height":700},{"@type":"BreadcrumbList","@id":"https:\/\/paracherkaoui.ma\/index.php\/produit\/isdin-femme-raffermissant-creme-corporelle-200-ml\/#breadcrumb","itemListElement":[{"@type":"ListItem","position":1,"name":"Accueil","item":"https:\/\/paracherkaoui.ma\/"},{"@type":"ListItem","position":2,"name":"Boutique","item":"https:\/\/paracherkaoui.ma\/index.php\/boutique\/"},{"@type":"ListItem","position":3,"name":"ISDIN FEMME RAFFERMISSANT CREME CORPORELLE 200 ML"}]},{"@type":"WebSite","@id":"https:\/\/paracherkaoui.ma\/#website","url":"https:\/\/paracherkaoui.ma\/","name":"Paracherkaoui.ma","description":"Achetez en ligne sur Paracherkaoui.ma","potentialAction":[{"@type":"SearchAction","target":{"@type":"EntryPoint","urlTemplate":"https:\/\/paracherkaoui.ma\/?s={search_term_string}"},"query-input":{"@type":"PropertyValueSpecification","valueRequired":true,"valueName":"search_term_string"}}],"inLanguage":"fr-FR"}]}},"_links":{"self":[{"href":"https:\/\/paracherkaoui.ma\/index.php\/wp-json\/wp\/v2\/product\/33482","targetHints":{"allow":["GET"]}}],"collection":[{"href":"https:\/\/paracherkaoui.ma\/index.php\/wp-json\/wp\/v2\/product"}],"about":[{"href":"https:\/\/paracherkaoui.ma\/index.php\/wp-json\/wp\/v2\/types\/product"}],"replies":[{"embeddable":true,"href":"https:\/\/paracherkaoui.ma\/index.php\/wp-json\/wp\/v2\/comments?post=33482"}],"version-history":[{"count":1,"href":"https:\/\/paracherkaoui.ma\/index.php\/wp-json\/wp\/v2\/product\/33482\/revisions"}],"predecessor-version":[{"id":33515,"href":"https:\/\/paracherkaoui.ma\/index.php\/wp-json\/wp\/v2\/product\/33482\/revisions\/33515"}],"wp:featuredmedia":[{"embeddable":true,"href":"https:\/\/paracherkaoui.ma\/index.php\/wp-json\/wp\/v2\/media\/33514"}],"wp:attachment":[{"href":"https:\/\/paracherkaoui.ma\/index.php\/wp-json\/wp\/v2\/media?parent=33482"}],"wp:term":[{"taxonomy":"product_brand","embeddable":true,"href":"https:\/\/paracherkaoui.ma\/index.php\/wp-json\/wp\/v2\/product_brand?post=33482"},{"taxonomy":"product_cat","embeddable":true,"href":"https:\/\/paracherkaoui.ma\/index.php\/wp-json\/wp\/v2\/product_cat?post=33482"},{"taxonomy":"product_tag","embeddable":true,"href":"https:\/\/paracherkaoui.ma\/index.php\/wp-json\/wp\/v2\/product_tag?post=33482"}],"curies":[{"name":"wp","href":"https:\/\/api.w.org\/{rel}","templated":true}]}}