{"id":33431,"date":"2025-12-12T18:41:05","date_gmt":"2025-12-12T17:41:05","guid":{"rendered":"https:\/\/test.ecbeaute.com\/?post_type=product&#038;p=33431"},"modified":"2025-12-12T18:41:11","modified_gmt":"2025-12-12T17:41:11","slug":"nuxe-huile-prodigieuse-roll-on-60ml","status":"publish","type":"product","link":"https:\/\/paracherkaoui.ma\/index.php\/produit\/nuxe-huile-prodigieuse-roll-on-60ml\/","title":{"rendered":"NUXE HUILE PRODIGIEUSE ROLL ON 60ML"},"content":{"rendered":"<p>Ce geste ludique et raffin\u00e9 transforme votre routine en un moment de soin sensoriel unique. Enrichie en 7 huiles pr\u00e9cieuses 100 % v\u00e9g\u00e9tales (Tsubaki, Argan, Cam\u00e9lia, Amande douce, Bourrache, Noisette et Macadamia), cette huile s\u00e8che nourrit, r\u00e9pare et sublime en un seul geste, tout en respectant votre peau et vos cheveux.<br \/>\nGr\u00e2ce \u00e0 son applicateur \u00e0 bille pr\u00e9cis, cette version roll-on permet une application cibl\u00e9e et rapide, id\u00e9ale pour hydrater les zones sp\u00e9cifiques comme les bras, le d\u00e9collet\u00e9, les mains ou les pointes des cheveux. Son parfum embl\u00e9matique, aux notes solaires de fleurs d\u2019oranger, de magnolia et de vanille, enveloppe la peau d\u2019une senteur chaude et addictive, \u00e9voquant instantan\u00e9ment le soleil et l\u2019\u00e9t\u00e9.<br \/>\nPlus qu\u2019un simple soin, l\u2019Huile Prodigieuse hydrate durablement, att\u00e9nue l\u2019apparence des vergetures et offre une protection anti-pollution, laissant la peau satin\u00e9e et radieuse sans aucun fini gras. Adapt\u00e9e \u00e0 tous les types de peaux et toutes les carnations, elle devient l\u2019alli\u00e9e id\u00e9ale pour illuminer votre quotidien.<br \/>\nNomade et chic, le format 60 ml est parfait pour l\u2019emporter partout : dans votre sac \u00e0 main, votre valise ou votre trousse de sport. Offrez \u00e0 votre peau et vos cheveux la dose d\u2019\u00e9clat et de soin qu\u2019ils m\u00e9ritent.<br \/>\nConseils d&rsquo;utilisation :<br \/>\nAppliquer directement sur la peau o<br \/>\nMasser doucement pour faire p\u00e9n\u00e9trer l\u2019huile et r\u00e9v\u00e9ler son \u00e9clat satin\u00e9.<br \/>\nSur le visage, appliquer d\u00e9licatement sur les zones s\u00e8ches.<br \/>\nSur le corps, insister sur les bras, jambes ou d\u00e9collet\u00e9.<br \/>\nSur les cheveux, utiliser sur les pointes pour plus de brillance.<br \/>\nComposition :<br \/>\n7 huiles pr\u00e9cieuses 100% v\u00e9g\u00e9tales aux vertus compl\u00e9mentaires, s\u00e9lectionn\u00e9es pour leur affinit\u00e9 avec la peau :<br \/>\n&#8211; Huile de Tsubaki- Huile d&rsquo;Argan- Huile de Macadamia- Huile de Bourrache- Huile de Cam\u00e9lia- Huile de Noisette- Huile d&rsquo;Amande douce<\/p>\n","protected":false},"excerpt":{"rendered":"<p>Ce geste ludique et raffin\u00e9 transforme votre routine en un moment de soin sensoriel unique. Enrichie en 7 huiles pr\u00e9cieuses<\/p>\n","protected":false},"featured_media":33476,"comment_status":"open","ping_status":"closed","template":"","meta":[],"product_brand":[230],"product_cat":[618],"product_tag":[],"class_list":{"0":"post-33431","1":"product","2":"type-product","3":"status-publish","4":"has-post-thumbnail","6":"product_brand-nuxe","7":"product_cat-hydratation-corps-corps","9":"first","10":"instock","11":"sale","12":"shipping-taxable","13":"purchasable","14":"product-type-simple"},"yoast_head":"<!-- This site is optimized with the Yoast SEO plugin v26.6 - https:\/\/yoast.com\/wordpress\/plugins\/seo\/ -->\r\n<title>NUXE HUILE PRODIGIEUSE ROLL ON 60ML - Paracherkaoui.ma<\/title>\r\n<meta name=\"robots\" content=\"index, follow, max-snippet:-1, max-image-preview:large, max-video-preview:-1\" \/>\r\n<link rel=\"canonical\" href=\"https:\/\/paracherkaoui.ma\/index.php\/produit\/nuxe-huile-prodigieuse-roll-on-60ml\/\" \/>\r\n<meta property=\"og:locale\" content=\"fr_FR\" \/>\r\n<meta property=\"og:type\" content=\"article\" \/>\r\n<meta property=\"og:title\" content=\"NUXE HUILE PRODIGIEUSE ROLL ON 60ML - Paracherkaoui.ma\" \/>\r\n<meta property=\"og:description\" content=\"Ce geste ludique et raffin\u00e9 transforme votre routine en un moment de soin sensoriel unique. Enrichie en 7 huiles pr\u00e9cieuses\" \/>\r\n<meta property=\"og:url\" content=\"https:\/\/paracherkaoui.ma\/index.php\/produit\/nuxe-huile-prodigieuse-roll-on-60ml\/\" \/>\r\n<meta property=\"og:site_name\" content=\"Paracherkaoui.ma\" \/>\r\n<meta property=\"article:modified_time\" content=\"2025-12-12T17:41:11+00:00\" \/>\r\n<meta property=\"og:image\" content=\"https:\/\/paracherkaoui.ma\/wp-content\/uploads\/2025\/12\/nuxe-huile-prodigieuse-roll-on-60ml.jpg\" \/>\r\n\t<meta property=\"og:image:width\" content=\"700\" \/>\r\n\t<meta property=\"og:image:height\" content=\"700\" \/>\r\n\t<meta property=\"og:image:type\" content=\"image\/jpeg\" \/>\r\n<meta name=\"twitter:card\" content=\"summary_large_image\" \/>\r\n<meta name=\"twitter:label1\" content=\"Dur\u00e9e de lecture estim\u00e9e\" \/>\n\t<meta name=\"twitter:data1\" content=\"2 minutes\" \/>\r\n<script type=\"application\/ld+json\" class=\"yoast-schema-graph\">{\"@context\":\"https:\/\/schema.org\",\"@graph\":[{\"@type\":\"WebPage\",\"@id\":\"https:\/\/paracherkaoui.ma\/index.php\/produit\/nuxe-huile-prodigieuse-roll-on-60ml\/\",\"url\":\"https:\/\/paracherkaoui.ma\/index.php\/produit\/nuxe-huile-prodigieuse-roll-on-60ml\/\",\"name\":\"NUXE HUILE PRODIGIEUSE ROLL ON 60ML - Paracherkaoui.ma\",\"isPartOf\":{\"@id\":\"https:\/\/paracherkaoui.ma\/#website\"},\"primaryImageOfPage\":{\"@id\":\"https:\/\/paracherkaoui.ma\/index.php\/produit\/nuxe-huile-prodigieuse-roll-on-60ml\/#primaryimage\"},\"image\":{\"@id\":\"https:\/\/paracherkaoui.ma\/index.php\/produit\/nuxe-huile-prodigieuse-roll-on-60ml\/#primaryimage\"},\"thumbnailUrl\":\"https:\/\/paracherkaoui.ma\/wp-content\/uploads\/2025\/12\/nuxe-huile-prodigieuse-roll-on-60ml.jpg\",\"datePublished\":\"2025-12-12T17:41:05+00:00\",\"dateModified\":\"2025-12-12T17:41:11+00:00\",\"breadcrumb\":{\"@id\":\"https:\/\/paracherkaoui.ma\/index.php\/produit\/nuxe-huile-prodigieuse-roll-on-60ml\/#breadcrumb\"},\"inLanguage\":\"fr-FR\",\"potentialAction\":[{\"@type\":\"ReadAction\",\"target\":[\"https:\/\/paracherkaoui.ma\/index.php\/produit\/nuxe-huile-prodigieuse-roll-on-60ml\/\"]}]},{\"@type\":\"ImageObject\",\"inLanguage\":\"fr-FR\",\"@id\":\"https:\/\/paracherkaoui.ma\/index.php\/produit\/nuxe-huile-prodigieuse-roll-on-60ml\/#primaryimage\",\"url\":\"https:\/\/paracherkaoui.ma\/wp-content\/uploads\/2025\/12\/nuxe-huile-prodigieuse-roll-on-60ml.jpg\",\"contentUrl\":\"https:\/\/paracherkaoui.ma\/wp-content\/uploads\/2025\/12\/nuxe-huile-prodigieuse-roll-on-60ml.jpg\",\"width\":700,\"height\":700},{\"@type\":\"BreadcrumbList\",\"@id\":\"https:\/\/paracherkaoui.ma\/index.php\/produit\/nuxe-huile-prodigieuse-roll-on-60ml\/#breadcrumb\",\"itemListElement\":[{\"@type\":\"ListItem\",\"position\":1,\"name\":\"Accueil\",\"item\":\"https:\/\/paracherkaoui.ma\/\"},{\"@type\":\"ListItem\",\"position\":2,\"name\":\"Boutique\",\"item\":\"https:\/\/paracherkaoui.ma\/index.php\/boutique\/\"},{\"@type\":\"ListItem\",\"position\":3,\"name\":\"NUXE HUILE PRODIGIEUSE ROLL ON 60ML\"}]},{\"@type\":\"WebSite\",\"@id\":\"https:\/\/paracherkaoui.ma\/#website\",\"url\":\"https:\/\/paracherkaoui.ma\/\",\"name\":\"Paracherkaoui.ma\",\"description\":\"Achetez en ligne sur Paracherkaoui.ma\",\"potentialAction\":[{\"@type\":\"SearchAction\",\"target\":{\"@type\":\"EntryPoint\",\"urlTemplate\":\"https:\/\/paracherkaoui.ma\/?s={search_term_string}\"},\"query-input\":{\"@type\":\"PropertyValueSpecification\",\"valueRequired\":true,\"valueName\":\"search_term_string\"}}],\"inLanguage\":\"fr-FR\"}]}<\/script>\r\n<!-- \/ Yoast SEO plugin. -->","yoast_head_json":{"title":"NUXE HUILE PRODIGIEUSE ROLL ON 60ML - Paracherkaoui.ma","robots":{"index":"index","follow":"follow","max-snippet":"max-snippet:-1","max-image-preview":"max-image-preview:large","max-video-preview":"max-video-preview:-1"},"canonical":"https:\/\/paracherkaoui.ma\/index.php\/produit\/nuxe-huile-prodigieuse-roll-on-60ml\/","og_locale":"fr_FR","og_type":"article","og_title":"NUXE HUILE PRODIGIEUSE ROLL ON 60ML - Paracherkaoui.ma","og_description":"Ce geste ludique et raffin\u00e9 transforme votre routine en un moment de soin sensoriel unique. Enrichie en 7 huiles pr\u00e9cieuses","og_url":"https:\/\/paracherkaoui.ma\/index.php\/produit\/nuxe-huile-prodigieuse-roll-on-60ml\/","og_site_name":"Paracherkaoui.ma","article_modified_time":"2025-12-12T17:41:11+00:00","og_image":[{"width":700,"height":700,"url":"https:\/\/paracherkaoui.ma\/wp-content\/uploads\/2025\/12\/nuxe-huile-prodigieuse-roll-on-60ml.jpg","type":"image\/jpeg"}],"twitter_card":"summary_large_image","twitter_misc":{"Dur\u00e9e de lecture estim\u00e9e":"2 minutes"},"schema":{"@context":"https:\/\/schema.org","@graph":[{"@type":"WebPage","@id":"https:\/\/paracherkaoui.ma\/index.php\/produit\/nuxe-huile-prodigieuse-roll-on-60ml\/","url":"https:\/\/paracherkaoui.ma\/index.php\/produit\/nuxe-huile-prodigieuse-roll-on-60ml\/","name":"NUXE HUILE PRODIGIEUSE ROLL ON 60ML - Paracherkaoui.ma","isPartOf":{"@id":"https:\/\/paracherkaoui.ma\/#website"},"primaryImageOfPage":{"@id":"https:\/\/paracherkaoui.ma\/index.php\/produit\/nuxe-huile-prodigieuse-roll-on-60ml\/#primaryimage"},"image":{"@id":"https:\/\/paracherkaoui.ma\/index.php\/produit\/nuxe-huile-prodigieuse-roll-on-60ml\/#primaryimage"},"thumbnailUrl":"https:\/\/paracherkaoui.ma\/wp-content\/uploads\/2025\/12\/nuxe-huile-prodigieuse-roll-on-60ml.jpg","datePublished":"2025-12-12T17:41:05+00:00","dateModified":"2025-12-12T17:41:11+00:00","breadcrumb":{"@id":"https:\/\/paracherkaoui.ma\/index.php\/produit\/nuxe-huile-prodigieuse-roll-on-60ml\/#breadcrumb"},"inLanguage":"fr-FR","potentialAction":[{"@type":"ReadAction","target":["https:\/\/paracherkaoui.ma\/index.php\/produit\/nuxe-huile-prodigieuse-roll-on-60ml\/"]}]},{"@type":"ImageObject","inLanguage":"fr-FR","@id":"https:\/\/paracherkaoui.ma\/index.php\/produit\/nuxe-huile-prodigieuse-roll-on-60ml\/#primaryimage","url":"https:\/\/paracherkaoui.ma\/wp-content\/uploads\/2025\/12\/nuxe-huile-prodigieuse-roll-on-60ml.jpg","contentUrl":"https:\/\/paracherkaoui.ma\/wp-content\/uploads\/2025\/12\/nuxe-huile-prodigieuse-roll-on-60ml.jpg","width":700,"height":700},{"@type":"BreadcrumbList","@id":"https:\/\/paracherkaoui.ma\/index.php\/produit\/nuxe-huile-prodigieuse-roll-on-60ml\/#breadcrumb","itemListElement":[{"@type":"ListItem","position":1,"name":"Accueil","item":"https:\/\/paracherkaoui.ma\/"},{"@type":"ListItem","position":2,"name":"Boutique","item":"https:\/\/paracherkaoui.ma\/index.php\/boutique\/"},{"@type":"ListItem","position":3,"name":"NUXE HUILE PRODIGIEUSE ROLL ON 60ML"}]},{"@type":"WebSite","@id":"https:\/\/paracherkaoui.ma\/#website","url":"https:\/\/paracherkaoui.ma\/","name":"Paracherkaoui.ma","description":"Achetez en ligne sur Paracherkaoui.ma","potentialAction":[{"@type":"SearchAction","target":{"@type":"EntryPoint","urlTemplate":"https:\/\/paracherkaoui.ma\/?s={search_term_string}"},"query-input":{"@type":"PropertyValueSpecification","valueRequired":true,"valueName":"search_term_string"}}],"inLanguage":"fr-FR"}]}},"_links":{"self":[{"href":"https:\/\/paracherkaoui.ma\/index.php\/wp-json\/wp\/v2\/product\/33431","targetHints":{"allow":["GET"]}}],"collection":[{"href":"https:\/\/paracherkaoui.ma\/index.php\/wp-json\/wp\/v2\/product"}],"about":[{"href":"https:\/\/paracherkaoui.ma\/index.php\/wp-json\/wp\/v2\/types\/product"}],"replies":[{"embeddable":true,"href":"https:\/\/paracherkaoui.ma\/index.php\/wp-json\/wp\/v2\/comments?post=33431"}],"version-history":[{"count":1,"href":"https:\/\/paracherkaoui.ma\/index.php\/wp-json\/wp\/v2\/product\/33431\/revisions"}],"predecessor-version":[{"id":33477,"href":"https:\/\/paracherkaoui.ma\/index.php\/wp-json\/wp\/v2\/product\/33431\/revisions\/33477"}],"wp:featuredmedia":[{"embeddable":true,"href":"https:\/\/paracherkaoui.ma\/index.php\/wp-json\/wp\/v2\/media\/33476"}],"wp:attachment":[{"href":"https:\/\/paracherkaoui.ma\/index.php\/wp-json\/wp\/v2\/media?parent=33431"}],"wp:term":[{"taxonomy":"product_brand","embeddable":true,"href":"https:\/\/paracherkaoui.ma\/index.php\/wp-json\/wp\/v2\/product_brand?post=33431"},{"taxonomy":"product_cat","embeddable":true,"href":"https:\/\/paracherkaoui.ma\/index.php\/wp-json\/wp\/v2\/product_cat?post=33431"},{"taxonomy":"product_tag","embeddable":true,"href":"https:\/\/paracherkaoui.ma\/index.php\/wp-json\/wp\/v2\/product_tag?post=33431"}],"curies":[{"name":"wp","href":"https:\/\/api.w.org\/{rel}","templated":true}]}}