{"id":33423,"date":"2025-12-12T18:41:05","date_gmt":"2025-12-12T17:41:05","guid":{"rendered":"https:\/\/test.ecbeaute.com\/?post_type=product&#038;p=33423"},"modified":"2025-12-12T18:41:09","modified_gmt":"2025-12-12T17:41:09","slug":"codexial-enocare-pro-creme-barriere-nourrissante-et-reparatrice","status":"publish","type":"product","link":"https:\/\/paracherkaoui.ma\/index.php\/produit\/codexial-enocare-pro-creme-barriere-nourrissante-et-reparatrice\/","title":{"rendered":"CODEXIAL ENOCARE PRO CREME BARRIERE NOURRISSANTE ET REPARATRICE"},"content":{"rendered":"<p>Gr\u00e2ce \u00e0 sa composition unique d&rsquo;actifs, Onguent Karit\u00e9 est le parfait alli\u00e9 pour\u00a0traiter les zones localis\u00e9es avec apparition de fissures et de crevasses*\u00a0caus\u00e9es par des agressions quotidiennes (frottements r\u00e9p\u00e9t\u00e9s, lavages fr\u00e9quents, activit\u00e9s professionnelles, conditions climatiques, etc).<br \/>\nSon complexe brevet\u00e9 Ol\u00e9o-Barri\u00e8re\u00a0pr\u00e9sente des propri\u00e9t\u00e9s apaisantes et assainissantes, pour une peau confortable et des sensations de d\u00e9mangeaison, d&rsquo;irritation et\/ou de tiraillement att\u00e9nu\u00e9es.<br \/>\nCombinant acide hyaluronique et glyc\u00e9rine\u00a0(25%), deux actifs au fort pouvoir hydratant, Onguent Karit\u00e9 restaure intens\u00e9ment la barri\u00e8re cutan\u00e9e.\u00a0De la m\u00eame fa\u00e7on qu&rsquo;il nourrit, r\u00e9pare et r\u00e9hydrate les zones corporelles tr\u00e8s dess\u00e9ch\u00e9es, avec la pr\u00e9sence de 8% de beurre de karit\u00e9 et de provitamine B5\u00a0dans sa formule.<br \/>\nConseils d&rsquo;utilisation:<br \/>\nRecouvrir d&rsquo;une \u00e9paisse couche de cr\u00e8me les zones fissur\u00e9es et crevass\u00e9es, masser d\u00e9licatement puis laisser l&rsquo;Onguent Karit\u00e9 agir. Renouvelez l&rsquo;application autant de fois que n\u00e9cessaire.<\/p>\n","protected":false},"excerpt":{"rendered":"<p>Gr\u00e2ce \u00e0 sa composition unique d&rsquo;actifs, Onguent Karit\u00e9 est le parfait alli\u00e9 pour\u00a0traiter les zones localis\u00e9es avec apparition de fissures<\/p>\n","protected":false},"featured_media":33463,"comment_status":"open","ping_status":"closed","template":"","meta":[],"product_brand":[367],"product_cat":[618],"product_tag":[],"class_list":{"0":"post-33423","1":"product","2":"type-product","3":"status-publish","4":"has-post-thumbnail","6":"product_brand-codexial","7":"product_cat-hydratation-corps-corps","9":"first","10":"instock","11":"sale","12":"shipping-taxable","13":"purchasable","14":"product-type-simple"},"yoast_head":"<!-- This site is optimized with the Yoast SEO plugin v26.6 - https:\/\/yoast.com\/wordpress\/plugins\/seo\/ -->\r\n<title>CODEXIAL ENOCARE PRO CREME BARRIERE NOURRISSANTE ET REPARATRICE - Paracherkaoui.ma<\/title>\r\n<meta name=\"robots\" content=\"index, follow, max-snippet:-1, max-image-preview:large, max-video-preview:-1\" \/>\r\n<link rel=\"canonical\" href=\"https:\/\/paracherkaoui.ma\/index.php\/produit\/codexial-enocare-pro-creme-barriere-nourrissante-et-reparatrice\/\" \/>\r\n<meta property=\"og:locale\" content=\"fr_FR\" \/>\r\n<meta property=\"og:type\" content=\"article\" \/>\r\n<meta property=\"og:title\" content=\"CODEXIAL ENOCARE PRO CREME BARRIERE NOURRISSANTE ET REPARATRICE - Paracherkaoui.ma\" \/>\r\n<meta property=\"og:description\" content=\"Gr\u00e2ce \u00e0 sa composition unique d&rsquo;actifs, Onguent Karit\u00e9 est le parfait alli\u00e9 pour\u00a0traiter les zones localis\u00e9es avec apparition de fissures\" \/>\r\n<meta property=\"og:url\" content=\"https:\/\/paracherkaoui.ma\/index.php\/produit\/codexial-enocare-pro-creme-barriere-nourrissante-et-reparatrice\/\" \/>\r\n<meta property=\"og:site_name\" content=\"Paracherkaoui.ma\" \/>\r\n<meta property=\"article:modified_time\" content=\"2025-12-12T17:41:09+00:00\" \/>\r\n<meta property=\"og:image\" content=\"https:\/\/paracherkaoui.ma\/wp-content\/uploads\/2025\/12\/codexial-codexial-enocare-pro-creme-barriere-nourrissante-et-reparatrice-hydratation-corps.jpg\" \/>\r\n\t<meta property=\"og:image:width\" content=\"700\" \/>\r\n\t<meta property=\"og:image:height\" content=\"700\" \/>\r\n\t<meta property=\"og:image:type\" content=\"image\/jpeg\" \/>\r\n<meta name=\"twitter:card\" content=\"summary_large_image\" \/>\r\n<meta name=\"twitter:label1\" content=\"Dur\u00e9e de lecture estim\u00e9e\" \/>\n\t<meta name=\"twitter:data1\" content=\"1 minute\" \/>\r\n<script type=\"application\/ld+json\" class=\"yoast-schema-graph\">{\"@context\":\"https:\/\/schema.org\",\"@graph\":[{\"@type\":\"WebPage\",\"@id\":\"https:\/\/paracherkaoui.ma\/index.php\/produit\/codexial-enocare-pro-creme-barriere-nourrissante-et-reparatrice\/\",\"url\":\"https:\/\/paracherkaoui.ma\/index.php\/produit\/codexial-enocare-pro-creme-barriere-nourrissante-et-reparatrice\/\",\"name\":\"CODEXIAL ENOCARE PRO CREME BARRIERE NOURRISSANTE ET REPARATRICE - Paracherkaoui.ma\",\"isPartOf\":{\"@id\":\"https:\/\/paracherkaoui.ma\/#website\"},\"primaryImageOfPage\":{\"@id\":\"https:\/\/paracherkaoui.ma\/index.php\/produit\/codexial-enocare-pro-creme-barriere-nourrissante-et-reparatrice\/#primaryimage\"},\"image\":{\"@id\":\"https:\/\/paracherkaoui.ma\/index.php\/produit\/codexial-enocare-pro-creme-barriere-nourrissante-et-reparatrice\/#primaryimage\"},\"thumbnailUrl\":\"https:\/\/paracherkaoui.ma\/wp-content\/uploads\/2025\/12\/codexial-codexial-enocare-pro-creme-barriere-nourrissante-et-reparatrice-hydratation-corps.jpg\",\"datePublished\":\"2025-12-12T17:41:05+00:00\",\"dateModified\":\"2025-12-12T17:41:09+00:00\",\"breadcrumb\":{\"@id\":\"https:\/\/paracherkaoui.ma\/index.php\/produit\/codexial-enocare-pro-creme-barriere-nourrissante-et-reparatrice\/#breadcrumb\"},\"inLanguage\":\"fr-FR\",\"potentialAction\":[{\"@type\":\"ReadAction\",\"target\":[\"https:\/\/paracherkaoui.ma\/index.php\/produit\/codexial-enocare-pro-creme-barriere-nourrissante-et-reparatrice\/\"]}]},{\"@type\":\"ImageObject\",\"inLanguage\":\"fr-FR\",\"@id\":\"https:\/\/paracherkaoui.ma\/index.php\/produit\/codexial-enocare-pro-creme-barriere-nourrissante-et-reparatrice\/#primaryimage\",\"url\":\"https:\/\/paracherkaoui.ma\/wp-content\/uploads\/2025\/12\/codexial-codexial-enocare-pro-creme-barriere-nourrissante-et-reparatrice-hydratation-corps.jpg\",\"contentUrl\":\"https:\/\/paracherkaoui.ma\/wp-content\/uploads\/2025\/12\/codexial-codexial-enocare-pro-creme-barriere-nourrissante-et-reparatrice-hydratation-corps.jpg\",\"width\":700,\"height\":700},{\"@type\":\"BreadcrumbList\",\"@id\":\"https:\/\/paracherkaoui.ma\/index.php\/produit\/codexial-enocare-pro-creme-barriere-nourrissante-et-reparatrice\/#breadcrumb\",\"itemListElement\":[{\"@type\":\"ListItem\",\"position\":1,\"name\":\"Accueil\",\"item\":\"https:\/\/paracherkaoui.ma\/\"},{\"@type\":\"ListItem\",\"position\":2,\"name\":\"Boutique\",\"item\":\"https:\/\/paracherkaoui.ma\/index.php\/boutique\/\"},{\"@type\":\"ListItem\",\"position\":3,\"name\":\"CODEXIAL ENOCARE PRO CREME BARRIERE NOURRISSANTE ET REPARATRICE\"}]},{\"@type\":\"WebSite\",\"@id\":\"https:\/\/paracherkaoui.ma\/#website\",\"url\":\"https:\/\/paracherkaoui.ma\/\",\"name\":\"Paracherkaoui.ma\",\"description\":\"Achetez en ligne sur Paracherkaoui.ma\",\"potentialAction\":[{\"@type\":\"SearchAction\",\"target\":{\"@type\":\"EntryPoint\",\"urlTemplate\":\"https:\/\/paracherkaoui.ma\/?s={search_term_string}\"},\"query-input\":{\"@type\":\"PropertyValueSpecification\",\"valueRequired\":true,\"valueName\":\"search_term_string\"}}],\"inLanguage\":\"fr-FR\"}]}<\/script>\r\n<!-- \/ Yoast SEO plugin. -->","yoast_head_json":{"title":"CODEXIAL ENOCARE PRO CREME BARRIERE NOURRISSANTE ET REPARATRICE - Paracherkaoui.ma","robots":{"index":"index","follow":"follow","max-snippet":"max-snippet:-1","max-image-preview":"max-image-preview:large","max-video-preview":"max-video-preview:-1"},"canonical":"https:\/\/paracherkaoui.ma\/index.php\/produit\/codexial-enocare-pro-creme-barriere-nourrissante-et-reparatrice\/","og_locale":"fr_FR","og_type":"article","og_title":"CODEXIAL ENOCARE PRO CREME BARRIERE NOURRISSANTE ET REPARATRICE - Paracherkaoui.ma","og_description":"Gr\u00e2ce \u00e0 sa composition unique d&rsquo;actifs, Onguent Karit\u00e9 est le parfait alli\u00e9 pour\u00a0traiter les zones localis\u00e9es avec apparition de fissures","og_url":"https:\/\/paracherkaoui.ma\/index.php\/produit\/codexial-enocare-pro-creme-barriere-nourrissante-et-reparatrice\/","og_site_name":"Paracherkaoui.ma","article_modified_time":"2025-12-12T17:41:09+00:00","og_image":[{"width":700,"height":700,"url":"https:\/\/paracherkaoui.ma\/wp-content\/uploads\/2025\/12\/codexial-codexial-enocare-pro-creme-barriere-nourrissante-et-reparatrice-hydratation-corps.jpg","type":"image\/jpeg"}],"twitter_card":"summary_large_image","twitter_misc":{"Dur\u00e9e de lecture estim\u00e9e":"1 minute"},"schema":{"@context":"https:\/\/schema.org","@graph":[{"@type":"WebPage","@id":"https:\/\/paracherkaoui.ma\/index.php\/produit\/codexial-enocare-pro-creme-barriere-nourrissante-et-reparatrice\/","url":"https:\/\/paracherkaoui.ma\/index.php\/produit\/codexial-enocare-pro-creme-barriere-nourrissante-et-reparatrice\/","name":"CODEXIAL ENOCARE PRO CREME BARRIERE NOURRISSANTE ET REPARATRICE - Paracherkaoui.ma","isPartOf":{"@id":"https:\/\/paracherkaoui.ma\/#website"},"primaryImageOfPage":{"@id":"https:\/\/paracherkaoui.ma\/index.php\/produit\/codexial-enocare-pro-creme-barriere-nourrissante-et-reparatrice\/#primaryimage"},"image":{"@id":"https:\/\/paracherkaoui.ma\/index.php\/produit\/codexial-enocare-pro-creme-barriere-nourrissante-et-reparatrice\/#primaryimage"},"thumbnailUrl":"https:\/\/paracherkaoui.ma\/wp-content\/uploads\/2025\/12\/codexial-codexial-enocare-pro-creme-barriere-nourrissante-et-reparatrice-hydratation-corps.jpg","datePublished":"2025-12-12T17:41:05+00:00","dateModified":"2025-12-12T17:41:09+00:00","breadcrumb":{"@id":"https:\/\/paracherkaoui.ma\/index.php\/produit\/codexial-enocare-pro-creme-barriere-nourrissante-et-reparatrice\/#breadcrumb"},"inLanguage":"fr-FR","potentialAction":[{"@type":"ReadAction","target":["https:\/\/paracherkaoui.ma\/index.php\/produit\/codexial-enocare-pro-creme-barriere-nourrissante-et-reparatrice\/"]}]},{"@type":"ImageObject","inLanguage":"fr-FR","@id":"https:\/\/paracherkaoui.ma\/index.php\/produit\/codexial-enocare-pro-creme-barriere-nourrissante-et-reparatrice\/#primaryimage","url":"https:\/\/paracherkaoui.ma\/wp-content\/uploads\/2025\/12\/codexial-codexial-enocare-pro-creme-barriere-nourrissante-et-reparatrice-hydratation-corps.jpg","contentUrl":"https:\/\/paracherkaoui.ma\/wp-content\/uploads\/2025\/12\/codexial-codexial-enocare-pro-creme-barriere-nourrissante-et-reparatrice-hydratation-corps.jpg","width":700,"height":700},{"@type":"BreadcrumbList","@id":"https:\/\/paracherkaoui.ma\/index.php\/produit\/codexial-enocare-pro-creme-barriere-nourrissante-et-reparatrice\/#breadcrumb","itemListElement":[{"@type":"ListItem","position":1,"name":"Accueil","item":"https:\/\/paracherkaoui.ma\/"},{"@type":"ListItem","position":2,"name":"Boutique","item":"https:\/\/paracherkaoui.ma\/index.php\/boutique\/"},{"@type":"ListItem","position":3,"name":"CODEXIAL ENOCARE PRO CREME BARRIERE NOURRISSANTE ET REPARATRICE"}]},{"@type":"WebSite","@id":"https:\/\/paracherkaoui.ma\/#website","url":"https:\/\/paracherkaoui.ma\/","name":"Paracherkaoui.ma","description":"Achetez en ligne sur Paracherkaoui.ma","potentialAction":[{"@type":"SearchAction","target":{"@type":"EntryPoint","urlTemplate":"https:\/\/paracherkaoui.ma\/?s={search_term_string}"},"query-input":{"@type":"PropertyValueSpecification","valueRequired":true,"valueName":"search_term_string"}}],"inLanguage":"fr-FR"}]}},"_links":{"self":[{"href":"https:\/\/paracherkaoui.ma\/index.php\/wp-json\/wp\/v2\/product\/33423","targetHints":{"allow":["GET"]}}],"collection":[{"href":"https:\/\/paracherkaoui.ma\/index.php\/wp-json\/wp\/v2\/product"}],"about":[{"href":"https:\/\/paracherkaoui.ma\/index.php\/wp-json\/wp\/v2\/types\/product"}],"replies":[{"embeddable":true,"href":"https:\/\/paracherkaoui.ma\/index.php\/wp-json\/wp\/v2\/comments?post=33423"}],"version-history":[{"count":1,"href":"https:\/\/paracherkaoui.ma\/index.php\/wp-json\/wp\/v2\/product\/33423\/revisions"}],"predecessor-version":[{"id":33464,"href":"https:\/\/paracherkaoui.ma\/index.php\/wp-json\/wp\/v2\/product\/33423\/revisions\/33464"}],"wp:featuredmedia":[{"embeddable":true,"href":"https:\/\/paracherkaoui.ma\/index.php\/wp-json\/wp\/v2\/media\/33463"}],"wp:attachment":[{"href":"https:\/\/paracherkaoui.ma\/index.php\/wp-json\/wp\/v2\/media?parent=33423"}],"wp:term":[{"taxonomy":"product_brand","embeddable":true,"href":"https:\/\/paracherkaoui.ma\/index.php\/wp-json\/wp\/v2\/product_brand?post=33423"},{"taxonomy":"product_cat","embeddable":true,"href":"https:\/\/paracherkaoui.ma\/index.php\/wp-json\/wp\/v2\/product_cat?post=33423"},{"taxonomy":"product_tag","embeddable":true,"href":"https:\/\/paracherkaoui.ma\/index.php\/wp-json\/wp\/v2\/product_tag?post=33423"}],"curies":[{"name":"wp","href":"https:\/\/api.w.org\/{rel}","templated":true}]}}