{"id":33415,"date":"2025-12-12T18:41:04","date_gmt":"2025-12-12T17:41:04","guid":{"rendered":"https:\/\/test.ecbeaute.com\/?post_type=product&#038;p=33415"},"modified":"2025-12-12T18:41:07","modified_gmt":"2025-12-12T17:41:07","slug":"nuxe-huile-prodigieuse-vaporisateur-100-ml","status":"publish","type":"product","link":"https:\/\/paracherkaoui.ma\/index.php\/produit\/nuxe-huile-prodigieuse-vaporisateur-100-ml\/","title":{"rendered":"NUXE HUILE PRODIGIEUSE VAPORISATEUR 100 ML"},"content":{"rendered":"<p>INDICATIONS :<br \/>\nFormul\u00e9e avec de l&rsquo;Huile de Tsubaki hautement nourrissante, l&rsquo;Huile Prodigieuse\u00ae Riche nourrit intens\u00e9ment la peau du visage, du corps et les cheveux, r\u00e9pare et assouplit. En un seul geste, la peau est plus belle : unifi\u00e9e et satin\u00e9e. Utilis\u00e9e en huile capillaire, l&rsquo;Huile Prodigieuse\u00ae Riche rend les cheveux souples et brillants. L&rsquo;Huile Prodigieuse\u00ae Riche a \u00e9galement prouv\u00e9 son efficacit\u00e9 anti-oxydante ainsi que son efficacit\u00e9 sur la r\u00e9duction de l&rsquo;apparence des vergetures.<br \/>\nPR\u00c9SENTATION :<br \/>\n1 Flacon de 100 ml<br \/>\nAVIS :<br \/>\nCe produit est recommand\u00e9 par les testeuses du Laboratoire Parashop. D\u00e9couvrez leurs avis :\u00a0ici<br \/>\nCOMPOSITION :<br \/>\nCAPRYLIC\/CAPRIC TRIGLYCERIDE, MACADAMIA INTEGRIFOLIA SEED OIL, DECYL OLEATE, OLEIC\/LINOLEIC\/LINOLENIC POLYGLYCERIDES, PRUNUS AMYGDALUS DULCIS (SWEET ALMOND) OIL, CORYLUS AVELLANA (HAZEL) SEED OIL, CAMELLIA OLEIFERA SEED OIL, PARFUM\/FRAGRANCE, CAMELLIA JAPONICA SEED OIL, TOCOPHEROL, ARGANIA SPINOSA KERNEL OIL, BORAGO OFFICINALIS SEED OIL, TOCOPHERYL ACETATE, HELIANTHUS ANNUUS (SUNFLOWER) SEED OIL, ROSMARINUS OFFICINALIS (ROSEMARY) LEAF EXTRACT, POLYGLYCERYL-3 DIISOSTEARATE, ASCORBIC ACID, SOLANUM LYCOPERSICUM (TOMATO) FRUIT EXTRACT, BENZYL SALICYLATE, LINALOOL, LIMONENE, CITRONELLOL, GERANIOL [N2214\/A].<\/p>\n","protected":false},"excerpt":{"rendered":"<p>INDICATIONS : Formul\u00e9e avec de l&rsquo;Huile de Tsubaki hautement nourrissante, l&rsquo;Huile Prodigieuse\u00ae Riche nourrit intens\u00e9ment la peau du visage, du<\/p>\n","protected":false},"featured_media":33450,"comment_status":"open","ping_status":"closed","template":"","meta":[],"product_brand":[230],"product_cat":[618],"product_tag":[],"class_list":{"0":"post-33415","1":"product","2":"type-product","3":"status-publish","4":"has-post-thumbnail","6":"product_brand-nuxe","7":"product_cat-hydratation-corps-corps","9":"first","10":"instock","11":"sale","12":"shipping-taxable","13":"purchasable","14":"product-type-simple"},"yoast_head":"<!-- This site is optimized with the Yoast SEO plugin v26.6 - https:\/\/yoast.com\/wordpress\/plugins\/seo\/ -->\r\n<title>NUXE HUILE PRODIGIEUSE VAPORISATEUR 100 ML - Paracherkaoui.ma<\/title>\r\n<meta name=\"robots\" content=\"index, follow, max-snippet:-1, max-image-preview:large, max-video-preview:-1\" \/>\r\n<link rel=\"canonical\" href=\"https:\/\/paracherkaoui.ma\/index.php\/produit\/nuxe-huile-prodigieuse-vaporisateur-100-ml\/\" \/>\r\n<meta property=\"og:locale\" content=\"fr_FR\" \/>\r\n<meta property=\"og:type\" content=\"article\" \/>\r\n<meta property=\"og:title\" content=\"NUXE HUILE PRODIGIEUSE VAPORISATEUR 100 ML - Paracherkaoui.ma\" \/>\r\n<meta property=\"og:description\" content=\"INDICATIONS : Formul\u00e9e avec de l&rsquo;Huile de Tsubaki hautement nourrissante, l&rsquo;Huile Prodigieuse\u00ae Riche nourrit intens\u00e9ment la peau du visage, du\" \/>\r\n<meta property=\"og:url\" content=\"https:\/\/paracherkaoui.ma\/index.php\/produit\/nuxe-huile-prodigieuse-vaporisateur-100-ml\/\" \/>\r\n<meta property=\"og:site_name\" content=\"Paracherkaoui.ma\" \/>\r\n<meta property=\"article:modified_time\" content=\"2025-12-12T17:41:07+00:00\" \/>\r\n<meta property=\"og:image\" content=\"https:\/\/paracherkaoui.ma\/wp-content\/uploads\/2025\/12\/nuxe-nuxe-huile-prodigieuse-vaporisateur-100-ml-hydratation-corps.jpg\" \/>\r\n\t<meta property=\"og:image:width\" content=\"700\" \/>\r\n\t<meta property=\"og:image:height\" content=\"700\" \/>\r\n\t<meta property=\"og:image:type\" content=\"image\/jpeg\" \/>\r\n<meta name=\"twitter:card\" content=\"summary_large_image\" \/>\r\n<meta name=\"twitter:label1\" content=\"Dur\u00e9e de lecture estim\u00e9e\" \/>\n\t<meta name=\"twitter:data1\" content=\"1 minute\" \/>\r\n<script type=\"application\/ld+json\" class=\"yoast-schema-graph\">{\"@context\":\"https:\/\/schema.org\",\"@graph\":[{\"@type\":\"WebPage\",\"@id\":\"https:\/\/paracherkaoui.ma\/index.php\/produit\/nuxe-huile-prodigieuse-vaporisateur-100-ml\/\",\"url\":\"https:\/\/paracherkaoui.ma\/index.php\/produit\/nuxe-huile-prodigieuse-vaporisateur-100-ml\/\",\"name\":\"NUXE HUILE PRODIGIEUSE VAPORISATEUR 100 ML - Paracherkaoui.ma\",\"isPartOf\":{\"@id\":\"https:\/\/paracherkaoui.ma\/#website\"},\"primaryImageOfPage\":{\"@id\":\"https:\/\/paracherkaoui.ma\/index.php\/produit\/nuxe-huile-prodigieuse-vaporisateur-100-ml\/#primaryimage\"},\"image\":{\"@id\":\"https:\/\/paracherkaoui.ma\/index.php\/produit\/nuxe-huile-prodigieuse-vaporisateur-100-ml\/#primaryimage\"},\"thumbnailUrl\":\"https:\/\/paracherkaoui.ma\/wp-content\/uploads\/2025\/12\/nuxe-nuxe-huile-prodigieuse-vaporisateur-100-ml-hydratation-corps.jpg\",\"datePublished\":\"2025-12-12T17:41:04+00:00\",\"dateModified\":\"2025-12-12T17:41:07+00:00\",\"breadcrumb\":{\"@id\":\"https:\/\/paracherkaoui.ma\/index.php\/produit\/nuxe-huile-prodigieuse-vaporisateur-100-ml\/#breadcrumb\"},\"inLanguage\":\"fr-FR\",\"potentialAction\":[{\"@type\":\"ReadAction\",\"target\":[\"https:\/\/paracherkaoui.ma\/index.php\/produit\/nuxe-huile-prodigieuse-vaporisateur-100-ml\/\"]}]},{\"@type\":\"ImageObject\",\"inLanguage\":\"fr-FR\",\"@id\":\"https:\/\/paracherkaoui.ma\/index.php\/produit\/nuxe-huile-prodigieuse-vaporisateur-100-ml\/#primaryimage\",\"url\":\"https:\/\/paracherkaoui.ma\/wp-content\/uploads\/2025\/12\/nuxe-nuxe-huile-prodigieuse-vaporisateur-100-ml-hydratation-corps.jpg\",\"contentUrl\":\"https:\/\/paracherkaoui.ma\/wp-content\/uploads\/2025\/12\/nuxe-nuxe-huile-prodigieuse-vaporisateur-100-ml-hydratation-corps.jpg\",\"width\":700,\"height\":700},{\"@type\":\"BreadcrumbList\",\"@id\":\"https:\/\/paracherkaoui.ma\/index.php\/produit\/nuxe-huile-prodigieuse-vaporisateur-100-ml\/#breadcrumb\",\"itemListElement\":[{\"@type\":\"ListItem\",\"position\":1,\"name\":\"Accueil\",\"item\":\"https:\/\/paracherkaoui.ma\/\"},{\"@type\":\"ListItem\",\"position\":2,\"name\":\"Boutique\",\"item\":\"https:\/\/paracherkaoui.ma\/index.php\/boutique\/\"},{\"@type\":\"ListItem\",\"position\":3,\"name\":\"NUXE HUILE PRODIGIEUSE VAPORISATEUR 100 ML\"}]},{\"@type\":\"WebSite\",\"@id\":\"https:\/\/paracherkaoui.ma\/#website\",\"url\":\"https:\/\/paracherkaoui.ma\/\",\"name\":\"Paracherkaoui.ma\",\"description\":\"Achetez en ligne sur Paracherkaoui.ma\",\"potentialAction\":[{\"@type\":\"SearchAction\",\"target\":{\"@type\":\"EntryPoint\",\"urlTemplate\":\"https:\/\/paracherkaoui.ma\/?s={search_term_string}\"},\"query-input\":{\"@type\":\"PropertyValueSpecification\",\"valueRequired\":true,\"valueName\":\"search_term_string\"}}],\"inLanguage\":\"fr-FR\"}]}<\/script>\r\n<!-- \/ Yoast SEO plugin. -->","yoast_head_json":{"title":"NUXE HUILE PRODIGIEUSE VAPORISATEUR 100 ML - Paracherkaoui.ma","robots":{"index":"index","follow":"follow","max-snippet":"max-snippet:-1","max-image-preview":"max-image-preview:large","max-video-preview":"max-video-preview:-1"},"canonical":"https:\/\/paracherkaoui.ma\/index.php\/produit\/nuxe-huile-prodigieuse-vaporisateur-100-ml\/","og_locale":"fr_FR","og_type":"article","og_title":"NUXE HUILE PRODIGIEUSE VAPORISATEUR 100 ML - Paracherkaoui.ma","og_description":"INDICATIONS : Formul\u00e9e avec de l&rsquo;Huile de Tsubaki hautement nourrissante, l&rsquo;Huile Prodigieuse\u00ae Riche nourrit intens\u00e9ment la peau du visage, du","og_url":"https:\/\/paracherkaoui.ma\/index.php\/produit\/nuxe-huile-prodigieuse-vaporisateur-100-ml\/","og_site_name":"Paracherkaoui.ma","article_modified_time":"2025-12-12T17:41:07+00:00","og_image":[{"width":700,"height":700,"url":"https:\/\/paracherkaoui.ma\/wp-content\/uploads\/2025\/12\/nuxe-nuxe-huile-prodigieuse-vaporisateur-100-ml-hydratation-corps.jpg","type":"image\/jpeg"}],"twitter_card":"summary_large_image","twitter_misc":{"Dur\u00e9e de lecture estim\u00e9e":"1 minute"},"schema":{"@context":"https:\/\/schema.org","@graph":[{"@type":"WebPage","@id":"https:\/\/paracherkaoui.ma\/index.php\/produit\/nuxe-huile-prodigieuse-vaporisateur-100-ml\/","url":"https:\/\/paracherkaoui.ma\/index.php\/produit\/nuxe-huile-prodigieuse-vaporisateur-100-ml\/","name":"NUXE HUILE PRODIGIEUSE VAPORISATEUR 100 ML - Paracherkaoui.ma","isPartOf":{"@id":"https:\/\/paracherkaoui.ma\/#website"},"primaryImageOfPage":{"@id":"https:\/\/paracherkaoui.ma\/index.php\/produit\/nuxe-huile-prodigieuse-vaporisateur-100-ml\/#primaryimage"},"image":{"@id":"https:\/\/paracherkaoui.ma\/index.php\/produit\/nuxe-huile-prodigieuse-vaporisateur-100-ml\/#primaryimage"},"thumbnailUrl":"https:\/\/paracherkaoui.ma\/wp-content\/uploads\/2025\/12\/nuxe-nuxe-huile-prodigieuse-vaporisateur-100-ml-hydratation-corps.jpg","datePublished":"2025-12-12T17:41:04+00:00","dateModified":"2025-12-12T17:41:07+00:00","breadcrumb":{"@id":"https:\/\/paracherkaoui.ma\/index.php\/produit\/nuxe-huile-prodigieuse-vaporisateur-100-ml\/#breadcrumb"},"inLanguage":"fr-FR","potentialAction":[{"@type":"ReadAction","target":["https:\/\/paracherkaoui.ma\/index.php\/produit\/nuxe-huile-prodigieuse-vaporisateur-100-ml\/"]}]},{"@type":"ImageObject","inLanguage":"fr-FR","@id":"https:\/\/paracherkaoui.ma\/index.php\/produit\/nuxe-huile-prodigieuse-vaporisateur-100-ml\/#primaryimage","url":"https:\/\/paracherkaoui.ma\/wp-content\/uploads\/2025\/12\/nuxe-nuxe-huile-prodigieuse-vaporisateur-100-ml-hydratation-corps.jpg","contentUrl":"https:\/\/paracherkaoui.ma\/wp-content\/uploads\/2025\/12\/nuxe-nuxe-huile-prodigieuse-vaporisateur-100-ml-hydratation-corps.jpg","width":700,"height":700},{"@type":"BreadcrumbList","@id":"https:\/\/paracherkaoui.ma\/index.php\/produit\/nuxe-huile-prodigieuse-vaporisateur-100-ml\/#breadcrumb","itemListElement":[{"@type":"ListItem","position":1,"name":"Accueil","item":"https:\/\/paracherkaoui.ma\/"},{"@type":"ListItem","position":2,"name":"Boutique","item":"https:\/\/paracherkaoui.ma\/index.php\/boutique\/"},{"@type":"ListItem","position":3,"name":"NUXE HUILE PRODIGIEUSE VAPORISATEUR 100 ML"}]},{"@type":"WebSite","@id":"https:\/\/paracherkaoui.ma\/#website","url":"https:\/\/paracherkaoui.ma\/","name":"Paracherkaoui.ma","description":"Achetez en ligne sur Paracherkaoui.ma","potentialAction":[{"@type":"SearchAction","target":{"@type":"EntryPoint","urlTemplate":"https:\/\/paracherkaoui.ma\/?s={search_term_string}"},"query-input":{"@type":"PropertyValueSpecification","valueRequired":true,"valueName":"search_term_string"}}],"inLanguage":"fr-FR"}]}},"_links":{"self":[{"href":"https:\/\/paracherkaoui.ma\/index.php\/wp-json\/wp\/v2\/product\/33415","targetHints":{"allow":["GET"]}}],"collection":[{"href":"https:\/\/paracherkaoui.ma\/index.php\/wp-json\/wp\/v2\/product"}],"about":[{"href":"https:\/\/paracherkaoui.ma\/index.php\/wp-json\/wp\/v2\/types\/product"}],"replies":[{"embeddable":true,"href":"https:\/\/paracherkaoui.ma\/index.php\/wp-json\/wp\/v2\/comments?post=33415"}],"version-history":[{"count":1,"href":"https:\/\/paracherkaoui.ma\/index.php\/wp-json\/wp\/v2\/product\/33415\/revisions"}],"predecessor-version":[{"id":33451,"href":"https:\/\/paracherkaoui.ma\/index.php\/wp-json\/wp\/v2\/product\/33415\/revisions\/33451"}],"wp:featuredmedia":[{"embeddable":true,"href":"https:\/\/paracherkaoui.ma\/index.php\/wp-json\/wp\/v2\/media\/33450"}],"wp:attachment":[{"href":"https:\/\/paracherkaoui.ma\/index.php\/wp-json\/wp\/v2\/media?parent=33415"}],"wp:term":[{"taxonomy":"product_brand","embeddable":true,"href":"https:\/\/paracherkaoui.ma\/index.php\/wp-json\/wp\/v2\/product_brand?post=33415"},{"taxonomy":"product_cat","embeddable":true,"href":"https:\/\/paracherkaoui.ma\/index.php\/wp-json\/wp\/v2\/product_cat?post=33415"},{"taxonomy":"product_tag","embeddable":true,"href":"https:\/\/paracherkaoui.ma\/index.php\/wp-json\/wp\/v2\/product_tag?post=33415"}],"curies":[{"name":"wp","href":"https:\/\/api.w.org\/{rel}","templated":true}]}}