{"id":33414,"date":"2025-12-12T18:41:04","date_gmt":"2025-12-12T17:41:04","guid":{"rendered":"https:\/\/test.ecbeaute.com\/?post_type=product&#038;p=33414"},"modified":"2025-12-12T18:41:07","modified_gmt":"2025-12-12T17:41:07","slug":"isdin-ureadin-ultra-10-lotion-plus-reparatrice-400ml","status":"publish","type":"product","link":"https:\/\/paracherkaoui.ma\/index.php\/produit\/isdin-ureadin-ultra-10-lotion-plus-reparatrice-400ml\/","title":{"rendered":"ISDIN UREADIN ULTRA 10 LOTION PLUS REPARATRICE 400ML"},"content":{"rendered":"<p>La lotion ISDIN Ureadin Ultra 10 Lotion Plus R\u00e9paratrice 400ml est une solution intense pour les peaux tr\u00e8s s\u00e8ches et desquamatives. Sa formule avanc\u00e9e, enrichie en Ur\u00e9e ISDIN et dexpanth\u00e9nol, offre une hydratation imm\u00e9diate et de longue dur\u00e9e. Elle est sp\u00e9cialement con\u00e7ue pour apaiser les d\u00e9mangeaisons et r\u00e9parer les alt\u00e9rations de la fonction barri\u00e8re de la peau, telles que la x\u00e9rose (peau s\u00e8che) et la peau s\u00e9nile. Gr\u00e2ce \u00e0 ses actifs hydratants, elle prot\u00e8ge et restaure la peau tout en favorisant la r\u00e9paration cutan\u00e9e.<br \/>\nCette lotion corporelle se distingue par sa texture l\u00e9g\u00e8re et non grasse, offrant une absorption rapide sans laisser de film collant. Elle est id\u00e9ale pour un soin quotidien, \u00e0 appliquer sur les zones particuli\u00e8rement s\u00e8ches du corps. En plus d\u2019hydrater intens\u00e9ment, elle am\u00e9liore l&rsquo;\u00e9lasticit\u00e9 de la peau et la rend plus douce et souple. Avec une utilisation r\u00e9guli\u00e8re, la peau retrouve son confort, sa douceur et une meilleure apparence.<br \/>\nConseils d&rsquo;utilisation :<br \/>\nAppliquez la lotion sur peau propre et s\u00e8che, en insistant sur les zones tr\u00e8s s\u00e8ches et rugueuses (coudes, genoux, mains, etc.).<br \/>\nMassez d\u00e9licatement jusqu&rsquo;\u00e0 absorption compl\u00e8te.<br \/>\nPour de meilleurs r\u00e9sultats, utilisez la lotion matin et soir, ou aussi souvent que n\u00e9cessaire.<br \/>\nConvient aux peaux sensibles, m\u00eame les plus s\u00e8ches et alt\u00e9r\u00e9es par des conditions telles que la x\u00e9rose.<br \/>\nComposition :<br \/>\nAqua (eau), ur\u00e9e, \u00e9thylhexanoate de c\u00e9t\u00e9aryle, panth\u00e9nol, st\u00e9arate de glyc\u00e9ryle, st\u00e9arate de PEG-40, glyc\u00e9rine, dim\u00e9thicone, huile de Persea Gratissima (avocat), beurre de graines de Shorea Stenoptera, ph\u00e9noxy\u00e9thanol, alcool c\u00e9tylique, octyldod\u00e9canol, carbomer, Acide palmitique, Acide st\u00e9arique, EDTA disodique, Ethylhexylglyc\u00e9rine, Parfum, Hydroxyde de sodium, BHT, Acide lactique, Limon\u00e8ne, Hexyl Cinnamal, Alpha-Isom\u00e9thyl Ionone, Linalool, Benzyl Salicylate, Eugenol, Citral, Hydroxycitronellal, Coumarin.<\/p>\n","protected":false},"excerpt":{"rendered":"<p>La lotion ISDIN Ureadin Ultra 10 Lotion Plus R\u00e9paratrice 400ml est une solution intense pour les peaux tr\u00e8s s\u00e8ches et<\/p>\n","protected":false},"featured_media":33448,"comment_status":"open","ping_status":"closed","template":"","meta":[],"product_brand":[135],"product_cat":[618],"product_tag":[],"class_list":{"0":"post-33414","1":"product","2":"type-product","3":"status-publish","4":"has-post-thumbnail","6":"product_brand-isdin","7":"product_cat-hydratation-corps-corps","9":"first","10":"instock","11":"sale","12":"shipping-taxable","13":"purchasable","14":"product-type-simple"},"yoast_head":"<!-- This site is optimized with the Yoast SEO plugin v26.6 - https:\/\/yoast.com\/wordpress\/plugins\/seo\/ -->\r\n<title>ISDIN UREADIN ULTRA 10 LOTION PLUS REPARATRICE 400ML - Paracherkaoui.ma<\/title>\r\n<meta name=\"robots\" content=\"index, follow, max-snippet:-1, max-image-preview:large, max-video-preview:-1\" \/>\r\n<link rel=\"canonical\" href=\"https:\/\/paracherkaoui.ma\/index.php\/produit\/isdin-ureadin-ultra-10-lotion-plus-reparatrice-400ml\/\" \/>\r\n<meta property=\"og:locale\" content=\"fr_FR\" \/>\r\n<meta property=\"og:type\" content=\"article\" \/>\r\n<meta property=\"og:title\" content=\"ISDIN UREADIN ULTRA 10 LOTION PLUS REPARATRICE 400ML - Paracherkaoui.ma\" \/>\r\n<meta property=\"og:description\" content=\"La lotion ISDIN Ureadin Ultra 10 Lotion Plus R\u00e9paratrice 400ml est une solution intense pour les peaux tr\u00e8s s\u00e8ches et\" \/>\r\n<meta property=\"og:url\" content=\"https:\/\/paracherkaoui.ma\/index.php\/produit\/isdin-ureadin-ultra-10-lotion-plus-reparatrice-400ml\/\" \/>\r\n<meta property=\"og:site_name\" content=\"Paracherkaoui.ma\" \/>\r\n<meta property=\"article:modified_time\" content=\"2025-12-12T17:41:07+00:00\" \/>\r\n<meta property=\"og:image\" content=\"https:\/\/paracherkaoui.ma\/wp-content\/uploads\/2025\/12\/isdin-ureadin-ultra-10-lotion-plus-reparatrice-400ml.jpg\" \/>\r\n\t<meta property=\"og:image:width\" content=\"700\" \/>\r\n\t<meta property=\"og:image:height\" content=\"700\" \/>\r\n\t<meta property=\"og:image:type\" content=\"image\/jpeg\" \/>\r\n<meta name=\"twitter:card\" content=\"summary_large_image\" \/>\r\n<meta name=\"twitter:label1\" content=\"Dur\u00e9e de lecture estim\u00e9e\" \/>\n\t<meta name=\"twitter:data1\" content=\"2 minutes\" \/>\r\n<script type=\"application\/ld+json\" class=\"yoast-schema-graph\">{\"@context\":\"https:\/\/schema.org\",\"@graph\":[{\"@type\":\"WebPage\",\"@id\":\"https:\/\/paracherkaoui.ma\/index.php\/produit\/isdin-ureadin-ultra-10-lotion-plus-reparatrice-400ml\/\",\"url\":\"https:\/\/paracherkaoui.ma\/index.php\/produit\/isdin-ureadin-ultra-10-lotion-plus-reparatrice-400ml\/\",\"name\":\"ISDIN UREADIN ULTRA 10 LOTION PLUS REPARATRICE 400ML - Paracherkaoui.ma\",\"isPartOf\":{\"@id\":\"https:\/\/paracherkaoui.ma\/#website\"},\"primaryImageOfPage\":{\"@id\":\"https:\/\/paracherkaoui.ma\/index.php\/produit\/isdin-ureadin-ultra-10-lotion-plus-reparatrice-400ml\/#primaryimage\"},\"image\":{\"@id\":\"https:\/\/paracherkaoui.ma\/index.php\/produit\/isdin-ureadin-ultra-10-lotion-plus-reparatrice-400ml\/#primaryimage\"},\"thumbnailUrl\":\"https:\/\/paracherkaoui.ma\/wp-content\/uploads\/2025\/12\/isdin-ureadin-ultra-10-lotion-plus-reparatrice-400ml.jpg\",\"datePublished\":\"2025-12-12T17:41:04+00:00\",\"dateModified\":\"2025-12-12T17:41:07+00:00\",\"breadcrumb\":{\"@id\":\"https:\/\/paracherkaoui.ma\/index.php\/produit\/isdin-ureadin-ultra-10-lotion-plus-reparatrice-400ml\/#breadcrumb\"},\"inLanguage\":\"fr-FR\",\"potentialAction\":[{\"@type\":\"ReadAction\",\"target\":[\"https:\/\/paracherkaoui.ma\/index.php\/produit\/isdin-ureadin-ultra-10-lotion-plus-reparatrice-400ml\/\"]}]},{\"@type\":\"ImageObject\",\"inLanguage\":\"fr-FR\",\"@id\":\"https:\/\/paracherkaoui.ma\/index.php\/produit\/isdin-ureadin-ultra-10-lotion-plus-reparatrice-400ml\/#primaryimage\",\"url\":\"https:\/\/paracherkaoui.ma\/wp-content\/uploads\/2025\/12\/isdin-ureadin-ultra-10-lotion-plus-reparatrice-400ml.jpg\",\"contentUrl\":\"https:\/\/paracherkaoui.ma\/wp-content\/uploads\/2025\/12\/isdin-ureadin-ultra-10-lotion-plus-reparatrice-400ml.jpg\",\"width\":700,\"height\":700},{\"@type\":\"BreadcrumbList\",\"@id\":\"https:\/\/paracherkaoui.ma\/index.php\/produit\/isdin-ureadin-ultra-10-lotion-plus-reparatrice-400ml\/#breadcrumb\",\"itemListElement\":[{\"@type\":\"ListItem\",\"position\":1,\"name\":\"Accueil\",\"item\":\"https:\/\/paracherkaoui.ma\/\"},{\"@type\":\"ListItem\",\"position\":2,\"name\":\"Boutique\",\"item\":\"https:\/\/paracherkaoui.ma\/index.php\/boutique\/\"},{\"@type\":\"ListItem\",\"position\":3,\"name\":\"ISDIN UREADIN ULTRA 10 LOTION PLUS REPARATRICE 400ML\"}]},{\"@type\":\"WebSite\",\"@id\":\"https:\/\/paracherkaoui.ma\/#website\",\"url\":\"https:\/\/paracherkaoui.ma\/\",\"name\":\"Paracherkaoui.ma\",\"description\":\"Achetez en ligne sur Paracherkaoui.ma\",\"potentialAction\":[{\"@type\":\"SearchAction\",\"target\":{\"@type\":\"EntryPoint\",\"urlTemplate\":\"https:\/\/paracherkaoui.ma\/?s={search_term_string}\"},\"query-input\":{\"@type\":\"PropertyValueSpecification\",\"valueRequired\":true,\"valueName\":\"search_term_string\"}}],\"inLanguage\":\"fr-FR\"}]}<\/script>\r\n<!-- \/ Yoast SEO plugin. -->","yoast_head_json":{"title":"ISDIN UREADIN ULTRA 10 LOTION PLUS REPARATRICE 400ML - Paracherkaoui.ma","robots":{"index":"index","follow":"follow","max-snippet":"max-snippet:-1","max-image-preview":"max-image-preview:large","max-video-preview":"max-video-preview:-1"},"canonical":"https:\/\/paracherkaoui.ma\/index.php\/produit\/isdin-ureadin-ultra-10-lotion-plus-reparatrice-400ml\/","og_locale":"fr_FR","og_type":"article","og_title":"ISDIN UREADIN ULTRA 10 LOTION PLUS REPARATRICE 400ML - Paracherkaoui.ma","og_description":"La lotion ISDIN Ureadin Ultra 10 Lotion Plus R\u00e9paratrice 400ml est une solution intense pour les peaux tr\u00e8s s\u00e8ches et","og_url":"https:\/\/paracherkaoui.ma\/index.php\/produit\/isdin-ureadin-ultra-10-lotion-plus-reparatrice-400ml\/","og_site_name":"Paracherkaoui.ma","article_modified_time":"2025-12-12T17:41:07+00:00","og_image":[{"width":700,"height":700,"url":"https:\/\/paracherkaoui.ma\/wp-content\/uploads\/2025\/12\/isdin-ureadin-ultra-10-lotion-plus-reparatrice-400ml.jpg","type":"image\/jpeg"}],"twitter_card":"summary_large_image","twitter_misc":{"Dur\u00e9e de lecture estim\u00e9e":"2 minutes"},"schema":{"@context":"https:\/\/schema.org","@graph":[{"@type":"WebPage","@id":"https:\/\/paracherkaoui.ma\/index.php\/produit\/isdin-ureadin-ultra-10-lotion-plus-reparatrice-400ml\/","url":"https:\/\/paracherkaoui.ma\/index.php\/produit\/isdin-ureadin-ultra-10-lotion-plus-reparatrice-400ml\/","name":"ISDIN UREADIN ULTRA 10 LOTION PLUS REPARATRICE 400ML - Paracherkaoui.ma","isPartOf":{"@id":"https:\/\/paracherkaoui.ma\/#website"},"primaryImageOfPage":{"@id":"https:\/\/paracherkaoui.ma\/index.php\/produit\/isdin-ureadin-ultra-10-lotion-plus-reparatrice-400ml\/#primaryimage"},"image":{"@id":"https:\/\/paracherkaoui.ma\/index.php\/produit\/isdin-ureadin-ultra-10-lotion-plus-reparatrice-400ml\/#primaryimage"},"thumbnailUrl":"https:\/\/paracherkaoui.ma\/wp-content\/uploads\/2025\/12\/isdin-ureadin-ultra-10-lotion-plus-reparatrice-400ml.jpg","datePublished":"2025-12-12T17:41:04+00:00","dateModified":"2025-12-12T17:41:07+00:00","breadcrumb":{"@id":"https:\/\/paracherkaoui.ma\/index.php\/produit\/isdin-ureadin-ultra-10-lotion-plus-reparatrice-400ml\/#breadcrumb"},"inLanguage":"fr-FR","potentialAction":[{"@type":"ReadAction","target":["https:\/\/paracherkaoui.ma\/index.php\/produit\/isdin-ureadin-ultra-10-lotion-plus-reparatrice-400ml\/"]}]},{"@type":"ImageObject","inLanguage":"fr-FR","@id":"https:\/\/paracherkaoui.ma\/index.php\/produit\/isdin-ureadin-ultra-10-lotion-plus-reparatrice-400ml\/#primaryimage","url":"https:\/\/paracherkaoui.ma\/wp-content\/uploads\/2025\/12\/isdin-ureadin-ultra-10-lotion-plus-reparatrice-400ml.jpg","contentUrl":"https:\/\/paracherkaoui.ma\/wp-content\/uploads\/2025\/12\/isdin-ureadin-ultra-10-lotion-plus-reparatrice-400ml.jpg","width":700,"height":700},{"@type":"BreadcrumbList","@id":"https:\/\/paracherkaoui.ma\/index.php\/produit\/isdin-ureadin-ultra-10-lotion-plus-reparatrice-400ml\/#breadcrumb","itemListElement":[{"@type":"ListItem","position":1,"name":"Accueil","item":"https:\/\/paracherkaoui.ma\/"},{"@type":"ListItem","position":2,"name":"Boutique","item":"https:\/\/paracherkaoui.ma\/index.php\/boutique\/"},{"@type":"ListItem","position":3,"name":"ISDIN UREADIN ULTRA 10 LOTION PLUS REPARATRICE 400ML"}]},{"@type":"WebSite","@id":"https:\/\/paracherkaoui.ma\/#website","url":"https:\/\/paracherkaoui.ma\/","name":"Paracherkaoui.ma","description":"Achetez en ligne sur Paracherkaoui.ma","potentialAction":[{"@type":"SearchAction","target":{"@type":"EntryPoint","urlTemplate":"https:\/\/paracherkaoui.ma\/?s={search_term_string}"},"query-input":{"@type":"PropertyValueSpecification","valueRequired":true,"valueName":"search_term_string"}}],"inLanguage":"fr-FR"}]}},"_links":{"self":[{"href":"https:\/\/paracherkaoui.ma\/index.php\/wp-json\/wp\/v2\/product\/33414","targetHints":{"allow":["GET"]}}],"collection":[{"href":"https:\/\/paracherkaoui.ma\/index.php\/wp-json\/wp\/v2\/product"}],"about":[{"href":"https:\/\/paracherkaoui.ma\/index.php\/wp-json\/wp\/v2\/types\/product"}],"replies":[{"embeddable":true,"href":"https:\/\/paracherkaoui.ma\/index.php\/wp-json\/wp\/v2\/comments?post=33414"}],"version-history":[{"count":1,"href":"https:\/\/paracherkaoui.ma\/index.php\/wp-json\/wp\/v2\/product\/33414\/revisions"}],"predecessor-version":[{"id":33449,"href":"https:\/\/paracherkaoui.ma\/index.php\/wp-json\/wp\/v2\/product\/33414\/revisions\/33449"}],"wp:featuredmedia":[{"embeddable":true,"href":"https:\/\/paracherkaoui.ma\/index.php\/wp-json\/wp\/v2\/media\/33448"}],"wp:attachment":[{"href":"https:\/\/paracherkaoui.ma\/index.php\/wp-json\/wp\/v2\/media?parent=33414"}],"wp:term":[{"taxonomy":"product_brand","embeddable":true,"href":"https:\/\/paracherkaoui.ma\/index.php\/wp-json\/wp\/v2\/product_brand?post=33414"},{"taxonomy":"product_cat","embeddable":true,"href":"https:\/\/paracherkaoui.ma\/index.php\/wp-json\/wp\/v2\/product_cat?post=33414"},{"taxonomy":"product_tag","embeddable":true,"href":"https:\/\/paracherkaoui.ma\/index.php\/wp-json\/wp\/v2\/product_tag?post=33414"}],"curies":[{"name":"wp","href":"https:\/\/api.w.org\/{rel}","templated":true}]}}