{"id":33412,"date":"2025-12-12T18:41:04","date_gmt":"2025-12-12T17:41:04","guid":{"rendered":"https:\/\/test.ecbeaute.com\/?post_type=product&#038;p=33412"},"modified":"2025-12-12T18:41:07","modified_gmt":"2025-12-12T17:41:07","slug":"uriage-offre-xemose-baume-oleo-apaisant-anti-grattage-200-ml-huile-lavante-apaisante-200ml-offert","status":"publish","type":"product","link":"https:\/\/paracherkaoui.ma\/index.php\/produit\/uriage-offre-xemose-baume-oleo-apaisant-anti-grattage-200-ml-huile-lavante-apaisante-200ml-offert\/","title":{"rendered":"URIAGE OFFRE XEMOSE BAUME OLEO APAISANT ANTI GRATTAGE 200 ML + HUILE LAVANTE APAISANTE 200ML OFFERT"},"content":{"rendered":"<p>D\u00e9couvrez le baume id\u00e9al pour les peaux s\u00e8ches et \u00e0 tendance atopique, un soin nourrissant et protecteur qui soulage imm\u00e9diatement les d\u00e9mangeaisons et pr\u00e9vient les pics de s\u00e9cheresse s\u00e9v\u00e8re. Gr\u00e2ce \u00e0 sa texture innovante baume-en-huile, il d\u00e9pose un film protecteur non gras qui assure un confort optimal pendant 48 heures, sans laisser de r\u00e9sidu collant.<br \/>\nFormul\u00e9 par les Laboratoires Dermatologiques d&rsquo;Uriage, ce baume b\u00e9n\u00e9ficie de la \u00ab Microbiome Patented Technology \u00bb, une avanc\u00e9e brevet\u00e9e qui renforce les d\u00e9fenses naturelles de la peau en multipliant par trois la protection de la barri\u00e8re cutan\u00e9e. Ce soin apaise d\u00e8s la premi\u00e8re application et agit efficacement contre les r\u00e9cidives d&rsquo;irritation sur une dur\u00e9e prolong\u00e9e.<br \/>\nEnrichi avec 10 % de beurre de karit\u00e9 et de l&rsquo;huile d&rsquo;illip\u00e9, ce baume apporte souplesse et confort aux peaux les plus fragiles. Son formule hypoallerg\u00e9nique et sans parfum le rend parfait pour toute la famille, y compris les b\u00e9b\u00e9s et les enfants. Chaque utilisation aide la peau \u00e0 retrouver son \u00e9quilibre naturel et \u00e0 rester hydrat\u00e9e et prot\u00e9g\u00e9e durablement. Test\u00e9 sous contr\u00f4le dermatologique, il respecte les \u00e9pidermes sensibles en \u00e9vitant tout risque d\u2019irritation.<br \/>\nConseils d\u2019utilisation:<br \/>\nSur une peau propre et s\u00e8che, appliquez le baume sur les zones concern\u00e9es, particuli\u00e8rement apr\u00e8s le bain ou la douche.<\/p>\n","protected":false},"excerpt":{"rendered":"<p>D\u00e9couvrez le baume id\u00e9al pour les peaux s\u00e8ches et \u00e0 tendance atopique, un soin nourrissant et protecteur qui soulage imm\u00e9diatement<\/p>\n","protected":false},"featured_media":33445,"comment_status":"open","ping_status":"closed","template":"","meta":[],"product_brand":[130],"product_cat":[618],"product_tag":[],"class_list":{"0":"post-33412","1":"product","2":"type-product","3":"status-publish","4":"has-post-thumbnail","6":"product_brand-uriage","7":"product_cat-hydratation-corps-corps","9":"first","10":"instock","11":"sale","12":"shipping-taxable","13":"purchasable","14":"product-type-simple"},"yoast_head":"<!-- This site is optimized with the Yoast SEO plugin v26.6 - https:\/\/yoast.com\/wordpress\/plugins\/seo\/ -->\r\n<title>URIAGE OFFRE XEMOSE BAUME OLEO APAISANT ANTI GRATTAGE 200 ML + HUILE LAVANTE APAISANTE 200ML OFFERT - Paracherkaoui.ma<\/title>\r\n<meta name=\"robots\" content=\"index, follow, max-snippet:-1, max-image-preview:large, max-video-preview:-1\" \/>\r\n<link rel=\"canonical\" href=\"https:\/\/paracherkaoui.ma\/index.php\/produit\/uriage-offre-xemose-baume-oleo-apaisant-anti-grattage-200-ml-huile-lavante-apaisante-200ml-offert\/\" \/>\r\n<meta property=\"og:locale\" content=\"fr_FR\" \/>\r\n<meta property=\"og:type\" content=\"article\" \/>\r\n<meta property=\"og:title\" content=\"URIAGE OFFRE XEMOSE BAUME OLEO APAISANT ANTI GRATTAGE 200 ML + HUILE LAVANTE APAISANTE 200ML OFFERT - Paracherkaoui.ma\" \/>\r\n<meta property=\"og:description\" content=\"D\u00e9couvrez le baume id\u00e9al pour les peaux s\u00e8ches et \u00e0 tendance atopique, un soin nourrissant et protecteur qui soulage imm\u00e9diatement\" \/>\r\n<meta property=\"og:url\" content=\"https:\/\/paracherkaoui.ma\/index.php\/produit\/uriage-offre-xemose-baume-oleo-apaisant-anti-grattage-200-ml-huile-lavante-apaisante-200ml-offert\/\" \/>\r\n<meta property=\"og:site_name\" content=\"Paracherkaoui.ma\" \/>\r\n<meta property=\"article:modified_time\" content=\"2025-12-12T17:41:07+00:00\" \/>\r\n<meta property=\"og:image\" content=\"https:\/\/paracherkaoui.ma\/wp-content\/uploads\/2025\/12\/uriage-offre-xemose-baume-oleo-apaisant-anti-grattage-200-ml-huile-lavante-apaisante-200ml-offert.jpg\" \/>\r\n\t<meta property=\"og:image:width\" content=\"700\" \/>\r\n\t<meta property=\"og:image:height\" content=\"700\" \/>\r\n\t<meta property=\"og:image:type\" content=\"image\/jpeg\" \/>\r\n<meta name=\"twitter:card\" content=\"summary_large_image\" \/>\r\n<meta name=\"twitter:label1\" content=\"Dur\u00e9e de lecture estim\u00e9e\" \/>\n\t<meta name=\"twitter:data1\" content=\"1 minute\" \/>\r\n<script type=\"application\/ld+json\" class=\"yoast-schema-graph\">{\"@context\":\"https:\/\/schema.org\",\"@graph\":[{\"@type\":\"WebPage\",\"@id\":\"https:\/\/paracherkaoui.ma\/index.php\/produit\/uriage-offre-xemose-baume-oleo-apaisant-anti-grattage-200-ml-huile-lavante-apaisante-200ml-offert\/\",\"url\":\"https:\/\/paracherkaoui.ma\/index.php\/produit\/uriage-offre-xemose-baume-oleo-apaisant-anti-grattage-200-ml-huile-lavante-apaisante-200ml-offert\/\",\"name\":\"URIAGE OFFRE XEMOSE BAUME OLEO APAISANT ANTI GRATTAGE 200 ML + HUILE LAVANTE APAISANTE 200ML OFFERT - Paracherkaoui.ma\",\"isPartOf\":{\"@id\":\"https:\/\/paracherkaoui.ma\/#website\"},\"primaryImageOfPage\":{\"@id\":\"https:\/\/paracherkaoui.ma\/index.php\/produit\/uriage-offre-xemose-baume-oleo-apaisant-anti-grattage-200-ml-huile-lavante-apaisante-200ml-offert\/#primaryimage\"},\"image\":{\"@id\":\"https:\/\/paracherkaoui.ma\/index.php\/produit\/uriage-offre-xemose-baume-oleo-apaisant-anti-grattage-200-ml-huile-lavante-apaisante-200ml-offert\/#primaryimage\"},\"thumbnailUrl\":\"https:\/\/paracherkaoui.ma\/wp-content\/uploads\/2025\/12\/uriage-offre-xemose-baume-oleo-apaisant-anti-grattage-200-ml-huile-lavante-apaisante-200ml-offert.jpg\",\"datePublished\":\"2025-12-12T17:41:04+00:00\",\"dateModified\":\"2025-12-12T17:41:07+00:00\",\"breadcrumb\":{\"@id\":\"https:\/\/paracherkaoui.ma\/index.php\/produit\/uriage-offre-xemose-baume-oleo-apaisant-anti-grattage-200-ml-huile-lavante-apaisante-200ml-offert\/#breadcrumb\"},\"inLanguage\":\"fr-FR\",\"potentialAction\":[{\"@type\":\"ReadAction\",\"target\":[\"https:\/\/paracherkaoui.ma\/index.php\/produit\/uriage-offre-xemose-baume-oleo-apaisant-anti-grattage-200-ml-huile-lavante-apaisante-200ml-offert\/\"]}]},{\"@type\":\"ImageObject\",\"inLanguage\":\"fr-FR\",\"@id\":\"https:\/\/paracherkaoui.ma\/index.php\/produit\/uriage-offre-xemose-baume-oleo-apaisant-anti-grattage-200-ml-huile-lavante-apaisante-200ml-offert\/#primaryimage\",\"url\":\"https:\/\/paracherkaoui.ma\/wp-content\/uploads\/2025\/12\/uriage-offre-xemose-baume-oleo-apaisant-anti-grattage-200-ml-huile-lavante-apaisante-200ml-offert.jpg\",\"contentUrl\":\"https:\/\/paracherkaoui.ma\/wp-content\/uploads\/2025\/12\/uriage-offre-xemose-baume-oleo-apaisant-anti-grattage-200-ml-huile-lavante-apaisante-200ml-offert.jpg\",\"width\":700,\"height\":700},{\"@type\":\"BreadcrumbList\",\"@id\":\"https:\/\/paracherkaoui.ma\/index.php\/produit\/uriage-offre-xemose-baume-oleo-apaisant-anti-grattage-200-ml-huile-lavante-apaisante-200ml-offert\/#breadcrumb\",\"itemListElement\":[{\"@type\":\"ListItem\",\"position\":1,\"name\":\"Accueil\",\"item\":\"https:\/\/paracherkaoui.ma\/\"},{\"@type\":\"ListItem\",\"position\":2,\"name\":\"Boutique\",\"item\":\"https:\/\/paracherkaoui.ma\/index.php\/boutique\/\"},{\"@type\":\"ListItem\",\"position\":3,\"name\":\"URIAGE OFFRE XEMOSE BAUME OLEO APAISANT ANTI GRATTAGE 200 ML + HUILE LAVANTE APAISANTE 200ML OFFERT\"}]},{\"@type\":\"WebSite\",\"@id\":\"https:\/\/paracherkaoui.ma\/#website\",\"url\":\"https:\/\/paracherkaoui.ma\/\",\"name\":\"Paracherkaoui.ma\",\"description\":\"Achetez en ligne sur Paracherkaoui.ma\",\"potentialAction\":[{\"@type\":\"SearchAction\",\"target\":{\"@type\":\"EntryPoint\",\"urlTemplate\":\"https:\/\/paracherkaoui.ma\/?s={search_term_string}\"},\"query-input\":{\"@type\":\"PropertyValueSpecification\",\"valueRequired\":true,\"valueName\":\"search_term_string\"}}],\"inLanguage\":\"fr-FR\"}]}<\/script>\r\n<!-- \/ Yoast SEO plugin. -->","yoast_head_json":{"title":"URIAGE OFFRE XEMOSE BAUME OLEO APAISANT ANTI GRATTAGE 200 ML + HUILE LAVANTE APAISANTE 200ML OFFERT - Paracherkaoui.ma","robots":{"index":"index","follow":"follow","max-snippet":"max-snippet:-1","max-image-preview":"max-image-preview:large","max-video-preview":"max-video-preview:-1"},"canonical":"https:\/\/paracherkaoui.ma\/index.php\/produit\/uriage-offre-xemose-baume-oleo-apaisant-anti-grattage-200-ml-huile-lavante-apaisante-200ml-offert\/","og_locale":"fr_FR","og_type":"article","og_title":"URIAGE OFFRE XEMOSE BAUME OLEO APAISANT ANTI GRATTAGE 200 ML + HUILE LAVANTE APAISANTE 200ML OFFERT - Paracherkaoui.ma","og_description":"D\u00e9couvrez le baume id\u00e9al pour les peaux s\u00e8ches et \u00e0 tendance atopique, un soin nourrissant et protecteur qui soulage imm\u00e9diatement","og_url":"https:\/\/paracherkaoui.ma\/index.php\/produit\/uriage-offre-xemose-baume-oleo-apaisant-anti-grattage-200-ml-huile-lavante-apaisante-200ml-offert\/","og_site_name":"Paracherkaoui.ma","article_modified_time":"2025-12-12T17:41:07+00:00","og_image":[{"width":700,"height":700,"url":"https:\/\/paracherkaoui.ma\/wp-content\/uploads\/2025\/12\/uriage-offre-xemose-baume-oleo-apaisant-anti-grattage-200-ml-huile-lavante-apaisante-200ml-offert.jpg","type":"image\/jpeg"}],"twitter_card":"summary_large_image","twitter_misc":{"Dur\u00e9e de lecture estim\u00e9e":"1 minute"},"schema":{"@context":"https:\/\/schema.org","@graph":[{"@type":"WebPage","@id":"https:\/\/paracherkaoui.ma\/index.php\/produit\/uriage-offre-xemose-baume-oleo-apaisant-anti-grattage-200-ml-huile-lavante-apaisante-200ml-offert\/","url":"https:\/\/paracherkaoui.ma\/index.php\/produit\/uriage-offre-xemose-baume-oleo-apaisant-anti-grattage-200-ml-huile-lavante-apaisante-200ml-offert\/","name":"URIAGE OFFRE XEMOSE BAUME OLEO APAISANT ANTI GRATTAGE 200 ML + HUILE LAVANTE APAISANTE 200ML OFFERT - Paracherkaoui.ma","isPartOf":{"@id":"https:\/\/paracherkaoui.ma\/#website"},"primaryImageOfPage":{"@id":"https:\/\/paracherkaoui.ma\/index.php\/produit\/uriage-offre-xemose-baume-oleo-apaisant-anti-grattage-200-ml-huile-lavante-apaisante-200ml-offert\/#primaryimage"},"image":{"@id":"https:\/\/paracherkaoui.ma\/index.php\/produit\/uriage-offre-xemose-baume-oleo-apaisant-anti-grattage-200-ml-huile-lavante-apaisante-200ml-offert\/#primaryimage"},"thumbnailUrl":"https:\/\/paracherkaoui.ma\/wp-content\/uploads\/2025\/12\/uriage-offre-xemose-baume-oleo-apaisant-anti-grattage-200-ml-huile-lavante-apaisante-200ml-offert.jpg","datePublished":"2025-12-12T17:41:04+00:00","dateModified":"2025-12-12T17:41:07+00:00","breadcrumb":{"@id":"https:\/\/paracherkaoui.ma\/index.php\/produit\/uriage-offre-xemose-baume-oleo-apaisant-anti-grattage-200-ml-huile-lavante-apaisante-200ml-offert\/#breadcrumb"},"inLanguage":"fr-FR","potentialAction":[{"@type":"ReadAction","target":["https:\/\/paracherkaoui.ma\/index.php\/produit\/uriage-offre-xemose-baume-oleo-apaisant-anti-grattage-200-ml-huile-lavante-apaisante-200ml-offert\/"]}]},{"@type":"ImageObject","inLanguage":"fr-FR","@id":"https:\/\/paracherkaoui.ma\/index.php\/produit\/uriage-offre-xemose-baume-oleo-apaisant-anti-grattage-200-ml-huile-lavante-apaisante-200ml-offert\/#primaryimage","url":"https:\/\/paracherkaoui.ma\/wp-content\/uploads\/2025\/12\/uriage-offre-xemose-baume-oleo-apaisant-anti-grattage-200-ml-huile-lavante-apaisante-200ml-offert.jpg","contentUrl":"https:\/\/paracherkaoui.ma\/wp-content\/uploads\/2025\/12\/uriage-offre-xemose-baume-oleo-apaisant-anti-grattage-200-ml-huile-lavante-apaisante-200ml-offert.jpg","width":700,"height":700},{"@type":"BreadcrumbList","@id":"https:\/\/paracherkaoui.ma\/index.php\/produit\/uriage-offre-xemose-baume-oleo-apaisant-anti-grattage-200-ml-huile-lavante-apaisante-200ml-offert\/#breadcrumb","itemListElement":[{"@type":"ListItem","position":1,"name":"Accueil","item":"https:\/\/paracherkaoui.ma\/"},{"@type":"ListItem","position":2,"name":"Boutique","item":"https:\/\/paracherkaoui.ma\/index.php\/boutique\/"},{"@type":"ListItem","position":3,"name":"URIAGE OFFRE XEMOSE BAUME OLEO APAISANT ANTI GRATTAGE 200 ML + HUILE LAVANTE APAISANTE 200ML OFFERT"}]},{"@type":"WebSite","@id":"https:\/\/paracherkaoui.ma\/#website","url":"https:\/\/paracherkaoui.ma\/","name":"Paracherkaoui.ma","description":"Achetez en ligne sur Paracherkaoui.ma","potentialAction":[{"@type":"SearchAction","target":{"@type":"EntryPoint","urlTemplate":"https:\/\/paracherkaoui.ma\/?s={search_term_string}"},"query-input":{"@type":"PropertyValueSpecification","valueRequired":true,"valueName":"search_term_string"}}],"inLanguage":"fr-FR"}]}},"_links":{"self":[{"href":"https:\/\/paracherkaoui.ma\/index.php\/wp-json\/wp\/v2\/product\/33412","targetHints":{"allow":["GET"]}}],"collection":[{"href":"https:\/\/paracherkaoui.ma\/index.php\/wp-json\/wp\/v2\/product"}],"about":[{"href":"https:\/\/paracherkaoui.ma\/index.php\/wp-json\/wp\/v2\/types\/product"}],"replies":[{"embeddable":true,"href":"https:\/\/paracherkaoui.ma\/index.php\/wp-json\/wp\/v2\/comments?post=33412"}],"version-history":[{"count":1,"href":"https:\/\/paracherkaoui.ma\/index.php\/wp-json\/wp\/v2\/product\/33412\/revisions"}],"predecessor-version":[{"id":33446,"href":"https:\/\/paracherkaoui.ma\/index.php\/wp-json\/wp\/v2\/product\/33412\/revisions\/33446"}],"wp:featuredmedia":[{"embeddable":true,"href":"https:\/\/paracherkaoui.ma\/index.php\/wp-json\/wp\/v2\/media\/33445"}],"wp:attachment":[{"href":"https:\/\/paracherkaoui.ma\/index.php\/wp-json\/wp\/v2\/media?parent=33412"}],"wp:term":[{"taxonomy":"product_brand","embeddable":true,"href":"https:\/\/paracherkaoui.ma\/index.php\/wp-json\/wp\/v2\/product_brand?post=33412"},{"taxonomy":"product_cat","embeddable":true,"href":"https:\/\/paracherkaoui.ma\/index.php\/wp-json\/wp\/v2\/product_cat?post=33412"},{"taxonomy":"product_tag","embeddable":true,"href":"https:\/\/paracherkaoui.ma\/index.php\/wp-json\/wp\/v2\/product_tag?post=33412"}],"curies":[{"name":"wp","href":"https:\/\/api.w.org\/{rel}","templated":true}]}}