{"id":33409,"date":"2025-12-12T18:41:04","date_gmt":"2025-12-12T17:41:04","guid":{"rendered":"https:\/\/test.ecbeaute.com\/?post_type=product&#038;p=33409"},"modified":"2025-12-12T18:41:06","modified_gmt":"2025-12-12T17:41:06","slug":"melawhite-lait-depigmentant-intensif-hydratant-corps-150-ml","status":"publish","type":"product","link":"https:\/\/paracherkaoui.ma\/index.php\/produit\/melawhite-lait-depigmentant-intensif-hydratant-corps-150-ml\/","title":{"rendered":"MELAWHITE LAIT DEPIGMENTANT INTENSIF HYDRATANT CORPS 150 ML"},"content":{"rendered":"<p>MALAWHITE lait d\u00e9pigmentant intensif est un soin sp\u00e9cifique \u00e0 base d&rsquo;actifs v\u00e9g\u00e9taux, formul\u00e9 pour lutter contre les desordres pigmentaire du corps. Sa composition allie judicieusement les extraits naturels \u00e0 effet d\u00e9pigmentant et les agents hydratants corporels, pour une action globale favorisant l&rsquo;att\u00e9nuation des taches brunes et une bonne hydratation de la peau.<br \/>\nCONSEILS D&rsquo;UTILISATION :<br \/>\nAppliquer MELAWHITE lait d\u00e9pigmentant 1 fois par jour le soir au coucher<\/p>\n","protected":false},"excerpt":{"rendered":"<p>MALAWHITE lait d\u00e9pigmentant intensif est un soin sp\u00e9cifique \u00e0 base d&rsquo;actifs v\u00e9g\u00e9taux, formul\u00e9 pour lutter contre les desordres pigmentaire du<\/p>\n","protected":false},"featured_media":33440,"comment_status":"open","ping_status":"closed","template":"","meta":[],"product_brand":[503],"product_cat":[618],"product_tag":[],"class_list":{"0":"post-33409","1":"product","2":"type-product","3":"status-publish","4":"has-post-thumbnail","6":"product_brand-melawhite","7":"product_cat-hydratation-corps-corps","9":"first","10":"instock","11":"sale","12":"shipping-taxable","13":"purchasable","14":"product-type-simple"},"yoast_head":"<!-- This site is optimized with the Yoast SEO plugin v26.6 - https:\/\/yoast.com\/wordpress\/plugins\/seo\/ -->\r\n<title>MELAWHITE LAIT DEPIGMENTANT INTENSIF HYDRATANT CORPS 150 ML - Paracherkaoui.ma<\/title>\r\n<meta name=\"robots\" content=\"index, follow, max-snippet:-1, max-image-preview:large, max-video-preview:-1\" \/>\r\n<link rel=\"canonical\" href=\"https:\/\/paracherkaoui.ma\/index.php\/produit\/melawhite-lait-depigmentant-intensif-hydratant-corps-150-ml\/\" \/>\r\n<meta property=\"og:locale\" content=\"fr_FR\" \/>\r\n<meta property=\"og:type\" content=\"article\" \/>\r\n<meta property=\"og:title\" content=\"MELAWHITE LAIT DEPIGMENTANT INTENSIF HYDRATANT CORPS 150 ML - Paracherkaoui.ma\" \/>\r\n<meta property=\"og:description\" content=\"MALAWHITE lait d\u00e9pigmentant intensif est un soin sp\u00e9cifique \u00e0 base d&rsquo;actifs v\u00e9g\u00e9taux, formul\u00e9 pour lutter contre les desordres pigmentaire du\" \/>\r\n<meta property=\"og:url\" content=\"https:\/\/paracherkaoui.ma\/index.php\/produit\/melawhite-lait-depigmentant-intensif-hydratant-corps-150-ml\/\" \/>\r\n<meta property=\"og:site_name\" content=\"Paracherkaoui.ma\" \/>\r\n<meta property=\"article:modified_time\" content=\"2025-12-12T17:41:06+00:00\" \/>\r\n<meta property=\"og:image\" content=\"https:\/\/paracherkaoui.ma\/wp-content\/uploads\/2025\/12\/melawhite-lait-depigmentant-intensif-hydratant-corps-150-ml.jpg\" \/>\r\n\t<meta property=\"og:image:width\" content=\"700\" \/>\r\n\t<meta property=\"og:image:height\" content=\"700\" \/>\r\n\t<meta property=\"og:image:type\" content=\"image\/jpeg\" \/>\r\n<meta name=\"twitter:card\" content=\"summary_large_image\" \/>\r\n<script type=\"application\/ld+json\" class=\"yoast-schema-graph\">{\"@context\":\"https:\/\/schema.org\",\"@graph\":[{\"@type\":\"WebPage\",\"@id\":\"https:\/\/paracherkaoui.ma\/index.php\/produit\/melawhite-lait-depigmentant-intensif-hydratant-corps-150-ml\/\",\"url\":\"https:\/\/paracherkaoui.ma\/index.php\/produit\/melawhite-lait-depigmentant-intensif-hydratant-corps-150-ml\/\",\"name\":\"MELAWHITE LAIT DEPIGMENTANT INTENSIF HYDRATANT CORPS 150 ML - Paracherkaoui.ma\",\"isPartOf\":{\"@id\":\"https:\/\/paracherkaoui.ma\/#website\"},\"primaryImageOfPage\":{\"@id\":\"https:\/\/paracherkaoui.ma\/index.php\/produit\/melawhite-lait-depigmentant-intensif-hydratant-corps-150-ml\/#primaryimage\"},\"image\":{\"@id\":\"https:\/\/paracherkaoui.ma\/index.php\/produit\/melawhite-lait-depigmentant-intensif-hydratant-corps-150-ml\/#primaryimage\"},\"thumbnailUrl\":\"https:\/\/paracherkaoui.ma\/wp-content\/uploads\/2025\/12\/melawhite-lait-depigmentant-intensif-hydratant-corps-150-ml.jpg\",\"datePublished\":\"2025-12-12T17:41:04+00:00\",\"dateModified\":\"2025-12-12T17:41:06+00:00\",\"breadcrumb\":{\"@id\":\"https:\/\/paracherkaoui.ma\/index.php\/produit\/melawhite-lait-depigmentant-intensif-hydratant-corps-150-ml\/#breadcrumb\"},\"inLanguage\":\"fr-FR\",\"potentialAction\":[{\"@type\":\"ReadAction\",\"target\":[\"https:\/\/paracherkaoui.ma\/index.php\/produit\/melawhite-lait-depigmentant-intensif-hydratant-corps-150-ml\/\"]}]},{\"@type\":\"ImageObject\",\"inLanguage\":\"fr-FR\",\"@id\":\"https:\/\/paracherkaoui.ma\/index.php\/produit\/melawhite-lait-depigmentant-intensif-hydratant-corps-150-ml\/#primaryimage\",\"url\":\"https:\/\/paracherkaoui.ma\/wp-content\/uploads\/2025\/12\/melawhite-lait-depigmentant-intensif-hydratant-corps-150-ml.jpg\",\"contentUrl\":\"https:\/\/paracherkaoui.ma\/wp-content\/uploads\/2025\/12\/melawhite-lait-depigmentant-intensif-hydratant-corps-150-ml.jpg\",\"width\":700,\"height\":700},{\"@type\":\"BreadcrumbList\",\"@id\":\"https:\/\/paracherkaoui.ma\/index.php\/produit\/melawhite-lait-depigmentant-intensif-hydratant-corps-150-ml\/#breadcrumb\",\"itemListElement\":[{\"@type\":\"ListItem\",\"position\":1,\"name\":\"Accueil\",\"item\":\"https:\/\/paracherkaoui.ma\/\"},{\"@type\":\"ListItem\",\"position\":2,\"name\":\"Boutique\",\"item\":\"https:\/\/paracherkaoui.ma\/index.php\/boutique\/\"},{\"@type\":\"ListItem\",\"position\":3,\"name\":\"MELAWHITE LAIT DEPIGMENTANT INTENSIF HYDRATANT CORPS 150 ML\"}]},{\"@type\":\"WebSite\",\"@id\":\"https:\/\/paracherkaoui.ma\/#website\",\"url\":\"https:\/\/paracherkaoui.ma\/\",\"name\":\"Paracherkaoui.ma\",\"description\":\"Achetez en ligne sur Paracherkaoui.ma\",\"potentialAction\":[{\"@type\":\"SearchAction\",\"target\":{\"@type\":\"EntryPoint\",\"urlTemplate\":\"https:\/\/paracherkaoui.ma\/?s={search_term_string}\"},\"query-input\":{\"@type\":\"PropertyValueSpecification\",\"valueRequired\":true,\"valueName\":\"search_term_string\"}}],\"inLanguage\":\"fr-FR\"}]}<\/script>\r\n<!-- \/ Yoast SEO plugin. -->","yoast_head_json":{"title":"MELAWHITE LAIT DEPIGMENTANT INTENSIF HYDRATANT CORPS 150 ML - Paracherkaoui.ma","robots":{"index":"index","follow":"follow","max-snippet":"max-snippet:-1","max-image-preview":"max-image-preview:large","max-video-preview":"max-video-preview:-1"},"canonical":"https:\/\/paracherkaoui.ma\/index.php\/produit\/melawhite-lait-depigmentant-intensif-hydratant-corps-150-ml\/","og_locale":"fr_FR","og_type":"article","og_title":"MELAWHITE LAIT DEPIGMENTANT INTENSIF HYDRATANT CORPS 150 ML - Paracherkaoui.ma","og_description":"MALAWHITE lait d\u00e9pigmentant intensif est un soin sp\u00e9cifique \u00e0 base d&rsquo;actifs v\u00e9g\u00e9taux, formul\u00e9 pour lutter contre les desordres pigmentaire du","og_url":"https:\/\/paracherkaoui.ma\/index.php\/produit\/melawhite-lait-depigmentant-intensif-hydratant-corps-150-ml\/","og_site_name":"Paracherkaoui.ma","article_modified_time":"2025-12-12T17:41:06+00:00","og_image":[{"width":700,"height":700,"url":"https:\/\/paracherkaoui.ma\/wp-content\/uploads\/2025\/12\/melawhite-lait-depigmentant-intensif-hydratant-corps-150-ml.jpg","type":"image\/jpeg"}],"twitter_card":"summary_large_image","schema":{"@context":"https:\/\/schema.org","@graph":[{"@type":"WebPage","@id":"https:\/\/paracherkaoui.ma\/index.php\/produit\/melawhite-lait-depigmentant-intensif-hydratant-corps-150-ml\/","url":"https:\/\/paracherkaoui.ma\/index.php\/produit\/melawhite-lait-depigmentant-intensif-hydratant-corps-150-ml\/","name":"MELAWHITE LAIT DEPIGMENTANT INTENSIF HYDRATANT CORPS 150 ML - Paracherkaoui.ma","isPartOf":{"@id":"https:\/\/paracherkaoui.ma\/#website"},"primaryImageOfPage":{"@id":"https:\/\/paracherkaoui.ma\/index.php\/produit\/melawhite-lait-depigmentant-intensif-hydratant-corps-150-ml\/#primaryimage"},"image":{"@id":"https:\/\/paracherkaoui.ma\/index.php\/produit\/melawhite-lait-depigmentant-intensif-hydratant-corps-150-ml\/#primaryimage"},"thumbnailUrl":"https:\/\/paracherkaoui.ma\/wp-content\/uploads\/2025\/12\/melawhite-lait-depigmentant-intensif-hydratant-corps-150-ml.jpg","datePublished":"2025-12-12T17:41:04+00:00","dateModified":"2025-12-12T17:41:06+00:00","breadcrumb":{"@id":"https:\/\/paracherkaoui.ma\/index.php\/produit\/melawhite-lait-depigmentant-intensif-hydratant-corps-150-ml\/#breadcrumb"},"inLanguage":"fr-FR","potentialAction":[{"@type":"ReadAction","target":["https:\/\/paracherkaoui.ma\/index.php\/produit\/melawhite-lait-depigmentant-intensif-hydratant-corps-150-ml\/"]}]},{"@type":"ImageObject","inLanguage":"fr-FR","@id":"https:\/\/paracherkaoui.ma\/index.php\/produit\/melawhite-lait-depigmentant-intensif-hydratant-corps-150-ml\/#primaryimage","url":"https:\/\/paracherkaoui.ma\/wp-content\/uploads\/2025\/12\/melawhite-lait-depigmentant-intensif-hydratant-corps-150-ml.jpg","contentUrl":"https:\/\/paracherkaoui.ma\/wp-content\/uploads\/2025\/12\/melawhite-lait-depigmentant-intensif-hydratant-corps-150-ml.jpg","width":700,"height":700},{"@type":"BreadcrumbList","@id":"https:\/\/paracherkaoui.ma\/index.php\/produit\/melawhite-lait-depigmentant-intensif-hydratant-corps-150-ml\/#breadcrumb","itemListElement":[{"@type":"ListItem","position":1,"name":"Accueil","item":"https:\/\/paracherkaoui.ma\/"},{"@type":"ListItem","position":2,"name":"Boutique","item":"https:\/\/paracherkaoui.ma\/index.php\/boutique\/"},{"@type":"ListItem","position":3,"name":"MELAWHITE LAIT DEPIGMENTANT INTENSIF HYDRATANT CORPS 150 ML"}]},{"@type":"WebSite","@id":"https:\/\/paracherkaoui.ma\/#website","url":"https:\/\/paracherkaoui.ma\/","name":"Paracherkaoui.ma","description":"Achetez en ligne sur Paracherkaoui.ma","potentialAction":[{"@type":"SearchAction","target":{"@type":"EntryPoint","urlTemplate":"https:\/\/paracherkaoui.ma\/?s={search_term_string}"},"query-input":{"@type":"PropertyValueSpecification","valueRequired":true,"valueName":"search_term_string"}}],"inLanguage":"fr-FR"}]}},"_links":{"self":[{"href":"https:\/\/paracherkaoui.ma\/index.php\/wp-json\/wp\/v2\/product\/33409","targetHints":{"allow":["GET"]}}],"collection":[{"href":"https:\/\/paracherkaoui.ma\/index.php\/wp-json\/wp\/v2\/product"}],"about":[{"href":"https:\/\/paracherkaoui.ma\/index.php\/wp-json\/wp\/v2\/types\/product"}],"replies":[{"embeddable":true,"href":"https:\/\/paracherkaoui.ma\/index.php\/wp-json\/wp\/v2\/comments?post=33409"}],"version-history":[{"count":1,"href":"https:\/\/paracherkaoui.ma\/index.php\/wp-json\/wp\/v2\/product\/33409\/revisions"}],"predecessor-version":[{"id":33441,"href":"https:\/\/paracherkaoui.ma\/index.php\/wp-json\/wp\/v2\/product\/33409\/revisions\/33441"}],"wp:featuredmedia":[{"embeddable":true,"href":"https:\/\/paracherkaoui.ma\/index.php\/wp-json\/wp\/v2\/media\/33440"}],"wp:attachment":[{"href":"https:\/\/paracherkaoui.ma\/index.php\/wp-json\/wp\/v2\/media?parent=33409"}],"wp:term":[{"taxonomy":"product_brand","embeddable":true,"href":"https:\/\/paracherkaoui.ma\/index.php\/wp-json\/wp\/v2\/product_brand?post=33409"},{"taxonomy":"product_cat","embeddable":true,"href":"https:\/\/paracherkaoui.ma\/index.php\/wp-json\/wp\/v2\/product_cat?post=33409"},{"taxonomy":"product_tag","embeddable":true,"href":"https:\/\/paracherkaoui.ma\/index.php\/wp-json\/wp\/v2\/product_tag?post=33409"}],"curies":[{"name":"wp","href":"https:\/\/api.w.org\/{rel}","templated":true}]}}