{"id":33360,"date":"2025-12-12T18:40:58","date_gmt":"2025-12-12T17:40:58","guid":{"rendered":"https:\/\/test.ecbeaute.com\/?post_type=product&#038;p=33360"},"modified":"2025-12-12T18:41:02","modified_gmt":"2025-12-12T17:41:02","slug":"nuxe-huile-prodigieuse-florale-huile-seche-multi-fonctions-100-ml","status":"publish","type":"product","link":"https:\/\/paracherkaoui.ma\/index.php\/produit\/nuxe-huile-prodigieuse-florale-huile-seche-multi-fonctions-100-ml\/","title":{"rendered":"NUXE HUILE PRODIGIEUSE FLORALE HUILE SECHE MULTI FONCTIONS 100 ML"},"content":{"rendered":"<p>Nuxe Huile Prodigieuse Florale Huile S\u00e8che Multi-Fonctions Visage Corps Cheveux Toutes Peaux 100ml<br \/>\nPropri\u00e9t\u00e9s :<br \/>\nNourrit, r\u00e9pare, sublime votre beaut\u00e9 naturelle.<br \/>\nLe soin mythique de Nuxe aux 7 huiles pr\u00e9cieuses 100% v\u00e9g\u00e9tales se d\u00e9cline dans un nouveau parfum floral et d\u00e9licat. Cette huile hydratante conserve la m\u00eame texture huile s\u00e8che et la m\u00eame efficacit\u00e9 sur le corps, le visage et les cheveux.<br \/>\nSon action anti-oxydante, son effet \u00ab bouclier anti-pollution \u00bb* et son effet sur la r\u00e9duction de l&rsquo;apparence des vergetures en font votre allier au quotidien. Sa texture huile s\u00e8che inimitable d\u00e9voile une signature olfactive in\u00e9dite chez Nuxe, aux notes florales et fra\u00eeches pour vivre un nouveau moment de plaisir.<br \/>\n*Limite l&rsquo;adh\u00e9sion des particules polluantes sur la peau.<\/p>\n<p>Sa formule :<br \/>\nPrincipaux actifs d&rsquo;origine naturelle avec 7 huiles pr\u00e9cieuses 100% v\u00e9g\u00e9tales : huile de Tsubaki hydratante, huile d&rsquo;argan r\u00e9paratrice, huile de macadamia nourrissante, huile de bourrache lissante, huile de cam\u00e9lia hydratante, huile de noisette protectrice et huile d&rsquo;amande douce adoucissante<br \/>\nParfum floral et d\u00e9licat aux notes de zeste de pamplemousse, magnolia et musc<br \/>\nSans ingr\u00e9dient d&rsquo;origine animale<\/p>\n","protected":false},"excerpt":{"rendered":"<p>Nuxe Huile Prodigieuse Florale Huile S\u00e8che Multi-Fonctions Visage Corps Cheveux Toutes Peaux 100ml Propri\u00e9t\u00e9s : Nourrit, r\u00e9pare, sublime votre beaut\u00e9<\/p>\n","protected":false},"featured_media":33397,"comment_status":"open","ping_status":"closed","template":"","meta":[],"product_brand":[230],"product_cat":[618],"product_tag":[],"class_list":{"0":"post-33360","1":"product","2":"type-product","3":"status-publish","4":"has-post-thumbnail","6":"product_brand-nuxe","7":"product_cat-hydratation-corps-corps","9":"first","10":"instock","11":"sale","12":"shipping-taxable","13":"purchasable","14":"product-type-simple"},"yoast_head":"<!-- This site is optimized with the Yoast SEO plugin v26.6 - https:\/\/yoast.com\/wordpress\/plugins\/seo\/ -->\r\n<title>NUXE HUILE PRODIGIEUSE FLORALE HUILE SECHE MULTI FONCTIONS 100 ML - Paracherkaoui.ma<\/title>\r\n<meta name=\"robots\" content=\"index, follow, max-snippet:-1, max-image-preview:large, max-video-preview:-1\" \/>\r\n<link rel=\"canonical\" href=\"https:\/\/paracherkaoui.ma\/index.php\/produit\/nuxe-huile-prodigieuse-florale-huile-seche-multi-fonctions-100-ml\/\" \/>\r\n<meta property=\"og:locale\" content=\"fr_FR\" \/>\r\n<meta property=\"og:type\" content=\"article\" \/>\r\n<meta property=\"og:title\" content=\"NUXE HUILE PRODIGIEUSE FLORALE HUILE SECHE MULTI FONCTIONS 100 ML - Paracherkaoui.ma\" \/>\r\n<meta property=\"og:description\" content=\"Nuxe Huile Prodigieuse Florale Huile S\u00e8che Multi-Fonctions Visage Corps Cheveux Toutes Peaux 100ml Propri\u00e9t\u00e9s : Nourrit, r\u00e9pare, sublime votre beaut\u00e9\" \/>\r\n<meta property=\"og:url\" content=\"https:\/\/paracherkaoui.ma\/index.php\/produit\/nuxe-huile-prodigieuse-florale-huile-seche-multi-fonctions-100-ml\/\" \/>\r\n<meta property=\"og:site_name\" content=\"Paracherkaoui.ma\" \/>\r\n<meta property=\"article:modified_time\" content=\"2025-12-12T17:41:02+00:00\" \/>\r\n<meta property=\"og:image\" content=\"https:\/\/paracherkaoui.ma\/wp-content\/uploads\/2025\/12\/nuxe-nuxe-huile-prodigieuse-florale-huile-seche-multi-fonctions-100-ml-cremes-et-soins-hydratants.jpg\" \/>\r\n\t<meta property=\"og:image:width\" content=\"700\" \/>\r\n\t<meta property=\"og:image:height\" content=\"700\" \/>\r\n\t<meta property=\"og:image:type\" content=\"image\/jpeg\" \/>\r\n<meta name=\"twitter:card\" content=\"summary_large_image\" \/>\r\n<meta name=\"twitter:label1\" content=\"Dur\u00e9e de lecture estim\u00e9e\" \/>\n\t<meta name=\"twitter:data1\" content=\"1 minute\" \/>\r\n<script type=\"application\/ld+json\" class=\"yoast-schema-graph\">{\"@context\":\"https:\/\/schema.org\",\"@graph\":[{\"@type\":\"WebPage\",\"@id\":\"https:\/\/paracherkaoui.ma\/index.php\/produit\/nuxe-huile-prodigieuse-florale-huile-seche-multi-fonctions-100-ml\/\",\"url\":\"https:\/\/paracherkaoui.ma\/index.php\/produit\/nuxe-huile-prodigieuse-florale-huile-seche-multi-fonctions-100-ml\/\",\"name\":\"NUXE HUILE PRODIGIEUSE FLORALE HUILE SECHE MULTI FONCTIONS 100 ML - Paracherkaoui.ma\",\"isPartOf\":{\"@id\":\"https:\/\/paracherkaoui.ma\/#website\"},\"primaryImageOfPage\":{\"@id\":\"https:\/\/paracherkaoui.ma\/index.php\/produit\/nuxe-huile-prodigieuse-florale-huile-seche-multi-fonctions-100-ml\/#primaryimage\"},\"image\":{\"@id\":\"https:\/\/paracherkaoui.ma\/index.php\/produit\/nuxe-huile-prodigieuse-florale-huile-seche-multi-fonctions-100-ml\/#primaryimage\"},\"thumbnailUrl\":\"https:\/\/paracherkaoui.ma\/wp-content\/uploads\/2025\/12\/nuxe-nuxe-huile-prodigieuse-florale-huile-seche-multi-fonctions-100-ml-cremes-et-soins-hydratants.jpg\",\"datePublished\":\"2025-12-12T17:40:58+00:00\",\"dateModified\":\"2025-12-12T17:41:02+00:00\",\"breadcrumb\":{\"@id\":\"https:\/\/paracherkaoui.ma\/index.php\/produit\/nuxe-huile-prodigieuse-florale-huile-seche-multi-fonctions-100-ml\/#breadcrumb\"},\"inLanguage\":\"fr-FR\",\"potentialAction\":[{\"@type\":\"ReadAction\",\"target\":[\"https:\/\/paracherkaoui.ma\/index.php\/produit\/nuxe-huile-prodigieuse-florale-huile-seche-multi-fonctions-100-ml\/\"]}]},{\"@type\":\"ImageObject\",\"inLanguage\":\"fr-FR\",\"@id\":\"https:\/\/paracherkaoui.ma\/index.php\/produit\/nuxe-huile-prodigieuse-florale-huile-seche-multi-fonctions-100-ml\/#primaryimage\",\"url\":\"https:\/\/paracherkaoui.ma\/wp-content\/uploads\/2025\/12\/nuxe-nuxe-huile-prodigieuse-florale-huile-seche-multi-fonctions-100-ml-cremes-et-soins-hydratants.jpg\",\"contentUrl\":\"https:\/\/paracherkaoui.ma\/wp-content\/uploads\/2025\/12\/nuxe-nuxe-huile-prodigieuse-florale-huile-seche-multi-fonctions-100-ml-cremes-et-soins-hydratants.jpg\",\"width\":700,\"height\":700},{\"@type\":\"BreadcrumbList\",\"@id\":\"https:\/\/paracherkaoui.ma\/index.php\/produit\/nuxe-huile-prodigieuse-florale-huile-seche-multi-fonctions-100-ml\/#breadcrumb\",\"itemListElement\":[{\"@type\":\"ListItem\",\"position\":1,\"name\":\"Accueil\",\"item\":\"https:\/\/paracherkaoui.ma\/\"},{\"@type\":\"ListItem\",\"position\":2,\"name\":\"Boutique\",\"item\":\"https:\/\/paracherkaoui.ma\/index.php\/boutique\/\"},{\"@type\":\"ListItem\",\"position\":3,\"name\":\"NUXE HUILE PRODIGIEUSE FLORALE HUILE SECHE MULTI FONCTIONS 100 ML\"}]},{\"@type\":\"WebSite\",\"@id\":\"https:\/\/paracherkaoui.ma\/#website\",\"url\":\"https:\/\/paracherkaoui.ma\/\",\"name\":\"Paracherkaoui.ma\",\"description\":\"Achetez en ligne sur Paracherkaoui.ma\",\"potentialAction\":[{\"@type\":\"SearchAction\",\"target\":{\"@type\":\"EntryPoint\",\"urlTemplate\":\"https:\/\/paracherkaoui.ma\/?s={search_term_string}\"},\"query-input\":{\"@type\":\"PropertyValueSpecification\",\"valueRequired\":true,\"valueName\":\"search_term_string\"}}],\"inLanguage\":\"fr-FR\"}]}<\/script>\r\n<!-- \/ Yoast SEO plugin. -->","yoast_head_json":{"title":"NUXE HUILE PRODIGIEUSE FLORALE HUILE SECHE MULTI FONCTIONS 100 ML - Paracherkaoui.ma","robots":{"index":"index","follow":"follow","max-snippet":"max-snippet:-1","max-image-preview":"max-image-preview:large","max-video-preview":"max-video-preview:-1"},"canonical":"https:\/\/paracherkaoui.ma\/index.php\/produit\/nuxe-huile-prodigieuse-florale-huile-seche-multi-fonctions-100-ml\/","og_locale":"fr_FR","og_type":"article","og_title":"NUXE HUILE PRODIGIEUSE FLORALE HUILE SECHE MULTI FONCTIONS 100 ML - Paracherkaoui.ma","og_description":"Nuxe Huile Prodigieuse Florale Huile S\u00e8che Multi-Fonctions Visage Corps Cheveux Toutes Peaux 100ml Propri\u00e9t\u00e9s : Nourrit, r\u00e9pare, sublime votre beaut\u00e9","og_url":"https:\/\/paracherkaoui.ma\/index.php\/produit\/nuxe-huile-prodigieuse-florale-huile-seche-multi-fonctions-100-ml\/","og_site_name":"Paracherkaoui.ma","article_modified_time":"2025-12-12T17:41:02+00:00","og_image":[{"width":700,"height":700,"url":"https:\/\/paracherkaoui.ma\/wp-content\/uploads\/2025\/12\/nuxe-nuxe-huile-prodigieuse-florale-huile-seche-multi-fonctions-100-ml-cremes-et-soins-hydratants.jpg","type":"image\/jpeg"}],"twitter_card":"summary_large_image","twitter_misc":{"Dur\u00e9e de lecture estim\u00e9e":"1 minute"},"schema":{"@context":"https:\/\/schema.org","@graph":[{"@type":"WebPage","@id":"https:\/\/paracherkaoui.ma\/index.php\/produit\/nuxe-huile-prodigieuse-florale-huile-seche-multi-fonctions-100-ml\/","url":"https:\/\/paracherkaoui.ma\/index.php\/produit\/nuxe-huile-prodigieuse-florale-huile-seche-multi-fonctions-100-ml\/","name":"NUXE HUILE PRODIGIEUSE FLORALE HUILE SECHE MULTI FONCTIONS 100 ML - Paracherkaoui.ma","isPartOf":{"@id":"https:\/\/paracherkaoui.ma\/#website"},"primaryImageOfPage":{"@id":"https:\/\/paracherkaoui.ma\/index.php\/produit\/nuxe-huile-prodigieuse-florale-huile-seche-multi-fonctions-100-ml\/#primaryimage"},"image":{"@id":"https:\/\/paracherkaoui.ma\/index.php\/produit\/nuxe-huile-prodigieuse-florale-huile-seche-multi-fonctions-100-ml\/#primaryimage"},"thumbnailUrl":"https:\/\/paracherkaoui.ma\/wp-content\/uploads\/2025\/12\/nuxe-nuxe-huile-prodigieuse-florale-huile-seche-multi-fonctions-100-ml-cremes-et-soins-hydratants.jpg","datePublished":"2025-12-12T17:40:58+00:00","dateModified":"2025-12-12T17:41:02+00:00","breadcrumb":{"@id":"https:\/\/paracherkaoui.ma\/index.php\/produit\/nuxe-huile-prodigieuse-florale-huile-seche-multi-fonctions-100-ml\/#breadcrumb"},"inLanguage":"fr-FR","potentialAction":[{"@type":"ReadAction","target":["https:\/\/paracherkaoui.ma\/index.php\/produit\/nuxe-huile-prodigieuse-florale-huile-seche-multi-fonctions-100-ml\/"]}]},{"@type":"ImageObject","inLanguage":"fr-FR","@id":"https:\/\/paracherkaoui.ma\/index.php\/produit\/nuxe-huile-prodigieuse-florale-huile-seche-multi-fonctions-100-ml\/#primaryimage","url":"https:\/\/paracherkaoui.ma\/wp-content\/uploads\/2025\/12\/nuxe-nuxe-huile-prodigieuse-florale-huile-seche-multi-fonctions-100-ml-cremes-et-soins-hydratants.jpg","contentUrl":"https:\/\/paracherkaoui.ma\/wp-content\/uploads\/2025\/12\/nuxe-nuxe-huile-prodigieuse-florale-huile-seche-multi-fonctions-100-ml-cremes-et-soins-hydratants.jpg","width":700,"height":700},{"@type":"BreadcrumbList","@id":"https:\/\/paracherkaoui.ma\/index.php\/produit\/nuxe-huile-prodigieuse-florale-huile-seche-multi-fonctions-100-ml\/#breadcrumb","itemListElement":[{"@type":"ListItem","position":1,"name":"Accueil","item":"https:\/\/paracherkaoui.ma\/"},{"@type":"ListItem","position":2,"name":"Boutique","item":"https:\/\/paracherkaoui.ma\/index.php\/boutique\/"},{"@type":"ListItem","position":3,"name":"NUXE HUILE PRODIGIEUSE FLORALE HUILE SECHE MULTI FONCTIONS 100 ML"}]},{"@type":"WebSite","@id":"https:\/\/paracherkaoui.ma\/#website","url":"https:\/\/paracherkaoui.ma\/","name":"Paracherkaoui.ma","description":"Achetez en ligne sur Paracherkaoui.ma","potentialAction":[{"@type":"SearchAction","target":{"@type":"EntryPoint","urlTemplate":"https:\/\/paracherkaoui.ma\/?s={search_term_string}"},"query-input":{"@type":"PropertyValueSpecification","valueRequired":true,"valueName":"search_term_string"}}],"inLanguage":"fr-FR"}]}},"_links":{"self":[{"href":"https:\/\/paracherkaoui.ma\/index.php\/wp-json\/wp\/v2\/product\/33360","targetHints":{"allow":["GET"]}}],"collection":[{"href":"https:\/\/paracherkaoui.ma\/index.php\/wp-json\/wp\/v2\/product"}],"about":[{"href":"https:\/\/paracherkaoui.ma\/index.php\/wp-json\/wp\/v2\/types\/product"}],"replies":[{"embeddable":true,"href":"https:\/\/paracherkaoui.ma\/index.php\/wp-json\/wp\/v2\/comments?post=33360"}],"version-history":[{"count":1,"href":"https:\/\/paracherkaoui.ma\/index.php\/wp-json\/wp\/v2\/product\/33360\/revisions"}],"predecessor-version":[{"id":33398,"href":"https:\/\/paracherkaoui.ma\/index.php\/wp-json\/wp\/v2\/product\/33360\/revisions\/33398"}],"wp:featuredmedia":[{"embeddable":true,"href":"https:\/\/paracherkaoui.ma\/index.php\/wp-json\/wp\/v2\/media\/33397"}],"wp:attachment":[{"href":"https:\/\/paracherkaoui.ma\/index.php\/wp-json\/wp\/v2\/media?parent=33360"}],"wp:term":[{"taxonomy":"product_brand","embeddable":true,"href":"https:\/\/paracherkaoui.ma\/index.php\/wp-json\/wp\/v2\/product_brand?post=33360"},{"taxonomy":"product_cat","embeddable":true,"href":"https:\/\/paracherkaoui.ma\/index.php\/wp-json\/wp\/v2\/product_cat?post=33360"},{"taxonomy":"product_tag","embeddable":true,"href":"https:\/\/paracherkaoui.ma\/index.php\/wp-json\/wp\/v2\/product_tag?post=33360"}],"curies":[{"name":"wp","href":"https:\/\/api.w.org\/{rel}","templated":true}]}}