{"id":33359,"date":"2025-12-12T18:40:58","date_gmt":"2025-12-12T17:40:58","guid":{"rendered":"https:\/\/test.ecbeaute.com\/?post_type=product&#038;p=33359"},"modified":"2025-12-12T18:41:02","modified_gmt":"2025-12-12T17:41:02","slug":"nuxe-soins-prodigieux-huile-prodigieuse-or-50-ml","status":"publish","type":"product","link":"https:\/\/paracherkaoui.ma\/index.php\/produit\/nuxe-soins-prodigieux-huile-prodigieuse-or-50-ml\/","title":{"rendered":"NUXE SOINS PRODIGIEUX, HUILE PRODIGIEUSE OR 50 ML"},"content":{"rendered":"<p>INDICATIONS :<br \/>\nAvec sa concentration in\u00e9dite de 6 Huiles V\u00e9g\u00e9tales Pr\u00e9cieuses et Vitamine E, ce soin effet lumi\u00e8re tr\u00e8s vite absorb\u00e9 nourrit, adoucit et sublime le visage, le corps et les cheveux en un seul geste. Sa texture huile s\u00e8che unique et son parfum inimitable en font l\u2019\u00e9lue des femmes depuis plus de 20 ans. Utiliser toute l&rsquo;ann\u00e9e, \u00e9t\u00e9 comme hiver. Agiter avant emploi. 95% d&rsquo;ingr\u00e9dients d&rsquo;origine naturelle. Sans conservateur.<br \/>\nPR\u00c9SENTATION :<br \/>\n1 Flacon de 50 ml<br \/>\nCOMPOSITION :<br \/>\nCOCO-CAPRYLATE\/CAPRATE, MACADAMIA INTEGRIFOLIA SEED OIL, DICAPRYLYL ETHER, CAPRYLIC\/CAPRIC TRIGLYCERIDE, PRUNUS AMYGDALUS DULCIS (SWEET ALMOND) OIL, CORYLUS AVELLANA (HAZEL) SEED OIL, MICA, CAMELLIA OLEIFERA SEED OIL, PARFUM\/FRAGRANCE, SILICA, CAMELLIA JAPONICA SEED OIL, TOCOPHEROL, CI 77891\/TITANIUM DIOXIDE, ARGANIA SPINOSA KERNEL OIL, BORAGO OFFICINALIS SEED OIL, CI 77491\/IRON OXIDES, TOCOPHERYL ACETATE, HELIANTHUS ANNUUS (SUNFLOWER) SEED OIL, ROSMARINUS OFFICINALIS (ROSEMARY) LEAF EXTRACT, POLYGLYCERYL-3 DIISOSTEARATE, ASCORBIC ACID, SOLANUM LYCOPERSICUM (TOMATO) FRUIT EXTRACT, BENZYL SALICYLATE, LINALOOL, LIMONENE, CITRONELLOL, GERANIOL, BENZYL ALCOHOL [N2213\/A].<\/p>\n","protected":false},"excerpt":{"rendered":"<p>INDICATIONS : Avec sa concentration in\u00e9dite de 6 Huiles V\u00e9g\u00e9tales Pr\u00e9cieuses et Vitamine E, ce soin effet lumi\u00e8re tr\u00e8s vite<\/p>\n","protected":false},"featured_media":33395,"comment_status":"open","ping_status":"closed","template":"","meta":[],"product_brand":[230],"product_cat":[618],"product_tag":[],"class_list":{"0":"post-33359","1":"product","2":"type-product","3":"status-publish","4":"has-post-thumbnail","6":"product_brand-nuxe","7":"product_cat-hydratation-corps-corps","9":"first","10":"instock","11":"sale","12":"shipping-taxable","13":"purchasable","14":"product-type-simple"},"yoast_head":"<!-- This site is optimized with the Yoast SEO plugin v26.6 - https:\/\/yoast.com\/wordpress\/plugins\/seo\/ -->\r\n<title>NUXE SOINS PRODIGIEUX, HUILE PRODIGIEUSE OR 50 ML - Paracherkaoui.ma<\/title>\r\n<meta name=\"robots\" content=\"index, follow, max-snippet:-1, max-image-preview:large, max-video-preview:-1\" \/>\r\n<link rel=\"canonical\" href=\"https:\/\/paracherkaoui.ma\/index.php\/produit\/nuxe-soins-prodigieux-huile-prodigieuse-or-50-ml\/\" \/>\r\n<meta property=\"og:locale\" content=\"fr_FR\" \/>\r\n<meta property=\"og:type\" content=\"article\" \/>\r\n<meta property=\"og:title\" content=\"NUXE SOINS PRODIGIEUX, HUILE PRODIGIEUSE OR 50 ML - Paracherkaoui.ma\" \/>\r\n<meta property=\"og:description\" content=\"INDICATIONS : Avec sa concentration in\u00e9dite de 6 Huiles V\u00e9g\u00e9tales Pr\u00e9cieuses et Vitamine E, ce soin effet lumi\u00e8re tr\u00e8s vite\" \/>\r\n<meta property=\"og:url\" content=\"https:\/\/paracherkaoui.ma\/index.php\/produit\/nuxe-soins-prodigieux-huile-prodigieuse-or-50-ml\/\" \/>\r\n<meta property=\"og:site_name\" content=\"Paracherkaoui.ma\" \/>\r\n<meta property=\"article:modified_time\" content=\"2025-12-12T17:41:02+00:00\" \/>\r\n<meta property=\"og:image\" content=\"https:\/\/paracherkaoui.ma\/wp-content\/uploads\/2025\/12\/nuxe-nuxe-soins-prodigieux-huile-prodigieuse-or-50-ml-hydratation-corps.jpg\" \/>\r\n\t<meta property=\"og:image:width\" content=\"700\" \/>\r\n\t<meta property=\"og:image:height\" content=\"700\" \/>\r\n\t<meta property=\"og:image:type\" content=\"image\/jpeg\" \/>\r\n<meta name=\"twitter:card\" content=\"summary_large_image\" \/>\r\n<meta name=\"twitter:label1\" content=\"Dur\u00e9e de lecture estim\u00e9e\" \/>\n\t<meta name=\"twitter:data1\" content=\"1 minute\" \/>\r\n<script type=\"application\/ld+json\" class=\"yoast-schema-graph\">{\"@context\":\"https:\/\/schema.org\",\"@graph\":[{\"@type\":\"WebPage\",\"@id\":\"https:\/\/paracherkaoui.ma\/index.php\/produit\/nuxe-soins-prodigieux-huile-prodigieuse-or-50-ml\/\",\"url\":\"https:\/\/paracherkaoui.ma\/index.php\/produit\/nuxe-soins-prodigieux-huile-prodigieuse-or-50-ml\/\",\"name\":\"NUXE SOINS PRODIGIEUX, HUILE PRODIGIEUSE OR 50 ML - Paracherkaoui.ma\",\"isPartOf\":{\"@id\":\"https:\/\/paracherkaoui.ma\/#website\"},\"primaryImageOfPage\":{\"@id\":\"https:\/\/paracherkaoui.ma\/index.php\/produit\/nuxe-soins-prodigieux-huile-prodigieuse-or-50-ml\/#primaryimage\"},\"image\":{\"@id\":\"https:\/\/paracherkaoui.ma\/index.php\/produit\/nuxe-soins-prodigieux-huile-prodigieuse-or-50-ml\/#primaryimage\"},\"thumbnailUrl\":\"https:\/\/paracherkaoui.ma\/wp-content\/uploads\/2025\/12\/nuxe-nuxe-soins-prodigieux-huile-prodigieuse-or-50-ml-hydratation-corps.jpg\",\"datePublished\":\"2025-12-12T17:40:58+00:00\",\"dateModified\":\"2025-12-12T17:41:02+00:00\",\"breadcrumb\":{\"@id\":\"https:\/\/paracherkaoui.ma\/index.php\/produit\/nuxe-soins-prodigieux-huile-prodigieuse-or-50-ml\/#breadcrumb\"},\"inLanguage\":\"fr-FR\",\"potentialAction\":[{\"@type\":\"ReadAction\",\"target\":[\"https:\/\/paracherkaoui.ma\/index.php\/produit\/nuxe-soins-prodigieux-huile-prodigieuse-or-50-ml\/\"]}]},{\"@type\":\"ImageObject\",\"inLanguage\":\"fr-FR\",\"@id\":\"https:\/\/paracherkaoui.ma\/index.php\/produit\/nuxe-soins-prodigieux-huile-prodigieuse-or-50-ml\/#primaryimage\",\"url\":\"https:\/\/paracherkaoui.ma\/wp-content\/uploads\/2025\/12\/nuxe-nuxe-soins-prodigieux-huile-prodigieuse-or-50-ml-hydratation-corps.jpg\",\"contentUrl\":\"https:\/\/paracherkaoui.ma\/wp-content\/uploads\/2025\/12\/nuxe-nuxe-soins-prodigieux-huile-prodigieuse-or-50-ml-hydratation-corps.jpg\",\"width\":700,\"height\":700},{\"@type\":\"BreadcrumbList\",\"@id\":\"https:\/\/paracherkaoui.ma\/index.php\/produit\/nuxe-soins-prodigieux-huile-prodigieuse-or-50-ml\/#breadcrumb\",\"itemListElement\":[{\"@type\":\"ListItem\",\"position\":1,\"name\":\"Accueil\",\"item\":\"https:\/\/paracherkaoui.ma\/\"},{\"@type\":\"ListItem\",\"position\":2,\"name\":\"Boutique\",\"item\":\"https:\/\/paracherkaoui.ma\/index.php\/boutique\/\"},{\"@type\":\"ListItem\",\"position\":3,\"name\":\"NUXE SOINS PRODIGIEUX, HUILE PRODIGIEUSE OR 50 ML\"}]},{\"@type\":\"WebSite\",\"@id\":\"https:\/\/paracherkaoui.ma\/#website\",\"url\":\"https:\/\/paracherkaoui.ma\/\",\"name\":\"Paracherkaoui.ma\",\"description\":\"Achetez en ligne sur Paracherkaoui.ma\",\"potentialAction\":[{\"@type\":\"SearchAction\",\"target\":{\"@type\":\"EntryPoint\",\"urlTemplate\":\"https:\/\/paracherkaoui.ma\/?s={search_term_string}\"},\"query-input\":{\"@type\":\"PropertyValueSpecification\",\"valueRequired\":true,\"valueName\":\"search_term_string\"}}],\"inLanguage\":\"fr-FR\"}]}<\/script>\r\n<!-- \/ Yoast SEO plugin. -->","yoast_head_json":{"title":"NUXE SOINS PRODIGIEUX, HUILE PRODIGIEUSE OR 50 ML - Paracherkaoui.ma","robots":{"index":"index","follow":"follow","max-snippet":"max-snippet:-1","max-image-preview":"max-image-preview:large","max-video-preview":"max-video-preview:-1"},"canonical":"https:\/\/paracherkaoui.ma\/index.php\/produit\/nuxe-soins-prodigieux-huile-prodigieuse-or-50-ml\/","og_locale":"fr_FR","og_type":"article","og_title":"NUXE SOINS PRODIGIEUX, HUILE PRODIGIEUSE OR 50 ML - Paracherkaoui.ma","og_description":"INDICATIONS : Avec sa concentration in\u00e9dite de 6 Huiles V\u00e9g\u00e9tales Pr\u00e9cieuses et Vitamine E, ce soin effet lumi\u00e8re tr\u00e8s vite","og_url":"https:\/\/paracherkaoui.ma\/index.php\/produit\/nuxe-soins-prodigieux-huile-prodigieuse-or-50-ml\/","og_site_name":"Paracherkaoui.ma","article_modified_time":"2025-12-12T17:41:02+00:00","og_image":[{"width":700,"height":700,"url":"https:\/\/paracherkaoui.ma\/wp-content\/uploads\/2025\/12\/nuxe-nuxe-soins-prodigieux-huile-prodigieuse-or-50-ml-hydratation-corps.jpg","type":"image\/jpeg"}],"twitter_card":"summary_large_image","twitter_misc":{"Dur\u00e9e de lecture estim\u00e9e":"1 minute"},"schema":{"@context":"https:\/\/schema.org","@graph":[{"@type":"WebPage","@id":"https:\/\/paracherkaoui.ma\/index.php\/produit\/nuxe-soins-prodigieux-huile-prodigieuse-or-50-ml\/","url":"https:\/\/paracherkaoui.ma\/index.php\/produit\/nuxe-soins-prodigieux-huile-prodigieuse-or-50-ml\/","name":"NUXE SOINS PRODIGIEUX, HUILE PRODIGIEUSE OR 50 ML - Paracherkaoui.ma","isPartOf":{"@id":"https:\/\/paracherkaoui.ma\/#website"},"primaryImageOfPage":{"@id":"https:\/\/paracherkaoui.ma\/index.php\/produit\/nuxe-soins-prodigieux-huile-prodigieuse-or-50-ml\/#primaryimage"},"image":{"@id":"https:\/\/paracherkaoui.ma\/index.php\/produit\/nuxe-soins-prodigieux-huile-prodigieuse-or-50-ml\/#primaryimage"},"thumbnailUrl":"https:\/\/paracherkaoui.ma\/wp-content\/uploads\/2025\/12\/nuxe-nuxe-soins-prodigieux-huile-prodigieuse-or-50-ml-hydratation-corps.jpg","datePublished":"2025-12-12T17:40:58+00:00","dateModified":"2025-12-12T17:41:02+00:00","breadcrumb":{"@id":"https:\/\/paracherkaoui.ma\/index.php\/produit\/nuxe-soins-prodigieux-huile-prodigieuse-or-50-ml\/#breadcrumb"},"inLanguage":"fr-FR","potentialAction":[{"@type":"ReadAction","target":["https:\/\/paracherkaoui.ma\/index.php\/produit\/nuxe-soins-prodigieux-huile-prodigieuse-or-50-ml\/"]}]},{"@type":"ImageObject","inLanguage":"fr-FR","@id":"https:\/\/paracherkaoui.ma\/index.php\/produit\/nuxe-soins-prodigieux-huile-prodigieuse-or-50-ml\/#primaryimage","url":"https:\/\/paracherkaoui.ma\/wp-content\/uploads\/2025\/12\/nuxe-nuxe-soins-prodigieux-huile-prodigieuse-or-50-ml-hydratation-corps.jpg","contentUrl":"https:\/\/paracherkaoui.ma\/wp-content\/uploads\/2025\/12\/nuxe-nuxe-soins-prodigieux-huile-prodigieuse-or-50-ml-hydratation-corps.jpg","width":700,"height":700},{"@type":"BreadcrumbList","@id":"https:\/\/paracherkaoui.ma\/index.php\/produit\/nuxe-soins-prodigieux-huile-prodigieuse-or-50-ml\/#breadcrumb","itemListElement":[{"@type":"ListItem","position":1,"name":"Accueil","item":"https:\/\/paracherkaoui.ma\/"},{"@type":"ListItem","position":2,"name":"Boutique","item":"https:\/\/paracherkaoui.ma\/index.php\/boutique\/"},{"@type":"ListItem","position":3,"name":"NUXE SOINS PRODIGIEUX, HUILE PRODIGIEUSE OR 50 ML"}]},{"@type":"WebSite","@id":"https:\/\/paracherkaoui.ma\/#website","url":"https:\/\/paracherkaoui.ma\/","name":"Paracherkaoui.ma","description":"Achetez en ligne sur Paracherkaoui.ma","potentialAction":[{"@type":"SearchAction","target":{"@type":"EntryPoint","urlTemplate":"https:\/\/paracherkaoui.ma\/?s={search_term_string}"},"query-input":{"@type":"PropertyValueSpecification","valueRequired":true,"valueName":"search_term_string"}}],"inLanguage":"fr-FR"}]}},"_links":{"self":[{"href":"https:\/\/paracherkaoui.ma\/index.php\/wp-json\/wp\/v2\/product\/33359","targetHints":{"allow":["GET"]}}],"collection":[{"href":"https:\/\/paracherkaoui.ma\/index.php\/wp-json\/wp\/v2\/product"}],"about":[{"href":"https:\/\/paracherkaoui.ma\/index.php\/wp-json\/wp\/v2\/types\/product"}],"replies":[{"embeddable":true,"href":"https:\/\/paracherkaoui.ma\/index.php\/wp-json\/wp\/v2\/comments?post=33359"}],"version-history":[{"count":1,"href":"https:\/\/paracherkaoui.ma\/index.php\/wp-json\/wp\/v2\/product\/33359\/revisions"}],"predecessor-version":[{"id":33396,"href":"https:\/\/paracherkaoui.ma\/index.php\/wp-json\/wp\/v2\/product\/33359\/revisions\/33396"}],"wp:featuredmedia":[{"embeddable":true,"href":"https:\/\/paracherkaoui.ma\/index.php\/wp-json\/wp\/v2\/media\/33395"}],"wp:attachment":[{"href":"https:\/\/paracherkaoui.ma\/index.php\/wp-json\/wp\/v2\/media?parent=33359"}],"wp:term":[{"taxonomy":"product_brand","embeddable":true,"href":"https:\/\/paracherkaoui.ma\/index.php\/wp-json\/wp\/v2\/product_brand?post=33359"},{"taxonomy":"product_cat","embeddable":true,"href":"https:\/\/paracherkaoui.ma\/index.php\/wp-json\/wp\/v2\/product_cat?post=33359"},{"taxonomy":"product_tag","embeddable":true,"href":"https:\/\/paracherkaoui.ma\/index.php\/wp-json\/wp\/v2\/product_tag?post=33359"}],"curies":[{"name":"wp","href":"https:\/\/api.w.org\/{rel}","templated":true}]}}