{"id":33343,"date":"2025-12-12T18:40:57","date_gmt":"2025-12-12T17:40:57","guid":{"rendered":"https:\/\/test.ecbeaute.com\/?post_type=product&#038;p=33343"},"modified":"2025-12-12T18:41:00","modified_gmt":"2025-12-12T17:41:00","slug":"cerave-sa-gel-nettoyant-anti-rugosites-473-ml-6","status":"publish","type":"product","link":"https:\/\/paracherkaoui.ma\/index.php\/produit\/cerave-sa-gel-nettoyant-anti-rugosites-473-ml-6\/","title":{"rendered":"CERAVE SA GEL NETTOYANT ANTI RUGOSITES 473 ML"},"content":{"rendered":"<p>Description:<br \/>\nD\u00e9velopp\u00e9e avec des dermatologues, cette formule lissante sans grains, aux 3 c\u00e9ramides essentiels, acide salicylique et acide hyaluronique, nettoie en douceur et favorise l\u2019\u00e9limination des rugosit\u00e9s des peaux s\u00e8ches sans alt\u00e9rer la barri\u00e8re protectrice de la peau.Efficacit\u00e9 imm\u00e9diate : +94% d\u2019hydratation apr\u00e8s la premi\u00e8re application-Efficacit\u00e9 cliniquement prouv\u00e9e apr\u00e8s 8 semaines : -76% de sympt\u00f4mes de s\u00e9cheresses cutan\u00e9es, la peau est plus lisse +39,5%<br \/>\nConseils d&rsquo;utilisation:<br \/>\nAppliquer sur une peau humidifi\u00e9e\u2013 Rincer. Eviter le contour des yeux. \u2013 En cas de contact avec les yeux, rincer abondamment et imm\u00e9diatement.<\/p>\n","protected":false},"excerpt":{"rendered":"<p>Description: D\u00e9velopp\u00e9e avec des dermatologues, cette formule lissante sans grains, aux 3 c\u00e9ramides essentiels, acide salicylique et acide hyaluronique, nettoie<\/p>\n","protected":false},"featured_media":11077,"comment_status":"open","ping_status":"closed","template":"","meta":[],"product_brand":[131],"product_cat":[618],"product_tag":[],"class_list":{"0":"post-33343","1":"product","2":"type-product","3":"status-publish","4":"has-post-thumbnail","6":"product_brand-cerave","7":"product_cat-hydratation-corps-corps","9":"first","10":"instock","11":"sale","12":"shipping-taxable","13":"purchasable","14":"product-type-simple"},"yoast_head":"<!-- This site is optimized with the Yoast SEO plugin v26.6 - https:\/\/yoast.com\/wordpress\/plugins\/seo\/ -->\r\n<title>CERAVE SA GEL NETTOYANT ANTI RUGOSITES 473 ML - Paracherkaoui.ma<\/title>\r\n<meta name=\"robots\" content=\"index, follow, max-snippet:-1, max-image-preview:large, max-video-preview:-1\" \/>\r\n<link rel=\"canonical\" href=\"https:\/\/paracherkaoui.ma\/index.php\/produit\/cerave-sa-gel-nettoyant-anti-rugosites-473-ml-6\/\" \/>\r\n<meta property=\"og:locale\" content=\"fr_FR\" \/>\r\n<meta property=\"og:type\" content=\"article\" \/>\r\n<meta property=\"og:title\" content=\"CERAVE SA GEL NETTOYANT ANTI RUGOSITES 473 ML - Paracherkaoui.ma\" \/>\r\n<meta property=\"og:description\" content=\"Description: D\u00e9velopp\u00e9e avec des dermatologues, cette formule lissante sans grains, aux 3 c\u00e9ramides essentiels, acide salicylique et acide hyaluronique, nettoie\" \/>\r\n<meta property=\"og:url\" content=\"https:\/\/paracherkaoui.ma\/index.php\/produit\/cerave-sa-gel-nettoyant-anti-rugosites-473-ml-6\/\" \/>\r\n<meta property=\"og:site_name\" content=\"Paracherkaoui.ma\" \/>\r\n<meta property=\"article:modified_time\" content=\"2025-12-12T17:41:00+00:00\" \/>\r\n<meta property=\"og:image\" content=\"https:\/\/paracherkaoui.ma\/wp-content\/uploads\/2025\/12\/cerave-cerave-sa-gel-nettoyant-anti-rugosites-473-ml-accueil.jpg\" \/>\r\n\t<meta property=\"og:image:width\" content=\"700\" \/>\r\n\t<meta property=\"og:image:height\" content=\"700\" \/>\r\n\t<meta property=\"og:image:type\" content=\"image\/jpeg\" \/>\r\n<meta name=\"twitter:card\" content=\"summary_large_image\" \/>\r\n<meta name=\"twitter:label1\" content=\"Dur\u00e9e de lecture estim\u00e9e\" \/>\n\t<meta name=\"twitter:data1\" content=\"1 minute\" \/>\r\n<script type=\"application\/ld+json\" class=\"yoast-schema-graph\">{\"@context\":\"https:\/\/schema.org\",\"@graph\":[{\"@type\":\"WebPage\",\"@id\":\"https:\/\/paracherkaoui.ma\/index.php\/produit\/cerave-sa-gel-nettoyant-anti-rugosites-473-ml-6\/\",\"url\":\"https:\/\/paracherkaoui.ma\/index.php\/produit\/cerave-sa-gel-nettoyant-anti-rugosites-473-ml-6\/\",\"name\":\"CERAVE SA GEL NETTOYANT ANTI RUGOSITES 473 ML - Paracherkaoui.ma\",\"isPartOf\":{\"@id\":\"https:\/\/paracherkaoui.ma\/#website\"},\"primaryImageOfPage\":{\"@id\":\"https:\/\/paracherkaoui.ma\/index.php\/produit\/cerave-sa-gel-nettoyant-anti-rugosites-473-ml-6\/#primaryimage\"},\"image\":{\"@id\":\"https:\/\/paracherkaoui.ma\/index.php\/produit\/cerave-sa-gel-nettoyant-anti-rugosites-473-ml-6\/#primaryimage\"},\"thumbnailUrl\":\"https:\/\/paracherkaoui.ma\/wp-content\/uploads\/2025\/12\/cerave-cerave-sa-gel-nettoyant-anti-rugosites-473-ml-accueil.jpg\",\"datePublished\":\"2025-12-12T17:40:57+00:00\",\"dateModified\":\"2025-12-12T17:41:00+00:00\",\"breadcrumb\":{\"@id\":\"https:\/\/paracherkaoui.ma\/index.php\/produit\/cerave-sa-gel-nettoyant-anti-rugosites-473-ml-6\/#breadcrumb\"},\"inLanguage\":\"fr-FR\",\"potentialAction\":[{\"@type\":\"ReadAction\",\"target\":[\"https:\/\/paracherkaoui.ma\/index.php\/produit\/cerave-sa-gel-nettoyant-anti-rugosites-473-ml-6\/\"]}]},{\"@type\":\"ImageObject\",\"inLanguage\":\"fr-FR\",\"@id\":\"https:\/\/paracherkaoui.ma\/index.php\/produit\/cerave-sa-gel-nettoyant-anti-rugosites-473-ml-6\/#primaryimage\",\"url\":\"https:\/\/paracherkaoui.ma\/wp-content\/uploads\/2025\/12\/cerave-cerave-sa-gel-nettoyant-anti-rugosites-473-ml-accueil.jpg\",\"contentUrl\":\"https:\/\/paracherkaoui.ma\/wp-content\/uploads\/2025\/12\/cerave-cerave-sa-gel-nettoyant-anti-rugosites-473-ml-accueil.jpg\",\"width\":700,\"height\":700},{\"@type\":\"BreadcrumbList\",\"@id\":\"https:\/\/paracherkaoui.ma\/index.php\/produit\/cerave-sa-gel-nettoyant-anti-rugosites-473-ml-6\/#breadcrumb\",\"itemListElement\":[{\"@type\":\"ListItem\",\"position\":1,\"name\":\"Accueil\",\"item\":\"https:\/\/paracherkaoui.ma\/\"},{\"@type\":\"ListItem\",\"position\":2,\"name\":\"Boutique\",\"item\":\"https:\/\/paracherkaoui.ma\/index.php\/boutique\/\"},{\"@type\":\"ListItem\",\"position\":3,\"name\":\"CERAVE SA GEL NETTOYANT ANTI RUGOSITES 473 ML\"}]},{\"@type\":\"WebSite\",\"@id\":\"https:\/\/paracherkaoui.ma\/#website\",\"url\":\"https:\/\/paracherkaoui.ma\/\",\"name\":\"Paracherkaoui.ma\",\"description\":\"Achetez en ligne sur Paracherkaoui.ma\",\"potentialAction\":[{\"@type\":\"SearchAction\",\"target\":{\"@type\":\"EntryPoint\",\"urlTemplate\":\"https:\/\/paracherkaoui.ma\/?s={search_term_string}\"},\"query-input\":{\"@type\":\"PropertyValueSpecification\",\"valueRequired\":true,\"valueName\":\"search_term_string\"}}],\"inLanguage\":\"fr-FR\"}]}<\/script>\r\n<!-- \/ Yoast SEO plugin. -->","yoast_head_json":{"title":"CERAVE SA GEL NETTOYANT ANTI RUGOSITES 473 ML - Paracherkaoui.ma","robots":{"index":"index","follow":"follow","max-snippet":"max-snippet:-1","max-image-preview":"max-image-preview:large","max-video-preview":"max-video-preview:-1"},"canonical":"https:\/\/paracherkaoui.ma\/index.php\/produit\/cerave-sa-gel-nettoyant-anti-rugosites-473-ml-6\/","og_locale":"fr_FR","og_type":"article","og_title":"CERAVE SA GEL NETTOYANT ANTI RUGOSITES 473 ML - Paracherkaoui.ma","og_description":"Description: D\u00e9velopp\u00e9e avec des dermatologues, cette formule lissante sans grains, aux 3 c\u00e9ramides essentiels, acide salicylique et acide hyaluronique, nettoie","og_url":"https:\/\/paracherkaoui.ma\/index.php\/produit\/cerave-sa-gel-nettoyant-anti-rugosites-473-ml-6\/","og_site_name":"Paracherkaoui.ma","article_modified_time":"2025-12-12T17:41:00+00:00","og_image":[{"width":700,"height":700,"url":"https:\/\/paracherkaoui.ma\/wp-content\/uploads\/2025\/12\/cerave-cerave-sa-gel-nettoyant-anti-rugosites-473-ml-accueil.jpg","type":"image\/jpeg"}],"twitter_card":"summary_large_image","twitter_misc":{"Dur\u00e9e de lecture estim\u00e9e":"1 minute"},"schema":{"@context":"https:\/\/schema.org","@graph":[{"@type":"WebPage","@id":"https:\/\/paracherkaoui.ma\/index.php\/produit\/cerave-sa-gel-nettoyant-anti-rugosites-473-ml-6\/","url":"https:\/\/paracherkaoui.ma\/index.php\/produit\/cerave-sa-gel-nettoyant-anti-rugosites-473-ml-6\/","name":"CERAVE SA GEL NETTOYANT ANTI RUGOSITES 473 ML - Paracherkaoui.ma","isPartOf":{"@id":"https:\/\/paracherkaoui.ma\/#website"},"primaryImageOfPage":{"@id":"https:\/\/paracherkaoui.ma\/index.php\/produit\/cerave-sa-gel-nettoyant-anti-rugosites-473-ml-6\/#primaryimage"},"image":{"@id":"https:\/\/paracherkaoui.ma\/index.php\/produit\/cerave-sa-gel-nettoyant-anti-rugosites-473-ml-6\/#primaryimage"},"thumbnailUrl":"https:\/\/paracherkaoui.ma\/wp-content\/uploads\/2025\/12\/cerave-cerave-sa-gel-nettoyant-anti-rugosites-473-ml-accueil.jpg","datePublished":"2025-12-12T17:40:57+00:00","dateModified":"2025-12-12T17:41:00+00:00","breadcrumb":{"@id":"https:\/\/paracherkaoui.ma\/index.php\/produit\/cerave-sa-gel-nettoyant-anti-rugosites-473-ml-6\/#breadcrumb"},"inLanguage":"fr-FR","potentialAction":[{"@type":"ReadAction","target":["https:\/\/paracherkaoui.ma\/index.php\/produit\/cerave-sa-gel-nettoyant-anti-rugosites-473-ml-6\/"]}]},{"@type":"ImageObject","inLanguage":"fr-FR","@id":"https:\/\/paracherkaoui.ma\/index.php\/produit\/cerave-sa-gel-nettoyant-anti-rugosites-473-ml-6\/#primaryimage","url":"https:\/\/paracherkaoui.ma\/wp-content\/uploads\/2025\/12\/cerave-cerave-sa-gel-nettoyant-anti-rugosites-473-ml-accueil.jpg","contentUrl":"https:\/\/paracherkaoui.ma\/wp-content\/uploads\/2025\/12\/cerave-cerave-sa-gel-nettoyant-anti-rugosites-473-ml-accueil.jpg","width":700,"height":700},{"@type":"BreadcrumbList","@id":"https:\/\/paracherkaoui.ma\/index.php\/produit\/cerave-sa-gel-nettoyant-anti-rugosites-473-ml-6\/#breadcrumb","itemListElement":[{"@type":"ListItem","position":1,"name":"Accueil","item":"https:\/\/paracherkaoui.ma\/"},{"@type":"ListItem","position":2,"name":"Boutique","item":"https:\/\/paracherkaoui.ma\/index.php\/boutique\/"},{"@type":"ListItem","position":3,"name":"CERAVE SA GEL NETTOYANT ANTI RUGOSITES 473 ML"}]},{"@type":"WebSite","@id":"https:\/\/paracherkaoui.ma\/#website","url":"https:\/\/paracherkaoui.ma\/","name":"Paracherkaoui.ma","description":"Achetez en ligne sur Paracherkaoui.ma","potentialAction":[{"@type":"SearchAction","target":{"@type":"EntryPoint","urlTemplate":"https:\/\/paracherkaoui.ma\/?s={search_term_string}"},"query-input":{"@type":"PropertyValueSpecification","valueRequired":true,"valueName":"search_term_string"}}],"inLanguage":"fr-FR"}]}},"_links":{"self":[{"href":"https:\/\/paracherkaoui.ma\/index.php\/wp-json\/wp\/v2\/product\/33343","targetHints":{"allow":["GET"]}}],"collection":[{"href":"https:\/\/paracherkaoui.ma\/index.php\/wp-json\/wp\/v2\/product"}],"about":[{"href":"https:\/\/paracherkaoui.ma\/index.php\/wp-json\/wp\/v2\/types\/product"}],"replies":[{"embeddable":true,"href":"https:\/\/paracherkaoui.ma\/index.php\/wp-json\/wp\/v2\/comments?post=33343"}],"version-history":[{"count":1,"href":"https:\/\/paracherkaoui.ma\/index.php\/wp-json\/wp\/v2\/product\/33343\/revisions"}],"predecessor-version":[{"id":33378,"href":"https:\/\/paracherkaoui.ma\/index.php\/wp-json\/wp\/v2\/product\/33343\/revisions\/33378"}],"wp:featuredmedia":[{"embeddable":true,"href":"https:\/\/paracherkaoui.ma\/index.php\/wp-json\/wp\/v2\/media\/11077"}],"wp:attachment":[{"href":"https:\/\/paracherkaoui.ma\/index.php\/wp-json\/wp\/v2\/media?parent=33343"}],"wp:term":[{"taxonomy":"product_brand","embeddable":true,"href":"https:\/\/paracherkaoui.ma\/index.php\/wp-json\/wp\/v2\/product_brand?post=33343"},{"taxonomy":"product_cat","embeddable":true,"href":"https:\/\/paracherkaoui.ma\/index.php\/wp-json\/wp\/v2\/product_cat?post=33343"},{"taxonomy":"product_tag","embeddable":true,"href":"https:\/\/paracherkaoui.ma\/index.php\/wp-json\/wp\/v2\/product_tag?post=33343"}],"curies":[{"name":"wp","href":"https:\/\/api.w.org\/{rel}","templated":true}]}}