{"id":33342,"date":"2025-12-12T18:40:56","date_gmt":"2025-12-12T17:40:56","guid":{"rendered":"https:\/\/test.ecbeaute.com\/?post_type=product&#038;p=33342"},"modified":"2025-12-12T18:41:00","modified_gmt":"2025-12-12T17:41:00","slug":"la-roche-posay-lipikar-lait-relipidant-corps-400ml-3","status":"publish","type":"product","link":"https:\/\/paracherkaoui.ma\/index.php\/produit\/la-roche-posay-lipikar-lait-relipidant-corps-400ml-3\/","title":{"rendered":"LA ROCHE POSAY LIPIKAR LAIT RELIPIDANT CORPS 400ML"},"content":{"rendered":"<p>Au c\u0153ur de sa composition, on retrouve le Cold Cream, reconnu pour ses propri\u00e9t\u00e9s protectrices et hydratantes, le Beurre de Karit\u00e9 relipidant, riche en acides gras essentiels, qui nourrit intens\u00e9ment la peau, et la Niacinamide (Vitamine B3) qui renforce la barri\u00e8re cutan\u00e9e tout en r\u00e9duisant les sensations de tiraillement. L\u2019Eau Thermale de La Roche-Posay, ingr\u00e9dient signature, apaise les irritations et calme les rougeurs.<br \/>\nCe lait corporel se distingue par sa texture l\u00e9g\u00e8re, non grasse et non collante, qui p\u00e9n\u00e8tre facilement, facilitant une application rapide au quotidien. Hypoallerg\u00e9nique, sans parab\u00e8ne ni lanoline, il convient parfaitement aux nourrissons, enfants et adultes. Il a \u00e9t\u00e9 test\u00e9 sous contr\u00f4le dermatologique, p\u00e9diatrique et g\u00e9riatrique, garantissant une tol\u00e9rance optimale m\u00eame sur les peaux les plus sensibles.<br \/>\nId\u00e9al pour lutter contre la s\u00e9cheresse cutan\u00e9e s\u00e9v\u00e8re, ce soin est pl\u00e9biscit\u00e9 pour sa haute efficacit\u00e9 :<br \/>\n98 % des utilisateurs constatent une am\u00e9lioration de la s\u00e9cheresse,<br \/>\n90 % trouvent qu\u2019il p\u00e9n\u00e8tre bien et est facile \u00e0 appliquer,<br \/>\n88 % appr\u00e9cient sa texture cosm\u00e9tique.<br \/>\nConseils d&rsquo;utilisation<br \/>\nAppliquer 1 \u00e0 2 fois par jour sur une peau propre et s\u00e8che, de pr\u00e9f\u00e9rence apr\u00e8s la douche ou le bain. Renouveler l\u2019application en cas de besoin. Convient aux nourrissons, enfants et adultes. En cas de peau atopique, privil\u00e9gier le Baume AP+ de la m\u00eame gamme.<br \/>\nComposition<br \/>\nAQUA \/ WATER, BUTYROSPERMUM PARKII BUTTER \/ SHEA BUTTER, GLYCERIN, PARAFFINUM LIQUIDUM \/ MINERAL OIL, OCTYLDODECANOL, PEG-30 STEARATE, GLYCERYL STEARATE, NIACINAMIDE, DIMETHICONE, CETYL ALCOHOL, CETYL ACETATE, STEARETH-10, CAPRYLOYL GLYCINE, TETRASODIUM EDTA, ACETYLATED LANOLIN ALCOHOL, ACRYLATES\/C10-30 ALKYL ACRYLATE CROSSPOLYMER, SODIUM BENZOATE, PHENOXYETHANOL, PARFUM \/ FRAGRANCE<\/p>\n","protected":false},"excerpt":{"rendered":"<p>Au c\u0153ur de sa composition, on retrouve le Cold Cream, reconnu pour ses propri\u00e9t\u00e9s protectrices et hydratantes, le Beurre de<\/p>\n","protected":false},"featured_media":11222,"comment_status":"open","ping_status":"closed","template":"","meta":[],"product_brand":[132],"product_cat":[618],"product_tag":[],"class_list":{"0":"post-33342","1":"product","2":"type-product","3":"status-publish","4":"has-post-thumbnail","6":"product_brand-la-roche-posay","7":"product_cat-hydratation-corps-corps","9":"first","10":"instock","11":"sale","12":"shipping-taxable","13":"purchasable","14":"product-type-simple"},"yoast_head":"<!-- This site is optimized with the Yoast SEO plugin v26.6 - https:\/\/yoast.com\/wordpress\/plugins\/seo\/ -->\r\n<title>LA ROCHE POSAY LIPIKAR LAIT RELIPIDANT CORPS 400ML - Paracherkaoui.ma<\/title>\r\n<meta name=\"robots\" content=\"index, follow, max-snippet:-1, max-image-preview:large, max-video-preview:-1\" \/>\r\n<link rel=\"canonical\" href=\"https:\/\/paracherkaoui.ma\/index.php\/produit\/la-roche-posay-lipikar-lait-relipidant-corps-400ml-3\/\" \/>\r\n<meta property=\"og:locale\" content=\"fr_FR\" \/>\r\n<meta property=\"og:type\" content=\"article\" \/>\r\n<meta property=\"og:title\" content=\"LA ROCHE POSAY LIPIKAR LAIT RELIPIDANT CORPS 400ML - Paracherkaoui.ma\" \/>\r\n<meta property=\"og:description\" content=\"Au c\u0153ur de sa composition, on retrouve le Cold Cream, reconnu pour ses propri\u00e9t\u00e9s protectrices et hydratantes, le Beurre de\" \/>\r\n<meta property=\"og:url\" content=\"https:\/\/paracherkaoui.ma\/index.php\/produit\/la-roche-posay-lipikar-lait-relipidant-corps-400ml-3\/\" \/>\r\n<meta property=\"og:site_name\" content=\"Paracherkaoui.ma\" \/>\r\n<meta property=\"article:modified_time\" content=\"2025-12-12T17:41:00+00:00\" \/>\r\n<meta property=\"og:image\" content=\"https:\/\/paracherkaoui.ma\/wp-content\/uploads\/2025\/12\/la-roche-posay-la-roche-posay-lipikar-lait-relipidant-corps-400ml-hydratation-corps.jpg\" \/>\r\n\t<meta property=\"og:image:width\" content=\"700\" \/>\r\n\t<meta property=\"og:image:height\" content=\"700\" \/>\r\n\t<meta property=\"og:image:type\" content=\"image\/jpeg\" \/>\r\n<meta name=\"twitter:card\" content=\"summary_large_image\" \/>\r\n<meta name=\"twitter:label1\" content=\"Dur\u00e9e de lecture estim\u00e9e\" \/>\n\t<meta name=\"twitter:data1\" content=\"1 minute\" \/>\r\n<script type=\"application\/ld+json\" class=\"yoast-schema-graph\">{\"@context\":\"https:\/\/schema.org\",\"@graph\":[{\"@type\":\"WebPage\",\"@id\":\"https:\/\/paracherkaoui.ma\/index.php\/produit\/la-roche-posay-lipikar-lait-relipidant-corps-400ml-3\/\",\"url\":\"https:\/\/paracherkaoui.ma\/index.php\/produit\/la-roche-posay-lipikar-lait-relipidant-corps-400ml-3\/\",\"name\":\"LA ROCHE POSAY LIPIKAR LAIT RELIPIDANT CORPS 400ML - Paracherkaoui.ma\",\"isPartOf\":{\"@id\":\"https:\/\/paracherkaoui.ma\/#website\"},\"primaryImageOfPage\":{\"@id\":\"https:\/\/paracherkaoui.ma\/index.php\/produit\/la-roche-posay-lipikar-lait-relipidant-corps-400ml-3\/#primaryimage\"},\"image\":{\"@id\":\"https:\/\/paracherkaoui.ma\/index.php\/produit\/la-roche-posay-lipikar-lait-relipidant-corps-400ml-3\/#primaryimage\"},\"thumbnailUrl\":\"https:\/\/paracherkaoui.ma\/wp-content\/uploads\/2025\/12\/la-roche-posay-la-roche-posay-lipikar-lait-relipidant-corps-400ml-hydratation-corps.jpg\",\"datePublished\":\"2025-12-12T17:40:56+00:00\",\"dateModified\":\"2025-12-12T17:41:00+00:00\",\"breadcrumb\":{\"@id\":\"https:\/\/paracherkaoui.ma\/index.php\/produit\/la-roche-posay-lipikar-lait-relipidant-corps-400ml-3\/#breadcrumb\"},\"inLanguage\":\"fr-FR\",\"potentialAction\":[{\"@type\":\"ReadAction\",\"target\":[\"https:\/\/paracherkaoui.ma\/index.php\/produit\/la-roche-posay-lipikar-lait-relipidant-corps-400ml-3\/\"]}]},{\"@type\":\"ImageObject\",\"inLanguage\":\"fr-FR\",\"@id\":\"https:\/\/paracherkaoui.ma\/index.php\/produit\/la-roche-posay-lipikar-lait-relipidant-corps-400ml-3\/#primaryimage\",\"url\":\"https:\/\/paracherkaoui.ma\/wp-content\/uploads\/2025\/12\/la-roche-posay-la-roche-posay-lipikar-lait-relipidant-corps-400ml-hydratation-corps.jpg\",\"contentUrl\":\"https:\/\/paracherkaoui.ma\/wp-content\/uploads\/2025\/12\/la-roche-posay-la-roche-posay-lipikar-lait-relipidant-corps-400ml-hydratation-corps.jpg\",\"width\":700,\"height\":700},{\"@type\":\"BreadcrumbList\",\"@id\":\"https:\/\/paracherkaoui.ma\/index.php\/produit\/la-roche-posay-lipikar-lait-relipidant-corps-400ml-3\/#breadcrumb\",\"itemListElement\":[{\"@type\":\"ListItem\",\"position\":1,\"name\":\"Accueil\",\"item\":\"https:\/\/paracherkaoui.ma\/\"},{\"@type\":\"ListItem\",\"position\":2,\"name\":\"Boutique\",\"item\":\"https:\/\/paracherkaoui.ma\/index.php\/boutique\/\"},{\"@type\":\"ListItem\",\"position\":3,\"name\":\"LA ROCHE POSAY LIPIKAR LAIT RELIPIDANT CORPS 400ML\"}]},{\"@type\":\"WebSite\",\"@id\":\"https:\/\/paracherkaoui.ma\/#website\",\"url\":\"https:\/\/paracherkaoui.ma\/\",\"name\":\"Paracherkaoui.ma\",\"description\":\"Achetez en ligne sur Paracherkaoui.ma\",\"potentialAction\":[{\"@type\":\"SearchAction\",\"target\":{\"@type\":\"EntryPoint\",\"urlTemplate\":\"https:\/\/paracherkaoui.ma\/?s={search_term_string}\"},\"query-input\":{\"@type\":\"PropertyValueSpecification\",\"valueRequired\":true,\"valueName\":\"search_term_string\"}}],\"inLanguage\":\"fr-FR\"}]}<\/script>\r\n<!-- \/ Yoast SEO plugin. -->","yoast_head_json":{"title":"LA ROCHE POSAY LIPIKAR LAIT RELIPIDANT CORPS 400ML - Paracherkaoui.ma","robots":{"index":"index","follow":"follow","max-snippet":"max-snippet:-1","max-image-preview":"max-image-preview:large","max-video-preview":"max-video-preview:-1"},"canonical":"https:\/\/paracherkaoui.ma\/index.php\/produit\/la-roche-posay-lipikar-lait-relipidant-corps-400ml-3\/","og_locale":"fr_FR","og_type":"article","og_title":"LA ROCHE POSAY LIPIKAR LAIT RELIPIDANT CORPS 400ML - Paracherkaoui.ma","og_description":"Au c\u0153ur de sa composition, on retrouve le Cold Cream, reconnu pour ses propri\u00e9t\u00e9s protectrices et hydratantes, le Beurre de","og_url":"https:\/\/paracherkaoui.ma\/index.php\/produit\/la-roche-posay-lipikar-lait-relipidant-corps-400ml-3\/","og_site_name":"Paracherkaoui.ma","article_modified_time":"2025-12-12T17:41:00+00:00","og_image":[{"width":700,"height":700,"url":"https:\/\/paracherkaoui.ma\/wp-content\/uploads\/2025\/12\/la-roche-posay-la-roche-posay-lipikar-lait-relipidant-corps-400ml-hydratation-corps.jpg","type":"image\/jpeg"}],"twitter_card":"summary_large_image","twitter_misc":{"Dur\u00e9e de lecture estim\u00e9e":"1 minute"},"schema":{"@context":"https:\/\/schema.org","@graph":[{"@type":"WebPage","@id":"https:\/\/paracherkaoui.ma\/index.php\/produit\/la-roche-posay-lipikar-lait-relipidant-corps-400ml-3\/","url":"https:\/\/paracherkaoui.ma\/index.php\/produit\/la-roche-posay-lipikar-lait-relipidant-corps-400ml-3\/","name":"LA ROCHE POSAY LIPIKAR LAIT RELIPIDANT CORPS 400ML - Paracherkaoui.ma","isPartOf":{"@id":"https:\/\/paracherkaoui.ma\/#website"},"primaryImageOfPage":{"@id":"https:\/\/paracherkaoui.ma\/index.php\/produit\/la-roche-posay-lipikar-lait-relipidant-corps-400ml-3\/#primaryimage"},"image":{"@id":"https:\/\/paracherkaoui.ma\/index.php\/produit\/la-roche-posay-lipikar-lait-relipidant-corps-400ml-3\/#primaryimage"},"thumbnailUrl":"https:\/\/paracherkaoui.ma\/wp-content\/uploads\/2025\/12\/la-roche-posay-la-roche-posay-lipikar-lait-relipidant-corps-400ml-hydratation-corps.jpg","datePublished":"2025-12-12T17:40:56+00:00","dateModified":"2025-12-12T17:41:00+00:00","breadcrumb":{"@id":"https:\/\/paracherkaoui.ma\/index.php\/produit\/la-roche-posay-lipikar-lait-relipidant-corps-400ml-3\/#breadcrumb"},"inLanguage":"fr-FR","potentialAction":[{"@type":"ReadAction","target":["https:\/\/paracherkaoui.ma\/index.php\/produit\/la-roche-posay-lipikar-lait-relipidant-corps-400ml-3\/"]}]},{"@type":"ImageObject","inLanguage":"fr-FR","@id":"https:\/\/paracherkaoui.ma\/index.php\/produit\/la-roche-posay-lipikar-lait-relipidant-corps-400ml-3\/#primaryimage","url":"https:\/\/paracherkaoui.ma\/wp-content\/uploads\/2025\/12\/la-roche-posay-la-roche-posay-lipikar-lait-relipidant-corps-400ml-hydratation-corps.jpg","contentUrl":"https:\/\/paracherkaoui.ma\/wp-content\/uploads\/2025\/12\/la-roche-posay-la-roche-posay-lipikar-lait-relipidant-corps-400ml-hydratation-corps.jpg","width":700,"height":700},{"@type":"BreadcrumbList","@id":"https:\/\/paracherkaoui.ma\/index.php\/produit\/la-roche-posay-lipikar-lait-relipidant-corps-400ml-3\/#breadcrumb","itemListElement":[{"@type":"ListItem","position":1,"name":"Accueil","item":"https:\/\/paracherkaoui.ma\/"},{"@type":"ListItem","position":2,"name":"Boutique","item":"https:\/\/paracherkaoui.ma\/index.php\/boutique\/"},{"@type":"ListItem","position":3,"name":"LA ROCHE POSAY LIPIKAR LAIT RELIPIDANT CORPS 400ML"}]},{"@type":"WebSite","@id":"https:\/\/paracherkaoui.ma\/#website","url":"https:\/\/paracherkaoui.ma\/","name":"Paracherkaoui.ma","description":"Achetez en ligne sur Paracherkaoui.ma","potentialAction":[{"@type":"SearchAction","target":{"@type":"EntryPoint","urlTemplate":"https:\/\/paracherkaoui.ma\/?s={search_term_string}"},"query-input":{"@type":"PropertyValueSpecification","valueRequired":true,"valueName":"search_term_string"}}],"inLanguage":"fr-FR"}]}},"_links":{"self":[{"href":"https:\/\/paracherkaoui.ma\/index.php\/wp-json\/wp\/v2\/product\/33342","targetHints":{"allow":["GET"]}}],"collection":[{"href":"https:\/\/paracherkaoui.ma\/index.php\/wp-json\/wp\/v2\/product"}],"about":[{"href":"https:\/\/paracherkaoui.ma\/index.php\/wp-json\/wp\/v2\/types\/product"}],"replies":[{"embeddable":true,"href":"https:\/\/paracherkaoui.ma\/index.php\/wp-json\/wp\/v2\/comments?post=33342"}],"version-history":[{"count":1,"href":"https:\/\/paracherkaoui.ma\/index.php\/wp-json\/wp\/v2\/product\/33342\/revisions"}],"predecessor-version":[{"id":33377,"href":"https:\/\/paracherkaoui.ma\/index.php\/wp-json\/wp\/v2\/product\/33342\/revisions\/33377"}],"wp:featuredmedia":[{"embeddable":true,"href":"https:\/\/paracherkaoui.ma\/index.php\/wp-json\/wp\/v2\/media\/11222"}],"wp:attachment":[{"href":"https:\/\/paracherkaoui.ma\/index.php\/wp-json\/wp\/v2\/media?parent=33342"}],"wp:term":[{"taxonomy":"product_brand","embeddable":true,"href":"https:\/\/paracherkaoui.ma\/index.php\/wp-json\/wp\/v2\/product_brand?post=33342"},{"taxonomy":"product_cat","embeddable":true,"href":"https:\/\/paracherkaoui.ma\/index.php\/wp-json\/wp\/v2\/product_cat?post=33342"},{"taxonomy":"product_tag","embeddable":true,"href":"https:\/\/paracherkaoui.ma\/index.php\/wp-json\/wp\/v2\/product_tag?post=33342"}],"curies":[{"name":"wp","href":"https:\/\/api.w.org\/{rel}","templated":true}]}}