{"id":33334,"date":"2025-12-12T18:40:56","date_gmt":"2025-12-12T17:40:56","guid":{"rendered":"https:\/\/test.ecbeaute.com\/?post_type=product&#038;p=33334"},"modified":"2025-12-12T18:40:58","modified_gmt":"2025-12-12T17:40:58","slug":"herome-sos-anti-gercure-creme-mains-75-ml","status":"publish","type":"product","link":"https:\/\/paracherkaoui.ma\/index.php\/produit\/herome-sos-anti-gercure-creme-mains-75-ml\/","title":{"rendered":"HEROME SOS ANTI GER\u00c7URE CR\u00c8ME MAINS 75 ML"},"content":{"rendered":"<p>Bienfaits cl\u00e9s<br \/>\nHydratation profonde et durable : La cr\u00e8me nourrit intens\u00e9ment la peau, la laissant souple et confortable.<br \/>\nProtection contre les agressions ext\u00e9rieures : Elle forme un film protecteur qui renforce la barri\u00e8re cutan\u00e9e, prot\u00e9geant ainsi les mains des agressions quotidiennes telles que le froid, le vent et les produits chimiques.<br \/>\nAction anti-\u00e2ge : Gr\u00e2ce \u00e0 son filtre UVA\/UVB, elle pr\u00e9vient l&rsquo;apparition des taches de pigmentation et prot\u00e8ge la peau du vieillissement pr\u00e9matur\u00e9.<br \/>\nR\u00e9paration des ger\u00e7ures : Sa formule sp\u00e9cifique aide \u00e0 r\u00e9parer les ger\u00e7ures et les crevasses, soulageant ainsi les douleurs et les inconforts.<br \/>\nAm\u00e9lioration de l&rsquo;\u00e9lasticit\u00e9 de la peau : Elle rends la peau plus lisse et plus \u00e9lastique.<br \/>\nConseils d&rsquo;utilisation :<br \/>\nAppliquez une petite quantit\u00e9 de cr\u00e8me sur les mains propres et s\u00e8ches.<br \/>\nMassez d\u00e9licatement jusqu&rsquo;\u00e0 absorption compl\u00e8te.<br \/>\nRenouvelez l&rsquo;application deux fois par jour, ou plus souvent si n\u00e9cessaire, surtout apr\u00e8s le lavage des mains.<br \/>\nComposition<br \/>\nAQUA, CAPRYLIC\/CAPRIC TRIGLYCERIDE, ETHYLHEXYL METHOXYCINNAMATE, GLYCERIN, CETEARYL ALCOHOL, GLYCERYL STEARATE, PEG-100 STEARATE, DIMETHICONE, ALOE BARBADENSIS LEAF JUICE, PANTHENOL, SOLUBLE COLLAGEN, PHENOXYETHANOL, TITANIUMDIOXIDE (NANO), ALUMINA, STEARIC ACID, XANTHAN GUM, PARFUM, DISODIUM EDTA, RETINYL PALMITATE, INULIN LAURYL CARBAMATE, BENZOIC ACID, TRIETHANOLAMINDE, DEHYDROACETIC ACID, TOCOPHEROL, LECITHIN, HEXYL CINNAMAL, ASCORBYL PALMITATE, ETHYLHEXYLGLYCERIN, BUTYLPHENYL METHYLPROPIONAL, HYDROXYISOHEXYL-3-CYCLOHEXENE CARBOXYALDEHYDE, GLYCERYL OLEATE, COUMARIN, CINNAMYL ALCOHOL, SODIUM CITRATE, CITRIC ACID, CHLORPHENESIN, POTASSIUM SORBATE, SODIUM BENZOATE, CI 77891 (NANO)<\/p>\n","protected":false},"excerpt":{"rendered":"<p>Bienfaits cl\u00e9s Hydratation profonde et durable : La cr\u00e8me nourrit intens\u00e9ment la peau, la laissant souple et confortable. Protection contre<\/p>\n","protected":false},"featured_media":33364,"comment_status":"open","ping_status":"closed","template":"","meta":[],"product_brand":[600],"product_cat":[599],"product_tag":[],"class_list":{"0":"post-33334","1":"product","2":"type-product","3":"status-publish","4":"has-post-thumbnail","6":"product_brand-herome","7":"product_cat-soins-mains-et-pieds","9":"first","10":"instock","11":"sale","12":"shipping-taxable","13":"purchasable","14":"product-type-simple"},"yoast_head":"<!-- This site is optimized with the Yoast SEO plugin v26.6 - https:\/\/yoast.com\/wordpress\/plugins\/seo\/ -->\r\n<title>HEROME SOS ANTI GER\u00c7URE CR\u00c8ME MAINS 75 ML - Paracherkaoui.ma<\/title>\r\n<meta name=\"robots\" content=\"index, follow, max-snippet:-1, max-image-preview:large, max-video-preview:-1\" \/>\r\n<link rel=\"canonical\" href=\"https:\/\/paracherkaoui.ma\/index.php\/produit\/herome-sos-anti-gercure-creme-mains-75-ml\/\" \/>\r\n<meta property=\"og:locale\" content=\"fr_FR\" \/>\r\n<meta property=\"og:type\" content=\"article\" \/>\r\n<meta property=\"og:title\" content=\"HEROME SOS ANTI GER\u00c7URE CR\u00c8ME MAINS 75 ML - Paracherkaoui.ma\" \/>\r\n<meta property=\"og:description\" content=\"Bienfaits cl\u00e9s Hydratation profonde et durable : La cr\u00e8me nourrit intens\u00e9ment la peau, la laissant souple et confortable. Protection contre\" \/>\r\n<meta property=\"og:url\" content=\"https:\/\/paracherkaoui.ma\/index.php\/produit\/herome-sos-anti-gercure-creme-mains-75-ml\/\" \/>\r\n<meta property=\"og:site_name\" content=\"Paracherkaoui.ma\" \/>\r\n<meta property=\"article:modified_time\" content=\"2025-12-12T17:40:58+00:00\" \/>\r\n<meta property=\"og:image\" content=\"https:\/\/paracherkaoui.ma\/wp-content\/uploads\/2025\/12\/herome-herome-sos-anti-gercure-creme-mains-75-ml-soins-mains-et-pieds.jpg\" \/>\r\n\t<meta property=\"og:image:width\" content=\"700\" \/>\r\n\t<meta property=\"og:image:height\" content=\"700\" \/>\r\n\t<meta property=\"og:image:type\" content=\"image\/jpeg\" \/>\r\n<meta name=\"twitter:card\" content=\"summary_large_image\" \/>\r\n<meta name=\"twitter:label1\" content=\"Dur\u00e9e de lecture estim\u00e9e\" \/>\n\t<meta name=\"twitter:data1\" content=\"1 minute\" \/>\r\n<script type=\"application\/ld+json\" class=\"yoast-schema-graph\">{\"@context\":\"https:\/\/schema.org\",\"@graph\":[{\"@type\":\"WebPage\",\"@id\":\"https:\/\/paracherkaoui.ma\/index.php\/produit\/herome-sos-anti-gercure-creme-mains-75-ml\/\",\"url\":\"https:\/\/paracherkaoui.ma\/index.php\/produit\/herome-sos-anti-gercure-creme-mains-75-ml\/\",\"name\":\"HEROME SOS ANTI GER\u00c7URE CR\u00c8ME MAINS 75 ML - Paracherkaoui.ma\",\"isPartOf\":{\"@id\":\"https:\/\/paracherkaoui.ma\/#website\"},\"primaryImageOfPage\":{\"@id\":\"https:\/\/paracherkaoui.ma\/index.php\/produit\/herome-sos-anti-gercure-creme-mains-75-ml\/#primaryimage\"},\"image\":{\"@id\":\"https:\/\/paracherkaoui.ma\/index.php\/produit\/herome-sos-anti-gercure-creme-mains-75-ml\/#primaryimage\"},\"thumbnailUrl\":\"https:\/\/paracherkaoui.ma\/wp-content\/uploads\/2025\/12\/herome-herome-sos-anti-gercure-creme-mains-75-ml-soins-mains-et-pieds.jpg\",\"datePublished\":\"2025-12-12T17:40:56+00:00\",\"dateModified\":\"2025-12-12T17:40:58+00:00\",\"breadcrumb\":{\"@id\":\"https:\/\/paracherkaoui.ma\/index.php\/produit\/herome-sos-anti-gercure-creme-mains-75-ml\/#breadcrumb\"},\"inLanguage\":\"fr-FR\",\"potentialAction\":[{\"@type\":\"ReadAction\",\"target\":[\"https:\/\/paracherkaoui.ma\/index.php\/produit\/herome-sos-anti-gercure-creme-mains-75-ml\/\"]}]},{\"@type\":\"ImageObject\",\"inLanguage\":\"fr-FR\",\"@id\":\"https:\/\/paracherkaoui.ma\/index.php\/produit\/herome-sos-anti-gercure-creme-mains-75-ml\/#primaryimage\",\"url\":\"https:\/\/paracherkaoui.ma\/wp-content\/uploads\/2025\/12\/herome-herome-sos-anti-gercure-creme-mains-75-ml-soins-mains-et-pieds.jpg\",\"contentUrl\":\"https:\/\/paracherkaoui.ma\/wp-content\/uploads\/2025\/12\/herome-herome-sos-anti-gercure-creme-mains-75-ml-soins-mains-et-pieds.jpg\",\"width\":700,\"height\":700},{\"@type\":\"BreadcrumbList\",\"@id\":\"https:\/\/paracherkaoui.ma\/index.php\/produit\/herome-sos-anti-gercure-creme-mains-75-ml\/#breadcrumb\",\"itemListElement\":[{\"@type\":\"ListItem\",\"position\":1,\"name\":\"Accueil\",\"item\":\"https:\/\/paracherkaoui.ma\/\"},{\"@type\":\"ListItem\",\"position\":2,\"name\":\"Boutique\",\"item\":\"https:\/\/paracherkaoui.ma\/index.php\/boutique\/\"},{\"@type\":\"ListItem\",\"position\":3,\"name\":\"HEROME SOS ANTI GER\u00c7URE CR\u00c8ME MAINS 75 ML\"}]},{\"@type\":\"WebSite\",\"@id\":\"https:\/\/paracherkaoui.ma\/#website\",\"url\":\"https:\/\/paracherkaoui.ma\/\",\"name\":\"Paracherkaoui.ma\",\"description\":\"Achetez en ligne sur Paracherkaoui.ma\",\"potentialAction\":[{\"@type\":\"SearchAction\",\"target\":{\"@type\":\"EntryPoint\",\"urlTemplate\":\"https:\/\/paracherkaoui.ma\/?s={search_term_string}\"},\"query-input\":{\"@type\":\"PropertyValueSpecification\",\"valueRequired\":true,\"valueName\":\"search_term_string\"}}],\"inLanguage\":\"fr-FR\"}]}<\/script>\r\n<!-- \/ Yoast SEO plugin. -->","yoast_head_json":{"title":"HEROME SOS ANTI GER\u00c7URE CR\u00c8ME MAINS 75 ML - Paracherkaoui.ma","robots":{"index":"index","follow":"follow","max-snippet":"max-snippet:-1","max-image-preview":"max-image-preview:large","max-video-preview":"max-video-preview:-1"},"canonical":"https:\/\/paracherkaoui.ma\/index.php\/produit\/herome-sos-anti-gercure-creme-mains-75-ml\/","og_locale":"fr_FR","og_type":"article","og_title":"HEROME SOS ANTI GER\u00c7URE CR\u00c8ME MAINS 75 ML - Paracherkaoui.ma","og_description":"Bienfaits cl\u00e9s Hydratation profonde et durable : La cr\u00e8me nourrit intens\u00e9ment la peau, la laissant souple et confortable. Protection contre","og_url":"https:\/\/paracherkaoui.ma\/index.php\/produit\/herome-sos-anti-gercure-creme-mains-75-ml\/","og_site_name":"Paracherkaoui.ma","article_modified_time":"2025-12-12T17:40:58+00:00","og_image":[{"width":700,"height":700,"url":"https:\/\/paracherkaoui.ma\/wp-content\/uploads\/2025\/12\/herome-herome-sos-anti-gercure-creme-mains-75-ml-soins-mains-et-pieds.jpg","type":"image\/jpeg"}],"twitter_card":"summary_large_image","twitter_misc":{"Dur\u00e9e de lecture estim\u00e9e":"1 minute"},"schema":{"@context":"https:\/\/schema.org","@graph":[{"@type":"WebPage","@id":"https:\/\/paracherkaoui.ma\/index.php\/produit\/herome-sos-anti-gercure-creme-mains-75-ml\/","url":"https:\/\/paracherkaoui.ma\/index.php\/produit\/herome-sos-anti-gercure-creme-mains-75-ml\/","name":"HEROME SOS ANTI GER\u00c7URE CR\u00c8ME MAINS 75 ML - Paracherkaoui.ma","isPartOf":{"@id":"https:\/\/paracherkaoui.ma\/#website"},"primaryImageOfPage":{"@id":"https:\/\/paracherkaoui.ma\/index.php\/produit\/herome-sos-anti-gercure-creme-mains-75-ml\/#primaryimage"},"image":{"@id":"https:\/\/paracherkaoui.ma\/index.php\/produit\/herome-sos-anti-gercure-creme-mains-75-ml\/#primaryimage"},"thumbnailUrl":"https:\/\/paracherkaoui.ma\/wp-content\/uploads\/2025\/12\/herome-herome-sos-anti-gercure-creme-mains-75-ml-soins-mains-et-pieds.jpg","datePublished":"2025-12-12T17:40:56+00:00","dateModified":"2025-12-12T17:40:58+00:00","breadcrumb":{"@id":"https:\/\/paracherkaoui.ma\/index.php\/produit\/herome-sos-anti-gercure-creme-mains-75-ml\/#breadcrumb"},"inLanguage":"fr-FR","potentialAction":[{"@type":"ReadAction","target":["https:\/\/paracherkaoui.ma\/index.php\/produit\/herome-sos-anti-gercure-creme-mains-75-ml\/"]}]},{"@type":"ImageObject","inLanguage":"fr-FR","@id":"https:\/\/paracherkaoui.ma\/index.php\/produit\/herome-sos-anti-gercure-creme-mains-75-ml\/#primaryimage","url":"https:\/\/paracherkaoui.ma\/wp-content\/uploads\/2025\/12\/herome-herome-sos-anti-gercure-creme-mains-75-ml-soins-mains-et-pieds.jpg","contentUrl":"https:\/\/paracherkaoui.ma\/wp-content\/uploads\/2025\/12\/herome-herome-sos-anti-gercure-creme-mains-75-ml-soins-mains-et-pieds.jpg","width":700,"height":700},{"@type":"BreadcrumbList","@id":"https:\/\/paracherkaoui.ma\/index.php\/produit\/herome-sos-anti-gercure-creme-mains-75-ml\/#breadcrumb","itemListElement":[{"@type":"ListItem","position":1,"name":"Accueil","item":"https:\/\/paracherkaoui.ma\/"},{"@type":"ListItem","position":2,"name":"Boutique","item":"https:\/\/paracherkaoui.ma\/index.php\/boutique\/"},{"@type":"ListItem","position":3,"name":"HEROME SOS ANTI GER\u00c7URE CR\u00c8ME MAINS 75 ML"}]},{"@type":"WebSite","@id":"https:\/\/paracherkaoui.ma\/#website","url":"https:\/\/paracherkaoui.ma\/","name":"Paracherkaoui.ma","description":"Achetez en ligne sur Paracherkaoui.ma","potentialAction":[{"@type":"SearchAction","target":{"@type":"EntryPoint","urlTemplate":"https:\/\/paracherkaoui.ma\/?s={search_term_string}"},"query-input":{"@type":"PropertyValueSpecification","valueRequired":true,"valueName":"search_term_string"}}],"inLanguage":"fr-FR"}]}},"_links":{"self":[{"href":"https:\/\/paracherkaoui.ma\/index.php\/wp-json\/wp\/v2\/product\/33334","targetHints":{"allow":["GET"]}}],"collection":[{"href":"https:\/\/paracherkaoui.ma\/index.php\/wp-json\/wp\/v2\/product"}],"about":[{"href":"https:\/\/paracherkaoui.ma\/index.php\/wp-json\/wp\/v2\/types\/product"}],"replies":[{"embeddable":true,"href":"https:\/\/paracherkaoui.ma\/index.php\/wp-json\/wp\/v2\/comments?post=33334"}],"version-history":[{"count":1,"href":"https:\/\/paracherkaoui.ma\/index.php\/wp-json\/wp\/v2\/product\/33334\/revisions"}],"predecessor-version":[{"id":33365,"href":"https:\/\/paracherkaoui.ma\/index.php\/wp-json\/wp\/v2\/product\/33334\/revisions\/33365"}],"wp:featuredmedia":[{"embeddable":true,"href":"https:\/\/paracherkaoui.ma\/index.php\/wp-json\/wp\/v2\/media\/33364"}],"wp:attachment":[{"href":"https:\/\/paracherkaoui.ma\/index.php\/wp-json\/wp\/v2\/media?parent=33334"}],"wp:term":[{"taxonomy":"product_brand","embeddable":true,"href":"https:\/\/paracherkaoui.ma\/index.php\/wp-json\/wp\/v2\/product_brand?post=33334"},{"taxonomy":"product_cat","embeddable":true,"href":"https:\/\/paracherkaoui.ma\/index.php\/wp-json\/wp\/v2\/product_cat?post=33334"},{"taxonomy":"product_tag","embeddable":true,"href":"https:\/\/paracherkaoui.ma\/index.php\/wp-json\/wp\/v2\/product_tag?post=33334"}],"curies":[{"name":"wp","href":"https:\/\/api.w.org\/{rel}","templated":true}]}}