{"id":33277,"date":"2025-12-12T18:40:50","date_gmt":"2025-12-12T17:40:50","guid":{"rendered":"https:\/\/test.ecbeaute.com\/?post_type=product&#038;p=33277"},"modified":"2025-12-12T18:40:55","modified_gmt":"2025-12-12T17:40:55","slug":"dermo-soin-sainpodo-creme-keratolytique-50-ml","status":"publish","type":"product","link":"https:\/\/paracherkaoui.ma\/index.php\/produit\/dermo-soin-sainpodo-creme-keratolytique-50-ml\/","title":{"rendered":"DERMO SOIN SAINPODO CREME KERATOLYTIQUE 50 ML"},"content":{"rendered":"<p>Exfoliant de surface, kerator\u00e9gulateur et keratolytique en profondeur. Cette cr\u00e8me est indiqu\u00e9e dans le traitement des hyperk\u00e9ratoses localis\u00e9es gr\u00e2ce \u00e0 10% d\u2019acide glycolique et 3% d\u2019acide salicylique.<br \/>\nindications<br \/>\nTraitement des hyperk\u00e9ratoses localis\u00e9es, Favorise l\u2019\u00e9limination des callosit\u00e9s et des durillons.<br \/>\nMode d\u2019utilisation<br \/>\nAppliquer SAINPODO Cr\u00e8me K\u00e9ratolytique Hydratante 1 \u00e0 2 fois par jour, sur les zones cibl\u00e9es des pieds propres et secs.<\/p>\n","protected":false},"excerpt":{"rendered":"<p>Exfoliant de surface, kerator\u00e9gulateur et keratolytique en profondeur. Cette cr\u00e8me est indiqu\u00e9e dans le traitement des hyperk\u00e9ratoses localis\u00e9es gr\u00e2ce \u00e0<\/p>\n","protected":false},"featured_media":33326,"comment_status":"open","ping_status":"closed","template":"","meta":[],"product_brand":[319],"product_cat":[599],"product_tag":[],"class_list":{"0":"post-33277","1":"product","2":"type-product","3":"status-publish","4":"has-post-thumbnail","6":"product_brand-dermo-soin","7":"product_cat-soins-mains-et-pieds","9":"first","10":"instock","11":"sale","12":"shipping-taxable","13":"purchasable","14":"product-type-simple"},"yoast_head":"<!-- This site is optimized with the Yoast SEO plugin v26.6 - https:\/\/yoast.com\/wordpress\/plugins\/seo\/ -->\r\n<title>DERMO SOIN SAINPODO CREME KERATOLYTIQUE 50 ML - Paracherkaoui.ma<\/title>\r\n<meta name=\"robots\" content=\"index, follow, max-snippet:-1, max-image-preview:large, max-video-preview:-1\" \/>\r\n<link rel=\"canonical\" href=\"https:\/\/paracherkaoui.ma\/index.php\/produit\/dermo-soin-sainpodo-creme-keratolytique-50-ml\/\" \/>\r\n<meta property=\"og:locale\" content=\"fr_FR\" \/>\r\n<meta property=\"og:type\" content=\"article\" \/>\r\n<meta property=\"og:title\" content=\"DERMO SOIN SAINPODO CREME KERATOLYTIQUE 50 ML - Paracherkaoui.ma\" \/>\r\n<meta property=\"og:description\" content=\"Exfoliant de surface, kerator\u00e9gulateur et keratolytique en profondeur. Cette cr\u00e8me est indiqu\u00e9e dans le traitement des hyperk\u00e9ratoses localis\u00e9es gr\u00e2ce \u00e0\" \/>\r\n<meta property=\"og:url\" content=\"https:\/\/paracherkaoui.ma\/index.php\/produit\/dermo-soin-sainpodo-creme-keratolytique-50-ml\/\" \/>\r\n<meta property=\"og:site_name\" content=\"Paracherkaoui.ma\" \/>\r\n<meta property=\"article:modified_time\" content=\"2025-12-12T17:40:55+00:00\" \/>\r\n<meta property=\"og:image\" content=\"https:\/\/paracherkaoui.ma\/wp-content\/uploads\/2025\/12\/dermo-soin-sainpodo-creme-keratolytique-50-ml.jpg\" \/>\r\n\t<meta property=\"og:image:width\" content=\"700\" \/>\r\n\t<meta property=\"og:image:height\" content=\"700\" \/>\r\n\t<meta property=\"og:image:type\" content=\"image\/jpeg\" \/>\r\n<meta name=\"twitter:card\" content=\"summary_large_image\" \/>\r\n<script type=\"application\/ld+json\" class=\"yoast-schema-graph\">{\"@context\":\"https:\/\/schema.org\",\"@graph\":[{\"@type\":\"WebPage\",\"@id\":\"https:\/\/paracherkaoui.ma\/index.php\/produit\/dermo-soin-sainpodo-creme-keratolytique-50-ml\/\",\"url\":\"https:\/\/paracherkaoui.ma\/index.php\/produit\/dermo-soin-sainpodo-creme-keratolytique-50-ml\/\",\"name\":\"DERMO SOIN SAINPODO CREME KERATOLYTIQUE 50 ML - Paracherkaoui.ma\",\"isPartOf\":{\"@id\":\"https:\/\/paracherkaoui.ma\/#website\"},\"primaryImageOfPage\":{\"@id\":\"https:\/\/paracherkaoui.ma\/index.php\/produit\/dermo-soin-sainpodo-creme-keratolytique-50-ml\/#primaryimage\"},\"image\":{\"@id\":\"https:\/\/paracherkaoui.ma\/index.php\/produit\/dermo-soin-sainpodo-creme-keratolytique-50-ml\/#primaryimage\"},\"thumbnailUrl\":\"https:\/\/paracherkaoui.ma\/wp-content\/uploads\/2025\/12\/dermo-soin-sainpodo-creme-keratolytique-50-ml.jpg\",\"datePublished\":\"2025-12-12T17:40:50+00:00\",\"dateModified\":\"2025-12-12T17:40:55+00:00\",\"breadcrumb\":{\"@id\":\"https:\/\/paracherkaoui.ma\/index.php\/produit\/dermo-soin-sainpodo-creme-keratolytique-50-ml\/#breadcrumb\"},\"inLanguage\":\"fr-FR\",\"potentialAction\":[{\"@type\":\"ReadAction\",\"target\":[\"https:\/\/paracherkaoui.ma\/index.php\/produit\/dermo-soin-sainpodo-creme-keratolytique-50-ml\/\"]}]},{\"@type\":\"ImageObject\",\"inLanguage\":\"fr-FR\",\"@id\":\"https:\/\/paracherkaoui.ma\/index.php\/produit\/dermo-soin-sainpodo-creme-keratolytique-50-ml\/#primaryimage\",\"url\":\"https:\/\/paracherkaoui.ma\/wp-content\/uploads\/2025\/12\/dermo-soin-sainpodo-creme-keratolytique-50-ml.jpg\",\"contentUrl\":\"https:\/\/paracherkaoui.ma\/wp-content\/uploads\/2025\/12\/dermo-soin-sainpodo-creme-keratolytique-50-ml.jpg\",\"width\":700,\"height\":700},{\"@type\":\"BreadcrumbList\",\"@id\":\"https:\/\/paracherkaoui.ma\/index.php\/produit\/dermo-soin-sainpodo-creme-keratolytique-50-ml\/#breadcrumb\",\"itemListElement\":[{\"@type\":\"ListItem\",\"position\":1,\"name\":\"Accueil\",\"item\":\"https:\/\/paracherkaoui.ma\/\"},{\"@type\":\"ListItem\",\"position\":2,\"name\":\"Boutique\",\"item\":\"https:\/\/paracherkaoui.ma\/index.php\/boutique\/\"},{\"@type\":\"ListItem\",\"position\":3,\"name\":\"DERMO SOIN SAINPODO CREME KERATOLYTIQUE 50 ML\"}]},{\"@type\":\"WebSite\",\"@id\":\"https:\/\/paracherkaoui.ma\/#website\",\"url\":\"https:\/\/paracherkaoui.ma\/\",\"name\":\"Paracherkaoui.ma\",\"description\":\"Achetez en ligne sur Paracherkaoui.ma\",\"potentialAction\":[{\"@type\":\"SearchAction\",\"target\":{\"@type\":\"EntryPoint\",\"urlTemplate\":\"https:\/\/paracherkaoui.ma\/?s={search_term_string}\"},\"query-input\":{\"@type\":\"PropertyValueSpecification\",\"valueRequired\":true,\"valueName\":\"search_term_string\"}}],\"inLanguage\":\"fr-FR\"}]}<\/script>\r\n<!-- \/ Yoast SEO plugin. -->","yoast_head_json":{"title":"DERMO SOIN SAINPODO CREME KERATOLYTIQUE 50 ML - Paracherkaoui.ma","robots":{"index":"index","follow":"follow","max-snippet":"max-snippet:-1","max-image-preview":"max-image-preview:large","max-video-preview":"max-video-preview:-1"},"canonical":"https:\/\/paracherkaoui.ma\/index.php\/produit\/dermo-soin-sainpodo-creme-keratolytique-50-ml\/","og_locale":"fr_FR","og_type":"article","og_title":"DERMO SOIN SAINPODO CREME KERATOLYTIQUE 50 ML - Paracherkaoui.ma","og_description":"Exfoliant de surface, kerator\u00e9gulateur et keratolytique en profondeur. Cette cr\u00e8me est indiqu\u00e9e dans le traitement des hyperk\u00e9ratoses localis\u00e9es gr\u00e2ce \u00e0","og_url":"https:\/\/paracherkaoui.ma\/index.php\/produit\/dermo-soin-sainpodo-creme-keratolytique-50-ml\/","og_site_name":"Paracherkaoui.ma","article_modified_time":"2025-12-12T17:40:55+00:00","og_image":[{"width":700,"height":700,"url":"https:\/\/paracherkaoui.ma\/wp-content\/uploads\/2025\/12\/dermo-soin-sainpodo-creme-keratolytique-50-ml.jpg","type":"image\/jpeg"}],"twitter_card":"summary_large_image","schema":{"@context":"https:\/\/schema.org","@graph":[{"@type":"WebPage","@id":"https:\/\/paracherkaoui.ma\/index.php\/produit\/dermo-soin-sainpodo-creme-keratolytique-50-ml\/","url":"https:\/\/paracherkaoui.ma\/index.php\/produit\/dermo-soin-sainpodo-creme-keratolytique-50-ml\/","name":"DERMO SOIN SAINPODO CREME KERATOLYTIQUE 50 ML - Paracherkaoui.ma","isPartOf":{"@id":"https:\/\/paracherkaoui.ma\/#website"},"primaryImageOfPage":{"@id":"https:\/\/paracherkaoui.ma\/index.php\/produit\/dermo-soin-sainpodo-creme-keratolytique-50-ml\/#primaryimage"},"image":{"@id":"https:\/\/paracherkaoui.ma\/index.php\/produit\/dermo-soin-sainpodo-creme-keratolytique-50-ml\/#primaryimage"},"thumbnailUrl":"https:\/\/paracherkaoui.ma\/wp-content\/uploads\/2025\/12\/dermo-soin-sainpodo-creme-keratolytique-50-ml.jpg","datePublished":"2025-12-12T17:40:50+00:00","dateModified":"2025-12-12T17:40:55+00:00","breadcrumb":{"@id":"https:\/\/paracherkaoui.ma\/index.php\/produit\/dermo-soin-sainpodo-creme-keratolytique-50-ml\/#breadcrumb"},"inLanguage":"fr-FR","potentialAction":[{"@type":"ReadAction","target":["https:\/\/paracherkaoui.ma\/index.php\/produit\/dermo-soin-sainpodo-creme-keratolytique-50-ml\/"]}]},{"@type":"ImageObject","inLanguage":"fr-FR","@id":"https:\/\/paracherkaoui.ma\/index.php\/produit\/dermo-soin-sainpodo-creme-keratolytique-50-ml\/#primaryimage","url":"https:\/\/paracherkaoui.ma\/wp-content\/uploads\/2025\/12\/dermo-soin-sainpodo-creme-keratolytique-50-ml.jpg","contentUrl":"https:\/\/paracherkaoui.ma\/wp-content\/uploads\/2025\/12\/dermo-soin-sainpodo-creme-keratolytique-50-ml.jpg","width":700,"height":700},{"@type":"BreadcrumbList","@id":"https:\/\/paracherkaoui.ma\/index.php\/produit\/dermo-soin-sainpodo-creme-keratolytique-50-ml\/#breadcrumb","itemListElement":[{"@type":"ListItem","position":1,"name":"Accueil","item":"https:\/\/paracherkaoui.ma\/"},{"@type":"ListItem","position":2,"name":"Boutique","item":"https:\/\/paracherkaoui.ma\/index.php\/boutique\/"},{"@type":"ListItem","position":3,"name":"DERMO SOIN SAINPODO CREME KERATOLYTIQUE 50 ML"}]},{"@type":"WebSite","@id":"https:\/\/paracherkaoui.ma\/#website","url":"https:\/\/paracherkaoui.ma\/","name":"Paracherkaoui.ma","description":"Achetez en ligne sur Paracherkaoui.ma","potentialAction":[{"@type":"SearchAction","target":{"@type":"EntryPoint","urlTemplate":"https:\/\/paracherkaoui.ma\/?s={search_term_string}"},"query-input":{"@type":"PropertyValueSpecification","valueRequired":true,"valueName":"search_term_string"}}],"inLanguage":"fr-FR"}]}},"_links":{"self":[{"href":"https:\/\/paracherkaoui.ma\/index.php\/wp-json\/wp\/v2\/product\/33277","targetHints":{"allow":["GET"]}}],"collection":[{"href":"https:\/\/paracherkaoui.ma\/index.php\/wp-json\/wp\/v2\/product"}],"about":[{"href":"https:\/\/paracherkaoui.ma\/index.php\/wp-json\/wp\/v2\/types\/product"}],"replies":[{"embeddable":true,"href":"https:\/\/paracherkaoui.ma\/index.php\/wp-json\/wp\/v2\/comments?post=33277"}],"version-history":[{"count":1,"href":"https:\/\/paracherkaoui.ma\/index.php\/wp-json\/wp\/v2\/product\/33277\/revisions"}],"predecessor-version":[{"id":33327,"href":"https:\/\/paracherkaoui.ma\/index.php\/wp-json\/wp\/v2\/product\/33277\/revisions\/33327"}],"wp:featuredmedia":[{"embeddable":true,"href":"https:\/\/paracherkaoui.ma\/index.php\/wp-json\/wp\/v2\/media\/33326"}],"wp:attachment":[{"href":"https:\/\/paracherkaoui.ma\/index.php\/wp-json\/wp\/v2\/media?parent=33277"}],"wp:term":[{"taxonomy":"product_brand","embeddable":true,"href":"https:\/\/paracherkaoui.ma\/index.php\/wp-json\/wp\/v2\/product_brand?post=33277"},{"taxonomy":"product_cat","embeddable":true,"href":"https:\/\/paracherkaoui.ma\/index.php\/wp-json\/wp\/v2\/product_cat?post=33277"},{"taxonomy":"product_tag","embeddable":true,"href":"https:\/\/paracherkaoui.ma\/index.php\/wp-json\/wp\/v2\/product_tag?post=33277"}],"curies":[{"name":"wp","href":"https:\/\/api.w.org\/{rel}","templated":true}]}}