{"id":33275,"date":"2025-12-12T18:40:50","date_gmt":"2025-12-12T17:40:50","guid":{"rendered":"https:\/\/test.ecbeaute.com\/?post_type=product&#038;p=33275"},"modified":"2025-12-12T18:40:54","modified_gmt":"2025-12-12T17:40:54","slug":"palmers-creme-mains-a-lhuile-de-noix-de-coco","status":"publish","type":"product","link":"https:\/\/paracherkaoui.ma\/index.php\/produit\/palmers-creme-mains-a-lhuile-de-noix-de-coco\/","title":{"rendered":"PALMERS CREME MAINS A L&rsquo;HUILE DE NOIX DE COCO"},"content":{"rendered":"<p>Les produits de la formule d\u2019huile de noix de coco de Palmer contiennent de l\u2019huile de coco d\u2019origine \u00e9thique et durable et de l\u2019huile de mono\u00ef de Tahiti, infus\u00e9e de p\u00e9tales de fleurs de Tiar\u00e9. Ces ingr\u00e9dients crus et naturels procurent une hydratation luxueusement riche pour une peau d\u00e9cadente.<br \/>\nId\u00e9al pour les mains s\u00e8ches \u00e0 tr\u00e8s s\u00e8ches. Taille portable pratique parfaite pour les voyages, le travail, la gym et l\u2019humidit\u00e9 en d\u00e9placement. Fournit 24 heures d\u2019humidit\u00e9<\/p>\n","protected":false},"excerpt":{"rendered":"<p>Les produits de la formule d\u2019huile de noix de coco de Palmer contiennent de l\u2019huile de coco d\u2019origine \u00e9thique et<\/p>\n","protected":false},"featured_media":33322,"comment_status":"open","ping_status":"closed","template":"","meta":[],"product_brand":[266],"product_cat":[599],"product_tag":[],"class_list":{"0":"post-33275","1":"product","2":"type-product","3":"status-publish","4":"has-post-thumbnail","6":"product_brand-palmers","7":"product_cat-soins-mains-et-pieds","9":"first","10":"instock","11":"sale","12":"shipping-taxable","13":"purchasable","14":"product-type-simple"},"yoast_head":"<!-- This site is optimized with the Yoast SEO plugin v26.6 - https:\/\/yoast.com\/wordpress\/plugins\/seo\/ -->\r\n<title>PALMERS CREME MAINS A L&#039;HUILE DE NOIX DE COCO - Paracherkaoui.ma<\/title>\r\n<meta name=\"robots\" content=\"index, follow, max-snippet:-1, max-image-preview:large, max-video-preview:-1\" \/>\r\n<link rel=\"canonical\" href=\"https:\/\/paracherkaoui.ma\/index.php\/produit\/palmers-creme-mains-a-lhuile-de-noix-de-coco\/\" \/>\r\n<meta property=\"og:locale\" content=\"fr_FR\" \/>\r\n<meta property=\"og:type\" content=\"article\" \/>\r\n<meta property=\"og:title\" content=\"PALMERS CREME MAINS A L&#039;HUILE DE NOIX DE COCO - Paracherkaoui.ma\" \/>\r\n<meta property=\"og:description\" content=\"Les produits de la formule d\u2019huile de noix de coco de Palmer contiennent de l\u2019huile de coco d\u2019origine \u00e9thique et\" \/>\r\n<meta property=\"og:url\" content=\"https:\/\/paracherkaoui.ma\/index.php\/produit\/palmers-creme-mains-a-lhuile-de-noix-de-coco\/\" \/>\r\n<meta property=\"og:site_name\" content=\"Paracherkaoui.ma\" \/>\r\n<meta property=\"article:modified_time\" content=\"2025-12-12T17:40:54+00:00\" \/>\r\n<meta property=\"og:image\" content=\"https:\/\/paracherkaoui.ma\/wp-content\/uploads\/2025\/12\/palmers-creme-mains-a-l-huile-de-noix-de-coco.jpg\" \/>\r\n\t<meta property=\"og:image:width\" content=\"700\" \/>\r\n\t<meta property=\"og:image:height\" content=\"700\" \/>\r\n\t<meta property=\"og:image:type\" content=\"image\/jpeg\" \/>\r\n<meta name=\"twitter:card\" content=\"summary_large_image\" \/>\r\n<script type=\"application\/ld+json\" class=\"yoast-schema-graph\">{\"@context\":\"https:\/\/schema.org\",\"@graph\":[{\"@type\":\"WebPage\",\"@id\":\"https:\/\/paracherkaoui.ma\/index.php\/produit\/palmers-creme-mains-a-lhuile-de-noix-de-coco\/\",\"url\":\"https:\/\/paracherkaoui.ma\/index.php\/produit\/palmers-creme-mains-a-lhuile-de-noix-de-coco\/\",\"name\":\"PALMERS CREME MAINS A L'HUILE DE NOIX DE COCO - Paracherkaoui.ma\",\"isPartOf\":{\"@id\":\"https:\/\/paracherkaoui.ma\/#website\"},\"primaryImageOfPage\":{\"@id\":\"https:\/\/paracherkaoui.ma\/index.php\/produit\/palmers-creme-mains-a-lhuile-de-noix-de-coco\/#primaryimage\"},\"image\":{\"@id\":\"https:\/\/paracherkaoui.ma\/index.php\/produit\/palmers-creme-mains-a-lhuile-de-noix-de-coco\/#primaryimage\"},\"thumbnailUrl\":\"https:\/\/paracherkaoui.ma\/wp-content\/uploads\/2025\/12\/palmers-creme-mains-a-l-huile-de-noix-de-coco.jpg\",\"datePublished\":\"2025-12-12T17:40:50+00:00\",\"dateModified\":\"2025-12-12T17:40:54+00:00\",\"breadcrumb\":{\"@id\":\"https:\/\/paracherkaoui.ma\/index.php\/produit\/palmers-creme-mains-a-lhuile-de-noix-de-coco\/#breadcrumb\"},\"inLanguage\":\"fr-FR\",\"potentialAction\":[{\"@type\":\"ReadAction\",\"target\":[\"https:\/\/paracherkaoui.ma\/index.php\/produit\/palmers-creme-mains-a-lhuile-de-noix-de-coco\/\"]}]},{\"@type\":\"ImageObject\",\"inLanguage\":\"fr-FR\",\"@id\":\"https:\/\/paracherkaoui.ma\/index.php\/produit\/palmers-creme-mains-a-lhuile-de-noix-de-coco\/#primaryimage\",\"url\":\"https:\/\/paracherkaoui.ma\/wp-content\/uploads\/2025\/12\/palmers-creme-mains-a-l-huile-de-noix-de-coco.jpg\",\"contentUrl\":\"https:\/\/paracherkaoui.ma\/wp-content\/uploads\/2025\/12\/palmers-creme-mains-a-l-huile-de-noix-de-coco.jpg\",\"width\":700,\"height\":700},{\"@type\":\"BreadcrumbList\",\"@id\":\"https:\/\/paracherkaoui.ma\/index.php\/produit\/palmers-creme-mains-a-lhuile-de-noix-de-coco\/#breadcrumb\",\"itemListElement\":[{\"@type\":\"ListItem\",\"position\":1,\"name\":\"Accueil\",\"item\":\"https:\/\/paracherkaoui.ma\/\"},{\"@type\":\"ListItem\",\"position\":2,\"name\":\"Boutique\",\"item\":\"https:\/\/paracherkaoui.ma\/index.php\/boutique\/\"},{\"@type\":\"ListItem\",\"position\":3,\"name\":\"PALMERS CREME MAINS A L&rsquo;HUILE DE NOIX DE COCO\"}]},{\"@type\":\"WebSite\",\"@id\":\"https:\/\/paracherkaoui.ma\/#website\",\"url\":\"https:\/\/paracherkaoui.ma\/\",\"name\":\"Paracherkaoui.ma\",\"description\":\"Achetez en ligne sur Paracherkaoui.ma\",\"potentialAction\":[{\"@type\":\"SearchAction\",\"target\":{\"@type\":\"EntryPoint\",\"urlTemplate\":\"https:\/\/paracherkaoui.ma\/?s={search_term_string}\"},\"query-input\":{\"@type\":\"PropertyValueSpecification\",\"valueRequired\":true,\"valueName\":\"search_term_string\"}}],\"inLanguage\":\"fr-FR\"}]}<\/script>\r\n<!-- \/ Yoast SEO plugin. -->","yoast_head_json":{"title":"PALMERS CREME MAINS A L'HUILE DE NOIX DE COCO - Paracherkaoui.ma","robots":{"index":"index","follow":"follow","max-snippet":"max-snippet:-1","max-image-preview":"max-image-preview:large","max-video-preview":"max-video-preview:-1"},"canonical":"https:\/\/paracherkaoui.ma\/index.php\/produit\/palmers-creme-mains-a-lhuile-de-noix-de-coco\/","og_locale":"fr_FR","og_type":"article","og_title":"PALMERS CREME MAINS A L'HUILE DE NOIX DE COCO - Paracherkaoui.ma","og_description":"Les produits de la formule d\u2019huile de noix de coco de Palmer contiennent de l\u2019huile de coco d\u2019origine \u00e9thique et","og_url":"https:\/\/paracherkaoui.ma\/index.php\/produit\/palmers-creme-mains-a-lhuile-de-noix-de-coco\/","og_site_name":"Paracherkaoui.ma","article_modified_time":"2025-12-12T17:40:54+00:00","og_image":[{"width":700,"height":700,"url":"https:\/\/paracherkaoui.ma\/wp-content\/uploads\/2025\/12\/palmers-creme-mains-a-l-huile-de-noix-de-coco.jpg","type":"image\/jpeg"}],"twitter_card":"summary_large_image","schema":{"@context":"https:\/\/schema.org","@graph":[{"@type":"WebPage","@id":"https:\/\/paracherkaoui.ma\/index.php\/produit\/palmers-creme-mains-a-lhuile-de-noix-de-coco\/","url":"https:\/\/paracherkaoui.ma\/index.php\/produit\/palmers-creme-mains-a-lhuile-de-noix-de-coco\/","name":"PALMERS CREME MAINS A L'HUILE DE NOIX DE COCO - Paracherkaoui.ma","isPartOf":{"@id":"https:\/\/paracherkaoui.ma\/#website"},"primaryImageOfPage":{"@id":"https:\/\/paracherkaoui.ma\/index.php\/produit\/palmers-creme-mains-a-lhuile-de-noix-de-coco\/#primaryimage"},"image":{"@id":"https:\/\/paracherkaoui.ma\/index.php\/produit\/palmers-creme-mains-a-lhuile-de-noix-de-coco\/#primaryimage"},"thumbnailUrl":"https:\/\/paracherkaoui.ma\/wp-content\/uploads\/2025\/12\/palmers-creme-mains-a-l-huile-de-noix-de-coco.jpg","datePublished":"2025-12-12T17:40:50+00:00","dateModified":"2025-12-12T17:40:54+00:00","breadcrumb":{"@id":"https:\/\/paracherkaoui.ma\/index.php\/produit\/palmers-creme-mains-a-lhuile-de-noix-de-coco\/#breadcrumb"},"inLanguage":"fr-FR","potentialAction":[{"@type":"ReadAction","target":["https:\/\/paracherkaoui.ma\/index.php\/produit\/palmers-creme-mains-a-lhuile-de-noix-de-coco\/"]}]},{"@type":"ImageObject","inLanguage":"fr-FR","@id":"https:\/\/paracherkaoui.ma\/index.php\/produit\/palmers-creme-mains-a-lhuile-de-noix-de-coco\/#primaryimage","url":"https:\/\/paracherkaoui.ma\/wp-content\/uploads\/2025\/12\/palmers-creme-mains-a-l-huile-de-noix-de-coco.jpg","contentUrl":"https:\/\/paracherkaoui.ma\/wp-content\/uploads\/2025\/12\/palmers-creme-mains-a-l-huile-de-noix-de-coco.jpg","width":700,"height":700},{"@type":"BreadcrumbList","@id":"https:\/\/paracherkaoui.ma\/index.php\/produit\/palmers-creme-mains-a-lhuile-de-noix-de-coco\/#breadcrumb","itemListElement":[{"@type":"ListItem","position":1,"name":"Accueil","item":"https:\/\/paracherkaoui.ma\/"},{"@type":"ListItem","position":2,"name":"Boutique","item":"https:\/\/paracherkaoui.ma\/index.php\/boutique\/"},{"@type":"ListItem","position":3,"name":"PALMERS CREME MAINS A L&rsquo;HUILE DE NOIX DE COCO"}]},{"@type":"WebSite","@id":"https:\/\/paracherkaoui.ma\/#website","url":"https:\/\/paracherkaoui.ma\/","name":"Paracherkaoui.ma","description":"Achetez en ligne sur Paracherkaoui.ma","potentialAction":[{"@type":"SearchAction","target":{"@type":"EntryPoint","urlTemplate":"https:\/\/paracherkaoui.ma\/?s={search_term_string}"},"query-input":{"@type":"PropertyValueSpecification","valueRequired":true,"valueName":"search_term_string"}}],"inLanguage":"fr-FR"}]}},"_links":{"self":[{"href":"https:\/\/paracherkaoui.ma\/index.php\/wp-json\/wp\/v2\/product\/33275","targetHints":{"allow":["GET"]}}],"collection":[{"href":"https:\/\/paracherkaoui.ma\/index.php\/wp-json\/wp\/v2\/product"}],"about":[{"href":"https:\/\/paracherkaoui.ma\/index.php\/wp-json\/wp\/v2\/types\/product"}],"replies":[{"embeddable":true,"href":"https:\/\/paracherkaoui.ma\/index.php\/wp-json\/wp\/v2\/comments?post=33275"}],"version-history":[{"count":1,"href":"https:\/\/paracherkaoui.ma\/index.php\/wp-json\/wp\/v2\/product\/33275\/revisions"}],"predecessor-version":[{"id":33323,"href":"https:\/\/paracherkaoui.ma\/index.php\/wp-json\/wp\/v2\/product\/33275\/revisions\/33323"}],"wp:featuredmedia":[{"embeddable":true,"href":"https:\/\/paracherkaoui.ma\/index.php\/wp-json\/wp\/v2\/media\/33322"}],"wp:attachment":[{"href":"https:\/\/paracherkaoui.ma\/index.php\/wp-json\/wp\/v2\/media?parent=33275"}],"wp:term":[{"taxonomy":"product_brand","embeddable":true,"href":"https:\/\/paracherkaoui.ma\/index.php\/wp-json\/wp\/v2\/product_brand?post=33275"},{"taxonomy":"product_cat","embeddable":true,"href":"https:\/\/paracherkaoui.ma\/index.php\/wp-json\/wp\/v2\/product_cat?post=33275"},{"taxonomy":"product_tag","embeddable":true,"href":"https:\/\/paracherkaoui.ma\/index.php\/wp-json\/wp\/v2\/product_tag?post=33275"}],"curies":[{"name":"wp","href":"https:\/\/api.w.org\/{rel}","templated":true}]}}