{"id":33271,"date":"2025-12-12T18:40:50","date_gmt":"2025-12-12T17:40:50","guid":{"rendered":"https:\/\/test.ecbeaute.com\/?post_type=product&#038;p=33271"},"modified":"2025-12-12T18:40:54","modified_gmt":"2025-12-12T17:40:54","slug":"ecrinal-gel-emollient-cuticules-aux-aha","status":"publish","type":"product","link":"https:\/\/paracherkaoui.ma\/index.php\/produit\/ecrinal-gel-emollient-cuticules-aux-aha\/","title":{"rendered":"ECRINAL GEL EMOLLIENT CUTICULES AUX AHA"},"content":{"rendered":"<p>Ecrinal Gel Emollient Cuticules aux AHA Ecrinal permet de repousser les cuticules et d&rsquo;assurer un contour net et r\u00e9gulier de l&rsquo;ongle. Sa formule douce \u00e0 la glyc\u00e9rine et aux AHA agit sans agresser l&rsquo;ongle ni l&rsquo;\u00e9piderme.<\/p>\n<p>Indication :<\/p>\n<p>Repousser les cuticules.<\/p>\n<p>UTILISATION:<\/p>\n<p>Appliquez le Gel Emollient Cuticules sur le contour de l&rsquo;ongle. Laissez agir 5 minutes. Repoussez d\u00e9licatement les cuticules \u00e0 l&rsquo;aide du b\u00e2tonnet Ecrinal. Se laver les mains \u00e0 l&rsquo;eau ti\u00e8de. Renouvelez l&rsquo;op\u00e9ration 1 fois par semaine.<\/p>\n<p>COMPOSANTS :<\/p>\n<p>Aqua, Glycerin, Lactic Acid, Polyacrylamide, C13-14 Isoparaffin, Laureth-7, Imidazolidinyl Urea, Parfum (Fragrance).<\/p>\n","protected":false},"excerpt":{"rendered":"<p>Ecrinal Gel Emollient Cuticules aux AHA Ecrinal permet de repousser les cuticules et d&rsquo;assurer un contour net et r\u00e9gulier de<\/p>\n","protected":false},"featured_media":33315,"comment_status":"open","ping_status":"closed","template":"","meta":[],"product_brand":[253],"product_cat":[599],"product_tag":[],"class_list":{"0":"post-33271","1":"product","2":"type-product","3":"status-publish","4":"has-post-thumbnail","6":"product_brand-ecrinal","7":"product_cat-soins-mains-et-pieds","9":"first","10":"instock","11":"sale","12":"shipping-taxable","13":"purchasable","14":"product-type-simple"},"yoast_head":"<!-- This site is optimized with the Yoast SEO plugin v26.6 - https:\/\/yoast.com\/wordpress\/plugins\/seo\/ -->\r\n<title>ECRINAL GEL EMOLLIENT CUTICULES AUX AHA - Paracherkaoui.ma<\/title>\r\n<meta name=\"robots\" content=\"index, follow, max-snippet:-1, max-image-preview:large, max-video-preview:-1\" \/>\r\n<link rel=\"canonical\" href=\"https:\/\/paracherkaoui.ma\/index.php\/produit\/ecrinal-gel-emollient-cuticules-aux-aha\/\" \/>\r\n<meta property=\"og:locale\" content=\"fr_FR\" \/>\r\n<meta property=\"og:type\" content=\"article\" \/>\r\n<meta property=\"og:title\" content=\"ECRINAL GEL EMOLLIENT CUTICULES AUX AHA - Paracherkaoui.ma\" \/>\r\n<meta property=\"og:description\" content=\"Ecrinal Gel Emollient Cuticules aux AHA Ecrinal permet de repousser les cuticules et d&rsquo;assurer un contour net et r\u00e9gulier de\" \/>\r\n<meta property=\"og:url\" content=\"https:\/\/paracherkaoui.ma\/index.php\/produit\/ecrinal-gel-emollient-cuticules-aux-aha\/\" \/>\r\n<meta property=\"og:site_name\" content=\"Paracherkaoui.ma\" \/>\r\n<meta property=\"article:modified_time\" content=\"2025-12-12T17:40:54+00:00\" \/>\r\n<meta property=\"og:image\" content=\"https:\/\/paracherkaoui.ma\/wp-content\/uploads\/2025\/12\/ecrinal-ecrinal-gel-emollient-cuticules-aux-aha-mains.jpg\" \/>\r\n\t<meta property=\"og:image:width\" content=\"700\" \/>\r\n\t<meta property=\"og:image:height\" content=\"700\" \/>\r\n\t<meta property=\"og:image:type\" content=\"image\/jpeg\" \/>\r\n<meta name=\"twitter:card\" content=\"summary_large_image\" \/>\r\n<script type=\"application\/ld+json\" class=\"yoast-schema-graph\">{\"@context\":\"https:\/\/schema.org\",\"@graph\":[{\"@type\":\"WebPage\",\"@id\":\"https:\/\/paracherkaoui.ma\/index.php\/produit\/ecrinal-gel-emollient-cuticules-aux-aha\/\",\"url\":\"https:\/\/paracherkaoui.ma\/index.php\/produit\/ecrinal-gel-emollient-cuticules-aux-aha\/\",\"name\":\"ECRINAL GEL EMOLLIENT CUTICULES AUX AHA - Paracherkaoui.ma\",\"isPartOf\":{\"@id\":\"https:\/\/paracherkaoui.ma\/#website\"},\"primaryImageOfPage\":{\"@id\":\"https:\/\/paracherkaoui.ma\/index.php\/produit\/ecrinal-gel-emollient-cuticules-aux-aha\/#primaryimage\"},\"image\":{\"@id\":\"https:\/\/paracherkaoui.ma\/index.php\/produit\/ecrinal-gel-emollient-cuticules-aux-aha\/#primaryimage\"},\"thumbnailUrl\":\"https:\/\/paracherkaoui.ma\/wp-content\/uploads\/2025\/12\/ecrinal-ecrinal-gel-emollient-cuticules-aux-aha-mains.jpg\",\"datePublished\":\"2025-12-12T17:40:50+00:00\",\"dateModified\":\"2025-12-12T17:40:54+00:00\",\"breadcrumb\":{\"@id\":\"https:\/\/paracherkaoui.ma\/index.php\/produit\/ecrinal-gel-emollient-cuticules-aux-aha\/#breadcrumb\"},\"inLanguage\":\"fr-FR\",\"potentialAction\":[{\"@type\":\"ReadAction\",\"target\":[\"https:\/\/paracherkaoui.ma\/index.php\/produit\/ecrinal-gel-emollient-cuticules-aux-aha\/\"]}]},{\"@type\":\"ImageObject\",\"inLanguage\":\"fr-FR\",\"@id\":\"https:\/\/paracherkaoui.ma\/index.php\/produit\/ecrinal-gel-emollient-cuticules-aux-aha\/#primaryimage\",\"url\":\"https:\/\/paracherkaoui.ma\/wp-content\/uploads\/2025\/12\/ecrinal-ecrinal-gel-emollient-cuticules-aux-aha-mains.jpg\",\"contentUrl\":\"https:\/\/paracherkaoui.ma\/wp-content\/uploads\/2025\/12\/ecrinal-ecrinal-gel-emollient-cuticules-aux-aha-mains.jpg\",\"width\":700,\"height\":700},{\"@type\":\"BreadcrumbList\",\"@id\":\"https:\/\/paracherkaoui.ma\/index.php\/produit\/ecrinal-gel-emollient-cuticules-aux-aha\/#breadcrumb\",\"itemListElement\":[{\"@type\":\"ListItem\",\"position\":1,\"name\":\"Accueil\",\"item\":\"https:\/\/paracherkaoui.ma\/\"},{\"@type\":\"ListItem\",\"position\":2,\"name\":\"Boutique\",\"item\":\"https:\/\/paracherkaoui.ma\/index.php\/boutique\/\"},{\"@type\":\"ListItem\",\"position\":3,\"name\":\"ECRINAL GEL EMOLLIENT CUTICULES AUX AHA\"}]},{\"@type\":\"WebSite\",\"@id\":\"https:\/\/paracherkaoui.ma\/#website\",\"url\":\"https:\/\/paracherkaoui.ma\/\",\"name\":\"Paracherkaoui.ma\",\"description\":\"Achetez en ligne sur Paracherkaoui.ma\",\"potentialAction\":[{\"@type\":\"SearchAction\",\"target\":{\"@type\":\"EntryPoint\",\"urlTemplate\":\"https:\/\/paracherkaoui.ma\/?s={search_term_string}\"},\"query-input\":{\"@type\":\"PropertyValueSpecification\",\"valueRequired\":true,\"valueName\":\"search_term_string\"}}],\"inLanguage\":\"fr-FR\"}]}<\/script>\r\n<!-- \/ Yoast SEO plugin. -->","yoast_head_json":{"title":"ECRINAL GEL EMOLLIENT CUTICULES AUX AHA - Paracherkaoui.ma","robots":{"index":"index","follow":"follow","max-snippet":"max-snippet:-1","max-image-preview":"max-image-preview:large","max-video-preview":"max-video-preview:-1"},"canonical":"https:\/\/paracherkaoui.ma\/index.php\/produit\/ecrinal-gel-emollient-cuticules-aux-aha\/","og_locale":"fr_FR","og_type":"article","og_title":"ECRINAL GEL EMOLLIENT CUTICULES AUX AHA - Paracherkaoui.ma","og_description":"Ecrinal Gel Emollient Cuticules aux AHA Ecrinal permet de repousser les cuticules et d&rsquo;assurer un contour net et r\u00e9gulier de","og_url":"https:\/\/paracherkaoui.ma\/index.php\/produit\/ecrinal-gel-emollient-cuticules-aux-aha\/","og_site_name":"Paracherkaoui.ma","article_modified_time":"2025-12-12T17:40:54+00:00","og_image":[{"width":700,"height":700,"url":"https:\/\/paracherkaoui.ma\/wp-content\/uploads\/2025\/12\/ecrinal-ecrinal-gel-emollient-cuticules-aux-aha-mains.jpg","type":"image\/jpeg"}],"twitter_card":"summary_large_image","schema":{"@context":"https:\/\/schema.org","@graph":[{"@type":"WebPage","@id":"https:\/\/paracherkaoui.ma\/index.php\/produit\/ecrinal-gel-emollient-cuticules-aux-aha\/","url":"https:\/\/paracherkaoui.ma\/index.php\/produit\/ecrinal-gel-emollient-cuticules-aux-aha\/","name":"ECRINAL GEL EMOLLIENT CUTICULES AUX AHA - Paracherkaoui.ma","isPartOf":{"@id":"https:\/\/paracherkaoui.ma\/#website"},"primaryImageOfPage":{"@id":"https:\/\/paracherkaoui.ma\/index.php\/produit\/ecrinal-gel-emollient-cuticules-aux-aha\/#primaryimage"},"image":{"@id":"https:\/\/paracherkaoui.ma\/index.php\/produit\/ecrinal-gel-emollient-cuticules-aux-aha\/#primaryimage"},"thumbnailUrl":"https:\/\/paracherkaoui.ma\/wp-content\/uploads\/2025\/12\/ecrinal-ecrinal-gel-emollient-cuticules-aux-aha-mains.jpg","datePublished":"2025-12-12T17:40:50+00:00","dateModified":"2025-12-12T17:40:54+00:00","breadcrumb":{"@id":"https:\/\/paracherkaoui.ma\/index.php\/produit\/ecrinal-gel-emollient-cuticules-aux-aha\/#breadcrumb"},"inLanguage":"fr-FR","potentialAction":[{"@type":"ReadAction","target":["https:\/\/paracherkaoui.ma\/index.php\/produit\/ecrinal-gel-emollient-cuticules-aux-aha\/"]}]},{"@type":"ImageObject","inLanguage":"fr-FR","@id":"https:\/\/paracherkaoui.ma\/index.php\/produit\/ecrinal-gel-emollient-cuticules-aux-aha\/#primaryimage","url":"https:\/\/paracherkaoui.ma\/wp-content\/uploads\/2025\/12\/ecrinal-ecrinal-gel-emollient-cuticules-aux-aha-mains.jpg","contentUrl":"https:\/\/paracherkaoui.ma\/wp-content\/uploads\/2025\/12\/ecrinal-ecrinal-gel-emollient-cuticules-aux-aha-mains.jpg","width":700,"height":700},{"@type":"BreadcrumbList","@id":"https:\/\/paracherkaoui.ma\/index.php\/produit\/ecrinal-gel-emollient-cuticules-aux-aha\/#breadcrumb","itemListElement":[{"@type":"ListItem","position":1,"name":"Accueil","item":"https:\/\/paracherkaoui.ma\/"},{"@type":"ListItem","position":2,"name":"Boutique","item":"https:\/\/paracherkaoui.ma\/index.php\/boutique\/"},{"@type":"ListItem","position":3,"name":"ECRINAL GEL EMOLLIENT CUTICULES AUX AHA"}]},{"@type":"WebSite","@id":"https:\/\/paracherkaoui.ma\/#website","url":"https:\/\/paracherkaoui.ma\/","name":"Paracherkaoui.ma","description":"Achetez en ligne sur Paracherkaoui.ma","potentialAction":[{"@type":"SearchAction","target":{"@type":"EntryPoint","urlTemplate":"https:\/\/paracherkaoui.ma\/?s={search_term_string}"},"query-input":{"@type":"PropertyValueSpecification","valueRequired":true,"valueName":"search_term_string"}}],"inLanguage":"fr-FR"}]}},"_links":{"self":[{"href":"https:\/\/paracherkaoui.ma\/index.php\/wp-json\/wp\/v2\/product\/33271","targetHints":{"allow":["GET"]}}],"collection":[{"href":"https:\/\/paracherkaoui.ma\/index.php\/wp-json\/wp\/v2\/product"}],"about":[{"href":"https:\/\/paracherkaoui.ma\/index.php\/wp-json\/wp\/v2\/types\/product"}],"replies":[{"embeddable":true,"href":"https:\/\/paracherkaoui.ma\/index.php\/wp-json\/wp\/v2\/comments?post=33271"}],"version-history":[{"count":1,"href":"https:\/\/paracherkaoui.ma\/index.php\/wp-json\/wp\/v2\/product\/33271\/revisions"}],"predecessor-version":[{"id":33316,"href":"https:\/\/paracherkaoui.ma\/index.php\/wp-json\/wp\/v2\/product\/33271\/revisions\/33316"}],"wp:featuredmedia":[{"embeddable":true,"href":"https:\/\/paracherkaoui.ma\/index.php\/wp-json\/wp\/v2\/media\/33315"}],"wp:attachment":[{"href":"https:\/\/paracherkaoui.ma\/index.php\/wp-json\/wp\/v2\/media?parent=33271"}],"wp:term":[{"taxonomy":"product_brand","embeddable":true,"href":"https:\/\/paracherkaoui.ma\/index.php\/wp-json\/wp\/v2\/product_brand?post=33271"},{"taxonomy":"product_cat","embeddable":true,"href":"https:\/\/paracherkaoui.ma\/index.php\/wp-json\/wp\/v2\/product_cat?post=33271"},{"taxonomy":"product_tag","embeddable":true,"href":"https:\/\/paracherkaoui.ma\/index.php\/wp-json\/wp\/v2\/product_tag?post=33271"}],"curies":[{"name":"wp","href":"https:\/\/api.w.org\/{rel}","templated":true}]}}