{"id":33190,"date":"2025-12-12T18:40:42","date_gmt":"2025-12-12T17:40:42","guid":{"rendered":"https:\/\/test.ecbeaute.com\/?post_type=product&#038;p=33190"},"modified":"2025-12-12T18:40:48","modified_gmt":"2025-12-12T17:40:48","slug":"neutrogena-creme-mains-hydratation-et-hygiene-50-ml","status":"publish","type":"product","link":"https:\/\/paracherkaoui.ma\/index.php\/produit\/neutrogena-creme-mains-hydratation-et-hygiene-50-ml\/","title":{"rendered":"NEUTROGENA CREME MAINS HYDRATATION ET HYGIENE 50 ML"},"content":{"rendered":"<p>La Cr\u00e8me Mains Hydratation &#038; Hygi\u00e8ne de Neutrogena est la solution id\u00e9ale pour des mains douces et propres tout au long de la journ\u00e9e. D\u00e9velopp\u00e9e avec des dermatologues, cette cr\u00e8me combine les bienfaits de la Formule Norv\u00e9gienne pour hydrater en profondeur, et de la glyc\u00e9rine d\u2019origine naturelle pour une hydratation durable.<br \/>\nEn plus de ses propri\u00e9t\u00e9s hydratantes, cette cr\u00e8me mains est \u00e9galement enrichie en alcool pour \u00e9liminer efficacement les impuret\u00e9s et offrir une sensation de fra\u00eecheur imm\u00e9diate. Elle est facile \u00e0 utiliser, il suffit de l\u2019appliquer deux fois par jour comme une cr\u00e8me mains hydratante classique.<br \/>\nAvec son conditionnement pratique en tube de 50 ml, cette cr\u00e8me mains est un indispensable pour une hygi\u00e8ne irr\u00e9prochable. Optez pour la Cr\u00e8me Mains Hydratation &#038; Hygi\u00e8ne de Neutrogena pour des mains douces et propres en toutes circonstances.<\/p>\n","protected":false},"excerpt":{"rendered":"<p>La Cr\u00e8me Mains Hydratation &#038; Hygi\u00e8ne de Neutrogena est la solution id\u00e9ale pour des mains douces et propres tout au<\/p>\n","protected":false},"featured_media":33245,"comment_status":"open","ping_status":"closed","template":"","meta":[],"product_brand":[436],"product_cat":[599],"product_tag":[],"class_list":{"0":"post-33190","1":"product","2":"type-product","3":"status-publish","4":"has-post-thumbnail","6":"product_brand-neutrogena","7":"product_cat-soins-mains-et-pieds","9":"first","10":"instock","11":"sale","12":"shipping-taxable","13":"purchasable","14":"product-type-simple"},"yoast_head":"<!-- This site is optimized with the Yoast SEO plugin v26.6 - https:\/\/yoast.com\/wordpress\/plugins\/seo\/ -->\r\n<title>NEUTROGENA CREME MAINS HYDRATATION ET HYGIENE 50 ML - Paracherkaoui.ma<\/title>\r\n<meta name=\"robots\" content=\"index, follow, max-snippet:-1, max-image-preview:large, max-video-preview:-1\" \/>\r\n<link rel=\"canonical\" href=\"https:\/\/paracherkaoui.ma\/index.php\/produit\/neutrogena-creme-mains-hydratation-et-hygiene-50-ml\/\" \/>\r\n<meta property=\"og:locale\" content=\"fr_FR\" \/>\r\n<meta property=\"og:type\" content=\"article\" \/>\r\n<meta property=\"og:title\" content=\"NEUTROGENA CREME MAINS HYDRATATION ET HYGIENE 50 ML - Paracherkaoui.ma\" \/>\r\n<meta property=\"og:description\" content=\"La Cr\u00e8me Mains Hydratation &#038; Hygi\u00e8ne de Neutrogena est la solution id\u00e9ale pour des mains douces et propres tout au\" \/>\r\n<meta property=\"og:url\" content=\"https:\/\/paracherkaoui.ma\/index.php\/produit\/neutrogena-creme-mains-hydratation-et-hygiene-50-ml\/\" \/>\r\n<meta property=\"og:site_name\" content=\"Paracherkaoui.ma\" \/>\r\n<meta property=\"article:modified_time\" content=\"2025-12-12T17:40:48+00:00\" \/>\r\n<meta property=\"og:image\" content=\"https:\/\/paracherkaoui.ma\/wp-content\/uploads\/2025\/12\/neutrogena-neutrogena-creme-mains-hydratation-et-hygiene-50-ml-soins-mains-et-pieds.jpg\" \/>\r\n\t<meta property=\"og:image:width\" content=\"700\" \/>\r\n\t<meta property=\"og:image:height\" content=\"700\" \/>\r\n\t<meta property=\"og:image:type\" content=\"image\/jpeg\" \/>\r\n<meta name=\"twitter:card\" content=\"summary_large_image\" \/>\r\n<meta name=\"twitter:label1\" content=\"Dur\u00e9e de lecture estim\u00e9e\" \/>\n\t<meta name=\"twitter:data1\" content=\"1 minute\" \/>\r\n<script type=\"application\/ld+json\" class=\"yoast-schema-graph\">{\"@context\":\"https:\/\/schema.org\",\"@graph\":[{\"@type\":\"WebPage\",\"@id\":\"https:\/\/paracherkaoui.ma\/index.php\/produit\/neutrogena-creme-mains-hydratation-et-hygiene-50-ml\/\",\"url\":\"https:\/\/paracherkaoui.ma\/index.php\/produit\/neutrogena-creme-mains-hydratation-et-hygiene-50-ml\/\",\"name\":\"NEUTROGENA CREME MAINS HYDRATATION ET HYGIENE 50 ML - Paracherkaoui.ma\",\"isPartOf\":{\"@id\":\"https:\/\/paracherkaoui.ma\/#website\"},\"primaryImageOfPage\":{\"@id\":\"https:\/\/paracherkaoui.ma\/index.php\/produit\/neutrogena-creme-mains-hydratation-et-hygiene-50-ml\/#primaryimage\"},\"image\":{\"@id\":\"https:\/\/paracherkaoui.ma\/index.php\/produit\/neutrogena-creme-mains-hydratation-et-hygiene-50-ml\/#primaryimage\"},\"thumbnailUrl\":\"https:\/\/paracherkaoui.ma\/wp-content\/uploads\/2025\/12\/neutrogena-neutrogena-creme-mains-hydratation-et-hygiene-50-ml-soins-mains-et-pieds.jpg\",\"datePublished\":\"2025-12-12T17:40:42+00:00\",\"dateModified\":\"2025-12-12T17:40:48+00:00\",\"breadcrumb\":{\"@id\":\"https:\/\/paracherkaoui.ma\/index.php\/produit\/neutrogena-creme-mains-hydratation-et-hygiene-50-ml\/#breadcrumb\"},\"inLanguage\":\"fr-FR\",\"potentialAction\":[{\"@type\":\"ReadAction\",\"target\":[\"https:\/\/paracherkaoui.ma\/index.php\/produit\/neutrogena-creme-mains-hydratation-et-hygiene-50-ml\/\"]}]},{\"@type\":\"ImageObject\",\"inLanguage\":\"fr-FR\",\"@id\":\"https:\/\/paracherkaoui.ma\/index.php\/produit\/neutrogena-creme-mains-hydratation-et-hygiene-50-ml\/#primaryimage\",\"url\":\"https:\/\/paracherkaoui.ma\/wp-content\/uploads\/2025\/12\/neutrogena-neutrogena-creme-mains-hydratation-et-hygiene-50-ml-soins-mains-et-pieds.jpg\",\"contentUrl\":\"https:\/\/paracherkaoui.ma\/wp-content\/uploads\/2025\/12\/neutrogena-neutrogena-creme-mains-hydratation-et-hygiene-50-ml-soins-mains-et-pieds.jpg\",\"width\":700,\"height\":700},{\"@type\":\"BreadcrumbList\",\"@id\":\"https:\/\/paracherkaoui.ma\/index.php\/produit\/neutrogena-creme-mains-hydratation-et-hygiene-50-ml\/#breadcrumb\",\"itemListElement\":[{\"@type\":\"ListItem\",\"position\":1,\"name\":\"Accueil\",\"item\":\"https:\/\/paracherkaoui.ma\/\"},{\"@type\":\"ListItem\",\"position\":2,\"name\":\"Boutique\",\"item\":\"https:\/\/paracherkaoui.ma\/index.php\/boutique\/\"},{\"@type\":\"ListItem\",\"position\":3,\"name\":\"NEUTROGENA CREME MAINS HYDRATATION ET HYGIENE 50 ML\"}]},{\"@type\":\"WebSite\",\"@id\":\"https:\/\/paracherkaoui.ma\/#website\",\"url\":\"https:\/\/paracherkaoui.ma\/\",\"name\":\"Paracherkaoui.ma\",\"description\":\"Achetez en ligne sur Paracherkaoui.ma\",\"potentialAction\":[{\"@type\":\"SearchAction\",\"target\":{\"@type\":\"EntryPoint\",\"urlTemplate\":\"https:\/\/paracherkaoui.ma\/?s={search_term_string}\"},\"query-input\":{\"@type\":\"PropertyValueSpecification\",\"valueRequired\":true,\"valueName\":\"search_term_string\"}}],\"inLanguage\":\"fr-FR\"}]}<\/script>\r\n<!-- \/ Yoast SEO plugin. -->","yoast_head_json":{"title":"NEUTROGENA CREME MAINS HYDRATATION ET HYGIENE 50 ML - Paracherkaoui.ma","robots":{"index":"index","follow":"follow","max-snippet":"max-snippet:-1","max-image-preview":"max-image-preview:large","max-video-preview":"max-video-preview:-1"},"canonical":"https:\/\/paracherkaoui.ma\/index.php\/produit\/neutrogena-creme-mains-hydratation-et-hygiene-50-ml\/","og_locale":"fr_FR","og_type":"article","og_title":"NEUTROGENA CREME MAINS HYDRATATION ET HYGIENE 50 ML - Paracherkaoui.ma","og_description":"La Cr\u00e8me Mains Hydratation &#038; Hygi\u00e8ne de Neutrogena est la solution id\u00e9ale pour des mains douces et propres tout au","og_url":"https:\/\/paracherkaoui.ma\/index.php\/produit\/neutrogena-creme-mains-hydratation-et-hygiene-50-ml\/","og_site_name":"Paracherkaoui.ma","article_modified_time":"2025-12-12T17:40:48+00:00","og_image":[{"width":700,"height":700,"url":"https:\/\/paracherkaoui.ma\/wp-content\/uploads\/2025\/12\/neutrogena-neutrogena-creme-mains-hydratation-et-hygiene-50-ml-soins-mains-et-pieds.jpg","type":"image\/jpeg"}],"twitter_card":"summary_large_image","twitter_misc":{"Dur\u00e9e de lecture estim\u00e9e":"1 minute"},"schema":{"@context":"https:\/\/schema.org","@graph":[{"@type":"WebPage","@id":"https:\/\/paracherkaoui.ma\/index.php\/produit\/neutrogena-creme-mains-hydratation-et-hygiene-50-ml\/","url":"https:\/\/paracherkaoui.ma\/index.php\/produit\/neutrogena-creme-mains-hydratation-et-hygiene-50-ml\/","name":"NEUTROGENA CREME MAINS HYDRATATION ET HYGIENE 50 ML - Paracherkaoui.ma","isPartOf":{"@id":"https:\/\/paracherkaoui.ma\/#website"},"primaryImageOfPage":{"@id":"https:\/\/paracherkaoui.ma\/index.php\/produit\/neutrogena-creme-mains-hydratation-et-hygiene-50-ml\/#primaryimage"},"image":{"@id":"https:\/\/paracherkaoui.ma\/index.php\/produit\/neutrogena-creme-mains-hydratation-et-hygiene-50-ml\/#primaryimage"},"thumbnailUrl":"https:\/\/paracherkaoui.ma\/wp-content\/uploads\/2025\/12\/neutrogena-neutrogena-creme-mains-hydratation-et-hygiene-50-ml-soins-mains-et-pieds.jpg","datePublished":"2025-12-12T17:40:42+00:00","dateModified":"2025-12-12T17:40:48+00:00","breadcrumb":{"@id":"https:\/\/paracherkaoui.ma\/index.php\/produit\/neutrogena-creme-mains-hydratation-et-hygiene-50-ml\/#breadcrumb"},"inLanguage":"fr-FR","potentialAction":[{"@type":"ReadAction","target":["https:\/\/paracherkaoui.ma\/index.php\/produit\/neutrogena-creme-mains-hydratation-et-hygiene-50-ml\/"]}]},{"@type":"ImageObject","inLanguage":"fr-FR","@id":"https:\/\/paracherkaoui.ma\/index.php\/produit\/neutrogena-creme-mains-hydratation-et-hygiene-50-ml\/#primaryimage","url":"https:\/\/paracherkaoui.ma\/wp-content\/uploads\/2025\/12\/neutrogena-neutrogena-creme-mains-hydratation-et-hygiene-50-ml-soins-mains-et-pieds.jpg","contentUrl":"https:\/\/paracherkaoui.ma\/wp-content\/uploads\/2025\/12\/neutrogena-neutrogena-creme-mains-hydratation-et-hygiene-50-ml-soins-mains-et-pieds.jpg","width":700,"height":700},{"@type":"BreadcrumbList","@id":"https:\/\/paracherkaoui.ma\/index.php\/produit\/neutrogena-creme-mains-hydratation-et-hygiene-50-ml\/#breadcrumb","itemListElement":[{"@type":"ListItem","position":1,"name":"Accueil","item":"https:\/\/paracherkaoui.ma\/"},{"@type":"ListItem","position":2,"name":"Boutique","item":"https:\/\/paracherkaoui.ma\/index.php\/boutique\/"},{"@type":"ListItem","position":3,"name":"NEUTROGENA CREME MAINS HYDRATATION ET HYGIENE 50 ML"}]},{"@type":"WebSite","@id":"https:\/\/paracherkaoui.ma\/#website","url":"https:\/\/paracherkaoui.ma\/","name":"Paracherkaoui.ma","description":"Achetez en ligne sur Paracherkaoui.ma","potentialAction":[{"@type":"SearchAction","target":{"@type":"EntryPoint","urlTemplate":"https:\/\/paracherkaoui.ma\/?s={search_term_string}"},"query-input":{"@type":"PropertyValueSpecification","valueRequired":true,"valueName":"search_term_string"}}],"inLanguage":"fr-FR"}]}},"_links":{"self":[{"href":"https:\/\/paracherkaoui.ma\/index.php\/wp-json\/wp\/v2\/product\/33190","targetHints":{"allow":["GET"]}}],"collection":[{"href":"https:\/\/paracherkaoui.ma\/index.php\/wp-json\/wp\/v2\/product"}],"about":[{"href":"https:\/\/paracherkaoui.ma\/index.php\/wp-json\/wp\/v2\/types\/product"}],"replies":[{"embeddable":true,"href":"https:\/\/paracherkaoui.ma\/index.php\/wp-json\/wp\/v2\/comments?post=33190"}],"version-history":[{"count":1,"href":"https:\/\/paracherkaoui.ma\/index.php\/wp-json\/wp\/v2\/product\/33190\/revisions"}],"predecessor-version":[{"id":33246,"href":"https:\/\/paracherkaoui.ma\/index.php\/wp-json\/wp\/v2\/product\/33190\/revisions\/33246"}],"wp:featuredmedia":[{"embeddable":true,"href":"https:\/\/paracherkaoui.ma\/index.php\/wp-json\/wp\/v2\/media\/33245"}],"wp:attachment":[{"href":"https:\/\/paracherkaoui.ma\/index.php\/wp-json\/wp\/v2\/media?parent=33190"}],"wp:term":[{"taxonomy":"product_brand","embeddable":true,"href":"https:\/\/paracherkaoui.ma\/index.php\/wp-json\/wp\/v2\/product_brand?post=33190"},{"taxonomy":"product_cat","embeddable":true,"href":"https:\/\/paracherkaoui.ma\/index.php\/wp-json\/wp\/v2\/product_cat?post=33190"},{"taxonomy":"product_tag","embeddable":true,"href":"https:\/\/paracherkaoui.ma\/index.php\/wp-json\/wp\/v2\/product_tag?post=33190"}],"curies":[{"name":"wp","href":"https:\/\/api.w.org\/{rel}","templated":true}]}}