{"id":33185,"date":"2025-12-12T18:40:42","date_gmt":"2025-12-12T17:40:42","guid":{"rendered":"https:\/\/test.ecbeaute.com\/?post_type=product&#038;p=33185"},"modified":"2025-12-12T18:40:47","modified_gmt":"2025-12-12T17:40:47","slug":"mavala-nailactan-15-ml","status":"publish","type":"product","link":"https:\/\/paracherkaoui.ma\/index.php\/produit\/mavala-nailactan-15-ml\/","title":{"rendered":"MAVALA NAILACTAN 15 ML"},"content":{"rendered":"<p>NAILACTAN est une cr\u00e8me pour ongles ab\u00eem\u00e9s, secs, d\u00e9vitalis\u00e9s, cassants ou friables, compos\u00e9e d&rsquo;acides amin\u00e9s essentiels, de lipides et de vitamines k\u00e9rato-r\u00e9gulatrices et fortifiantes. Son action nutritive et hydratante augmente la flexibilit\u00e9 de la plaque corn\u00e9e, am\u00e9liore son \u00e9tat g\u00e9n\u00e9ral et, de ce fait, donne plus de r\u00e9sistance aux ongles. Soin quotidien de dur\u00e9e.<br \/>\nConseils d&rsquo;utilisation :<br \/>\nS&rsquo;utilise en cure de 4 \u00e0 6 semaines. Masser NAILACTAN chaque soir sur la racine de l&rsquo;ongle. Laisser le produit agir durant la nuit. En cas d&rsquo;ongles tr\u00e8s ab\u00eem\u00e9s, poursuivre l&rsquo;application pendant quelques mois<\/p>\n","protected":false},"excerpt":{"rendered":"<p>NAILACTAN est une cr\u00e8me pour ongles ab\u00eem\u00e9s, secs, d\u00e9vitalis\u00e9s, cassants ou friables, compos\u00e9e d&rsquo;acides amin\u00e9s essentiels, de lipides et de<\/p>\n","protected":false},"featured_media":33235,"comment_status":"open","ping_status":"closed","template":"","meta":[],"product_brand":[546],"product_cat":[599],"product_tag":[],"class_list":{"0":"post-33185","1":"product","2":"type-product","3":"status-publish","4":"has-post-thumbnail","6":"product_brand-mavala","7":"product_cat-soins-mains-et-pieds","9":"first","10":"instock","11":"shipping-taxable","12":"purchasable","13":"product-type-simple"},"yoast_head":"<!-- This site is optimized with the Yoast SEO plugin v26.6 - https:\/\/yoast.com\/wordpress\/plugins\/seo\/ -->\r\n<title>MAVALA NAILACTAN 15 ML - Paracherkaoui.ma<\/title>\r\n<meta name=\"robots\" content=\"index, follow, max-snippet:-1, max-image-preview:large, max-video-preview:-1\" \/>\r\n<link rel=\"canonical\" href=\"https:\/\/paracherkaoui.ma\/index.php\/produit\/mavala-nailactan-15-ml\/\" \/>\r\n<meta property=\"og:locale\" content=\"fr_FR\" \/>\r\n<meta property=\"og:type\" content=\"article\" \/>\r\n<meta property=\"og:title\" content=\"MAVALA NAILACTAN 15 ML - Paracherkaoui.ma\" \/>\r\n<meta property=\"og:description\" content=\"NAILACTAN est une cr\u00e8me pour ongles ab\u00eem\u00e9s, secs, d\u00e9vitalis\u00e9s, cassants ou friables, compos\u00e9e d&rsquo;acides amin\u00e9s essentiels, de lipides et de\" \/>\r\n<meta property=\"og:url\" content=\"https:\/\/paracherkaoui.ma\/index.php\/produit\/mavala-nailactan-15-ml\/\" \/>\r\n<meta property=\"og:site_name\" content=\"Paracherkaoui.ma\" \/>\r\n<meta property=\"article:modified_time\" content=\"2025-12-12T17:40:47+00:00\" \/>\r\n<meta property=\"og:image\" content=\"https:\/\/paracherkaoui.ma\/wp-content\/uploads\/2025\/12\/mavala-mavala-nailactan-15-ml-mains.jpg\" \/>\r\n\t<meta property=\"og:image:width\" content=\"700\" \/>\r\n\t<meta property=\"og:image:height\" content=\"700\" \/>\r\n\t<meta property=\"og:image:type\" content=\"image\/jpeg\" \/>\r\n<meta name=\"twitter:card\" content=\"summary_large_image\" \/>\r\n<meta name=\"twitter:label1\" content=\"Dur\u00e9e de lecture estim\u00e9e\" \/>\n\t<meta name=\"twitter:data1\" content=\"1 minute\" \/>\r\n<script type=\"application\/ld+json\" class=\"yoast-schema-graph\">{\"@context\":\"https:\/\/schema.org\",\"@graph\":[{\"@type\":\"WebPage\",\"@id\":\"https:\/\/paracherkaoui.ma\/index.php\/produit\/mavala-nailactan-15-ml\/\",\"url\":\"https:\/\/paracherkaoui.ma\/index.php\/produit\/mavala-nailactan-15-ml\/\",\"name\":\"MAVALA NAILACTAN 15 ML - Paracherkaoui.ma\",\"isPartOf\":{\"@id\":\"https:\/\/paracherkaoui.ma\/#website\"},\"primaryImageOfPage\":{\"@id\":\"https:\/\/paracherkaoui.ma\/index.php\/produit\/mavala-nailactan-15-ml\/#primaryimage\"},\"image\":{\"@id\":\"https:\/\/paracherkaoui.ma\/index.php\/produit\/mavala-nailactan-15-ml\/#primaryimage\"},\"thumbnailUrl\":\"https:\/\/paracherkaoui.ma\/wp-content\/uploads\/2025\/12\/mavala-mavala-nailactan-15-ml-mains.jpg\",\"datePublished\":\"2025-12-12T17:40:42+00:00\",\"dateModified\":\"2025-12-12T17:40:47+00:00\",\"breadcrumb\":{\"@id\":\"https:\/\/paracherkaoui.ma\/index.php\/produit\/mavala-nailactan-15-ml\/#breadcrumb\"},\"inLanguage\":\"fr-FR\",\"potentialAction\":[{\"@type\":\"ReadAction\",\"target\":[\"https:\/\/paracherkaoui.ma\/index.php\/produit\/mavala-nailactan-15-ml\/\"]}]},{\"@type\":\"ImageObject\",\"inLanguage\":\"fr-FR\",\"@id\":\"https:\/\/paracherkaoui.ma\/index.php\/produit\/mavala-nailactan-15-ml\/#primaryimage\",\"url\":\"https:\/\/paracherkaoui.ma\/wp-content\/uploads\/2025\/12\/mavala-mavala-nailactan-15-ml-mains.jpg\",\"contentUrl\":\"https:\/\/paracherkaoui.ma\/wp-content\/uploads\/2025\/12\/mavala-mavala-nailactan-15-ml-mains.jpg\",\"width\":700,\"height\":700},{\"@type\":\"BreadcrumbList\",\"@id\":\"https:\/\/paracherkaoui.ma\/index.php\/produit\/mavala-nailactan-15-ml\/#breadcrumb\",\"itemListElement\":[{\"@type\":\"ListItem\",\"position\":1,\"name\":\"Accueil\",\"item\":\"https:\/\/paracherkaoui.ma\/\"},{\"@type\":\"ListItem\",\"position\":2,\"name\":\"Boutique\",\"item\":\"https:\/\/paracherkaoui.ma\/index.php\/boutique\/\"},{\"@type\":\"ListItem\",\"position\":3,\"name\":\"MAVALA NAILACTAN 15 ML\"}]},{\"@type\":\"WebSite\",\"@id\":\"https:\/\/paracherkaoui.ma\/#website\",\"url\":\"https:\/\/paracherkaoui.ma\/\",\"name\":\"Paracherkaoui.ma\",\"description\":\"Achetez en ligne sur Paracherkaoui.ma\",\"potentialAction\":[{\"@type\":\"SearchAction\",\"target\":{\"@type\":\"EntryPoint\",\"urlTemplate\":\"https:\/\/paracherkaoui.ma\/?s={search_term_string}\"},\"query-input\":{\"@type\":\"PropertyValueSpecification\",\"valueRequired\":true,\"valueName\":\"search_term_string\"}}],\"inLanguage\":\"fr-FR\"}]}<\/script>\r\n<!-- \/ Yoast SEO plugin. -->","yoast_head_json":{"title":"MAVALA NAILACTAN 15 ML - Paracherkaoui.ma","robots":{"index":"index","follow":"follow","max-snippet":"max-snippet:-1","max-image-preview":"max-image-preview:large","max-video-preview":"max-video-preview:-1"},"canonical":"https:\/\/paracherkaoui.ma\/index.php\/produit\/mavala-nailactan-15-ml\/","og_locale":"fr_FR","og_type":"article","og_title":"MAVALA NAILACTAN 15 ML - Paracherkaoui.ma","og_description":"NAILACTAN est une cr\u00e8me pour ongles ab\u00eem\u00e9s, secs, d\u00e9vitalis\u00e9s, cassants ou friables, compos\u00e9e d&rsquo;acides amin\u00e9s essentiels, de lipides et de","og_url":"https:\/\/paracherkaoui.ma\/index.php\/produit\/mavala-nailactan-15-ml\/","og_site_name":"Paracherkaoui.ma","article_modified_time":"2025-12-12T17:40:47+00:00","og_image":[{"width":700,"height":700,"url":"https:\/\/paracherkaoui.ma\/wp-content\/uploads\/2025\/12\/mavala-mavala-nailactan-15-ml-mains.jpg","type":"image\/jpeg"}],"twitter_card":"summary_large_image","twitter_misc":{"Dur\u00e9e de lecture estim\u00e9e":"1 minute"},"schema":{"@context":"https:\/\/schema.org","@graph":[{"@type":"WebPage","@id":"https:\/\/paracherkaoui.ma\/index.php\/produit\/mavala-nailactan-15-ml\/","url":"https:\/\/paracherkaoui.ma\/index.php\/produit\/mavala-nailactan-15-ml\/","name":"MAVALA NAILACTAN 15 ML - Paracherkaoui.ma","isPartOf":{"@id":"https:\/\/paracherkaoui.ma\/#website"},"primaryImageOfPage":{"@id":"https:\/\/paracherkaoui.ma\/index.php\/produit\/mavala-nailactan-15-ml\/#primaryimage"},"image":{"@id":"https:\/\/paracherkaoui.ma\/index.php\/produit\/mavala-nailactan-15-ml\/#primaryimage"},"thumbnailUrl":"https:\/\/paracherkaoui.ma\/wp-content\/uploads\/2025\/12\/mavala-mavala-nailactan-15-ml-mains.jpg","datePublished":"2025-12-12T17:40:42+00:00","dateModified":"2025-12-12T17:40:47+00:00","breadcrumb":{"@id":"https:\/\/paracherkaoui.ma\/index.php\/produit\/mavala-nailactan-15-ml\/#breadcrumb"},"inLanguage":"fr-FR","potentialAction":[{"@type":"ReadAction","target":["https:\/\/paracherkaoui.ma\/index.php\/produit\/mavala-nailactan-15-ml\/"]}]},{"@type":"ImageObject","inLanguage":"fr-FR","@id":"https:\/\/paracherkaoui.ma\/index.php\/produit\/mavala-nailactan-15-ml\/#primaryimage","url":"https:\/\/paracherkaoui.ma\/wp-content\/uploads\/2025\/12\/mavala-mavala-nailactan-15-ml-mains.jpg","contentUrl":"https:\/\/paracherkaoui.ma\/wp-content\/uploads\/2025\/12\/mavala-mavala-nailactan-15-ml-mains.jpg","width":700,"height":700},{"@type":"BreadcrumbList","@id":"https:\/\/paracherkaoui.ma\/index.php\/produit\/mavala-nailactan-15-ml\/#breadcrumb","itemListElement":[{"@type":"ListItem","position":1,"name":"Accueil","item":"https:\/\/paracherkaoui.ma\/"},{"@type":"ListItem","position":2,"name":"Boutique","item":"https:\/\/paracherkaoui.ma\/index.php\/boutique\/"},{"@type":"ListItem","position":3,"name":"MAVALA NAILACTAN 15 ML"}]},{"@type":"WebSite","@id":"https:\/\/paracherkaoui.ma\/#website","url":"https:\/\/paracherkaoui.ma\/","name":"Paracherkaoui.ma","description":"Achetez en ligne sur Paracherkaoui.ma","potentialAction":[{"@type":"SearchAction","target":{"@type":"EntryPoint","urlTemplate":"https:\/\/paracherkaoui.ma\/?s={search_term_string}"},"query-input":{"@type":"PropertyValueSpecification","valueRequired":true,"valueName":"search_term_string"}}],"inLanguage":"fr-FR"}]}},"_links":{"self":[{"href":"https:\/\/paracherkaoui.ma\/index.php\/wp-json\/wp\/v2\/product\/33185","targetHints":{"allow":["GET"]}}],"collection":[{"href":"https:\/\/paracherkaoui.ma\/index.php\/wp-json\/wp\/v2\/product"}],"about":[{"href":"https:\/\/paracherkaoui.ma\/index.php\/wp-json\/wp\/v2\/types\/product"}],"replies":[{"embeddable":true,"href":"https:\/\/paracherkaoui.ma\/index.php\/wp-json\/wp\/v2\/comments?post=33185"}],"version-history":[{"count":1,"href":"https:\/\/paracherkaoui.ma\/index.php\/wp-json\/wp\/v2\/product\/33185\/revisions"}],"predecessor-version":[{"id":33236,"href":"https:\/\/paracherkaoui.ma\/index.php\/wp-json\/wp\/v2\/product\/33185\/revisions\/33236"}],"wp:featuredmedia":[{"embeddable":true,"href":"https:\/\/paracherkaoui.ma\/index.php\/wp-json\/wp\/v2\/media\/33235"}],"wp:attachment":[{"href":"https:\/\/paracherkaoui.ma\/index.php\/wp-json\/wp\/v2\/media?parent=33185"}],"wp:term":[{"taxonomy":"product_brand","embeddable":true,"href":"https:\/\/paracherkaoui.ma\/index.php\/wp-json\/wp\/v2\/product_brand?post=33185"},{"taxonomy":"product_cat","embeddable":true,"href":"https:\/\/paracherkaoui.ma\/index.php\/wp-json\/wp\/v2\/product_cat?post=33185"},{"taxonomy":"product_tag","embeddable":true,"href":"https:\/\/paracherkaoui.ma\/index.php\/wp-json\/wp\/v2\/product_tag?post=33185"}],"curies":[{"name":"wp","href":"https:\/\/api.w.org\/{rel}","templated":true}]}}