{"id":33182,"date":"2025-12-12T18:40:42","date_gmt":"2025-12-12T17:40:42","guid":{"rendered":"https:\/\/test.ecbeaute.com\/?post_type=product&#038;p=33182"},"modified":"2025-12-12T18:40:46","modified_gmt":"2025-12-12T17:40:46","slug":"mavala-creme-cuticule-15ml","status":"publish","type":"product","link":"https:\/\/paracherkaoui.ma\/index.php\/produit\/mavala-creme-cuticule-15ml\/","title":{"rendered":"MAVALA CREME CUTICULE 15ml"},"content":{"rendered":"<p>Maintient les cuticules souples et \u00e9lastiques.<br \/>\nDes cuticules ab\u00eem\u00e9es donnent une apparence n\u00e9glig\u00e9e aux ongles et une jolie main devient sans attrait.<br \/>\nLa cr\u00e8me cuticule adoucit la peau, d\u00e9tache les cuticules et permet de les repousser en douceur pour former un contour parfait de l&rsquo;ongle, net et soign\u00e9.<br \/>\nElle n&rsquo;ab\u00eeme pas le vernis \u00e0 ongles.<br \/>\nConseils d&rsquo;utilisation<br \/>\nAppliquer autour de l&rsquo;ongle, surtout derri\u00e8re la lunule. Masser les cuticules en mouvements circulaires et laisser p\u00e9n\u00e9trer.<br \/>\nEn traitement, \u00e0 utiliser quotidiennement, de pr\u00e9f\u00e9rence le soir pour lui permettre d&rsquo;agir pendant la nuit.<br \/>\nUne fois par semaine ou lors de la manucure, repousser les cuticules \u00e0 l&rsquo;aide du petit batonn\u00eat manucure.<\/p>\n","protected":false},"excerpt":{"rendered":"<p>Maintient les cuticules souples et \u00e9lastiques. Des cuticules ab\u00eem\u00e9es donnent une apparence n\u00e9glig\u00e9e aux ongles et une jolie main devient<\/p>\n","protected":false},"featured_media":33229,"comment_status":"open","ping_status":"closed","template":"","meta":[],"product_brand":[546],"product_cat":[599],"product_tag":[],"class_list":{"0":"post-33182","1":"product","2":"type-product","3":"status-publish","4":"has-post-thumbnail","6":"product_brand-mavala","7":"product_cat-soins-mains-et-pieds","9":"first","10":"instock","11":"shipping-taxable","12":"purchasable","13":"product-type-simple"},"yoast_head":"<!-- This site is optimized with the Yoast SEO plugin v26.6 - https:\/\/yoast.com\/wordpress\/plugins\/seo\/ -->\r\n<title>MAVALA CREME CUTICULE 15ml - Paracherkaoui.ma<\/title>\r\n<meta name=\"robots\" content=\"index, follow, max-snippet:-1, max-image-preview:large, max-video-preview:-1\" \/>\r\n<link rel=\"canonical\" href=\"https:\/\/paracherkaoui.ma\/index.php\/produit\/mavala-creme-cuticule-15ml\/\" \/>\r\n<meta property=\"og:locale\" content=\"fr_FR\" \/>\r\n<meta property=\"og:type\" content=\"article\" \/>\r\n<meta property=\"og:title\" content=\"MAVALA CREME CUTICULE 15ml - Paracherkaoui.ma\" \/>\r\n<meta property=\"og:description\" content=\"Maintient les cuticules souples et \u00e9lastiques. Des cuticules ab\u00eem\u00e9es donnent une apparence n\u00e9glig\u00e9e aux ongles et une jolie main devient\" \/>\r\n<meta property=\"og:url\" content=\"https:\/\/paracherkaoui.ma\/index.php\/produit\/mavala-creme-cuticule-15ml\/\" \/>\r\n<meta property=\"og:site_name\" content=\"Paracherkaoui.ma\" \/>\r\n<meta property=\"article:modified_time\" content=\"2025-12-12T17:40:46+00:00\" \/>\r\n<meta property=\"og:image\" content=\"https:\/\/paracherkaoui.ma\/wp-content\/uploads\/2025\/12\/mavala-mavala-creme-cuticule-15ml-soins-mains-et-pieds.jpg\" \/>\r\n\t<meta property=\"og:image:width\" content=\"700\" \/>\r\n\t<meta property=\"og:image:height\" content=\"700\" \/>\r\n\t<meta property=\"og:image:type\" content=\"image\/jpeg\" \/>\r\n<meta name=\"twitter:card\" content=\"summary_large_image\" \/>\r\n<meta name=\"twitter:label1\" content=\"Dur\u00e9e de lecture estim\u00e9e\" \/>\n\t<meta name=\"twitter:data1\" content=\"1 minute\" \/>\r\n<script type=\"application\/ld+json\" class=\"yoast-schema-graph\">{\"@context\":\"https:\/\/schema.org\",\"@graph\":[{\"@type\":\"WebPage\",\"@id\":\"https:\/\/paracherkaoui.ma\/index.php\/produit\/mavala-creme-cuticule-15ml\/\",\"url\":\"https:\/\/paracherkaoui.ma\/index.php\/produit\/mavala-creme-cuticule-15ml\/\",\"name\":\"MAVALA CREME CUTICULE 15ml - Paracherkaoui.ma\",\"isPartOf\":{\"@id\":\"https:\/\/paracherkaoui.ma\/#website\"},\"primaryImageOfPage\":{\"@id\":\"https:\/\/paracherkaoui.ma\/index.php\/produit\/mavala-creme-cuticule-15ml\/#primaryimage\"},\"image\":{\"@id\":\"https:\/\/paracherkaoui.ma\/index.php\/produit\/mavala-creme-cuticule-15ml\/#primaryimage\"},\"thumbnailUrl\":\"https:\/\/paracherkaoui.ma\/wp-content\/uploads\/2025\/12\/mavala-mavala-creme-cuticule-15ml-soins-mains-et-pieds.jpg\",\"datePublished\":\"2025-12-12T17:40:42+00:00\",\"dateModified\":\"2025-12-12T17:40:46+00:00\",\"breadcrumb\":{\"@id\":\"https:\/\/paracherkaoui.ma\/index.php\/produit\/mavala-creme-cuticule-15ml\/#breadcrumb\"},\"inLanguage\":\"fr-FR\",\"potentialAction\":[{\"@type\":\"ReadAction\",\"target\":[\"https:\/\/paracherkaoui.ma\/index.php\/produit\/mavala-creme-cuticule-15ml\/\"]}]},{\"@type\":\"ImageObject\",\"inLanguage\":\"fr-FR\",\"@id\":\"https:\/\/paracherkaoui.ma\/index.php\/produit\/mavala-creme-cuticule-15ml\/#primaryimage\",\"url\":\"https:\/\/paracherkaoui.ma\/wp-content\/uploads\/2025\/12\/mavala-mavala-creme-cuticule-15ml-soins-mains-et-pieds.jpg\",\"contentUrl\":\"https:\/\/paracherkaoui.ma\/wp-content\/uploads\/2025\/12\/mavala-mavala-creme-cuticule-15ml-soins-mains-et-pieds.jpg\",\"width\":700,\"height\":700},{\"@type\":\"BreadcrumbList\",\"@id\":\"https:\/\/paracherkaoui.ma\/index.php\/produit\/mavala-creme-cuticule-15ml\/#breadcrumb\",\"itemListElement\":[{\"@type\":\"ListItem\",\"position\":1,\"name\":\"Accueil\",\"item\":\"https:\/\/paracherkaoui.ma\/\"},{\"@type\":\"ListItem\",\"position\":2,\"name\":\"Boutique\",\"item\":\"https:\/\/paracherkaoui.ma\/index.php\/boutique\/\"},{\"@type\":\"ListItem\",\"position\":3,\"name\":\"MAVALA CREME CUTICULE 15ml\"}]},{\"@type\":\"WebSite\",\"@id\":\"https:\/\/paracherkaoui.ma\/#website\",\"url\":\"https:\/\/paracherkaoui.ma\/\",\"name\":\"Paracherkaoui.ma\",\"description\":\"Achetez en ligne sur Paracherkaoui.ma\",\"potentialAction\":[{\"@type\":\"SearchAction\",\"target\":{\"@type\":\"EntryPoint\",\"urlTemplate\":\"https:\/\/paracherkaoui.ma\/?s={search_term_string}\"},\"query-input\":{\"@type\":\"PropertyValueSpecification\",\"valueRequired\":true,\"valueName\":\"search_term_string\"}}],\"inLanguage\":\"fr-FR\"}]}<\/script>\r\n<!-- \/ Yoast SEO plugin. -->","yoast_head_json":{"title":"MAVALA CREME CUTICULE 15ml - Paracherkaoui.ma","robots":{"index":"index","follow":"follow","max-snippet":"max-snippet:-1","max-image-preview":"max-image-preview:large","max-video-preview":"max-video-preview:-1"},"canonical":"https:\/\/paracherkaoui.ma\/index.php\/produit\/mavala-creme-cuticule-15ml\/","og_locale":"fr_FR","og_type":"article","og_title":"MAVALA CREME CUTICULE 15ml - Paracherkaoui.ma","og_description":"Maintient les cuticules souples et \u00e9lastiques. Des cuticules ab\u00eem\u00e9es donnent une apparence n\u00e9glig\u00e9e aux ongles et une jolie main devient","og_url":"https:\/\/paracherkaoui.ma\/index.php\/produit\/mavala-creme-cuticule-15ml\/","og_site_name":"Paracherkaoui.ma","article_modified_time":"2025-12-12T17:40:46+00:00","og_image":[{"width":700,"height":700,"url":"https:\/\/paracherkaoui.ma\/wp-content\/uploads\/2025\/12\/mavala-mavala-creme-cuticule-15ml-soins-mains-et-pieds.jpg","type":"image\/jpeg"}],"twitter_card":"summary_large_image","twitter_misc":{"Dur\u00e9e de lecture estim\u00e9e":"1 minute"},"schema":{"@context":"https:\/\/schema.org","@graph":[{"@type":"WebPage","@id":"https:\/\/paracherkaoui.ma\/index.php\/produit\/mavala-creme-cuticule-15ml\/","url":"https:\/\/paracherkaoui.ma\/index.php\/produit\/mavala-creme-cuticule-15ml\/","name":"MAVALA CREME CUTICULE 15ml - Paracherkaoui.ma","isPartOf":{"@id":"https:\/\/paracherkaoui.ma\/#website"},"primaryImageOfPage":{"@id":"https:\/\/paracherkaoui.ma\/index.php\/produit\/mavala-creme-cuticule-15ml\/#primaryimage"},"image":{"@id":"https:\/\/paracherkaoui.ma\/index.php\/produit\/mavala-creme-cuticule-15ml\/#primaryimage"},"thumbnailUrl":"https:\/\/paracherkaoui.ma\/wp-content\/uploads\/2025\/12\/mavala-mavala-creme-cuticule-15ml-soins-mains-et-pieds.jpg","datePublished":"2025-12-12T17:40:42+00:00","dateModified":"2025-12-12T17:40:46+00:00","breadcrumb":{"@id":"https:\/\/paracherkaoui.ma\/index.php\/produit\/mavala-creme-cuticule-15ml\/#breadcrumb"},"inLanguage":"fr-FR","potentialAction":[{"@type":"ReadAction","target":["https:\/\/paracherkaoui.ma\/index.php\/produit\/mavala-creme-cuticule-15ml\/"]}]},{"@type":"ImageObject","inLanguage":"fr-FR","@id":"https:\/\/paracherkaoui.ma\/index.php\/produit\/mavala-creme-cuticule-15ml\/#primaryimage","url":"https:\/\/paracherkaoui.ma\/wp-content\/uploads\/2025\/12\/mavala-mavala-creme-cuticule-15ml-soins-mains-et-pieds.jpg","contentUrl":"https:\/\/paracherkaoui.ma\/wp-content\/uploads\/2025\/12\/mavala-mavala-creme-cuticule-15ml-soins-mains-et-pieds.jpg","width":700,"height":700},{"@type":"BreadcrumbList","@id":"https:\/\/paracherkaoui.ma\/index.php\/produit\/mavala-creme-cuticule-15ml\/#breadcrumb","itemListElement":[{"@type":"ListItem","position":1,"name":"Accueil","item":"https:\/\/paracherkaoui.ma\/"},{"@type":"ListItem","position":2,"name":"Boutique","item":"https:\/\/paracherkaoui.ma\/index.php\/boutique\/"},{"@type":"ListItem","position":3,"name":"MAVALA CREME CUTICULE 15ml"}]},{"@type":"WebSite","@id":"https:\/\/paracherkaoui.ma\/#website","url":"https:\/\/paracherkaoui.ma\/","name":"Paracherkaoui.ma","description":"Achetez en ligne sur Paracherkaoui.ma","potentialAction":[{"@type":"SearchAction","target":{"@type":"EntryPoint","urlTemplate":"https:\/\/paracherkaoui.ma\/?s={search_term_string}"},"query-input":{"@type":"PropertyValueSpecification","valueRequired":true,"valueName":"search_term_string"}}],"inLanguage":"fr-FR"}]}},"_links":{"self":[{"href":"https:\/\/paracherkaoui.ma\/index.php\/wp-json\/wp\/v2\/product\/33182","targetHints":{"allow":["GET"]}}],"collection":[{"href":"https:\/\/paracherkaoui.ma\/index.php\/wp-json\/wp\/v2\/product"}],"about":[{"href":"https:\/\/paracherkaoui.ma\/index.php\/wp-json\/wp\/v2\/types\/product"}],"replies":[{"embeddable":true,"href":"https:\/\/paracherkaoui.ma\/index.php\/wp-json\/wp\/v2\/comments?post=33182"}],"version-history":[{"count":1,"href":"https:\/\/paracherkaoui.ma\/index.php\/wp-json\/wp\/v2\/product\/33182\/revisions"}],"predecessor-version":[{"id":33230,"href":"https:\/\/paracherkaoui.ma\/index.php\/wp-json\/wp\/v2\/product\/33182\/revisions\/33230"}],"wp:featuredmedia":[{"embeddable":true,"href":"https:\/\/paracherkaoui.ma\/index.php\/wp-json\/wp\/v2\/media\/33229"}],"wp:attachment":[{"href":"https:\/\/paracherkaoui.ma\/index.php\/wp-json\/wp\/v2\/media?parent=33182"}],"wp:term":[{"taxonomy":"product_brand","embeddable":true,"href":"https:\/\/paracherkaoui.ma\/index.php\/wp-json\/wp\/v2\/product_brand?post=33182"},{"taxonomy":"product_cat","embeddable":true,"href":"https:\/\/paracherkaoui.ma\/index.php\/wp-json\/wp\/v2\/product_cat?post=33182"},{"taxonomy":"product_tag","embeddable":true,"href":"https:\/\/paracherkaoui.ma\/index.php\/wp-json\/wp\/v2\/product_tag?post=33182"}],"curies":[{"name":"wp","href":"https:\/\/api.w.org\/{rel}","templated":true}]}}