{"id":33164,"date":"2025-12-12T18:40:41","date_gmt":"2025-12-12T17:40:41","guid":{"rendered":"https:\/\/test.ecbeaute.com\/?post_type=product&#038;p=33164"},"modified":"2025-12-12T18:40:43","modified_gmt":"2025-12-12T17:40:43","slug":"mavala-dissolvant-extra-doux-pour-vernis-a-ongles","status":"publish","type":"product","link":"https:\/\/paracherkaoui.ma\/index.php\/produit\/mavala-dissolvant-extra-doux-pour-vernis-a-ongles\/","title":{"rendered":"MAVALA DISSOLVANT EXTRA-DOUX POUR VERNIS A ONGLES"},"content":{"rendered":"<p>Sa formule enl\u00e8ve le vernis en douceur et ne dess\u00e8che ni l&rsquo;ongle, ni la cuticule. Ce DISSOLVANT EXTRA-DOUX est sp\u00e9cialement con\u00e7u pour des ongles d\u00e9licats et fragiles. Il ne contient pas d&rsquo;ac\u00e9tone et est compl\u00e9t\u00e9 d&rsquo;ingr\u00e9dients qui att\u00e9nuent l&rsquo;agressivit\u00e9 des solvants et pr\u00e9servent les ongles.<\/p>\n","protected":false},"excerpt":{"rendered":"<p>Sa formule enl\u00e8ve le vernis en douceur et ne dess\u00e8che ni l&rsquo;ongle, ni la cuticule. Ce DISSOLVANT EXTRA-DOUX est sp\u00e9cialement<\/p>\n","protected":false},"featured_media":33195,"comment_status":"open","ping_status":"closed","template":"","meta":[],"product_brand":[546],"product_cat":[599],"product_tag":[],"class_list":{"0":"post-33164","1":"product","2":"type-product","3":"status-publish","4":"has-post-thumbnail","6":"product_brand-mavala","7":"product_cat-soins-mains-et-pieds","9":"first","10":"instock","11":"shipping-taxable","12":"purchasable","13":"product-type-simple"},"yoast_head":"<!-- This site is optimized with the Yoast SEO plugin v26.6 - https:\/\/yoast.com\/wordpress\/plugins\/seo\/ -->\r\n<title>MAVALA DISSOLVANT EXTRA-DOUX POUR VERNIS A ONGLES - Paracherkaoui.ma<\/title>\r\n<meta name=\"robots\" content=\"index, follow, max-snippet:-1, max-image-preview:large, max-video-preview:-1\" \/>\r\n<link rel=\"canonical\" href=\"https:\/\/paracherkaoui.ma\/index.php\/produit\/mavala-dissolvant-extra-doux-pour-vernis-a-ongles\/\" \/>\r\n<meta property=\"og:locale\" content=\"fr_FR\" \/>\r\n<meta property=\"og:type\" content=\"article\" \/>\r\n<meta property=\"og:title\" content=\"MAVALA DISSOLVANT EXTRA-DOUX POUR VERNIS A ONGLES - Paracherkaoui.ma\" \/>\r\n<meta property=\"og:description\" content=\"Sa formule enl\u00e8ve le vernis en douceur et ne dess\u00e8che ni l&rsquo;ongle, ni la cuticule. Ce DISSOLVANT EXTRA-DOUX est sp\u00e9cialement\" \/>\r\n<meta property=\"og:url\" content=\"https:\/\/paracherkaoui.ma\/index.php\/produit\/mavala-dissolvant-extra-doux-pour-vernis-a-ongles\/\" \/>\r\n<meta property=\"og:site_name\" content=\"Paracherkaoui.ma\" \/>\r\n<meta property=\"article:modified_time\" content=\"2025-12-12T17:40:43+00:00\" \/>\r\n<meta property=\"og:image\" content=\"https:\/\/paracherkaoui.ma\/wp-content\/uploads\/2025\/12\/mavala-mavala-dissolvant-extra-doux-pour-vernis-a-ongles-soins-des-mains.jpg\" \/>\r\n\t<meta property=\"og:image:width\" content=\"700\" \/>\r\n\t<meta property=\"og:image:height\" content=\"700\" \/>\r\n\t<meta property=\"og:image:type\" content=\"image\/jpeg\" \/>\r\n<meta name=\"twitter:card\" content=\"summary_large_image\" \/>\r\n<script type=\"application\/ld+json\" class=\"yoast-schema-graph\">{\"@context\":\"https:\/\/schema.org\",\"@graph\":[{\"@type\":\"WebPage\",\"@id\":\"https:\/\/paracherkaoui.ma\/index.php\/produit\/mavala-dissolvant-extra-doux-pour-vernis-a-ongles\/\",\"url\":\"https:\/\/paracherkaoui.ma\/index.php\/produit\/mavala-dissolvant-extra-doux-pour-vernis-a-ongles\/\",\"name\":\"MAVALA DISSOLVANT EXTRA-DOUX POUR VERNIS A ONGLES - Paracherkaoui.ma\",\"isPartOf\":{\"@id\":\"https:\/\/paracherkaoui.ma\/#website\"},\"primaryImageOfPage\":{\"@id\":\"https:\/\/paracherkaoui.ma\/index.php\/produit\/mavala-dissolvant-extra-doux-pour-vernis-a-ongles\/#primaryimage\"},\"image\":{\"@id\":\"https:\/\/paracherkaoui.ma\/index.php\/produit\/mavala-dissolvant-extra-doux-pour-vernis-a-ongles\/#primaryimage\"},\"thumbnailUrl\":\"https:\/\/paracherkaoui.ma\/wp-content\/uploads\/2025\/12\/mavala-mavala-dissolvant-extra-doux-pour-vernis-a-ongles-soins-des-mains.jpg\",\"datePublished\":\"2025-12-12T17:40:41+00:00\",\"dateModified\":\"2025-12-12T17:40:43+00:00\",\"breadcrumb\":{\"@id\":\"https:\/\/paracherkaoui.ma\/index.php\/produit\/mavala-dissolvant-extra-doux-pour-vernis-a-ongles\/#breadcrumb\"},\"inLanguage\":\"fr-FR\",\"potentialAction\":[{\"@type\":\"ReadAction\",\"target\":[\"https:\/\/paracherkaoui.ma\/index.php\/produit\/mavala-dissolvant-extra-doux-pour-vernis-a-ongles\/\"]}]},{\"@type\":\"ImageObject\",\"inLanguage\":\"fr-FR\",\"@id\":\"https:\/\/paracherkaoui.ma\/index.php\/produit\/mavala-dissolvant-extra-doux-pour-vernis-a-ongles\/#primaryimage\",\"url\":\"https:\/\/paracherkaoui.ma\/wp-content\/uploads\/2025\/12\/mavala-mavala-dissolvant-extra-doux-pour-vernis-a-ongles-soins-des-mains.jpg\",\"contentUrl\":\"https:\/\/paracherkaoui.ma\/wp-content\/uploads\/2025\/12\/mavala-mavala-dissolvant-extra-doux-pour-vernis-a-ongles-soins-des-mains.jpg\",\"width\":700,\"height\":700},{\"@type\":\"BreadcrumbList\",\"@id\":\"https:\/\/paracherkaoui.ma\/index.php\/produit\/mavala-dissolvant-extra-doux-pour-vernis-a-ongles\/#breadcrumb\",\"itemListElement\":[{\"@type\":\"ListItem\",\"position\":1,\"name\":\"Accueil\",\"item\":\"https:\/\/paracherkaoui.ma\/\"},{\"@type\":\"ListItem\",\"position\":2,\"name\":\"Boutique\",\"item\":\"https:\/\/paracherkaoui.ma\/index.php\/boutique\/\"},{\"@type\":\"ListItem\",\"position\":3,\"name\":\"MAVALA DISSOLVANT EXTRA-DOUX POUR VERNIS A ONGLES\"}]},{\"@type\":\"WebSite\",\"@id\":\"https:\/\/paracherkaoui.ma\/#website\",\"url\":\"https:\/\/paracherkaoui.ma\/\",\"name\":\"Paracherkaoui.ma\",\"description\":\"Achetez en ligne sur Paracherkaoui.ma\",\"potentialAction\":[{\"@type\":\"SearchAction\",\"target\":{\"@type\":\"EntryPoint\",\"urlTemplate\":\"https:\/\/paracherkaoui.ma\/?s={search_term_string}\"},\"query-input\":{\"@type\":\"PropertyValueSpecification\",\"valueRequired\":true,\"valueName\":\"search_term_string\"}}],\"inLanguage\":\"fr-FR\"}]}<\/script>\r\n<!-- \/ Yoast SEO plugin. -->","yoast_head_json":{"title":"MAVALA DISSOLVANT EXTRA-DOUX POUR VERNIS A ONGLES - Paracherkaoui.ma","robots":{"index":"index","follow":"follow","max-snippet":"max-snippet:-1","max-image-preview":"max-image-preview:large","max-video-preview":"max-video-preview:-1"},"canonical":"https:\/\/paracherkaoui.ma\/index.php\/produit\/mavala-dissolvant-extra-doux-pour-vernis-a-ongles\/","og_locale":"fr_FR","og_type":"article","og_title":"MAVALA DISSOLVANT EXTRA-DOUX POUR VERNIS A ONGLES - Paracherkaoui.ma","og_description":"Sa formule enl\u00e8ve le vernis en douceur et ne dess\u00e8che ni l&rsquo;ongle, ni la cuticule. Ce DISSOLVANT EXTRA-DOUX est sp\u00e9cialement","og_url":"https:\/\/paracherkaoui.ma\/index.php\/produit\/mavala-dissolvant-extra-doux-pour-vernis-a-ongles\/","og_site_name":"Paracherkaoui.ma","article_modified_time":"2025-12-12T17:40:43+00:00","og_image":[{"width":700,"height":700,"url":"https:\/\/paracherkaoui.ma\/wp-content\/uploads\/2025\/12\/mavala-mavala-dissolvant-extra-doux-pour-vernis-a-ongles-soins-des-mains.jpg","type":"image\/jpeg"}],"twitter_card":"summary_large_image","schema":{"@context":"https:\/\/schema.org","@graph":[{"@type":"WebPage","@id":"https:\/\/paracherkaoui.ma\/index.php\/produit\/mavala-dissolvant-extra-doux-pour-vernis-a-ongles\/","url":"https:\/\/paracherkaoui.ma\/index.php\/produit\/mavala-dissolvant-extra-doux-pour-vernis-a-ongles\/","name":"MAVALA DISSOLVANT EXTRA-DOUX POUR VERNIS A ONGLES - Paracherkaoui.ma","isPartOf":{"@id":"https:\/\/paracherkaoui.ma\/#website"},"primaryImageOfPage":{"@id":"https:\/\/paracherkaoui.ma\/index.php\/produit\/mavala-dissolvant-extra-doux-pour-vernis-a-ongles\/#primaryimage"},"image":{"@id":"https:\/\/paracherkaoui.ma\/index.php\/produit\/mavala-dissolvant-extra-doux-pour-vernis-a-ongles\/#primaryimage"},"thumbnailUrl":"https:\/\/paracherkaoui.ma\/wp-content\/uploads\/2025\/12\/mavala-mavala-dissolvant-extra-doux-pour-vernis-a-ongles-soins-des-mains.jpg","datePublished":"2025-12-12T17:40:41+00:00","dateModified":"2025-12-12T17:40:43+00:00","breadcrumb":{"@id":"https:\/\/paracherkaoui.ma\/index.php\/produit\/mavala-dissolvant-extra-doux-pour-vernis-a-ongles\/#breadcrumb"},"inLanguage":"fr-FR","potentialAction":[{"@type":"ReadAction","target":["https:\/\/paracherkaoui.ma\/index.php\/produit\/mavala-dissolvant-extra-doux-pour-vernis-a-ongles\/"]}]},{"@type":"ImageObject","inLanguage":"fr-FR","@id":"https:\/\/paracherkaoui.ma\/index.php\/produit\/mavala-dissolvant-extra-doux-pour-vernis-a-ongles\/#primaryimage","url":"https:\/\/paracherkaoui.ma\/wp-content\/uploads\/2025\/12\/mavala-mavala-dissolvant-extra-doux-pour-vernis-a-ongles-soins-des-mains.jpg","contentUrl":"https:\/\/paracherkaoui.ma\/wp-content\/uploads\/2025\/12\/mavala-mavala-dissolvant-extra-doux-pour-vernis-a-ongles-soins-des-mains.jpg","width":700,"height":700},{"@type":"BreadcrumbList","@id":"https:\/\/paracherkaoui.ma\/index.php\/produit\/mavala-dissolvant-extra-doux-pour-vernis-a-ongles\/#breadcrumb","itemListElement":[{"@type":"ListItem","position":1,"name":"Accueil","item":"https:\/\/paracherkaoui.ma\/"},{"@type":"ListItem","position":2,"name":"Boutique","item":"https:\/\/paracherkaoui.ma\/index.php\/boutique\/"},{"@type":"ListItem","position":3,"name":"MAVALA DISSOLVANT EXTRA-DOUX POUR VERNIS A ONGLES"}]},{"@type":"WebSite","@id":"https:\/\/paracherkaoui.ma\/#website","url":"https:\/\/paracherkaoui.ma\/","name":"Paracherkaoui.ma","description":"Achetez en ligne sur Paracherkaoui.ma","potentialAction":[{"@type":"SearchAction","target":{"@type":"EntryPoint","urlTemplate":"https:\/\/paracherkaoui.ma\/?s={search_term_string}"},"query-input":{"@type":"PropertyValueSpecification","valueRequired":true,"valueName":"search_term_string"}}],"inLanguage":"fr-FR"}]}},"_links":{"self":[{"href":"https:\/\/paracherkaoui.ma\/index.php\/wp-json\/wp\/v2\/product\/33164","targetHints":{"allow":["GET"]}}],"collection":[{"href":"https:\/\/paracherkaoui.ma\/index.php\/wp-json\/wp\/v2\/product"}],"about":[{"href":"https:\/\/paracherkaoui.ma\/index.php\/wp-json\/wp\/v2\/types\/product"}],"replies":[{"embeddable":true,"href":"https:\/\/paracherkaoui.ma\/index.php\/wp-json\/wp\/v2\/comments?post=33164"}],"version-history":[{"count":1,"href":"https:\/\/paracherkaoui.ma\/index.php\/wp-json\/wp\/v2\/product\/33164\/revisions"}],"predecessor-version":[{"id":33196,"href":"https:\/\/paracherkaoui.ma\/index.php\/wp-json\/wp\/v2\/product\/33164\/revisions\/33196"}],"wp:featuredmedia":[{"embeddable":true,"href":"https:\/\/paracherkaoui.ma\/index.php\/wp-json\/wp\/v2\/media\/33195"}],"wp:attachment":[{"href":"https:\/\/paracherkaoui.ma\/index.php\/wp-json\/wp\/v2\/media?parent=33164"}],"wp:term":[{"taxonomy":"product_brand","embeddable":true,"href":"https:\/\/paracherkaoui.ma\/index.php\/wp-json\/wp\/v2\/product_brand?post=33164"},{"taxonomy":"product_cat","embeddable":true,"href":"https:\/\/paracherkaoui.ma\/index.php\/wp-json\/wp\/v2\/product_cat?post=33164"},{"taxonomy":"product_tag","embeddable":true,"href":"https:\/\/paracherkaoui.ma\/index.php\/wp-json\/wp\/v2\/product_tag?post=33164"}],"curies":[{"name":"wp","href":"https:\/\/api.w.org\/{rel}","templated":true}]}}