{"id":33103,"date":"2025-12-12T18:40:28","date_gmt":"2025-12-12T17:40:28","guid":{"rendered":"https:\/\/test.ecbeaute.com\/?post_type=product&#038;p=33103"},"modified":"2025-12-12T18:40:40","modified_gmt":"2025-12-12T17:40:40","slug":"caudalie-vinotherapist-creme-reparatrice-mains-lot-de-2x75-ml","status":"publish","type":"product","link":"https:\/\/paracherkaoui.ma\/index.php\/produit\/caudalie-vinotherapist-creme-reparatrice-mains-lot-de-2x75-ml\/","title":{"rendered":"CAUDALIE VINOTHERAPIST CREME REPARATRICE MAINS LOT DE 2X75 ML"},"content":{"rendered":"<p>Con\u00e7ue pour prot\u00e9ger la peau des agressions ext\u00e9rieures et de la d\u00e9shydratation, cette cr\u00e8me associe des actifs naturels puissants :<br \/>\nL\u2019huile de p\u00e9pins de raisin, 100% naturelle et press\u00e9e \u00e0 froid, riche en antioxydants et en acides gras essentiels, nourrit intens\u00e9ment et prot\u00e8ge contre le vieillissement cutan\u00e9.<br \/>\nLe beurre de karit\u00e9, bio et issu d\u2019une fili\u00e8re durable, apporte confort, r\u00e9paration et r\u00e9g\u00e9n\u00e9ration aux peaux les plus s\u00e8ches.<br \/>\nLes polyph\u00e9nols de p\u00e9pins de raisin, brevet\u00e9s par Caudalie, offrent une action anti-oxydante puissante pour lutter contre les radicaux libres.<br \/>\nLa texture onctueuse mais non grasse de cette cr\u00e8me main p\u00e9n\u00e8tre rapidement et laisse les mains douces, souples et d\u00e9licatement parfum\u00e9es. Les cuticules sont assouplies et les ongles visiblement fortifi\u00e9s, pour une routine compl\u00e8te de soin des mains.<br \/>\nSa formulation clean exclut les parab\u00e8nes, silicones, huiles min\u00e9rales, PEG et ingr\u00e9dients d\u2019origine animale. Fabriqu\u00e9e en France, cette cr\u00e8me s\u2019inscrit dans la d\u00e9marche de Caudalie pour une beaut\u00e9 respectueuse de la peau et de la plan\u00e8te.<br \/>\nConseils d&rsquo;utilisation<br \/>\nAppliquez une noisette de CAUDALIE Vinotherapist Cr\u00e8me R\u00e9paratrice Mains sur vos mains propres, aussi souvent que n\u00e9cessaire. Insistez sur les zones les plus s\u00e8ches, ainsi que sur les ongles et cuticules pour une action compl\u00e8te. \u00c0 utiliser tout au long de la journ\u00e9e, notamment apr\u00e8s chaque lavage des mains.<br \/>\nComposition<br \/>\nAqua\/Water\/Eau, Glycerin, Cetearyl Alcohol, Vitis Vinifera (Grape) Seed Oil, Glyceryl Stearate, Butyrospermum Parkii (Shea) Butter Extract, Palmitoyl Grape Seed Extract, Sodium Cetearyl Sulfate, Coco-Caprylate\/Caprate, Tocopheryl Acetate, Limonene, Persea Gratissima (Avocado) Oil, Caprylyl Glycol, Acrylates\/C10-30 Alkyl Acrylate Crosspolymer, Potassium Sorbate, Phytosterols, Olea Europaea (Olive) Fruit Oil, Linalool, Sodium Hydroxide, Carbomer, Geraniol, Sodium Carboxymethyl Beta-Glucan, Sorbitan Oleate, Tocopherol, Ascorbyl Palmitate, Parfum (Fragrance), Citral<\/p>\n","protected":false},"excerpt":{"rendered":"<p>Con\u00e7ue pour prot\u00e9ger la peau des agressions ext\u00e9rieures et de la d\u00e9shydratation, cette cr\u00e8me associe des actifs naturels puissants :<\/p>\n","protected":false},"featured_media":33159,"comment_status":"open","ping_status":"closed","template":"","meta":[],"product_brand":[358],"product_cat":[599],"product_tag":[],"class_list":{"0":"post-33103","1":"product","2":"type-product","3":"status-publish","4":"has-post-thumbnail","6":"product_brand-caudalie","7":"product_cat-soins-mains-et-pieds","9":"first","10":"instock","11":"shipping-taxable","12":"purchasable","13":"product-type-simple"},"yoast_head":"<!-- This site is optimized with the Yoast SEO plugin v26.6 - https:\/\/yoast.com\/wordpress\/plugins\/seo\/ -->\r\n<title>CAUDALIE VINOTHERAPIST CREME REPARATRICE MAINS LOT DE 2X75 ML - Paracherkaoui.ma<\/title>\r\n<meta name=\"robots\" content=\"index, follow, max-snippet:-1, max-image-preview:large, max-video-preview:-1\" \/>\r\n<link rel=\"canonical\" href=\"https:\/\/paracherkaoui.ma\/index.php\/produit\/caudalie-vinotherapist-creme-reparatrice-mains-lot-de-2x75-ml\/\" \/>\r\n<meta property=\"og:locale\" content=\"fr_FR\" \/>\r\n<meta property=\"og:type\" content=\"article\" \/>\r\n<meta property=\"og:title\" content=\"CAUDALIE VINOTHERAPIST CREME REPARATRICE MAINS LOT DE 2X75 ML - Paracherkaoui.ma\" \/>\r\n<meta property=\"og:description\" content=\"Con\u00e7ue pour prot\u00e9ger la peau des agressions ext\u00e9rieures et de la d\u00e9shydratation, cette cr\u00e8me associe des actifs naturels puissants :\" \/>\r\n<meta property=\"og:url\" content=\"https:\/\/paracherkaoui.ma\/index.php\/produit\/caudalie-vinotherapist-creme-reparatrice-mains-lot-de-2x75-ml\/\" \/>\r\n<meta property=\"og:site_name\" content=\"Paracherkaoui.ma\" \/>\r\n<meta property=\"article:modified_time\" content=\"2025-12-12T17:40:40+00:00\" \/>\r\n<meta property=\"og:image\" content=\"https:\/\/paracherkaoui.ma\/wp-content\/uploads\/2025\/12\/caudalie-caudalie-vinotherapist-creme-reparatrice-mains-lot-de-2x75-ml-soins-mains-et-pieds.jpg\" \/>\r\n\t<meta property=\"og:image:width\" content=\"700\" \/>\r\n\t<meta property=\"og:image:height\" content=\"700\" \/>\r\n\t<meta property=\"og:image:type\" content=\"image\/jpeg\" \/>\r\n<meta name=\"twitter:card\" content=\"summary_large_image\" \/>\r\n<meta name=\"twitter:label1\" content=\"Dur\u00e9e de lecture estim\u00e9e\" \/>\n\t<meta name=\"twitter:data1\" content=\"2 minutes\" \/>\r\n<script type=\"application\/ld+json\" class=\"yoast-schema-graph\">{\"@context\":\"https:\/\/schema.org\",\"@graph\":[{\"@type\":\"WebPage\",\"@id\":\"https:\/\/paracherkaoui.ma\/index.php\/produit\/caudalie-vinotherapist-creme-reparatrice-mains-lot-de-2x75-ml\/\",\"url\":\"https:\/\/paracherkaoui.ma\/index.php\/produit\/caudalie-vinotherapist-creme-reparatrice-mains-lot-de-2x75-ml\/\",\"name\":\"CAUDALIE VINOTHERAPIST CREME REPARATRICE MAINS LOT DE 2X75 ML - Paracherkaoui.ma\",\"isPartOf\":{\"@id\":\"https:\/\/paracherkaoui.ma\/#website\"},\"primaryImageOfPage\":{\"@id\":\"https:\/\/paracherkaoui.ma\/index.php\/produit\/caudalie-vinotherapist-creme-reparatrice-mains-lot-de-2x75-ml\/#primaryimage\"},\"image\":{\"@id\":\"https:\/\/paracherkaoui.ma\/index.php\/produit\/caudalie-vinotherapist-creme-reparatrice-mains-lot-de-2x75-ml\/#primaryimage\"},\"thumbnailUrl\":\"https:\/\/paracherkaoui.ma\/wp-content\/uploads\/2025\/12\/caudalie-caudalie-vinotherapist-creme-reparatrice-mains-lot-de-2x75-ml-soins-mains-et-pieds.jpg\",\"datePublished\":\"2025-12-12T17:40:28+00:00\",\"dateModified\":\"2025-12-12T17:40:40+00:00\",\"breadcrumb\":{\"@id\":\"https:\/\/paracherkaoui.ma\/index.php\/produit\/caudalie-vinotherapist-creme-reparatrice-mains-lot-de-2x75-ml\/#breadcrumb\"},\"inLanguage\":\"fr-FR\",\"potentialAction\":[{\"@type\":\"ReadAction\",\"target\":[\"https:\/\/paracherkaoui.ma\/index.php\/produit\/caudalie-vinotherapist-creme-reparatrice-mains-lot-de-2x75-ml\/\"]}]},{\"@type\":\"ImageObject\",\"inLanguage\":\"fr-FR\",\"@id\":\"https:\/\/paracherkaoui.ma\/index.php\/produit\/caudalie-vinotherapist-creme-reparatrice-mains-lot-de-2x75-ml\/#primaryimage\",\"url\":\"https:\/\/paracherkaoui.ma\/wp-content\/uploads\/2025\/12\/caudalie-caudalie-vinotherapist-creme-reparatrice-mains-lot-de-2x75-ml-soins-mains-et-pieds.jpg\",\"contentUrl\":\"https:\/\/paracherkaoui.ma\/wp-content\/uploads\/2025\/12\/caudalie-caudalie-vinotherapist-creme-reparatrice-mains-lot-de-2x75-ml-soins-mains-et-pieds.jpg\",\"width\":700,\"height\":700},{\"@type\":\"BreadcrumbList\",\"@id\":\"https:\/\/paracherkaoui.ma\/index.php\/produit\/caudalie-vinotherapist-creme-reparatrice-mains-lot-de-2x75-ml\/#breadcrumb\",\"itemListElement\":[{\"@type\":\"ListItem\",\"position\":1,\"name\":\"Accueil\",\"item\":\"https:\/\/paracherkaoui.ma\/\"},{\"@type\":\"ListItem\",\"position\":2,\"name\":\"Boutique\",\"item\":\"https:\/\/paracherkaoui.ma\/index.php\/boutique\/\"},{\"@type\":\"ListItem\",\"position\":3,\"name\":\"CAUDALIE VINOTHERAPIST CREME REPARATRICE MAINS LOT DE 2X75 ML\"}]},{\"@type\":\"WebSite\",\"@id\":\"https:\/\/paracherkaoui.ma\/#website\",\"url\":\"https:\/\/paracherkaoui.ma\/\",\"name\":\"Paracherkaoui.ma\",\"description\":\"Achetez en ligne sur Paracherkaoui.ma\",\"potentialAction\":[{\"@type\":\"SearchAction\",\"target\":{\"@type\":\"EntryPoint\",\"urlTemplate\":\"https:\/\/paracherkaoui.ma\/?s={search_term_string}\"},\"query-input\":{\"@type\":\"PropertyValueSpecification\",\"valueRequired\":true,\"valueName\":\"search_term_string\"}}],\"inLanguage\":\"fr-FR\"}]}<\/script>\r\n<!-- \/ Yoast SEO plugin. -->","yoast_head_json":{"title":"CAUDALIE VINOTHERAPIST CREME REPARATRICE MAINS LOT DE 2X75 ML - Paracherkaoui.ma","robots":{"index":"index","follow":"follow","max-snippet":"max-snippet:-1","max-image-preview":"max-image-preview:large","max-video-preview":"max-video-preview:-1"},"canonical":"https:\/\/paracherkaoui.ma\/index.php\/produit\/caudalie-vinotherapist-creme-reparatrice-mains-lot-de-2x75-ml\/","og_locale":"fr_FR","og_type":"article","og_title":"CAUDALIE VINOTHERAPIST CREME REPARATRICE MAINS LOT DE 2X75 ML - Paracherkaoui.ma","og_description":"Con\u00e7ue pour prot\u00e9ger la peau des agressions ext\u00e9rieures et de la d\u00e9shydratation, cette cr\u00e8me associe des actifs naturels puissants :","og_url":"https:\/\/paracherkaoui.ma\/index.php\/produit\/caudalie-vinotherapist-creme-reparatrice-mains-lot-de-2x75-ml\/","og_site_name":"Paracherkaoui.ma","article_modified_time":"2025-12-12T17:40:40+00:00","og_image":[{"width":700,"height":700,"url":"https:\/\/paracherkaoui.ma\/wp-content\/uploads\/2025\/12\/caudalie-caudalie-vinotherapist-creme-reparatrice-mains-lot-de-2x75-ml-soins-mains-et-pieds.jpg","type":"image\/jpeg"}],"twitter_card":"summary_large_image","twitter_misc":{"Dur\u00e9e de lecture estim\u00e9e":"2 minutes"},"schema":{"@context":"https:\/\/schema.org","@graph":[{"@type":"WebPage","@id":"https:\/\/paracherkaoui.ma\/index.php\/produit\/caudalie-vinotherapist-creme-reparatrice-mains-lot-de-2x75-ml\/","url":"https:\/\/paracherkaoui.ma\/index.php\/produit\/caudalie-vinotherapist-creme-reparatrice-mains-lot-de-2x75-ml\/","name":"CAUDALIE VINOTHERAPIST CREME REPARATRICE MAINS LOT DE 2X75 ML - Paracherkaoui.ma","isPartOf":{"@id":"https:\/\/paracherkaoui.ma\/#website"},"primaryImageOfPage":{"@id":"https:\/\/paracherkaoui.ma\/index.php\/produit\/caudalie-vinotherapist-creme-reparatrice-mains-lot-de-2x75-ml\/#primaryimage"},"image":{"@id":"https:\/\/paracherkaoui.ma\/index.php\/produit\/caudalie-vinotherapist-creme-reparatrice-mains-lot-de-2x75-ml\/#primaryimage"},"thumbnailUrl":"https:\/\/paracherkaoui.ma\/wp-content\/uploads\/2025\/12\/caudalie-caudalie-vinotherapist-creme-reparatrice-mains-lot-de-2x75-ml-soins-mains-et-pieds.jpg","datePublished":"2025-12-12T17:40:28+00:00","dateModified":"2025-12-12T17:40:40+00:00","breadcrumb":{"@id":"https:\/\/paracherkaoui.ma\/index.php\/produit\/caudalie-vinotherapist-creme-reparatrice-mains-lot-de-2x75-ml\/#breadcrumb"},"inLanguage":"fr-FR","potentialAction":[{"@type":"ReadAction","target":["https:\/\/paracherkaoui.ma\/index.php\/produit\/caudalie-vinotherapist-creme-reparatrice-mains-lot-de-2x75-ml\/"]}]},{"@type":"ImageObject","inLanguage":"fr-FR","@id":"https:\/\/paracherkaoui.ma\/index.php\/produit\/caudalie-vinotherapist-creme-reparatrice-mains-lot-de-2x75-ml\/#primaryimage","url":"https:\/\/paracherkaoui.ma\/wp-content\/uploads\/2025\/12\/caudalie-caudalie-vinotherapist-creme-reparatrice-mains-lot-de-2x75-ml-soins-mains-et-pieds.jpg","contentUrl":"https:\/\/paracherkaoui.ma\/wp-content\/uploads\/2025\/12\/caudalie-caudalie-vinotherapist-creme-reparatrice-mains-lot-de-2x75-ml-soins-mains-et-pieds.jpg","width":700,"height":700},{"@type":"BreadcrumbList","@id":"https:\/\/paracherkaoui.ma\/index.php\/produit\/caudalie-vinotherapist-creme-reparatrice-mains-lot-de-2x75-ml\/#breadcrumb","itemListElement":[{"@type":"ListItem","position":1,"name":"Accueil","item":"https:\/\/paracherkaoui.ma\/"},{"@type":"ListItem","position":2,"name":"Boutique","item":"https:\/\/paracherkaoui.ma\/index.php\/boutique\/"},{"@type":"ListItem","position":3,"name":"CAUDALIE VINOTHERAPIST CREME REPARATRICE MAINS LOT DE 2X75 ML"}]},{"@type":"WebSite","@id":"https:\/\/paracherkaoui.ma\/#website","url":"https:\/\/paracherkaoui.ma\/","name":"Paracherkaoui.ma","description":"Achetez en ligne sur Paracherkaoui.ma","potentialAction":[{"@type":"SearchAction","target":{"@type":"EntryPoint","urlTemplate":"https:\/\/paracherkaoui.ma\/?s={search_term_string}"},"query-input":{"@type":"PropertyValueSpecification","valueRequired":true,"valueName":"search_term_string"}}],"inLanguage":"fr-FR"}]}},"_links":{"self":[{"href":"https:\/\/paracherkaoui.ma\/index.php\/wp-json\/wp\/v2\/product\/33103","targetHints":{"allow":["GET"]}}],"collection":[{"href":"https:\/\/paracherkaoui.ma\/index.php\/wp-json\/wp\/v2\/product"}],"about":[{"href":"https:\/\/paracherkaoui.ma\/index.php\/wp-json\/wp\/v2\/types\/product"}],"replies":[{"embeddable":true,"href":"https:\/\/paracherkaoui.ma\/index.php\/wp-json\/wp\/v2\/comments?post=33103"}],"version-history":[{"count":1,"href":"https:\/\/paracherkaoui.ma\/index.php\/wp-json\/wp\/v2\/product\/33103\/revisions"}],"predecessor-version":[{"id":33160,"href":"https:\/\/paracherkaoui.ma\/index.php\/wp-json\/wp\/v2\/product\/33103\/revisions\/33160"}],"wp:featuredmedia":[{"embeddable":true,"href":"https:\/\/paracherkaoui.ma\/index.php\/wp-json\/wp\/v2\/media\/33159"}],"wp:attachment":[{"href":"https:\/\/paracherkaoui.ma\/index.php\/wp-json\/wp\/v2\/media?parent=33103"}],"wp:term":[{"taxonomy":"product_brand","embeddable":true,"href":"https:\/\/paracherkaoui.ma\/index.php\/wp-json\/wp\/v2\/product_brand?post=33103"},{"taxonomy":"product_cat","embeddable":true,"href":"https:\/\/paracherkaoui.ma\/index.php\/wp-json\/wp\/v2\/product_cat?post=33103"},{"taxonomy":"product_tag","embeddable":true,"href":"https:\/\/paracherkaoui.ma\/index.php\/wp-json\/wp\/v2\/product_tag?post=33103"}],"curies":[{"name":"wp","href":"https:\/\/api.w.org\/{rel}","templated":true}]}}