{"id":33096,"date":"2025-12-12T18:40:28","date_gmt":"2025-12-12T17:40:28","guid":{"rendered":"https:\/\/test.ecbeaute.com\/?post_type=product&#038;p=33096"},"modified":"2025-12-12T18:40:38","modified_gmt":"2025-12-12T17:40:38","slug":"urgo-verrues-mains-et-pieds-traitement-par-cryotherapie-38-ml","status":"publish","type":"product","link":"https:\/\/paracherkaoui.ma\/index.php\/produit\/urgo-verrues-mains-et-pieds-traitement-par-cryotherapie-38-ml\/","title":{"rendered":"URGO VERRUES MAINS ET PIEDS TRAITEMENT PAR CRYOTHERAPIE 38 ML"},"content":{"rendered":"<p>URGO Verrues \u2013 Traitement par cryoth\u00e9rapie est un dispositif de cryoth\u00e9rapie \u00e0 domicile indiqu\u00e9 pour le traitement des verrues communes, localis\u00e9es sur les mains et les pieds, chez les adultes et les enfants de plus de 4 ans.<br \/>\nSon applicateur transparent et son embout sp\u00e9cifique permettent un positionnement pr\u00e9cis sur la verrue pour la geler au c\u0153ur.<br \/>\nDe plus, sa valve doseuse d\u00e9livre la quantit\u00e9 adapt\u00e9e de cryog\u00e8ne pour traiter les verrues quelques soient leurs tailles. Id\u00e9al pour les enfants, son action de courte dur\u00e9e et graduelle limite les sensations douloureuses.<br \/>\nConseils d&rsquo;utilisation :<br \/>\n1. D\u00e9terminer tout d\u2019abord la taille de la verrue et le traitement adapt\u00e9 selon le tableau ci-dessus. Ne pas retirer l\u2019applicateur du flacon.<br \/>\n2. Positionner la verrue vers le haut afin de pouvoir placer votre applicateur t\u00eate en bas directement sur la verrue. Positionner l\u2019ouverture de l\u2019applicateur autour de la verrue en vous assurant que l\u2019applicateur soit bien en contact avec la peau.<br \/>\n3. Appuyer 3 \u00e0 5 fois d\u2019affil\u00e9e sur le flacon pour d\u00e9livrer la quantit\u00e9 de cryog\u00e8ne adapt\u00e9e \u00e0 la taille de votre verrue. Laissez ensuite l\u2019embout applicateur 10 secondes au moins en contact avec la verrue.<br \/>\n4. Une fois l\u2019application termin\u00e9e, retirer l\u2019applicateur. Une l\u00e9g\u00e8re sensation de douleur ou des picotements peuvent \u00eatre ressentis pendant et imm\u00e9diatement apr\u00e8s le traitement. Ces sensations disparaissent progressivement.<\/p>\n","protected":false},"excerpt":{"rendered":"<p>URGO Verrues \u2013 Traitement par cryoth\u00e9rapie est un dispositif de cryoth\u00e9rapie \u00e0 domicile indiqu\u00e9 pour le traitement des verrues communes,<\/p>\n","protected":false},"featured_media":33145,"comment_status":"open","ping_status":"closed","template":"","meta":[],"product_brand":[601],"product_cat":[599],"product_tag":[],"class_list":{"0":"post-33096","1":"product","2":"type-product","3":"status-publish","4":"has-post-thumbnail","6":"product_brand-urgo","7":"product_cat-soins-mains-et-pieds","9":"first","10":"instock","11":"sale","12":"shipping-taxable","13":"purchasable","14":"product-type-simple"},"yoast_head":"<!-- This site is optimized with the Yoast SEO plugin v26.6 - https:\/\/yoast.com\/wordpress\/plugins\/seo\/ -->\r\n<title>URGO VERRUES MAINS ET PIEDS TRAITEMENT PAR CRYOTHERAPIE 38 ML - Paracherkaoui.ma<\/title>\r\n<meta name=\"robots\" content=\"index, follow, max-snippet:-1, max-image-preview:large, max-video-preview:-1\" \/>\r\n<link rel=\"canonical\" href=\"https:\/\/paracherkaoui.ma\/index.php\/produit\/urgo-verrues-mains-et-pieds-traitement-par-cryotherapie-38-ml\/\" \/>\r\n<meta property=\"og:locale\" content=\"fr_FR\" \/>\r\n<meta property=\"og:type\" content=\"article\" \/>\r\n<meta property=\"og:title\" content=\"URGO VERRUES MAINS ET PIEDS TRAITEMENT PAR CRYOTHERAPIE 38 ML - Paracherkaoui.ma\" \/>\r\n<meta property=\"og:description\" content=\"URGO Verrues \u2013 Traitement par cryoth\u00e9rapie est un dispositif de cryoth\u00e9rapie \u00e0 domicile indiqu\u00e9 pour le traitement des verrues communes,\" \/>\r\n<meta property=\"og:url\" content=\"https:\/\/paracherkaoui.ma\/index.php\/produit\/urgo-verrues-mains-et-pieds-traitement-par-cryotherapie-38-ml\/\" \/>\r\n<meta property=\"og:site_name\" content=\"Paracherkaoui.ma\" \/>\r\n<meta property=\"article:modified_time\" content=\"2025-12-12T17:40:38+00:00\" \/>\r\n<meta property=\"og:image\" content=\"https:\/\/paracherkaoui.ma\/wp-content\/uploads\/2025\/12\/urgo-verrues-mains-et-pieds-traitement-par-cryotherapie-38-ml.jpg\" \/>\r\n\t<meta property=\"og:image:width\" content=\"700\" \/>\r\n\t<meta property=\"og:image:height\" content=\"700\" \/>\r\n\t<meta property=\"og:image:type\" content=\"image\/jpeg\" \/>\r\n<meta name=\"twitter:card\" content=\"summary_large_image\" \/>\r\n<meta name=\"twitter:label1\" content=\"Dur\u00e9e de lecture estim\u00e9e\" \/>\n\t<meta name=\"twitter:data1\" content=\"1 minute\" \/>\r\n<script type=\"application\/ld+json\" class=\"yoast-schema-graph\">{\"@context\":\"https:\/\/schema.org\",\"@graph\":[{\"@type\":\"WebPage\",\"@id\":\"https:\/\/paracherkaoui.ma\/index.php\/produit\/urgo-verrues-mains-et-pieds-traitement-par-cryotherapie-38-ml\/\",\"url\":\"https:\/\/paracherkaoui.ma\/index.php\/produit\/urgo-verrues-mains-et-pieds-traitement-par-cryotherapie-38-ml\/\",\"name\":\"URGO VERRUES MAINS ET PIEDS TRAITEMENT PAR CRYOTHERAPIE 38 ML - Paracherkaoui.ma\",\"isPartOf\":{\"@id\":\"https:\/\/paracherkaoui.ma\/#website\"},\"primaryImageOfPage\":{\"@id\":\"https:\/\/paracherkaoui.ma\/index.php\/produit\/urgo-verrues-mains-et-pieds-traitement-par-cryotherapie-38-ml\/#primaryimage\"},\"image\":{\"@id\":\"https:\/\/paracherkaoui.ma\/index.php\/produit\/urgo-verrues-mains-et-pieds-traitement-par-cryotherapie-38-ml\/#primaryimage\"},\"thumbnailUrl\":\"https:\/\/paracherkaoui.ma\/wp-content\/uploads\/2025\/12\/urgo-verrues-mains-et-pieds-traitement-par-cryotherapie-38-ml.jpg\",\"datePublished\":\"2025-12-12T17:40:28+00:00\",\"dateModified\":\"2025-12-12T17:40:38+00:00\",\"breadcrumb\":{\"@id\":\"https:\/\/paracherkaoui.ma\/index.php\/produit\/urgo-verrues-mains-et-pieds-traitement-par-cryotherapie-38-ml\/#breadcrumb\"},\"inLanguage\":\"fr-FR\",\"potentialAction\":[{\"@type\":\"ReadAction\",\"target\":[\"https:\/\/paracherkaoui.ma\/index.php\/produit\/urgo-verrues-mains-et-pieds-traitement-par-cryotherapie-38-ml\/\"]}]},{\"@type\":\"ImageObject\",\"inLanguage\":\"fr-FR\",\"@id\":\"https:\/\/paracherkaoui.ma\/index.php\/produit\/urgo-verrues-mains-et-pieds-traitement-par-cryotherapie-38-ml\/#primaryimage\",\"url\":\"https:\/\/paracherkaoui.ma\/wp-content\/uploads\/2025\/12\/urgo-verrues-mains-et-pieds-traitement-par-cryotherapie-38-ml.jpg\",\"contentUrl\":\"https:\/\/paracherkaoui.ma\/wp-content\/uploads\/2025\/12\/urgo-verrues-mains-et-pieds-traitement-par-cryotherapie-38-ml.jpg\",\"width\":700,\"height\":700},{\"@type\":\"BreadcrumbList\",\"@id\":\"https:\/\/paracherkaoui.ma\/index.php\/produit\/urgo-verrues-mains-et-pieds-traitement-par-cryotherapie-38-ml\/#breadcrumb\",\"itemListElement\":[{\"@type\":\"ListItem\",\"position\":1,\"name\":\"Accueil\",\"item\":\"https:\/\/paracherkaoui.ma\/\"},{\"@type\":\"ListItem\",\"position\":2,\"name\":\"Boutique\",\"item\":\"https:\/\/paracherkaoui.ma\/index.php\/boutique\/\"},{\"@type\":\"ListItem\",\"position\":3,\"name\":\"URGO VERRUES MAINS ET PIEDS TRAITEMENT PAR CRYOTHERAPIE 38 ML\"}]},{\"@type\":\"WebSite\",\"@id\":\"https:\/\/paracherkaoui.ma\/#website\",\"url\":\"https:\/\/paracherkaoui.ma\/\",\"name\":\"Paracherkaoui.ma\",\"description\":\"Achetez en ligne sur Paracherkaoui.ma\",\"potentialAction\":[{\"@type\":\"SearchAction\",\"target\":{\"@type\":\"EntryPoint\",\"urlTemplate\":\"https:\/\/paracherkaoui.ma\/?s={search_term_string}\"},\"query-input\":{\"@type\":\"PropertyValueSpecification\",\"valueRequired\":true,\"valueName\":\"search_term_string\"}}],\"inLanguage\":\"fr-FR\"}]}<\/script>\r\n<!-- \/ Yoast SEO plugin. -->","yoast_head_json":{"title":"URGO VERRUES MAINS ET PIEDS TRAITEMENT PAR CRYOTHERAPIE 38 ML - Paracherkaoui.ma","robots":{"index":"index","follow":"follow","max-snippet":"max-snippet:-1","max-image-preview":"max-image-preview:large","max-video-preview":"max-video-preview:-1"},"canonical":"https:\/\/paracherkaoui.ma\/index.php\/produit\/urgo-verrues-mains-et-pieds-traitement-par-cryotherapie-38-ml\/","og_locale":"fr_FR","og_type":"article","og_title":"URGO VERRUES MAINS ET PIEDS TRAITEMENT PAR CRYOTHERAPIE 38 ML - Paracherkaoui.ma","og_description":"URGO Verrues \u2013 Traitement par cryoth\u00e9rapie est un dispositif de cryoth\u00e9rapie \u00e0 domicile indiqu\u00e9 pour le traitement des verrues communes,","og_url":"https:\/\/paracherkaoui.ma\/index.php\/produit\/urgo-verrues-mains-et-pieds-traitement-par-cryotherapie-38-ml\/","og_site_name":"Paracherkaoui.ma","article_modified_time":"2025-12-12T17:40:38+00:00","og_image":[{"width":700,"height":700,"url":"https:\/\/paracherkaoui.ma\/wp-content\/uploads\/2025\/12\/urgo-verrues-mains-et-pieds-traitement-par-cryotherapie-38-ml.jpg","type":"image\/jpeg"}],"twitter_card":"summary_large_image","twitter_misc":{"Dur\u00e9e de lecture estim\u00e9e":"1 minute"},"schema":{"@context":"https:\/\/schema.org","@graph":[{"@type":"WebPage","@id":"https:\/\/paracherkaoui.ma\/index.php\/produit\/urgo-verrues-mains-et-pieds-traitement-par-cryotherapie-38-ml\/","url":"https:\/\/paracherkaoui.ma\/index.php\/produit\/urgo-verrues-mains-et-pieds-traitement-par-cryotherapie-38-ml\/","name":"URGO VERRUES MAINS ET PIEDS TRAITEMENT PAR CRYOTHERAPIE 38 ML - Paracherkaoui.ma","isPartOf":{"@id":"https:\/\/paracherkaoui.ma\/#website"},"primaryImageOfPage":{"@id":"https:\/\/paracherkaoui.ma\/index.php\/produit\/urgo-verrues-mains-et-pieds-traitement-par-cryotherapie-38-ml\/#primaryimage"},"image":{"@id":"https:\/\/paracherkaoui.ma\/index.php\/produit\/urgo-verrues-mains-et-pieds-traitement-par-cryotherapie-38-ml\/#primaryimage"},"thumbnailUrl":"https:\/\/paracherkaoui.ma\/wp-content\/uploads\/2025\/12\/urgo-verrues-mains-et-pieds-traitement-par-cryotherapie-38-ml.jpg","datePublished":"2025-12-12T17:40:28+00:00","dateModified":"2025-12-12T17:40:38+00:00","breadcrumb":{"@id":"https:\/\/paracherkaoui.ma\/index.php\/produit\/urgo-verrues-mains-et-pieds-traitement-par-cryotherapie-38-ml\/#breadcrumb"},"inLanguage":"fr-FR","potentialAction":[{"@type":"ReadAction","target":["https:\/\/paracherkaoui.ma\/index.php\/produit\/urgo-verrues-mains-et-pieds-traitement-par-cryotherapie-38-ml\/"]}]},{"@type":"ImageObject","inLanguage":"fr-FR","@id":"https:\/\/paracherkaoui.ma\/index.php\/produit\/urgo-verrues-mains-et-pieds-traitement-par-cryotherapie-38-ml\/#primaryimage","url":"https:\/\/paracherkaoui.ma\/wp-content\/uploads\/2025\/12\/urgo-verrues-mains-et-pieds-traitement-par-cryotherapie-38-ml.jpg","contentUrl":"https:\/\/paracherkaoui.ma\/wp-content\/uploads\/2025\/12\/urgo-verrues-mains-et-pieds-traitement-par-cryotherapie-38-ml.jpg","width":700,"height":700},{"@type":"BreadcrumbList","@id":"https:\/\/paracherkaoui.ma\/index.php\/produit\/urgo-verrues-mains-et-pieds-traitement-par-cryotherapie-38-ml\/#breadcrumb","itemListElement":[{"@type":"ListItem","position":1,"name":"Accueil","item":"https:\/\/paracherkaoui.ma\/"},{"@type":"ListItem","position":2,"name":"Boutique","item":"https:\/\/paracherkaoui.ma\/index.php\/boutique\/"},{"@type":"ListItem","position":3,"name":"URGO VERRUES MAINS ET PIEDS TRAITEMENT PAR CRYOTHERAPIE 38 ML"}]},{"@type":"WebSite","@id":"https:\/\/paracherkaoui.ma\/#website","url":"https:\/\/paracherkaoui.ma\/","name":"Paracherkaoui.ma","description":"Achetez en ligne sur Paracherkaoui.ma","potentialAction":[{"@type":"SearchAction","target":{"@type":"EntryPoint","urlTemplate":"https:\/\/paracherkaoui.ma\/?s={search_term_string}"},"query-input":{"@type":"PropertyValueSpecification","valueRequired":true,"valueName":"search_term_string"}}],"inLanguage":"fr-FR"}]}},"_links":{"self":[{"href":"https:\/\/paracherkaoui.ma\/index.php\/wp-json\/wp\/v2\/product\/33096","targetHints":{"allow":["GET"]}}],"collection":[{"href":"https:\/\/paracherkaoui.ma\/index.php\/wp-json\/wp\/v2\/product"}],"about":[{"href":"https:\/\/paracherkaoui.ma\/index.php\/wp-json\/wp\/v2\/types\/product"}],"replies":[{"embeddable":true,"href":"https:\/\/paracherkaoui.ma\/index.php\/wp-json\/wp\/v2\/comments?post=33096"}],"version-history":[{"count":1,"href":"https:\/\/paracherkaoui.ma\/index.php\/wp-json\/wp\/v2\/product\/33096\/revisions"}],"predecessor-version":[{"id":33146,"href":"https:\/\/paracherkaoui.ma\/index.php\/wp-json\/wp\/v2\/product\/33096\/revisions\/33146"}],"wp:featuredmedia":[{"embeddable":true,"href":"https:\/\/paracherkaoui.ma\/index.php\/wp-json\/wp\/v2\/media\/33145"}],"wp:attachment":[{"href":"https:\/\/paracherkaoui.ma\/index.php\/wp-json\/wp\/v2\/media?parent=33096"}],"wp:term":[{"taxonomy":"product_brand","embeddable":true,"href":"https:\/\/paracherkaoui.ma\/index.php\/wp-json\/wp\/v2\/product_brand?post=33096"},{"taxonomy":"product_cat","embeddable":true,"href":"https:\/\/paracherkaoui.ma\/index.php\/wp-json\/wp\/v2\/product_cat?post=33096"},{"taxonomy":"product_tag","embeddable":true,"href":"https:\/\/paracherkaoui.ma\/index.php\/wp-json\/wp\/v2\/product_tag?post=33096"}],"curies":[{"name":"wp","href":"https:\/\/api.w.org\/{rel}","templated":true}]}}