{"id":33092,"date":"2025-12-12T18:40:28","date_gmt":"2025-12-12T17:40:28","guid":{"rendered":"https:\/\/test.ecbeaute.com\/?post_type=product&#038;p=33092"},"modified":"2025-12-12T18:40:37","modified_gmt":"2025-12-12T17:40:37","slug":"fiderma-onifid-hidrogel-12-ml","status":"publish","type":"product","link":"https:\/\/paracherkaoui.ma\/index.php\/produit\/fiderma-onifid-hidrogel-12-ml\/","title":{"rendered":"FIDERMA ONIFID HIDROGEL 12 ML"},"content":{"rendered":"<p>Le vernis \u00e0 ongles r\u00e9g\u00e9n\u00e9rant Onifid de Fiderma\u00a0est un soin con\u00e7u pour les ongles fragiles et cassants. Il agit comme un soin hydratant r\u00e9g\u00e9n\u00e9rant qui prot\u00e8ge la k\u00e9ratine des ongles contre les agressions ext\u00e9rieures tout en cr\u00e9ant un environnement peu propice \u00e0 la prolif\u00e9ration des infections fongiques et bact\u00e9riennes. En r\u00e9sultat, vos ongles seront hydrat\u00e9s, prot\u00e9g\u00e9s et plus r\u00e9sistants. De plus, la formule de ce vernis \u00e0 ongles est exempte de formald\u00e9hyde, de camphre et de tolu\u00e8ne, des composants potentiellement nocifs pour les ongles.<br \/>\nConseils d\u2019utilisation :<br \/>\nPour utiliser le vernis \u00e0 ongles r\u00e9g\u00e9n\u00e9rant Onifid, suivez ces \u00e9tapes :<br \/>\nAppliquez le produit sur des ongles propres et secs une fois par jour pendant une p\u00e9riode de trois mois.<br \/>\nLaissez s\u00e9cher parfaitement.<br \/>\nEn cas de contact avec les yeux, rincez abondamment.<\/p>\n","protected":false},"excerpt":{"rendered":"<p>Le vernis \u00e0 ongles r\u00e9g\u00e9n\u00e9rant Onifid de Fiderma\u00a0est un soin con\u00e7u pour les ongles fragiles et cassants. Il agit comme<\/p>\n","protected":false},"featured_media":33138,"comment_status":"open","ping_status":"closed","template":"","meta":[],"product_brand":[305],"product_cat":[599],"product_tag":[],"class_list":{"0":"post-33092","1":"product","2":"type-product","3":"status-publish","4":"has-post-thumbnail","6":"product_brand-fiderma","7":"product_cat-soins-mains-et-pieds","9":"first","10":"instock","11":"sale","12":"shipping-taxable","13":"purchasable","14":"product-type-simple"},"yoast_head":"<!-- This site is optimized with the Yoast SEO plugin v26.6 - https:\/\/yoast.com\/wordpress\/plugins\/seo\/ -->\r\n<title>FIDERMA ONIFID HIDROGEL 12 ML - Paracherkaoui.ma<\/title>\r\n<meta name=\"robots\" content=\"index, follow, max-snippet:-1, max-image-preview:large, max-video-preview:-1\" \/>\r\n<link rel=\"canonical\" href=\"https:\/\/paracherkaoui.ma\/index.php\/produit\/fiderma-onifid-hidrogel-12-ml\/\" \/>\r\n<meta property=\"og:locale\" content=\"fr_FR\" \/>\r\n<meta property=\"og:type\" content=\"article\" \/>\r\n<meta property=\"og:title\" content=\"FIDERMA ONIFID HIDROGEL 12 ML - Paracherkaoui.ma\" \/>\r\n<meta property=\"og:description\" content=\"Le vernis \u00e0 ongles r\u00e9g\u00e9n\u00e9rant Onifid de Fiderma\u00a0est un soin con\u00e7u pour les ongles fragiles et cassants. Il agit comme\" \/>\r\n<meta property=\"og:url\" content=\"https:\/\/paracherkaoui.ma\/index.php\/produit\/fiderma-onifid-hidrogel-12-ml\/\" \/>\r\n<meta property=\"og:site_name\" content=\"Paracherkaoui.ma\" \/>\r\n<meta property=\"article:modified_time\" content=\"2025-12-12T17:40:37+00:00\" \/>\r\n<meta property=\"og:image\" content=\"https:\/\/paracherkaoui.ma\/wp-content\/uploads\/2025\/12\/fiderma-fiderma-onifid-hidrogel-12-ml-mains.jpg\" \/>\r\n\t<meta property=\"og:image:width\" content=\"700\" \/>\r\n\t<meta property=\"og:image:height\" content=\"700\" \/>\r\n\t<meta property=\"og:image:type\" content=\"image\/jpeg\" \/>\r\n<meta name=\"twitter:card\" content=\"summary_large_image\" \/>\r\n<meta name=\"twitter:label1\" content=\"Dur\u00e9e de lecture estim\u00e9e\" \/>\n\t<meta name=\"twitter:data1\" content=\"1 minute\" \/>\r\n<script type=\"application\/ld+json\" class=\"yoast-schema-graph\">{\"@context\":\"https:\/\/schema.org\",\"@graph\":[{\"@type\":\"WebPage\",\"@id\":\"https:\/\/paracherkaoui.ma\/index.php\/produit\/fiderma-onifid-hidrogel-12-ml\/\",\"url\":\"https:\/\/paracherkaoui.ma\/index.php\/produit\/fiderma-onifid-hidrogel-12-ml\/\",\"name\":\"FIDERMA ONIFID HIDROGEL 12 ML - Paracherkaoui.ma\",\"isPartOf\":{\"@id\":\"https:\/\/paracherkaoui.ma\/#website\"},\"primaryImageOfPage\":{\"@id\":\"https:\/\/paracherkaoui.ma\/index.php\/produit\/fiderma-onifid-hidrogel-12-ml\/#primaryimage\"},\"image\":{\"@id\":\"https:\/\/paracherkaoui.ma\/index.php\/produit\/fiderma-onifid-hidrogel-12-ml\/#primaryimage\"},\"thumbnailUrl\":\"https:\/\/paracherkaoui.ma\/wp-content\/uploads\/2025\/12\/fiderma-fiderma-onifid-hidrogel-12-ml-mains.jpg\",\"datePublished\":\"2025-12-12T17:40:28+00:00\",\"dateModified\":\"2025-12-12T17:40:37+00:00\",\"breadcrumb\":{\"@id\":\"https:\/\/paracherkaoui.ma\/index.php\/produit\/fiderma-onifid-hidrogel-12-ml\/#breadcrumb\"},\"inLanguage\":\"fr-FR\",\"potentialAction\":[{\"@type\":\"ReadAction\",\"target\":[\"https:\/\/paracherkaoui.ma\/index.php\/produit\/fiderma-onifid-hidrogel-12-ml\/\"]}]},{\"@type\":\"ImageObject\",\"inLanguage\":\"fr-FR\",\"@id\":\"https:\/\/paracherkaoui.ma\/index.php\/produit\/fiderma-onifid-hidrogel-12-ml\/#primaryimage\",\"url\":\"https:\/\/paracherkaoui.ma\/wp-content\/uploads\/2025\/12\/fiderma-fiderma-onifid-hidrogel-12-ml-mains.jpg\",\"contentUrl\":\"https:\/\/paracherkaoui.ma\/wp-content\/uploads\/2025\/12\/fiderma-fiderma-onifid-hidrogel-12-ml-mains.jpg\",\"width\":700,\"height\":700},{\"@type\":\"BreadcrumbList\",\"@id\":\"https:\/\/paracherkaoui.ma\/index.php\/produit\/fiderma-onifid-hidrogel-12-ml\/#breadcrumb\",\"itemListElement\":[{\"@type\":\"ListItem\",\"position\":1,\"name\":\"Accueil\",\"item\":\"https:\/\/paracherkaoui.ma\/\"},{\"@type\":\"ListItem\",\"position\":2,\"name\":\"Boutique\",\"item\":\"https:\/\/paracherkaoui.ma\/index.php\/boutique\/\"},{\"@type\":\"ListItem\",\"position\":3,\"name\":\"FIDERMA ONIFID HIDROGEL 12 ML\"}]},{\"@type\":\"WebSite\",\"@id\":\"https:\/\/paracherkaoui.ma\/#website\",\"url\":\"https:\/\/paracherkaoui.ma\/\",\"name\":\"Paracherkaoui.ma\",\"description\":\"Achetez en ligne sur Paracherkaoui.ma\",\"potentialAction\":[{\"@type\":\"SearchAction\",\"target\":{\"@type\":\"EntryPoint\",\"urlTemplate\":\"https:\/\/paracherkaoui.ma\/?s={search_term_string}\"},\"query-input\":{\"@type\":\"PropertyValueSpecification\",\"valueRequired\":true,\"valueName\":\"search_term_string\"}}],\"inLanguage\":\"fr-FR\"}]}<\/script>\r\n<!-- \/ Yoast SEO plugin. -->","yoast_head_json":{"title":"FIDERMA ONIFID HIDROGEL 12 ML - Paracherkaoui.ma","robots":{"index":"index","follow":"follow","max-snippet":"max-snippet:-1","max-image-preview":"max-image-preview:large","max-video-preview":"max-video-preview:-1"},"canonical":"https:\/\/paracherkaoui.ma\/index.php\/produit\/fiderma-onifid-hidrogel-12-ml\/","og_locale":"fr_FR","og_type":"article","og_title":"FIDERMA ONIFID HIDROGEL 12 ML - Paracherkaoui.ma","og_description":"Le vernis \u00e0 ongles r\u00e9g\u00e9n\u00e9rant Onifid de Fiderma\u00a0est un soin con\u00e7u pour les ongles fragiles et cassants. Il agit comme","og_url":"https:\/\/paracherkaoui.ma\/index.php\/produit\/fiderma-onifid-hidrogel-12-ml\/","og_site_name":"Paracherkaoui.ma","article_modified_time":"2025-12-12T17:40:37+00:00","og_image":[{"width":700,"height":700,"url":"https:\/\/paracherkaoui.ma\/wp-content\/uploads\/2025\/12\/fiderma-fiderma-onifid-hidrogel-12-ml-mains.jpg","type":"image\/jpeg"}],"twitter_card":"summary_large_image","twitter_misc":{"Dur\u00e9e de lecture estim\u00e9e":"1 minute"},"schema":{"@context":"https:\/\/schema.org","@graph":[{"@type":"WebPage","@id":"https:\/\/paracherkaoui.ma\/index.php\/produit\/fiderma-onifid-hidrogel-12-ml\/","url":"https:\/\/paracherkaoui.ma\/index.php\/produit\/fiderma-onifid-hidrogel-12-ml\/","name":"FIDERMA ONIFID HIDROGEL 12 ML - Paracherkaoui.ma","isPartOf":{"@id":"https:\/\/paracherkaoui.ma\/#website"},"primaryImageOfPage":{"@id":"https:\/\/paracherkaoui.ma\/index.php\/produit\/fiderma-onifid-hidrogel-12-ml\/#primaryimage"},"image":{"@id":"https:\/\/paracherkaoui.ma\/index.php\/produit\/fiderma-onifid-hidrogel-12-ml\/#primaryimage"},"thumbnailUrl":"https:\/\/paracherkaoui.ma\/wp-content\/uploads\/2025\/12\/fiderma-fiderma-onifid-hidrogel-12-ml-mains.jpg","datePublished":"2025-12-12T17:40:28+00:00","dateModified":"2025-12-12T17:40:37+00:00","breadcrumb":{"@id":"https:\/\/paracherkaoui.ma\/index.php\/produit\/fiderma-onifid-hidrogel-12-ml\/#breadcrumb"},"inLanguage":"fr-FR","potentialAction":[{"@type":"ReadAction","target":["https:\/\/paracherkaoui.ma\/index.php\/produit\/fiderma-onifid-hidrogel-12-ml\/"]}]},{"@type":"ImageObject","inLanguage":"fr-FR","@id":"https:\/\/paracherkaoui.ma\/index.php\/produit\/fiderma-onifid-hidrogel-12-ml\/#primaryimage","url":"https:\/\/paracherkaoui.ma\/wp-content\/uploads\/2025\/12\/fiderma-fiderma-onifid-hidrogel-12-ml-mains.jpg","contentUrl":"https:\/\/paracherkaoui.ma\/wp-content\/uploads\/2025\/12\/fiderma-fiderma-onifid-hidrogel-12-ml-mains.jpg","width":700,"height":700},{"@type":"BreadcrumbList","@id":"https:\/\/paracherkaoui.ma\/index.php\/produit\/fiderma-onifid-hidrogel-12-ml\/#breadcrumb","itemListElement":[{"@type":"ListItem","position":1,"name":"Accueil","item":"https:\/\/paracherkaoui.ma\/"},{"@type":"ListItem","position":2,"name":"Boutique","item":"https:\/\/paracherkaoui.ma\/index.php\/boutique\/"},{"@type":"ListItem","position":3,"name":"FIDERMA ONIFID HIDROGEL 12 ML"}]},{"@type":"WebSite","@id":"https:\/\/paracherkaoui.ma\/#website","url":"https:\/\/paracherkaoui.ma\/","name":"Paracherkaoui.ma","description":"Achetez en ligne sur Paracherkaoui.ma","potentialAction":[{"@type":"SearchAction","target":{"@type":"EntryPoint","urlTemplate":"https:\/\/paracherkaoui.ma\/?s={search_term_string}"},"query-input":{"@type":"PropertyValueSpecification","valueRequired":true,"valueName":"search_term_string"}}],"inLanguage":"fr-FR"}]}},"_links":{"self":[{"href":"https:\/\/paracherkaoui.ma\/index.php\/wp-json\/wp\/v2\/product\/33092","targetHints":{"allow":["GET"]}}],"collection":[{"href":"https:\/\/paracherkaoui.ma\/index.php\/wp-json\/wp\/v2\/product"}],"about":[{"href":"https:\/\/paracherkaoui.ma\/index.php\/wp-json\/wp\/v2\/types\/product"}],"replies":[{"embeddable":true,"href":"https:\/\/paracherkaoui.ma\/index.php\/wp-json\/wp\/v2\/comments?post=33092"}],"version-history":[{"count":1,"href":"https:\/\/paracherkaoui.ma\/index.php\/wp-json\/wp\/v2\/product\/33092\/revisions"}],"predecessor-version":[{"id":33139,"href":"https:\/\/paracherkaoui.ma\/index.php\/wp-json\/wp\/v2\/product\/33092\/revisions\/33139"}],"wp:featuredmedia":[{"embeddable":true,"href":"https:\/\/paracherkaoui.ma\/index.php\/wp-json\/wp\/v2\/media\/33138"}],"wp:attachment":[{"href":"https:\/\/paracherkaoui.ma\/index.php\/wp-json\/wp\/v2\/media?parent=33092"}],"wp:term":[{"taxonomy":"product_brand","embeddable":true,"href":"https:\/\/paracherkaoui.ma\/index.php\/wp-json\/wp\/v2\/product_brand?post=33092"},{"taxonomy":"product_cat","embeddable":true,"href":"https:\/\/paracherkaoui.ma\/index.php\/wp-json\/wp\/v2\/product_cat?post=33092"},{"taxonomy":"product_tag","embeddable":true,"href":"https:\/\/paracherkaoui.ma\/index.php\/wp-json\/wp\/v2\/product_tag?post=33092"}],"curies":[{"name":"wp","href":"https:\/\/api.w.org\/{rel}","templated":true}]}}